{"id":30058,"date":"2025-01-24T18:43:44","date_gmt":"2025-01-24T15:43:44","guid":{"rendered":"https:\/\/westestetik.com\/?page_id=30058"},"modified":"2025-01-24T18:53:01","modified_gmt":"2025-01-24T15:53:01","slug":"guvenli-odeme-alindi","status":"publish","type":"page","link":"https:\/\/westestetik.com\/fr\/guvenli-odeme-alindi\/","title":{"rendered":"G\u00fcvenli \u00d6deme Al\u0131nd\u0131"},"content":{"rendered":"<div data-elementor-type=\"wp-page\" data-elementor-id=\"30058\" class=\"elementor elementor-30058\" data-elementor-post-type=\"page\">\n\t\t\t\t<div class=\"wd-negative-gap elementor-element elementor-element-0204eab e-flex e-con-boxed e-con e-parent\" data-id=\"0204eab\" data-element_type=\"container\">\n\t\t\t\t\t<div class=\"e-con-inner\">\n\t\t\t\t<div class=\"elementor-element elementor-element-7ec29d2 wd-width-100 elementor-widget elementor-widget-wd_title\" data-id=\"7ec29d2\" data-element_type=\"widget\" data-widget_type=\"wd_title.default\">\n\t\t\t\t<div class=\"elementor-widget-container\">\n\t\t\t\t\t\t\t<div class=\"title-wrapper set-mb-s reset-last-child wd-title-color-default wd-title-style-default wd-title-size-default text-center\">\n\n\t\t\t\t\t\t\t<div class=\"title-subtitle subtitle-color-default subtitle-style-default wd-fontsize-xs\">\n\t\t\t\t\tWest Aesthetics\t\t\t\t<\/div>\n\t\t\t\n\t\t\t<div class=\"liner-continer\">\n\t\t\t\t<h4 class=\"woodmart-title-container title wd-fontsize-l\">G\u00fcvenli \u00d6deme Al\u0131nm\u0131\u015ft\u0131r.<\/h4> \n\t\t\t\t\t\t\t<\/div>\n\n\t\t\t\t\t\t\t<div class=\"title-after_title set-cont-mb-s reset-last-child wd-fontsize-xs\">\n\t\t\t\t\t<p>\u00d6demeniz onayland\u0131, l\u00fctfen bu sayfan\u0131n bir ekran g\u00f6r\u00fcnt\u00fcs\u00fcn\u00fc t\u0131bbi koordinat\u00f6r\u00fcn\u00fcze g\u00f6nderin!<\/p>\t\t\t\t<\/div>\n\t\t\t\t\t<\/div>\n\t\t\t\t\t\t<\/div>\n\t\t\t\t<\/div>\n\t\t\t\t\t<\/div>\n\t\t\t\t<\/div>\n\t\t\t\t<\/div>","protected":false},"excerpt":{"rendered":"<p>West Estetik G\u00fcvenli \u00d6deme Al\u0131nm\u0131\u015ft\u0131r. \u00d6demeniz onayland\u0131, l\u00fctfen bu sayfan\u0131n bir ekran g\u00f6r\u00fcnt\u00fcs\u00fcn\u00fc t\u0131bbi koordinat\u00f6r\u00fcn\u00fcze g\u00f6nderin!<\/p>","protected":false},"author":3,"featured_media":0,"parent":0,"menu_order":0,"comment_status":"closed","ping_status":"closed","template":"","meta":{"footnotes":""},"class_list":["post-30058","page","type-page","status-publish","hentry"],"_links":{"self":[{"href":"https:\/\/westestetik.com\/fr\/wp-json\/wp\/v2\/pages\/30058","targetHints":{"allow":["GET"]}}],"collection":[{"href":"https:\/\/westestetik.com\/fr\/wp-json\/wp\/v2\/pages"}],"about":[{"href":"https:\/\/westestetik.com\/fr\/wp-json\/wp\/v2\/types\/page"}],"author":[{"embeddable":true,"href":"https:\/\/westestetik.com\/fr\/wp-json\/wp\/v2\/users\/3"}],"replies":[{"embeddable":true,"href":"https:\/\/westestetik.com\/fr\/wp-json\/wp\/v2\/comments?post=30058"}],"version-history":[{"count":4,"href":"https:\/\/westestetik.com\/fr\/wp-json\/wp\/v2\/pages\/30058\/revisions"}],"predecessor-version":[{"id":30063,"href":"https:\/\/westestetik.com\/fr\/wp-json\/wp\/v2\/pages\/30058\/revisions\/30063"}],"wp:attachment":[{"href":"https:\/\/westestetik.com\/fr\/wp-json\/wp\/v2\/media?parent=30058"}],"curies":[{"name":"wp","href":"https:\/\/api.w.org\/{rel}","templated":true}]}}