{"id":29833,"date":"2025-01-17T17:29:06","date_gmt":"2025-01-17T14:29:06","guid":{"rendered":"https:\/\/westestetik.com\/?page_id=29833"},"modified":"2025-05-27T02:10:03","modified_gmt":"2025-05-26T23:10:03","slug":"op-dr-kurdal","status":"publish","type":"page","link":"https:\/\/westestetik.com\/fr\/op-dr-kurdal\/","title":{"rendered":"Op.Dr.Kurdal"},"content":{"rendered":"<div data-elementor-type=\"wp-page\" data-elementor-id=\"29833\" class=\"elementor elementor-29833\" data-elementor-post-type=\"page\">\n\t\t\t\t<div class=\"wd-negative-gap elementor-element elementor-element-68c0c9f e-flex e-con-boxed e-con e-parent\" data-id=\"68c0c9f\" data-element_type=\"container\">\n\t\t\t\t\t<div class=\"e-con-inner\">\n\t\t\t\t<div class=\"elementor-element elementor-element-4b11f66b e-n-tabs-mobile elementor-widget elementor-widget-n-tabs\" data-id=\"4b11f66b\" data-element_type=\"widget\" data-settings=\"{&quot;horizontal_scroll&quot;:&quot;disable&quot;}\" data-widget_type=\"nested-tabs.default\">\n\t\t\t\t<div class=\"elementor-widget-container\">\n\t\t\t\t\t\t\t<div class=\"e-n-tabs\" data-widget-number=\"1259468395\" aria-label=\"Sekmeler. Enter ve Space ile \u00f6geleri a\u00e7abilir, Escape ile \u00f6geleri kapatabilir ve Y\u00f6n tu\u015flar\u0131 ile \u00f6geler aras\u0131nda gezinebilirsiniz.\">\n\t\t\t<div class=\"e-n-tabs-heading\" role=\"tablist\">\n\t\t\t\t\t<button id=\"e-n-tab-title-12594683951\" class=\"e-n-tab-title\" aria-selected=\"true\" data-tab-index=\"1\" role=\"tab\" tabindex=\"0\" aria-controls=\"e-n-tab-content-12594683951\" style=\"--n-tabs-title-order: 1;\">\n\t\t\t\t\t\t<span class=\"e-n-tab-title-text\">\n\t\t\t\tE\u011fitim\t\t\t<\/span>\n\t\t<\/button>\n\t\t\t\t<button id=\"e-n-tab-title-12594683952\" class=\"e-n-tab-title\" aria-selected=\"false\" data-tab-index=\"2\" role=\"tab\" tabindex=\"-1\" aria-controls=\"e-n-tab-content-12594683952\" style=\"--n-tabs-title-order: 2;\">\n\t\t\t\t\t\t<span class=\"e-n-tab-title-text\">\n\t\t\t\t\u00c7al\u0131\u015ft\u0131\u011f\u0131 Kurumlar\t\t\t<\/span>\n\t\t<\/button>\n\t\t\t\t<button id=\"e-n-tab-title-12594683953\" class=\"e-n-tab-title\" aria-selected=\"false\" data-tab-index=\"3\" role=\"tab\" tabindex=\"-1\" aria-controls=\"e-n-tab-content-12594683953\" style=\"--n-tabs-title-order: 3;\">\n\t\t\t\t\t\t<span class=\"e-n-tab-title-text\">\n\t\t\t\tT\u0131bbi Alanlar\t\t\t<\/span>\n\t\t<\/button>\n\t\t\t\t<button id=\"e-n-tab-title-12594683954\" class=\"e-n-tab-title\" aria-selected=\"false\" data-tab-index=\"4\" role=\"tab\" tabindex=\"-1\" aria-controls=\"e-n-tab-content-12594683954\" style=\"--n-tabs-title-order: 4;\">\n\t\t\t\t\t\t<span class=\"e-n-tab-title-text\">\n\t\t\t\tG\u00f6revler\/\u00dcyelikler\t\t\t<\/span>\n\t\t<\/button>\n\t\t\t\t\t<\/div>\n\t\t\t<div class=\"e-n-tabs-content\">\n\t\t\t\t<div id=\"e-n-tab-content-12594683951\" role=\"tabpanel\" aria-labelledby=\"e-n-tab-title-12594683951\" data-tab-index=\"1\" style=\"--n-tabs-title-order: 1;\" class=\"e-active elementor-element elementor-element-13ce1478 e-con-full e-flex e-con e-child\" data-id=\"13ce1478\" data-element_type=\"container\">\n\t\t<div class=\"wd-negative-gap elementor-element elementor-element-2890207e e-flex e-con-boxed e-con e-child\" data-id=\"2890207e\" data-element_type=\"container\">\n\t\t\t\t\t<div class=\"e-con-inner\">\n\t\t\t\t<div class=\"elementor-element elementor-element-65f4f6b1 color-scheme-inherit text-left elementor-widget elementor-widget-text-editor\" data-id=\"65f4f6b1\" data-element_type=\"widget\" data-widget_type=\"text-editor.default\">\n\t\t\t\t<div class=\"elementor-widget-container\">\n\t\t\t\t\t\t\t\t\t<ul>\n<li>\n<p class=\"p1\"><span class=\"s1\"><b>2010:<\/b><\/span> Konya Meram T\u0131p Fak\u00fcltesi, T\u0131p Doktoru<\/p>\n<\/li>\n<li>\n<p class=\"p1\"><span class=\"s1\"><b>2013 \u2013 2018:<\/b><\/span> Sa\u011fl\u0131k Bilimleri \u00dcniversitesi \u0130stanbul Sultan Abd\u00fclhamid Han E\u011fitim ve Ara\u015ft\u0131rma Hastanesi (Haydarpa\u015fa GATA), Plastik Rekonstr\u00fcktif ve Estetik Cerrahi Uzmanl\u0131\u011f\u0131<\/p>\n<\/li>\n<li>\n<p class=\"p1\">Uzmanl\u0131k Tezi: Deney hayvanlar\u0131nda mikrocerrahi ile yeni sinir onar\u0131m teknikleri<\/p>\n<\/li>\n<\/ul>\t\t\t\t\t\t\t\t<\/div>\n\t\t\t\t<\/div>\n\t\t\t\t\t<\/div>\n\t\t\t\t<\/div>\n\t\t\t\t<\/div>\n\t\t<div id=\"e-n-tab-content-12594683952\" role=\"tabpanel\" aria-labelledby=\"e-n-tab-title-12594683952\" data-tab-index=\"2\" style=\"--n-tabs-title-order: 2;\" class=\"elementor-element elementor-element-22e4c225 e-con-full e-flex e-con e-child\" data-id=\"22e4c225\" data-element_type=\"container\">\n\t\t<div class=\"wd-negative-gap elementor-element elementor-element-4bb7971c e-flex e-con-boxed e-con e-child\" data-id=\"4bb7971c\" data-element_type=\"container\">\n\t\t\t\t\t<div class=\"e-con-inner\">\n\t\t\t\t<div class=\"elementor-element elementor-element-5594fa00 color-scheme-inherit text-left elementor-widget elementor-widget-text-editor\" data-id=\"5594fa00\" data-element_type=\"widget\" data-widget_type=\"text-editor.default\">\n\t\t\t\t<div class=\"elementor-widget-container\">\n\t\t\t\t\t\t\t\t\t<ul>\n<li>\n<p class=\"p1\"><span class=\"s1\">West Aesthetics<\/span><\/p>\n<\/li>\n<li>\n<p class=\"p1\">K\u0131rklareli Devlet Hastanesi (Yakla\u015f\u0131k 3 y\u0131l)<\/p>\n<\/li>\n<li>\n<p class=\"p1\">Yalova (Mecburi Hizmet)<\/p>\n<\/li>\n<\/ul>\t\t\t\t\t\t\t\t<\/div>\n\t\t\t\t<\/div>\n\t\t\t\t\t<\/div>\n\t\t\t\t<\/div>\n\t\t\t\t<\/div>\n\t\t<div id=\"e-n-tab-content-12594683953\" role=\"tabpanel\" aria-labelledby=\"e-n-tab-title-12594683953\" data-tab-index=\"3\" style=\"--n-tabs-title-order: 3;\" class=\"elementor-element elementor-element-342dfb69 e-con-full e-flex e-con e-child\" data-id=\"342dfb69\" data-element_type=\"container\">\n\t\t<div class=\"wd-negative-gap elementor-element elementor-element-6280ee16 e-flex e-con-boxed e-con e-child\" data-id=\"6280ee16\" data-element_type=\"container\">\n\t\t\t\t\t<div class=\"e-con-inner\">\n\t\t\t\t<div class=\"elementor-element elementor-element-2742d2eb color-scheme-inherit text-left elementor-widget elementor-widget-text-editor\" data-id=\"2742d2eb\" data-element_type=\"widget\" data-widget_type=\"text-editor.default\">\n\t\t\t\t<div class=\"elementor-widget-container\">\n\t\t\t\t\t\t\t\t\t<ul>\n<li>\n<p class=\"p1\">Burun Esteti\u011fi (Rinoplasti)<\/p>\n<\/li>\n<li>\n<p class=\"p1\">Post Bariatrik Cerrahi<\/p>\n<\/li>\n<li>\n<p class=\"p1\">liposuccion vaser<\/p>\n<\/li>\n<li>\n<p class=\"p1\">Esth\u00e9tique Mammaire<\/p>\n<\/li>\n<li>\n<p class=\"p1\">Esth\u00e9tique Faciale<\/p>\n<\/li>\n<li>\n<p class=\"p1\">Mikrocerrahi ve Rekonstr\u00fcktif Cerrahi<\/p>\n<\/li>\n<\/ul>\t\t\t\t\t\t\t\t<\/div>\n\t\t\t\t<\/div>\n\t\t\t\t\t<\/div>\n\t\t\t\t<\/div>\n\t\t\t\t<\/div>\n\t\t<div class=\"wd-negative-gap  elementor-element elementor-element-77db5e50 e-flex e-con-boxed e-con e-child\" id=\"e-n-tab-content-12594683954\" role=\"tabpanel\" aria-labelledby=\"e-n-tab-title-12594683954\" data-tab-index=\"4\" style=\"--n-tabs-title-order: 4;\" data-id=\"77db5e50\" data-element_type=\"container\">\n\t\t\t\t\t<div class=\"e-con-inner\">\n\t\t<div class=\"elementor-element elementor-element-150876a8 e-con-full e-flex e-con e-child\" data-id=\"150876a8\" data-element_type=\"container\">\n\t\t\t\t<div class=\"elementor-element elementor-element-208a7aa6 color-scheme-inherit text-left elementor-widget elementor-widget-text-editor\" data-id=\"208a7aa6\" data-element_type=\"widget\" data-widget_type=\"text-editor.default\">\n\t\t\t\t<div class=\"elementor-widget-container\">\n\t\t\t\t\t\t\t\t\t<ul>\n<li>\n<p class=\"p1\">T\u00fcrk Estetik Plastik Cerrahi Derne\u011fi (EPCD)<\/p>\n<\/li>\n<li>\n<p class=\"p1\">T\u00fcrk Plastik, Rekonstr\u00fcktif ve Estetik Cerrahi Derne\u011fi (TPRECD)<\/p>\n<\/li>\n<li>\n<p class=\"p1\">Acil El Cerrahisi ve Mikrocerrahi Derne\u011fi (ACELEMDER)<\/p>\n<\/li>\n<li>\n<p class=\"p1\">Rekonstr\u00fcktif Mikrocerrahi Derne\u011fi (RMCD)<\/p>\n<\/li>\n<li>\n<p class=\"p1\">T\u00fcrk Tabipleri Birli\u011fi (TTB)<\/p>\n<\/li>\n<\/ul>\t\t\t\t\t\t\t\t<\/div>\n\t\t\t\t<\/div>\n\t\t\t\t<\/div>\n\t\t\t\t\t<\/div>\n\t\t\t\t<\/div>\n\t\t\t\t\t<\/div>\n\t\t<\/div>\n\t\t\t\t\t\t<\/div>\n\t\t\t\t<\/div>\n\t\t\t\t\t<\/div>\n\t\t\t\t<\/div>\n\t\t\t\t<\/div>","protected":false},"excerpt":{"rendered":"<p>E\u011fitim \u00c7al\u0131\u015ft\u0131\u011f\u0131 Kurumlar T\u0131bbi Alanlar G\u00f6revler\/\u00dcyelikler 2010: Konya Meram T\u0131p Fak\u00fcltesi, T\u0131p Doktoru 2013 \u2013 2018: Sa\u011fl\u0131k Bilimleri \u00dcniversitesi \u0130stanbul<\/p>","protected":false},"author":3,"featured_media":0,"parent":0,"menu_order":0,"comment_status":"closed","ping_status":"closed","template":"","meta":{"footnotes":""},"class_list":["post-29833","page","type-page","status-publish","hentry"],"_links":{"self":[{"href":"https:\/\/westestetik.com\/fr\/wp-json\/wp\/v2\/pages\/29833","targetHints":{"allow":["GET"]}}],"collection":[{"href":"https:\/\/westestetik.com\/fr\/wp-json\/wp\/v2\/pages"}],"about":[{"href":"https:\/\/westestetik.com\/fr\/wp-json\/wp\/v2\/types\/page"}],"author":[{"embeddable":true,"href":"https:\/\/westestetik.com\/fr\/wp-json\/wp\/v2\/users\/3"}],"replies":[{"embeddable":true,"href":"https:\/\/westestetik.com\/fr\/wp-json\/wp\/v2\/comments?post=29833"}],"version-history":[{"count":5,"href":"https:\/\/westestetik.com\/fr\/wp-json\/wp\/v2\/pages\/29833\/revisions"}],"predecessor-version":[{"id":31516,"href":"https:\/\/westestetik.com\/fr\/wp-json\/wp\/v2\/pages\/29833\/revisions\/31516"}],"wp:attachment":[{"href":"https:\/\/westestetik.com\/fr\/wp-json\/wp\/v2\/media?parent=29833"}],"curies":[{"name":"wp","href":"https:\/\/api.w.org\/{rel}","templated":true}]}}