{"id":29826,"date":"2025-01-17T17:27:43","date_gmt":"2025-01-17T14:27:43","guid":{"rendered":"https:\/\/westestetik.com\/?page_id=29826"},"modified":"2025-05-26T23:17:13","modified_gmt":"2025-05-26T20:17:13","slug":"dr-yusuf","status":"publish","type":"page","link":"https:\/\/westestetik.com\/fr\/dr-yusuf\/","title":{"rendered":"Dr.Yusuf"},"content":{"rendered":"<div data-elementor-type=\"wp-page\" data-elementor-id=\"29826\" class=\"elementor elementor-29826\" data-elementor-post-type=\"page\">\n\t\t\t\t<div class=\"wd-negative-gap elementor-element elementor-element-4171cdc1 e-flex e-con-boxed e-con e-parent\" data-id=\"4171cdc1\" data-element_type=\"container\">\n\t\t\t\t\t<div class=\"e-con-inner\">\n\t\t\t\t<div class=\"elementor-element elementor-element-400cdef4 e-n-tabs-mobile elementor-widget elementor-widget-n-tabs\" data-id=\"400cdef4\" data-element_type=\"widget\" data-settings=\"{&quot;horizontal_scroll&quot;:&quot;disable&quot;}\" data-widget_type=\"nested-tabs.default\">\n\t\t\t\t<div class=\"elementor-widget-container\">\n\t\t\t\t\t\t\t<div class=\"e-n-tabs\" data-widget-number=\"1074585332\" aria-label=\"Sekmeler. Enter ve Space ile \u00f6geleri a\u00e7abilir, Escape ile \u00f6geleri kapatabilir ve Y\u00f6n tu\u015flar\u0131 ile \u00f6geler aras\u0131nda gezinebilirsiniz.\">\n\t\t\t<div class=\"e-n-tabs-heading\" role=\"tablist\">\n\t\t\t\t\t<button id=\"e-n-tab-title-10745853321\" class=\"e-n-tab-title\" aria-selected=\"true\" data-tab-index=\"1\" role=\"tab\" tabindex=\"0\" aria-controls=\"e-n-tab-content-10745853321\" style=\"--n-tabs-title-order: 1;\">\n\t\t\t\t\t\t<span class=\"e-n-tab-title-text\">\n\t\t\t\tE\u011fitim\t\t\t<\/span>\n\t\t<\/button>\n\t\t\t\t<button id=\"e-n-tab-title-10745853322\" class=\"e-n-tab-title\" aria-selected=\"false\" data-tab-index=\"2\" role=\"tab\" tabindex=\"-1\" aria-controls=\"e-n-tab-content-10745853322\" style=\"--n-tabs-title-order: 2;\">\n\t\t\t\t\t\t<span class=\"e-n-tab-title-text\">\n\t\t\t\t\u00c7al\u0131\u015ft\u0131\u011f\u0131 Kurumlar\t\t\t<\/span>\n\t\t<\/button>\n\t\t\t\t<button id=\"e-n-tab-title-10745853323\" class=\"e-n-tab-title\" aria-selected=\"false\" data-tab-index=\"3\" role=\"tab\" tabindex=\"-1\" aria-controls=\"e-n-tab-content-10745853323\" style=\"--n-tabs-title-order: 3;\">\n\t\t\t\t\t\t<span class=\"e-n-tab-title-text\">\n\t\t\t\tT\u0131bbi Alanlar\t\t\t<\/span>\n\t\t<\/button>\n\t\t\t\t<button id=\"e-n-tab-title-10745853324\" class=\"e-n-tab-title\" aria-selected=\"false\" data-tab-index=\"4\" role=\"tab\" tabindex=\"-1\" aria-controls=\"e-n-tab-content-10745853324\" style=\"--n-tabs-title-order: 4;\">\n\t\t\t\t\t\t<span class=\"e-n-tab-title-text\">\n\t\t\t\tG\u00f6revler\/\u00dcyelikler\t\t\t<\/span>\n\t\t<\/button>\n\t\t\t\t\t<\/div>\n\t\t\t<div class=\"e-n-tabs-content\">\n\t\t\t\t<div id=\"e-n-tab-content-10745853321\" role=\"tabpanel\" aria-labelledby=\"e-n-tab-title-10745853321\" data-tab-index=\"1\" style=\"--n-tabs-title-order: 1;\" class=\"e-active elementor-element elementor-element-48be1bb4 e-con-full e-flex e-con e-child\" data-id=\"48be1bb4\" data-element_type=\"container\">\n\t\t<div class=\"wd-negative-gap elementor-element elementor-element-7ac0470c e-flex e-con-boxed e-con e-child\" data-id=\"7ac0470c\" data-element_type=\"container\">\n\t\t\t\t\t<div class=\"e-con-inner\">\n\t\t\t\t<div class=\"elementor-element elementor-element-777f3875 color-scheme-inherit text-left elementor-widget elementor-widget-text-editor\" data-id=\"777f3875\" data-element_type=\"widget\" data-widget_type=\"text-editor.default\">\n\t\t\t\t<div class=\"elementor-widget-container\">\n\t\t\t\t\t\t\t\t\t<ul>\n<li>\n<p class=\"p1\"><span class=\"s1\"><b>2007 \u2013 2014:<\/b><\/span> \u0130stanbul Yeditepe \u00dcniversitesi Di\u015f Hekimli\u011fi Fak\u00fcltesi, Y\u00fcksek Lisans<\/p>\n<\/li>\n<li>\n<p class=\"p1\"><span class=\"s1\"><b>2014 \u2013 2019:<\/b><\/span> \u0130stanbul Bezmialem \u00dcniversitesi Di\u015f Hekimli\u011fi Fak\u00fcltesi, A\u011f\u0131z, Di\u015f ve \u00c7ene Cerrahisi Doktora Program\u0131<br \/><br \/><\/p>\n<h3><b>Doktora Tezi<\/b><\/h3>\n<ul>\n<li>\n<p class=\"p1\">\u201cTravmatik Y\u00fcz Siniri Hasar\u0131 Modelinde Ozon Tedavisi ve D\u00fc\u015f\u00fck Seviyeli Lazer Tedavisinin Etkinli\u011finin Kar\u015f\u0131la\u015ft\u0131r\u0131lmas\u0131\u201d<\/p>\n<\/li>\n<li>\n<p class=\"p1\">Bu \u00e7al\u0131\u015fma, 2019 y\u0131l\u0131nda San Francisco\u2019da d\u00fczenlenen D\u00fcnya Di\u015f Hekimli\u011fi Kongresi (FDI) kapsam\u0131nda <span class=\"s1\"><b>En \u0130yi Ara\u015ft\u0131rma \u00d6d\u00fcl\u00fc<\/b><\/span> ile onurland\u0131r\u0131lm\u0131\u015ft\u0131r.<\/p>\n<\/li>\n<\/ul>\n<\/li>\n<\/ul>\t\t\t\t\t\t\t\t<\/div>\n\t\t\t\t<\/div>\n\t\t\t\t\t<\/div>\n\t\t\t\t<\/div>\n\t\t\t\t<\/div>\n\t\t<div id=\"e-n-tab-content-10745853322\" role=\"tabpanel\" aria-labelledby=\"e-n-tab-title-10745853322\" data-tab-index=\"2\" style=\"--n-tabs-title-order: 2;\" class=\"elementor-element elementor-element-3f088e61 e-con-full e-flex e-con e-child\" data-id=\"3f088e61\" data-element_type=\"container\">\n\t\t<div class=\"wd-negative-gap elementor-element elementor-element-636ae280 e-flex e-con-boxed e-con e-child\" data-id=\"636ae280\" data-element_type=\"container\">\n\t\t\t\t\t<div class=\"e-con-inner\">\n\t\t\t\t<div class=\"elementor-element elementor-element-4495f191 color-scheme-inherit text-left elementor-widget elementor-widget-text-editor\" data-id=\"4495f191\" data-element_type=\"widget\" data-widget_type=\"text-editor.default\">\n\t\t\t\t<div class=\"elementor-widget-container\">\n\t\t\t\t\t\t\t\t\t<ul>\n<li>\n<p class=\"p1\">Profesyonel ya\u015fam\u0131 boyunca bir\u00e7ok kongre, sempozyum, e\u011fitim ve seminere kat\u0131l\u0131m g\u00f6stermi\u015ftir.<\/p>\n<\/li>\n<li>\n<p class=\"p1\">Cerrahi operasyonlar, implantoloji, estetik di\u015f hekimli\u011fi ve lamina tedavileri alanlar\u0131nda \u00e7al\u0131\u015fmalar yapmaktad\u0131r.<\/p>\n<\/li>\n<\/ul>\t\t\t\t\t\t\t\t<\/div>\n\t\t\t\t<\/div>\n\t\t\t\t\t<\/div>\n\t\t\t\t<\/div>\n\t\t\t\t<\/div>\n\t\t<div id=\"e-n-tab-content-10745853323\" role=\"tabpanel\" aria-labelledby=\"e-n-tab-title-10745853323\" data-tab-index=\"3\" style=\"--n-tabs-title-order: 3;\" class=\"elementor-element elementor-element-2bc9d893 e-con-full e-flex e-con e-child\" data-id=\"2bc9d893\" data-element_type=\"container\">\n\t\t<div class=\"wd-negative-gap elementor-element elementor-element-58a10870 e-flex e-con-boxed e-con e-child\" data-id=\"58a10870\" data-element_type=\"container\">\n\t\t\t\t\t<div class=\"e-con-inner\">\n\t\t\t\t<div class=\"elementor-element elementor-element-16b636a6 color-scheme-inherit text-left elementor-widget elementor-widget-text-editor\" data-id=\"16b636a6\" data-element_type=\"widget\" data-widget_type=\"text-editor.default\">\n\t\t\t\t<div class=\"elementor-widget-container\">\n\t\t\t\t\t\t\t\t\t<ul>\n<li>\n<p class=\"p1\">A\u011f\u0131z, Di\u015f ve \u00c7ene Cerrahisi<\/p>\n<\/li>\n<li>\n<p class=\"p1\">\u0130mplantoloji<\/p>\n<\/li>\n<li>\n<p class=\"p1\">Estetik Di\u015f Hekimli\u011fi<\/p>\n<\/li>\n<li>\n<p class=\"p1\">Lamina ve Restoratif Tedaviler<\/p>\n<\/li>\n<li>\n<p class=\"p1\">Travmatik Y\u00fcz Siniri Hasar\u0131 Tedavileri<\/p>\n<\/li>\n<li>\n<p class=\"p1\">Cerrahi Operasyonlar<\/p>\n<\/li>\n<\/ul>\t\t\t\t\t\t\t\t<\/div>\n\t\t\t\t<\/div>\n\t\t\t\t\t<\/div>\n\t\t\t\t<\/div>\n\t\t\t\t<\/div>\n\t\t<div class=\"wd-negative-gap  elementor-element elementor-element-126bc4ff e-flex e-con-boxed e-con e-child\" id=\"e-n-tab-content-10745853324\" role=\"tabpanel\" aria-labelledby=\"e-n-tab-title-10745853324\" data-tab-index=\"4\" style=\"--n-tabs-title-order: 4;\" data-id=\"126bc4ff\" data-element_type=\"container\">\n\t\t\t\t\t<div class=\"e-con-inner\">\n\t\t<div class=\"elementor-element elementor-element-2c760222 e-con-full e-flex e-con e-child\" data-id=\"2c760222\" data-element_type=\"container\">\n\t\t\t\t<div class=\"elementor-element elementor-element-4df4a8da color-scheme-inherit text-left elementor-widget elementor-widget-text-editor\" data-id=\"4df4a8da\" data-element_type=\"widget\" data-widget_type=\"text-editor.default\">\n\t\t\t\t<div class=\"elementor-widget-container\">\n\t\t\t\t\t\t\t\t\t<h3>\u00a0<\/h3>\n<ul>\n<li>\n<p class=\"p1\">T\u00fcrk A\u011f\u0131z, Di\u015f ve \u00c7ene Cerrahisi Derne\u011fi (TAOMS)<\/p>\n<\/li>\n<li>\n<p class=\"p1\">A\u011f\u0131z ve \u00c7ene Cerrahisi Dernekleri Birli\u011fi (ACBID)<\/p>\n<\/li>\n<\/ul>\t\t\t\t\t\t\t\t<\/div>\n\t\t\t\t<\/div>\n\t\t\t\t<\/div>\n\t\t\t\t\t<\/div>\n\t\t\t\t<\/div>\n\t\t\t\t\t<\/div>\n\t\t<\/div>\n\t\t\t\t\t\t<\/div>\n\t\t\t\t<\/div>\n\t\t\t\t\t<\/div>\n\t\t\t\t<\/div>\n\t\t\t\t<\/div>","protected":false},"excerpt":{"rendered":"<p>E\u011fitim \u00c7al\u0131\u015ft\u0131\u011f\u0131 Kurumlar T\u0131bbi Alanlar G\u00f6revler\/\u00dcyelikler 2007 \u2013 2014: \u0130stanbul Yeditepe \u00dcniversitesi Di\u015f Hekimli\u011fi Fak\u00fcltesi, Y\u00fcksek Lisans 2014 \u2013 2019:<\/p>","protected":false},"author":3,"featured_media":0,"parent":0,"menu_order":0,"comment_status":"closed","ping_status":"closed","template":"","meta":{"footnotes":""},"class_list":["post-29826","page","type-page","status-publish","hentry"],"_links":{"self":[{"href":"https:\/\/westestetik.com\/fr\/wp-json\/wp\/v2\/pages\/29826","targetHints":{"allow":["GET"]}}],"collection":[{"href":"https:\/\/westestetik.com\/fr\/wp-json\/wp\/v2\/pages"}],"about":[{"href":"https:\/\/westestetik.com\/fr\/wp-json\/wp\/v2\/types\/page"}],"author":[{"embeddable":true,"href":"https:\/\/westestetik.com\/fr\/wp-json\/wp\/v2\/users\/3"}],"replies":[{"embeddable":true,"href":"https:\/\/westestetik.com\/fr\/wp-json\/wp\/v2\/comments?post=29826"}],"version-history":[{"count":8,"href":"https:\/\/westestetik.com\/fr\/wp-json\/wp\/v2\/pages\/29826\/revisions"}],"predecessor-version":[{"id":31512,"href":"https:\/\/westestetik.com\/fr\/wp-json\/wp\/v2\/pages\/29826\/revisions\/31512"}],"wp:attachment":[{"href":"https:\/\/westestetik.com\/fr\/wp-json\/wp\/v2\/media?parent=29826"}],"curies":[{"name":"wp","href":"https:\/\/api.w.org\/{rel}","templated":true}]}}