{"id":29795,"date":"2025-01-17T17:16:47","date_gmt":"2025-01-17T14:16:47","guid":{"rendered":"https:\/\/westestetik.com\/?page_id=29795"},"modified":"2025-05-26T15:42:35","modified_gmt":"2025-05-26T12:42:35","slug":"doc-dr-mehmet-yilmaz","status":"publish","type":"page","link":"https:\/\/westestetik.com\/fr\/doc-dr-mehmet-yilmaz\/","title":{"rendered":"Do\u00e7.Dr.Mehmet Y\u0131lmaz"},"content":{"rendered":"<div data-elementor-type=\"wp-page\" data-elementor-id=\"29795\" class=\"elementor elementor-29795\" data-elementor-post-type=\"page\">\n\t\t\t\t<div class=\"wd-negative-gap elementor-element elementor-element-4267662e e-flex e-con-boxed e-con e-parent\" data-id=\"4267662e\" data-element_type=\"container\">\n\t\t\t\t\t<div class=\"e-con-inner\">\n\t\t\t\t<div class=\"elementor-element elementor-element-6c1ced7a e-n-tabs-mobile elementor-widget elementor-widget-n-tabs\" data-id=\"6c1ced7a\" data-element_type=\"widget\" data-settings=\"{&quot;horizontal_scroll&quot;:&quot;disable&quot;}\" data-widget_type=\"nested-tabs.default\">\n\t\t\t\t<div class=\"elementor-widget-container\">\n\t\t\t\t\t\t\t<div class=\"e-n-tabs\" data-widget-number=\"1813835130\" aria-label=\"Pesta\u00f1as. Abre elementos con Intro o Espacio, ci\u00e9rralos con Escape y navega con las fechas.\" data-no-translation-aria-label=\"\">\n\t\t\t<div class=\"e-n-tabs-heading\" role=\"tablist\">\n\t\t\t\t\t<button id=\"e-n-tab-title-18138351301\" class=\"e-n-tab-title\" aria-selected=\"true\" data-tab-index=\"1\" role=\"tab\" tabindex=\"0\" aria-controls=\"e-n-tab-content-18138351301\" style=\"--n-tabs-title-order: 1;\">\n\t\t\t\t\t\t<span class=\"e-n-tab-title-text\">\n\t\t\t\tE\u011fitim\t\t\t<\/span>\n\t\t<\/button>\n\t\t\t\t<button id=\"e-n-tab-title-18138351302\" class=\"e-n-tab-title\" aria-selected=\"false\" data-tab-index=\"2\" role=\"tab\" tabindex=\"-1\" aria-controls=\"e-n-tab-content-18138351302\" style=\"--n-tabs-title-order: 2;\">\n\t\t\t\t\t\t<span class=\"e-n-tab-title-text\">\n\t\t\t\t\u00c7al\u0131\u015ft\u0131\u011f\u0131 Kurumlar\t\t\t<\/span>\n\t\t<\/button>\n\t\t\t\t<button id=\"e-n-tab-title-18138351303\" class=\"e-n-tab-title\" aria-selected=\"false\" data-tab-index=\"3\" role=\"tab\" tabindex=\"-1\" aria-controls=\"e-n-tab-content-18138351303\" style=\"--n-tabs-title-order: 3;\">\n\t\t\t\t\t\t<span class=\"e-n-tab-title-text\">\n\t\t\t\tT\u0131bbi Alanlar\t\t\t<\/span>\n\t\t<\/button>\n\t\t\t\t<button id=\"e-n-tab-title-18138351304\" class=\"e-n-tab-title\" aria-selected=\"false\" data-tab-index=\"4\" role=\"tab\" tabindex=\"-1\" aria-controls=\"e-n-tab-content-18138351304\" style=\"--n-tabs-title-order: 4;\">\n\t\t\t\t\t\t<span class=\"e-n-tab-title-text\">\n\t\t\t\tG\u00f6revler\/\u00dcyelikler\t\t\t<\/span>\n\t\t<\/button>\n\t\t\t\t\t<\/div>\n\t\t\t<div class=\"e-n-tabs-content\">\n\t\t\t\t<div id=\"e-n-tab-content-18138351301\" role=\"tabpanel\" aria-labelledby=\"e-n-tab-title-18138351301\" data-tab-index=\"1\" style=\"--n-tabs-title-order: 1;\" class=\"e-active elementor-element elementor-element-4f48d17b e-con-full e-flex e-con e-child\" data-id=\"4f48d17b\" data-element_type=\"container\">\n\t\t<div class=\"wd-negative-gap elementor-element elementor-element-551828cd e-flex e-con-boxed e-con e-child\" data-id=\"551828cd\" data-element_type=\"container\">\n\t\t\t\t\t<div class=\"e-con-inner\">\n\t\t\t\t<div class=\"elementor-element elementor-element-6a5add03 color-scheme-inherit text-left elementor-widget elementor-widget-text-editor\" data-id=\"6a5add03\" data-element_type=\"widget\" data-widget_type=\"text-editor.default\">\n\t\t\t\t<div class=\"elementor-widget-container\">\n\t\t\t\t\t\t\t\t\t<ul>\n<li>\n<p class=\"p1\"><span class=\"s1\"><b>1999 \u2013 2006:<\/b><\/span> Ege \u00dcniversitesi T\u0131p Fak\u00fcltesi, T\u0131p Doktoru<\/p>\n<\/li>\n<li>\n<p class=\"p1\"><span class=\"s1\"><b>2007 \u2013 2012:<\/b><\/span> Eski\u015fehir Osmangazi \u00dcniversitesi T\u0131p Fak\u00fcltesi, \u00dcroloji Uzmanl\u0131\u011f\u0131<\/p>\n<\/li>\n<\/ul>\t\t\t\t\t\t\t\t<\/div>\n\t\t\t\t<\/div>\n\t\t\t\t\t<\/div>\n\t\t\t\t<\/div>\n\t\t\t\t<\/div>\n\t\t<div id=\"e-n-tab-content-18138351302\" role=\"tabpanel\" aria-labelledby=\"e-n-tab-title-18138351302\" data-tab-index=\"2\" style=\"--n-tabs-title-order: 2;\" class=\"elementor-element elementor-element-3c21a6b e-con-full e-flex e-con e-child\" data-id=\"3c21a6b\" data-element_type=\"container\">\n\t\t<div class=\"wd-negative-gap elementor-element elementor-element-4512fbd6 e-flex e-con-boxed e-con e-child\" data-id=\"4512fbd6\" data-element_type=\"container\">\n\t\t\t\t\t<div class=\"e-con-inner\">\n\t\t\t\t<div class=\"elementor-element elementor-element-6c8d98e9 color-scheme-inherit text-left elementor-widget elementor-widget-text-editor\" data-id=\"6c8d98e9\" data-element_type=\"widget\" data-widget_type=\"text-editor.default\">\n\t\t\t\t<div class=\"elementor-widget-container\">\n\t\t\t\t\t\t\t\t\t<ul>\n<li>\n<p class=\"p1\"><b>2025 \u2013 G\u00fcn\u00fcm\u00fcz:<\/b><span class=\"s1\"> West Aesthetics<\/span><\/p>\n<\/li>\n<li>\n<p class=\"p1\"><span class=\"s1\"><b>2024 \u2013 2025:<\/b><\/span> Atlas \u00dcniversitesi Hastanesi, \u00dcroloji Klini\u011fi<\/p>\n<\/li>\n<li>\n<p class=\"p1\"><span class=\"s1\"><b>2016 \u2013 2024:<\/b><\/span> Sa\u011fl\u0131k Bilimleri \u00dcniversitesi Ba\u011fc\u0131lar E\u011fitim ve Ara\u015ft\u0131rma Hastanesi<\/p>\n<\/li>\n<li>\n<p class=\"p1\"><span class=\"s1\"><b>2015 \u2013 2016:<\/b><\/span> Ka\u011f\u0131thane Devlet Hastanesi<\/p>\n<\/li>\n<li>\n<p class=\"p1\"><span class=\"s1\"><b>2013 \u2013 2015:<\/b><\/span> \u015e\u0131rnak Devlet Hastanesi<\/p>\n<\/li>\n<li>\n<p class=\"p1\"><span class=\"s1\"><b>2007 \u2013 2012:<\/b><\/span> Eski\u015fehir Osmangazi \u00dcniversitesi T\u0131p Fak\u00fcltesi \u00dcroloji Klini\u011fi<\/p>\n<\/li>\n<li>\n<p class=\"p1\"><span class=\"s1\"><b>2006 \u2013 2007:<\/b><\/span> Ad\u0131yaman Gerger Aile Sa\u011fl\u0131\u011f\u0131 Merkezi<\/p>\n<\/li>\n<\/ul>\t\t\t\t\t\t\t\t<\/div>\n\t\t\t\t<\/div>\n\t\t\t\t\t<\/div>\n\t\t\t\t<\/div>\n\t\t\t\t<\/div>\n\t\t<div id=\"e-n-tab-content-18138351303\" role=\"tabpanel\" aria-labelledby=\"e-n-tab-title-18138351303\" data-tab-index=\"3\" style=\"--n-tabs-title-order: 3;\" class=\"elementor-element elementor-element-277c063a e-con-full e-flex e-con e-child\" data-id=\"277c063a\" data-element_type=\"container\">\n\t\t<div class=\"wd-negative-gap elementor-element elementor-element-482922d1 e-flex e-con-boxed e-con e-child\" data-id=\"482922d1\" data-element_type=\"container\">\n\t\t\t\t\t<div class=\"e-con-inner\">\n\t\t\t\t<div class=\"elementor-element elementor-element-2b7f39ff color-scheme-inherit text-left elementor-widget elementor-widget-text-editor\" data-id=\"2b7f39ff\" data-element_type=\"widget\" data-widget_type=\"text-editor.default\">\n\t\t\t\t<div class=\"elementor-widget-container\">\n\t\t\t\t\t\t\t\t\t<h3><b>T\u0131bbi Alanlar<\/b><\/h3>\n<ul>\n<li>\n<p class=\"p1\">Endo\u00fcroloji<\/p>\n<\/li>\n<li>\n<p class=\"p1\">\u00dcriner Sistem Ta\u015f Hastal\u0131klar\u0131<\/p>\n<\/li>\n<li>\n<p class=\"p1\">Laparoskopik Cerrahi<\/p>\n<\/li>\n<li>\n<p class=\"p1\">Endoskopik Cerrahiler<\/p>\n<\/li>\n<li>\n<p class=\"p1\">\u00dcrojinekoloji<\/p>\n<\/li>\n<li>\n<p class=\"p1\">Kad\u0131n \u00dcrolojisi<\/p>\n<\/li>\n<li>\n<p class=\"p1\">Kad\u0131n Cinsel Fonksiyon Bozukluklar\u0131<\/p>\n<\/li>\n<li>\n<p class=\"p1\">Kad\u0131n \u0130drar Ka\u00e7\u0131rma Operasyonlar\u0131<\/p>\n<\/li>\n<li>\n<p class=\"p1\">\u00c7ocuk \u00dcrolojisi (Alt Islatma, S\u00fcnnet, Do\u011fumsal Hastal\u0131klar)<\/p>\n<\/li>\n<li>\n<p class=\"p1\">Androloji (\u0130nfertilite, Cinsel Fonksiyon Bozukluklar\u0131, Genital Estetik Cerrahiler)<\/p>\n<\/li>\n<li>\n<p class=\"p1\">\u00dcroonkoloji (B\u00f6brek, Mesane, Prostat, Testis Kanserleri)<\/p>\n<\/li>\n<\/ul>\t\t\t\t\t\t\t\t<\/div>\n\t\t\t\t<\/div>\n\t\t\t\t\t<\/div>\n\t\t\t\t<\/div>\n\t\t\t\t<\/div>\n\t\t<div class=\"wd-negative-gap  elementor-element elementor-element-76799d80 e-flex e-con-boxed e-con e-child\" id=\"e-n-tab-content-18138351304\" role=\"tabpanel\" aria-labelledby=\"e-n-tab-title-18138351304\" data-tab-index=\"4\" style=\"--n-tabs-title-order: 4;\" data-id=\"76799d80\" data-element_type=\"container\">\n\t\t\t\t\t<div class=\"e-con-inner\">\n\t\t<div class=\"elementor-element elementor-element-d5738df e-con-full e-flex e-con e-child\" data-id=\"d5738df\" data-element_type=\"container\">\n\t\t\t\t<div class=\"elementor-element elementor-element-5cc76de4 color-scheme-inherit text-left elementor-widget elementor-widget-text-editor\" data-id=\"5cc76de4\" data-element_type=\"widget\" data-widget_type=\"text-editor.default\">\n\t\t\t\t<div class=\"elementor-widget-container\">\n\t\t\t\t\t\t\t\t\t<h3><b>\u00dcyelikler<\/b><\/h3>\n<ul>\n<li>\n<p class=\"p1\">Uluslararas\u0131 \u00dcroloji Ara\u015ft\u0131rmalar\u0131 Derne\u011fi<\/p>\n<\/li>\n<li>\n<p class=\"p1\">Endo\u00fcroloji Derne\u011fi<\/p>\n<\/li>\n<li>\n<p class=\"p1\">T\u00fcrk \u00dcroloji Derne\u011fi<\/p>\n<\/li>\n<li>\n<p class=\"p1\">\u00dcrolojik Cerrahi Derne\u011fi<\/p>\n<\/li>\n<li>\n<p class=\"p1\">European Association of Urology<\/p>\n<\/li>\n<li>\n<p class=\"p1\">The Soci\u00e9t\u00e9 Internationale d\u2019Urologie<\/p>\n<\/li>\n<\/ul>\n<hr \/>\n<h3><b>Sertifikalar ve Kurslar (Se\u00e7me)<\/b><\/h3>\n<ul>\n<li>\n<p class=\"p1\">1e1 Yerinde Canl\u0131 Laparoskopi Kursu, \u0130stanbul, 2016<\/p>\n<\/li>\n<li>\n<p class=\"p1\">EAU Baltic Meeting, Tallinn, Estonya, 2016<\/p>\n<\/li>\n<li>\n<p class=\"p1\">RIRS Kursu, \u0130stanbul, 2017<\/p>\n<\/li>\n<li>\n<p class=\"p1\">Deney Hayvanlar\u0131 Kullan\u0131m Sertifikas\u0131, 2017<\/p>\n<\/li>\n<li>\n<p class=\"p1\">T\u00fcrk \u00dcroloji Akademisi Biyoistatistik Kursu, 2017<\/p>\n<\/li>\n<li>\n<p class=\"p1\">European Board of Urology Fellow Sertifikas\u0131, 2018<\/p>\n<\/li>\n<li>\n<p class=\"p1\">RMK AIMES Robotik \u00dcroloji Kursu, 2021<\/p>\n<\/li>\n<li>\n<p class=\"p1\">ICS Onayl\u0131 \u00dcrodinami Sertifikas\u0131, 2024<\/p>\n<\/li>\n<\/ul>\n<hr \/>\n<h3><b>Yay\u0131nlar (Se\u00e7me)<\/b><\/h3>\n<ul>\n<li>\n<p class=\"p1\">\u201cDoes prior PCNL affect RIRS?\u201d <i>Int Urol Nephrol<\/i>, 2024<\/p>\n<\/li>\n<li>\n<p class=\"p1\">\u201cPeritumoral Adipose Tissue Density Predicts Malignancy in cT1 Renal Masses\u201d, <i>Urology Research &amp; Practice<\/i>, 2023<\/p>\n<\/li>\n<li>\n<p class=\"p1\">\u201cEvaluation of Nephrolithometric Scoring Systems\u201d, <i>Scripta Medica<\/i>, 2023<\/p>\n<\/li>\n<li>\n<p class=\"p1\">\u201cQuality and content analysis of female urethroplasty videos on YouTube\u201d, <i>LUTS<\/i><i><\/i><\/p>\n<\/li>\n<li>\n<p class=\"p1\">\u201cSurgical Delay Increases the Perioperative Blood Transfusion Rate\u201d, <i>\u015ei\u015fli Etfal Hospital Bulletin<\/i>, 2023<\/p>\n<\/li>\n<\/ul>\n<hr \/>\n<h3><b>Kitap B\u00f6l\u00fcmleri<\/b><\/h3>\n<ul>\n<li>\n<p class=\"p1\"><i>Human Papilloma Virus<\/i> kitab\u0131nda b\u00f6l\u00fcm yazarl\u0131\u011f\u0131, 2022<\/p>\n<\/li>\n<li>\n<p class=\"p1\"><i>Premat\u00fcr Ejak\u00fclasyon: Medikal ve Cerrahi Tedavi<\/i> kitab\u0131nda b\u00f6l\u00fcm yazarl\u0131\u011f\u0131, 2023<\/p>\n<\/li>\n<li>\n<p class=\"p1\">\u0130nterstisyel Sistit ve \u00dcriner \u0130nkontinans konular\u0131nda katk\u0131lar, 2016<\/p>\n<\/li>\n<\/ul>\n<hr \/>\n<h3><b>\u00d6d\u00fcller<\/b><\/h3>\n<ul>\n<li>\n<p class=\"p1\">\u015e\u0131rnak Valili\u011fi Ba\u015far\u0131 Belgesi, T.C. \u0130\u00e7i\u015fleri Bakanl\u0131\u011f\u0131, 2014<\/p>\n<\/li>\n<\/ul>\t\t\t\t\t\t\t\t<\/div>\n\t\t\t\t<\/div>\n\t\t\t\t<\/div>\n\t\t\t\t\t<\/div>\n\t\t\t\t<\/div>\n\t\t\t\t\t<\/div>\n\t\t<\/div>\n\t\t\t\t\t\t<\/div>\n\t\t\t\t<\/div>\n\t\t\t\t\t<\/div>\n\t\t\t\t<\/div>\n\t\t\t\t<\/div>","protected":false},"excerpt":{"rendered":"<p>E\u011fitim \u00c7al\u0131\u015ft\u0131\u011f\u0131 Kurumlar T\u0131bbi Alanlar G\u00f6revler\/\u00dcyelikler 1999 \u2013 2006: Ege \u00dcniversitesi T\u0131p Fak\u00fcltesi, T\u0131p Doktoru 2007 \u2013 2012: Eski\u015fehir Osmangazi<\/p>","protected":false},"author":3,"featured_media":0,"parent":0,"menu_order":0,"comment_status":"closed","ping_status":"closed","template":"","meta":{"footnotes":""},"class_list":["post-29795","page","type-page","status-publish","hentry"],"_links":{"self":[{"href":"https:\/\/westestetik.com\/fr\/wp-json\/wp\/v2\/pages\/29795","targetHints":{"allow":["GET"]}}],"collection":[{"href":"https:\/\/westestetik.com\/fr\/wp-json\/wp\/v2\/pages"}],"about":[{"href":"https:\/\/westestetik.com\/fr\/wp-json\/wp\/v2\/types\/page"}],"author":[{"embeddable":true,"href":"https:\/\/westestetik.com\/fr\/wp-json\/wp\/v2\/users\/3"}],"replies":[{"embeddable":true,"href":"https:\/\/westestetik.com\/fr\/wp-json\/wp\/v2\/comments?post=29795"}],"version-history":[{"count":6,"href":"https:\/\/westestetik.com\/fr\/wp-json\/wp\/v2\/pages\/29795\/revisions"}],"predecessor-version":[{"id":31485,"href":"https:\/\/westestetik.com\/fr\/wp-json\/wp\/v2\/pages\/29795\/revisions\/31485"}],"wp:attachment":[{"href":"https:\/\/westestetik.com\/fr\/wp-json\/wp\/v2\/media?parent=29795"}],"curies":[{"name":"wp","href":"https:\/\/api.w.org\/{rel}","templated":true}]}}