{"id":29136,"date":"2024-12-30T13:49:29","date_gmt":"2024-12-30T13:49:29","guid":{"rendered":"https:\/\/westestetik.com\/?page_id=29136"},"modified":"2025-05-20T14:58:18","modified_gmt":"2025-05-20T11:58:18","slug":"op-dr-gamze","status":"publish","type":"page","link":"https:\/\/westestetik.com\/fr\/op-dr-gamze\/","title":{"rendered":"Op.Dr.Gamze"},"content":{"rendered":"<div data-elementor-type=\"wp-page\" data-elementor-id=\"29136\" class=\"elementor elementor-29136\" data-elementor-post-type=\"page\">\n\t\t\t\t<div class=\"wd-negative-gap elementor-element elementor-element-6204d2b7 e-flex e-con-boxed e-con e-parent\" data-id=\"6204d2b7\" data-element_type=\"container\">\n\t\t\t\t\t<div class=\"e-con-inner\">\n\t\t\t\t<div class=\"elementor-element elementor-element-3129349e e-n-tabs-mobile elementor-widget elementor-widget-n-tabs\" data-id=\"3129349e\" data-element_type=\"widget\" data-settings=\"{&quot;horizontal_scroll&quot;:&quot;disable&quot;}\" data-widget_type=\"nested-tabs.default\">\n\t\t\t\t<div class=\"elementor-widget-container\">\n\t\t\t\t\t\t\t<div class=\"e-n-tabs\" data-widget-number=\"824784030\" aria-label=\"Sekmeler. Enter ve Space ile \u00f6geleri a\u00e7abilir, Escape ile \u00f6geleri kapatabilir ve Y\u00f6n tu\u015flar\u0131 ile \u00f6geler aras\u0131nda gezinebilirsiniz.\">\n\t\t\t<div class=\"e-n-tabs-heading\" role=\"tablist\">\n\t\t\t\t\t<button id=\"e-n-tab-title-8247840301\" class=\"e-n-tab-title\" aria-selected=\"true\" data-tab-index=\"1\" role=\"tab\" tabindex=\"0\" aria-controls=\"e-n-tab-content-8247840301\" style=\"--n-tabs-title-order: 1;\">\n\t\t\t\t\t\t<span class=\"e-n-tab-title-text\">\n\t\t\t\tE\u011fitim\t\t\t<\/span>\n\t\t<\/button>\n\t\t\t\t<button id=\"e-n-tab-title-8247840302\" class=\"e-n-tab-title\" aria-selected=\"false\" data-tab-index=\"2\" role=\"tab\" tabindex=\"-1\" aria-controls=\"e-n-tab-content-8247840302\" style=\"--n-tabs-title-order: 2;\">\n\t\t\t\t\t\t<span class=\"e-n-tab-title-text\">\n\t\t\t\t\u00c7al\u0131\u015ft\u0131\u011f\u0131 Kurumlar\t\t\t<\/span>\n\t\t<\/button>\n\t\t\t\t<button id=\"e-n-tab-title-8247840303\" class=\"e-n-tab-title\" aria-selected=\"false\" data-tab-index=\"3\" role=\"tab\" tabindex=\"-1\" aria-controls=\"e-n-tab-content-8247840303\" style=\"--n-tabs-title-order: 3;\">\n\t\t\t\t\t\t<span class=\"e-n-tab-title-text\">\n\t\t\t\tT\u0131bbi Alanlar\t\t\t<\/span>\n\t\t<\/button>\n\t\t\t\t<button id=\"e-n-tab-title-8247840304\" class=\"e-n-tab-title\" aria-selected=\"false\" data-tab-index=\"4\" role=\"tab\" tabindex=\"-1\" aria-controls=\"e-n-tab-content-8247840304\" style=\"--n-tabs-title-order: 4;\">\n\t\t\t\t\t\t<span class=\"e-n-tab-title-text\">\n\t\t\t\tG\u00f6revler\/\u00dcyelikler\t\t\t<\/span>\n\t\t<\/button>\n\t\t\t\t\t<\/div>\n\t\t\t<div class=\"e-n-tabs-content\">\n\t\t\t\t<div id=\"e-n-tab-content-8247840301\" role=\"tabpanel\" aria-labelledby=\"e-n-tab-title-8247840301\" data-tab-index=\"1\" style=\"--n-tabs-title-order: 1;\" class=\"e-active elementor-element elementor-element-260a40ba e-con-full e-flex e-con e-child\" data-id=\"260a40ba\" data-element_type=\"container\">\n\t\t<div class=\"wd-negative-gap elementor-element elementor-element-2ff37079 e-flex e-con-boxed e-con e-child\" data-id=\"2ff37079\" data-element_type=\"container\">\n\t\t\t\t\t<div class=\"e-con-inner\">\n\t\t\t\t<div class=\"elementor-element elementor-element-6d434425 color-scheme-inherit text-left elementor-widget elementor-widget-text-editor\" data-id=\"6d434425\" data-element_type=\"widget\" data-widget_type=\"text-editor.default\">\n\t\t\t\t<div class=\"elementor-widget-container\">\n\t\t\t\t\t\t\t\t\t<ul>\n<li>\n<p class=\"p1\"><b>\u0130lk\u00f6\u011fretim ve Lise:<\/b><span class=\"s1\"> Amasya Merzifon<\/span><\/p>\n<\/li>\n<li>\n<p class=\"p1\"><span class=\"s1\"><b>2005 \u2013 2011:<\/b><\/span> Marmara \u00dcniversitesi T\u0131p Fak\u00fcltesi, T\u0131p Doktoru<\/p>\n<\/li>\n<li>\n<p class=\"p1\"><span class=\"s1\"><b>2014 \u2013 2018:<\/b><\/span> Sa\u011fl\u0131k Bilimleri \u00dcniversitesi \u0130stanbul Sultan Abd\u00fclhamid Han E\u011fitim ve Ara\u015ft\u0131rma Hastanesi, Plastik, Rekonstr\u00fcktif ve Estetik Cerrahi Uzmanl\u0131k E\u011fitimi<\/p>\n<ul>\n<li>\n<p class=\"p1\">Uzmanl\u0131k Tezi: <i>Segmental periferik sinir defektlerinin onar\u0131m\u0131nda otolog sinir grefti, epin\u00f6ral k\u0131l\u0131f ve k\u00f6k h\u00fccre ile ind\u00fcklenmi\u015f prefabrike sinir grefti kullan\u0131m\u0131n\u0131n kar\u015f\u0131la\u015ft\u0131r\u0131lmas\u0131<\/i> (Deneysel \u00e7al\u0131\u015fma)<\/p>\n<\/li>\n<\/ul>\n<\/li>\n<\/ul>\t\t\t\t\t\t\t\t<\/div>\n\t\t\t\t<\/div>\n\t\t\t\t\t<\/div>\n\t\t\t\t<\/div>\n\t\t\t\t<\/div>\n\t\t<div id=\"e-n-tab-content-8247840302\" role=\"tabpanel\" aria-labelledby=\"e-n-tab-title-8247840302\" data-tab-index=\"2\" style=\"--n-tabs-title-order: 2;\" class=\"elementor-element elementor-element-3147f31 e-con-full e-flex e-con e-child\" data-id=\"3147f31\" data-element_type=\"container\">\n\t\t<div class=\"wd-negative-gap elementor-element elementor-element-2ed09cc4 e-flex e-con-boxed e-con e-child\" data-id=\"2ed09cc4\" data-element_type=\"container\">\n\t\t\t\t\t<div class=\"e-con-inner\">\n\t\t\t\t<div class=\"elementor-element elementor-element-77d9c97f color-scheme-inherit text-left elementor-widget elementor-widget-text-editor\" data-id=\"77d9c97f\" data-element_type=\"widget\" data-widget_type=\"text-editor.default\">\n\t\t\t\t<div class=\"elementor-widget-container\">\n\t\t\t\t\t\t\t\t\t<ul>\n<li>\n<p class=\"p1\">2018-2021: K\u0131rklareli E\u011fitim ve Ara\u015ft\u0131rma Hastanesi Plastik Cerrahi Klini\u011finde mecburi hizmet<\/p>\n<\/li>\n<li>\n<p class=\"p1\">2021 Ekim\u2019den itibaren kendi klini\u011finde estetik ve rekonstr\u00fcktif cerrahi alan\u0131nda hizmet vermektedir<\/p>\n<\/li>\n<li>2025 West Estetik<\/li>\n<\/ul>\t\t\t\t\t\t\t\t<\/div>\n\t\t\t\t<\/div>\n\t\t\t\t\t<\/div>\n\t\t\t\t<\/div>\n\t\t\t\t<\/div>\n\t\t<div id=\"e-n-tab-content-8247840303\" role=\"tabpanel\" aria-labelledby=\"e-n-tab-title-8247840303\" data-tab-index=\"3\" style=\"--n-tabs-title-order: 3;\" class=\"elementor-element elementor-element-6bc4b39a e-con-full e-flex e-con e-child\" data-id=\"6bc4b39a\" data-element_type=\"container\">\n\t\t<div class=\"wd-negative-gap elementor-element elementor-element-a2f923c e-flex e-con-boxed e-con e-child\" data-id=\"a2f923c\" data-element_type=\"container\">\n\t\t\t\t\t<div class=\"e-con-inner\">\n\t\t\t\t<div class=\"elementor-element elementor-element-42377da2 color-scheme-inherit text-left elementor-widget elementor-widget-text-editor\" data-id=\"42377da2\" data-element_type=\"widget\" data-widget_type=\"text-editor.default\">\n\t\t\t\t<div class=\"elementor-widget-container\">\n\t\t\t\t\t\t\t\t\t<ul>\n<li>\n<p class=\"p1\">V\u00fccut \u015fekillendirme operasyonlar\u0131<\/p>\n<\/li>\n<li>\n<p class=\"p1\">Meme esteti\u011fi<\/p>\n<\/li>\n<li>\n<p class=\"p1\">Y\u00fcz esteti\u011fi operasyonlar\u0131<\/p>\n<\/li>\n<li>\n<p class=\"p1\">Ameliyats\u0131z kozmetoloji i\u015flemleri<\/p>\n<\/li>\n<\/ul>\t\t\t\t\t\t\t\t<\/div>\n\t\t\t\t<\/div>\n\t\t\t\t\t<\/div>\n\t\t\t\t<\/div>\n\t\t\t\t<\/div>\n\t\t<div class=\"wd-negative-gap  elementor-element elementor-element-286cb4e3 e-flex e-con-boxed e-con e-child\" id=\"e-n-tab-content-8247840304\" role=\"tabpanel\" aria-labelledby=\"e-n-tab-title-8247840304\" data-tab-index=\"4\" style=\"--n-tabs-title-order: 4;\" data-id=\"286cb4e3\" data-element_type=\"container\">\n\t\t\t\t\t<div class=\"e-con-inner\">\n\t\t<div class=\"elementor-element elementor-element-ced93c3 e-con-full e-flex e-con e-child\" data-id=\"ced93c3\" data-element_type=\"container\">\n\t\t\t\t<div class=\"elementor-element elementor-element-69d49352 color-scheme-inherit text-left elementor-widget elementor-widget-text-editor\" data-id=\"69d49352\" data-element_type=\"widget\" data-widget_type=\"text-editor.default\">\n\t\t\t\t<div class=\"elementor-widget-container\">\n\t\t\t\t\t\t\t\t\t<ul>\n<li>\n<p class=\"p1\">\u00c7ok say\u0131da ulusal ve uluslararas\u0131 kongre ve sempozyuma kat\u0131l\u0131m<\/p>\n<\/li>\n<li>\n<p class=\"p1\">Alan\u0131ndaki geli\u015fmeleri ve yenilikleri yak\u0131ndan takip etmek<\/p>\n<\/li>\n<li>\n<p class=\"p1\">T\u00fcrk Estetik Plastik Cerrahi Derne\u011fi (EPCD)<\/p>\n<\/li>\n<li>\n<p class=\"p1\">T\u00fcrk Plastik, Rekonstr\u00fcktif ve Estetik Cerrahi Derne\u011fi (TPRECD)<\/p>\n<\/li>\n<li>\n<p class=\"p1\">Acil El Cerrahisi ve Mikrocerrahi Derne\u011fi (ACELEMDER)<\/p>\n<\/li>\n<li>\n<p class=\"p1\">Rekonstr\u00fcktif Mikrocerrahi Derne\u011fi (RMCD)<\/p>\n<\/li>\n<li>\n<p class=\"p1\">T\u00fcrk Tabipleri Birli\u011fi (TTB)<\/p>\n<\/li>\n<\/ul>\t\t\t\t\t\t\t\t<\/div>\n\t\t\t\t<\/div>\n\t\t\t\t<\/div>\n\t\t\t\t\t<\/div>\n\t\t\t\t<\/div>\n\t\t\t\t\t<\/div>\n\t\t<\/div>\n\t\t\t\t\t\t<\/div>\n\t\t\t\t<\/div>\n\t\t\t\t\t<\/div>\n\t\t\t\t<\/div>\n\t\t\t\t<\/div>","protected":false},"excerpt":{"rendered":"<p>E\u011fitim \u00c7al\u0131\u015ft\u0131\u011f\u0131 Kurumlar T\u0131bbi Alanlar G\u00f6revler\/\u00dcyelikler \u0130lk\u00f6\u011fretim ve Lise: Amasya Merzifon 2005 \u2013 2011: Marmara \u00dcniversitesi T\u0131p Fak\u00fcltesi, T\u0131p Doktoru<\/p>","protected":false},"author":3,"featured_media":0,"parent":0,"menu_order":0,"comment_status":"closed","ping_status":"closed","template":"","meta":{"footnotes":""},"class_list":["post-29136","page","type-page","status-publish","hentry"],"_links":{"self":[{"href":"https:\/\/westestetik.com\/fr\/wp-json\/wp\/v2\/pages\/29136","targetHints":{"allow":["GET"]}}],"collection":[{"href":"https:\/\/westestetik.com\/fr\/wp-json\/wp\/v2\/pages"}],"about":[{"href":"https:\/\/westestetik.com\/fr\/wp-json\/wp\/v2\/types\/page"}],"author":[{"embeddable":true,"href":"https:\/\/westestetik.com\/fr\/wp-json\/wp\/v2\/users\/3"}],"replies":[{"embeddable":true,"href":"https:\/\/westestetik.com\/fr\/wp-json\/wp\/v2\/comments?post=29136"}],"version-history":[{"count":4,"href":"https:\/\/westestetik.com\/fr\/wp-json\/wp\/v2\/pages\/29136\/revisions"}],"predecessor-version":[{"id":31461,"href":"https:\/\/westestetik.com\/fr\/wp-json\/wp\/v2\/pages\/29136\/revisions\/31461"}],"wp:attachment":[{"href":"https:\/\/westestetik.com\/fr\/wp-json\/wp\/v2\/media?parent=29136"}],"curies":[{"name":"wp","href":"https:\/\/api.w.org\/{rel}","templated":true}]}}