{"id":28993,"date":"2024-12-26T12:01:42","date_gmt":"2024-12-26T12:01:42","guid":{"rendered":"https:\/\/westestetik.com\/?page_id=28993"},"modified":"2024-12-26T12:07:53","modified_gmt":"2024-12-26T12:07:53","slug":"loi-sur-la-protection-des-donnees-personnelles","status":"publish","type":"page","link":"https:\/\/westestetik.com\/fr\/loi-sur-la-protection-des-donnees-personnelles\/","title":{"rendered":"Loi sur la protection des donn\u00e9es personnelles"},"content":{"rendered":"<p><strong>1) Informations g\u00e9n\u00e9rales<\/strong><\/p>\n\n\n\n<p>West Aesthetics attache une grande importance \u00e0 la protection des donn\u00e9es personnelles. La pr\u00e9sente politique de confidentialit\u00e9 est un document qui explique comment nous recueillons, utilisons et conservons vos donn\u00e9es personnelles. La s\u00e9curit\u00e9 de vos donn\u00e9es personnelles est trait\u00e9e uniquement en conformit\u00e9 avec la loi et sur la base du principe de transparence.<\/p>\n\n\n\n<p><strong>2. collecte et traitement des donn\u00e9es \u00e0 caract\u00e8re personnel<\/strong><\/p>\n\n\n\n<p>Lors de l'utilisation de notre site web, les donn\u00e9es personnelles suivantes peuvent \u00eatre collect\u00e9es :<\/p>\n\n\n\n<ul class=\"wp-block-list\">\n<li><strong>Donn\u00e9es d'identit\u00e9 :<\/strong> Nom, pr\u00e9nom, adresse \u00e9lectronique, num\u00e9ro de t\u00e9l\u00e9phone<\/li>\n\n\n\n<li><strong>Donn\u00e9es de contact :<\/strong> Donn\u00e9es fournies via le formulaire de contact<\/li>\n\n\n\n<li><strong>Donn\u00e9es sur les cookies :<\/strong> Cookies utilis\u00e9s lors de votre visite sur notre site web<\/li>\n<\/ul>\n\n\n\n<p>Ces donn\u00e9es sont trait\u00e9es uniquement dans le but de fournir nos services, de r\u00e9pondre aux demandes des clients et de remplir les obligations l\u00e9gales.<\/p>\n\n\n\n<p><strong>3. les finalit\u00e9s de l'utilisation des donn\u00e9es \u00e0 caract\u00e8re personnel<\/strong><\/p>\n\n\n\n<p>Vos donn\u00e9es personnelles sont trait\u00e9es aux fins suivantes :<\/p>\n\n\n\n<ul class=\"wp-block-list\">\n<li>Ex\u00e9cution des commandes et des demandes de service<\/li>\n\n\n\n<li>Gestion de la relation client<\/li>\n\n\n\n<li>Marketing, annonces et informations par courrier \u00e9lectronique<\/li>\n\n\n\n<li>Respect des obligations l\u00e9gales<\/li>\n\n\n\n<li>Am\u00e9liorer et analyser le fonctionnement de notre site web<\/li>\n<\/ul>\n\n\n\n<p><strong>4. le partage des donn\u00e9es \u00e0 caract\u00e8re personnel<\/strong><\/p>\n\n\n\n<p>Vos donn\u00e9es personnelles ne peuvent \u00eatre divulgu\u00e9es qu'\u00e0 nos fournisseurs de services (par exemple, les processeurs de paiement) et aux autorit\u00e9s l\u00e9gales, le cas \u00e9ch\u00e9ant, conform\u00e9ment \u00e0 la loi. Toutefois, votre consentement explicite sera obtenu avant de partager vos donn\u00e9es avec des tiers.<\/p>\n\n\n\n<p><strong>5. les cookies et autres technologies de suivi<\/strong><\/p>\n\n\n\n<p>Notre site web utilise des cookies pour am\u00e9liorer l'exp\u00e9rience de l'utilisateur. Pour plus d'informations sur les cookies, vous pouvez consulter notre Politique en mati\u00e8re de cookies.<\/p>\n\n\n\n<p><strong>6. le stockage des donn\u00e9es \u00e0 caract\u00e8re personnel<\/strong><\/p>\n\n\n\n<p>Les donn\u00e9es personnelles collect\u00e9es ne sont conserv\u00e9es que pendant la p\u00e9riode n\u00e9cessaire \u00e0 la r\u00e9alisation des finalit\u00e9s pour lesquelles elles sont trait\u00e9es. \u00c0 la fin de cette p\u00e9riode, les donn\u00e9es seront d\u00e9truites en toute s\u00e9curit\u00e9.<\/p>\n\n\n\n<p><strong>7. l'acc\u00e8s et la correction de vos donn\u00e9es personnelles<\/strong><\/p>\n\n\n\n<p>Dans le cadre du KVKK, vous disposez d'un droit d'acc\u00e8s, de rectification, de suppression ou de r\u00e9vocation de votre consentement au traitement de vos donn\u00e9es personnelles. Vous pouvez nous contacter pour exercer ces droits.<\/p>\n\n\n\n<p><strong>8. communication<\/strong><\/p>\n\n\n\n<p>Vous pouvez nous contacter pour toute question ou demande concernant vos donn\u00e9es personnelles :<\/p>\n\n\n\n<ul class=\"wp-block-list\">\n<li>Courriel : <a><a href=\"mailto:info@westestetik.com\">info@westestetik.com<\/a><\/a><\/li>\n\n\n\n<li>T\u00e9l\u00e9phone : <a href=\"tel:+908506062080\">0850 606 20 80<\/a><\/li>\n<\/ul>","protected":false},"excerpt":{"rendered":"<p>1. Genel Bilgiler West Estetik olarak, ki\u015fisel verilerin korunmas\u0131na b\u00fcy\u00fck \u00f6nem veriyoruz. Bu Gizlilik Politikas\u0131, ki\u015fisel verilerinizi nas\u0131l toplad\u0131\u011f\u0131m\u0131z\u0131, kulland\u0131\u011f\u0131m\u0131z\u0131<\/p>","protected":false},"author":3,"featured_media":0,"parent":0,"menu_order":0,"comment_status":"closed","ping_status":"closed","template":"","meta":{"footnotes":""},"class_list":["post-28993","page","type-page","status-publish","hentry"],"_links":{"self":[{"href":"https:\/\/westestetik.com\/fr\/wp-json\/wp\/v2\/pages\/28993","targetHints":{"allow":["GET"]}}],"collection":[{"href":"https:\/\/westestetik.com\/fr\/wp-json\/wp\/v2\/pages"}],"about":[{"href":"https:\/\/westestetik.com\/fr\/wp-json\/wp\/v2\/types\/page"}],"author":[{"embeddable":true,"href":"https:\/\/westestetik.com\/fr\/wp-json\/wp\/v2\/users\/3"}],"replies":[{"embeddable":true,"href":"https:\/\/westestetik.com\/fr\/wp-json\/wp\/v2\/comments?post=28993"}],"version-history":[{"count":2,"href":"https:\/\/westestetik.com\/fr\/wp-json\/wp\/v2\/pages\/28993\/revisions"}],"predecessor-version":[{"id":28997,"href":"https:\/\/westestetik.com\/fr\/wp-json\/wp\/v2\/pages\/28993\/revisions\/28997"}],"wp:attachment":[{"href":"https:\/\/westestetik.com\/fr\/wp-json\/wp\/v2\/media?parent=28993"}],"curies":[{"name":"wp","href":"https:\/\/api.w.org\/{rel}","templated":true}]}}