{"id":27892,"date":"2024-12-02T23:35:59","date_gmt":"2024-12-02T23:35:59","guid":{"rendered":"https:\/\/westestetik.com\/?page_id=27892"},"modified":"2025-02-20T15:43:29","modified_gmt":"2025-02-20T12:43:29","slug":"botox-gastrique","status":"publish","type":"page","link":"https:\/\/westestetik.com\/fr\/botox-gastrique\/","title":{"rendered":"Botox pour L'estomac"},"content":{"rendered":"<div data-elementor-type=\"wp-page\" data-elementor-id=\"27892\" class=\"elementor elementor-27892\" data-elementor-post-type=\"page\">\n\t\t\t\t<div class=\"elementor-element elementor-element-423fe5a2 e-con-full e-flex e-con e-parent\" data-id=\"423fe5a2\" data-element_type=\"container\">\n\t\t<div class=\"elementor-element elementor-element-753ece9c e-con-full e-flex e-con e-child\" data-id=\"753ece9c\" data-element_type=\"container\">\n\t\t\t\t<div class=\"elementor-element elementor-element-2176b5a4 elementor-widget elementor-widget-image\" data-id=\"2176b5a4\" data-element_type=\"widget\" data-widget_type=\"image.default\">\n\t\t\t\t<div class=\"elementor-widget-container\">\n\t\t\t\t\t\t\t\t\t\t\t\t\t\t\t<img decoding=\"async\" width=\"100\" height=\"100\" src=\"https:\/\/westestetik.com\/wp-content\/uploads\/2024\/12\/1-4.png\" class=\"attachment-large size-large wp-image-28814\" alt=\"\" srcset=\"https:\/\/westestetik.com\/wp-content\/uploads\/2024\/12\/1-4.png 100w, https:\/\/westestetik.com\/wp-content\/uploads\/2024\/12\/1-4-12x12.png 12w\" sizes=\"(max-width: 100px) 100vw, 100px\" \/>\t\t\t\t\t\t\t\t\t\t\t\t\t\t\t<\/div>\n\t\t\t\t<\/div>\n\t\t\t\t<\/div>\n\t\t<div class=\"elementor-element elementor-element-5324485e e-con-full e-flex e-con e-child\" data-id=\"5324485e\" data-element_type=\"container\">\n\t\t\t\t<div class=\"elementor-element elementor-element-17ec36af elementor-widget elementor-widget-image\" data-id=\"17ec36af\" data-element_type=\"widget\" data-widget_type=\"image.default\">\n\t\t\t\t<div class=\"elementor-widget-container\">\n\t\t\t\t\t\t\t\t\t\t\t\t\t\t\t<img decoding=\"async\" width=\"100\" height=\"100\" src=\"https:\/\/westestetik.com\/wp-content\/uploads\/2024\/12\/2-5.png\" class=\"attachment-large size-large wp-image-28815\" alt=\"\" srcset=\"https:\/\/westestetik.com\/wp-content\/uploads\/2024\/12\/2-5.png 100w, https:\/\/westestetik.com\/wp-content\/uploads\/2024\/12\/2-5-12x12.png 12w\" sizes=\"(max-width: 100px) 100vw, 100px\" \/>\t\t\t\t\t\t\t\t\t\t\t\t\t\t\t<\/div>\n\t\t\t\t<\/div>\n\t\t\t\t<\/div>\n\t\t<div class=\"elementor-element elementor-element-1dca2a69 e-con-full e-flex e-con e-child\" data-id=\"1dca2a69\" data-element_type=\"container\">\n\t\t\t\t<div class=\"elementor-element elementor-element-45896beb elementor-widget elementor-widget-image\" data-id=\"45896beb\" data-element_type=\"widget\" data-widget_type=\"image.default\">\n\t\t\t\t<div class=\"elementor-widget-container\">\n\t\t\t\t\t\t\t\t\t\t\t\t\t\t\t<img decoding=\"async\" width=\"100\" height=\"100\" src=\"https:\/\/westestetik.com\/wp-content\/uploads\/2024\/12\/3-1.png\" class=\"attachment-large size-large wp-image-28816\" alt=\"\" srcset=\"https:\/\/westestetik.com\/wp-content\/uploads\/2024\/12\/3-1.png 100w, https:\/\/westestetik.com\/wp-content\/uploads\/2024\/12\/3-1-12x12.png 12w\" sizes=\"(max-width: 100px) 100vw, 100px\" \/>\t\t\t\t\t\t\t\t\t\t\t\t\t\t\t<\/div>\n\t\t\t\t<\/div>\n\t\t\t\t<\/div>\n\t\t<div class=\"elementor-element elementor-element-13eecad2 e-con-full e-flex e-con e-child\" data-id=\"13eecad2\" data-element_type=\"container\">\n\t\t\t\t<div class=\"elementor-element elementor-element-54785df0 elementor-widget elementor-widget-image\" data-id=\"54785df0\" data-element_type=\"widget\" data-widget_type=\"image.default\">\n\t\t\t\t<div class=\"elementor-widget-container\">\n\t\t\t\t\t\t\t\t\t\t\t\t\t\t\t<img loading=\"lazy\" decoding=\"async\" width=\"100\" height=\"100\" src=\"https:\/\/westestetik.com\/wp-content\/uploads\/2024\/12\/4-1.png\" class=\"attachment-large size-large wp-image-28817\" alt=\"\" srcset=\"https:\/\/westestetik.com\/wp-content\/uploads\/2024\/12\/4-1.png 100w, https:\/\/westestetik.com\/wp-content\/uploads\/2024\/12\/4-1-12x12.png 12w\" sizes=\"(max-width: 100px) 100vw, 100px\" \/>\t\t\t\t\t\t\t\t\t\t\t\t\t\t\t<\/div>\n\t\t\t\t<\/div>\n\t\t\t\t<\/div>\n\t\t<div class=\"elementor-element elementor-element-7fb7a931 e-con-full e-flex e-con e-child\" data-id=\"7fb7a931\" data-element_type=\"container\">\n\t\t\t\t<div class=\"elementor-element elementor-element-dee54ca elementor-widget elementor-widget-image\" data-id=\"dee54ca\" data-element_type=\"widget\" data-widget_type=\"image.default\">\n\t\t\t\t<div class=\"elementor-widget-container\">\n\t\t\t\t\t\t\t\t\t\t\t\t\t\t\t<img loading=\"lazy\" decoding=\"async\" width=\"100\" height=\"100\" src=\"https:\/\/westestetik.com\/wp-content\/uploads\/2024\/12\/5-1.png\" class=\"attachment-large size-large wp-image-28818\" alt=\"\" srcset=\"https:\/\/westestetik.com\/wp-content\/uploads\/2024\/12\/5-1.png 100w, https:\/\/westestetik.com\/wp-content\/uploads\/2024\/12\/5-1-12x12.png 12w\" sizes=\"(max-width: 100px) 100vw, 100px\" \/>\t\t\t\t\t\t\t\t\t\t\t\t\t\t\t<\/div>\n\t\t\t\t<\/div>\n\t\t\t\t<\/div>\n\t\t\t\t<\/div>\n\t\t<div class=\"wd-negative-gap elementor-element elementor-element-1edea07c e-flex e-con-boxed e-con e-parent\" data-id=\"1edea07c\" data-element_type=\"container\">\n\t\t\t\t\t<div class=\"e-con-inner\">\n\t\t<div class=\"elementor-element elementor-element-dd4a30a e-con-full e-flex e-con e-child\" data-id=\"dd4a30a\" data-element_type=\"container\">\n\t\t\t\t<div class=\"elementor-element elementor-element-5c945ac6 wd-width-100 elementor-widget elementor-widget-wd_title\" data-id=\"5c945ac6\" data-element_type=\"widget\" data-widget_type=\"wd_title.default\">\n\t\t\t\t<div class=\"elementor-widget-container\">\n\t\t\t\t\t\t\t<div class=\"title-wrapper set-mb-s reset-last-child wd-title-color-default wd-title-style-default wd-title-size-default text-center\">\n\n\t\t\t\t\t\t\t<div class=\"title-subtitle subtitle-color-default subtitle-style-default wd-fontsize-xs\">\n\t\t\t\t\tDur\u00e9e moyenne du s\u00e9jour\t\t\t\t<\/div>\n\t\t\t\n\t\t\t<div class=\"liner-continer\">\n\t\t\t\t<p class=\"woodmart-title-container title wd-fontsize-l\">7 jours<\/p> \n\t\t\t\t\t\t\t<\/div>\n\n\t\t\t\t\t<\/div>\n\t\t\t\t\t\t<\/div>\n\t\t\t\t<\/div>\n\t\t\t\t<\/div>\n\t\t<div class=\"elementor-element elementor-element-7664b034 e-con-full e-flex e-con e-child\" data-id=\"7664b034\" data-element_type=\"container\">\n\t\t\t\t<div class=\"elementor-element elementor-element-35d68388 wd-width-100 elementor-widget elementor-widget-wd_title\" data-id=\"35d68388\" data-element_type=\"widget\" data-widget_type=\"wd_title.default\">\n\t\t\t\t<div class=\"elementor-widget-container\">\n\t\t\t\t\t\t\t<div class=\"title-wrapper set-mb-s reset-last-child wd-title-color-default wd-title-style-default wd-title-size-default text-center\">\n\n\t\t\t\t\t\t\t<div class=\"title-subtitle subtitle-color-default subtitle-style-default wd-fontsize-xs\">\n\t\t\t\t\tDur\u00e9e de l'hospitalisation\t\t\t\t<\/div>\n\t\t\t\n\t\t\t<div class=\"liner-continer\">\n\t\t\t\t<p class=\"woodmart-title-container title wd-fontsize-l\">1 jour<\/p> \n\t\t\t\t\t\t\t<\/div>\n\n\t\t\t\t\t<\/div>\n\t\t\t\t\t\t<\/div>\n\t\t\t\t<\/div>\n\t\t\t\t<\/div>\n\t\t<div class=\"elementor-element elementor-element-7d608b4b e-con-full e-flex e-con e-child\" data-id=\"7d608b4b\" data-element_type=\"container\">\n\t\t\t\t<div class=\"elementor-element elementor-element-1b7edc65 wd-width-100 elementor-widget elementor-widget-wd_title\" data-id=\"1b7edc65\" data-element_type=\"widget\" data-widget_type=\"wd_title.default\">\n\t\t\t\t<div class=\"elementor-widget-container\">\n\t\t\t\t\t\t\t<div class=\"title-wrapper set-mb-s reset-last-child wd-title-color-default wd-title-style-default wd-title-size-default text-center\">\n\n\t\t\t\t\t\t\t<div class=\"title-subtitle subtitle-color-default subtitle-style-default wd-fontsize-xs\">\n\t\t\t\t\tDur\u00e9e de l'op\u00e9ration\t\t\t\t<\/div>\n\t\t\t\n\t\t\t<div class=\"liner-continer\">\n\t\t\t\t<p class=\"woodmart-title-container title wd-fontsize-l\">2-4 heures<\/p> \n\t\t\t\t\t\t\t<\/div>\n\n\t\t\t\t\t<\/div>\n\t\t\t\t\t\t<\/div>\n\t\t\t\t<\/div>\n\t\t\t\t<\/div>\n\t\t<div class=\"elementor-element elementor-element-59f1b634 e-con-full e-flex e-con e-child\" data-id=\"59f1b634\" data-element_type=\"container\">\n\t\t\t\t<div class=\"elementor-element elementor-element-895f0ae wd-width-100 elementor-widget elementor-widget-wd_title\" data-id=\"895f0ae\" data-element_type=\"widget\" data-widget_type=\"wd_title.default\">\n\t\t\t\t<div class=\"elementor-widget-container\">\n\t\t\t\t\t\t\t<div class=\"title-wrapper set-mb-s reset-last-child wd-title-color-default wd-title-style-default wd-title-size-default text-center\">\n\n\t\t\t\t\t\t\t<div class=\"title-subtitle subtitle-color-default subtitle-style-default wd-fontsize-xs\">\n\t\t\t\t\tType d'anesth\u00e9sie\t\t\t\t<\/div>\n\t\t\t\n\t\t\t<div class=\"liner-continer\">\n\t\t\t\t<p class=\"woodmart-title-container title wd-fontsize-l\">Anesth\u00e9sie g\u00e9n\u00e9rale<\/p> \n\t\t\t\t\t\t\t<\/div>\n\n\t\t\t\t\t<\/div>\n\t\t\t\t\t\t<\/div>\n\t\t\t\t<\/div>\n\t\t\t\t<\/div>\n\t\t<div class=\"elementor-element elementor-element-20f0933d e-con-full e-flex e-con e-child\" data-id=\"20f0933d\" data-element_type=\"container\">\n\t\t\t\t<div class=\"elementor-element elementor-element-61652bfc wd-width-100 elementor-widget elementor-widget-wd_title\" data-id=\"61652bfc\" data-element_type=\"widget\" data-widget_type=\"wd_title.default\">\n\t\t\t\t<div class=\"elementor-widget-container\">\n\t\t\t\t\t\t\t<div class=\"title-wrapper set-mb-s reset-last-child wd-title-color-default wd-title-style-default wd-title-size-default text-center\">\n\n\t\t\t\t\t\t\t<div class=\"title-subtitle subtitle-color-default subtitle-style-default wd-fontsize-xs\">\n\t\t\t\t\tD\u00e9lai de r\u00e9cup\u00e9ration\t\t\t\t<\/div>\n\t\t\t\n\t\t\t<div class=\"liner-continer\">\n\t\t\t\t<p class=\"woodmart-title-container title wd-fontsize-l\">1-2 semaines<\/p> \n\t\t\t\t\t\t\t<\/div>\n\n\t\t\t\t\t<\/div>\n\t\t\t\t\t\t<\/div>\n\t\t\t\t<\/div>\n\t\t\t\t<\/div>\n\t\t\t\t\t<\/div>\n\t\t\t\t<\/div>\n\t\t<div class=\"wd-negative-gap elementor-element elementor-element-5d78513 e-flex e-con-boxed e-con e-parent\" data-id=\"5d78513\" data-element_type=\"container\">\n\t\t\t\t\t<div class=\"e-con-inner\">\n\t\t\t\t<div class=\"elementor-element elementor-element-8d5dcff color-scheme-inherit text-left elementor-widget elementor-widget-text-editor\" data-id=\"8d5dcff\" data-element_type=\"widget\" data-widget_type=\"text-editor.default\">\n\t\t\t\t<div class=\"elementor-widget-container\">\n\t\t\t\t\t\t\t\t\t<p><span style=\"font-weight: 400;\">Le botox gastrique est une m\u00e9thode efficace qui est devenue populaire ces derni\u00e8res ann\u00e9es pour la perte de poids et le traitement de l'ob\u00e9sit\u00e9. Cette application, qui est r\u00e9alis\u00e9e par une proc\u00e9dure endoscopique, d\u00e9tend les muscles de l'estomac et procure une sensation de sati\u00e9t\u00e9 plus rapide, ce qui incite \u00e0 manger moins. Le Botox gastrique constitue une option id\u00e9ale pour les personnes qui ne souhaitent pas d'intervention chirurgicale et qui veulent soutenir le processus de perte de poids. Toutefois, l'\u00e9tat de sant\u00e9 de chaque individu \u00e9tant diff\u00e9rent, il est important de consulter un m\u00e9decin sp\u00e9cialiste pour savoir si l'application de botox gastrique est appropri\u00e9e.\u00a0<\/span><\/p><h2><span style=\"font-weight: 400;\">Qu'est-ce que le Botox stomacal et comment est-il appliqu\u00e9 ?<\/span><\/h2><p><span style=\"font-weight: 400;\">Le botox gastrique est une intervention esth\u00e9tique visant \u00e0 d\u00e9tendre les muscles de l'estomac. Cette intervention est r\u00e9alis\u00e9e \u00e0 l'aide d'une injection de toxine botulique dans l'estomac. Le botox ralentit le passage des aliments dans l'estomac en relaxant les muscles et augmente la sensation de sati\u00e9t\u00e9. L'application de botox gastrique est g\u00e9n\u00e9ralement pr\u00e9f\u00e9r\u00e9e par les personnes qui souhaitent traiter l'ob\u00e9sit\u00e9 ou perdre du poids. L'application est g\u00e9n\u00e9ralement r\u00e9alis\u00e9e par une proc\u00e9dure endoscopique effectu\u00e9e dans l'abdomen et constitue une m\u00e9thode peu invasive.<\/span><\/p><h2><span style=\"font-weight: 400;\">Est-il possible de perdre du poids avec le Botox stomacal ?<\/span><\/h2><p><span style=\"font-weight: 400;\">Le Botox gastrique ne permet pas de perdre directement du poids, mais il soutient efficacement la perte de poids. Le Botox r\u00e9tr\u00e9cit temporairement l'estomac et procure une sensation de saturation plus rapidement apr\u00e8s le repas. Cela permet de manger moins. Gr\u00e2ce \u00e0 l'application de botox gastrique, la personne peut perdre du poids au fil du temps en r\u00e9duisant ses portions. Toutefois, un r\u00e9gime alimentaire \u00e9quilibr\u00e9 et un programme d'exercices physiques sont n\u00e9cessaires pour que ce processus soit couronn\u00e9 de succ\u00e8s.<\/span><\/p><h2><span style=\"font-weight: 400;\">A qui convient le Botox de l'estomac ?<\/span><\/h2><p><span style=\"font-weight: 400;\">Mide botoksu, obezite tedavisi i\u00e7in uygun olan, ancak cerrahi m\u00fcdahale istemeyen ki\u015filer i\u00e7in ideal bir se\u00e7enektir. Ayr\u0131ca, a\u015f\u0131r\u0131 kilo problemleri olmayan fakat a\u015f\u0131r\u0131 yemek yemeyi kontrol etmekte zorluk \u00e7eken ki\u015filer de bu uygulamadan faydalanabilir. Bununla birlikte, mide botoksu uygulamas\u0131, mide problemleri (\u00f6rne\u011fin mide \u00fclseri, gastrit) ya\u015fayan ki\u015filere uygulanmaz. Herhangi bir sa\u011fl\u0131k sorunu olanlar\u0131n, uygulama \u00f6ncesinde doktorlar\u0131na dan\u0131\u015fmalar\u0131 \u00f6nemlidir.<\/span><\/p><h2><span style=\"font-weight: 400;\">Combien de temps le Botox pour l'estomac est-il efficace ?<\/span><\/h2><p><span style=\"font-weight: 400;\">L'effet de l'application de botox gastrique dure g\u00e9n\u00e9ralement entre 6 et 12 mois. Pendant cette p\u00e9riode, les muscles de l'estomac restent rel\u00e2ch\u00e9s et la sensation de sati\u00e9t\u00e9 persiste. Cependant, la dur\u00e9e de l'effet peut varier d'une personne \u00e0 l'autre et cette p\u00e9riode peut \u00eatre plus courte ou plus longue chez certains individus. Le Botox peut \u00eatre appliqu\u00e9 \u00e0 nouveau apr\u00e8s que l'effet de l'application se soit dissip\u00e9.<\/span><\/p><h2><span style=\"font-weight: 400;\">Comment le processus d'amincissement fonctionne-t-il avec le Botox pour l'estomac ?<\/span><\/h2><p><span style=\"font-weight: 400;\">Le processus d'amincissement par botox gastrique commence par un r\u00e9tr\u00e9cissement temporaire de l'estomac. La toxine botulique paralyse temporairement les muscles de l'estomac, ce qui r\u00e9duit la contraction de l'estomac. Par cons\u00e9quent, apr\u00e8s avoir mang\u00e9, la personne se sent rassasi\u00e9e plus t\u00f4t et mange moins. La perte de poids par botox gastrique doit \u00eatre accompagn\u00e9e d'un r\u00e9gime alimentaire \u00e9quilibr\u00e9 et d'exercices physiques, g\u00e9n\u00e9ralement en association avec d'autres m\u00e9thodes de perte de poids.<\/span><\/p><h2><span style=\"font-weight: 400;\">Quels sont les effets secondaires de l'application de Botox dans l'estomac ?<\/span><\/h2><p><span style=\"font-weight: 400;\">Le Botox gastrique est g\u00e9n\u00e9ralement une proc\u00e9dure s\u00fbre, mais certains effets secondaires peuvent survenir. Les effets secondaires les plus courants sont les naus\u00e9es, les douleurs abdominales et les ballonnements. Certaines personnes peuvent \u00e9galement \u00e9prouver des probl\u00e8mes de digestion ou d'indigestion. Ces effets secondaires sont g\u00e9n\u00e9ralement temporaires et disparaissent quelques jours apr\u00e8s l'intervention. Dans de rares cas, des effets secondaires graves peuvent survenir. Il est donc important d'avoir une discussion d\u00e9taill\u00e9e avec votre m\u00e9decin avant l'intervention.<\/span><\/p><h2><span style=\"font-weight: 400;\">Quels sont les \u00e9l\u00e9ments \u00e0 prendre en compte avant et apr\u00e8s l'application du Botox stomacal ?<\/span><\/h2><p><span style=\"font-weight: 400;\">Avant l'application du botox gastrique, l'\u00e9tat de sant\u00e9 g\u00e9n\u00e9ral de la personne est \u00e9valu\u00e9 et tout probl\u00e8me de sant\u00e9 est v\u00e9rifi\u00e9. L'attention port\u00e9e \u00e0 la consommation de liquides avant l'application peut d\u00e9tendre l'estomac. Apr\u00e8s l'application, il est recommand\u00e9 d'\u00e9viter les repas lourds et la consommation d'alcool pendant quelques jours. Il est \u00e9galement important de revoir ses habitudes alimentaires et de mettre en place un r\u00e9gime alimentaire sain.<\/span><\/p><h2><span style=\"font-weight: 400;\">Comment r\u00e9duire le volume de l'estomac avec le Botox pour l'estomac ?<\/span><\/h2><p><span style=\"font-weight: 400;\">Le botox gastrique est un effet qui r\u00e9tr\u00e9cit temporairement l'estomac. La toxine botulique est inject\u00e9e dans les muscles de l'estomac, ce qui entra\u00eene un rel\u00e2chement de ces derniers. Ce rel\u00e2chement entra\u00eene une diminution de la capacit\u00e9 de l'estomac. Le r\u00e9tr\u00e9cissement du volume de l'estomac cr\u00e9e une sensation de saturation plus rapide apr\u00e8s un repas et la personne mange donc moins.<\/span><\/p><h2><span style=\"font-weight: 400;\">Comment la sensation de sati\u00e9t\u00e9 augmente-t-elle avec le Botox de l'estomac ?<\/span><\/h2><p><span style=\"font-weight: 400;\">Le Botox gastrique augmente la sensation de sati\u00e9t\u00e9 en agissant sur les fonctions motrices de l'estomac. Lorsque les muscles de l'estomac se d\u00e9tendent, les aliments sont dig\u00e9r\u00e9s plus lentement, ce qui permet de rester rassasi\u00e9 plus longtemps. En outre, la vidange gastrique est \u00e9galement ralentie, ce qui donne \u00e0 la personne une sensation de sati\u00e9t\u00e9 plus longtemps apr\u00e8s avoir mang\u00e9. Cet effet peut \u00eatre particuli\u00e8rement b\u00e9n\u00e9fique pour les personnes qui ont tendance \u00e0 trop manger.<\/span><\/p><h2><span style=\"font-weight: 400;\">Qui ne peut pas avoir recours \u00e0 l'application de Botox dans l'estomac ?<\/span><\/h2><p><span style=\"font-weight: 400;\">Le botox gastrique n'est pas appliqu\u00e9 aux personnes pr\u00e9sentant certains probl\u00e8mes de sant\u00e9. Des conditions telles que les ulc\u00e8res d'estomac, la gastrite, la grossesse ou l'allaitement, les interventions chirurgicales sur l'estomac ou les maladies cardiovasculaires graves peuvent constituer un obstacle \u00e0 l'application du botox gastrique. L'accord de votre m\u00e9decin doit \u00eatre obtenu avant l'application.<\/span><\/p>\t\t\t\t\t\t\t\t<\/div>\n\t\t\t\t<\/div>\n\t\t\t\t\t<\/div>\n\t\t\t\t<\/div>\n\t\t\t\t<\/div>","protected":false},"excerpt":{"rendered":"<p>Ortalama Kal\u0131\u015f S\u00fcresi 7 G\u00fcn Hastanede Yat\u0131\u015f S\u00fcresi 1 G\u00fcn Operasyon S\u00fcresi 2-4 Saat Anestezi T\u00fcr\u00fc Genel Anestezi \u0130yile\u015fme S\u00fcresi<\/p>","protected":false},"author":1,"featured_media":0,"parent":0,"menu_order":0,"comment_status":"closed","ping_status":"closed","template":"","meta":{"footnotes":""},"class_list":["post-27892","page","type-page","status-publish","hentry"],"_links":{"self":[{"href":"https:\/\/westestetik.com\/fr\/wp-json\/wp\/v2\/pages\/27892","targetHints":{"allow":["GET"]}}],"collection":[{"href":"https:\/\/westestetik.com\/fr\/wp-json\/wp\/v2\/pages"}],"about":[{"href":"https:\/\/westestetik.com\/fr\/wp-json\/wp\/v2\/types\/page"}],"author":[{"embeddable":true,"href":"https:\/\/westestetik.com\/fr\/wp-json\/wp\/v2\/users\/1"}],"replies":[{"embeddable":true,"href":"https:\/\/westestetik.com\/fr\/wp-json\/wp\/v2\/comments?post=27892"}],"version-history":[{"count":10,"href":"https:\/\/westestetik.com\/fr\/wp-json\/wp\/v2\/pages\/27892\/revisions"}],"predecessor-version":[{"id":30821,"href":"https:\/\/westestetik.com\/fr\/wp-json\/wp\/v2\/pages\/27892\/revisions\/30821"}],"wp:attachment":[{"href":"https:\/\/westestetik.com\/fr\/wp-json\/wp\/v2\/media?parent=27892"}],"curies":[{"name":"wp","href":"https:\/\/api.w.org\/{rel}","templated":true}]}}