{"id":27890,"date":"2024-12-02T23:35:16","date_gmt":"2024-12-02T23:35:16","guid":{"rendered":"https:\/\/westestetik.com\/?page_id=27890"},"modified":"2024-12-26T15:00:16","modified_gmt":"2024-12-26T15:00:16","slug":"tube-gastrique","status":"publish","type":"page","link":"https:\/\/westestetik.com\/fr\/tube-gastrique\/","title":{"rendered":"Tube Gastrique"},"content":{"rendered":"<div data-elementor-type=\"wp-page\" data-elementor-id=\"27890\" class=\"elementor elementor-27890\" data-elementor-post-type=\"page\">\n\t\t\t\t<div class=\"elementor-element elementor-element-ef449eb e-con-full elementor-hidden-mobile e-flex e-con e-parent\" data-id=\"ef449eb\" data-element_type=\"container\">\n\t\t<div class=\"elementor-element elementor-element-37d9371c e-con-full e-flex e-con e-child\" data-id=\"37d9371c\" data-element_type=\"container\">\n\t\t\t\t<div class=\"elementor-element elementor-element-6d1d5164 elementor-widget elementor-widget-image\" data-id=\"6d1d5164\" data-element_type=\"widget\" data-widget_type=\"image.default\">\n\t\t\t\t<div class=\"elementor-widget-container\">\n\t\t\t\t\t\t\t\t\t\t\t\t\t\t\t<img decoding=\"async\" width=\"100\" height=\"100\" src=\"https:\/\/westestetik.com\/wp-content\/uploads\/2024\/12\/1-4.png\" class=\"attachment-large size-large wp-image-28814\" alt=\"\" srcset=\"https:\/\/westestetik.com\/wp-content\/uploads\/2024\/12\/1-4.png 100w, https:\/\/westestetik.com\/wp-content\/uploads\/2024\/12\/1-4-12x12.png 12w\" sizes=\"(max-width: 100px) 100vw, 100px\" \/>\t\t\t\t\t\t\t\t\t\t\t\t\t\t\t<\/div>\n\t\t\t\t<\/div>\n\t\t\t\t<\/div>\n\t\t<div class=\"elementor-element elementor-element-34bb7990 e-con-full e-flex e-con e-child\" data-id=\"34bb7990\" data-element_type=\"container\">\n\t\t\t\t<div class=\"elementor-element elementor-element-61cec20 elementor-widget elementor-widget-image\" data-id=\"61cec20\" data-element_type=\"widget\" data-widget_type=\"image.default\">\n\t\t\t\t<div class=\"elementor-widget-container\">\n\t\t\t\t\t\t\t\t\t\t\t\t\t\t\t<img decoding=\"async\" width=\"100\" height=\"100\" src=\"https:\/\/westestetik.com\/wp-content\/uploads\/2024\/12\/2-5.png\" class=\"attachment-large size-large wp-image-28815\" alt=\"\" srcset=\"https:\/\/westestetik.com\/wp-content\/uploads\/2024\/12\/2-5.png 100w, https:\/\/westestetik.com\/wp-content\/uploads\/2024\/12\/2-5-12x12.png 12w\" sizes=\"(max-width: 100px) 100vw, 100px\" \/>\t\t\t\t\t\t\t\t\t\t\t\t\t\t\t<\/div>\n\t\t\t\t<\/div>\n\t\t\t\t<\/div>\n\t\t<div class=\"elementor-element elementor-element-362dcdb0 e-con-full e-flex e-con e-child\" data-id=\"362dcdb0\" data-element_type=\"container\">\n\t\t\t\t<div class=\"elementor-element elementor-element-1dff6ea9 elementor-widget elementor-widget-image\" data-id=\"1dff6ea9\" data-element_type=\"widget\" data-widget_type=\"image.default\">\n\t\t\t\t<div class=\"elementor-widget-container\">\n\t\t\t\t\t\t\t\t\t\t\t\t\t\t\t<img decoding=\"async\" width=\"100\" height=\"100\" src=\"https:\/\/westestetik.com\/wp-content\/uploads\/2024\/12\/3-1.png\" class=\"attachment-large size-large wp-image-28816\" alt=\"\" srcset=\"https:\/\/westestetik.com\/wp-content\/uploads\/2024\/12\/3-1.png 100w, https:\/\/westestetik.com\/wp-content\/uploads\/2024\/12\/3-1-12x12.png 12w\" sizes=\"(max-width: 100px) 100vw, 100px\" \/>\t\t\t\t\t\t\t\t\t\t\t\t\t\t\t<\/div>\n\t\t\t\t<\/div>\n\t\t\t\t<\/div>\n\t\t<div class=\"elementor-element elementor-element-6e74804b e-con-full e-flex e-con e-child\" data-id=\"6e74804b\" data-element_type=\"container\">\n\t\t\t\t<div class=\"elementor-element elementor-element-715d1580 elementor-widget elementor-widget-image\" data-id=\"715d1580\" data-element_type=\"widget\" data-widget_type=\"image.default\">\n\t\t\t\t<div class=\"elementor-widget-container\">\n\t\t\t\t\t\t\t\t\t\t\t\t\t\t\t<img loading=\"lazy\" decoding=\"async\" width=\"100\" height=\"100\" src=\"https:\/\/westestetik.com\/wp-content\/uploads\/2024\/12\/4-1.png\" class=\"attachment-large size-large wp-image-28817\" alt=\"\" srcset=\"https:\/\/westestetik.com\/wp-content\/uploads\/2024\/12\/4-1.png 100w, https:\/\/westestetik.com\/wp-content\/uploads\/2024\/12\/4-1-12x12.png 12w\" sizes=\"(max-width: 100px) 100vw, 100px\" \/>\t\t\t\t\t\t\t\t\t\t\t\t\t\t\t<\/div>\n\t\t\t\t<\/div>\n\t\t\t\t<\/div>\n\t\t<div class=\"elementor-element elementor-element-32b2aaba e-con-full e-flex e-con e-child\" data-id=\"32b2aaba\" data-element_type=\"container\">\n\t\t\t\t<div class=\"elementor-element elementor-element-45fcbf82 elementor-widget elementor-widget-image\" data-id=\"45fcbf82\" data-element_type=\"widget\" data-widget_type=\"image.default\">\n\t\t\t\t<div class=\"elementor-widget-container\">\n\t\t\t\t\t\t\t\t\t\t\t\t\t\t\t<img loading=\"lazy\" decoding=\"async\" width=\"100\" height=\"100\" src=\"https:\/\/westestetik.com\/wp-content\/uploads\/2024\/12\/5-1.png\" class=\"attachment-large size-large wp-image-28818\" alt=\"\" srcset=\"https:\/\/westestetik.com\/wp-content\/uploads\/2024\/12\/5-1.png 100w, https:\/\/westestetik.com\/wp-content\/uploads\/2024\/12\/5-1-12x12.png 12w\" sizes=\"(max-width: 100px) 100vw, 100px\" \/>\t\t\t\t\t\t\t\t\t\t\t\t\t\t\t<\/div>\n\t\t\t\t<\/div>\n\t\t\t\t<\/div>\n\t\t\t\t<\/div>\n\t\t<div class=\"wd-negative-gap elementor-element elementor-element-79a1eac0 elementor-hidden-mobile e-flex e-con-boxed e-con e-parent\" data-id=\"79a1eac0\" data-element_type=\"container\">\n\t\t\t\t\t<div class=\"e-con-inner\">\n\t\t<div class=\"elementor-element elementor-element-b5ca11c e-con-full e-flex e-con e-child\" data-id=\"b5ca11c\" data-element_type=\"container\">\n\t\t\t\t<div class=\"elementor-element elementor-element-4c82f45f wd-width-100 elementor-widget elementor-widget-wd_title\" data-id=\"4c82f45f\" data-element_type=\"widget\" data-widget_type=\"wd_title.default\">\n\t\t\t\t<div class=\"elementor-widget-container\">\n\t\t\t\t\t\t\t<div class=\"title-wrapper set-mb-s reset-last-child wd-title-color-default wd-title-style-default wd-title-size-default text-center\">\n\n\t\t\t\t\t\t\t<div class=\"title-subtitle subtitle-color-default subtitle-style-default wd-fontsize-xs\">\n\t\t\t\t\tDur\u00e9e moyenne du s\u00e9jour\t\t\t\t<\/div>\n\t\t\t\n\t\t\t<div class=\"liner-continer\">\n\t\t\t\t<p class=\"woodmart-title-container title wd-fontsize-l\">7 jours<\/p> \n\t\t\t\t\t\t\t<\/div>\n\n\t\t\t\t\t<\/div>\n\t\t\t\t\t\t<\/div>\n\t\t\t\t<\/div>\n\t\t\t\t<\/div>\n\t\t<div class=\"elementor-element elementor-element-2ba64e17 e-con-full e-flex e-con e-child\" data-id=\"2ba64e17\" data-element_type=\"container\">\n\t\t\t\t<div class=\"elementor-element elementor-element-659d88e9 wd-width-100 elementor-widget elementor-widget-wd_title\" data-id=\"659d88e9\" data-element_type=\"widget\" data-widget_type=\"wd_title.default\">\n\t\t\t\t<div class=\"elementor-widget-container\">\n\t\t\t\t\t\t\t<div class=\"title-wrapper set-mb-s reset-last-child wd-title-color-default wd-title-style-default wd-title-size-default text-center\">\n\n\t\t\t\t\t\t\t<div class=\"title-subtitle subtitle-color-default subtitle-style-default wd-fontsize-xs\">\n\t\t\t\t\tDur\u00e9e de l'hospitalisation\t\t\t\t<\/div>\n\t\t\t\n\t\t\t<div class=\"liner-continer\">\n\t\t\t\t<p class=\"woodmart-title-container title wd-fontsize-l\">1 jour<\/p> \n\t\t\t\t\t\t\t<\/div>\n\n\t\t\t\t\t<\/div>\n\t\t\t\t\t\t<\/div>\n\t\t\t\t<\/div>\n\t\t\t\t<\/div>\n\t\t<div class=\"elementor-element elementor-element-495f97d3 e-con-full e-flex e-con e-child\" data-id=\"495f97d3\" data-element_type=\"container\">\n\t\t\t\t<div class=\"elementor-element elementor-element-7f7f2981 wd-width-100 elementor-widget elementor-widget-wd_title\" data-id=\"7f7f2981\" data-element_type=\"widget\" data-widget_type=\"wd_title.default\">\n\t\t\t\t<div class=\"elementor-widget-container\">\n\t\t\t\t\t\t\t<div class=\"title-wrapper set-mb-s reset-last-child wd-title-color-default wd-title-style-default wd-title-size-default text-center\">\n\n\t\t\t\t\t\t\t<div class=\"title-subtitle subtitle-color-default subtitle-style-default wd-fontsize-xs\">\n\t\t\t\t\tDur\u00e9e de l'op\u00e9ration\t\t\t\t<\/div>\n\t\t\t\n\t\t\t<div class=\"liner-continer\">\n\t\t\t\t<p class=\"woodmart-title-container title wd-fontsize-l\">2-4 heures<\/p> \n\t\t\t\t\t\t\t<\/div>\n\n\t\t\t\t\t<\/div>\n\t\t\t\t\t\t<\/div>\n\t\t\t\t<\/div>\n\t\t\t\t<\/div>\n\t\t<div class=\"elementor-element elementor-element-4c5d8ebe e-con-full e-flex e-con e-child\" data-id=\"4c5d8ebe\" data-element_type=\"container\">\n\t\t\t\t<div class=\"elementor-element elementor-element-56ff3865 wd-width-100 elementor-widget elementor-widget-wd_title\" data-id=\"56ff3865\" data-element_type=\"widget\" data-widget_type=\"wd_title.default\">\n\t\t\t\t<div class=\"elementor-widget-container\">\n\t\t\t\t\t\t\t<div class=\"title-wrapper set-mb-s reset-last-child wd-title-color-default wd-title-style-default wd-title-size-default text-center\">\n\n\t\t\t\t\t\t\t<div class=\"title-subtitle subtitle-color-default subtitle-style-default wd-fontsize-xs\">\n\t\t\t\t\tType d'anesth\u00e9sie\t\t\t\t<\/div>\n\t\t\t\n\t\t\t<div class=\"liner-continer\">\n\t\t\t\t<p class=\"woodmart-title-container title wd-fontsize-l\">Anesth\u00e9sie g\u00e9n\u00e9rale<\/p> \n\t\t\t\t\t\t\t<\/div>\n\n\t\t\t\t\t<\/div>\n\t\t\t\t\t\t<\/div>\n\t\t\t\t<\/div>\n\t\t\t\t<\/div>\n\t\t<div class=\"elementor-element elementor-element-1cb826ef e-con-full e-flex e-con e-child\" data-id=\"1cb826ef\" data-element_type=\"container\">\n\t\t\t\t<div class=\"elementor-element elementor-element-50ccacf3 wd-width-100 elementor-widget elementor-widget-wd_title\" data-id=\"50ccacf3\" data-element_type=\"widget\" data-widget_type=\"wd_title.default\">\n\t\t\t\t<div class=\"elementor-widget-container\">\n\t\t\t\t\t\t\t<div class=\"title-wrapper set-mb-s reset-last-child wd-title-color-default wd-title-style-default wd-title-size-default text-center\">\n\n\t\t\t\t\t\t\t<div class=\"title-subtitle subtitle-color-default subtitle-style-default wd-fontsize-xs\">\n\t\t\t\t\tD\u00e9lai de r\u00e9cup\u00e9ration\t\t\t\t<\/div>\n\t\t\t\n\t\t\t<div class=\"liner-continer\">\n\t\t\t\t<p class=\"woodmart-title-container title wd-fontsize-l\">1-2 semaines<\/p> \n\t\t\t\t\t\t\t<\/div>\n\n\t\t\t\t\t<\/div>\n\t\t\t\t\t\t<\/div>\n\t\t\t\t<\/div>\n\t\t\t\t<\/div>\n\t\t\t\t\t<\/div>\n\t\t\t\t<\/div>\n\t\t<div class=\"wd-negative-gap elementor-element elementor-element-ea4a277 e-flex e-con-boxed e-con e-parent\" data-id=\"ea4a277\" data-element_type=\"container\">\n\t\t\t\t\t<div class=\"e-con-inner\">\n\t\t\t\t<div class=\"elementor-element elementor-element-ea8e010 color-scheme-inherit text-left elementor-widget elementor-widget-text-editor\" data-id=\"ea8e010\" data-element_type=\"widget\" data-widget_type=\"text-editor.default\">\n\t\t\t\t<div class=\"elementor-widget-container\">\n\t\t\t\t\t\t\t\t\t<p><span style=\"font-weight: 400;\">La gastrectomie en manchon est une intervention chirurgicale qui offre une solution efficace aux personnes souffrant de surpoids et d'ob\u00e9sit\u00e9. Aujourd'hui, elle est devenue une option privil\u00e9gi\u00e9e pour de nombreuses personnes qui souhaitent perdre du poids de mani\u00e8re saine et r\u00e9duire le risque de maladies li\u00e9es \u00e0 l'ob\u00e9sit\u00e9. Cette op\u00e9ration consiste \u00e0 retirer une grande partie de l'estomac et \u00e0 le transformer en un tube plus petit. Ainsi, la capacit\u00e9 de manger est restreinte et la personne se rassasie avec une plus petite quantit\u00e9 de nourriture. La sleeve gastrique permet non seulement d'acc\u00e9l\u00e9rer la perte de poids, mais aussi d'am\u00e9liorer l'\u00e9tat de sant\u00e9 g\u00e9n\u00e9ral et la qualit\u00e9 de vie.<\/span><\/p><h2><span style=\"font-weight: 400;\">Qu'est-ce que la gastrectomie avec sleeve gastrique ?<\/span><\/h2><p><span style=\"font-weight: 400;\">La gastrectomie en manchon est une intervention chirurgicale couramment utilis\u00e9e pour le traitement de l'ob\u00e9sit\u00e9. Cette op\u00e9ration consiste \u00e0 r\u00e9tr\u00e9cir l'estomac pour lui donner une forme tubulaire, de sorte que la personne est rassasi\u00e9e avec moins de nourriture et que l'apport calorique est consid\u00e9rablement r\u00e9duit. La sleeve gastrique consiste \u00e0 retirer une grande partie de l'estomac pour aider les patients \u00e0 perdre du poids, mais l'estomac continue de fonctionner sans affecter le syst\u00e8me digestif.<\/span><\/p><h2><span style=\"font-weight: 400;\">\u00c0 qui la gastrectomie en manchon peut-elle s'appliquer ?<\/span><\/h2><p><span style=\"font-weight: 400;\">La gastrectomie en manchon est une option appropri\u00e9e pour les personnes qui ont g\u00e9n\u00e9ralement des probl\u00e8mes de surpoids et qui ne peuvent pas perdre de poids avec un r\u00e9gime et de l'exercice. D'un point de vue m\u00e9dical, elle peut s'appliquer aux personnes dont l'indice de masse corporelle (IMC) est sup\u00e9rieur ou \u00e9gal \u00e0 40 ou dont l'IMC est compris entre 35 et 40 et qui pr\u00e9sentent des probl\u00e8mes de sant\u00e9 li\u00e9s \u00e0 l'ob\u00e9sit\u00e9. En outre, la sleeve gastrectomie est l'une des solutions les plus efficaces pour les personnes en bonne sant\u00e9 et pr\u00eates \u00e0 modifier leur mode de vie avant et apr\u00e8s l'op\u00e9ration.<\/span><\/p><h2><span style=\"font-weight: 400;\">Quels sont les avantages de la gastrectomie avec sleeve gastrique ?<\/span><\/h2><p><span style=\"font-weight: 400;\">La gastrectomie en manchon permet non seulement de perdre du poids, mais aussi d'am\u00e9liorer les probl\u00e8mes de sant\u00e9 li\u00e9s \u00e0 l'ob\u00e9sit\u00e9. Elle peut contribuer \u00e0 r\u00e9duire des affections telles que l'hypertension art\u00e9rielle, le diab\u00e8te, l'apn\u00e9e du sommeil et les probl\u00e8mes articulaires. En outre, la sleeve gastrectomie permet aux patients d'adopter un mode de vie plus sain et d'am\u00e9liorer leur qualit\u00e9 de vie. La perte de poids contribue \u00e9galement au r\u00e9tablissement psychologique.<\/span><\/p><h2><span style=\"font-weight: 400;\">Comment se d\u00e9roule l'op\u00e9ration de gastrectomie avec sleeve gastrique ?<\/span><\/h2><p><span style=\"font-weight: 400;\">La gastrectomie en manchon est r\u00e9alis\u00e9e par laparoscopie. En d'autres termes, de petites incisions sont pratiqu\u00e9es dans l'abdomen et l'intervention est r\u00e9alis\u00e9e \u00e0 l'aide d'une cam\u00e9ra et d'instruments chirurgicaux. Le chirurgien enl\u00e8ve la plus grande partie de l'estomac et ne laisse qu'une forme de tube. Ce tube d'estomac permet de se sentir rassasi\u00e9 plus rapidement et acc\u00e9l\u00e8re la perte de poids. L'op\u00e9ration dure g\u00e9n\u00e9ralement 1 \u00e0 2 heures et le patient peut sortir de l'h\u00f4pital quelques jours plus tard.<\/span><\/p><h2><span style=\"font-weight: 400;\">Combien de temps faut-il pour se r\u00e9tablir apr\u00e8s une sleeve gastrectomie ?<\/span><\/h2><p><span style=\"font-weight: 400;\">Bien que le processus de r\u00e9tablissement apr\u00e8s une sleeve gastrectomie varie d'une personne \u00e0 l'autre, la plupart des patients sortent de l'h\u00f4pital au bout de quelques jours. Au cours des premi\u00e8res semaines, les patients doivent se limiter \u00e0 des activit\u00e9s l\u00e9g\u00e8res et \u00e9viter les exercices lourds. Apr\u00e8s l'op\u00e9ration, le processus de r\u00e9tablissement dure g\u00e9n\u00e9ralement 1 \u00e0 2 mois et les patients commencent \u00e0 reprendre une vie normale. Toutefois, la gu\u00e9rison compl\u00e8te et la perte de poids peuvent prendre des ann\u00e9es.<\/span><\/p><h2><span style=\"font-weight: 400;\">Comment l'alimentation doit-elle \u00eatre assur\u00e9e apr\u00e8s une sleeve gastric gastrectomy ?<\/span><\/h2><p><span style=\"font-weight: 400;\">L'alimentation apr\u00e8s une sleeve gastrectomie est essentielle \u00e0 la r\u00e9ussite du processus de r\u00e9tablissement. Dans un premier temps, les patients sont invit\u00e9s \u00e0 consommer des aliments liquides. Ensuite, des aliments mous et solides sont progressivement introduits dans le r\u00e9gime alimentaire. Il est recommand\u00e9 de prendre 5 \u00e0 6 petits repas par jour et de r\u00e9duire consid\u00e9rablement les portions. Les aliments riches en prot\u00e9ines et pauvres en calories doivent \u00eatre privil\u00e9gi\u00e9s. Il est \u00e9galement important de boire beaucoup d'eau et de prendre des suppl\u00e9ments vitaminiques.<\/span><\/p><h2><span style=\"font-weight: 400;\">Quels sont les risques et les effets secondaires de la gastrectomie avec sleeve gastrique ?<\/span><\/h2><p><span style=\"font-weight: 400;\">La sleeve gastrique, comme toute autre intervention chirurgicale, comporte certains risques. Il peut s'agir d'infections, de saignements, de r\u00e9actions allergiques \u00e0 l'anesth\u00e9sie, de fuites gastriques et de carences nutritionnelles. En outre, certains patients peuvent souffrir de naus\u00e9es, de vomissements et de flatulences apr\u00e8s l'op\u00e9ration. Toutefois, ces risques peuvent g\u00e9n\u00e9ralement \u00eatre minimis\u00e9s gr\u00e2ce \u00e0 une intervention chirurgicale appropri\u00e9e r\u00e9alis\u00e9e par un chirurgien sp\u00e9cialis\u00e9.<\/span><\/p><h2><span style=\"font-weight: 400;\">Quels sont les examens pratiqu\u00e9s lors d'une gastrectomie avec sleeve gastrique ?<\/span><\/h2><p><span style=\"font-weight: 400;\">Avant d'opter pour la gastrectomie en manchon, une s\u00e9rie de tests et d'examens sont n\u00e9cessaires. Ces tests sont importants pour \u00e9valuer l'\u00e9tat de sant\u00e9 g\u00e9n\u00e9ral, d\u00e9terminer l'aptitude \u00e0 la chirurgie et d\u00e9tecter \u00e0 l'avance d'\u00e9ventuelles complications. Des tests tels que des analyses sanguines, un \u00e9chocardiogramme, des tests de la fonction pulmonaire et une endoscopie gastrique peuvent \u00eatre effectu\u00e9s. L'\u00e9tat psychologique du patient est \u00e9galement \u00e9valu\u00e9.<\/span><\/p><h2><span style=\"font-weight: 400;\">Quand pourrai-je reprendre une vie sociale apr\u00e8s une sleeve gastric gastrectomy ?<\/span><\/h2><p><span style=\"font-weight: 400;\">Le retour \u00e0 la vie sociale apr\u00e8s une sleeve gastrectomie d\u00e9pend du processus de r\u00e9cup\u00e9ration. La plupart des patients peuvent retourner au travail ou \u00e0 l'\u00e9cole en quelques jours. Toutefois, il peut \u00eatre n\u00e9cessaire d'attendre 1 \u00e0 2 semaines avant d'\u00eatre plus actif physiquement. Avant de commencer des exercices intensifs et des travaux lourds, vous devez vous conformer aux recommandations du m\u00e9decin.<\/span><\/p><h2><span style=\"font-weight: 400;\">Comment se d\u00e9roule le processus de perte de poids avec la gastrectomie \u00e0 chemise gastrique ?<\/span><\/h2><p><span style=\"font-weight: 400;\">La gastrectomie en manchon permet une perte de poids rapide au cours des premiers mois. Les patients commencent \u00e0 perdre du poids de mani\u00e8re significative quelques semaines apr\u00e8s l'op\u00e9ration. Le processus de perte de poids se poursuit avec la r\u00e9duction du volume de l'estomac et l'apport limit\u00e9 de calories. Toutefois, pour que la perte de poids soit continue, il convient d'adopter des habitudes alimentaires saines et de faire de l'exercice.<\/span><\/p><h2><span style=\"font-weight: 400;\">Programme alimentaire \u00e0 suivre apr\u00e8s une gastrectomie avec manchon gastrique<\/span><\/h2><p><span style=\"font-weight: 400;\">Le programme alimentaire \u00e0 suivre apr\u00e8s une sleeve gastrectomie est g\u00e9n\u00e9ralement pr\u00e9par\u00e9 individuellement par les chirurgiens et les di\u00e9t\u00e9ticiens. Le programme alimentaire doit comprendre des aliments \u00e0 faible teneur en calories et \u00e0 haute valeur nutritionnelle. La prise de suppl\u00e9ments de prot\u00e9ines, de vitamines et de min\u00e9raux soutiendra le processus de perte de poids. Il est \u00e9galement conseill\u00e9 aux patients de manger lentement, de bien m\u00e2cher et de ne pas trop manger.<\/span><\/p><h2><span style=\"font-weight: 400;\">Quels sont les prix de la gastrectomie avec sleeve gastrique ?<\/span><\/h2><p><span style=\"font-weight: 400;\">Les prix de la chirurgie de l'estomac tubulaire peuvent varier en fonction de nombreux facteurs. Des facteurs tels que l'exp\u00e9rience du chirurgien, le choix de l'h\u00f4pital ou de la clinique, la technologie utilis\u00e9e et l'\u00e9tat de sant\u00e9 du patient peuvent influer sur le prix. En outre, les examens compl\u00e9mentaires \u00e0 effectuer au cours du traitement et les services de soins postop\u00e9ratoires sont \u00e9galement des facteurs qui influencent le prix. Toutefois, il ne faut pas oublier que la sleeve gastrectomie peut r\u00e9duire les co\u00fbts de sant\u00e9 \u00e0 long terme.<\/span><\/p><h2><span style=\"font-weight: 400;\">Quels sont les m\u00e9dicaments \u00e0 utiliser apr\u00e8s une sleeve gastrectomie ?<\/span><\/h2><p><span style=\"font-weight: 400;\">Apr\u00e8s une sleeve gastrectomie, les patients doivent g\u00e9n\u00e9ralement prendre des analg\u00e9siques et des m\u00e9dicaments gastroprotecteurs. Il est \u00e9galement n\u00e9cessaire de prendre des suppl\u00e9ments de vitamines et de min\u00e9raux, car il peut \u00eatre difficile pour le corps d'absorber certains nutriments en raison de l'ablation d'une petite partie de l'estomac. Ces compl\u00e9ments aident les patients \u00e0 perdre du poids de mani\u00e8re saine.<\/span><\/p><h2><span style=\"font-weight: 400;\">Qui n'est pas apte \u00e0 subir une sleeve gastrectomy ?<\/span><\/h2><p><span style=\"font-weight: 400;\">La sleeve gastrectomie peut ne pas convenir \u00e0 certaines personnes. La sleeve gastric n'est pas recommand\u00e9e pour les personnes souffrant de probl\u00e8mes de sant\u00e9 graves tels que la grossesse, les maladies cardiaques graves, le cancer ou les maladies psychiatriques. Cette intervention n'est pas non plus recommand\u00e9e aux personnes ayant une consommation excessive d'alcool et de cigarettes. Avant l'op\u00e9ration, l'\u00e9tat de sant\u00e9 g\u00e9n\u00e9ral des patients doit \u00eatre \u00e9valu\u00e9 en d\u00e9tail.<\/span><\/p><p>\u00a0<\/p>\t\t\t\t\t\t\t\t<\/div>\n\t\t\t\t<\/div>\n\t\t\t\t\t<\/div>\n\t\t\t\t<\/div>\n\t\t\t\t<\/div>","protected":false},"excerpt":{"rendered":"<p>Ortalama Kal\u0131\u015f S\u00fcresi 7 G\u00fcn Hastanede Yat\u0131\u015f S\u00fcresi 1 G\u00fcn Operasyon S\u00fcresi 2-4 Saat Anestezi T\u00fcr\u00fc Genel Anestezi \u0130yile\u015fme S\u00fcresi<\/p>","protected":false},"author":1,"featured_media":0,"parent":0,"menu_order":0,"comment_status":"closed","ping_status":"closed","template":"","meta":{"footnotes":""},"class_list":["post-27890","page","type-page","status-publish","hentry"],"_links":{"self":[{"href":"https:\/\/westestetik.com\/fr\/wp-json\/wp\/v2\/pages\/27890","targetHints":{"allow":["GET"]}}],"collection":[{"href":"https:\/\/westestetik.com\/fr\/wp-json\/wp\/v2\/pages"}],"about":[{"href":"https:\/\/westestetik.com\/fr\/wp-json\/wp\/v2\/types\/page"}],"author":[{"embeddable":true,"href":"https:\/\/westestetik.com\/fr\/wp-json\/wp\/v2\/users\/1"}],"replies":[{"embeddable":true,"href":"https:\/\/westestetik.com\/fr\/wp-json\/wp\/v2\/comments?post=27890"}],"version-history":[{"count":13,"href":"https:\/\/westestetik.com\/fr\/wp-json\/wp\/v2\/pages\/27890\/revisions"}],"predecessor-version":[{"id":29013,"href":"https:\/\/westestetik.com\/fr\/wp-json\/wp\/v2\/pages\/27890\/revisions\/29013"}],"wp:attachment":[{"href":"https:\/\/westestetik.com\/fr\/wp-json\/wp\/v2\/media?parent=27890"}],"curies":[{"name":"wp","href":"https:\/\/api.w.org\/{rel}","templated":true}]}}