{"id":27885,"date":"2024-12-02T23:34:45","date_gmt":"2024-12-02T23:34:45","guid":{"rendered":"https:\/\/westestetik.com\/?page_id=27885"},"modified":"2024-12-26T14:59:32","modified_gmt":"2024-12-26T14:59:32","slug":"pontage-gastrique","status":"publish","type":"page","link":"https:\/\/westestetik.com\/fr\/pontage-gastrique\/","title":{"rendered":"Pontage Gastrique"},"content":{"rendered":"<div data-elementor-type=\"wp-page\" data-elementor-id=\"27885\" class=\"elementor elementor-27885\" data-elementor-post-type=\"page\">\n\t\t\t\t<div class=\"elementor-element elementor-element-28d9e0d7 e-con-full elementor-hidden-mobile e-flex e-con e-parent\" data-id=\"28d9e0d7\" data-element_type=\"container\">\n\t\t<div class=\"elementor-element elementor-element-7d75e3ea e-con-full e-flex e-con e-child\" data-id=\"7d75e3ea\" data-element_type=\"container\">\n\t\t\t\t<div class=\"elementor-element elementor-element-d2195a6 elementor-widget elementor-widget-image\" data-id=\"d2195a6\" data-element_type=\"widget\" data-widget_type=\"image.default\">\n\t\t\t\t<div class=\"elementor-widget-container\">\n\t\t\t\t\t\t\t\t\t\t\t\t\t\t\t<img decoding=\"async\" width=\"100\" height=\"100\" src=\"https:\/\/westestetik.com\/wp-content\/uploads\/2024\/12\/1-4.png\" class=\"attachment-large size-large wp-image-28814\" alt=\"\" srcset=\"https:\/\/westestetik.com\/wp-content\/uploads\/2024\/12\/1-4.png 100w, https:\/\/westestetik.com\/wp-content\/uploads\/2024\/12\/1-4-12x12.png 12w\" sizes=\"(max-width: 100px) 100vw, 100px\" \/>\t\t\t\t\t\t\t\t\t\t\t\t\t\t\t<\/div>\n\t\t\t\t<\/div>\n\t\t\t\t<\/div>\n\t\t<div class=\"elementor-element elementor-element-5d235fe4 e-con-full e-flex e-con e-child\" data-id=\"5d235fe4\" data-element_type=\"container\">\n\t\t\t\t<div class=\"elementor-element elementor-element-1914ce08 elementor-widget elementor-widget-image\" data-id=\"1914ce08\" data-element_type=\"widget\" data-widget_type=\"image.default\">\n\t\t\t\t<div class=\"elementor-widget-container\">\n\t\t\t\t\t\t\t\t\t\t\t\t\t\t\t<img decoding=\"async\" width=\"100\" height=\"100\" src=\"https:\/\/westestetik.com\/wp-content\/uploads\/2024\/12\/2-5.png\" class=\"attachment-large size-large wp-image-28815\" alt=\"\" srcset=\"https:\/\/westestetik.com\/wp-content\/uploads\/2024\/12\/2-5.png 100w, https:\/\/westestetik.com\/wp-content\/uploads\/2024\/12\/2-5-12x12.png 12w\" sizes=\"(max-width: 100px) 100vw, 100px\" \/>\t\t\t\t\t\t\t\t\t\t\t\t\t\t\t<\/div>\n\t\t\t\t<\/div>\n\t\t\t\t<\/div>\n\t\t<div class=\"elementor-element elementor-element-1c07c977 e-con-full e-flex e-con e-child\" data-id=\"1c07c977\" data-element_type=\"container\">\n\t\t\t\t<div class=\"elementor-element elementor-element-28c5b7f4 elementor-widget elementor-widget-image\" data-id=\"28c5b7f4\" data-element_type=\"widget\" data-widget_type=\"image.default\">\n\t\t\t\t<div class=\"elementor-widget-container\">\n\t\t\t\t\t\t\t\t\t\t\t\t\t\t\t<img decoding=\"async\" width=\"100\" height=\"100\" src=\"https:\/\/westestetik.com\/wp-content\/uploads\/2024\/12\/3-1.png\" class=\"attachment-large size-large wp-image-28816\" alt=\"\" srcset=\"https:\/\/westestetik.com\/wp-content\/uploads\/2024\/12\/3-1.png 100w, https:\/\/westestetik.com\/wp-content\/uploads\/2024\/12\/3-1-12x12.png 12w\" sizes=\"(max-width: 100px) 100vw, 100px\" \/>\t\t\t\t\t\t\t\t\t\t\t\t\t\t\t<\/div>\n\t\t\t\t<\/div>\n\t\t\t\t<\/div>\n\t\t<div class=\"elementor-element elementor-element-29db1df1 e-con-full e-flex e-con e-child\" data-id=\"29db1df1\" data-element_type=\"container\">\n\t\t\t\t<div class=\"elementor-element elementor-element-7c4ccd94 elementor-widget elementor-widget-image\" data-id=\"7c4ccd94\" data-element_type=\"widget\" data-widget_type=\"image.default\">\n\t\t\t\t<div class=\"elementor-widget-container\">\n\t\t\t\t\t\t\t\t\t\t\t\t\t\t\t<img loading=\"lazy\" decoding=\"async\" width=\"100\" height=\"100\" src=\"https:\/\/westestetik.com\/wp-content\/uploads\/2024\/12\/4-1.png\" class=\"attachment-large size-large wp-image-28817\" alt=\"\" srcset=\"https:\/\/westestetik.com\/wp-content\/uploads\/2024\/12\/4-1.png 100w, https:\/\/westestetik.com\/wp-content\/uploads\/2024\/12\/4-1-12x12.png 12w\" sizes=\"(max-width: 100px) 100vw, 100px\" \/>\t\t\t\t\t\t\t\t\t\t\t\t\t\t\t<\/div>\n\t\t\t\t<\/div>\n\t\t\t\t<\/div>\n\t\t<div class=\"elementor-element elementor-element-362862e e-con-full e-flex e-con e-child\" data-id=\"362862e\" data-element_type=\"container\">\n\t\t\t\t<div class=\"elementor-element elementor-element-1206f694 elementor-widget elementor-widget-image\" data-id=\"1206f694\" data-element_type=\"widget\" data-widget_type=\"image.default\">\n\t\t\t\t<div class=\"elementor-widget-container\">\n\t\t\t\t\t\t\t\t\t\t\t\t\t\t\t<img loading=\"lazy\" decoding=\"async\" width=\"100\" height=\"100\" src=\"https:\/\/westestetik.com\/wp-content\/uploads\/2024\/12\/5-1.png\" class=\"attachment-large size-large wp-image-28818\" alt=\"\" srcset=\"https:\/\/westestetik.com\/wp-content\/uploads\/2024\/12\/5-1.png 100w, https:\/\/westestetik.com\/wp-content\/uploads\/2024\/12\/5-1-12x12.png 12w\" sizes=\"(max-width: 100px) 100vw, 100px\" \/>\t\t\t\t\t\t\t\t\t\t\t\t\t\t\t<\/div>\n\t\t\t\t<\/div>\n\t\t\t\t<\/div>\n\t\t\t\t<\/div>\n\t\t<div class=\"wd-negative-gap elementor-element elementor-element-199476fb elementor-hidden-mobile e-flex e-con-boxed e-con e-parent\" data-id=\"199476fb\" data-element_type=\"container\">\n\t\t\t\t\t<div class=\"e-con-inner\">\n\t\t<div class=\"elementor-element elementor-element-14f10ffc e-con-full e-flex e-con e-child\" data-id=\"14f10ffc\" data-element_type=\"container\">\n\t\t\t\t<div class=\"elementor-element elementor-element-54121be2 wd-width-100 elementor-widget elementor-widget-wd_title\" data-id=\"54121be2\" data-element_type=\"widget\" data-widget_type=\"wd_title.default\">\n\t\t\t\t<div class=\"elementor-widget-container\">\n\t\t\t\t\t\t\t<div class=\"title-wrapper set-mb-s reset-last-child wd-title-color-default wd-title-style-default wd-title-size-default text-center\">\n\n\t\t\t\t\t\t\t<div class=\"title-subtitle subtitle-color-default subtitle-style-default wd-fontsize-xs\">\n\t\t\t\t\tDur\u00e9e moyenne du s\u00e9jour\t\t\t\t<\/div>\n\t\t\t\n\t\t\t<div class=\"liner-continer\">\n\t\t\t\t<p class=\"woodmart-title-container title wd-fontsize-l\">7 jours<\/p> \n\t\t\t\t\t\t\t<\/div>\n\n\t\t\t\t\t<\/div>\n\t\t\t\t\t\t<\/div>\n\t\t\t\t<\/div>\n\t\t\t\t<\/div>\n\t\t<div class=\"elementor-element elementor-element-1698edca e-con-full e-flex e-con e-child\" data-id=\"1698edca\" data-element_type=\"container\">\n\t\t\t\t<div class=\"elementor-element elementor-element-7b7c2499 wd-width-100 elementor-widget elementor-widget-wd_title\" data-id=\"7b7c2499\" data-element_type=\"widget\" data-widget_type=\"wd_title.default\">\n\t\t\t\t<div class=\"elementor-widget-container\">\n\t\t\t\t\t\t\t<div class=\"title-wrapper set-mb-s reset-last-child wd-title-color-default wd-title-style-default wd-title-size-default text-center\">\n\n\t\t\t\t\t\t\t<div class=\"title-subtitle subtitle-color-default subtitle-style-default wd-fontsize-xs\">\n\t\t\t\t\tDur\u00e9e de l'hospitalisation\t\t\t\t<\/div>\n\t\t\t\n\t\t\t<div class=\"liner-continer\">\n\t\t\t\t<p class=\"woodmart-title-container title wd-fontsize-l\">1 jour<\/p> \n\t\t\t\t\t\t\t<\/div>\n\n\t\t\t\t\t<\/div>\n\t\t\t\t\t\t<\/div>\n\t\t\t\t<\/div>\n\t\t\t\t<\/div>\n\t\t<div class=\"elementor-element elementor-element-264efc3f e-con-full e-flex e-con e-child\" data-id=\"264efc3f\" data-element_type=\"container\">\n\t\t\t\t<div class=\"elementor-element elementor-element-4800436e wd-width-100 elementor-widget elementor-widget-wd_title\" data-id=\"4800436e\" data-element_type=\"widget\" data-widget_type=\"wd_title.default\">\n\t\t\t\t<div class=\"elementor-widget-container\">\n\t\t\t\t\t\t\t<div class=\"title-wrapper set-mb-s reset-last-child wd-title-color-default wd-title-style-default wd-title-size-default text-center\">\n\n\t\t\t\t\t\t\t<div class=\"title-subtitle subtitle-color-default subtitle-style-default wd-fontsize-xs\">\n\t\t\t\t\tDur\u00e9e de l'op\u00e9ration\t\t\t\t<\/div>\n\t\t\t\n\t\t\t<div class=\"liner-continer\">\n\t\t\t\t<p class=\"woodmart-title-container title wd-fontsize-l\">2-4 heures<\/p> \n\t\t\t\t\t\t\t<\/div>\n\n\t\t\t\t\t<\/div>\n\t\t\t\t\t\t<\/div>\n\t\t\t\t<\/div>\n\t\t\t\t<\/div>\n\t\t<div class=\"elementor-element elementor-element-3d0368ae e-con-full e-flex e-con e-child\" data-id=\"3d0368ae\" data-element_type=\"container\">\n\t\t\t\t<div class=\"elementor-element elementor-element-2b1ee3fb wd-width-100 elementor-widget elementor-widget-wd_title\" data-id=\"2b1ee3fb\" data-element_type=\"widget\" data-widget_type=\"wd_title.default\">\n\t\t\t\t<div class=\"elementor-widget-container\">\n\t\t\t\t\t\t\t<div class=\"title-wrapper set-mb-s reset-last-child wd-title-color-default wd-title-style-default wd-title-size-default text-center\">\n\n\t\t\t\t\t\t\t<div class=\"title-subtitle subtitle-color-default subtitle-style-default wd-fontsize-xs\">\n\t\t\t\t\tType d'anesth\u00e9sie\t\t\t\t<\/div>\n\t\t\t\n\t\t\t<div class=\"liner-continer\">\n\t\t\t\t<p class=\"woodmart-title-container title wd-fontsize-l\">Anesth\u00e9sie g\u00e9n\u00e9rale<\/p> \n\t\t\t\t\t\t\t<\/div>\n\n\t\t\t\t\t<\/div>\n\t\t\t\t\t\t<\/div>\n\t\t\t\t<\/div>\n\t\t\t\t<\/div>\n\t\t<div class=\"elementor-element elementor-element-33ea24e0 e-con-full e-flex e-con e-child\" data-id=\"33ea24e0\" data-element_type=\"container\">\n\t\t\t\t<div class=\"elementor-element elementor-element-18361fec wd-width-100 elementor-widget elementor-widget-wd_title\" data-id=\"18361fec\" data-element_type=\"widget\" data-widget_type=\"wd_title.default\">\n\t\t\t\t<div class=\"elementor-widget-container\">\n\t\t\t\t\t\t\t<div class=\"title-wrapper set-mb-s reset-last-child wd-title-color-default wd-title-style-default wd-title-size-default text-center\">\n\n\t\t\t\t\t\t\t<div class=\"title-subtitle subtitle-color-default subtitle-style-default wd-fontsize-xs\">\n\t\t\t\t\tD\u00e9lai de r\u00e9cup\u00e9ration\t\t\t\t<\/div>\n\t\t\t\n\t\t\t<div class=\"liner-continer\">\n\t\t\t\t<p class=\"woodmart-title-container title wd-fontsize-l\">1-2 semaines<\/p> \n\t\t\t\t\t\t\t<\/div>\n\n\t\t\t\t\t<\/div>\n\t\t\t\t\t\t<\/div>\n\t\t\t\t<\/div>\n\t\t\t\t<\/div>\n\t\t\t\t\t<\/div>\n\t\t\t\t<\/div>\n\t\t<div class=\"wd-negative-gap elementor-element elementor-element-d4c45e3 e-flex e-con-boxed e-con e-parent\" data-id=\"d4c45e3\" data-element_type=\"container\">\n\t\t\t\t\t<div class=\"e-con-inner\">\n\t\t\t\t<div class=\"elementor-element elementor-element-a1b6939 color-scheme-inherit text-left elementor-widget elementor-widget-text-editor\" data-id=\"a1b6939\" data-element_type=\"widget\" data-widget_type=\"text-editor.default\">\n\t\t\t\t<div class=\"elementor-widget-container\">\n\t\t\t\t\t\t\t\t\t<p><span style=\"font-weight: 400;\">Le bypass gastrique, option chirurgicale efficace dans le traitement de l'ob\u00e9sit\u00e9, est une proc\u00e9dure qui vise \u00e0 obtenir une perte de poids saine. En r\u00e9tr\u00e9cissant l'estomac et en le reliant \u00e0 l'intestin gr\u00eale, cette intervention permet d'absorber moins de calories et donc d'obtenir une perte de poids rapide. Cependant, le bypass gastrique peut contribuer \u00e0 r\u00e9duire non seulement la perte de poids, mais aussi les probl\u00e8mes de sant\u00e9 qui se d\u00e9veloppent en raison de l'ob\u00e9sit\u00e9. Ce processus permet d'obtenir des r\u00e9sultats \u00e0 long terme gr\u00e2ce \u00e0 une alimentation appropri\u00e9e, \u00e0 des changements de mode de vie et \u00e0 un suivi r\u00e9gulier.\u00a0<\/span><\/p><h2><span style=\"font-weight: 400;\">Qu'est-ce que le bypass gastrique et \u00e0 qui convient-il ?<\/span><\/h2><p><span style=\"font-weight: 400;\">Le bypass gastrique est une m\u00e9thode d'intervention chirurgicale efficace dans le traitement de l'ob\u00e9sit\u00e9. Cette proc\u00e9dure acc\u00e9l\u00e8re la digestion en r\u00e9tr\u00e9cissant l'estomac et en \u00e9tablissant une connexion directe avec l'intestin gr\u00eale. Le bypass gastrique convient particuli\u00e8rement aux personnes souffrant d'ob\u00e9sit\u00e9 morbide, qui ne parviennent pas \u00e0 perdre du poids avec un r\u00e9gime et de l'exercice et qui ont de graves probl\u00e8mes de sant\u00e9. L'op\u00e9ration vise \u00e0 permettre une perte de poids permanente pour une vie plus saine.<\/span><\/p><h2><span style=\"font-weight: 400;\">Comment se d\u00e9roule un bypass gastrique ?<\/span><\/h2><p><span style=\"font-weight: 400;\">Le bypass gastrique est g\u00e9n\u00e9ralement r\u00e9alis\u00e9 par laparoscopie (m\u00e9thode ferm\u00e9e). Dans cette m\u00e9thode, de petites incisions sont pratiqu\u00e9es dans l'abdomen et l'intervention est r\u00e9alis\u00e9e \u00e0 l'aide d'instruments sp\u00e9ciaux. L'estomac est transform\u00e9 en une petite poche qui est reli\u00e9e \u00e0 l'intestin gr\u00eale. De cette mani\u00e8re, le passage des aliments est modifi\u00e9, de sorte que moins de calories sont absorb\u00e9es et qu'une perte de poids est obtenue. La m\u00e9thode laparoscopique offre un r\u00e9tablissement plus rapide et un risque d'infection plus faible.<\/span><\/p><h2><span style=\"font-weight: 400;\">Quels sont les changements qui surviennent apr\u00e8s un bypass gastrique ?<\/span><\/h2><p><span style=\"font-weight: 400;\">Apr\u00e8s un bypass gastrique, des changements physiques et psychologiques sont observ\u00e9s. Tout d'abord, la saturation est ressentie avec moins de nourriture car l'estomac se r\u00e9tr\u00e9cit. En outre, les patients doivent \u00eatre plus attentifs \u00e0 leurs choix alimentaires et maintenir une alimentation saine et \u00e9quilibr\u00e9e. La p\u00e9riode postop\u00e9ratoire est une \u00e9tape importante pour la perte de poids et une vie plus saine. Toutefois, un suivi r\u00e9gulier et des changements de mode de vie sont n\u00e9cessaires pour assurer le succ\u00e8s \u00e0 long terme de ce processus.<\/span><\/p><h2><span style=\"font-weight: 400;\">Processus de pr\u00e9paration avant le bypass gastrique<\/span><\/h2><p><span style=\"font-weight: 400;\">Avant de subir un bypass gastrique, les patients doivent se soumettre \u00e0 une \u00e9valuation m\u00e9dicale compl\u00e8te. Un examen physique, des analyses de sang et certaines techniques d'imagerie permettent de d\u00e9terminer si le patient est apte \u00e0 subir une intervention chirurgicale. En outre, une consultation psychologique est \u00e9galement n\u00e9cessaire pour d\u00e9terminer si le patient est mentalement pr\u00eat pour ce changement majeur. Avant l'op\u00e9ration, le di\u00e9t\u00e9ticien et le chirurgien fournissent des informations d\u00e9taill\u00e9es sur le processus de pr\u00e9paration.<\/span><\/p><h2><span style=\"font-weight: 400;\">Combien de temps dure un bypass gastrique ?<\/span><\/h2><p><span style=\"font-weight: 400;\">L'op\u00e9ration de bypass gastrique dure g\u00e9n\u00e9ralement entre 1,5 et 3 heures. Cette dur\u00e9e peut varier en fonction de l'\u00e9tat de sant\u00e9 g\u00e9n\u00e9ral du patient, de l'exp\u00e9rience du chirurgien et des m\u00e9thodes utilis\u00e9es. Dans le cas d'une intervention r\u00e9alis\u00e9e par laparoscopie, le temps de r\u00e9cup\u00e9ration peut \u00eatre plus court. Apr\u00e8s l'op\u00e9ration, les patients restent g\u00e9n\u00e9ralement \u00e0 l'h\u00f4pital pendant quelques jours, puis se reposent \u00e0 la maison.<\/span><\/p><h2><span style=\"font-weight: 400;\">Prix du bypass gastrique et options de paiement<\/span><\/h2><p><span style=\"font-weight: 400;\">Les prix du bypass gastrique peuvent varier en fonction de l'exp\u00e9rience du chirurgien, de la technologie utilis\u00e9e et de l'emplacement de l'h\u00f4pital. En g\u00e9n\u00e9ral, le prix de l'intervention comprend l'hospitalisation, les m\u00e9dicaments et les services de suivi. Diff\u00e9rentes options de paiement sont propos\u00e9es, et certaines cliniques peuvent \u00e9galement \u00eatre conventionn\u00e9es avec des assurances maladie priv\u00e9es. Il est important de contacter l'h\u00f4pital pour obtenir des informations d\u00e9taill\u00e9es.<\/span><\/p><h2><span style=\"font-weight: 400;\">Perte de poids rapide et r\u00e9sultats durables gr\u00e2ce au bypass gastrique<\/span><\/h2><p><span style=\"font-weight: 400;\">Le bypass gastrique est une m\u00e9thode efficace qui permet une perte de poids rapide. Apr\u00e8s l'op\u00e9ration, les patients perdent g\u00e9n\u00e9ralement beaucoup de poids au cours de la premi\u00e8re ann\u00e9e. Toutefois, pour que cette perte soit permanente, il est n\u00e9cessaire d'adopter de bonnes habitudes alimentaires et de faire r\u00e9guli\u00e8rement de l'exercice. Le bypass gastrique permet non seulement de perdre du poids, mais aussi de r\u00e9duire les probl\u00e8mes de sant\u00e9 li\u00e9s \u00e0 l'ob\u00e9sit\u00e9, tels que les maladies cardiaques et le diab\u00e8te.<\/span><\/p><h2><span style=\"font-weight: 400;\">Risques et effets secondaires possibles du bypass gastrique<\/span><\/h2><p><span style=\"font-weight: 400;\">Comme toute intervention chirurgicale, le bypass gastrique pr\u00e9sente certains risques. Il peut s'agir d'infections, de saignements, de r\u00e9actions \u00e0 l'anesth\u00e9sie et d'obstructions intestinales. Certains patients peuvent \u00e9galement souffrir de carences en vitamines. Toutefois, ces risques peuvent \u00eatre minimis\u00e9s gr\u00e2ce \u00e0 l'exp\u00e9rience du chirurgien et \u00e0 des soins postop\u00e9ratoires appropri\u00e9s. Un suivi m\u00e9dical r\u00e9gulier apr\u00e8s un bypass gastrique est important pour la sant\u00e9 \u00e0 long terme.<\/span><\/p><h2><span style=\"font-weight: 400;\">Nutrition et r\u00e9gime alimentaire apr\u00e8s un bypass gastrique<\/span><\/h2><p><span style=\"font-weight: 400;\">L'alimentation apr\u00e8s un bypass gastrique est un facteur essentiel pour la durabilit\u00e9 de la perte de poids. Le r\u00e9gime, qui commence par des aliments liquides au cours de la premi\u00e8re p\u00e9riode, passe \u00e0 des aliments solides au fil du temps. Il est n\u00e9cessaire de manger lentement, de contr\u00f4ler les portions et de pr\u00e9f\u00e9rer les aliments nutritifs. Votre di\u00e9t\u00e9ticien pr\u00e9parera un plan personnalis\u00e9 pour vous et vous aidera \u00e0 perdre du poids de mani\u00e8re saine.<\/span><\/p><h2><span style=\"font-weight: 400;\">Pendant combien de temps le bypass gastrique fait-il perdre du poids ?<\/span><\/h2><p><span style=\"font-weight: 400;\">Bien que la perte de poids apr\u00e8s un bypass gastrique varie en fonction de facteurs personnels, une perte de poids rapide est g\u00e9n\u00e9ralement observ\u00e9e au cours des six premiers mois. Lors des suivis annuels, une perte de poids saine est vis\u00e9e.<\/span><\/p><h2><span style=\"font-weight: 400;\">Puis-je faire du sport apr\u00e8s un bypass gastrique ?<\/span><\/h2><p><span style=\"font-weight: 400;\">Au cours des premi\u00e8res semaines, il est recommand\u00e9 d'\u00e9viter les exercices intenses. Cependant, une fois le processus de gu\u00e9rison termin\u00e9, l'exercice r\u00e9gulier favorise la perte de poids.<\/span><\/p>\t\t\t\t\t\t\t\t<\/div>\n\t\t\t\t<\/div>\n\t\t\t\t\t<\/div>\n\t\t\t\t<\/div>\n\t\t\t\t<\/div>","protected":false},"excerpt":{"rendered":"<p>Ortalama Kal\u0131\u015f S\u00fcresi 7 G\u00fcn Hastanede Yat\u0131\u015f S\u00fcresi 1 G\u00fcn Operasyon S\u00fcresi 2-4 Saat Anestezi T\u00fcr\u00fc Genel Anestezi \u0130yile\u015fme S\u00fcresi<\/p>","protected":false},"author":1,"featured_media":0,"parent":0,"menu_order":0,"comment_status":"closed","ping_status":"closed","template":"","meta":{"footnotes":""},"class_list":["post-27885","page","type-page","status-publish","hentry"],"_links":{"self":[{"href":"https:\/\/westestetik.com\/fr\/wp-json\/wp\/v2\/pages\/27885","targetHints":{"allow":["GET"]}}],"collection":[{"href":"https:\/\/westestetik.com\/fr\/wp-json\/wp\/v2\/pages"}],"about":[{"href":"https:\/\/westestetik.com\/fr\/wp-json\/wp\/v2\/types\/page"}],"author":[{"embeddable":true,"href":"https:\/\/westestetik.com\/fr\/wp-json\/wp\/v2\/users\/1"}],"replies":[{"embeddable":true,"href":"https:\/\/westestetik.com\/fr\/wp-json\/wp\/v2\/comments?post=27885"}],"version-history":[{"count":10,"href":"https:\/\/westestetik.com\/fr\/wp-json\/wp\/v2\/pages\/27885\/revisions"}],"predecessor-version":[{"id":29010,"href":"https:\/\/westestetik.com\/fr\/wp-json\/wp\/v2\/pages\/27885\/revisions\/29010"}],"wp:attachment":[{"href":"https:\/\/westestetik.com\/fr\/wp-json\/wp\/v2\/media?parent=27885"}],"curies":[{"name":"wp","href":"https:\/\/api.w.org\/{rel}","templated":true}]}}