{"id":27883,"date":"2024-12-02T23:34:02","date_gmt":"2024-12-02T23:34:02","guid":{"rendered":"https:\/\/westestetik.com\/?page_id=27883"},"modified":"2024-12-26T14:56:41","modified_gmt":"2024-12-26T14:56:41","slug":"ballon-destomac","status":"publish","type":"page","link":"https:\/\/westestetik.com\/fr\/ballon-destomac\/","title":{"rendered":"Ballon D'estomac"},"content":{"rendered":"<div data-elementor-type=\"wp-page\" data-elementor-id=\"27883\" class=\"elementor elementor-27883\" data-elementor-post-type=\"page\">\n\t\t\t\t<div class=\"elementor-element elementor-element-3e790eba e-con-full elementor-hidden-mobile e-flex e-con e-parent\" data-id=\"3e790eba\" data-element_type=\"container\">\n\t\t<div class=\"elementor-element elementor-element-a0e19eb e-con-full e-flex e-con e-child\" data-id=\"a0e19eb\" data-element_type=\"container\">\n\t\t\t\t<div class=\"elementor-element elementor-element-13fefb9c elementor-widget elementor-widget-image\" data-id=\"13fefb9c\" data-element_type=\"widget\" data-widget_type=\"image.default\">\n\t\t\t\t<div class=\"elementor-widget-container\">\n\t\t\t\t\t\t\t\t\t\t\t\t\t\t\t<img decoding=\"async\" width=\"100\" height=\"100\" src=\"https:\/\/westestetik.com\/wp-content\/uploads\/2024\/12\/1-4.png\" class=\"attachment-large size-large wp-image-28814\" alt=\"\" srcset=\"https:\/\/westestetik.com\/wp-content\/uploads\/2024\/12\/1-4.png 100w, https:\/\/westestetik.com\/wp-content\/uploads\/2024\/12\/1-4-12x12.png 12w\" sizes=\"(max-width: 100px) 100vw, 100px\" \/>\t\t\t\t\t\t\t\t\t\t\t\t\t\t\t<\/div>\n\t\t\t\t<\/div>\n\t\t\t\t<\/div>\n\t\t<div class=\"elementor-element elementor-element-50607cbe e-con-full e-flex e-con e-child\" data-id=\"50607cbe\" data-element_type=\"container\">\n\t\t\t\t<div class=\"elementor-element elementor-element-1ebc3e83 elementor-widget elementor-widget-image\" data-id=\"1ebc3e83\" data-element_type=\"widget\" data-widget_type=\"image.default\">\n\t\t\t\t<div class=\"elementor-widget-container\">\n\t\t\t\t\t\t\t\t\t\t\t\t\t\t\t<img decoding=\"async\" width=\"100\" height=\"100\" src=\"https:\/\/westestetik.com\/wp-content\/uploads\/2024\/12\/2-5.png\" class=\"attachment-large size-large wp-image-28815\" alt=\"\" srcset=\"https:\/\/westestetik.com\/wp-content\/uploads\/2024\/12\/2-5.png 100w, https:\/\/westestetik.com\/wp-content\/uploads\/2024\/12\/2-5-12x12.png 12w\" sizes=\"(max-width: 100px) 100vw, 100px\" \/>\t\t\t\t\t\t\t\t\t\t\t\t\t\t\t<\/div>\n\t\t\t\t<\/div>\n\t\t\t\t<\/div>\n\t\t<div class=\"elementor-element elementor-element-a8789f5 e-con-full e-flex e-con e-child\" data-id=\"a8789f5\" data-element_type=\"container\">\n\t\t\t\t<div class=\"elementor-element elementor-element-52870381 elementor-widget elementor-widget-image\" data-id=\"52870381\" data-element_type=\"widget\" data-widget_type=\"image.default\">\n\t\t\t\t<div class=\"elementor-widget-container\">\n\t\t\t\t\t\t\t\t\t\t\t\t\t\t\t<img decoding=\"async\" width=\"100\" height=\"100\" src=\"https:\/\/westestetik.com\/wp-content\/uploads\/2024\/12\/3-1.png\" class=\"attachment-large size-large wp-image-28816\" alt=\"\" srcset=\"https:\/\/westestetik.com\/wp-content\/uploads\/2024\/12\/3-1.png 100w, https:\/\/westestetik.com\/wp-content\/uploads\/2024\/12\/3-1-12x12.png 12w\" sizes=\"(max-width: 100px) 100vw, 100px\" \/>\t\t\t\t\t\t\t\t\t\t\t\t\t\t\t<\/div>\n\t\t\t\t<\/div>\n\t\t\t\t<\/div>\n\t\t<div class=\"elementor-element elementor-element-7bc532ff e-con-full e-flex e-con e-child\" data-id=\"7bc532ff\" data-element_type=\"container\">\n\t\t\t\t<div class=\"elementor-element elementor-element-55b6eec3 elementor-widget elementor-widget-image\" data-id=\"55b6eec3\" data-element_type=\"widget\" data-widget_type=\"image.default\">\n\t\t\t\t<div class=\"elementor-widget-container\">\n\t\t\t\t\t\t\t\t\t\t\t\t\t\t\t<img loading=\"lazy\" decoding=\"async\" width=\"100\" height=\"100\" src=\"https:\/\/westestetik.com\/wp-content\/uploads\/2024\/12\/4-1.png\" class=\"attachment-large size-large wp-image-28817\" alt=\"\" srcset=\"https:\/\/westestetik.com\/wp-content\/uploads\/2024\/12\/4-1.png 100w, https:\/\/westestetik.com\/wp-content\/uploads\/2024\/12\/4-1-12x12.png 12w\" sizes=\"(max-width: 100px) 100vw, 100px\" \/>\t\t\t\t\t\t\t\t\t\t\t\t\t\t\t<\/div>\n\t\t\t\t<\/div>\n\t\t\t\t<\/div>\n\t\t<div class=\"elementor-element elementor-element-f702709 e-con-full e-flex e-con e-child\" data-id=\"f702709\" data-element_type=\"container\">\n\t\t\t\t<div class=\"elementor-element elementor-element-62da05b9 elementor-widget elementor-widget-image\" data-id=\"62da05b9\" data-element_type=\"widget\" data-widget_type=\"image.default\">\n\t\t\t\t<div class=\"elementor-widget-container\">\n\t\t\t\t\t\t\t\t\t\t\t\t\t\t\t<img loading=\"lazy\" decoding=\"async\" width=\"100\" height=\"100\" src=\"https:\/\/westestetik.com\/wp-content\/uploads\/2024\/12\/5-1.png\" class=\"attachment-large size-large wp-image-28818\" alt=\"\" srcset=\"https:\/\/westestetik.com\/wp-content\/uploads\/2024\/12\/5-1.png 100w, https:\/\/westestetik.com\/wp-content\/uploads\/2024\/12\/5-1-12x12.png 12w\" sizes=\"(max-width: 100px) 100vw, 100px\" \/>\t\t\t\t\t\t\t\t\t\t\t\t\t\t\t<\/div>\n\t\t\t\t<\/div>\n\t\t\t\t<\/div>\n\t\t\t\t<\/div>\n\t\t<div class=\"wd-negative-gap elementor-element elementor-element-724f67ab elementor-hidden-mobile e-flex e-con-boxed e-con e-parent\" data-id=\"724f67ab\" data-element_type=\"container\">\n\t\t\t\t\t<div class=\"e-con-inner\">\n\t\t<div class=\"elementor-element elementor-element-37587f52 e-con-full e-flex e-con e-child\" data-id=\"37587f52\" data-element_type=\"container\">\n\t\t\t\t<div class=\"elementor-element elementor-element-30610ef2 wd-width-100 elementor-widget elementor-widget-wd_title\" data-id=\"30610ef2\" data-element_type=\"widget\" data-widget_type=\"wd_title.default\">\n\t\t\t\t<div class=\"elementor-widget-container\">\n\t\t\t\t\t\t\t<div class=\"title-wrapper set-mb-s reset-last-child wd-title-color-default wd-title-style-default wd-title-size-default text-center\">\n\n\t\t\t\t\t\t\t<div class=\"title-subtitle subtitle-color-default subtitle-style-default wd-fontsize-xs\">\n\t\t\t\t\tDur\u00e9e moyenne du s\u00e9jour\t\t\t\t<\/div>\n\t\t\t\n\t\t\t<div class=\"liner-continer\">\n\t\t\t\t<p class=\"woodmart-title-container title wd-fontsize-l\">7 jours<\/p> \n\t\t\t\t\t\t\t<\/div>\n\n\t\t\t\t\t<\/div>\n\t\t\t\t\t\t<\/div>\n\t\t\t\t<\/div>\n\t\t\t\t<\/div>\n\t\t<div class=\"elementor-element elementor-element-1843fd59 e-con-full e-flex e-con e-child\" data-id=\"1843fd59\" data-element_type=\"container\">\n\t\t\t\t<div class=\"elementor-element elementor-element-33db36ce wd-width-100 elementor-widget elementor-widget-wd_title\" data-id=\"33db36ce\" data-element_type=\"widget\" data-widget_type=\"wd_title.default\">\n\t\t\t\t<div class=\"elementor-widget-container\">\n\t\t\t\t\t\t\t<div class=\"title-wrapper set-mb-s reset-last-child wd-title-color-default wd-title-style-default wd-title-size-default text-center\">\n\n\t\t\t\t\t\t\t<div class=\"title-subtitle subtitle-color-default subtitle-style-default wd-fontsize-xs\">\n\t\t\t\t\tDur\u00e9e de l'hospitalisation\t\t\t\t<\/div>\n\t\t\t\n\t\t\t<div class=\"liner-continer\">\n\t\t\t\t<p class=\"woodmart-title-container title wd-fontsize-l\">1 jour<\/p> \n\t\t\t\t\t\t\t<\/div>\n\n\t\t\t\t\t<\/div>\n\t\t\t\t\t\t<\/div>\n\t\t\t\t<\/div>\n\t\t\t\t<\/div>\n\t\t<div class=\"elementor-element elementor-element-1ad5f899 e-con-full e-flex e-con e-child\" data-id=\"1ad5f899\" data-element_type=\"container\">\n\t\t\t\t<div class=\"elementor-element elementor-element-6a9e5250 wd-width-100 elementor-widget elementor-widget-wd_title\" data-id=\"6a9e5250\" data-element_type=\"widget\" data-widget_type=\"wd_title.default\">\n\t\t\t\t<div class=\"elementor-widget-container\">\n\t\t\t\t\t\t\t<div class=\"title-wrapper set-mb-s reset-last-child wd-title-color-default wd-title-style-default wd-title-size-default text-center\">\n\n\t\t\t\t\t\t\t<div class=\"title-subtitle subtitle-color-default subtitle-style-default wd-fontsize-xs\">\n\t\t\t\t\tDur\u00e9e de l'op\u00e9ration\t\t\t\t<\/div>\n\t\t\t\n\t\t\t<div class=\"liner-continer\">\n\t\t\t\t<p class=\"woodmart-title-container title wd-fontsize-l\">2-4 heures<\/p> \n\t\t\t\t\t\t\t<\/div>\n\n\t\t\t\t\t<\/div>\n\t\t\t\t\t\t<\/div>\n\t\t\t\t<\/div>\n\t\t\t\t<\/div>\n\t\t<div class=\"elementor-element elementor-element-20966e9f e-con-full e-flex e-con e-child\" data-id=\"20966e9f\" data-element_type=\"container\">\n\t\t\t\t<div class=\"elementor-element elementor-element-1e8777ca wd-width-100 elementor-widget elementor-widget-wd_title\" data-id=\"1e8777ca\" data-element_type=\"widget\" data-widget_type=\"wd_title.default\">\n\t\t\t\t<div class=\"elementor-widget-container\">\n\t\t\t\t\t\t\t<div class=\"title-wrapper set-mb-s reset-last-child wd-title-color-default wd-title-style-default wd-title-size-default text-center\">\n\n\t\t\t\t\t\t\t<div class=\"title-subtitle subtitle-color-default subtitle-style-default wd-fontsize-xs\">\n\t\t\t\t\tType d'anesth\u00e9sie\t\t\t\t<\/div>\n\t\t\t\n\t\t\t<div class=\"liner-continer\">\n\t\t\t\t<p class=\"woodmart-title-container title wd-fontsize-l\">Anesth\u00e9sie g\u00e9n\u00e9rale<\/p> \n\t\t\t\t\t\t\t<\/div>\n\n\t\t\t\t\t<\/div>\n\t\t\t\t\t\t<\/div>\n\t\t\t\t<\/div>\n\t\t\t\t<\/div>\n\t\t<div class=\"elementor-element elementor-element-5bc7bc91 e-con-full e-flex e-con e-child\" data-id=\"5bc7bc91\" data-element_type=\"container\">\n\t\t\t\t<div class=\"elementor-element elementor-element-1cbcd14b wd-width-100 elementor-widget elementor-widget-wd_title\" data-id=\"1cbcd14b\" data-element_type=\"widget\" data-widget_type=\"wd_title.default\">\n\t\t\t\t<div class=\"elementor-widget-container\">\n\t\t\t\t\t\t\t<div class=\"title-wrapper set-mb-s reset-last-child wd-title-color-default wd-title-style-default wd-title-size-default text-center\">\n\n\t\t\t\t\t\t\t<div class=\"title-subtitle subtitle-color-default subtitle-style-default wd-fontsize-xs\">\n\t\t\t\t\tD\u00e9lai de r\u00e9cup\u00e9ration\t\t\t\t<\/div>\n\t\t\t\n\t\t\t<div class=\"liner-continer\">\n\t\t\t\t<p class=\"woodmart-title-container title wd-fontsize-l\">1-2 semaines<\/p> \n\t\t\t\t\t\t\t<\/div>\n\n\t\t\t\t\t<\/div>\n\t\t\t\t\t\t<\/div>\n\t\t\t\t<\/div>\n\t\t\t\t<\/div>\n\t\t\t\t\t<\/div>\n\t\t\t\t<\/div>\n\t\t<div class=\"wd-negative-gap elementor-element elementor-element-a2b8a58 e-flex e-con-boxed e-con e-parent\" data-id=\"a2b8a58\" data-element_type=\"container\">\n\t\t\t\t\t<div class=\"e-con-inner\">\n\t\t\t\t<div class=\"elementor-element elementor-element-f5179ce color-scheme-inherit text-left elementor-widget elementor-widget-text-editor\" data-id=\"f5179ce\" data-element_type=\"widget\" data-widget_type=\"text-editor.default\">\n\t\t\t\t<div class=\"elementor-widget-container\">\n\t\t\t\t\t\t\t\t\t<p><span style=\"font-weight: 400;\">Le ballon gastrique est une solution efficace pour ceux qui souhaitent acc\u00e9l\u00e9rer le processus de perte de poids et adopter un mode de vie plus sain. Il s'agit d'une m\u00e9thode id\u00e9ale pour les personnes qui ne souhaitent pas subir d'intervention chirurgicale mais qui ont des difficult\u00e9s \u00e0 perdre du poids. Le ballon, qui est plac\u00e9 par voie endoscopique dans l'estomac, procure une sensation de saturation plus rapide en r\u00e9tr\u00e9cissant le volume de l'estomac, ce qui permet de se sentir rassasi\u00e9 en mangeant moins. La pose d'un ballon gastrique n'est pas seulement une m\u00e9thode de perte de poids, mais aussi la premi\u00e8re \u00e9tape d'un mode de vie sain.<\/span><\/p><h2><span style=\"font-weight: 400;\">Qu'est-ce que le ballon d'estomac et comment fonctionne-t-il ?<\/span><\/h2><p><span style=\"font-weight: 400;\">Le ballon gastrique est une m\u00e9thode d'amaigrissement appliqu\u00e9e aux personnes ayant des probl\u00e8mes de surpoids afin de perdre du poids plus facilement. Le ballon plac\u00e9 dans l'estomac par une proc\u00e9dure endoscopique r\u00e9tr\u00e9cit le volume de l'estomac et cr\u00e9e une sensation de sati\u00e9t\u00e9 avec moins de nourriture. Cela r\u00e9duit consid\u00e9rablement la quantit\u00e9 d'aliments consomm\u00e9s et favorise la perte de poids. Le ballon gastrique est une alternative id\u00e9ale pour les personnes qui ne souhaitent g\u00e9n\u00e9ralement pas recourir \u00e0 une intervention chirurgicale.<\/span><\/p><h2><span style=\"font-weight: 400;\">\u00c0 qui convient le ballon d'estomac ?<\/span><\/h2><p><span style=\"font-weight: 400;\">Le ballon gastrique convient aux personnes qui luttent contre l'ob\u00e9sit\u00e9 et qui ne peuvent pas b\u00e9n\u00e9ficier d'une intervention chirurgicale. En g\u00e9n\u00e9ral, il convient aux personnes dont l'indice de masse corporelle (IMC) se situe entre 30 et 40. En outre, les personnes qui souhaitent perdre du poids de mani\u00e8re saine mais qui ne parviennent pas \u00e0 suivre un r\u00e9gime et \u00e0 faire de l'exercice peuvent \u00e9galement opter pour la pose d'un ballon gastrique. Cependant, il est important d'avoir une discussion d\u00e9taill\u00e9e avec votre m\u00e9decin pour d\u00e9terminer si le ballon gastrique est appropri\u00e9.<\/span><\/p><h2><span style=\"font-weight: 400;\">Combien de temps dure la pose d'un ballon gastrique ?<\/span><\/h2><p><span style=\"font-weight: 400;\">La pose d'un ballon gastrique dure g\u00e9n\u00e9ralement entre 20 et 30 minutes. La proc\u00e9dure est r\u00e9alis\u00e9e par endoscopie sous anesth\u00e9sie locale ou s\u00e9dation. Au cours de cette proc\u00e9dure, le ballon est ins\u00e9r\u00e9 dans l'estomac puis gonfl\u00e9 avec du liquide. Apr\u00e8s l'intervention, les patients sont gard\u00e9s en observation pendant quelques heures et la plupart d'entre eux peuvent sortir le jour m\u00eame.<\/span><\/p><h2><span style=\"font-weight: 400;\">Comment se produit la perte de poids avec le ballon gastrique ?<\/span><\/h2><p><span style=\"font-weight: 400;\">Le ballon gastrique permet une perte de poids plus rapide et plus efficace en limitant la quantit\u00e9 de nourriture consomm\u00e9e. Le ballon plac\u00e9 dans l'estomac provoque une sensation de sati\u00e9t\u00e9 plus rapide, ce qui incite \u00e0 consommer moins de calories. En outre, le ballon gastrique peut aider \u00e0 adopter des habitudes alimentaires saines en r\u00e9duisant la sensation de faim. La perte de poids est g\u00e9n\u00e9ralement perceptible d\u00e8s les premiers mois.<\/span><\/p><h2><span style=\"font-weight: 400;\">L'application du ballon gastrique est-elle douloureuse ?<\/span><\/h2><p><span style=\"font-weight: 400;\">Le ballon gastrique n'est g\u00e9n\u00e9ralement pas douloureux. Il est r\u00e9alis\u00e9 sous anesth\u00e9sie locale ou sous s\u00e9dation, ce qui rend l'intervention indolore. Toutefois, certains patients peuvent ressentir des naus\u00e9es, des ballonnements ou une l\u00e9g\u00e8re g\u00eane apr\u00e8s l'intervention. Ces sympt\u00f4mes disparaissent g\u00e9n\u00e9ralement en peu de temps. Il est important de contacter votre m\u00e9decin en cas de douleur ou de g\u00eane.<\/span><\/p><h2><span style=\"font-weight: 400;\">Combien de poids puis-je perdre avec le ballon gastrique ?<\/span><\/h2><p><span style=\"font-weight: 400;\">La perte de poids gr\u00e2ce \u00e0 l'application d'un ballon gastrique varie d'une personne \u00e0 l'autre. Toutefois, en moyenne, une perte de poids de 15 \u00e0 25 kilos peut \u00eatre atteinte en un an. La perte de poids peut encore augmenter en fonction du r\u00e9gime alimentaire et des programmes d'exercice physique suivis. Le ballon gastrique permet une perte de poids permanente lorsqu'il est accompagn\u00e9 d'un mode de vie sain.<\/span><\/p><h2><span style=\"font-weight: 400;\">Comment se nourrir apr\u00e8s un ballon gastrique ?<\/span><\/h2><p><span style=\"font-weight: 400;\">L'alimentation apr\u00e8s un ballon gastrique est tr\u00e8s importante. Les premiers jours, la consommation d'aliments liquides acc\u00e9l\u00e8re le processus de gu\u00e9rison sans fatiguer l'estomac. Ensuite, il est possible de consommer lentement des aliments en pur\u00e9e, puis des aliments solides. Au cours du processus de perte de poids par ballon gastrique, il est important de prendre des repas r\u00e9guliers et sains, en petites portions. En outre, \u00e9viter les aliments trop gras et trop sucr\u00e9s peut acc\u00e9l\u00e9rer la perte de poids.<\/span><\/p><h2><span style=\"font-weight: 400;\">Quels effets secondaires peuvent survenir apr\u00e8s la pose d'un ballon gastrique ?<\/span><\/h2><p><span style=\"font-weight: 400;\">Certains effets secondaires peuvent survenir apr\u00e8s la pose d'un ballon gastrique. Les effets secondaires les plus courants sont les naus\u00e9es, les ballonnements et l'indigestion. Ces effets secondaires disparaissent g\u00e9n\u00e9ralement en quelques jours. En outre, certaines personnes peuvent ressentir de l\u00e9g\u00e8res douleurs abdominales lors de la pose du ballon gastrique. Toutefois, ces effets sont temporaires et disparaissent g\u00e9n\u00e9ralement avec le traitement.<\/span><\/p><h2><span style=\"font-weight: 400;\">Quel est le prix de l'application ballon gastrique ?<\/span><\/h2><p><span style=\"font-weight: 400;\">Le prix du ballon gastrique peut varier en fonction de la clinique et de la r\u00e9gion o\u00f9 la pose est effectu\u00e9e. Le prix peut varier en fonction du type de ballon utilis\u00e9, de l'exp\u00e9rience du m\u00e9decin et des services offerts dans la clinique. Pour obtenir des informations d\u00e9taill\u00e9es, il est recommand\u00e9 de parler du prix \u00e0 votre m\u00e9decin.<\/span><\/p><h2><span style=\"font-weight: 400;\">Combien de temps le ballon gastrique est-il plac\u00e9 ?<\/span><\/h2><p><span style=\"font-weight: 400;\">Le ballon gastrique reste g\u00e9n\u00e9ralement dans l'estomac pendant 6 \u00e0 12 mois. Cette p\u00e9riode peut \u00eatre d\u00e9termin\u00e9e en fonction des objectifs de perte de poids de la personne. Lorsque le ballon gastrique arrive \u00e0 expiration, il est retir\u00e9 par endoscopie. Apr\u00e8s le retrait du ballon, il est important de conserver un mode de vie sain, car apr\u00e8s le retrait du ballon, il est n\u00e9cessaire de ne pas reprendre ses anciennes habitudes alimentaires.<\/span><\/p><h2><span style=\"font-weight: 400;\">Le ballon gastrique permet-il de perdre du poids de fa\u00e7on permanente ?<\/span><\/h2><p><span style=\"font-weight: 400;\">Le ballon gastrique fournit un soutien solide pour parvenir \u00e0 une perte de poids permanente. Cependant, le ballon gastrique n'est pas suffisant pour une perte de poids d\u00e9finitive. Des habitudes alimentaires saines et une activit\u00e9 physique r\u00e9guli\u00e8re sont les cl\u00e9s d'une perte de poids \u00e0 long terme. Le ballon gastrique peut aider les personnes \u00e0 entamer ce processus et \u00e0 passer \u00e0 un mode de vie plus sain.<\/span><\/p><h2><span style=\"font-weight: 400;\">Qui ne peut pas b\u00e9n\u00e9ficier de l'application du ballon gastrique ?<\/span><\/h2><p><span style=\"font-weight: 400;\">Le ballon gastrique est d\u00e9conseill\u00e9 aux personnes souffrant de certains probl\u00e8mes de sant\u00e9. En particulier, le ballon gastrique n'est pas recommand\u00e9 aux personnes souffrant d'ulc\u00e8res d'estomac, de gastrite, de hernie stomacale ou de maladies cardiaques graves. En outre, le ballon gastrique peut ne pas \u00eatre appropri\u00e9 dans des cas particuliers tels que la grossesse ou l'allaitement. Avant de proc\u00e9der \u00e0 la pose d'un ballon gastrique, il est important qu'un m\u00e9decin proc\u00e8de \u00e0 une \u00e9valuation approfondie.<\/span><\/p><h2><span style=\"font-weight: 400;\">Est-il n\u00e9cessaire de faire de l'exercice apr\u00e8s un traitement par ballon gastrique ?<\/span><\/h2><p><span style=\"font-weight: 400;\">Faire de l'exercice apr\u00e8s un traitement par ballon gastrique peut acc\u00e9l\u00e9rer la perte de poids et am\u00e9liorer l'\u00e9tat de sant\u00e9 g\u00e9n\u00e9ral. Au cours des premi\u00e8res semaines, il convient d'obtenir l'accord du m\u00e9decin avant de faire de l'exercice. Cependant, en g\u00e9n\u00e9ral, des marches l\u00e9g\u00e8res et des exercices \u00e0 faible impact peuvent aider le processus de r\u00e9cup\u00e9ration apr\u00e8s un ballon gastrique. L'exercice r\u00e9gulier permet de g\u00e9rer le poids de mani\u00e8re saine \u00e0 long terme.<\/span><\/p><h2><span style=\"font-weight: 400;\">Quelle est la relation entre le ballon gastrique, la perte de poids et le r\u00e9gime alimentaire ?<\/span><\/h2><p><span style=\"font-weight: 400;\">Le ballon gastrique donne des r\u00e9sultats plus efficaces lorsqu'il est associ\u00e9 \u00e0 un r\u00e9gime alimentaire. Si le ballon aide les patients \u00e0 se sentir rassasi\u00e9s plus rapidement, la perte de poids est plus rapide avec un r\u00e9gime alimentaire sain. Par cons\u00e9quent, apr\u00e8s le traitement par ballon gastrique, le respect du r\u00e9gime alimentaire recommand\u00e9 par le m\u00e9decin augmente les chances de r\u00e9ussite.<\/span><\/p><h2><span style=\"font-weight: 400;\">Quels sont les tests n\u00e9cessaires pour l'application du ballon gastrique ?<\/span><\/h2><p><span style=\"font-weight: 400;\">Avant la pose d'un ballon gastrique, une s\u00e9rie d'examens est g\u00e9n\u00e9ralement effectu\u00e9e. Il s'agit notamment d'analyses sanguines, d'une endoscopie gastrique et d'\u00e9valuations cardiologiques. Ces examens sont n\u00e9cessaires pour d\u00e9terminer si la personne est apte \u00e0 recevoir un ballon gastrique. En outre, une \u00e9valuation psychologique peut \u00eatre effectu\u00e9e pour certains patients.<\/span><\/p><p><br \/><br \/><\/p>\t\t\t\t\t\t\t\t<\/div>\n\t\t\t\t<\/div>\n\t\t\t\t\t<\/div>\n\t\t\t\t<\/div>\n\t\t\t\t<\/div>","protected":false},"excerpt":{"rendered":"<p>Ortalama Kal\u0131\u015f S\u00fcresi 7 G\u00fcn Hastanede Yat\u0131\u015f S\u00fcresi 1 G\u00fcn Operasyon S\u00fcresi 2-4 Saat Anestezi T\u00fcr\u00fc Genel Anestezi \u0130yile\u015fme S\u00fcresi<\/p>","protected":false},"author":1,"featured_media":0,"parent":0,"menu_order":0,"comment_status":"closed","ping_status":"closed","template":"","meta":{"footnotes":""},"class_list":["post-27883","page","type-page","status-publish","hentry"],"_links":{"self":[{"href":"https:\/\/westestetik.com\/fr\/wp-json\/wp\/v2\/pages\/27883","targetHints":{"allow":["GET"]}}],"collection":[{"href":"https:\/\/westestetik.com\/fr\/wp-json\/wp\/v2\/pages"}],"about":[{"href":"https:\/\/westestetik.com\/fr\/wp-json\/wp\/v2\/types\/page"}],"author":[{"embeddable":true,"href":"https:\/\/westestetik.com\/fr\/wp-json\/wp\/v2\/users\/1"}],"replies":[{"embeddable":true,"href":"https:\/\/westestetik.com\/fr\/wp-json\/wp\/v2\/comments?post=27883"}],"version-history":[{"count":10,"href":"https:\/\/westestetik.com\/fr\/wp-json\/wp\/v2\/pages\/27883\/revisions"}],"predecessor-version":[{"id":29007,"href":"https:\/\/westestetik.com\/fr\/wp-json\/wp\/v2\/pages\/27883\/revisions\/29007"}],"wp:attachment":[{"href":"https:\/\/westestetik.com\/fr\/wp-json\/wp\/v2\/media?parent=27883"}],"curies":[{"name":"wp","href":"https:\/\/api.w.org\/{rel}","templated":true}]}}