{"id":27878,"date":"2024-12-02T23:33:24","date_gmt":"2024-12-02T23:33:24","guid":{"rendered":"https:\/\/westestetik.com\/?page_id=27878"},"modified":"2024-12-26T15:03:50","modified_gmt":"2024-12-26T15:03:50","slug":"zirconium","status":"publish","type":"page","link":"https:\/\/westestetik.com\/fr\/zirconium\/","title":{"rendered":"Zirconium"},"content":{"rendered":"<div data-elementor-type=\"wp-page\" data-elementor-id=\"27878\" class=\"elementor elementor-27878\" data-elementor-post-type=\"page\">\n\t\t\t\t<div class=\"elementor-element elementor-element-23cff788 e-con-full elementor-hidden-mobile e-flex e-con e-parent\" data-id=\"23cff788\" data-element_type=\"container\">\n\t\t<div class=\"elementor-element elementor-element-4eb17eaa e-con-full e-flex e-con e-child\" data-id=\"4eb17eaa\" data-element_type=\"container\">\n\t\t\t\t<div class=\"elementor-element elementor-element-329bdcc elementor-widget elementor-widget-image\" data-id=\"329bdcc\" data-element_type=\"widget\" data-widget_type=\"image.default\">\n\t\t\t\t<div class=\"elementor-widget-container\">\n\t\t\t\t\t\t\t\t\t\t\t\t\t\t\t<img decoding=\"async\" width=\"100\" height=\"100\" src=\"https:\/\/westestetik.com\/wp-content\/uploads\/2024\/12\/1-4.png\" class=\"attachment-large size-large wp-image-28814\" alt=\"\" srcset=\"https:\/\/westestetik.com\/wp-content\/uploads\/2024\/12\/1-4.png 100w, https:\/\/westestetik.com\/wp-content\/uploads\/2024\/12\/1-4-12x12.png 12w\" sizes=\"(max-width: 100px) 100vw, 100px\" \/>\t\t\t\t\t\t\t\t\t\t\t\t\t\t\t<\/div>\n\t\t\t\t<\/div>\n\t\t\t\t<\/div>\n\t\t<div class=\"elementor-element elementor-element-1d688b6c e-con-full e-flex e-con e-child\" data-id=\"1d688b6c\" data-element_type=\"container\">\n\t\t\t\t<div class=\"elementor-element elementor-element-29eb282 elementor-widget elementor-widget-image\" data-id=\"29eb282\" data-element_type=\"widget\" data-widget_type=\"image.default\">\n\t\t\t\t<div class=\"elementor-widget-container\">\n\t\t\t\t\t\t\t\t\t\t\t\t\t\t\t<img decoding=\"async\" width=\"100\" height=\"100\" src=\"https:\/\/westestetik.com\/wp-content\/uploads\/2024\/12\/2-5.png\" class=\"attachment-large size-large wp-image-28815\" alt=\"\" srcset=\"https:\/\/westestetik.com\/wp-content\/uploads\/2024\/12\/2-5.png 100w, https:\/\/westestetik.com\/wp-content\/uploads\/2024\/12\/2-5-12x12.png 12w\" sizes=\"(max-width: 100px) 100vw, 100px\" \/>\t\t\t\t\t\t\t\t\t\t\t\t\t\t\t<\/div>\n\t\t\t\t<\/div>\n\t\t\t\t<\/div>\n\t\t<div class=\"elementor-element elementor-element-bb9094 e-con-full e-flex e-con e-child\" data-id=\"bb9094\" data-element_type=\"container\">\n\t\t\t\t<div class=\"elementor-element elementor-element-7617cf80 elementor-widget elementor-widget-image\" data-id=\"7617cf80\" data-element_type=\"widget\" data-widget_type=\"image.default\">\n\t\t\t\t<div class=\"elementor-widget-container\">\n\t\t\t\t\t\t\t\t\t\t\t\t\t\t\t<img decoding=\"async\" width=\"100\" height=\"100\" src=\"https:\/\/westestetik.com\/wp-content\/uploads\/2024\/12\/3-1.png\" class=\"attachment-large size-large wp-image-28816\" alt=\"\" srcset=\"https:\/\/westestetik.com\/wp-content\/uploads\/2024\/12\/3-1.png 100w, https:\/\/westestetik.com\/wp-content\/uploads\/2024\/12\/3-1-12x12.png 12w\" sizes=\"(max-width: 100px) 100vw, 100px\" \/>\t\t\t\t\t\t\t\t\t\t\t\t\t\t\t<\/div>\n\t\t\t\t<\/div>\n\t\t\t\t<\/div>\n\t\t<div class=\"elementor-element elementor-element-6fe5d477 e-con-full e-flex e-con e-child\" data-id=\"6fe5d477\" data-element_type=\"container\">\n\t\t\t\t<div class=\"elementor-element elementor-element-2497d9bd elementor-widget elementor-widget-image\" data-id=\"2497d9bd\" data-element_type=\"widget\" data-widget_type=\"image.default\">\n\t\t\t\t<div class=\"elementor-widget-container\">\n\t\t\t\t\t\t\t\t\t\t\t\t\t\t\t<img loading=\"lazy\" decoding=\"async\" width=\"100\" height=\"100\" src=\"https:\/\/westestetik.com\/wp-content\/uploads\/2024\/12\/4-1.png\" class=\"attachment-large size-large wp-image-28817\" alt=\"\" srcset=\"https:\/\/westestetik.com\/wp-content\/uploads\/2024\/12\/4-1.png 100w, https:\/\/westestetik.com\/wp-content\/uploads\/2024\/12\/4-1-12x12.png 12w\" sizes=\"(max-width: 100px) 100vw, 100px\" \/>\t\t\t\t\t\t\t\t\t\t\t\t\t\t\t<\/div>\n\t\t\t\t<\/div>\n\t\t\t\t<\/div>\n\t\t<div class=\"elementor-element elementor-element-28c895f0 e-con-full e-flex e-con e-child\" data-id=\"28c895f0\" data-element_type=\"container\">\n\t\t\t\t<div class=\"elementor-element elementor-element-3dc8fe29 elementor-widget elementor-widget-image\" data-id=\"3dc8fe29\" data-element_type=\"widget\" data-widget_type=\"image.default\">\n\t\t\t\t<div class=\"elementor-widget-container\">\n\t\t\t\t\t\t\t\t\t\t\t\t\t\t\t<img loading=\"lazy\" decoding=\"async\" width=\"100\" height=\"100\" src=\"https:\/\/westestetik.com\/wp-content\/uploads\/2024\/12\/5-1.png\" class=\"attachment-large size-large wp-image-28818\" alt=\"\" srcset=\"https:\/\/westestetik.com\/wp-content\/uploads\/2024\/12\/5-1.png 100w, https:\/\/westestetik.com\/wp-content\/uploads\/2024\/12\/5-1-12x12.png 12w\" sizes=\"(max-width: 100px) 100vw, 100px\" \/>\t\t\t\t\t\t\t\t\t\t\t\t\t\t\t<\/div>\n\t\t\t\t<\/div>\n\t\t\t\t<\/div>\n\t\t\t\t<\/div>\n\t\t<div class=\"wd-negative-gap elementor-element elementor-element-571c6ed2 elementor-hidden-mobile e-flex e-con-boxed e-con e-parent\" data-id=\"571c6ed2\" data-element_type=\"container\">\n\t\t\t\t\t<div class=\"e-con-inner\">\n\t\t<div class=\"elementor-element elementor-element-289be093 e-con-full e-flex e-con e-child\" data-id=\"289be093\" data-element_type=\"container\">\n\t\t\t\t<div class=\"elementor-element elementor-element-4e42ffab wd-width-100 elementor-widget elementor-widget-wd_title\" data-id=\"4e42ffab\" data-element_type=\"widget\" data-widget_type=\"wd_title.default\">\n\t\t\t\t<div class=\"elementor-widget-container\">\n\t\t\t\t\t\t\t<div class=\"title-wrapper set-mb-s reset-last-child wd-title-color-default wd-title-style-default wd-title-size-default text-center\">\n\n\t\t\t\t\t\t\t<div class=\"title-subtitle subtitle-color-default subtitle-style-default wd-fontsize-xs\">\n\t\t\t\t\tDur\u00e9e moyenne du s\u00e9jour\t\t\t\t<\/div>\n\t\t\t\n\t\t\t<div class=\"liner-continer\">\n\t\t\t\t<p class=\"woodmart-title-container title wd-fontsize-l\">7 jours<\/p> \n\t\t\t\t\t\t\t<\/div>\n\n\t\t\t\t\t<\/div>\n\t\t\t\t\t\t<\/div>\n\t\t\t\t<\/div>\n\t\t\t\t<\/div>\n\t\t<div class=\"elementor-element elementor-element-a981355 e-con-full e-flex e-con e-child\" data-id=\"a981355\" data-element_type=\"container\">\n\t\t\t\t<div class=\"elementor-element elementor-element-38221661 wd-width-100 elementor-widget elementor-widget-wd_title\" data-id=\"38221661\" data-element_type=\"widget\" data-widget_type=\"wd_title.default\">\n\t\t\t\t<div class=\"elementor-widget-container\">\n\t\t\t\t\t\t\t<div class=\"title-wrapper set-mb-s reset-last-child wd-title-color-default wd-title-style-default wd-title-size-default text-center\">\n\n\t\t\t\t\t\t\t<div class=\"title-subtitle subtitle-color-default subtitle-style-default wd-fontsize-xs\">\n\t\t\t\t\tDur\u00e9e de l'hospitalisation\t\t\t\t<\/div>\n\t\t\t\n\t\t\t<div class=\"liner-continer\">\n\t\t\t\t<p class=\"woodmart-title-container title wd-fontsize-l\">1 jour<\/p> \n\t\t\t\t\t\t\t<\/div>\n\n\t\t\t\t\t<\/div>\n\t\t\t\t\t\t<\/div>\n\t\t\t\t<\/div>\n\t\t\t\t<\/div>\n\t\t<div class=\"elementor-element elementor-element-761e1974 e-con-full e-flex e-con e-child\" data-id=\"761e1974\" data-element_type=\"container\">\n\t\t\t\t<div class=\"elementor-element elementor-element-58d9edd8 wd-width-100 elementor-widget elementor-widget-wd_title\" data-id=\"58d9edd8\" data-element_type=\"widget\" data-widget_type=\"wd_title.default\">\n\t\t\t\t<div class=\"elementor-widget-container\">\n\t\t\t\t\t\t\t<div class=\"title-wrapper set-mb-s reset-last-child wd-title-color-default wd-title-style-default wd-title-size-default text-center\">\n\n\t\t\t\t\t\t\t<div class=\"title-subtitle subtitle-color-default subtitle-style-default wd-fontsize-xs\">\n\t\t\t\t\tDur\u00e9e de l'op\u00e9ration\t\t\t\t<\/div>\n\t\t\t\n\t\t\t<div class=\"liner-continer\">\n\t\t\t\t<p class=\"woodmart-title-container title wd-fontsize-l\">2-4 heures<\/p> \n\t\t\t\t\t\t\t<\/div>\n\n\t\t\t\t\t<\/div>\n\t\t\t\t\t\t<\/div>\n\t\t\t\t<\/div>\n\t\t\t\t<\/div>\n\t\t<div class=\"elementor-element elementor-element-f87dfbe e-con-full e-flex e-con e-child\" data-id=\"f87dfbe\" data-element_type=\"container\">\n\t\t\t\t<div class=\"elementor-element elementor-element-1ab5c0c6 wd-width-100 elementor-widget elementor-widget-wd_title\" data-id=\"1ab5c0c6\" data-element_type=\"widget\" data-widget_type=\"wd_title.default\">\n\t\t\t\t<div class=\"elementor-widget-container\">\n\t\t\t\t\t\t\t<div class=\"title-wrapper set-mb-s reset-last-child wd-title-color-default wd-title-style-default wd-title-size-default text-center\">\n\n\t\t\t\t\t\t\t<div class=\"title-subtitle subtitle-color-default subtitle-style-default wd-fontsize-xs\">\n\t\t\t\t\tType d'anesth\u00e9sie\t\t\t\t<\/div>\n\t\t\t\n\t\t\t<div class=\"liner-continer\">\n\t\t\t\t<p class=\"woodmart-title-container title wd-fontsize-l\">Anesth\u00e9sie g\u00e9n\u00e9rale<\/p> \n\t\t\t\t\t\t\t<\/div>\n\n\t\t\t\t\t<\/div>\n\t\t\t\t\t\t<\/div>\n\t\t\t\t<\/div>\n\t\t\t\t<\/div>\n\t\t<div class=\"elementor-element elementor-element-6b4384a e-con-full e-flex e-con e-child\" data-id=\"6b4384a\" data-element_type=\"container\">\n\t\t\t\t<div class=\"elementor-element elementor-element-57d268eb wd-width-100 elementor-widget elementor-widget-wd_title\" data-id=\"57d268eb\" data-element_type=\"widget\" data-widget_type=\"wd_title.default\">\n\t\t\t\t<div class=\"elementor-widget-container\">\n\t\t\t\t\t\t\t<div class=\"title-wrapper set-mb-s reset-last-child wd-title-color-default wd-title-style-default wd-title-size-default text-center\">\n\n\t\t\t\t\t\t\t<div class=\"title-subtitle subtitle-color-default subtitle-style-default wd-fontsize-xs\">\n\t\t\t\t\tD\u00e9lai de r\u00e9cup\u00e9ration\t\t\t\t<\/div>\n\t\t\t\n\t\t\t<div class=\"liner-continer\">\n\t\t\t\t<p class=\"woodmart-title-container title wd-fontsize-l\">1-2 semaines<\/p> \n\t\t\t\t\t\t\t<\/div>\n\n\t\t\t\t\t<\/div>\n\t\t\t\t\t\t<\/div>\n\t\t\t\t<\/div>\n\t\t\t\t<\/div>\n\t\t\t\t\t<\/div>\n\t\t\t\t<\/div>\n\t\t<div class=\"wd-negative-gap elementor-element elementor-element-dd2997c e-flex e-con-boxed e-con e-parent\" data-id=\"dd2997c\" data-element_type=\"container\">\n\t\t\t\t\t<div class=\"e-con-inner\">\n\t\t\t\t<div class=\"elementor-element elementor-element-147632b color-scheme-inherit text-left elementor-widget elementor-widget-text-editor\" data-id=\"147632b\" data-element_type=\"widget\" data-widget_type=\"text-editor.default\">\n\t\t\t\t<div class=\"elementor-widget-container\">\n\t\t\t\t\t\t\t\t\t<p><span style=\"font-weight: 400;\">Les facettes dentaires en zirconium sont l'une des m\u00e9thodes de traitement modernes pr\u00e9f\u00e9r\u00e9es en dentisterie, car elles allient esth\u00e9tique et durabilit\u00e9. Gr\u00e2ce \u00e0 leur aspect proche de la couleur naturelle des dents et \u00e0 leur structure durable, les dents en zirconium constituent une option id\u00e9ale pour les personnes ayant des pr\u00e9occupations d'ordre esth\u00e9tique. En outre, la zircone, mat\u00e9riau biocompatible, s'harmonise parfaitement avec les gencives et minimise le risque de r\u00e9actions allergiques. Pour ceux qui souhaitent corriger des d\u00e9fauts esth\u00e9tiques de la dentition, les dents en zirconium constituent une solution efficace tant sur le plan fonctionnel qu'esth\u00e9tique.\u00a0<\/span><\/p><h2><span style=\"font-weight: 400;\">Qu'est-ce qu'une dent en zirconium et quel est son r\u00f4le ?<\/span><\/h2><p><span style=\"font-weight: 400;\">La dent en zirconium est une m\u00e9thode de traitement dentaire esth\u00e9tiquement et fonctionnellement tr\u00e8s efficace. Le zirconium est un rev\u00eatement dentaire fabriqu\u00e9 \u00e0 partir d'oxyde de zirconium, un mat\u00e9riau biocompatible. Ce mat\u00e9riau est devenu tr\u00e8s populaire en dentisterie ces derni\u00e8res ann\u00e9es car il est proche de la couleur naturelle de la dent, il est tr\u00e8s r\u00e9sistant et sa structure est durable. Les dents en zirconium offrent une solution id\u00e9ale, en particulier pour les patients ayant des pr\u00e9occupations d'ordre esth\u00e9tique. En m\u00eame temps, sa compatibilit\u00e9 avec les gencives est tr\u00e8s bonne, ce qui \u00e9vite tout probl\u00e8me esth\u00e9tique \u00e0 long terme.<\/span><\/p><h2><span style=\"font-weight: 400;\">Quels sont les avantages d'une dent en zirconium ?<\/span><\/h2><p><span style=\"font-weight: 400;\">Les dents en zirconium pr\u00e9sentent de nombreux avantages. Tout d'abord, les dents en zirconium sont extr\u00eamement durables. Elles sont plus solides et plus robustes que les dents en porcelaine traditionnelles, ce qui les rend id\u00e9ales pour les dents post\u00e9rieures. En outre, comme les dents en zirconium ont la capacit\u00e9 de transmettre la lumi\u00e8re, elles offrent un aspect brillant et esth\u00e9tique comme les dents naturelles. Les dents en zirconium sont \u00e9galement exemptes de m\u00e9tal, ce qui \u00e9vite les r\u00e9actions gingivales et \u00e9limine le risque de r\u00e9actions allergiques.<\/span><\/p><h2><span style=\"font-weight: 400;\">Quel est le prix des dents en zirconium ?<\/span><\/h2><p><span style=\"font-weight: 400;\">Le prix des dents en zirconium peut varier en fonction du processus de traitement, de la zone d'application et des mat\u00e9riaux utilis\u00e9s. En g\u00e9n\u00e9ral, les dents en zirconium sont plus ch\u00e8res que les autres types de rev\u00eatements, mais compte tenu de leur long\u00e9vit\u00e9 et de leurs avantages esth\u00e9tiques, elles compensent largement l'investissement r\u00e9alis\u00e9. Les prix peuvent varier en fonction de la clinique utilis\u00e9e et de l'exp\u00e9rience du dentiste. Il est recommand\u00e9 de consulter un dentiste pour obtenir les informations les plus pr\u00e9cises sur les prix.<\/span><\/p><h2><span style=\"font-weight: 400;\">Qui peut poser une dent en zirconium ?<\/span><\/h2><p><span style=\"font-weight: 400;\">Les dents en zirconium peuvent \u00eatre pos\u00e9es \u00e0 toute personne ayant des probl\u00e8mes esth\u00e9tiques, des d\u00e9formations ou une d\u00e9coloration des dents. C'est \u00e9galement un choix id\u00e9al pour les patients qui ont de gros plombages dans leurs dents et qui souhaitent les recouvrir d'un rev\u00eatement plus esth\u00e9tique. Les applications dentaires du zirconium conviennent aux personnes ayant une bonne sant\u00e9 gingivale et un bon \u00e9tat de sant\u00e9 g\u00e9n\u00e9ral. Le dentiste d\u00e9terminera si l'application dentaire de zirconium est appropri\u00e9e en proc\u00e9dant \u00e0 des \u00e9valuations individuelles.<\/span><\/p><h2><span style=\"font-weight: 400;\">Comment fonctionne le traitement des dents en zirconium ?<\/span><\/h2><p><span style=\"font-weight: 400;\">Le traitement dentaire au zirconium se d\u00e9roule g\u00e9n\u00e9ralement en plusieurs \u00e9tapes. Au cours de la premi\u00e8re \u00e9tape, le dentiste \u00e9value la structure buccale et la sant\u00e9 dentaire du patient. Si n\u00e9cessaire, les dents sont nettoy\u00e9es et fa\u00e7onn\u00e9es. Ensuite, des mesures sp\u00e9ciales sont prises pour les dents et un dessin num\u00e9rique est r\u00e9alis\u00e9 pour les couronnes en zirconium. Une fois le processus de conception termin\u00e9, des facettes en zirconium sont fabriqu\u00e9es en laboratoire et appliqu\u00e9es sur les dents du patient. Lors de la derni\u00e8re \u00e9tape, les facettes sont plac\u00e9es sur la dent et le traitement est termin\u00e9. L'ensemble de ce processus peut g\u00e9n\u00e9ralement prendre plusieurs s\u00e9ances.<\/span><\/p><h2><span style=\"font-weight: 400;\">Ce qu'il faut savoir sur la durabilit\u00e9 et l'esth\u00e9tique des dents en zirconium<\/span><\/h2><p><span style=\"font-weight: 400;\">Les dents en zirconium constituent une option sup\u00e9rieure en termes d'esth\u00e9tique et de durabilit\u00e9. Elles peuvent \u00eatre utilis\u00e9es sur les dents de devant comme sur les dents de derri\u00e8re. Comme la zircone ne contient pas de m\u00e9tal, sa compatibilit\u00e9 avec les gencives est excellente, de sorte qu'il n'y a pas de probl\u00e8mes de d\u00e9coloration ou d'inflammation des gencives. En outre, les dents en zirconium ont un aspect esth\u00e9tique en transmettant la lumi\u00e8re comme les dents naturelles et offrent un sourire naturel. Gr\u00e2ce \u00e0 leur structure durable, les dents en zirconium r\u00e9sistent \u00e0 la force de la mastication et conservent leur forme pendant de nombreuses ann\u00e9es.<\/span><\/p><h2><span style=\"font-weight: 400;\">Diff\u00e9rences entre les facettes dentaires en zirconium et les autres facettes dentaires<\/span><\/h2><p><span style=\"font-weight: 400;\">Les facettes dentaires en zirconium se distinguent des autres types de facettes par quelques diff\u00e9rences importantes. Il s'agit d'une option plus durable et plus esth\u00e9tique que les facettes en porcelaine et les facettes \u00e0 support m\u00e9tallique. Les facettes \u00e0 support m\u00e9tallique peuvent provoquer une d\u00e9coloration des gencives avec le temps, mais le zirconium ne pr\u00e9sente pas ce probl\u00e8me. Les dents en zirconium ont \u00e9galement un aspect plus l\u00e9ger et naturel. Elles ne contiennent pas de m\u00e9tal et ne pr\u00e9sentent donc aucun risque de r\u00e9action allergique.<\/span><\/p><h2><span style=\"font-weight: 400;\">Comment entretenir les dents en zirconium ?<\/span><\/h2><p><span style=\"font-weight: 400;\">L'entretien des dents en zirconium doit se faire de la m\u00eame mani\u00e8re que pour les autres dents. Vous devez vous brosser les dents r\u00e9guli\u00e8rement, utiliser du fil dentaire et ne pas n\u00e9gliger vos soins bucco-dentaires. Vous pouvez \u00e9galement prolonger la dur\u00e9e de vie de vos dents en \u00e9vitant les aliments acides et durs. Les dents en zirconium conservent leurs propri\u00e9t\u00e9s esth\u00e9tiques et fonctionnelles pendant de nombreuses ann\u00e9es si elles font l'objet de soins attentifs. Vous pouvez prendre des pr\u00e9cautions avant qu'un probl\u00e8me ne survienne en vous faisant contr\u00f4ler r\u00e9guli\u00e8rement par votre dentiste.<\/span><\/p><h2><span style=\"font-weight: 400;\">Existe-t-il des risques et des effets secondaires li\u00e9s \u00e0 l'application de dents en zirconium ?<\/span><\/h2><p><span style=\"font-weight: 400;\">Les applications dentaires en zirconium sont extr\u00eamement s\u00fbres, mais comme pour tout traitement, il existe quelques risques mineurs. Les dents en zirconium ne provoquent g\u00e9n\u00e9ralement pas de r\u00e9actions allergiques, mais une sensibilit\u00e9 ou une incompatibilit\u00e9 peut rarement se produire. En outre, lors du processus d'abrasion des dents, certains patients tr\u00e8s sensibles peuvent ressentir une g\u00eane temporaire. Toutefois, gr\u00e2ce \u00e0 la structure robuste des dents en zirconium, les probl\u00e8mes \u00e0 long terme sont extr\u00eamement rares.<\/span><\/p><h2><span style=\"font-weight: 400;\">Quelle est la dur\u00e9e de la p\u00e9riode de convalescence lors de l'application d'une dent en zirconium ?<\/span><\/h2><p><span style=\"font-weight: 400;\">Le temps de gu\u00e9rison de l'application d'une dent en zirconium est g\u00e9n\u00e9ralement assez rapide. La douleur ou la sensibilit\u00e9 dispara\u00eet en quelques jours apr\u00e8s le traitement. Apr\u00e8s le traitement, le patient peut reprendre sa vie normale imm\u00e9diatement, mais la cicatrisation compl\u00e8te des gencives peut prendre plusieurs semaines. Les dents en zirconium peuvent g\u00e9n\u00e9ralement \u00eatre utilis\u00e9es imm\u00e9diatement et les patients peuvent exercer leurs fonctions masticatoires confortablement apr\u00e8s le traitement.<\/span><\/p><p>\u00a0<\/p>\t\t\t\t\t\t\t\t<\/div>\n\t\t\t\t<\/div>\n\t\t\t\t\t<\/div>\n\t\t\t\t<\/div>\n\t\t\t\t<\/div>","protected":false},"excerpt":{"rendered":"<p>Ortalama Kal\u0131\u015f S\u00fcresi 7 G\u00fcn Hastanede Yat\u0131\u015f S\u00fcresi 1 G\u00fcn Operasyon S\u00fcresi 2-4 Saat Anestezi T\u00fcr\u00fc Genel Anestezi \u0130yile\u015fme S\u00fcresi<\/p>","protected":false},"author":1,"featured_media":0,"parent":0,"menu_order":0,"comment_status":"closed","ping_status":"closed","template":"","meta":{"footnotes":""},"class_list":["post-27878","page","type-page","status-publish","hentry"],"_links":{"self":[{"href":"https:\/\/westestetik.com\/fr\/wp-json\/wp\/v2\/pages\/27878","targetHints":{"allow":["GET"]}}],"collection":[{"href":"https:\/\/westestetik.com\/fr\/wp-json\/wp\/v2\/pages"}],"about":[{"href":"https:\/\/westestetik.com\/fr\/wp-json\/wp\/v2\/types\/page"}],"author":[{"embeddable":true,"href":"https:\/\/westestetik.com\/fr\/wp-json\/wp\/v2\/users\/1"}],"replies":[{"embeddable":true,"href":"https:\/\/westestetik.com\/fr\/wp-json\/wp\/v2\/comments?post=27878"}],"version-history":[{"count":10,"href":"https:\/\/westestetik.com\/fr\/wp-json\/wp\/v2\/pages\/27878\/revisions"}],"predecessor-version":[{"id":29016,"href":"https:\/\/westestetik.com\/fr\/wp-json\/wp\/v2\/pages\/27878\/revisions\/29016"}],"wp:attachment":[{"href":"https:\/\/westestetik.com\/fr\/wp-json\/wp\/v2\/media?parent=27878"}],"curies":[{"name":"wp","href":"https:\/\/api.w.org\/{rel}","templated":true}]}}