{"id":27876,"date":"2024-12-02T23:32:51","date_gmt":"2024-12-02T23:32:51","guid":{"rendered":"https:\/\/westestetik.com\/?page_id=27876"},"modified":"2024-12-26T15:04:25","modified_gmt":"2024-12-26T15:04:25","slug":"sourire-hollywoodien","status":"publish","type":"page","link":"https:\/\/westestetik.com\/fr\/sourire-hollywoodien\/","title":{"rendered":"Sourire Hollywoodien"},"content":{"rendered":"<div data-elementor-type=\"wp-page\" data-elementor-id=\"27876\" class=\"elementor elementor-27876\" data-elementor-post-type=\"page\">\n\t\t\t\t<div class=\"elementor-element elementor-element-53703026 e-con-full elementor-hidden-mobile e-flex e-con e-parent\" data-id=\"53703026\" data-element_type=\"container\">\n\t\t<div class=\"elementor-element elementor-element-380e18db e-con-full e-flex e-con e-child\" data-id=\"380e18db\" data-element_type=\"container\">\n\t\t\t\t<div class=\"elementor-element elementor-element-7928c14c elementor-widget elementor-widget-image\" data-id=\"7928c14c\" data-element_type=\"widget\" data-widget_type=\"image.default\">\n\t\t\t\t<div class=\"elementor-widget-container\">\n\t\t\t\t\t\t\t\t\t\t\t\t\t\t\t<img decoding=\"async\" width=\"100\" height=\"100\" src=\"https:\/\/westestetik.com\/wp-content\/uploads\/2024\/12\/1-4.png\" class=\"attachment-large size-large wp-image-28814\" alt=\"\" srcset=\"https:\/\/westestetik.com\/wp-content\/uploads\/2024\/12\/1-4.png 100w, https:\/\/westestetik.com\/wp-content\/uploads\/2024\/12\/1-4-12x12.png 12w\" sizes=\"(max-width: 100px) 100vw, 100px\" \/>\t\t\t\t\t\t\t\t\t\t\t\t\t\t\t<\/div>\n\t\t\t\t<\/div>\n\t\t\t\t<\/div>\n\t\t<div class=\"elementor-element elementor-element-5589adad e-con-full e-flex e-con e-child\" data-id=\"5589adad\" data-element_type=\"container\">\n\t\t\t\t<div class=\"elementor-element elementor-element-7cf5ad elementor-widget elementor-widget-image\" data-id=\"7cf5ad\" data-element_type=\"widget\" data-widget_type=\"image.default\">\n\t\t\t\t<div class=\"elementor-widget-container\">\n\t\t\t\t\t\t\t\t\t\t\t\t\t\t\t<img decoding=\"async\" width=\"100\" height=\"100\" src=\"https:\/\/westestetik.com\/wp-content\/uploads\/2024\/12\/2-5.png\" class=\"attachment-large size-large wp-image-28815\" alt=\"\" srcset=\"https:\/\/westestetik.com\/wp-content\/uploads\/2024\/12\/2-5.png 100w, https:\/\/westestetik.com\/wp-content\/uploads\/2024\/12\/2-5-12x12.png 12w\" sizes=\"(max-width: 100px) 100vw, 100px\" \/>\t\t\t\t\t\t\t\t\t\t\t\t\t\t\t<\/div>\n\t\t\t\t<\/div>\n\t\t\t\t<\/div>\n\t\t<div class=\"elementor-element elementor-element-898966a e-con-full e-flex e-con e-child\" data-id=\"898966a\" data-element_type=\"container\">\n\t\t\t\t<div class=\"elementor-element elementor-element-1bd5d4dc elementor-widget elementor-widget-image\" data-id=\"1bd5d4dc\" data-element_type=\"widget\" data-widget_type=\"image.default\">\n\t\t\t\t<div class=\"elementor-widget-container\">\n\t\t\t\t\t\t\t\t\t\t\t\t\t\t\t<img decoding=\"async\" width=\"100\" height=\"100\" src=\"https:\/\/westestetik.com\/wp-content\/uploads\/2024\/12\/3-1.png\" class=\"attachment-large size-large wp-image-28816\" alt=\"\" srcset=\"https:\/\/westestetik.com\/wp-content\/uploads\/2024\/12\/3-1.png 100w, https:\/\/westestetik.com\/wp-content\/uploads\/2024\/12\/3-1-12x12.png 12w\" sizes=\"(max-width: 100px) 100vw, 100px\" \/>\t\t\t\t\t\t\t\t\t\t\t\t\t\t\t<\/div>\n\t\t\t\t<\/div>\n\t\t\t\t<\/div>\n\t\t<div class=\"elementor-element elementor-element-4ad6550c e-con-full e-flex e-con e-child\" data-id=\"4ad6550c\" data-element_type=\"container\">\n\t\t\t\t<div class=\"elementor-element elementor-element-1490f2f elementor-widget elementor-widget-image\" data-id=\"1490f2f\" data-element_type=\"widget\" data-widget_type=\"image.default\">\n\t\t\t\t<div class=\"elementor-widget-container\">\n\t\t\t\t\t\t\t\t\t\t\t\t\t\t\t<img loading=\"lazy\" decoding=\"async\" width=\"100\" height=\"100\" src=\"https:\/\/westestetik.com\/wp-content\/uploads\/2024\/12\/4-1.png\" class=\"attachment-large size-large wp-image-28817\" alt=\"\" srcset=\"https:\/\/westestetik.com\/wp-content\/uploads\/2024\/12\/4-1.png 100w, https:\/\/westestetik.com\/wp-content\/uploads\/2024\/12\/4-1-12x12.png 12w\" sizes=\"(max-width: 100px) 100vw, 100px\" \/>\t\t\t\t\t\t\t\t\t\t\t\t\t\t\t<\/div>\n\t\t\t\t<\/div>\n\t\t\t\t<\/div>\n\t\t<div class=\"elementor-element elementor-element-29e6d412 e-con-full e-flex e-con e-child\" data-id=\"29e6d412\" data-element_type=\"container\">\n\t\t\t\t<div class=\"elementor-element elementor-element-3fbaafcd elementor-widget elementor-widget-image\" data-id=\"3fbaafcd\" data-element_type=\"widget\" data-widget_type=\"image.default\">\n\t\t\t\t<div class=\"elementor-widget-container\">\n\t\t\t\t\t\t\t\t\t\t\t\t\t\t\t<img loading=\"lazy\" decoding=\"async\" width=\"100\" height=\"100\" src=\"https:\/\/westestetik.com\/wp-content\/uploads\/2024\/12\/5-1.png\" class=\"attachment-large size-large wp-image-28818\" alt=\"\" srcset=\"https:\/\/westestetik.com\/wp-content\/uploads\/2024\/12\/5-1.png 100w, https:\/\/westestetik.com\/wp-content\/uploads\/2024\/12\/5-1-12x12.png 12w\" sizes=\"(max-width: 100px) 100vw, 100px\" \/>\t\t\t\t\t\t\t\t\t\t\t\t\t\t\t<\/div>\n\t\t\t\t<\/div>\n\t\t\t\t<\/div>\n\t\t\t\t<\/div>\n\t\t<div class=\"wd-negative-gap elementor-element elementor-element-522b163a elementor-hidden-mobile e-flex e-con-boxed e-con e-parent\" data-id=\"522b163a\" data-element_type=\"container\">\n\t\t\t\t\t<div class=\"e-con-inner\">\n\t\t<div class=\"elementor-element elementor-element-1076b6b5 e-con-full e-flex e-con e-child\" data-id=\"1076b6b5\" data-element_type=\"container\">\n\t\t\t\t<div class=\"elementor-element elementor-element-35d5d42b wd-width-100 elementor-widget elementor-widget-wd_title\" data-id=\"35d5d42b\" data-element_type=\"widget\" data-widget_type=\"wd_title.default\">\n\t\t\t\t<div class=\"elementor-widget-container\">\n\t\t\t\t\t\t\t<div class=\"title-wrapper set-mb-s reset-last-child wd-title-color-default wd-title-style-default wd-title-size-default text-center\">\n\n\t\t\t\t\t\t\t<div class=\"title-subtitle subtitle-color-default subtitle-style-default wd-fontsize-xs\">\n\t\t\t\t\tDur\u00e9e moyenne du s\u00e9jour\t\t\t\t<\/div>\n\t\t\t\n\t\t\t<div class=\"liner-continer\">\n\t\t\t\t<p class=\"woodmart-title-container title wd-fontsize-l\">7 jours<\/p> \n\t\t\t\t\t\t\t<\/div>\n\n\t\t\t\t\t<\/div>\n\t\t\t\t\t\t<\/div>\n\t\t\t\t<\/div>\n\t\t\t\t<\/div>\n\t\t<div class=\"elementor-element elementor-element-79ab4363 e-con-full e-flex e-con e-child\" data-id=\"79ab4363\" data-element_type=\"container\">\n\t\t\t\t<div class=\"elementor-element elementor-element-6a41647f wd-width-100 elementor-widget elementor-widget-wd_title\" data-id=\"6a41647f\" data-element_type=\"widget\" data-widget_type=\"wd_title.default\">\n\t\t\t\t<div class=\"elementor-widget-container\">\n\t\t\t\t\t\t\t<div class=\"title-wrapper set-mb-s reset-last-child wd-title-color-default wd-title-style-default wd-title-size-default text-center\">\n\n\t\t\t\t\t\t\t<div class=\"title-subtitle subtitle-color-default subtitle-style-default wd-fontsize-xs\">\n\t\t\t\t\tDur\u00e9e de l'hospitalisation\t\t\t\t<\/div>\n\t\t\t\n\t\t\t<div class=\"liner-continer\">\n\t\t\t\t<p class=\"woodmart-title-container title wd-fontsize-l\">1 jour<\/p> \n\t\t\t\t\t\t\t<\/div>\n\n\t\t\t\t\t<\/div>\n\t\t\t\t\t\t<\/div>\n\t\t\t\t<\/div>\n\t\t\t\t<\/div>\n\t\t<div class=\"elementor-element elementor-element-10413263 e-con-full e-flex e-con e-child\" data-id=\"10413263\" data-element_type=\"container\">\n\t\t\t\t<div class=\"elementor-element elementor-element-159a96ad wd-width-100 elementor-widget elementor-widget-wd_title\" data-id=\"159a96ad\" data-element_type=\"widget\" data-widget_type=\"wd_title.default\">\n\t\t\t\t<div class=\"elementor-widget-container\">\n\t\t\t\t\t\t\t<div class=\"title-wrapper set-mb-s reset-last-child wd-title-color-default wd-title-style-default wd-title-size-default text-center\">\n\n\t\t\t\t\t\t\t<div class=\"title-subtitle subtitle-color-default subtitle-style-default wd-fontsize-xs\">\n\t\t\t\t\tDur\u00e9e de l'op\u00e9ration\t\t\t\t<\/div>\n\t\t\t\n\t\t\t<div class=\"liner-continer\">\n\t\t\t\t<p class=\"woodmart-title-container title wd-fontsize-l\">2-4 heures<\/p> \n\t\t\t\t\t\t\t<\/div>\n\n\t\t\t\t\t<\/div>\n\t\t\t\t\t\t<\/div>\n\t\t\t\t<\/div>\n\t\t\t\t<\/div>\n\t\t<div class=\"elementor-element elementor-element-7724284a e-con-full e-flex e-con e-child\" data-id=\"7724284a\" data-element_type=\"container\">\n\t\t\t\t<div class=\"elementor-element elementor-element-7d7c5fa1 wd-width-100 elementor-widget elementor-widget-wd_title\" data-id=\"7d7c5fa1\" data-element_type=\"widget\" data-widget_type=\"wd_title.default\">\n\t\t\t\t<div class=\"elementor-widget-container\">\n\t\t\t\t\t\t\t<div class=\"title-wrapper set-mb-s reset-last-child wd-title-color-default wd-title-style-default wd-title-size-default text-center\">\n\n\t\t\t\t\t\t\t<div class=\"title-subtitle subtitle-color-default subtitle-style-default wd-fontsize-xs\">\n\t\t\t\t\tType d'anesth\u00e9sie\t\t\t\t<\/div>\n\t\t\t\n\t\t\t<div class=\"liner-continer\">\n\t\t\t\t<p class=\"woodmart-title-container title wd-fontsize-l\">Anesth\u00e9sie g\u00e9n\u00e9rale<\/p> \n\t\t\t\t\t\t\t<\/div>\n\n\t\t\t\t\t<\/div>\n\t\t\t\t\t\t<\/div>\n\t\t\t\t<\/div>\n\t\t\t\t<\/div>\n\t\t<div class=\"elementor-element elementor-element-344d65c3 e-con-full e-flex e-con e-child\" data-id=\"344d65c3\" data-element_type=\"container\">\n\t\t\t\t<div class=\"elementor-element elementor-element-550c4cef wd-width-100 elementor-widget elementor-widget-wd_title\" data-id=\"550c4cef\" data-element_type=\"widget\" data-widget_type=\"wd_title.default\">\n\t\t\t\t<div class=\"elementor-widget-container\">\n\t\t\t\t\t\t\t<div class=\"title-wrapper set-mb-s reset-last-child wd-title-color-default wd-title-style-default wd-title-size-default text-center\">\n\n\t\t\t\t\t\t\t<div class=\"title-subtitle subtitle-color-default subtitle-style-default wd-fontsize-xs\">\n\t\t\t\t\tD\u00e9lai de r\u00e9cup\u00e9ration\t\t\t\t<\/div>\n\t\t\t\n\t\t\t<div class=\"liner-continer\">\n\t\t\t\t<p class=\"woodmart-title-container title wd-fontsize-l\">1-2 semaines<\/p> \n\t\t\t\t\t\t\t<\/div>\n\n\t\t\t\t\t<\/div>\n\t\t\t\t\t\t<\/div>\n\t\t\t\t<\/div>\n\t\t\t\t<\/div>\n\t\t\t\t\t<\/div>\n\t\t\t\t<\/div>\n\t\t<div class=\"wd-negative-gap elementor-element elementor-element-0c06a73 e-flex e-con-boxed e-con e-parent\" data-id=\"0c06a73\" data-element_type=\"container\">\n\t\t\t\t\t<div class=\"e-con-inner\">\n\t\t\t\t<div class=\"elementor-element elementor-element-420bf56 color-scheme-inherit text-left elementor-widget elementor-widget-text-editor\" data-id=\"420bf56\" data-element_type=\"widget\" data-widget_type=\"text-editor.default\">\n\t\t\t\t<div class=\"elementor-widget-container\">\n\t\t\t\t\t\t\t\t\t<p><span style=\"font-weight: 400;\">Le Hollywood Smile est devenu l'une des tendances les plus populaires de la dentisterie esth\u00e9tique au cours des derni\u00e8res ann\u00e9es. Ce traitement, qui permet de r\u00e9aliser le r\u00eave d'un sourire parfait avec des dents blanches, lisses et sym\u00e9triques, vise \u00e0 cr\u00e9er l'esth\u00e9tique dentaire la plus adapt\u00e9e aux traits du visage de la personne. Hollywood Smile n'est pas seulement esth\u00e9tique, c'est aussi une solution qui augmente la confiance en soi, rajeunit et donne une apparence naturelle. Cette proc\u00e9dure, qui est appliqu\u00e9e avec diff\u00e9rentes m\u00e9thodes telles que le blanchiment des dents, les facettes en porcelaine, le traitement par appareil dentaire, offre une option id\u00e9ale pour les personnes de tous \u00e2ges.<\/span><\/p><h2><span style=\"font-weight: 400;\">Qu'est-ce que le Hollywood Smile et comment est-il appliqu\u00e9 ?<\/span><\/h2><p><span style=\"font-weight: 400;\">Le sourire hollywoodien est le processus qui permet d'avoir des dents brillantes, blanches et lisses gr\u00e2ce \u00e0 des applications de dentisterie esth\u00e9tique. Cette conception du sourire vise \u00e0 cr\u00e9er l'esth\u00e9tique dentaire la plus adapt\u00e9e aux traits du visage de la personne. Le sourire hollywoodien est g\u00e9n\u00e9ralement obtenu par une s\u00e9rie de traitements tels que le blanchiment des dents, les facettes en porcelaine, les appareils dentaires et le modelage des gencives. La forme, la taille et la couleur des dents sont d\u00e9termin\u00e9es individuellement et l'apparence la plus naturelle possible est obtenue. Le sourire hollywoodien est une option de traitement qui n'est pas seulement esth\u00e9tique, mais qui augmente \u00e9galement la confiance en soi de la personne.<\/span><\/p><h2><span style=\"font-weight: 400;\">Quels sont les meilleurs candidats pour le sourire hollywoodien ?<\/span><\/h2><p><span style=\"font-weight: 400;\">Le Hollywood Smile est g\u00e9n\u00e9ralement recommand\u00e9 aux personnes qui ont des probl\u00e8mes esth\u00e9tiques et qui ne sont pas satisfaites de leur sourire. Les personnes dont les dents sont d\u00e9color\u00e9es, difformes ou \u00e9cart\u00e9es sont des candidats id\u00e9aux pour le Hollywood Smile. En outre, les fractures et les abrasions des dents peuvent \u00e9galement \u00eatre corrig\u00e9es gr\u00e2ce \u00e0 ce traitement. Toutefois, la structure dentaire de chaque individu \u00e9tant diff\u00e9rente, le dentiste doit proc\u00e9der \u00e0 un examen d\u00e9taill\u00e9 avant d'appliquer le Hollywood Smile. Les candidats doivent avoir des dents et des gencives saines, et aucune maladie ne doit emp\u00eacher le traitement.<\/span><\/p><h2><span style=\"font-weight: 400;\">Combien de s\u00e9ances dure le traitement Hollywood Smile ?<\/span><\/h2><p><span style=\"font-weight: 400;\">Le traitement Hollywood Smile peut g\u00e9n\u00e9ralement \u00eatre r\u00e9alis\u00e9 en 2 ou 3 s\u00e9ances. Lors de la premi\u00e8re s\u00e9ance, l'\u00e9tat des dents est \u00e9valu\u00e9, un dessin num\u00e9rique du sourire est r\u00e9alis\u00e9 et les mesures n\u00e9cessaires sont prises. Lors de la deuxi\u00e8me s\u00e9ance, des facettes ou des lamelles en porcelaine peuvent \u00eatre appliqu\u00e9es sur les dents. Si un blanchiment des dents ou d'autres proc\u00e9dures esth\u00e9tiques sont n\u00e9cessaires, la dur\u00e9e du traitement peut \u00eatre l\u00e9g\u00e8rement plus longue. La dur\u00e9e du traitement varie en fonction des besoins personnels et des proc\u00e9dures \u00e0 effectuer. Toutefois, Hollywood Smile donne des r\u00e9sultats efficaces avec un temps de traitement court.<\/span><\/p><h2><span style=\"font-weight: 400;\">Quel est le prix du sourire hollywoodien ?<\/span><\/h2><p><span style=\"font-weight: 400;\">Les prix de Hollywood Smile varient en fonction de la m\u00e9thode de traitement \u00e0 appliquer, du nombre de dents et des mat\u00e9riaux utilis\u00e9s. La combinaison du blanchiment des dents, des facettes en porcelaine et d'autres proc\u00e9dures esth\u00e9tiques peut avoir une incidence sur le prix. En outre, le choix de la clinique, les technologies utilis\u00e9es et l'exp\u00e9rience du m\u00e9decin sont \u00e9galement des facteurs qui d\u00e9terminent les prix. Pour obtenir des informations claires sur les fourchettes de prix, il est n\u00e9cessaire de proc\u00e9der \u00e0 une \u00e9valuation personnelle et de cr\u00e9er un plan de traitement. Hollywood Smile est une option de traitement qui vaut la peine d'\u00eatre investie, car elle offre des r\u00e9sultats permanents et esth\u00e9tiques \u00e0 long terme.<\/span><\/p><h2><span style=\"font-weight: 400;\">Quels sont les avantages du Hollywood Smile ?<\/span><\/h2><p><span style=\"font-weight: 400;\">Hollywood Smile offre des avantages non seulement esth\u00e9tiques mais aussi fonctionnels. Des dents correctes et saines permettent de manger et de parler plus confortablement. En outre, les dents blanches et brillantes obtenues gr\u00e2ce \u00e0 Hollywood Smile augmentent la confiance en soi et donnent \u00e0 la personne une apparence plus jeune. Le traitement permet d'obtenir un sourire plus lisse, de corriger les taches et les fractures des dents. Hollywood Smile offre de nombreux avantages esth\u00e9tiques et fonctionnels.<\/span><\/p><h2><span style=\"font-weight: 400;\">Processus de suivi et de r\u00e9tablissement du sourire hollywoodien<\/span><\/h2><p><span style=\"font-weight: 400;\">Le processus de gu\u00e9rison apr\u00e8s un traitement Hollywood Smile est g\u00e9n\u00e9ralement rapide. Apr\u00e8s des facettes en porcelaine ou des proc\u00e9dures de blanchiment des dents, il peut y avoir une l\u00e9g\u00e8re sensibilit\u00e9 des dents, mais il s'agit g\u00e9n\u00e9ralement d'un \u00e9tat de courte dur\u00e9e. Apr\u00e8s le traitement, il est recommand\u00e9 de se brosser les dents r\u00e9guli\u00e8rement, d'utiliser du fil dentaire et d'\u00e9viter les habitudes nocives telles que le tabagisme pour prot\u00e9ger les dents. \u00c9viter les aliments trop chauds ou trop froids peut \u00e9galement acc\u00e9l\u00e9rer le processus de gu\u00e9rison. Ne pas n\u00e9gliger le soin de vos dents apr\u00e8s Hollywood Smile garantit le succ\u00e8s du processus de traitement.<\/span><\/p><h2><span style=\"font-weight: 400;\">Quelles sont les m\u00e9thodes utilis\u00e9es pour le Hollywood Smile ?<\/span><\/h2><p><span style=\"font-weight: 400;\">Hollywood Smile consiste en une combinaison d'une s\u00e9rie de traitements de dentisterie esth\u00e9tique. Ces m\u00e9thodes comprennent le blanchiment des dents, les facettes en porcelaine, les appareils dentaires, l'alignement des gencives et les plombages esth\u00e9tiques. Le blanchiment des dents est g\u00e9n\u00e9ralement utilis\u00e9 pour rendre le sourire plus \u00e9clatant et plus jeune. Les facettes en porcelaine corrigent la forme et la taille des dents, tandis que les appareils dentaires sont pr\u00e9f\u00e9r\u00e9s pour les situations n\u00e9cessitant une correction plus importante. Le modelage des gencives donne \u00e9galement au sourire un aspect naturel. Chaque m\u00e9thode est s\u00e9lectionn\u00e9e et appliqu\u00e9e individuellement.<\/span><\/p><h2><span style=\"font-weight: 400;\">Le sourire hollywoodien est-il douloureux ?<\/span><\/h2><p><span style=\"font-weight: 400;\">Une anesth\u00e9sie locale est g\u00e9n\u00e9ralement utilis\u00e9e pendant le traitement Hollywood Smile, de sorte qu'aucune douleur n'est ressentie pendant le traitement. Apr\u00e8s le traitement, il peut y avoir une l\u00e9g\u00e8re sensibilit\u00e9, mais elle est de courte dur\u00e9e et passe facilement.<\/span><\/p><h2><span style=\"font-weight: 400;\">Quel est le degr\u00e9 de permanence du Hollywood Smile ?<\/span><\/h2><p><span style=\"font-weight: 400;\">Le sourire hollywoodien dure de nombreuses ann\u00e9es avec les soins appropri\u00e9s. Les facettes et les stratifi\u00e9s en porcelaine durent g\u00e9n\u00e9ralement entre 10 et 15 ans, mais cette p\u00e9riode peut varier en fonction de vos soins personnels et de votre mode de vie.<\/span><\/p><h2><span style=\"font-weight: 400;\">\u00c0 qui le traitement Hollywood Smile peut-il s'appliquer ?<\/span><\/h2><p><span style=\"font-weight: 400;\">Le traitement Hollywood Smile peut \u00eatre appliqu\u00e9 \u00e0 des personnes en bonne sant\u00e9 ayant des pr\u00e9occupations esth\u00e9tiques. Cependant, avant le traitement, l'examen du dentiste est important.<\/span><\/p><h2><span style=\"font-weight: 400;\">Diff\u00e9rences entre Hollywood Smile et l'esth\u00e9tique dentaire<\/span><\/h2><p><span style=\"font-weight: 400;\">Contrairement aux traitements esth\u00e9tiques dentaires traditionnels, le Hollywood Smile offre une conception du sourire enti\u00e8rement personnalis\u00e9e. Alors que les autres traitements esth\u00e9tiques visent g\u00e9n\u00e9ralement \u00e0 corriger les probl\u00e8mes existants au niveau des dents, le Hollywood Smile vise \u00e0 garantir l'harmonie esth\u00e9tique de toutes les dents et de toutes les gencives. Cela permet d'obtenir un sourire plus naturel et sym\u00e9trique. Le sourire hollywoodien apporte une am\u00e9lioration non seulement fonctionnelle mais aussi esth\u00e9tique des dents.<\/span><\/p><h2><span style=\"font-weight: 400;\">Comment obtenir des dents blanches avec Hollywood Smile ?<\/span><\/h2><p><span style=\"font-weight: 400;\">Hollywood Smile est l'un des moyens les plus efficaces d'avoir des dents blanches. Le blanchiment des dents rend vos dents plus blanches et plus brillantes en \u00e9liminant les taches et les d\u00e9colorations. En outre, des r\u00e9sultats plus permanents sont obtenus avec les facettes en porcelaine et les facettes lamin\u00e9es. Le traitement Hollywood Smile vous permet d'atteindre la blancheur naturelle de vos dents et de rendre votre sourire parfait \u00e0 tous points de vue.<\/span><\/p>\t\t\t\t\t\t\t\t<\/div>\n\t\t\t\t<\/div>\n\t\t\t\t\t<\/div>\n\t\t\t\t<\/div>\n\t\t\t\t<\/div>","protected":false},"excerpt":{"rendered":"<p>Ortalama Kal\u0131\u015f S\u00fcresi 7 G\u00fcn Hastanede Yat\u0131\u015f S\u00fcresi 1 G\u00fcn Operasyon S\u00fcresi 2-4 Saat Anestezi T\u00fcr\u00fc Genel Anestezi \u0130yile\u015fme S\u00fcresi<\/p>","protected":false},"author":1,"featured_media":0,"parent":0,"menu_order":0,"comment_status":"closed","ping_status":"closed","template":"","meta":{"footnotes":""},"class_list":["post-27876","page","type-page","status-publish","hentry"],"_links":{"self":[{"href":"https:\/\/westestetik.com\/fr\/wp-json\/wp\/v2\/pages\/27876","targetHints":{"allow":["GET"]}}],"collection":[{"href":"https:\/\/westestetik.com\/fr\/wp-json\/wp\/v2\/pages"}],"about":[{"href":"https:\/\/westestetik.com\/fr\/wp-json\/wp\/v2\/types\/page"}],"author":[{"embeddable":true,"href":"https:\/\/westestetik.com\/fr\/wp-json\/wp\/v2\/users\/1"}],"replies":[{"embeddable":true,"href":"https:\/\/westestetik.com\/fr\/wp-json\/wp\/v2\/comments?post=27876"}],"version-history":[{"count":11,"href":"https:\/\/westestetik.com\/fr\/wp-json\/wp\/v2\/pages\/27876\/revisions"}],"predecessor-version":[{"id":29019,"href":"https:\/\/westestetik.com\/fr\/wp-json\/wp\/v2\/pages\/27876\/revisions\/29019"}],"wp:attachment":[{"href":"https:\/\/westestetik.com\/fr\/wp-json\/wp\/v2\/media?parent=27876"}],"curies":[{"name":"wp","href":"https:\/\/api.w.org\/{rel}","templated":true}]}}