{"id":27871,"date":"2024-12-02T23:32:25","date_gmt":"2024-12-02T23:32:25","guid":{"rendered":"https:\/\/westestetik.com\/?page_id=27871"},"modified":"2024-12-26T15:05:04","modified_gmt":"2024-12-26T15:05:04","slug":"dentisterie-generale","status":"publish","type":"page","link":"https:\/\/westestetik.com\/fr\/dentisterie-generale\/","title":{"rendered":"Dentisterie G\u00e9n\u00e9rale"},"content":{"rendered":"<div data-elementor-type=\"wp-page\" data-elementor-id=\"27871\" class=\"elementor elementor-27871\" data-elementor-post-type=\"page\">\n\t\t\t\t<div class=\"elementor-element elementor-element-1a7f8b29 e-con-full elementor-hidden-mobile e-flex e-con e-parent\" data-id=\"1a7f8b29\" data-element_type=\"container\">\n\t\t<div class=\"elementor-element elementor-element-4e0be485 e-con-full e-flex e-con e-child\" data-id=\"4e0be485\" data-element_type=\"container\">\n\t\t\t\t<div class=\"elementor-element elementor-element-4ff0315d elementor-widget elementor-widget-image\" data-id=\"4ff0315d\" data-element_type=\"widget\" data-widget_type=\"image.default\">\n\t\t\t\t<div class=\"elementor-widget-container\">\n\t\t\t\t\t\t\t\t\t\t\t\t\t\t\t<img decoding=\"async\" width=\"100\" height=\"100\" src=\"https:\/\/westestetik.com\/wp-content\/uploads\/2024\/12\/1-4.png\" class=\"attachment-large size-large wp-image-28814\" alt=\"\" srcset=\"https:\/\/westestetik.com\/wp-content\/uploads\/2024\/12\/1-4.png 100w, https:\/\/westestetik.com\/wp-content\/uploads\/2024\/12\/1-4-12x12.png 12w\" sizes=\"(max-width: 100px) 100vw, 100px\" \/>\t\t\t\t\t\t\t\t\t\t\t\t\t\t\t<\/div>\n\t\t\t\t<\/div>\n\t\t\t\t<\/div>\n\t\t<div class=\"elementor-element elementor-element-13d909c0 e-con-full e-flex e-con e-child\" data-id=\"13d909c0\" data-element_type=\"container\">\n\t\t\t\t<div class=\"elementor-element elementor-element-38b64eda elementor-widget elementor-widget-image\" data-id=\"38b64eda\" data-element_type=\"widget\" data-widget_type=\"image.default\">\n\t\t\t\t<div class=\"elementor-widget-container\">\n\t\t\t\t\t\t\t\t\t\t\t\t\t\t\t<img decoding=\"async\" width=\"100\" height=\"100\" src=\"https:\/\/westestetik.com\/wp-content\/uploads\/2024\/12\/2-5.png\" class=\"attachment-large size-large wp-image-28815\" alt=\"\" srcset=\"https:\/\/westestetik.com\/wp-content\/uploads\/2024\/12\/2-5.png 100w, https:\/\/westestetik.com\/wp-content\/uploads\/2024\/12\/2-5-12x12.png 12w\" sizes=\"(max-width: 100px) 100vw, 100px\" \/>\t\t\t\t\t\t\t\t\t\t\t\t\t\t\t<\/div>\n\t\t\t\t<\/div>\n\t\t\t\t<\/div>\n\t\t<div class=\"elementor-element elementor-element-2618130 e-con-full e-flex e-con e-child\" data-id=\"2618130\" data-element_type=\"container\">\n\t\t\t\t<div class=\"elementor-element elementor-element-54ae7441 elementor-widget elementor-widget-image\" data-id=\"54ae7441\" data-element_type=\"widget\" data-widget_type=\"image.default\">\n\t\t\t\t<div class=\"elementor-widget-container\">\n\t\t\t\t\t\t\t\t\t\t\t\t\t\t\t<img decoding=\"async\" width=\"100\" height=\"100\" src=\"https:\/\/westestetik.com\/wp-content\/uploads\/2024\/12\/3-1.png\" class=\"attachment-large size-large wp-image-28816\" alt=\"\" srcset=\"https:\/\/westestetik.com\/wp-content\/uploads\/2024\/12\/3-1.png 100w, https:\/\/westestetik.com\/wp-content\/uploads\/2024\/12\/3-1-12x12.png 12w\" sizes=\"(max-width: 100px) 100vw, 100px\" \/>\t\t\t\t\t\t\t\t\t\t\t\t\t\t\t<\/div>\n\t\t\t\t<\/div>\n\t\t\t\t<\/div>\n\t\t<div class=\"elementor-element elementor-element-12bfd283 e-con-full e-flex e-con e-child\" data-id=\"12bfd283\" data-element_type=\"container\">\n\t\t\t\t<div class=\"elementor-element elementor-element-6dc6574b elementor-widget elementor-widget-image\" data-id=\"6dc6574b\" data-element_type=\"widget\" data-widget_type=\"image.default\">\n\t\t\t\t<div class=\"elementor-widget-container\">\n\t\t\t\t\t\t\t\t\t\t\t\t\t\t\t<img loading=\"lazy\" decoding=\"async\" width=\"100\" height=\"100\" src=\"https:\/\/westestetik.com\/wp-content\/uploads\/2024\/12\/4-1.png\" class=\"attachment-large size-large wp-image-28817\" alt=\"\" srcset=\"https:\/\/westestetik.com\/wp-content\/uploads\/2024\/12\/4-1.png 100w, https:\/\/westestetik.com\/wp-content\/uploads\/2024\/12\/4-1-12x12.png 12w\" sizes=\"(max-width: 100px) 100vw, 100px\" \/>\t\t\t\t\t\t\t\t\t\t\t\t\t\t\t<\/div>\n\t\t\t\t<\/div>\n\t\t\t\t<\/div>\n\t\t<div class=\"elementor-element elementor-element-2e7fac7b e-con-full e-flex e-con e-child\" data-id=\"2e7fac7b\" data-element_type=\"container\">\n\t\t\t\t<div class=\"elementor-element elementor-element-ee41376 elementor-widget elementor-widget-image\" data-id=\"ee41376\" data-element_type=\"widget\" data-widget_type=\"image.default\">\n\t\t\t\t<div class=\"elementor-widget-container\">\n\t\t\t\t\t\t\t\t\t\t\t\t\t\t\t<img loading=\"lazy\" decoding=\"async\" width=\"100\" height=\"100\" src=\"https:\/\/westestetik.com\/wp-content\/uploads\/2024\/12\/5-1.png\" class=\"attachment-large size-large wp-image-28818\" alt=\"\" srcset=\"https:\/\/westestetik.com\/wp-content\/uploads\/2024\/12\/5-1.png 100w, https:\/\/westestetik.com\/wp-content\/uploads\/2024\/12\/5-1-12x12.png 12w\" sizes=\"(max-width: 100px) 100vw, 100px\" \/>\t\t\t\t\t\t\t\t\t\t\t\t\t\t\t<\/div>\n\t\t\t\t<\/div>\n\t\t\t\t<\/div>\n\t\t\t\t<\/div>\n\t\t<div class=\"wd-negative-gap elementor-element elementor-element-71b348a0 elementor-hidden-mobile e-flex e-con-boxed e-con e-parent\" data-id=\"71b348a0\" data-element_type=\"container\">\n\t\t\t\t\t<div class=\"e-con-inner\">\n\t\t<div class=\"elementor-element elementor-element-7804d908 e-con-full e-flex e-con e-child\" data-id=\"7804d908\" data-element_type=\"container\">\n\t\t\t\t<div class=\"elementor-element elementor-element-6b7b3c0f wd-width-100 elementor-widget elementor-widget-wd_title\" data-id=\"6b7b3c0f\" data-element_type=\"widget\" data-widget_type=\"wd_title.default\">\n\t\t\t\t<div class=\"elementor-widget-container\">\n\t\t\t\t\t\t\t<div class=\"title-wrapper set-mb-s reset-last-child wd-title-color-default wd-title-style-default wd-title-size-default text-center\">\n\n\t\t\t\t\t\t\t<div class=\"title-subtitle subtitle-color-default subtitle-style-default wd-fontsize-xs\">\n\t\t\t\t\tDur\u00e9e moyenne du s\u00e9jour\t\t\t\t<\/div>\n\t\t\t\n\t\t\t<div class=\"liner-continer\">\n\t\t\t\t<p class=\"woodmart-title-container title wd-fontsize-l\">7 jours<\/p> \n\t\t\t\t\t\t\t<\/div>\n\n\t\t\t\t\t<\/div>\n\t\t\t\t\t\t<\/div>\n\t\t\t\t<\/div>\n\t\t\t\t<\/div>\n\t\t<div class=\"elementor-element elementor-element-5e7ee245 e-con-full e-flex e-con e-child\" data-id=\"5e7ee245\" data-element_type=\"container\">\n\t\t\t\t<div class=\"elementor-element elementor-element-239266d7 wd-width-100 elementor-widget elementor-widget-wd_title\" data-id=\"239266d7\" data-element_type=\"widget\" data-widget_type=\"wd_title.default\">\n\t\t\t\t<div class=\"elementor-widget-container\">\n\t\t\t\t\t\t\t<div class=\"title-wrapper set-mb-s reset-last-child wd-title-color-default wd-title-style-default wd-title-size-default text-center\">\n\n\t\t\t\t\t\t\t<div class=\"title-subtitle subtitle-color-default subtitle-style-default wd-fontsize-xs\">\n\t\t\t\t\tDur\u00e9e de l'hospitalisation\t\t\t\t<\/div>\n\t\t\t\n\t\t\t<div class=\"liner-continer\">\n\t\t\t\t<p class=\"woodmart-title-container title wd-fontsize-l\">1 jour<\/p> \n\t\t\t\t\t\t\t<\/div>\n\n\t\t\t\t\t<\/div>\n\t\t\t\t\t\t<\/div>\n\t\t\t\t<\/div>\n\t\t\t\t<\/div>\n\t\t<div class=\"elementor-element elementor-element-44a0ed53 e-con-full e-flex e-con e-child\" data-id=\"44a0ed53\" data-element_type=\"container\">\n\t\t\t\t<div class=\"elementor-element elementor-element-d136995 wd-width-100 elementor-widget elementor-widget-wd_title\" data-id=\"d136995\" data-element_type=\"widget\" data-widget_type=\"wd_title.default\">\n\t\t\t\t<div class=\"elementor-widget-container\">\n\t\t\t\t\t\t\t<div class=\"title-wrapper set-mb-s reset-last-child wd-title-color-default wd-title-style-default wd-title-size-default text-center\">\n\n\t\t\t\t\t\t\t<div class=\"title-subtitle subtitle-color-default subtitle-style-default wd-fontsize-xs\">\n\t\t\t\t\tDur\u00e9e de l'op\u00e9ration\t\t\t\t<\/div>\n\t\t\t\n\t\t\t<div class=\"liner-continer\">\n\t\t\t\t<p class=\"woodmart-title-container title wd-fontsize-l\">2-4 heures<\/p> \n\t\t\t\t\t\t\t<\/div>\n\n\t\t\t\t\t<\/div>\n\t\t\t\t\t\t<\/div>\n\t\t\t\t<\/div>\n\t\t\t\t<\/div>\n\t\t<div class=\"elementor-element elementor-element-38d5c966 e-con-full e-flex e-con e-child\" data-id=\"38d5c966\" data-element_type=\"container\">\n\t\t\t\t<div class=\"elementor-element elementor-element-67b84a1f wd-width-100 elementor-widget elementor-widget-wd_title\" data-id=\"67b84a1f\" data-element_type=\"widget\" data-widget_type=\"wd_title.default\">\n\t\t\t\t<div class=\"elementor-widget-container\">\n\t\t\t\t\t\t\t<div class=\"title-wrapper set-mb-s reset-last-child wd-title-color-default wd-title-style-default wd-title-size-default text-center\">\n\n\t\t\t\t\t\t\t<div class=\"title-subtitle subtitle-color-default subtitle-style-default wd-fontsize-xs\">\n\t\t\t\t\tType d'anesth\u00e9sie\t\t\t\t<\/div>\n\t\t\t\n\t\t\t<div class=\"liner-continer\">\n\t\t\t\t<p class=\"woodmart-title-container title wd-fontsize-l\">Anesth\u00e9sie g\u00e9n\u00e9rale<\/p> \n\t\t\t\t\t\t\t<\/div>\n\n\t\t\t\t\t<\/div>\n\t\t\t\t\t\t<\/div>\n\t\t\t\t<\/div>\n\t\t\t\t<\/div>\n\t\t<div class=\"elementor-element elementor-element-a9ad526 e-con-full e-flex e-con e-child\" data-id=\"a9ad526\" data-element_type=\"container\">\n\t\t\t\t<div class=\"elementor-element elementor-element-69e286c2 wd-width-100 elementor-widget elementor-widget-wd_title\" data-id=\"69e286c2\" data-element_type=\"widget\" data-widget_type=\"wd_title.default\">\n\t\t\t\t<div class=\"elementor-widget-container\">\n\t\t\t\t\t\t\t<div class=\"title-wrapper set-mb-s reset-last-child wd-title-color-default wd-title-style-default wd-title-size-default text-center\">\n\n\t\t\t\t\t\t\t<div class=\"title-subtitle subtitle-color-default subtitle-style-default wd-fontsize-xs\">\n\t\t\t\t\tD\u00e9lai de r\u00e9cup\u00e9ration\t\t\t\t<\/div>\n\t\t\t\n\t\t\t<div class=\"liner-continer\">\n\t\t\t\t<p class=\"woodmart-title-container title wd-fontsize-l\">1-2 semaines<\/p> \n\t\t\t\t\t\t\t<\/div>\n\n\t\t\t\t\t<\/div>\n\t\t\t\t\t\t<\/div>\n\t\t\t\t<\/div>\n\t\t\t\t<\/div>\n\t\t\t\t\t<\/div>\n\t\t\t\t<\/div>\n\t\t<div class=\"wd-negative-gap elementor-element elementor-element-b433107 e-flex e-con-boxed e-con e-parent\" data-id=\"b433107\" data-element_type=\"container\">\n\t\t\t\t\t<div class=\"e-con-inner\">\n\t\t\t\t<div class=\"elementor-element elementor-element-3b8c941 color-scheme-inherit text-left elementor-widget elementor-widget-text-editor\" data-id=\"3b8c941\" data-element_type=\"widget\" data-widget_type=\"text-editor.default\">\n\t\t\t\t<div class=\"elementor-widget-container\">\n\t\t\t\t\t\t\t\t\t<p><span style=\"font-weight: 400;\">La sant\u00e9 dentaire est un \u00e9l\u00e9ment important de notre sant\u00e9 g\u00e9n\u00e9rale et l'odontologie joue un r\u00f4le essentiel dans la protection, le traitement et l'am\u00e9lioration de notre bouche et de nos dents. Les services de dentisterie g\u00e9n\u00e9rale couvrent un large \u00e9ventail de services tels que le nettoyage des dents, le traitement des caries, le soulagement des maux de dents, les applications d'implants et les proc\u00e9dures esth\u00e9tiques. Le maintien r\u00e9gulier de la sant\u00e9 bucco-dentaire permet non seulement d'avoir un sourire sain, mais a \u00e9galement des effets positifs \u00e0 long terme sur l'\u00e9tat de sant\u00e9 g\u00e9n\u00e9ral.\u00a0<\/span><\/p><h2><span style=\"font-weight: 400;\">Qu'est-ce que l'odontologie g\u00e9n\u00e9rale ?<\/span><\/h2><p><span style=\"font-weight: 400;\">L'odontologie g\u00e9n\u00e9rale est un ensemble complet de services visant \u00e0 prot\u00e9ger, traiter et am\u00e9liorer la sant\u00e9 bucco-dentaire. La sant\u00e9 dentaire est directement li\u00e9e \u00e0 la sant\u00e9 g\u00e9n\u00e9rale, d'o\u00f9 l'importance de visites r\u00e9guli\u00e8res chez le dentiste. L'odontologie g\u00e9n\u00e9rale comprend de nombreuses options de traitement telles que le nettoyage des dents, le traitement des caries, le traitement des maux de dents, les applications d'implants.<\/span><\/p><h2><span style=\"font-weight: 400;\">Quels sont les soins dentaires couverts par les soins dentaires g\u00e9n\u00e9raux ?<\/span><\/h2><p><span style=\"font-weight: 400;\">L'odontologie g\u00e9n\u00e9rale couvre diff\u00e9rentes options de traitement. Ces traitements comprennent des proc\u00e9dures r\u00e9alis\u00e9es \u00e0 des fins esth\u00e9tiques et fonctionnelles. Du traitement des caries \u00e0 l'extraction des dents, du blanchiment des dents aux proth\u00e8ses dentaires, de nombreuses applications rel\u00e8vent de l'odontologie g\u00e9n\u00e9rale. Parmi les autres proc\u00e9dures courantes figurent le nettoyage des dents, le traitement du canal radiculaire et les appareils dentaires.<\/span><\/p><h2><span style=\"font-weight: 400;\">Quels sont les avantages des services de dentisterie g\u00e9n\u00e9rale ?<\/span><\/h2><p><span style=\"font-weight: 400;\">Outre la protection de la sant\u00e9 bucco-dentaire, les services d'odontologie g\u00e9n\u00e9rale ont \u00e9galement un impact positif sur l'\u00e9tat de sant\u00e9 g\u00e9n\u00e9ral. Des visites r\u00e9guli\u00e8res chez le dentiste permettent de d\u00e9tecter pr\u00e9cocement les caries, de r\u00e9duire le risque de maladies des gencives et de pr\u00e9venir des probl\u00e8mes tels que la mauvaise haleine. Il est \u00e9galement possible d'obtenir un sourire esth\u00e9tique.<\/span><\/p><h2><span style=\"font-weight: 400;\">Pourquoi l'hygi\u00e8ne dentaire est-elle importante ?<\/span><\/h2><p><span style=\"font-weight: 400;\">Le nettoyage dentaire consiste \u00e0 \u00e9liminer la plaque et le tartre accumul\u00e9s sur les dents. Un nettoyage dentaire r\u00e9gulier permet de pr\u00e9venir les maladies des gencives et les caries. Dans le cas contraire, les d\u00e9p\u00f4ts de tartre peuvent entra\u00eener des inflammations et des infections au niveau des dents. Le nettoyage dentaire permet d'\u00e9viter des probl\u00e8mes plus importants \u00e0 long terme en prot\u00e9geant la sant\u00e9 des dents.<\/span><\/p><h2><span style=\"font-weight: 400;\">Traitement de la carie dentaire et avant et apr\u00e8s<\/span><\/h2><p><span style=\"font-weight: 400;\">Di\u015f \u00e7\u00fcr\u00fc\u011f\u00fc, zaman\u0131nda tedavi edilmedi\u011finde daha ciddi sorunlara yol a\u00e7abilir. Di\u015f \u00e7\u00fcr\u00fc\u011f\u00fc tedavisi, \u00e7\u00fcr\u00fcyen di\u015fin temizlenmesi ve doldurulmas\u0131n\u0131 i\u00e7erir. Di\u015finize dolgu yap\u0131lmadan \u00f6nce hekiminiz, \u00e7\u00fcr\u00fc\u011f\u00fcn yay\u0131lma derecesini belirleyecek ve uygun tedavi y\u00f6ntemini se\u00e7ecektir. \u00c7\u00fcr\u00fck tedavisi sonras\u0131, di\u015fin fonksiyonu ve esteti\u011fi yeniden sa\u011flan\u0131r.<\/span><\/p><h2><span style=\"font-weight: 400;\">Que faire en cas de mal de dents ?<\/span><\/h2><p><span style=\"font-weight: 400;\">Les maux de dents sont g\u00e9n\u00e9ralement caus\u00e9s par une carie ou une maladie des gencives. Les personnes souffrant de maux de dents doivent imp\u00e9rativement consulter un dentiste. Le dentiste d\u00e9termine la m\u00e9thode de traitement appropri\u00e9e apr\u00e8s avoir d\u00e9termin\u00e9 la cause de la douleur. Bien que les analg\u00e9siques soient utilis\u00e9s pour soulager temporairement la douleur, un traitement professionnel est n\u00e9cessaire pour une solution permanente.<\/span><\/p><h2><span style=\"font-weight: 400;\">Service de blanchiment des dents : Comment l'appliquer ?<\/span><\/h2><p><span style=\"font-weight: 400;\">Le blanchiment des dents est une application esth\u00e9tique qui permet d'\u00e9claircir la couleur naturelle des dents. Le blanchiment des dents est g\u00e9n\u00e9ralement effectu\u00e9 \u00e0 l'aide d'un gel blanchissant sp\u00e9cial ou d'un laser. Le blanchiment des dents \u00e9limine les taches caus\u00e9es par le caf\u00e9, le tabac et d'autres aliments et donne un sourire plus \u00e9clatant. Toutefois, les dents doivent \u00eatre saines avant la proc\u00e9dure de blanchiment.<\/span><\/p><h2><span style=\"font-weight: 400;\">A qui s'adresse le d\u00e9tartrage ?<\/span><\/h2><p><span style=\"font-weight: 400;\">Le d\u00e9tartrage est particuli\u00e8rement important pour pr\u00e9server la sant\u00e9 des gencives. Le tartre accumul\u00e9 sur les dents peut entra\u00eener des maladies des gencives. Un d\u00e9tartrage doit \u00eatre effectu\u00e9 lorsque les gencives pr\u00e9sentent des signes de saignement, de gonflement et d'inflammation. Cette proc\u00e9dure est effectu\u00e9e par un dentiste et contribue \u00e0 maintenir les dents en bonne sant\u00e9.<\/span><\/p><h2><span style=\"font-weight: 400;\">Quand faut-il proc\u00e9der \u00e0 un examen dentaire ?<\/span><\/h2><p><span style=\"font-weight: 400;\">Les examens dentaires sont l'un des moyens les plus efficaces de prot\u00e9ger votre sant\u00e9 dentaire. Une visite chez le dentiste tous les six mois est id\u00e9ale pour la d\u00e9tection pr\u00e9coce des caries, des maladies des gencives et d'autres probl\u00e8mes bucco-dentaires. En outre, des examens dentaires r\u00e9guliers garantissent que les dents restent saines pendant longtemps.<\/span><\/p><h2><span style=\"font-weight: 400;\">Dans quels cas un traitement par appareil dentaire est-il n\u00e9cessaire ?<\/span><\/h2><p><span style=\"font-weight: 400;\">Le traitement par appareil dentaire est privil\u00e9gi\u00e9 dans les cas o\u00f9 les dents doivent \u00eatre redress\u00e9es. Les appareils dentaires sont utilis\u00e9s pour corriger les dents encombr\u00e9es, tordues ou qui se chevauchent. Le traitement par appareil dentaire garantit un alignement sain des dents, tant sur le plan esth\u00e9tique que fonctionnel. En outre, des dents bien align\u00e9es permettent une meilleure occlusion.<\/span><\/p><h2><span style=\"font-weight: 400;\">Qu'est-ce que l'application des implants dentaires et \u00e0 qui s'adresse-t-elle ?<\/span><\/h2><p><span style=\"font-weight: 400;\">Les implants dentaires sont des racines dentaires artificielles qui remplacent les dents perdues. L'implant dentaire est constitu\u00e9 d'une vis en titane plac\u00e9e dans l'os de la m\u00e2choire et sur laquelle est plac\u00e9e une dent en porcelaine. L'implant dentaire offre une solution permanente aux personnes ayant perdu leurs dents et fonctionne comme des dents naturelles.<\/span><\/p><h2><span style=\"font-weight: 400;\">Comment assurer la sant\u00e9 dentaire des enfants ?<\/span><\/h2><p><span style=\"font-weight: 400;\">La sant\u00e9 dentaire des enfants doit commencer d\u00e8s leur plus jeune \u00e2ge. Des examens dentaires r\u00e9guliers et des habitudes dentaires saines aident \u00e0 pr\u00e9venir les caries. En outre, les traitements dentaires et les applications pr\u00e9ventives sp\u00e9cialement con\u00e7us pour les enfants permettent de prot\u00e9ger la sant\u00e9 dentaire \u00e0 l'avenir.<\/span><\/p><h2><span style=\"font-weight: 400;\">Ce qu'il faut savoir avant de se rendre chez le dentiste<\/span><\/h2><p><span style=\"font-weight: 400;\">Il est utile de faire quelques pr\u00e9paratifs avant de se rendre chez le dentiste. Par exemple, il est important d'informer votre dentiste de votre \u00e9tat de sant\u00e9 actuel, de vos m\u00e9dicaments ou de vos allergies. Vous pouvez \u00e9galement discuter des options de traitement avec votre dentiste afin de d\u00e9terminer la proc\u00e9dure qui vous convient le mieux.<\/span><\/p><h2><span style=\"font-weight: 400;\">Derni\u00e8res technologies utilis\u00e9es dans les traitements dentaires<\/span><\/h2><p><span style=\"font-weight: 400;\">Aujourd'hui, les traitements dentaires sont devenus plus efficaces et plus confortables gr\u00e2ce aux technologies de pointe. Les traitements dentaires au laser, la radiographie num\u00e9rique et les technologies CAD\/CAM facilitent le travail des dentistes et acc\u00e9l\u00e8rent les processus de traitement. Ces technologies permettent \u00e9galement d'obtenir des r\u00e9sultats plus pr\u00e9cis et plus esth\u00e9tiques.<\/span><\/p><h2><span style=\"font-weight: 400;\">Que sont les prix des soins dentaires et comment sont-ils d\u00e9termin\u00e9s ?<\/span><\/h2><p><span style=\"font-weight: 400;\">Les prix de la dentisterie varient en fonction du traitement, des mat\u00e9riaux utilis\u00e9s et de l'exp\u00e9rience du dentiste. Par exemple, les proc\u00e9dures telles que le blanchiment des dents, les implants et le traitement du canal radiculaire sont plus co\u00fbteuses que d'autres traitements simples. Les prix peuvent varier en fonction de l'\u00e9tat de sant\u00e9 du patient et du traitement n\u00e9cessaire.<\/span><\/p><p>\u00a0<\/p>\t\t\t\t\t\t\t\t<\/div>\n\t\t\t\t<\/div>\n\t\t\t\t\t<\/div>\n\t\t\t\t<\/div>\n\t\t\t\t<\/div>","protected":false},"excerpt":{"rendered":"<p>Ortalama Kal\u0131\u015f S\u00fcresi 7 G\u00fcn Hastanede Yat\u0131\u015f S\u00fcresi 1 G\u00fcn Operasyon S\u00fcresi 2-4 Saat Anestezi T\u00fcr\u00fc Genel Anestezi \u0130yile\u015fme S\u00fcresi<\/p>","protected":false},"author":1,"featured_media":0,"parent":0,"menu_order":0,"comment_status":"closed","ping_status":"closed","template":"","meta":{"footnotes":""},"class_list":["post-27871","page","type-page","status-publish","hentry"],"_links":{"self":[{"href":"https:\/\/westestetik.com\/fr\/wp-json\/wp\/v2\/pages\/27871","targetHints":{"allow":["GET"]}}],"collection":[{"href":"https:\/\/westestetik.com\/fr\/wp-json\/wp\/v2\/pages"}],"about":[{"href":"https:\/\/westestetik.com\/fr\/wp-json\/wp\/v2\/types\/page"}],"author":[{"embeddable":true,"href":"https:\/\/westestetik.com\/fr\/wp-json\/wp\/v2\/users\/1"}],"replies":[{"embeddable":true,"href":"https:\/\/westestetik.com\/fr\/wp-json\/wp\/v2\/comments?post=27871"}],"version-history":[{"count":10,"href":"https:\/\/westestetik.com\/fr\/wp-json\/wp\/v2\/pages\/27871\/revisions"}],"predecessor-version":[{"id":29022,"href":"https:\/\/westestetik.com\/fr\/wp-json\/wp\/v2\/pages\/27871\/revisions\/29022"}],"wp:attachment":[{"href":"https:\/\/westestetik.com\/fr\/wp-json\/wp\/v2\/media?parent=27871"}],"curies":[{"name":"wp","href":"https:\/\/api.w.org\/{rel}","templated":true}]}}