{"id":27869,"date":"2024-12-02T23:31:56","date_gmt":"2024-12-02T23:31:56","guid":{"rendered":"https:\/\/westestetik.com\/?page_id=27869"},"modified":"2024-12-26T15:05:42","modified_gmt":"2024-12-26T15:05:42","slug":"collage","status":"publish","type":"page","link":"https:\/\/westestetik.com\/fr\/collage\/","title":{"rendered":"Collage"},"content":{"rendered":"<div data-elementor-type=\"wp-page\" data-elementor-id=\"27869\" class=\"elementor elementor-27869\" data-elementor-post-type=\"page\">\n\t\t\t\t<div class=\"elementor-element elementor-element-b0655cb e-con-full elementor-hidden-mobile e-flex e-con e-parent\" data-id=\"b0655cb\" data-element_type=\"container\">\n\t\t<div class=\"elementor-element elementor-element-437beef4 e-con-full e-flex e-con e-child\" data-id=\"437beef4\" data-element_type=\"container\">\n\t\t\t\t<div class=\"elementor-element elementor-element-6767f55c elementor-widget elementor-widget-image\" data-id=\"6767f55c\" data-element_type=\"widget\" data-widget_type=\"image.default\">\n\t\t\t\t<div class=\"elementor-widget-container\">\n\t\t\t\t\t\t\t\t\t\t\t\t\t\t\t<img decoding=\"async\" width=\"100\" height=\"100\" src=\"https:\/\/westestetik.com\/wp-content\/uploads\/2024\/12\/1-4.png\" class=\"attachment-large size-large wp-image-28814\" alt=\"\" srcset=\"https:\/\/westestetik.com\/wp-content\/uploads\/2024\/12\/1-4.png 100w, https:\/\/westestetik.com\/wp-content\/uploads\/2024\/12\/1-4-12x12.png 12w\" sizes=\"(max-width: 100px) 100vw, 100px\" \/>\t\t\t\t\t\t\t\t\t\t\t\t\t\t\t<\/div>\n\t\t\t\t<\/div>\n\t\t\t\t<\/div>\n\t\t<div class=\"elementor-element elementor-element-bdfd488 e-con-full e-flex e-con e-child\" data-id=\"bdfd488\" data-element_type=\"container\">\n\t\t\t\t<div class=\"elementor-element elementor-element-2e99a795 elementor-widget elementor-widget-image\" data-id=\"2e99a795\" data-element_type=\"widget\" data-widget_type=\"image.default\">\n\t\t\t\t<div class=\"elementor-widget-container\">\n\t\t\t\t\t\t\t\t\t\t\t\t\t\t\t<img decoding=\"async\" width=\"100\" height=\"100\" src=\"https:\/\/westestetik.com\/wp-content\/uploads\/2024\/12\/2-5.png\" class=\"attachment-large size-large wp-image-28815\" alt=\"\" srcset=\"https:\/\/westestetik.com\/wp-content\/uploads\/2024\/12\/2-5.png 100w, https:\/\/westestetik.com\/wp-content\/uploads\/2024\/12\/2-5-12x12.png 12w\" sizes=\"(max-width: 100px) 100vw, 100px\" \/>\t\t\t\t\t\t\t\t\t\t\t\t\t\t\t<\/div>\n\t\t\t\t<\/div>\n\t\t\t\t<\/div>\n\t\t<div class=\"elementor-element elementor-element-396a72d e-con-full e-flex e-con e-child\" data-id=\"396a72d\" data-element_type=\"container\">\n\t\t\t\t<div class=\"elementor-element elementor-element-18f211d6 elementor-widget elementor-widget-image\" data-id=\"18f211d6\" data-element_type=\"widget\" data-widget_type=\"image.default\">\n\t\t\t\t<div class=\"elementor-widget-container\">\n\t\t\t\t\t\t\t\t\t\t\t\t\t\t\t<img decoding=\"async\" width=\"100\" height=\"100\" src=\"https:\/\/westestetik.com\/wp-content\/uploads\/2024\/12\/3-1.png\" class=\"attachment-large size-large wp-image-28816\" alt=\"\" srcset=\"https:\/\/westestetik.com\/wp-content\/uploads\/2024\/12\/3-1.png 100w, https:\/\/westestetik.com\/wp-content\/uploads\/2024\/12\/3-1-12x12.png 12w\" sizes=\"(max-width: 100px) 100vw, 100px\" \/>\t\t\t\t\t\t\t\t\t\t\t\t\t\t\t<\/div>\n\t\t\t\t<\/div>\n\t\t\t\t<\/div>\n\t\t<div class=\"elementor-element elementor-element-fcfa1cc e-con-full e-flex e-con e-child\" data-id=\"fcfa1cc\" data-element_type=\"container\">\n\t\t\t\t<div class=\"elementor-element elementor-element-69112f48 elementor-widget elementor-widget-image\" data-id=\"69112f48\" data-element_type=\"widget\" data-widget_type=\"image.default\">\n\t\t\t\t<div class=\"elementor-widget-container\">\n\t\t\t\t\t\t\t\t\t\t\t\t\t\t\t<img loading=\"lazy\" decoding=\"async\" width=\"100\" height=\"100\" src=\"https:\/\/westestetik.com\/wp-content\/uploads\/2024\/12\/4-1.png\" class=\"attachment-large size-large wp-image-28817\" alt=\"\" srcset=\"https:\/\/westestetik.com\/wp-content\/uploads\/2024\/12\/4-1.png 100w, https:\/\/westestetik.com\/wp-content\/uploads\/2024\/12\/4-1-12x12.png 12w\" sizes=\"(max-width: 100px) 100vw, 100px\" \/>\t\t\t\t\t\t\t\t\t\t\t\t\t\t\t<\/div>\n\t\t\t\t<\/div>\n\t\t\t\t<\/div>\n\t\t<div class=\"elementor-element elementor-element-6b27441a e-con-full e-flex e-con e-child\" data-id=\"6b27441a\" data-element_type=\"container\">\n\t\t\t\t<div class=\"elementor-element elementor-element-8a89953 elementor-widget elementor-widget-image\" data-id=\"8a89953\" data-element_type=\"widget\" data-widget_type=\"image.default\">\n\t\t\t\t<div class=\"elementor-widget-container\">\n\t\t\t\t\t\t\t\t\t\t\t\t\t\t\t<img loading=\"lazy\" decoding=\"async\" width=\"100\" height=\"100\" src=\"https:\/\/westestetik.com\/wp-content\/uploads\/2024\/12\/5-1.png\" class=\"attachment-large size-large wp-image-28818\" alt=\"\" srcset=\"https:\/\/westestetik.com\/wp-content\/uploads\/2024\/12\/5-1.png 100w, https:\/\/westestetik.com\/wp-content\/uploads\/2024\/12\/5-1-12x12.png 12w\" sizes=\"(max-width: 100px) 100vw, 100px\" \/>\t\t\t\t\t\t\t\t\t\t\t\t\t\t\t<\/div>\n\t\t\t\t<\/div>\n\t\t\t\t<\/div>\n\t\t\t\t<\/div>\n\t\t<div class=\"wd-negative-gap elementor-element elementor-element-759780e7 elementor-hidden-mobile e-flex e-con-boxed e-con e-parent\" data-id=\"759780e7\" data-element_type=\"container\">\n\t\t\t\t\t<div class=\"e-con-inner\">\n\t\t<div class=\"elementor-element elementor-element-5822e9d1 e-con-full e-flex e-con e-child\" data-id=\"5822e9d1\" data-element_type=\"container\">\n\t\t\t\t<div class=\"elementor-element elementor-element-56c7acd5 wd-width-100 elementor-widget elementor-widget-wd_title\" data-id=\"56c7acd5\" data-element_type=\"widget\" data-widget_type=\"wd_title.default\">\n\t\t\t\t<div class=\"elementor-widget-container\">\n\t\t\t\t\t\t\t<div class=\"title-wrapper set-mb-s reset-last-child wd-title-color-default wd-title-style-default wd-title-size-default text-center\">\n\n\t\t\t\t\t\t\t<div class=\"title-subtitle subtitle-color-default subtitle-style-default wd-fontsize-xs\">\n\t\t\t\t\tDur\u00e9e moyenne du s\u00e9jour\t\t\t\t<\/div>\n\t\t\t\n\t\t\t<div class=\"liner-continer\">\n\t\t\t\t<p class=\"woodmart-title-container title wd-fontsize-l\">7 jours<\/p> \n\t\t\t\t\t\t\t<\/div>\n\n\t\t\t\t\t<\/div>\n\t\t\t\t\t\t<\/div>\n\t\t\t\t<\/div>\n\t\t\t\t<\/div>\n\t\t<div class=\"elementor-element elementor-element-4a25a110 e-con-full e-flex e-con e-child\" data-id=\"4a25a110\" data-element_type=\"container\">\n\t\t\t\t<div class=\"elementor-element elementor-element-57f6a9db wd-width-100 elementor-widget elementor-widget-wd_title\" data-id=\"57f6a9db\" data-element_type=\"widget\" data-widget_type=\"wd_title.default\">\n\t\t\t\t<div class=\"elementor-widget-container\">\n\t\t\t\t\t\t\t<div class=\"title-wrapper set-mb-s reset-last-child wd-title-color-default wd-title-style-default wd-title-size-default text-center\">\n\n\t\t\t\t\t\t\t<div class=\"title-subtitle subtitle-color-default subtitle-style-default wd-fontsize-xs\">\n\t\t\t\t\tDur\u00e9e de l'hospitalisation\t\t\t\t<\/div>\n\t\t\t\n\t\t\t<div class=\"liner-continer\">\n\t\t\t\t<p class=\"woodmart-title-container title wd-fontsize-l\">1 jour<\/p> \n\t\t\t\t\t\t\t<\/div>\n\n\t\t\t\t\t<\/div>\n\t\t\t\t\t\t<\/div>\n\t\t\t\t<\/div>\n\t\t\t\t<\/div>\n\t\t<div class=\"elementor-element elementor-element-2b462753 e-con-full e-flex e-con e-child\" data-id=\"2b462753\" data-element_type=\"container\">\n\t\t\t\t<div class=\"elementor-element elementor-element-2fad5b79 wd-width-100 elementor-widget elementor-widget-wd_title\" data-id=\"2fad5b79\" data-element_type=\"widget\" data-widget_type=\"wd_title.default\">\n\t\t\t\t<div class=\"elementor-widget-container\">\n\t\t\t\t\t\t\t<div class=\"title-wrapper set-mb-s reset-last-child wd-title-color-default wd-title-style-default wd-title-size-default text-center\">\n\n\t\t\t\t\t\t\t<div class=\"title-subtitle subtitle-color-default subtitle-style-default wd-fontsize-xs\">\n\t\t\t\t\tDur\u00e9e de l'op\u00e9ration\t\t\t\t<\/div>\n\t\t\t\n\t\t\t<div class=\"liner-continer\">\n\t\t\t\t<p class=\"woodmart-title-container title wd-fontsize-l\">2-4 heures<\/p> \n\t\t\t\t\t\t\t<\/div>\n\n\t\t\t\t\t<\/div>\n\t\t\t\t\t\t<\/div>\n\t\t\t\t<\/div>\n\t\t\t\t<\/div>\n\t\t<div class=\"elementor-element elementor-element-41015467 e-con-full e-flex e-con e-child\" data-id=\"41015467\" data-element_type=\"container\">\n\t\t\t\t<div class=\"elementor-element elementor-element-2ee482be wd-width-100 elementor-widget elementor-widget-wd_title\" data-id=\"2ee482be\" data-element_type=\"widget\" data-widget_type=\"wd_title.default\">\n\t\t\t\t<div class=\"elementor-widget-container\">\n\t\t\t\t\t\t\t<div class=\"title-wrapper set-mb-s reset-last-child wd-title-color-default wd-title-style-default wd-title-size-default text-center\">\n\n\t\t\t\t\t\t\t<div class=\"title-subtitle subtitle-color-default subtitle-style-default wd-fontsize-xs\">\n\t\t\t\t\tType d'anesth\u00e9sie\t\t\t\t<\/div>\n\t\t\t\n\t\t\t<div class=\"liner-continer\">\n\t\t\t\t<p class=\"woodmart-title-container title wd-fontsize-l\">Anesth\u00e9sie g\u00e9n\u00e9rale<\/p> \n\t\t\t\t\t\t\t<\/div>\n\n\t\t\t\t\t<\/div>\n\t\t\t\t\t\t<\/div>\n\t\t\t\t<\/div>\n\t\t\t\t<\/div>\n\t\t<div class=\"elementor-element elementor-element-28f64ef1 e-con-full e-flex e-con e-child\" data-id=\"28f64ef1\" data-element_type=\"container\">\n\t\t\t\t<div class=\"elementor-element elementor-element-6eb77cb1 wd-width-100 elementor-widget elementor-widget-wd_title\" data-id=\"6eb77cb1\" data-element_type=\"widget\" data-widget_type=\"wd_title.default\">\n\t\t\t\t<div class=\"elementor-widget-container\">\n\t\t\t\t\t\t\t<div class=\"title-wrapper set-mb-s reset-last-child wd-title-color-default wd-title-style-default wd-title-size-default text-center\">\n\n\t\t\t\t\t\t\t<div class=\"title-subtitle subtitle-color-default subtitle-style-default wd-fontsize-xs\">\n\t\t\t\t\tD\u00e9lai de r\u00e9cup\u00e9ration\t\t\t\t<\/div>\n\t\t\t\n\t\t\t<div class=\"liner-continer\">\n\t\t\t\t<p class=\"woodmart-title-container title wd-fontsize-l\">1-2 semaines<\/p> \n\t\t\t\t\t\t\t<\/div>\n\n\t\t\t\t\t<\/div>\n\t\t\t\t\t\t<\/div>\n\t\t\t\t<\/div>\n\t\t\t\t<\/div>\n\t\t\t\t\t<\/div>\n\t\t\t\t<\/div>\n\t\t<div class=\"wd-negative-gap elementor-element elementor-element-e0dca75 e-flex e-con-boxed e-con e-parent\" data-id=\"e0dca75\" data-element_type=\"container\">\n\t\t\t\t\t<div class=\"e-con-inner\">\n\t\t\t\t<div class=\"elementor-element elementor-element-3b86af9 color-scheme-inherit text-left elementor-widget elementor-widget-text-editor\" data-id=\"3b86af9\" data-element_type=\"widget\" data-widget_type=\"text-editor.default\">\n\t\t\t\t<div class=\"elementor-widget-container\">\n\t\t\t\t\t\t\t\t\t<p><span style=\"font-weight: 400;\">Le collage offre une solution efficace et rapide qui est largement privil\u00e9gi\u00e9e dans le domaine de l'esth\u00e9tique dentaire. Cette m\u00e9thode, utilis\u00e9e pour corriger les probl\u00e8mes esth\u00e9tiques tels que les petites fissures, les fractures, les d\u00e9colorations ou les espaces entre les dents, est appliqu\u00e9e sans endommager la structure naturelle de la dent. Le processus de collage, qui offre des avantages \u00e0 la fois esth\u00e9tiques et fonctionnels, est g\u00e9n\u00e9ralement consid\u00e9r\u00e9 comme un traitement rapide et indolore. C'est un choix id\u00e9al pour ceux qui souhaitent obtenir un aspect naturel apr\u00e8s l'application et avoir des dents plus belles et plus saines.<\/span><\/p><h2><span style=\"font-weight: 400;\">Qu'est-ce que le collage et comment est-il appliqu\u00e9 ?<\/span><\/h2><p><span style=\"font-weight: 400;\">Le collage est une intervention esth\u00e9tique en dentisterie et une technique utilis\u00e9e pour am\u00e9liorer l'aspect naturel des dents. Le processus de collage consiste \u00e0 appliquer une r\u00e9sine sp\u00e9ciale sur la surface avant de la dent. Ce mat\u00e9riau est choisi pour correspondre \u00e0 la couleur de la dent et est plac\u00e9 sur la dent. Il est ensuite durci \u00e0 l'aide d'une lumi\u00e8re sp\u00e9ciale. Le collage est une m\u00e9thode id\u00e9ale pour corriger les petites fissures, les fractures et la d\u00e9coloration des dents. L'application est indolore et ne n\u00e9cessite g\u00e9n\u00e9ralement pas d'anesth\u00e9sie.<\/span><\/p><h2><span style=\"font-weight: 400;\">Quels sont les avantages du processus de collage ?<\/span><\/h2><p><span style=\"font-weight: 400;\">Le collage pr\u00e9sente de nombreux avantages. Tout d'abord, le fait qu'il s'agisse d'une proc\u00e9dure r\u00e9alis\u00e9e en peu de temps est l'une des principales raisons pour lesquelles cette m\u00e9thode est pr\u00e9f\u00e9r\u00e9e. L'application du collage se fait sans endommager la structure naturelle de la dent, ce qui augmente le confort des patients. En outre, cette proc\u00e9dure est id\u00e9ale pour corriger les d\u00e9fauts mineurs des dents, et le r\u00e9sultat est g\u00e9n\u00e9ralement obtenu en une seule s\u00e9ance. Le collage est l'une des solutions les plus rapides et les plus \u00e9conomiques en dentisterie esth\u00e9tique. Le fait qu'il puisse \u00eatre appliqu\u00e9 \u00e0 des prix plus abordables que d'autres applications dentaires esth\u00e9tiques constitue un grand avantage pour les patients.<\/span><\/p><h2><span style=\"font-weight: 400;\">\u00c0 qui s'adresse l'application de la caution ?<\/span><\/h2><p><span style=\"font-weight: 400;\">Le collage peut \u00eatre une option appropri\u00e9e pour toute personne ayant des probl\u00e8mes esth\u00e9tiques mineurs avec ses dents. Les personnes qui souhaitent r\u00e9soudre le probl\u00e8me des fissures, des cassures ou des espaces entre les dents peuvent b\u00e9n\u00e9ficier de cette application. En outre, les personnes qui constatent des changements dans la couleur naturelle de leurs dents peuvent \u00e9galement b\u00e9n\u00e9ficier d'une correction esth\u00e9tique gr\u00e2ce au collage. Le collage \u00e9tant une proc\u00e9dure r\u00e9alis\u00e9e sans endommager la structure de la dent, il convient \u00e9galement aux personnes ayant des dents tr\u00e8s saines. Toutefois, d'autres m\u00e9thodes de traitement peuvent \u00eatre recommand\u00e9es pour les personnes souffrant de graves probl\u00e8mes dentaires.<\/span><\/p><h2><span style=\"font-weight: 400;\">Combien de temps dure le processus de cautionnement ?<\/span><\/h2><p><span style=\"font-weight: 400;\">Le processus de collage dure g\u00e9n\u00e9ralement de 30 minutes \u00e0 1 heure. Cela d\u00e9pend de la zone probl\u00e9matique de la dent et de l'ampleur de la correction \u00e0 apporter. Alors que le processus peut prendre tr\u00e8s peu de temps pour r\u00e9parer des fissures ou de petites fractures, il peut prendre un peu plus de temps lorsqu'il s'agit d'organiser une zone plus importante. N\u00e9anmoins, le collage est une application dentaire esth\u00e9tique qui donne des r\u00e9sultats rapides. Le fait que vous puissiez obtenir le r\u00e9sultat souhait\u00e9 en une seule s\u00e9ance est l'une des raisons pour lesquelles vous pr\u00e9f\u00e9rez cette proc\u00e9dure.<\/span><\/p><h2><span style=\"font-weight: 400;\">Ce qu'il faut savoir sur les prix des cautions<\/span><\/h2><p><span style=\"font-weight: 400;\">Les prix du collage varient en fonction du type de proc\u00e9dure \u00e0 effectuer et de l'\u00e9tat de la dent. Le collage, qui est une option plus \u00e9conomique que d'autres applications dentaires esth\u00e9tiques, peut g\u00e9n\u00e9ralement \u00eatre appliqu\u00e9 \u00e0 des prix plus abordables. Les prix peuvent varier en fonction des applications cliniques, de l'emplacement de la dent et des mat\u00e9riaux utilis\u00e9s. Il est donc recommand\u00e9 de consulter un dentiste pour obtenir des informations claires sur les prix du collage. N\u00e9anmoins, pour ceux qui recherchent une option \u00e9conomique, le collage est l'une des solutions les plus abordables dans le domaine de l'esth\u00e9tique dentaire.<\/span><\/p><h2><span style=\"font-weight: 400;\">Soins et consid\u00e9rations post-collage<\/span><\/h2><p><span style=\"font-weight: 400;\">Les soins apr\u00e8s le collage sont assez simples. Il est important d'\u00e9viter de consommer des aliments durs ou des boissons color\u00e9es sur vos dents pendant les premi\u00e8res 24 heures. Apr\u00e8s le collage, veillez \u00e0 ne pas exercer de pression sur vos dents et \u00e9vitez de consommer des aliments durs. Vous pouvez \u00e9galement continuer \u00e0 vous brosser les dents. Les dents coll\u00e9es n\u00e9cessitent des soins similaires \u00e0 ceux des dents naturelles. Des contr\u00f4les dentaires r\u00e9guliers et une bonne hygi\u00e8ne bucco-dentaire augmenteront l'efficacit\u00e9 \u00e0 long terme de la proc\u00e9dure de collage.<\/span><\/p><h2><span style=\"font-weight: 400;\">Le processus de collage est-il douloureux ?<\/span><\/h2><p><span style=\"font-weight: 400;\">Le collage est g\u00e9n\u00e9ralement indolore et la plupart des patients ne ressentent aucune g\u00eane pendant l'intervention. Le mat\u00e9riau appliqu\u00e9 sur la dent est model\u00e9 pour s'adapter \u00e0 la structure naturelle de la dent et durci \u00e0 l'aide d'une lumi\u00e8re sp\u00e9ciale. Il n'y a pas d'ouverture de la dent ni de blessure pendant cette proc\u00e9dure, de sorte que l'anesth\u00e9sie n'est g\u00e9n\u00e9ralement pas n\u00e9cessaire. Si la dent pr\u00e9sente un probl\u00e8me majeur ou si une autre proc\u00e9dure est n\u00e9cessaire, le dentiste l'expliquera avant l'intervention.<\/span><\/p><h2><span style=\"font-weight: 400;\">En quoi le collage diff\u00e8re-t-il des autres applications dentaires esth\u00e9tiques ?<\/span><\/h2><p><span style=\"font-weight: 400;\">Le collage diff\u00e8re des autres applications dentaires esth\u00e9tiques par plusieurs aspects importants. Les autres proc\u00e9dures dentaires esth\u00e9tiques sont g\u00e9n\u00e9ralement plus co\u00fbteuses et plus longues \u00e0 r\u00e9aliser. Le collage offre une solution plus rapide et plus \u00e9conomique. En outre, le mat\u00e9riau de collage est fa\u00e7onn\u00e9 par application directe sur la dent, ce qui garantit une intervention minimale sur la dent du patient. D'autres proc\u00e9dures esth\u00e9tiques peuvent n\u00e9cessiter des interventions majeures sur la dent, mais le collage est une proc\u00e9dure plus simple et sans effort.<\/span><\/p><h2><span style=\"font-weight: 400;\">Quelle est la dur\u00e9e de la permanence et de la durabilit\u00e9 du collage ?<\/span><\/h2><p><span style=\"font-weight: 400;\">La durabilit\u00e9 du processus de collage varie en fonction de la qualit\u00e9 du mat\u00e9riau utilis\u00e9 et de l'hygi\u00e8ne bucco-dentaire du patient. En moyenne, les applications de collage peuvent durer entre 5 et 10 ans. Toutefois, la consommation d'aliments durs susceptibles d'endommager les dents ou le manque d'hygi\u00e8ne bucco-dentaire peuvent r\u00e9duire la dur\u00e9e de vie du collage. Votre dentiste vous donnera les recommandations de soins n\u00e9cessaires pour prolonger la permanence du collage.<\/span><\/p><p>\u00a0<\/p>\t\t\t\t\t\t\t\t<\/div>\n\t\t\t\t<\/div>\n\t\t\t\t\t<\/div>\n\t\t\t\t<\/div>\n\t\t\t\t<\/div>","protected":false},"excerpt":{"rendered":"<p>Ortalama Kal\u0131\u015f S\u00fcresi 7 G\u00fcn Hastanede Yat\u0131\u015f S\u00fcresi 1 G\u00fcn Operasyon S\u00fcresi 2-4 Saat Anestezi T\u00fcr\u00fc Genel Anestezi \u0130yile\u015fme S\u00fcresi<\/p>","protected":false},"author":1,"featured_media":0,"parent":0,"menu_order":0,"comment_status":"closed","ping_status":"closed","template":"","meta":{"footnotes":""},"class_list":["post-27869","page","type-page","status-publish","hentry"],"_links":{"self":[{"href":"https:\/\/westestetik.com\/fr\/wp-json\/wp\/v2\/pages\/27869","targetHints":{"allow":["GET"]}}],"collection":[{"href":"https:\/\/westestetik.com\/fr\/wp-json\/wp\/v2\/pages"}],"about":[{"href":"https:\/\/westestetik.com\/fr\/wp-json\/wp\/v2\/types\/page"}],"author":[{"embeddable":true,"href":"https:\/\/westestetik.com\/fr\/wp-json\/wp\/v2\/users\/1"}],"replies":[{"embeddable":true,"href":"https:\/\/westestetik.com\/fr\/wp-json\/wp\/v2\/comments?post=27869"}],"version-history":[{"count":10,"href":"https:\/\/westestetik.com\/fr\/wp-json\/wp\/v2\/pages\/27869\/revisions"}],"predecessor-version":[{"id":29025,"href":"https:\/\/westestetik.com\/fr\/wp-json\/wp\/v2\/pages\/27869\/revisions\/29025"}],"wp:attachment":[{"href":"https:\/\/westestetik.com\/fr\/wp-json\/wp\/v2\/media?parent=27869"}],"curies":[{"name":"wp","href":"https:\/\/api.w.org\/{rel}","templated":true}]}}