{"id":27867,"date":"2024-12-02T23:31:15","date_gmt":"2024-12-02T23:31:15","guid":{"rendered":"https:\/\/westestetik.com\/?page_id=27867"},"modified":"2024-12-26T15:06:17","modified_gmt":"2024-12-26T15:06:17","slug":"orthodontie","status":"publish","type":"page","link":"https:\/\/westestetik.com\/fr\/orthodontie\/","title":{"rendered":"Orthodontie (Invisalign)"},"content":{"rendered":"<div data-elementor-type=\"wp-page\" data-elementor-id=\"27867\" class=\"elementor elementor-27867\" data-elementor-post-type=\"page\">\n\t\t\t\t<div class=\"elementor-element elementor-element-36b30ed4 e-con-full elementor-hidden-mobile e-flex e-con e-parent\" data-id=\"36b30ed4\" data-element_type=\"container\">\n\t\t<div class=\"elementor-element elementor-element-12336478 e-con-full e-flex e-con e-child\" data-id=\"12336478\" data-element_type=\"container\">\n\t\t\t\t<div class=\"elementor-element elementor-element-6a800654 elementor-widget elementor-widget-image\" data-id=\"6a800654\" data-element_type=\"widget\" data-widget_type=\"image.default\">\n\t\t\t\t<div class=\"elementor-widget-container\">\n\t\t\t\t\t\t\t\t\t\t\t\t\t\t\t<img decoding=\"async\" width=\"100\" height=\"100\" src=\"https:\/\/westestetik.com\/wp-content\/uploads\/2024\/12\/1-4.png\" class=\"attachment-large size-large wp-image-28814\" alt=\"\" srcset=\"https:\/\/westestetik.com\/wp-content\/uploads\/2024\/12\/1-4.png 100w, https:\/\/westestetik.com\/wp-content\/uploads\/2024\/12\/1-4-12x12.png 12w\" sizes=\"(max-width: 100px) 100vw, 100px\" \/>\t\t\t\t\t\t\t\t\t\t\t\t\t\t\t<\/div>\n\t\t\t\t<\/div>\n\t\t\t\t<\/div>\n\t\t<div class=\"elementor-element elementor-element-b84ea2a e-con-full e-flex e-con e-child\" data-id=\"b84ea2a\" data-element_type=\"container\">\n\t\t\t\t<div class=\"elementor-element elementor-element-1e195686 elementor-widget elementor-widget-image\" data-id=\"1e195686\" data-element_type=\"widget\" data-widget_type=\"image.default\">\n\t\t\t\t<div class=\"elementor-widget-container\">\n\t\t\t\t\t\t\t\t\t\t\t\t\t\t\t<img decoding=\"async\" width=\"100\" height=\"100\" src=\"https:\/\/westestetik.com\/wp-content\/uploads\/2024\/12\/2-5.png\" class=\"attachment-large size-large wp-image-28815\" alt=\"\" srcset=\"https:\/\/westestetik.com\/wp-content\/uploads\/2024\/12\/2-5.png 100w, https:\/\/westestetik.com\/wp-content\/uploads\/2024\/12\/2-5-12x12.png 12w\" sizes=\"(max-width: 100px) 100vw, 100px\" \/>\t\t\t\t\t\t\t\t\t\t\t\t\t\t\t<\/div>\n\t\t\t\t<\/div>\n\t\t\t\t<\/div>\n\t\t<div class=\"elementor-element elementor-element-20a2090b e-con-full e-flex e-con e-child\" data-id=\"20a2090b\" data-element_type=\"container\">\n\t\t\t\t<div class=\"elementor-element elementor-element-32dc6ba3 elementor-widget elementor-widget-image\" data-id=\"32dc6ba3\" data-element_type=\"widget\" data-widget_type=\"image.default\">\n\t\t\t\t<div class=\"elementor-widget-container\">\n\t\t\t\t\t\t\t\t\t\t\t\t\t\t\t<img decoding=\"async\" width=\"100\" height=\"100\" src=\"https:\/\/westestetik.com\/wp-content\/uploads\/2024\/12\/3-1.png\" class=\"attachment-large size-large wp-image-28816\" alt=\"\" srcset=\"https:\/\/westestetik.com\/wp-content\/uploads\/2024\/12\/3-1.png 100w, https:\/\/westestetik.com\/wp-content\/uploads\/2024\/12\/3-1-12x12.png 12w\" sizes=\"(max-width: 100px) 100vw, 100px\" \/>\t\t\t\t\t\t\t\t\t\t\t\t\t\t\t<\/div>\n\t\t\t\t<\/div>\n\t\t\t\t<\/div>\n\t\t<div class=\"elementor-element elementor-element-1f7bd7cd e-con-full e-flex e-con e-child\" data-id=\"1f7bd7cd\" data-element_type=\"container\">\n\t\t\t\t<div class=\"elementor-element elementor-element-37968261 elementor-widget elementor-widget-image\" data-id=\"37968261\" data-element_type=\"widget\" data-widget_type=\"image.default\">\n\t\t\t\t<div class=\"elementor-widget-container\">\n\t\t\t\t\t\t\t\t\t\t\t\t\t\t\t<img loading=\"lazy\" decoding=\"async\" width=\"100\" height=\"100\" src=\"https:\/\/westestetik.com\/wp-content\/uploads\/2024\/12\/4-1.png\" class=\"attachment-large size-large wp-image-28817\" alt=\"\" srcset=\"https:\/\/westestetik.com\/wp-content\/uploads\/2024\/12\/4-1.png 100w, https:\/\/westestetik.com\/wp-content\/uploads\/2024\/12\/4-1-12x12.png 12w\" sizes=\"(max-width: 100px) 100vw, 100px\" \/>\t\t\t\t\t\t\t\t\t\t\t\t\t\t\t<\/div>\n\t\t\t\t<\/div>\n\t\t\t\t<\/div>\n\t\t<div class=\"elementor-element elementor-element-3343ef98 e-con-full e-flex e-con e-child\" data-id=\"3343ef98\" data-element_type=\"container\">\n\t\t\t\t<div class=\"elementor-element elementor-element-58ec2c0b elementor-widget elementor-widget-image\" data-id=\"58ec2c0b\" data-element_type=\"widget\" data-widget_type=\"image.default\">\n\t\t\t\t<div class=\"elementor-widget-container\">\n\t\t\t\t\t\t\t\t\t\t\t\t\t\t\t<img loading=\"lazy\" decoding=\"async\" width=\"100\" height=\"100\" src=\"https:\/\/westestetik.com\/wp-content\/uploads\/2024\/12\/5-1.png\" class=\"attachment-large size-large wp-image-28818\" alt=\"\" srcset=\"https:\/\/westestetik.com\/wp-content\/uploads\/2024\/12\/5-1.png 100w, https:\/\/westestetik.com\/wp-content\/uploads\/2024\/12\/5-1-12x12.png 12w\" sizes=\"(max-width: 100px) 100vw, 100px\" \/>\t\t\t\t\t\t\t\t\t\t\t\t\t\t\t<\/div>\n\t\t\t\t<\/div>\n\t\t\t\t<\/div>\n\t\t\t\t<\/div>\n\t\t<div class=\"wd-negative-gap elementor-element elementor-element-d04aa20 elementor-hidden-mobile e-flex e-con-boxed e-con e-parent\" data-id=\"d04aa20\" data-element_type=\"container\">\n\t\t\t\t\t<div class=\"e-con-inner\">\n\t\t<div class=\"elementor-element elementor-element-41c2ae1a e-con-full e-flex e-con e-child\" data-id=\"41c2ae1a\" data-element_type=\"container\">\n\t\t\t\t<div class=\"elementor-element elementor-element-72bf604b wd-width-100 elementor-widget elementor-widget-wd_title\" data-id=\"72bf604b\" data-element_type=\"widget\" data-widget_type=\"wd_title.default\">\n\t\t\t\t<div class=\"elementor-widget-container\">\n\t\t\t\t\t\t\t<div class=\"title-wrapper set-mb-s reset-last-child wd-title-color-default wd-title-style-default wd-title-size-default text-center\">\n\n\t\t\t\t\t\t\t<div class=\"title-subtitle subtitle-color-default subtitle-style-default wd-fontsize-xs\">\n\t\t\t\t\tDur\u00e9e moyenne du s\u00e9jour\t\t\t\t<\/div>\n\t\t\t\n\t\t\t<div class=\"liner-continer\">\n\t\t\t\t<p class=\"woodmart-title-container title wd-fontsize-l\">7 jours<\/p> \n\t\t\t\t\t\t\t<\/div>\n\n\t\t\t\t\t<\/div>\n\t\t\t\t\t\t<\/div>\n\t\t\t\t<\/div>\n\t\t\t\t<\/div>\n\t\t<div class=\"elementor-element elementor-element-2175a397 e-con-full e-flex e-con e-child\" data-id=\"2175a397\" data-element_type=\"container\">\n\t\t\t\t<div class=\"elementor-element elementor-element-6d65cd2e wd-width-100 elementor-widget elementor-widget-wd_title\" data-id=\"6d65cd2e\" data-element_type=\"widget\" data-widget_type=\"wd_title.default\">\n\t\t\t\t<div class=\"elementor-widget-container\">\n\t\t\t\t\t\t\t<div class=\"title-wrapper set-mb-s reset-last-child wd-title-color-default wd-title-style-default wd-title-size-default text-center\">\n\n\t\t\t\t\t\t\t<div class=\"title-subtitle subtitle-color-default subtitle-style-default wd-fontsize-xs\">\n\t\t\t\t\tDur\u00e9e de l'hospitalisation\t\t\t\t<\/div>\n\t\t\t\n\t\t\t<div class=\"liner-continer\">\n\t\t\t\t<p class=\"woodmart-title-container title wd-fontsize-l\">1 jour<\/p> \n\t\t\t\t\t\t\t<\/div>\n\n\t\t\t\t\t<\/div>\n\t\t\t\t\t\t<\/div>\n\t\t\t\t<\/div>\n\t\t\t\t<\/div>\n\t\t<div class=\"elementor-element elementor-element-26423aa9 e-con-full e-flex e-con e-child\" data-id=\"26423aa9\" data-element_type=\"container\">\n\t\t\t\t<div class=\"elementor-element elementor-element-2eea0bf7 wd-width-100 elementor-widget elementor-widget-wd_title\" data-id=\"2eea0bf7\" data-element_type=\"widget\" data-widget_type=\"wd_title.default\">\n\t\t\t\t<div class=\"elementor-widget-container\">\n\t\t\t\t\t\t\t<div class=\"title-wrapper set-mb-s reset-last-child wd-title-color-default wd-title-style-default wd-title-size-default text-center\">\n\n\t\t\t\t\t\t\t<div class=\"title-subtitle subtitle-color-default subtitle-style-default wd-fontsize-xs\">\n\t\t\t\t\tDur\u00e9e de l'op\u00e9ration\t\t\t\t<\/div>\n\t\t\t\n\t\t\t<div class=\"liner-continer\">\n\t\t\t\t<p class=\"woodmart-title-container title wd-fontsize-l\">2-4 heures<\/p> \n\t\t\t\t\t\t\t<\/div>\n\n\t\t\t\t\t<\/div>\n\t\t\t\t\t\t<\/div>\n\t\t\t\t<\/div>\n\t\t\t\t<\/div>\n\t\t<div class=\"elementor-element elementor-element-5a676f7d e-con-full e-flex e-con e-child\" data-id=\"5a676f7d\" data-element_type=\"container\">\n\t\t\t\t<div class=\"elementor-element elementor-element-73c550bd wd-width-100 elementor-widget elementor-widget-wd_title\" data-id=\"73c550bd\" data-element_type=\"widget\" data-widget_type=\"wd_title.default\">\n\t\t\t\t<div class=\"elementor-widget-container\">\n\t\t\t\t\t\t\t<div class=\"title-wrapper set-mb-s reset-last-child wd-title-color-default wd-title-style-default wd-title-size-default text-center\">\n\n\t\t\t\t\t\t\t<div class=\"title-subtitle subtitle-color-default subtitle-style-default wd-fontsize-xs\">\n\t\t\t\t\tType d'anesth\u00e9sie\t\t\t\t<\/div>\n\t\t\t\n\t\t\t<div class=\"liner-continer\">\n\t\t\t\t<p class=\"woodmart-title-container title wd-fontsize-l\">Anesth\u00e9sie g\u00e9n\u00e9rale<\/p> \n\t\t\t\t\t\t\t<\/div>\n\n\t\t\t\t\t<\/div>\n\t\t\t\t\t\t<\/div>\n\t\t\t\t<\/div>\n\t\t\t\t<\/div>\n\t\t<div class=\"elementor-element elementor-element-646427f0 e-con-full e-flex e-con e-child\" data-id=\"646427f0\" data-element_type=\"container\">\n\t\t\t\t<div class=\"elementor-element elementor-element-6c95bc67 wd-width-100 elementor-widget elementor-widget-wd_title\" data-id=\"6c95bc67\" data-element_type=\"widget\" data-widget_type=\"wd_title.default\">\n\t\t\t\t<div class=\"elementor-widget-container\">\n\t\t\t\t\t\t\t<div class=\"title-wrapper set-mb-s reset-last-child wd-title-color-default wd-title-style-default wd-title-size-default text-center\">\n\n\t\t\t\t\t\t\t<div class=\"title-subtitle subtitle-color-default subtitle-style-default wd-fontsize-xs\">\n\t\t\t\t\tD\u00e9lai de r\u00e9cup\u00e9ration\t\t\t\t<\/div>\n\t\t\t\n\t\t\t<div class=\"liner-continer\">\n\t\t\t\t<p class=\"woodmart-title-container title wd-fontsize-l\">1-2 semaines<\/p> \n\t\t\t\t\t\t\t<\/div>\n\n\t\t\t\t\t<\/div>\n\t\t\t\t\t\t<\/div>\n\t\t\t\t<\/div>\n\t\t\t\t<\/div>\n\t\t\t\t\t<\/div>\n\t\t\t\t<\/div>\n\t\t<div class=\"wd-negative-gap elementor-element elementor-element-77df139 e-flex e-con-boxed e-con e-parent\" data-id=\"77df139\" data-element_type=\"container\">\n\t\t\t\t\t<div class=\"e-con-inner\">\n\t\t\t\t<div class=\"elementor-element elementor-element-9c42a31 color-scheme-inherit text-left elementor-widget elementor-widget-text-editor\" data-id=\"9c42a31\" data-element_type=\"widget\" data-widget_type=\"text-editor.default\">\n\t\t\t\t<div class=\"elementor-widget-container\">\n\t\t\t\t\t\t\t\t\t<p><span style=\"font-weight: 400;\">L'orthodontie est une m\u00e9thode de traitement qui a r\u00e9volutionn\u00e9 le domaine de l'orthodontie ces derni\u00e8res ann\u00e9es. Il est d\u00e9sormais plus facile et plus confortable de redresser ses dents et d'avoir un sourire plus esth\u00e9tique. Invisalign, d\u00e9velopp\u00e9 comme une alternative aux appareils orthodontiques traditionnels, \u00e9limine les probl\u00e8mes esth\u00e9tiques tout en amenant les dents \u00e0 la position souhait\u00e9e gr\u00e2ce \u00e0 des goutti\u00e8res transparentes.\u00a0<\/span><\/p><h2><span style=\"font-weight: 400;\">Qu'est-ce que l'orthodontie et comment fonctionne-t-elle ?<\/span><\/h2><p><span style=\"font-weight: 400;\">L'orthodontie est un dispositif transparent et personnalis\u00e9 de redressement des dents, con\u00e7u comme une alternative aux appareils orthodontiques traditionnels. Ce traitement utilise des goutti\u00e8res transparentes sp\u00e9cialement fabriqu\u00e9es pour d\u00e9placer doucement les dents dans la position souhait\u00e9e. Contrairement aux appareils dentaires, le traitement orthodontique est pratiquement invisible dans la bouche et peut \u00eatre appliqu\u00e9 sans affecter n\u00e9gativement votre vie quotidienne. Les aligneurs sont simplement ins\u00e9r\u00e9s et retir\u00e9s lorsque vous en avez besoin, ce qui en fait une option extr\u00eamement pratique et esth\u00e9tique.<\/span><\/p><h2><span style=\"font-weight: 400;\">Qui peut b\u00e9n\u00e9ficier d'un traitement orthodontique ?<\/span><\/h2><p><span style=\"font-weight: 400;\">Le traitement orthodontique peut s'appliquer aux personnes de tous \u00e2ges qui ont g\u00e9n\u00e9ralement des probl\u00e8mes d'alignement des dents. Toutefois, les meilleurs r\u00e9sultats sont obtenus chez les adultes et les adolescents, car le d\u00e9veloppement de la m\u00e2choire doit \u00eatre achev\u00e9. L'orthodontie permet de corriger les probl\u00e8mes l\u00e9gers \u00e0 mod\u00e9r\u00e9s d'alignement des dents. Pour les probl\u00e8mes orthodontiques graves, un traitement par appareil dentaire traditionnel peut s'av\u00e9rer plus appropri\u00e9. Il est pr\u00e9f\u00e9rable de consulter un orthodontiste pour savoir \u00e0 qui convient le traitement orthodontique.<\/span><\/p><h2><span style=\"font-weight: 400;\">Quels sont les avantages d'un traitement orthodontique ?<\/span><\/h2><p><span style=\"font-weight: 400;\">Le plus grand avantage du traitement orthodontique est qu'il est transparent et amovible. Les patients n'\u00e9prouvent donc aucune difficult\u00e9 \u00e0 manger ou \u00e0 se brosser les dents pendant le traitement dentaire. En outre, les traitements orthodontiques sont g\u00e9n\u00e9ralement moins douloureux que les appareils dentaires, car ils sont plus confortables. Gr\u00e2ce \u00e0 leur structure invisible, ils n'entra\u00eenent pas de g\u00eane esth\u00e9tique pendant la p\u00e9riode de traitement. Parmi les autres avantages, citons la r\u00e9duction de la dur\u00e9e du traitement, l'absence d'entretien et la propret\u00e9 de la bouche.<\/span><\/p><h2><span style=\"font-weight: 400;\">Diff\u00e9rences entre l'orthodontie et les appareils dentaires traditionnels<\/span><\/h2><p><span style=\"font-weight: 400;\">La diff\u00e9rence la plus \u00e9vidente entre l'orthodontie et les appareils dentaires traditionnels r\u00e9side dans les mat\u00e9riaux utilis\u00e9s pendant le traitement. L'orthodontie utilise des goutti\u00e8res transparentes et amovibles, tandis que les appareils dentaires traditionnels utilisent des fils et des brackets m\u00e9talliques. Si l'orthodontie se distingue par ses avantages esth\u00e9tiques, les appareils dentaires permettent d'obtenir des r\u00e9sultats plus rapides dans certains cas. En outre, le traitement orthodontique est confortable, peu douloureux et amovible, alors que les appareils dentaires traditionnels n\u00e9cessitent souvent plus d'entretien et peuvent cr\u00e9er une g\u00eane visuelle plus importante.<\/span><\/p><h2><span style=\"font-weight: 400;\">Combien de temps dure un traitement orthodontique ?<\/span><\/h2><p><span style=\"font-weight: 400;\">La dur\u00e9e du traitement orthodontique varie en fonction du cas individuel et de l'\u00e9tat de la dent trait\u00e9e. Pour la plupart des personnes, la dur\u00e9e du traitement peut varier entre 6 mois et 18 mois. Le traitement orthodontique offre g\u00e9n\u00e9ralement une solution plus rapide car les goutti\u00e8res d\u00e9placent les dents \u00e0 intervalles r\u00e9guliers et en exer\u00e7ant une l\u00e9g\u00e8re pression. La dur\u00e9e du traitement est directement li\u00e9e \u00e0 la dur\u00e9e d'utilisation de chaque goutti\u00e8re et \u00e0 l'intervention de l'orthodontiste dans le traitement.<\/span><\/p><h2><span style=\"font-weight: 400;\">Le traitement orthodontique entra\u00eene-t-il des douleurs et des d\u00e9sagr\u00e9ments ?<\/span><\/h2><p><span style=\"font-weight: 400;\">Une l\u00e9g\u00e8re sensation de douleur ou d'inconfort pendant le traitement orthodontique est normale, mais beaucoup moins importante qu'avec un appareil dentaire conventionnel. Au d\u00e9but, vous pouvez ressentir une l\u00e9g\u00e8re pression sur les dents lors de la mise en place des goutti\u00e8res, mais cela dispara\u00eet g\u00e9n\u00e9ralement au bout de quelques jours. Les goutti\u00e8res orthodontiques d\u00e9placent vos dents en appliquant une pression plus douce sur les dents, ce qui provoque g\u00e9n\u00e9ralement moins d'inconfort. Si vous ressentez une douleur ou une g\u00eane pendant le traitement, il serait utile de contacter un orthodontiste.<\/span><\/p><h2><span style=\"font-weight: 400;\">Quels sont les soins \u00e0 prodiguer apr\u00e8s un traitement orthodontique ?<\/span><\/h2><p><span style=\"font-weight: 400;\">Apr\u00e8s un traitement orthodontique, les soins sont la partie la plus importante du processus de traitement. Vous devez vous brosser les dents et utiliser du fil dentaire r\u00e9guli\u00e8rement. Il est \u00e9galement important de nettoyer les goutti\u00e8res apr\u00e8s chaque utilisation. Apr\u00e8s le traitement orthodontique, il peut \u00eatre n\u00e9cessaire d'appliquer des traitements correctifs recommand\u00e9s par l'orthodontiste pour prot\u00e9ger les dents. Cette \u00e9tape est tr\u00e8s importante pour garantir la durabilit\u00e9 du r\u00e9sultat du traitement.<\/span><\/p><h2><span style=\"font-weight: 400;\">Quel est le co\u00fbt d'un traitement orthodontique ?<\/span><\/h2><p><span style=\"font-weight: 400;\">Le co\u00fbt d'un traitement orthodontique varie en fonction de la dur\u00e9e du traitement, de l'importance des probl\u00e8mes \u00e0 corriger au niveau des dents et de la r\u00e9gion o\u00f9 se trouve l'orthodontiste. En g\u00e9n\u00e9ral, le prix peut \u00eatre l\u00e9g\u00e8rement plus \u00e9lev\u00e9 que celui d'un appareil dentaire traditionnel, mais on peut dire que ce surco\u00fbt est compens\u00e9 par des avantages tels que l'esth\u00e9tique et le confort. Il est n\u00e9cessaire de consulter un orthodontiste pour conna\u00eetre le co\u00fbt exact d'un traitement orthodontique.<\/span><\/p><h2><span style=\"font-weight: 400;\">\u00c0 qui s'adresse le traitement orthodontique ?<\/span><\/h2><p><span style=\"font-weight: 400;\">Le traitement orthodontique convient aux personnes pr\u00e9sentant des probl\u00e8mes d'alignement dentaire l\u00e9gers ou mod\u00e9r\u00e9s. Il peut convenir aux enfants, aux adolescents et aux adultes. Toutefois, pour les personnes souffrant de probl\u00e8mes orthodontiques tr\u00e8s graves, les appareils dentaires traditionnels peuvent constituer une option de traitement plus appropri\u00e9e. Il est important de consulter un orthodontiste pour d\u00e9terminer \u00e0 qui convient le traitement orthodontique.<\/span><\/p><h2><span style=\"font-weight: 400;\">Les \u00e9l\u00e9ments \u00e0 prendre en compte dans un traitement orthodontique<\/span><\/h2><p><span style=\"font-weight: 400;\">Il y a plusieurs points importants \u00e0 prendre en compte dans le cadre d'un traitement orthodontique. Vous devez entretenir soigneusement les goutti\u00e8res et les nettoyer quotidiennement. Vous devez \u00e9galement retirer vos goutti\u00e8res lorsque vous mangez et les porter pendant les p\u00e9riodes recommand\u00e9es au cours de la p\u00e9riode de traitement. Vous devez \u00e9galement vous soumettre \u00e0 des contr\u00f4les orthodontiques r\u00e9guliers pendant la p\u00e9riode de traitement.<\/span><\/p><h2><span style=\"font-weight: 400;\">Quand les r\u00e9sultats d'un traitement orthodontique sont-ils visibles ?<\/span><\/h2><p><span style=\"font-weight: 400;\">Bien que les r\u00e9sultats d'un traitement orthodontique varient selon les individus, ils commencent g\u00e9n\u00e9ralement \u00e0 \u00eatre visibles au bout de quelques mois. Vous remarquerez peut-\u00eatre que vos dents se d\u00e9placent lentement vers la position souhait\u00e9e. Un suivi r\u00e9gulier pendant le traitement peut influer sur la rapidit\u00e9 du processus de traitement. \u00c0 la fin du traitement orthodontique, la forme finale de vos dents devient claire et un r\u00e9sultat esth\u00e9tiquement satisfaisant est obtenu.<\/span><\/p><h2><span style=\"font-weight: 400;\">Quelle sera l'am\u00e9lioration de mes dents gr\u00e2ce \u00e0 l'orthodontie ?<\/span><\/h2><p><span style=\"font-weight: 400;\">Gr\u00e2ce \u00e0 un traitement orthodontique, vos dents donnent d'excellents r\u00e9sultats en cas de probl\u00e8mes d'alignement l\u00e9gers \u00e0 mod\u00e9r\u00e9s. L'encombrement, les espaces ou les d\u00e9fauts d'alignement de vos dents sont corrig\u00e9s. \u00c0 la fin du traitement, vous pouvez avoir un sourire plus lisse et plus esth\u00e9tique.<\/span><\/p><h2><span style=\"font-weight: 400;\">Un traitement orthodontique permet-il de dessiner un sourire ?<\/span><\/h2><p><span style=\"font-weight: 400;\">Le traitement orthodontique constitue une excellente option pour la conception du sourire. Pendant le traitement, vos dents peuvent \u00eatre mises en valeur d'un point de vue esth\u00e9tique. Les goutti\u00e8res orthodontiques contribuent \u00e0 rendre votre sourire plus esth\u00e9tique en positionnant correctement vos dents.<\/span><\/p><p>\u00a0<\/p>\t\t\t\t\t\t\t\t<\/div>\n\t\t\t\t<\/div>\n\t\t\t\t\t<\/div>\n\t\t\t\t<\/div>\n\t\t\t\t<\/div>","protected":false},"excerpt":{"rendered":"<p>Ortalama Kal\u0131\u015f S\u00fcresi 7 G\u00fcn Hastanede Yat\u0131\u015f S\u00fcresi 1 G\u00fcn Operasyon S\u00fcresi 2-4 Saat Anestezi T\u00fcr\u00fc Genel Anestezi \u0130yile\u015fme S\u00fcresi<\/p>","protected":false},"author":1,"featured_media":0,"parent":0,"menu_order":0,"comment_status":"closed","ping_status":"closed","template":"","meta":{"footnotes":""},"class_list":["post-27867","page","type-page","status-publish","hentry"],"_links":{"self":[{"href":"https:\/\/westestetik.com\/fr\/wp-json\/wp\/v2\/pages\/27867","targetHints":{"allow":["GET"]}}],"collection":[{"href":"https:\/\/westestetik.com\/fr\/wp-json\/wp\/v2\/pages"}],"about":[{"href":"https:\/\/westestetik.com\/fr\/wp-json\/wp\/v2\/types\/page"}],"author":[{"embeddable":true,"href":"https:\/\/westestetik.com\/fr\/wp-json\/wp\/v2\/users\/1"}],"replies":[{"embeddable":true,"href":"https:\/\/westestetik.com\/fr\/wp-json\/wp\/v2\/comments?post=27867"}],"version-history":[{"count":10,"href":"https:\/\/westestetik.com\/fr\/wp-json\/wp\/v2\/pages\/27867\/revisions"}],"predecessor-version":[{"id":29028,"href":"https:\/\/westestetik.com\/fr\/wp-json\/wp\/v2\/pages\/27867\/revisions\/29028"}],"wp:attachment":[{"href":"https:\/\/westestetik.com\/fr\/wp-json\/wp\/v2\/media?parent=27867"}],"curies":[{"name":"wp","href":"https:\/\/api.w.org\/{rel}","templated":true}]}}