{"id":27862,"date":"2024-12-02T23:30:22","date_gmt":"2024-12-02T23:30:22","guid":{"rendered":"https:\/\/westestetik.com\/?page_id=27862"},"modified":"2024-12-26T15:06:52","modified_gmt":"2024-12-26T15:06:52","slug":"blanchiment-des-dents","status":"publish","type":"page","link":"https:\/\/westestetik.com\/fr\/blanchiment-des-dents\/","title":{"rendered":"Blanchiment des dents"},"content":{"rendered":"<div data-elementor-type=\"wp-page\" data-elementor-id=\"27862\" class=\"elementor elementor-27862\" data-elementor-post-type=\"page\">\n\t\t\t\t<div class=\"elementor-element elementor-element-ca9369b e-con-full elementor-hidden-mobile e-flex e-con e-parent\" data-id=\"ca9369b\" data-element_type=\"container\">\n\t\t<div class=\"elementor-element elementor-element-7715c0a0 e-con-full e-flex e-con e-child\" data-id=\"7715c0a0\" data-element_type=\"container\">\n\t\t\t\t<div class=\"elementor-element elementor-element-6ede3ceb elementor-widget elementor-widget-image\" data-id=\"6ede3ceb\" data-element_type=\"widget\" data-widget_type=\"image.default\">\n\t\t\t\t<div class=\"elementor-widget-container\">\n\t\t\t\t\t\t\t\t\t\t\t\t\t\t\t<img decoding=\"async\" width=\"100\" height=\"100\" src=\"https:\/\/westestetik.com\/wp-content\/uploads\/2024\/12\/1-4.png\" class=\"attachment-large size-large wp-image-28814\" alt=\"\" srcset=\"https:\/\/westestetik.com\/wp-content\/uploads\/2024\/12\/1-4.png 100w, https:\/\/westestetik.com\/wp-content\/uploads\/2024\/12\/1-4-12x12.png 12w\" sizes=\"(max-width: 100px) 100vw, 100px\" \/>\t\t\t\t\t\t\t\t\t\t\t\t\t\t\t<\/div>\n\t\t\t\t<\/div>\n\t\t\t\t<\/div>\n\t\t<div class=\"elementor-element elementor-element-63750002 e-con-full e-flex e-con e-child\" data-id=\"63750002\" data-element_type=\"container\">\n\t\t\t\t<div class=\"elementor-element elementor-element-488712e5 elementor-widget elementor-widget-image\" data-id=\"488712e5\" data-element_type=\"widget\" data-widget_type=\"image.default\">\n\t\t\t\t<div class=\"elementor-widget-container\">\n\t\t\t\t\t\t\t\t\t\t\t\t\t\t\t<img decoding=\"async\" width=\"100\" height=\"100\" src=\"https:\/\/westestetik.com\/wp-content\/uploads\/2024\/12\/2-5.png\" class=\"attachment-large size-large wp-image-28815\" alt=\"\" srcset=\"https:\/\/westestetik.com\/wp-content\/uploads\/2024\/12\/2-5.png 100w, https:\/\/westestetik.com\/wp-content\/uploads\/2024\/12\/2-5-12x12.png 12w\" sizes=\"(max-width: 100px) 100vw, 100px\" \/>\t\t\t\t\t\t\t\t\t\t\t\t\t\t\t<\/div>\n\t\t\t\t<\/div>\n\t\t\t\t<\/div>\n\t\t<div class=\"elementor-element elementor-element-5b302bab e-con-full e-flex e-con e-child\" data-id=\"5b302bab\" data-element_type=\"container\">\n\t\t\t\t<div class=\"elementor-element elementor-element-3593a91 elementor-widget elementor-widget-image\" data-id=\"3593a91\" data-element_type=\"widget\" data-widget_type=\"image.default\">\n\t\t\t\t<div class=\"elementor-widget-container\">\n\t\t\t\t\t\t\t\t\t\t\t\t\t\t\t<img decoding=\"async\" width=\"100\" height=\"100\" src=\"https:\/\/westestetik.com\/wp-content\/uploads\/2024\/12\/3-1.png\" class=\"attachment-large size-large wp-image-28816\" alt=\"\" srcset=\"https:\/\/westestetik.com\/wp-content\/uploads\/2024\/12\/3-1.png 100w, https:\/\/westestetik.com\/wp-content\/uploads\/2024\/12\/3-1-12x12.png 12w\" sizes=\"(max-width: 100px) 100vw, 100px\" \/>\t\t\t\t\t\t\t\t\t\t\t\t\t\t\t<\/div>\n\t\t\t\t<\/div>\n\t\t\t\t<\/div>\n\t\t<div class=\"elementor-element elementor-element-67d3f5a4 e-con-full e-flex e-con e-child\" data-id=\"67d3f5a4\" data-element_type=\"container\">\n\t\t\t\t<div class=\"elementor-element elementor-element-4b0f4d77 elementor-widget elementor-widget-image\" data-id=\"4b0f4d77\" data-element_type=\"widget\" data-widget_type=\"image.default\">\n\t\t\t\t<div class=\"elementor-widget-container\">\n\t\t\t\t\t\t\t\t\t\t\t\t\t\t\t<img loading=\"lazy\" decoding=\"async\" width=\"100\" height=\"100\" src=\"https:\/\/westestetik.com\/wp-content\/uploads\/2024\/12\/4-1.png\" class=\"attachment-large size-large wp-image-28817\" alt=\"\" srcset=\"https:\/\/westestetik.com\/wp-content\/uploads\/2024\/12\/4-1.png 100w, https:\/\/westestetik.com\/wp-content\/uploads\/2024\/12\/4-1-12x12.png 12w\" sizes=\"(max-width: 100px) 100vw, 100px\" \/>\t\t\t\t\t\t\t\t\t\t\t\t\t\t\t<\/div>\n\t\t\t\t<\/div>\n\t\t\t\t<\/div>\n\t\t<div class=\"elementor-element elementor-element-3ce8334d e-con-full e-flex e-con e-child\" data-id=\"3ce8334d\" data-element_type=\"container\">\n\t\t\t\t<div class=\"elementor-element elementor-element-3154348a elementor-widget elementor-widget-image\" data-id=\"3154348a\" data-element_type=\"widget\" data-widget_type=\"image.default\">\n\t\t\t\t<div class=\"elementor-widget-container\">\n\t\t\t\t\t\t\t\t\t\t\t\t\t\t\t<img loading=\"lazy\" decoding=\"async\" width=\"100\" height=\"100\" src=\"https:\/\/westestetik.com\/wp-content\/uploads\/2024\/12\/5-1.png\" class=\"attachment-large size-large wp-image-28818\" alt=\"\" srcset=\"https:\/\/westestetik.com\/wp-content\/uploads\/2024\/12\/5-1.png 100w, https:\/\/westestetik.com\/wp-content\/uploads\/2024\/12\/5-1-12x12.png 12w\" sizes=\"(max-width: 100px) 100vw, 100px\" \/>\t\t\t\t\t\t\t\t\t\t\t\t\t\t\t<\/div>\n\t\t\t\t<\/div>\n\t\t\t\t<\/div>\n\t\t\t\t<\/div>\n\t\t<div class=\"wd-negative-gap elementor-element elementor-element-184d5ef1 elementor-hidden-mobile e-flex e-con-boxed e-con e-parent\" data-id=\"184d5ef1\" data-element_type=\"container\">\n\t\t\t\t\t<div class=\"e-con-inner\">\n\t\t<div class=\"elementor-element elementor-element-14022c11 e-con-full e-flex e-con e-child\" data-id=\"14022c11\" data-element_type=\"container\">\n\t\t\t\t<div class=\"elementor-element elementor-element-43933d67 wd-width-100 elementor-widget elementor-widget-wd_title\" data-id=\"43933d67\" data-element_type=\"widget\" data-widget_type=\"wd_title.default\">\n\t\t\t\t<div class=\"elementor-widget-container\">\n\t\t\t\t\t\t\t<div class=\"title-wrapper set-mb-s reset-last-child wd-title-color-default wd-title-style-default wd-title-size-default text-center\">\n\n\t\t\t\t\t\t\t<div class=\"title-subtitle subtitle-color-default subtitle-style-default wd-fontsize-xs\">\n\t\t\t\t\tDur\u00e9e moyenne du s\u00e9jour\t\t\t\t<\/div>\n\t\t\t\n\t\t\t<div class=\"liner-continer\">\n\t\t\t\t<p class=\"woodmart-title-container title wd-fontsize-l\">7 jours<\/p> \n\t\t\t\t\t\t\t<\/div>\n\n\t\t\t\t\t<\/div>\n\t\t\t\t\t\t<\/div>\n\t\t\t\t<\/div>\n\t\t\t\t<\/div>\n\t\t<div class=\"elementor-element elementor-element-4d4c49a6 e-con-full e-flex e-con e-child\" data-id=\"4d4c49a6\" data-element_type=\"container\">\n\t\t\t\t<div class=\"elementor-element elementor-element-6a4800df wd-width-100 elementor-widget elementor-widget-wd_title\" data-id=\"6a4800df\" data-element_type=\"widget\" data-widget_type=\"wd_title.default\">\n\t\t\t\t<div class=\"elementor-widget-container\">\n\t\t\t\t\t\t\t<div class=\"title-wrapper set-mb-s reset-last-child wd-title-color-default wd-title-style-default wd-title-size-default text-center\">\n\n\t\t\t\t\t\t\t<div class=\"title-subtitle subtitle-color-default subtitle-style-default wd-fontsize-xs\">\n\t\t\t\t\tDur\u00e9e de l'hospitalisation\t\t\t\t<\/div>\n\t\t\t\n\t\t\t<div class=\"liner-continer\">\n\t\t\t\t<p class=\"woodmart-title-container title wd-fontsize-l\">1 jour<\/p> \n\t\t\t\t\t\t\t<\/div>\n\n\t\t\t\t\t<\/div>\n\t\t\t\t\t\t<\/div>\n\t\t\t\t<\/div>\n\t\t\t\t<\/div>\n\t\t<div class=\"elementor-element elementor-element-9958dc3 e-con-full e-flex e-con e-child\" data-id=\"9958dc3\" data-element_type=\"container\">\n\t\t\t\t<div class=\"elementor-element elementor-element-357060d1 wd-width-100 elementor-widget elementor-widget-wd_title\" data-id=\"357060d1\" data-element_type=\"widget\" data-widget_type=\"wd_title.default\">\n\t\t\t\t<div class=\"elementor-widget-container\">\n\t\t\t\t\t\t\t<div class=\"title-wrapper set-mb-s reset-last-child wd-title-color-default wd-title-style-default wd-title-size-default text-center\">\n\n\t\t\t\t\t\t\t<div class=\"title-subtitle subtitle-color-default subtitle-style-default wd-fontsize-xs\">\n\t\t\t\t\tDur\u00e9e de l'op\u00e9ration\t\t\t\t<\/div>\n\t\t\t\n\t\t\t<div class=\"liner-continer\">\n\t\t\t\t<p class=\"woodmart-title-container title wd-fontsize-l\">2-4 heures<\/p> \n\t\t\t\t\t\t\t<\/div>\n\n\t\t\t\t\t<\/div>\n\t\t\t\t\t\t<\/div>\n\t\t\t\t<\/div>\n\t\t\t\t<\/div>\n\t\t<div class=\"elementor-element elementor-element-4813ee64 e-con-full e-flex e-con e-child\" data-id=\"4813ee64\" data-element_type=\"container\">\n\t\t\t\t<div class=\"elementor-element elementor-element-6b61b5bb wd-width-100 elementor-widget elementor-widget-wd_title\" data-id=\"6b61b5bb\" data-element_type=\"widget\" data-widget_type=\"wd_title.default\">\n\t\t\t\t<div class=\"elementor-widget-container\">\n\t\t\t\t\t\t\t<div class=\"title-wrapper set-mb-s reset-last-child wd-title-color-default wd-title-style-default wd-title-size-default text-center\">\n\n\t\t\t\t\t\t\t<div class=\"title-subtitle subtitle-color-default subtitle-style-default wd-fontsize-xs\">\n\t\t\t\t\tType d'anesth\u00e9sie\t\t\t\t<\/div>\n\t\t\t\n\t\t\t<div class=\"liner-continer\">\n\t\t\t\t<p class=\"woodmart-title-container title wd-fontsize-l\">Anesth\u00e9sie g\u00e9n\u00e9rale<\/p> \n\t\t\t\t\t\t\t<\/div>\n\n\t\t\t\t\t<\/div>\n\t\t\t\t\t\t<\/div>\n\t\t\t\t<\/div>\n\t\t\t\t<\/div>\n\t\t<div class=\"elementor-element elementor-element-3fdc1467 e-con-full e-flex e-con e-child\" data-id=\"3fdc1467\" data-element_type=\"container\">\n\t\t\t\t<div class=\"elementor-element elementor-element-4c67e59b wd-width-100 elementor-widget elementor-widget-wd_title\" data-id=\"4c67e59b\" data-element_type=\"widget\" data-widget_type=\"wd_title.default\">\n\t\t\t\t<div class=\"elementor-widget-container\">\n\t\t\t\t\t\t\t<div class=\"title-wrapper set-mb-s reset-last-child wd-title-color-default wd-title-style-default wd-title-size-default text-center\">\n\n\t\t\t\t\t\t\t<div class=\"title-subtitle subtitle-color-default subtitle-style-default wd-fontsize-xs\">\n\t\t\t\t\tD\u00e9lai de r\u00e9cup\u00e9ration\t\t\t\t<\/div>\n\t\t\t\n\t\t\t<div class=\"liner-continer\">\n\t\t\t\t<p class=\"woodmart-title-container title wd-fontsize-l\">1-2 semaines<\/p> \n\t\t\t\t\t\t\t<\/div>\n\n\t\t\t\t\t<\/div>\n\t\t\t\t\t\t<\/div>\n\t\t\t\t<\/div>\n\t\t\t\t<\/div>\n\t\t\t\t\t<\/div>\n\t\t\t\t<\/div>\n\t\t<div class=\"wd-negative-gap elementor-element elementor-element-12764b9 e-flex e-con-boxed e-con e-parent\" data-id=\"12764b9\" data-element_type=\"container\">\n\t\t\t\t\t<div class=\"e-con-inner\">\n\t\t\t\t<div class=\"elementor-element elementor-element-bc3c2d2 color-scheme-inherit text-left elementor-widget elementor-widget-text-editor\" data-id=\"bc3c2d2\" data-element_type=\"widget\" data-widget_type=\"text-editor.default\">\n\t\t\t\t<div class=\"elementor-widget-container\">\n\t\t\t\t\t\t\t\t\t<p>Le blanchiment des dents est l'un des moyens les plus efficaces d'obtenir un sourire esth\u00e9tique. Les taches et le jaunissement qui s'accumulent sur les dents au fil du temps peuvent entra\u00eener une perte de confiance en soi chez de nombreuses personnes. Heureusement, les proc\u00e9dures de blanchiment des dents peuvent facilement r\u00e9soudre ce probl\u00e8me en rendant vos dents plus blanches et plus brillantes. Les r\u00e9sultats que l'on peut obtenir avec des applications professionnelles dans un environnement clinique et des produits utilis\u00e9s \u00e0 la maison varient en fonction des pr\u00e9f\u00e9rences et des besoins personnels.<\/p><h2>Qu'est-ce que le blanchiment des dents ?<\/h2><p>Le blanchiment des dents est une proc\u00e9dure esth\u00e9tique appliqu\u00e9e pour donner aux dents un aspect plus blanc et plus brillant. Il vise \u00e0 restaurer la blancheur naturelle en \u00e9liminant les taches qui apparaissent g\u00e9n\u00e9ralement avec le temps. Le blanchiment des dents peut \u00eatre effectu\u00e9 par des dentistes professionnels dans un environnement clinique ou avec des produits sp\u00e9ciaux utilis\u00e9s \u00e0 la maison. Le blanchiment des dents vous aide \u00e0 avoir un sourire sain et esth\u00e9tique.<\/p><h2>Quelles sont les m\u00e9thodes de blanchiment des dents ?<\/h2><p>Le blanchiment des dents peut se faire selon diff\u00e9rentes m\u00e9thodes. Les techniques de blanchiment les plus courantes sont les suivantes :<\/p><ol><li>Blanchiment des dents en cabinet : Il s'agit d'une m\u00e9thode de blanchiment professionnelle appliqu\u00e9e par le dentiste dans un environnement clinique. Un gel sp\u00e9cial est g\u00e9n\u00e9ralement utilis\u00e9 et activ\u00e9 par un laser pour obtenir des r\u00e9sultats plus rapides.<\/li><li>Blanchiment des dents \u00e0 domicile : Il s'agit d'une m\u00e9thode appliqu\u00e9e \u00e0 la maison avec des produits de blanchiment recommand\u00e9s par le dentiste. Ces produits peuvent se pr\u00e9senter sous la forme d'un gel blanchissant ou de patchs. Le blanchiment \u00e0 domicile n\u00e9cessite g\u00e9n\u00e9ralement une p\u00e9riode d'utilisation plus longue.<\/li><li>Dentifrice blanchissant Utilisation : Il peut \u00eatre utilis\u00e9 pour nettoyer les taches sur les dents et obtenir une blancheur naturelle. Toutefois, cette m\u00e9thode peut \u00eatre moins efficace que d'autres m\u00e9thodes professionnelles.<\/li><\/ol><h2>Prix du blanchiment des dents : Quels sont les facteurs qui influencent le prix ?<\/h2><p>Les prix du blanchiment des dents varient en fonction de la m\u00e9thode \u00e0 appliquer, des mat\u00e9riaux utilis\u00e9s et de l'emplacement de la clinique. Le blanchiment en cabinet est g\u00e9n\u00e9ralement plus cher car il n\u00e9cessite un \u00e9quipement professionnel et une supervision m\u00e9dicale. Le blanchiment \u00e0 domicile, quant \u00e0 lui, peut \u00eatre propos\u00e9 \u00e0 des prix plus abordables, mais les r\u00e9sultats sont obtenus dans un d\u00e9lai un peu plus long. En outre, les proc\u00e9dures supervis\u00e9es par un dentiste sont g\u00e9n\u00e9ralement plus s\u00fbres et plus efficaces.<\/p><h2>Combien de temps dure le blanchiment des dents ?<\/h2><p>Le processus de blanchiment des dents varie en fonction de la m\u00e9thode utilis\u00e9e. Le blanchiment en cabinet dure g\u00e9n\u00e9ralement de 60 \u00e0 90 minutes, tandis que le blanchiment \u00e0 domicile peut prendre plusieurs semaines. Dans le cas d'un blanchiment en cabinet, le dentiste peut utiliser le laser ou la luminoth\u00e9rapie pour acc\u00e9l\u00e9rer le processus.<\/p><h2>Que faut-il envisager apr\u00e8s le blanchiment des dents ?<\/h2><p>Il y a quelques points importants \u00e0 prendre en compte apr\u00e8s la proc\u00e9dure de blanchiment des dents. Pendant les 24 \u00e0 48 heures qui suivent l'intervention, il est recommand\u00e9 d'\u00e9viter les aliments et les boissons (caf\u00e9, th\u00e9, vin rouge, etc.) susceptibles de provoquer une d\u00e9coloration. De m\u00eame, la sensibilit\u00e9 des dents peut \u00eatre accrue, il est donc utile d'\u00e9viter les aliments trop chauds ou trop froids.<\/p><h2>M\u00e9thodes de blanchiment des dents \u00e0 domicile : Sont-elles efficaces ?<\/h2><p>Les m\u00e9thodes de blanchiment des dents \u00e0 domicile sont g\u00e9n\u00e9ralement r\u00e9alis\u00e9es avec des produits recommand\u00e9s par le dentiste. Cependant, certaines personnes peuvent douter de l'efficacit\u00e9 des produits de blanchiment \u00e0 domicile. Lorsque les bons produits sont utilis\u00e9s, les m\u00e9thodes de blanchiment \u00e0 domicile peuvent \u00eatre s\u00fbres et efficaces. Toutefois, l'utilisation de produits inadapt\u00e9s peut entra\u00eener une sensibilit\u00e9 dentaire ou d'autres probl\u00e8mes.<\/p><h2>Le blanchiment des dents est-il douloureux ?<\/h2><p>Le blanchiment des dents est g\u00e9n\u00e9ralement indolore. Cependant, certaines personnes peuvent ressentir une sensibilit\u00e9 dentaire apr\u00e8s le blanchiment. Cette sensibilit\u00e9 est g\u00e9n\u00e9ralement temporaire et dispara\u00eet en quelques jours. Si vous ressentez une douleur intense pendant ou apr\u00e8s la proc\u00e9dure, il est important de contacter votre dentiste.<\/p><h2>Combien de temps la blancheur reste-t-elle apr\u00e8s le blanchiment des dents ?<\/h2><p>Les r\u00e9sultats du blanchiment des dents peuvent varier d'une personne \u00e0 l'autre et d\u00e9pendent de la m\u00e9thode utilis\u00e9e. Le blanchiment en cabinet est g\u00e9n\u00e9ralement plus durable, mais la blancheur des dents peut diminuer avec le temps. Les r\u00e9sultats du blanchiment \u00e0 domicile peuvent \u00eatre de plus courte dur\u00e9e. Des soins r\u00e9guliers et une hygi\u00e8ne bucco-dentaire saine sont importants pour augmenter la permanence du processus de blanchiment des dents.<\/p><h2>Qui peut b\u00e9n\u00e9ficier d'un blanchiment des dents ?<\/h2><p>Le blanchiment des dents convient g\u00e9n\u00e9ralement \u00e0 toute personne ayant des dents saines. Toutefois, il est d\u00e9conseill\u00e9 aux femmes enceintes ou allaitantes, aux personnes souffrant de maladies des gencives et aux enfants. Avant de proc\u00e9der \u00e0 un blanchiment des dents, il est important de consulter un dentiste et d'\u00e9valuer si votre sant\u00e9 bucco-dentaire est adapt\u00e9e.<\/p><h2>Le blanchiment des dents est-il dangereux ? Quels sont les risques ?<\/h2><p>Le blanchiment des dents est g\u00e9n\u00e9ralement une proc\u00e9dure s\u00fbre, mais elle peut comporter certains risques. Des produits de blanchiment mal utilis\u00e9s peuvent entra\u00eener une sensibilit\u00e9 des dents ou une irritation des gencives. En outre, un blanchiment excessif peut avoir des effets n\u00e9fastes sur l'\u00e9mail des dents. Il est donc recommand\u00e9 de confier le blanchiment des dents \u00e0 un dentiste professionnel.<\/p><p><br \/><br \/><\/p>\t\t\t\t\t\t\t\t<\/div>\n\t\t\t\t<\/div>\n\t\t\t\t\t<\/div>\n\t\t\t\t<\/div>\n\t\t\t\t<\/div>","protected":false},"excerpt":{"rendered":"<p>Ortalama Kal\u0131\u015f S\u00fcresi 7 G\u00fcn Hastanede Yat\u0131\u015f S\u00fcresi 1 G\u00fcn Operasyon S\u00fcresi 2-4 Saat Anestezi T\u00fcr\u00fc Genel Anestezi \u0130yile\u015fme S\u00fcresi<\/p>","protected":false},"author":1,"featured_media":0,"parent":0,"menu_order":0,"comment_status":"closed","ping_status":"closed","template":"","meta":{"footnotes":""},"class_list":["post-27862","page","type-page","status-publish","hentry"],"_links":{"self":[{"href":"https:\/\/westestetik.com\/fr\/wp-json\/wp\/v2\/pages\/27862","targetHints":{"allow":["GET"]}}],"collection":[{"href":"https:\/\/westestetik.com\/fr\/wp-json\/wp\/v2\/pages"}],"about":[{"href":"https:\/\/westestetik.com\/fr\/wp-json\/wp\/v2\/types\/page"}],"author":[{"embeddable":true,"href":"https:\/\/westestetik.com\/fr\/wp-json\/wp\/v2\/users\/1"}],"replies":[{"embeddable":true,"href":"https:\/\/westestetik.com\/fr\/wp-json\/wp\/v2\/comments?post=27862"}],"version-history":[{"count":10,"href":"https:\/\/westestetik.com\/fr\/wp-json\/wp\/v2\/pages\/27862\/revisions"}],"predecessor-version":[{"id":29031,"href":"https:\/\/westestetik.com\/fr\/wp-json\/wp\/v2\/pages\/27862\/revisions\/29031"}],"wp:attachment":[{"href":"https:\/\/westestetik.com\/fr\/wp-json\/wp\/v2\/media?parent=27862"}],"curies":[{"name":"wp","href":"https:\/\/api.w.org\/{rel}","templated":true}]}}