{"id":27860,"date":"2024-12-02T23:29:38","date_gmt":"2024-12-02T23:29:38","guid":{"rendered":"https:\/\/westestetik.com\/?page_id=27860"},"modified":"2024-12-26T15:07:49","modified_gmt":"2024-12-26T15:07:49","slug":"porcelaine-stratifiee","status":"publish","type":"page","link":"https:\/\/westestetik.com\/fr\/porcelaine-stratifiee\/","title":{"rendered":"Porcelaine Stratifi\u00e9e"},"content":{"rendered":"<div data-elementor-type=\"wp-page\" data-elementor-id=\"27860\" class=\"elementor elementor-27860\" data-elementor-post-type=\"page\">\n\t\t\t\t<div class=\"elementor-element elementor-element-63575c07 e-con-full elementor-hidden-mobile e-flex e-con e-parent\" data-id=\"63575c07\" data-element_type=\"container\">\n\t\t<div class=\"elementor-element elementor-element-7919e1b0 e-con-full e-flex e-con e-child\" data-id=\"7919e1b0\" data-element_type=\"container\">\n\t\t\t\t<div class=\"elementor-element elementor-element-4507eaf3 elementor-widget elementor-widget-image\" data-id=\"4507eaf3\" data-element_type=\"widget\" data-widget_type=\"image.default\">\n\t\t\t\t<div class=\"elementor-widget-container\">\n\t\t\t\t\t\t\t\t\t\t\t\t\t\t\t<img decoding=\"async\" width=\"100\" height=\"100\" src=\"https:\/\/westestetik.com\/wp-content\/uploads\/2024\/12\/1-4.png\" class=\"attachment-large size-large wp-image-28814\" alt=\"\" srcset=\"https:\/\/westestetik.com\/wp-content\/uploads\/2024\/12\/1-4.png 100w, https:\/\/westestetik.com\/wp-content\/uploads\/2024\/12\/1-4-12x12.png 12w\" sizes=\"(max-width: 100px) 100vw, 100px\" \/>\t\t\t\t\t\t\t\t\t\t\t\t\t\t\t<\/div>\n\t\t\t\t<\/div>\n\t\t\t\t<\/div>\n\t\t<div class=\"elementor-element elementor-element-4dd47df0 e-con-full e-flex e-con e-child\" data-id=\"4dd47df0\" data-element_type=\"container\">\n\t\t\t\t<div class=\"elementor-element elementor-element-4d457b38 elementor-widget elementor-widget-image\" data-id=\"4d457b38\" data-element_type=\"widget\" data-widget_type=\"image.default\">\n\t\t\t\t<div class=\"elementor-widget-container\">\n\t\t\t\t\t\t\t\t\t\t\t\t\t\t\t<img decoding=\"async\" width=\"100\" height=\"100\" src=\"https:\/\/westestetik.com\/wp-content\/uploads\/2024\/12\/2-5.png\" class=\"attachment-large size-large wp-image-28815\" alt=\"\" srcset=\"https:\/\/westestetik.com\/wp-content\/uploads\/2024\/12\/2-5.png 100w, https:\/\/westestetik.com\/wp-content\/uploads\/2024\/12\/2-5-12x12.png 12w\" sizes=\"(max-width: 100px) 100vw, 100px\" \/>\t\t\t\t\t\t\t\t\t\t\t\t\t\t\t<\/div>\n\t\t\t\t<\/div>\n\t\t\t\t<\/div>\n\t\t<div class=\"elementor-element elementor-element-6847eb3e e-con-full e-flex e-con e-child\" data-id=\"6847eb3e\" data-element_type=\"container\">\n\t\t\t\t<div class=\"elementor-element elementor-element-4efec8db elementor-widget elementor-widget-image\" data-id=\"4efec8db\" data-element_type=\"widget\" data-widget_type=\"image.default\">\n\t\t\t\t<div class=\"elementor-widget-container\">\n\t\t\t\t\t\t\t\t\t\t\t\t\t\t\t<img decoding=\"async\" width=\"100\" height=\"100\" src=\"https:\/\/westestetik.com\/wp-content\/uploads\/2024\/12\/3-1.png\" class=\"attachment-large size-large wp-image-28816\" alt=\"\" srcset=\"https:\/\/westestetik.com\/wp-content\/uploads\/2024\/12\/3-1.png 100w, https:\/\/westestetik.com\/wp-content\/uploads\/2024\/12\/3-1-12x12.png 12w\" sizes=\"(max-width: 100px) 100vw, 100px\" \/>\t\t\t\t\t\t\t\t\t\t\t\t\t\t\t<\/div>\n\t\t\t\t<\/div>\n\t\t\t\t<\/div>\n\t\t<div class=\"elementor-element elementor-element-17f8ca14 e-con-full e-flex e-con e-child\" data-id=\"17f8ca14\" data-element_type=\"container\">\n\t\t\t\t<div class=\"elementor-element elementor-element-1f4e4f02 elementor-widget elementor-widget-image\" data-id=\"1f4e4f02\" data-element_type=\"widget\" data-widget_type=\"image.default\">\n\t\t\t\t<div class=\"elementor-widget-container\">\n\t\t\t\t\t\t\t\t\t\t\t\t\t\t\t<img loading=\"lazy\" decoding=\"async\" width=\"100\" height=\"100\" src=\"https:\/\/westestetik.com\/wp-content\/uploads\/2024\/12\/4-1.png\" class=\"attachment-large size-large wp-image-28817\" alt=\"\" srcset=\"https:\/\/westestetik.com\/wp-content\/uploads\/2024\/12\/4-1.png 100w, https:\/\/westestetik.com\/wp-content\/uploads\/2024\/12\/4-1-12x12.png 12w\" sizes=\"(max-width: 100px) 100vw, 100px\" \/>\t\t\t\t\t\t\t\t\t\t\t\t\t\t\t<\/div>\n\t\t\t\t<\/div>\n\t\t\t\t<\/div>\n\t\t<div class=\"elementor-element elementor-element-53ab42ef e-con-full e-flex e-con e-child\" data-id=\"53ab42ef\" data-element_type=\"container\">\n\t\t\t\t<div class=\"elementor-element elementor-element-28da2966 elementor-widget elementor-widget-image\" data-id=\"28da2966\" data-element_type=\"widget\" data-widget_type=\"image.default\">\n\t\t\t\t<div class=\"elementor-widget-container\">\n\t\t\t\t\t\t\t\t\t\t\t\t\t\t\t<img loading=\"lazy\" decoding=\"async\" width=\"100\" height=\"100\" src=\"https:\/\/westestetik.com\/wp-content\/uploads\/2024\/12\/5-1.png\" class=\"attachment-large size-large wp-image-28818\" alt=\"\" srcset=\"https:\/\/westestetik.com\/wp-content\/uploads\/2024\/12\/5-1.png 100w, https:\/\/westestetik.com\/wp-content\/uploads\/2024\/12\/5-1-12x12.png 12w\" sizes=\"(max-width: 100px) 100vw, 100px\" \/>\t\t\t\t\t\t\t\t\t\t\t\t\t\t\t<\/div>\n\t\t\t\t<\/div>\n\t\t\t\t<\/div>\n\t\t\t\t<\/div>\n\t\t<div class=\"wd-negative-gap elementor-element elementor-element-77c4430e elementor-hidden-mobile e-flex e-con-boxed e-con e-parent\" data-id=\"77c4430e\" data-element_type=\"container\">\n\t\t\t\t\t<div class=\"e-con-inner\">\n\t\t<div class=\"elementor-element elementor-element-795c9896 e-con-full e-flex e-con e-child\" data-id=\"795c9896\" data-element_type=\"container\">\n\t\t\t\t<div class=\"elementor-element elementor-element-9330cdc wd-width-100 elementor-widget elementor-widget-wd_title\" data-id=\"9330cdc\" data-element_type=\"widget\" data-widget_type=\"wd_title.default\">\n\t\t\t\t<div class=\"elementor-widget-container\">\n\t\t\t\t\t\t\t<div class=\"title-wrapper set-mb-s reset-last-child wd-title-color-default wd-title-style-default wd-title-size-default text-center\">\n\n\t\t\t\t\t\t\t<div class=\"title-subtitle subtitle-color-default subtitle-style-default wd-fontsize-xs\">\n\t\t\t\t\tDur\u00e9e moyenne du s\u00e9jour\t\t\t\t<\/div>\n\t\t\t\n\t\t\t<div class=\"liner-continer\">\n\t\t\t\t<p class=\"woodmart-title-container title wd-fontsize-l\">7 jours<\/p> \n\t\t\t\t\t\t\t<\/div>\n\n\t\t\t\t\t<\/div>\n\t\t\t\t\t\t<\/div>\n\t\t\t\t<\/div>\n\t\t\t\t<\/div>\n\t\t<div class=\"elementor-element elementor-element-39f04a6d e-con-full e-flex e-con e-child\" data-id=\"39f04a6d\" data-element_type=\"container\">\n\t\t\t\t<div class=\"elementor-element elementor-element-28311d04 wd-width-100 elementor-widget elementor-widget-wd_title\" data-id=\"28311d04\" data-element_type=\"widget\" data-widget_type=\"wd_title.default\">\n\t\t\t\t<div class=\"elementor-widget-container\">\n\t\t\t\t\t\t\t<div class=\"title-wrapper set-mb-s reset-last-child wd-title-color-default wd-title-style-default wd-title-size-default text-center\">\n\n\t\t\t\t\t\t\t<div class=\"title-subtitle subtitle-color-default subtitle-style-default wd-fontsize-xs\">\n\t\t\t\t\tDur\u00e9e de l'hospitalisation\t\t\t\t<\/div>\n\t\t\t\n\t\t\t<div class=\"liner-continer\">\n\t\t\t\t<p class=\"woodmart-title-container title wd-fontsize-l\">1 jour<\/p> \n\t\t\t\t\t\t\t<\/div>\n\n\t\t\t\t\t<\/div>\n\t\t\t\t\t\t<\/div>\n\t\t\t\t<\/div>\n\t\t\t\t<\/div>\n\t\t<div class=\"elementor-element elementor-element-2841446 e-con-full e-flex e-con e-child\" data-id=\"2841446\" data-element_type=\"container\">\n\t\t\t\t<div class=\"elementor-element elementor-element-74d94bf6 wd-width-100 elementor-widget elementor-widget-wd_title\" data-id=\"74d94bf6\" data-element_type=\"widget\" data-widget_type=\"wd_title.default\">\n\t\t\t\t<div class=\"elementor-widget-container\">\n\t\t\t\t\t\t\t<div class=\"title-wrapper set-mb-s reset-last-child wd-title-color-default wd-title-style-default wd-title-size-default text-center\">\n\n\t\t\t\t\t\t\t<div class=\"title-subtitle subtitle-color-default subtitle-style-default wd-fontsize-xs\">\n\t\t\t\t\tDur\u00e9e de l'op\u00e9ration\t\t\t\t<\/div>\n\t\t\t\n\t\t\t<div class=\"liner-continer\">\n\t\t\t\t<p class=\"woodmart-title-container title wd-fontsize-l\">2-4 heures<\/p> \n\t\t\t\t\t\t\t<\/div>\n\n\t\t\t\t\t<\/div>\n\t\t\t\t\t\t<\/div>\n\t\t\t\t<\/div>\n\t\t\t\t<\/div>\n\t\t<div class=\"elementor-element elementor-element-6c137b44 e-con-full e-flex e-con e-child\" data-id=\"6c137b44\" data-element_type=\"container\">\n\t\t\t\t<div class=\"elementor-element elementor-element-7ad0f720 wd-width-100 elementor-widget elementor-widget-wd_title\" data-id=\"7ad0f720\" data-element_type=\"widget\" data-widget_type=\"wd_title.default\">\n\t\t\t\t<div class=\"elementor-widget-container\">\n\t\t\t\t\t\t\t<div class=\"title-wrapper set-mb-s reset-last-child wd-title-color-default wd-title-style-default wd-title-size-default text-center\">\n\n\t\t\t\t\t\t\t<div class=\"title-subtitle subtitle-color-default subtitle-style-default wd-fontsize-xs\">\n\t\t\t\t\tType d'anesth\u00e9sie\t\t\t\t<\/div>\n\t\t\t\n\t\t\t<div class=\"liner-continer\">\n\t\t\t\t<p class=\"woodmart-title-container title wd-fontsize-l\">Anesth\u00e9sie g\u00e9n\u00e9rale<\/p> \n\t\t\t\t\t\t\t<\/div>\n\n\t\t\t\t\t<\/div>\n\t\t\t\t\t\t<\/div>\n\t\t\t\t<\/div>\n\t\t\t\t<\/div>\n\t\t<div class=\"elementor-element elementor-element-21bcd057 e-con-full e-flex e-con e-child\" data-id=\"21bcd057\" data-element_type=\"container\">\n\t\t\t\t<div class=\"elementor-element elementor-element-2e827dc1 wd-width-100 elementor-widget elementor-widget-wd_title\" data-id=\"2e827dc1\" data-element_type=\"widget\" data-widget_type=\"wd_title.default\">\n\t\t\t\t<div class=\"elementor-widget-container\">\n\t\t\t\t\t\t\t<div class=\"title-wrapper set-mb-s reset-last-child wd-title-color-default wd-title-style-default wd-title-size-default text-center\">\n\n\t\t\t\t\t\t\t<div class=\"title-subtitle subtitle-color-default subtitle-style-default wd-fontsize-xs\">\n\t\t\t\t\tD\u00e9lai de r\u00e9cup\u00e9ration\t\t\t\t<\/div>\n\t\t\t\n\t\t\t<div class=\"liner-continer\">\n\t\t\t\t<p class=\"woodmart-title-container title wd-fontsize-l\">1-2 semaines<\/p> \n\t\t\t\t\t\t\t<\/div>\n\n\t\t\t\t\t<\/div>\n\t\t\t\t\t\t<\/div>\n\t\t\t\t<\/div>\n\t\t\t\t<\/div>\n\t\t\t\t\t<\/div>\n\t\t\t\t<\/div>\n\t\t<div class=\"wd-negative-gap elementor-element elementor-element-6527db9 e-flex e-con-boxed e-con e-parent\" data-id=\"6527db9\" data-element_type=\"container\">\n\t\t\t\t\t<div class=\"e-con-inner\">\n\t\t\t\t<div class=\"elementor-element elementor-element-b89e0ef color-scheme-inherit text-left elementor-widget elementor-widget-text-editor\" data-id=\"b89e0ef\" data-element_type=\"widget\" data-widget_type=\"text-editor.default\">\n\t\t\t\t<div class=\"elementor-widget-container\">\n\t\t\t\t\t\t\t\t\t<p><span style=\"font-weight: 400;\">L'esth\u00e9tique dentaire est un \u00e9l\u00e9ment important qui augmente la beaut\u00e9 du sourire et la confiance en soi. La lamelle de porcelaine est une solution souvent privil\u00e9gi\u00e9e pour corriger les probl\u00e8mes esth\u00e9tiques des dents et obtenir un aspect naturel. Gr\u00e2ce aux fines couches de porcelaine, la forme, la couleur et l'alignement des dents sont parfaitement corrig\u00e9s, ce qui permet d'avoir des dents plus blanches et plus lisses. L'application de lamelles de porcelaine offre des r\u00e9sultats esth\u00e9tiques satisfaisants et durables, ce qui vous permet de sentir imm\u00e9diatement la diff\u00e9rence dans votre sourire.<\/span><\/p><h2><span style=\"font-weight: 400;\">Qu'est-ce que la lamine de porcelaine ?<\/span><\/h2><p><span style=\"font-weight: 400;\">Les facettes en porcelaine sont des facettes fines en porcelaine utilis\u00e9es pour am\u00e9liorer l'aspect esth\u00e9tique des dents. Elles sont g\u00e9n\u00e9ralement pr\u00e9f\u00e9r\u00e9es pour corriger les probl\u00e8mes de couleur, de forme et d'alignement des dents. Les facettes en porcelaine sont appliqu\u00e9es sur les dents avec une intervention minimale et offrent un aspect naturel. Gr\u00e2ce \u00e0 la r\u00e9flexion de la lumi\u00e8re de la porcelaine, on obtient des r\u00e9sultats esth\u00e9tiques satisfaisants en harmonie avec les dents naturelles.<\/span><\/p><h2><span style=\"font-weight: 400;\">\u00c0 qui s'adresse l'application de la lamine de porcelaine ?<\/span><\/h2><p><span style=\"font-weight: 400;\">La lamelle de porcelaine convient \u00e0 toutes les personnes qui ont des probl\u00e8mes esth\u00e9tiques avec leurs dents et qui souhaitent avoir des dents plus blanches et plus lisses. Les personnes dont les dents sont cass\u00e9es, fissur\u00e9es, us\u00e9es, d\u00e9color\u00e9es ou irr\u00e9guli\u00e8res peuvent b\u00e9n\u00e9ficier de l'application d'une lamelle de porcelaine. Toutefois, cette application n'est pas recommand\u00e9e pour les personnes souffrant de caries graves ou de probl\u00e8mes de gencives. Le dentiste \u00e9valuera votre sant\u00e9 dentaire avant l'application et d\u00e9terminera si vous \u00eates apte \u00e0 recevoir une lamelle de porcelaine.<\/span><\/p><h2><span style=\"font-weight: 400;\">Comment am\u00e9liorer l'esth\u00e9tique dentaire avec la porcelaine lamellaire ?<\/span><\/h2><p><span style=\"font-weight: 400;\">La lamelle de porcelaine est une excellente solution pour am\u00e9liorer l'esth\u00e9tique dentaire. En ajoutant une fine couche de porcelaine sur les dents, la forme, la couleur et la taille des dents peuvent \u00eatre corrig\u00e9es. Cette application donne aux dents un aspect plus blanc et plus lisse. En outre, la lamelle de porcelaine cr\u00e9e un sourire plus doux en comblant les espaces entre les dents. Cette solution esth\u00e9tique s'harmonise parfaitement avec les dents naturelles.<\/span><\/p><h2><span style=\"font-weight: 400;\">Comment \u00e9liminer la d\u00e9coloration des dents avec la porcelaine lamellaire ?<\/span><\/h2><p><span style=\"font-weight: 400;\">La d\u00e9coloration des dents peut \u00eatre caus\u00e9e par divers facteurs tels que le tabagisme, le caf\u00e9, le th\u00e9 et la g\u00e9n\u00e9tique. La lamelle de porcelaine est une m\u00e9thode efficace pour \u00e9liminer ces d\u00e9colorations. Lors de l'application, des porcelaines qui sont quelques tons plus blancs que la couleur naturelle des dents sont s\u00e9lectionn\u00e9es. De cette mani\u00e8re, vos dents sont \u00e0 la fois blanches et naturelles. La porcelaine stratifi\u00e9e rend vos dents plus attrayantes sur le plan esth\u00e9tique et leur conf\u00e8re une blancheur \u00e0 long terme.<\/span><\/p><h2><span style=\"font-weight: 400;\">Combien de temps dure l'application de la lamine de porcelaine ?<\/span><\/h2><p><span style=\"font-weight: 400;\">Les facettes en porcelaine stratifi\u00e9e offrent une solution durable si elles sont correctement entretenues et hygi\u00e9nis\u00e9es. En moyenne, les facettes stratifi\u00e9es en porcelaine peuvent durer entre 10 et 15 ans. Toutefois, il est important de ne pas exercer une force excessive sur les dents, de proc\u00e9der \u00e0 des soins dentaires r\u00e9guliers et de suivre les recommandations de votre dentiste. Des contr\u00f4les et un entretien r\u00e9guliers sont n\u00e9cessaires pour que vos dents stratifi\u00e9es en porcelaine restent saines pendant longtemps.<\/span><\/p><h2><span style=\"font-weight: 400;\">Les prix des lamelles de porcelaine varient en fonction de quoi ?<\/span><\/h2><p><span style=\"font-weight: 400;\">Les prix des lamelles de porcelaine peuvent varier en fonction de diff\u00e9rents facteurs. La zone \u00e0 traiter, la qualit\u00e9 de la porcelaine utilis\u00e9e, le nombre de dents \u00e0 traiter et l'exp\u00e9rience du m\u00e9decin sont autant de facteurs qui influencent le prix. En outre, le processus de traitement et les besoins du patient peuvent \u00e9galement influer sur le prix. Les prix des lamelles de porcelaine sont g\u00e9n\u00e9ralement plus \u00e9lev\u00e9s que ceux d'autres traitements dentaires esth\u00e9tiques, mais ils offrent des r\u00e9sultats durables et naturels.<\/span><\/p><h2><span style=\"font-weight: 400;\">Quels sont les avantages de l'application de la lamine de porcelaine ?<\/span><\/h2><p><span style=\"font-weight: 400;\">L'application de lamelles de porcelaine pr\u00e9sente de nombreux avantages. Tout d'abord, elle offre un r\u00e9sultat d'apparence naturelle et am\u00e9liore l'esth\u00e9tique de vos dents. En outre, l'application de la lamelle de porcelaine se fait avec une perte minimale de tissu dentaire, ce qui signifie une proc\u00e9dure moins invasive. Les facettes en porcelaine prot\u00e8gent vos dents et sont durables. En outre, gr\u00e2ce aux propri\u00e9t\u00e9s de transmission de la lumi\u00e8re de la porcelaine, elles offrent un aspect qui ressemble \u00e0 celui de vos dents naturelles.<\/span><\/p><h2><span style=\"font-weight: 400;\">Comment les soins doivent-ils \u00eatre effectu\u00e9s apr\u00e8s l'application de la lamine de porcelaine ?<\/span><\/h2><p><span style=\"font-weight: 400;\">Les soins apr\u00e8s l'application de la lamelle de porcelaine sont tr\u00e8s importants pour obtenir des r\u00e9sultats esth\u00e9tiques et durables. Vous devez vous brosser les dents r\u00e9guli\u00e8rement et utiliser du fil dentaire. \u00c9vitez \u00e9galement les dentifrices abrasifs pour prot\u00e9ger la surface de vos dents. La porcelaine stratifi\u00e9e doit \u00eatre prot\u00e9g\u00e9e des substances qui causent des taches, telles que la cigarette, le caf\u00e9 et le th\u00e9. Votre dentiste vous recommandera les soins n\u00e9cessaires pour que vos dents stratifi\u00e9es en porcelaine restent saines.<\/span><\/p><h2><span style=\"font-weight: 400;\">Quel est le degr\u00e9 de naturalit\u00e9 de mes dents avec la porcelaine lamellaire ?<\/span><\/h2><p><span style=\"font-weight: 400;\">Les lamelles de porcelaine peuvent donner \u00e0 vos dents un aspect extr\u00eamement naturel. Un bon dentiste \u00e9liminera les irr\u00e9gularit\u00e9s ou les probl\u00e8mes esth\u00e9tiques de la surface en choisissant la couleur et la forme qui conviennent \u00e0 la structure naturelle des dents. La r\u00e9flexion de la lumi\u00e8re sur la porcelaine \u00e9tant tr\u00e8s proche de celle des dents naturelles, il n'y a pas de sensation d'artificialit\u00e9 dans votre sourire apr\u00e8s l'application. Vos dents sont \u00e0 la fois naturelles et esth\u00e9tiquement plus saines.<\/span><\/p><h2><span style=\"font-weight: 400;\">La porcelaine lamellaire est-elle diff\u00e9rente des autres applications dentaires esth\u00e9tiques ?<\/span><\/h2><p><span style=\"font-weight: 400;\">La porcelaine stratifi\u00e9e est diff\u00e9rente des autres applications en termes d'esth\u00e9tique dentaire car, au cours de ce processus, une fine couche de porcelaine est appliqu\u00e9e uniquement sur la surface frontale de vos dents. D'autres applications peuvent couvrir plus de parties de la dent. La lamelle de porcelaine offre des solutions esth\u00e9tiques permanentes et d'aspect naturel avec une intervention minimale sur les dents. Par rapport \u00e0 d'autres traitements dentaires esth\u00e9tiques, la porcelaine stratifi\u00e9e offre les r\u00e9sultats les moins invasifs et les plus naturels.<\/span><\/p><p>\u00a0<\/p>\t\t\t\t\t\t\t\t<\/div>\n\t\t\t\t<\/div>\n\t\t\t\t\t<\/div>\n\t\t\t\t<\/div>\n\t\t\t\t<\/div>","protected":false},"excerpt":{"rendered":"<p>Ortalama Kal\u0131\u015f S\u00fcresi 7 G\u00fcn Hastanede Yat\u0131\u015f S\u00fcresi 1 G\u00fcn Operasyon S\u00fcresi 2-4 Saat Anestezi T\u00fcr\u00fc Genel Anestezi \u0130yile\u015fme S\u00fcresi<\/p>","protected":false},"author":1,"featured_media":0,"parent":0,"menu_order":0,"comment_status":"closed","ping_status":"closed","template":"","meta":{"footnotes":""},"class_list":["post-27860","page","type-page","status-publish","hentry"],"_links":{"self":[{"href":"https:\/\/westestetik.com\/fr\/wp-json\/wp\/v2\/pages\/27860","targetHints":{"allow":["GET"]}}],"collection":[{"href":"https:\/\/westestetik.com\/fr\/wp-json\/wp\/v2\/pages"}],"about":[{"href":"https:\/\/westestetik.com\/fr\/wp-json\/wp\/v2\/types\/page"}],"author":[{"embeddable":true,"href":"https:\/\/westestetik.com\/fr\/wp-json\/wp\/v2\/users\/1"}],"replies":[{"embeddable":true,"href":"https:\/\/westestetik.com\/fr\/wp-json\/wp\/v2\/comments?post=27860"}],"version-history":[{"count":10,"href":"https:\/\/westestetik.com\/fr\/wp-json\/wp\/v2\/pages\/27860\/revisions"}],"predecessor-version":[{"id":29034,"href":"https:\/\/westestetik.com\/fr\/wp-json\/wp\/v2\/pages\/27860\/revisions\/29034"}],"wp:attachment":[{"href":"https:\/\/westestetik.com\/fr\/wp-json\/wp\/v2\/media?parent=27860"}],"curies":[{"name":"wp","href":"https:\/\/api.w.org\/{rel}","templated":true}]}}