{"id":27856,"date":"2024-12-02T23:26:55","date_gmt":"2024-12-02T23:26:55","guid":{"rendered":"https:\/\/westestetik.com\/?page_id=27856"},"modified":"2024-12-26T15:09:03","modified_gmt":"2024-12-26T15:09:03","slug":"transplantation-de-barbe","status":"publish","type":"page","link":"https:\/\/westestetik.com\/fr\/transplantation-de-barbe\/","title":{"rendered":"Transplantation de Barbe"},"content":{"rendered":"<div data-elementor-type=\"wp-page\" data-elementor-id=\"27856\" class=\"elementor elementor-27856\" data-elementor-post-type=\"page\">\n\t\t\t\t<div class=\"elementor-element elementor-element-754131d6 e-con-full elementor-hidden-mobile e-flex e-con e-parent\" data-id=\"754131d6\" data-element_type=\"container\">\n\t\t<div class=\"elementor-element elementor-element-5d852ab7 e-con-full e-flex e-con e-child\" data-id=\"5d852ab7\" data-element_type=\"container\">\n\t\t\t\t<div class=\"elementor-element elementor-element-1867ebe elementor-widget elementor-widget-image\" data-id=\"1867ebe\" data-element_type=\"widget\" data-widget_type=\"image.default\">\n\t\t\t\t<div class=\"elementor-widget-container\">\n\t\t\t\t\t\t\t\t\t\t\t\t\t\t\t<img decoding=\"async\" width=\"100\" height=\"100\" src=\"https:\/\/westestetik.com\/wp-content\/uploads\/2024\/12\/1-4.png\" class=\"attachment-large size-large wp-image-28814\" alt=\"\" srcset=\"https:\/\/westestetik.com\/wp-content\/uploads\/2024\/12\/1-4.png 100w, https:\/\/westestetik.com\/wp-content\/uploads\/2024\/12\/1-4-12x12.png 12w\" sizes=\"(max-width: 100px) 100vw, 100px\" \/>\t\t\t\t\t\t\t\t\t\t\t\t\t\t\t<\/div>\n\t\t\t\t<\/div>\n\t\t\t\t<\/div>\n\t\t<div class=\"elementor-element elementor-element-7153b588 e-con-full e-flex e-con e-child\" data-id=\"7153b588\" data-element_type=\"container\">\n\t\t\t\t<div class=\"elementor-element elementor-element-73875e16 elementor-widget elementor-widget-image\" data-id=\"73875e16\" data-element_type=\"widget\" data-widget_type=\"image.default\">\n\t\t\t\t<div class=\"elementor-widget-container\">\n\t\t\t\t\t\t\t\t\t\t\t\t\t\t\t<img decoding=\"async\" width=\"100\" height=\"100\" src=\"https:\/\/westestetik.com\/wp-content\/uploads\/2024\/12\/2-5.png\" class=\"attachment-large size-large wp-image-28815\" alt=\"\" srcset=\"https:\/\/westestetik.com\/wp-content\/uploads\/2024\/12\/2-5.png 100w, https:\/\/westestetik.com\/wp-content\/uploads\/2024\/12\/2-5-12x12.png 12w\" sizes=\"(max-width: 100px) 100vw, 100px\" \/>\t\t\t\t\t\t\t\t\t\t\t\t\t\t\t<\/div>\n\t\t\t\t<\/div>\n\t\t\t\t<\/div>\n\t\t<div class=\"elementor-element elementor-element-7c8c251d e-con-full e-flex e-con e-child\" data-id=\"7c8c251d\" data-element_type=\"container\">\n\t\t\t\t<div class=\"elementor-element elementor-element-2ade612b elementor-widget elementor-widget-image\" data-id=\"2ade612b\" data-element_type=\"widget\" data-widget_type=\"image.default\">\n\t\t\t\t<div class=\"elementor-widget-container\">\n\t\t\t\t\t\t\t\t\t\t\t\t\t\t\t<img decoding=\"async\" width=\"100\" height=\"100\" src=\"https:\/\/westestetik.com\/wp-content\/uploads\/2024\/12\/3-1.png\" class=\"attachment-large size-large wp-image-28816\" alt=\"\" srcset=\"https:\/\/westestetik.com\/wp-content\/uploads\/2024\/12\/3-1.png 100w, https:\/\/westestetik.com\/wp-content\/uploads\/2024\/12\/3-1-12x12.png 12w\" sizes=\"(max-width: 100px) 100vw, 100px\" \/>\t\t\t\t\t\t\t\t\t\t\t\t\t\t\t<\/div>\n\t\t\t\t<\/div>\n\t\t\t\t<\/div>\n\t\t<div class=\"elementor-element elementor-element-141fb93e e-con-full e-flex e-con e-child\" data-id=\"141fb93e\" data-element_type=\"container\">\n\t\t\t\t<div class=\"elementor-element elementor-element-3c8a57f elementor-widget elementor-widget-image\" data-id=\"3c8a57f\" data-element_type=\"widget\" data-widget_type=\"image.default\">\n\t\t\t\t<div class=\"elementor-widget-container\">\n\t\t\t\t\t\t\t\t\t\t\t\t\t\t\t<img loading=\"lazy\" decoding=\"async\" width=\"100\" height=\"100\" src=\"https:\/\/westestetik.com\/wp-content\/uploads\/2024\/12\/4-1.png\" class=\"attachment-large size-large wp-image-28817\" alt=\"\" srcset=\"https:\/\/westestetik.com\/wp-content\/uploads\/2024\/12\/4-1.png 100w, https:\/\/westestetik.com\/wp-content\/uploads\/2024\/12\/4-1-12x12.png 12w\" sizes=\"(max-width: 100px) 100vw, 100px\" \/>\t\t\t\t\t\t\t\t\t\t\t\t\t\t\t<\/div>\n\t\t\t\t<\/div>\n\t\t\t\t<\/div>\n\t\t<div class=\"elementor-element elementor-element-5c628e35 e-con-full e-flex e-con e-child\" data-id=\"5c628e35\" data-element_type=\"container\">\n\t\t\t\t<div class=\"elementor-element elementor-element-58d341e7 elementor-widget elementor-widget-image\" data-id=\"58d341e7\" data-element_type=\"widget\" data-widget_type=\"image.default\">\n\t\t\t\t<div class=\"elementor-widget-container\">\n\t\t\t\t\t\t\t\t\t\t\t\t\t\t\t<img loading=\"lazy\" decoding=\"async\" width=\"100\" height=\"100\" src=\"https:\/\/westestetik.com\/wp-content\/uploads\/2024\/12\/5-1.png\" class=\"attachment-large size-large wp-image-28818\" alt=\"\" srcset=\"https:\/\/westestetik.com\/wp-content\/uploads\/2024\/12\/5-1.png 100w, https:\/\/westestetik.com\/wp-content\/uploads\/2024\/12\/5-1-12x12.png 12w\" sizes=\"(max-width: 100px) 100vw, 100px\" \/>\t\t\t\t\t\t\t\t\t\t\t\t\t\t\t<\/div>\n\t\t\t\t<\/div>\n\t\t\t\t<\/div>\n\t\t\t\t<\/div>\n\t\t<div class=\"wd-negative-gap elementor-element elementor-element-12fbd765 elementor-hidden-mobile e-flex e-con-boxed e-con e-parent\" data-id=\"12fbd765\" data-element_type=\"container\">\n\t\t\t\t\t<div class=\"e-con-inner\">\n\t\t<div class=\"elementor-element elementor-element-4144e783 e-con-full e-flex e-con e-child\" data-id=\"4144e783\" data-element_type=\"container\">\n\t\t\t\t<div class=\"elementor-element elementor-element-ef66d43 wd-width-100 elementor-widget elementor-widget-wd_title\" data-id=\"ef66d43\" data-element_type=\"widget\" data-widget_type=\"wd_title.default\">\n\t\t\t\t<div class=\"elementor-widget-container\">\n\t\t\t\t\t\t\t<div class=\"title-wrapper set-mb-s reset-last-child wd-title-color-default wd-title-style-default wd-title-size-default text-center\">\n\n\t\t\t\t\t\t\t<div class=\"title-subtitle subtitle-color-default subtitle-style-default wd-fontsize-xs\">\n\t\t\t\t\tDur\u00e9e moyenne du s\u00e9jour\t\t\t\t<\/div>\n\t\t\t\n\t\t\t<div class=\"liner-continer\">\n\t\t\t\t<p class=\"woodmart-title-container title wd-fontsize-l\">7 jours<\/p> \n\t\t\t\t\t\t\t<\/div>\n\n\t\t\t\t\t<\/div>\n\t\t\t\t\t\t<\/div>\n\t\t\t\t<\/div>\n\t\t\t\t<\/div>\n\t\t<div class=\"elementor-element elementor-element-5be7ad07 e-con-full e-flex e-con e-child\" data-id=\"5be7ad07\" data-element_type=\"container\">\n\t\t\t\t<div class=\"elementor-element elementor-element-7797256b wd-width-100 elementor-widget elementor-widget-wd_title\" data-id=\"7797256b\" data-element_type=\"widget\" data-widget_type=\"wd_title.default\">\n\t\t\t\t<div class=\"elementor-widget-container\">\n\t\t\t\t\t\t\t<div class=\"title-wrapper set-mb-s reset-last-child wd-title-color-default wd-title-style-default wd-title-size-default text-center\">\n\n\t\t\t\t\t\t\t<div class=\"title-subtitle subtitle-color-default subtitle-style-default wd-fontsize-xs\">\n\t\t\t\t\tDur\u00e9e de l'hospitalisation\t\t\t\t<\/div>\n\t\t\t\n\t\t\t<div class=\"liner-continer\">\n\t\t\t\t<p class=\"woodmart-title-container title wd-fontsize-l\">1 jour<\/p> \n\t\t\t\t\t\t\t<\/div>\n\n\t\t\t\t\t<\/div>\n\t\t\t\t\t\t<\/div>\n\t\t\t\t<\/div>\n\t\t\t\t<\/div>\n\t\t<div class=\"elementor-element elementor-element-67a4d29e e-con-full e-flex e-con e-child\" data-id=\"67a4d29e\" data-element_type=\"container\">\n\t\t\t\t<div class=\"elementor-element elementor-element-7199ec50 wd-width-100 elementor-widget elementor-widget-wd_title\" data-id=\"7199ec50\" data-element_type=\"widget\" data-widget_type=\"wd_title.default\">\n\t\t\t\t<div class=\"elementor-widget-container\">\n\t\t\t\t\t\t\t<div class=\"title-wrapper set-mb-s reset-last-child wd-title-color-default wd-title-style-default wd-title-size-default text-center\">\n\n\t\t\t\t\t\t\t<div class=\"title-subtitle subtitle-color-default subtitle-style-default wd-fontsize-xs\">\n\t\t\t\t\tDur\u00e9e de l'op\u00e9ration\t\t\t\t<\/div>\n\t\t\t\n\t\t\t<div class=\"liner-continer\">\n\t\t\t\t<p class=\"woodmart-title-container title wd-fontsize-l\">2-4 heures<\/p> \n\t\t\t\t\t\t\t<\/div>\n\n\t\t\t\t\t<\/div>\n\t\t\t\t\t\t<\/div>\n\t\t\t\t<\/div>\n\t\t\t\t<\/div>\n\t\t<div class=\"elementor-element elementor-element-49a4f9b6 e-con-full e-flex e-con e-child\" data-id=\"49a4f9b6\" data-element_type=\"container\">\n\t\t\t\t<div class=\"elementor-element elementor-element-62f5bfe5 wd-width-100 elementor-widget elementor-widget-wd_title\" data-id=\"62f5bfe5\" data-element_type=\"widget\" data-widget_type=\"wd_title.default\">\n\t\t\t\t<div class=\"elementor-widget-container\">\n\t\t\t\t\t\t\t<div class=\"title-wrapper set-mb-s reset-last-child wd-title-color-default wd-title-style-default wd-title-size-default text-center\">\n\n\t\t\t\t\t\t\t<div class=\"title-subtitle subtitle-color-default subtitle-style-default wd-fontsize-xs\">\n\t\t\t\t\tType d'anesth\u00e9sie\t\t\t\t<\/div>\n\t\t\t\n\t\t\t<div class=\"liner-continer\">\n\t\t\t\t<p class=\"woodmart-title-container title wd-fontsize-l\">Anesth\u00e9sie g\u00e9n\u00e9rale<\/p> \n\t\t\t\t\t\t\t<\/div>\n\n\t\t\t\t\t<\/div>\n\t\t\t\t\t\t<\/div>\n\t\t\t\t<\/div>\n\t\t\t\t<\/div>\n\t\t<div class=\"elementor-element elementor-element-7464e34a e-con-full e-flex e-con e-child\" data-id=\"7464e34a\" data-element_type=\"container\">\n\t\t\t\t<div class=\"elementor-element elementor-element-d2f00f5 wd-width-100 elementor-widget elementor-widget-wd_title\" data-id=\"d2f00f5\" data-element_type=\"widget\" data-widget_type=\"wd_title.default\">\n\t\t\t\t<div class=\"elementor-widget-container\">\n\t\t\t\t\t\t\t<div class=\"title-wrapper set-mb-s reset-last-child wd-title-color-default wd-title-style-default wd-title-size-default text-center\">\n\n\t\t\t\t\t\t\t<div class=\"title-subtitle subtitle-color-default subtitle-style-default wd-fontsize-xs\">\n\t\t\t\t\tD\u00e9lai de r\u00e9cup\u00e9ration\t\t\t\t<\/div>\n\t\t\t\n\t\t\t<div class=\"liner-continer\">\n\t\t\t\t<p class=\"woodmart-title-container title wd-fontsize-l\">1-2 semaines<\/p> \n\t\t\t\t\t\t\t<\/div>\n\n\t\t\t\t\t<\/div>\n\t\t\t\t\t\t<\/div>\n\t\t\t\t<\/div>\n\t\t\t\t<\/div>\n\t\t\t\t\t<\/div>\n\t\t\t\t<\/div>\n\t\t<div class=\"wd-negative-gap elementor-element elementor-element-a7a18d0 e-flex e-con-boxed e-con e-parent\" data-id=\"a7a18d0\" data-element_type=\"container\">\n\t\t\t\t\t<div class=\"e-con-inner\">\n\t\t\t\t<div class=\"elementor-element elementor-element-b92a3c9 color-scheme-inherit text-left elementor-widget elementor-widget-text-editor\" data-id=\"b92a3c9\" data-element_type=\"widget\" data-widget_type=\"text-editor.default\">\n\t\t\t\t<div class=\"elementor-widget-container\">\n\t\t\t\t\t\t\t\t\t<p><span style=\"font-weight: 400;\">La transplantation de barbe est une proc\u00e9dure esth\u00e9tique qui permet d'ajouter des barbes d'apparence naturelle dans des zones o\u00f9 la barbe ne pousse pas ou devient clairsem\u00e9e. Cette proc\u00e9dure constitue une excellente solution pour les hommes qui perdent leur barbe pour diverses raisons telles que des facteurs g\u00e9n\u00e9tiques, l'\u00e2ge, des maladies ou des accidents. La transplantation de barbe offre un design personnalis\u00e9 et des r\u00e9sultats naturels gr\u00e2ce \u00e0 des m\u00e9thodes avanc\u00e9es fournies par la m\u00e9decine moderne. Pour ceux qui souhaitent avoir une apparence de barbe naturelle, la transplantation de barbe est une solution efficace qui augmente la confiance en soi.\u00a0<\/span><\/p><h2><span style=\"font-weight: 400;\">Qu'est-ce que la transplantation de barbe et comment se fait-elle ?<\/span><\/h2><p><span style=\"font-weight: 400;\">La transplantation de barbe est une proc\u00e9dure chirurgicale esth\u00e9tique pratiqu\u00e9e pour clarifier les traits du visage et obtenir une barbe plus fournie et naturelle. La transplantation de barbe, qui est similaire aux m\u00e9thodes de transplantation de cheveux, est g\u00e9n\u00e9ralement r\u00e9alis\u00e9e en transf\u00e9rant des follicules pileux sains pr\u00e9lev\u00e9s dans la r\u00e9gion de la nuque vers la r\u00e9gion de la barbe. Gr\u00e2ce \u00e0 cette proc\u00e9dure, les personnes ayant une barbe clairsem\u00e9e, faible ou inexistante peuvent obtenir une barbe plus pro\u00e9minente et plus dense. La transplantation de barbe est r\u00e9alis\u00e9e sous anesth\u00e9sie locale et est une exp\u00e9rience indolore pour la plupart des gens.<\/span><\/p><h2><span style=\"font-weight: 400;\">Qui sont les bons candidats \u00e0 la transplantation de barbe ?<\/span><\/h2><p><span style=\"font-weight: 400;\">Les candidats appropri\u00e9s pour la transplantation de barbe sont les personnes qui n'ont pas de barbe, qui ont une barbe clairsem\u00e9e ou qui n'ont pas de barbe du tout. En outre, les personnes dont l'\u00e9tat de sant\u00e9 se pr\u00eate \u00e0 la transplantation de barbe peuvent b\u00e9n\u00e9ficier d'un transfert de follicules dans les zones o\u00f9 la barbe ne pousse pas pour des raisons g\u00e9n\u00e9tiques. Le fait que les candidats aient une structure capillaire saine garantit la bonne fixation des follicules pileux \u00e0 transplanter. Les candidats doivent g\u00e9n\u00e9ralement \u00eatre \u00e2g\u00e9s de 25 ans et plus, car cette tranche d'\u00e2ge ne conna\u00eet g\u00e9n\u00e9ralement pas de perte de barbe due \u00e0 des facteurs g\u00e9n\u00e9tiques.<\/span><\/p><h2><span style=\"font-weight: 400;\">Comment se d\u00e9roule le processus de r\u00e9tablissement apr\u00e8s une greffe de barbe ?<\/span><\/h2><p><span style=\"font-weight: 400;\">Le processus de gu\u00e9rison apr\u00e8s une transplantation de barbe est g\u00e9n\u00e9ralement rapide, mais certains points doivent \u00eatre pris en compte. Au cours des deux ou trois premiers jours, un gonflement et une rougeur peuvent \u00eatre observ\u00e9s dans la zone de transplantation de la barbe. Cet \u00e9tat dispara\u00eet en quelques jours. Il peut y avoir une l\u00e9g\u00e8re cro\u00fbte dans la zone de transplantation de la barbe, mais ces cro\u00fbtes tomberont avec le temps et seront remplac\u00e9es par de nouvelles barbes saines. Pendant le processus de gu\u00e9rison, il est tr\u00e8s important de suivre les instructions de soins recommand\u00e9es par le m\u00e9decin. Il est \u00e9galement recommand\u00e9 d'\u00e9viter la lumi\u00e8re directe du soleil pendant une \u00e0 deux semaines apr\u00e8s l'intervention.<\/span><\/p><h2><span style=\"font-weight: 400;\">Prix de la greffe de barbe<\/span><\/h2><p><span style=\"font-weight: 400;\">Les prix des greffes de barbe peuvent varier en fonction de diff\u00e9rents facteurs. En 2024, les prix des greffes de barbe varient en fonction de la technique appliqu\u00e9e, du nombre de follicules pileux \u00e0 transplanter et des tarifs pratiqu\u00e9s par les cliniques. Cependant, comme chaque clinique et chaque chirurgien ont des politiques d'honoraires diff\u00e9rentes, les prix peuvent varier en fonction des besoins et des pr\u00e9f\u00e9rences personnelles. Une consultation d\u00e9taill\u00e9e avant l'intervention permettra d'obtenir des informations claires sur les prix.<\/span><\/p><h2><span style=\"font-weight: 400;\">Quels sont les \u00e9l\u00e9ments \u00e0 prendre en compte avant et apr\u00e8s la transplantation de barbe ?<\/span><\/h2><p><span style=\"font-weight: 400;\">Il y a quelques points importants \u00e0 prendre en compte avant la transplantation de barbe. Tout d'abord, il faut \u00e9viter de fumer, de boire de l'alcool et de prendre des anticoagulants avant l'intervention. En outre, aucun produit cosm\u00e9tique ne doit \u00eatre appliqu\u00e9 sur la zone de transplantation de la barbe et celle-ci ne doit pas \u00eatre ras\u00e9e. Ensuite, il convient de pr\u00eater attention au processus de cicatrisation. La zone de transplantation de la barbe ne doit pas \u00eatre touch\u00e9e directement, ne doit pas \u00eatre ras\u00e9e et ne doit pas \u00eatre lav\u00e9e \u00e0 l'eau extr\u00eamement chaude. Il est important de suivre les instructions de soins recommand\u00e9es par le m\u00e9decin pour un processus de gu\u00e9rison optimal.<\/span><\/p><h2><span style=\"font-weight: 400;\">\u00c0 qui convient la greffe de barbe ?<\/span><\/h2><p><span style=\"font-weight: 400;\">La transplantation de barbe convient particuli\u00e8rement aux hommes qui ne se laissent pas pousser la barbe, qui ont une barbe clairsem\u00e9e ou qui perdent leurs poils. En outre, les personnes qui ne parviennent pas \u00e0 obtenir une couverture compl\u00e8te de leur barbe ou qui ont une ligne de barbe irr\u00e9guli\u00e8re peuvent \u00e9galement pr\u00e9f\u00e9rer une transplantation de barbe. En outre, il est tr\u00e8s important d'\u00eatre psychologiquement pr\u00eat pour une greffe de barbe et d'avoir une structure corporelle saine. En outre, les personnes qui subissent une perte de barbe g\u00e9n\u00e9tique \u00e0 un \u00e2ge plus jeune peuvent \u00e9galement \u00eatre des candidats appropri\u00e9s pour la transplantation de barbe.<\/span><\/p><h2><span style=\"font-weight: 400;\">Quand l'image devient-elle lisse apr\u00e8s la transplantation de barbe ?<\/span><\/h2><p><span style=\"font-weight: 400;\">Apr\u00e8s une transplantation de barbe, l'apparence de la nouvelle barbe commence g\u00e9n\u00e9ralement \u00e0 se manifester dans les 4 \u00e0 6 semaines qui suivent. Au cours des deux premi\u00e8res semaines, les racines nouvellement transplant\u00e9es tombent, mais elles commencent \u00e0 pousser sainement avec le temps. Les r\u00e9sultats id\u00e9aux sont obtenus au bout de 6 \u00e0 12 mois. Il est n\u00e9cessaire d'\u00eatre patient pour voir les r\u00e9sultats complets. Pendant cette p\u00e9riode, le d\u00e9veloppement de la barbe peut \u00eatre soutenu par des habitudes de vie saines et des soins appropri\u00e9s. Comme le processus de gu\u00e9rison varie d'un individu \u00e0 l'autre, il est important de proc\u00e9der \u00e0 des contr\u00f4les r\u00e9guliers.<\/span><\/p><h2><span style=\"font-weight: 400;\">M\u00e9thodes de transplantation de barbe : Quelle est la m\u00e9thode la plus efficace ?<\/span><\/h2><p><span style=\"font-weight: 400;\">Il existe deux m\u00e9thodes principales pour la transplantation de barbe : FUE (Follicular Unit Extraction) et FUT (Follicular Unit Transfer). La m\u00e9thode FUE permet de transplanter les follicules pileux un par un et donne g\u00e9n\u00e9ralement des r\u00e9sultats plus naturels. La m\u00e9thode FUT est une technique qui consiste \u00e0 pr\u00e9lever un plus grand nombre de follicules pileux et qui permet de r\u00e9aliser des greffes sur de grandes surfaces. Les deux m\u00e9thodes donnent de bons r\u00e9sultats, mais le choix de la m\u00e9thode d\u00e9pend des pr\u00e9f\u00e9rences personnelles et des recommandations du m\u00e9decin sp\u00e9cialiste.<\/span><\/p><h2><span style=\"font-weight: 400;\">Erreurs courantes et solutions pour la transplantation de barbe<\/span><\/h2><p><span style=\"font-weight: 400;\">Certaines erreurs courantes dans la transplantation de barbe peuvent rendre difficile l'obtention des r\u00e9sultats souhait\u00e9s. Il s'agit notamment du fait de ne pas pr\u00eater attention au processus de cicatrisation, de ne pas suivre les instructions du m\u00e9decin et de se raser trop t\u00f4t. En outre, les proc\u00e9dures effectu\u00e9es dans des cliniques inappropri\u00e9es peuvent \u00e9galement conduire \u00e0 des r\u00e9sultats infructueux. Pour \u00e9viter ces erreurs, il est important de choisir une clinique fiable et exp\u00e9riment\u00e9e et d'\u00eatre attentif au processus de gu\u00e9rison.<\/span><\/p><h2><span style=\"font-weight: 400;\">Comment obtenir une apparence naturelle avec la transplantation de barbe ?<\/span><\/h2><p><span style=\"font-weight: 400;\">Afin d'obtenir une apparence naturelle avec la transplantation de barbe, l'angle, la direction et la densit\u00e9 des racines \u00e0 transplanter sont importants. Les barbes naturelles doivent \u00eatre plac\u00e9es en harmonie avec les traits du visage. C'est pourquoi les proc\u00e9dures de transplantation de barbe r\u00e9alis\u00e9es par un sp\u00e9cialiste exp\u00e9riment\u00e9 donnent des r\u00e9sultats plus naturels et plus esth\u00e9tiques. En outre, une ligne de barbe personnalis\u00e9e cr\u00e9e une apparence plus naturelle.<\/span><\/p><p><br \/><br \/><\/p>\t\t\t\t\t\t\t\t<\/div>\n\t\t\t\t<\/div>\n\t\t\t\t\t<\/div>\n\t\t\t\t<\/div>\n\t\t\t\t<\/div>","protected":false},"excerpt":{"rendered":"<p>Ortalama Kal\u0131\u015f S\u00fcresi 7 G\u00fcn Hastanede Yat\u0131\u015f S\u00fcresi 1 G\u00fcn Operasyon S\u00fcresi 2-4 Saat Anestezi T\u00fcr\u00fc Genel Anestezi \u0130yile\u015fme S\u00fcresi<\/p>","protected":false},"author":1,"featured_media":0,"parent":0,"menu_order":0,"comment_status":"closed","ping_status":"closed","template":"","meta":{"footnotes":""},"class_list":["post-27856","page","type-page","status-publish","hentry"],"_links":{"self":[{"href":"https:\/\/westestetik.com\/fr\/wp-json\/wp\/v2\/pages\/27856","targetHints":{"allow":["GET"]}}],"collection":[{"href":"https:\/\/westestetik.com\/fr\/wp-json\/wp\/v2\/pages"}],"about":[{"href":"https:\/\/westestetik.com\/fr\/wp-json\/wp\/v2\/types\/page"}],"author":[{"embeddable":true,"href":"https:\/\/westestetik.com\/fr\/wp-json\/wp\/v2\/users\/1"}],"replies":[{"embeddable":true,"href":"https:\/\/westestetik.com\/fr\/wp-json\/wp\/v2\/comments?post=27856"}],"version-history":[{"count":10,"href":"https:\/\/westestetik.com\/fr\/wp-json\/wp\/v2\/pages\/27856\/revisions"}],"predecessor-version":[{"id":29040,"href":"https:\/\/westestetik.com\/fr\/wp-json\/wp\/v2\/pages\/27856\/revisions\/29040"}],"wp:attachment":[{"href":"https:\/\/westestetik.com\/fr\/wp-json\/wp\/v2\/media?parent=27856"}],"curies":[{"name":"wp","href":"https:\/\/api.w.org\/{rel}","templated":true}]}}