{"id":27851,"date":"2024-12-02T23:26:14","date_gmt":"2024-12-02T23:26:14","guid":{"rendered":"https:\/\/westestetik.com\/?page_id=27851"},"modified":"2024-12-25T13:40:30","modified_gmt":"2024-12-25T13:40:30","slug":"greffe-de-cheveux-dhi","status":"publish","type":"page","link":"https:\/\/westestetik.com\/fr\/greffe-de-cheveux-dhi\/","title":{"rendered":"Greffe de Cheveux DHI"},"content":{"rendered":"<div data-elementor-type=\"wp-page\" data-elementor-id=\"27851\" class=\"elementor elementor-27851\" data-elementor-post-type=\"page\">\n\t\t\t\t<div class=\"elementor-element elementor-element-548d1348 e-con-full e-flex e-con e-parent\" data-id=\"548d1348\" data-element_type=\"container\">\n\t\t<div class=\"elementor-element elementor-element-48058ee0 e-con-full e-flex e-con e-child\" data-id=\"48058ee0\" data-element_type=\"container\">\n\t\t\t\t<div class=\"elementor-element elementor-element-560e8ad7 elementor-widget elementor-widget-image\" data-id=\"560e8ad7\" data-element_type=\"widget\" data-widget_type=\"image.default\">\n\t\t\t\t<div class=\"elementor-widget-container\">\n\t\t\t\t\t\t\t\t\t\t\t\t\t\t\t<img decoding=\"async\" width=\"100\" height=\"100\" src=\"https:\/\/westestetik.com\/wp-content\/uploads\/2024\/12\/1-4.png\" class=\"attachment-large size-large wp-image-28814\" alt=\"\" srcset=\"https:\/\/westestetik.com\/wp-content\/uploads\/2024\/12\/1-4.png 100w, https:\/\/westestetik.com\/wp-content\/uploads\/2024\/12\/1-4-12x12.png 12w\" sizes=\"(max-width: 100px) 100vw, 100px\" \/>\t\t\t\t\t\t\t\t\t\t\t\t\t\t\t<\/div>\n\t\t\t\t<\/div>\n\t\t\t\t<\/div>\n\t\t<div class=\"elementor-element elementor-element-40862e48 e-con-full e-flex e-con e-child\" data-id=\"40862e48\" data-element_type=\"container\">\n\t\t\t\t<div class=\"elementor-element elementor-element-392c3ddc elementor-widget elementor-widget-image\" data-id=\"392c3ddc\" data-element_type=\"widget\" data-widget_type=\"image.default\">\n\t\t\t\t<div class=\"elementor-widget-container\">\n\t\t\t\t\t\t\t\t\t\t\t\t\t\t\t<img decoding=\"async\" width=\"100\" height=\"100\" src=\"https:\/\/westestetik.com\/wp-content\/uploads\/2024\/12\/2-5.png\" class=\"attachment-large size-large wp-image-28815\" alt=\"\" srcset=\"https:\/\/westestetik.com\/wp-content\/uploads\/2024\/12\/2-5.png 100w, https:\/\/westestetik.com\/wp-content\/uploads\/2024\/12\/2-5-12x12.png 12w\" sizes=\"(max-width: 100px) 100vw, 100px\" \/>\t\t\t\t\t\t\t\t\t\t\t\t\t\t\t<\/div>\n\t\t\t\t<\/div>\n\t\t\t\t<\/div>\n\t\t<div class=\"elementor-element elementor-element-344f30eb e-con-full e-flex e-con e-child\" data-id=\"344f30eb\" data-element_type=\"container\">\n\t\t\t\t<div class=\"elementor-element elementor-element-1f0e286a elementor-widget elementor-widget-image\" data-id=\"1f0e286a\" data-element_type=\"widget\" data-widget_type=\"image.default\">\n\t\t\t\t<div class=\"elementor-widget-container\">\n\t\t\t\t\t\t\t\t\t\t\t\t\t\t\t<img decoding=\"async\" width=\"100\" height=\"100\" src=\"https:\/\/westestetik.com\/wp-content\/uploads\/2024\/12\/3-1.png\" class=\"attachment-large size-large wp-image-28816\" alt=\"\" srcset=\"https:\/\/westestetik.com\/wp-content\/uploads\/2024\/12\/3-1.png 100w, https:\/\/westestetik.com\/wp-content\/uploads\/2024\/12\/3-1-12x12.png 12w\" sizes=\"(max-width: 100px) 100vw, 100px\" \/>\t\t\t\t\t\t\t\t\t\t\t\t\t\t\t<\/div>\n\t\t\t\t<\/div>\n\t\t\t\t<\/div>\n\t\t<div class=\"elementor-element elementor-element-3aec2711 e-con-full e-flex e-con e-child\" data-id=\"3aec2711\" data-element_type=\"container\">\n\t\t\t\t<div class=\"elementor-element elementor-element-ea17fc7 elementor-widget elementor-widget-image\" data-id=\"ea17fc7\" data-element_type=\"widget\" data-widget_type=\"image.default\">\n\t\t\t\t<div class=\"elementor-widget-container\">\n\t\t\t\t\t\t\t\t\t\t\t\t\t\t\t<img loading=\"lazy\" decoding=\"async\" width=\"100\" height=\"100\" src=\"https:\/\/westestetik.com\/wp-content\/uploads\/2024\/12\/4-1.png\" class=\"attachment-large size-large wp-image-28817\" alt=\"\" srcset=\"https:\/\/westestetik.com\/wp-content\/uploads\/2024\/12\/4-1.png 100w, https:\/\/westestetik.com\/wp-content\/uploads\/2024\/12\/4-1-12x12.png 12w\" sizes=\"(max-width: 100px) 100vw, 100px\" \/>\t\t\t\t\t\t\t\t\t\t\t\t\t\t\t<\/div>\n\t\t\t\t<\/div>\n\t\t\t\t<\/div>\n\t\t<div class=\"elementor-element elementor-element-36da16be e-con-full e-flex e-con e-child\" data-id=\"36da16be\" data-element_type=\"container\">\n\t\t\t\t<div class=\"elementor-element elementor-element-11d8187c elementor-widget elementor-widget-image\" data-id=\"11d8187c\" data-element_type=\"widget\" data-widget_type=\"image.default\">\n\t\t\t\t<div class=\"elementor-widget-container\">\n\t\t\t\t\t\t\t\t\t\t\t\t\t\t\t<img loading=\"lazy\" decoding=\"async\" width=\"100\" height=\"100\" src=\"https:\/\/westestetik.com\/wp-content\/uploads\/2024\/12\/5-1.png\" class=\"attachment-large size-large wp-image-28818\" alt=\"\" srcset=\"https:\/\/westestetik.com\/wp-content\/uploads\/2024\/12\/5-1.png 100w, https:\/\/westestetik.com\/wp-content\/uploads\/2024\/12\/5-1-12x12.png 12w\" sizes=\"(max-width: 100px) 100vw, 100px\" \/>\t\t\t\t\t\t\t\t\t\t\t\t\t\t\t<\/div>\n\t\t\t\t<\/div>\n\t\t\t\t<\/div>\n\t\t\t\t<\/div>\n\t\t<div class=\"wd-negative-gap elementor-element elementor-element-6df8e687 e-flex e-con-boxed e-con e-parent\" data-id=\"6df8e687\" data-element_type=\"container\">\n\t\t\t\t\t<div class=\"e-con-inner\">\n\t\t<div class=\"elementor-element elementor-element-18d76d95 e-con-full e-flex e-con e-child\" data-id=\"18d76d95\" data-element_type=\"container\">\n\t\t\t\t<div class=\"elementor-element elementor-element-60386242 wd-width-100 elementor-widget elementor-widget-wd_title\" data-id=\"60386242\" data-element_type=\"widget\" data-widget_type=\"wd_title.default\">\n\t\t\t\t<div class=\"elementor-widget-container\">\n\t\t\t\t\t\t\t<div class=\"title-wrapper set-mb-s reset-last-child wd-title-color-default wd-title-style-default wd-title-size-default text-center\">\n\n\t\t\t\t\t\t\t<div class=\"title-subtitle subtitle-color-default subtitle-style-default wd-fontsize-xs\">\n\t\t\t\t\tDur\u00e9e moyenne du s\u00e9jour\t\t\t\t<\/div>\n\t\t\t\n\t\t\t<div class=\"liner-continer\">\n\t\t\t\t<p class=\"woodmart-title-container title wd-fontsize-l\">7 jours<\/p> \n\t\t\t\t\t\t\t<\/div>\n\n\t\t\t\t\t<\/div>\n\t\t\t\t\t\t<\/div>\n\t\t\t\t<\/div>\n\t\t\t\t<\/div>\n\t\t<div class=\"elementor-element elementor-element-1a2bf9fb e-con-full e-flex e-con e-child\" data-id=\"1a2bf9fb\" data-element_type=\"container\">\n\t\t\t\t<div class=\"elementor-element elementor-element-b93a9e8 wd-width-100 elementor-widget elementor-widget-wd_title\" data-id=\"b93a9e8\" data-element_type=\"widget\" data-widget_type=\"wd_title.default\">\n\t\t\t\t<div class=\"elementor-widget-container\">\n\t\t\t\t\t\t\t<div class=\"title-wrapper set-mb-s reset-last-child wd-title-color-default wd-title-style-default wd-title-size-default text-center\">\n\n\t\t\t\t\t\t\t<div class=\"title-subtitle subtitle-color-default subtitle-style-default wd-fontsize-xs\">\n\t\t\t\t\tDur\u00e9e de l'hospitalisation\t\t\t\t<\/div>\n\t\t\t\n\t\t\t<div class=\"liner-continer\">\n\t\t\t\t<p class=\"woodmart-title-container title wd-fontsize-l\">1 jour<\/p> \n\t\t\t\t\t\t\t<\/div>\n\n\t\t\t\t\t<\/div>\n\t\t\t\t\t\t<\/div>\n\t\t\t\t<\/div>\n\t\t\t\t<\/div>\n\t\t<div class=\"elementor-element elementor-element-2a6ba6 e-con-full e-flex e-con e-child\" data-id=\"2a6ba6\" data-element_type=\"container\">\n\t\t\t\t<div class=\"elementor-element elementor-element-d3ebd2f wd-width-100 elementor-widget elementor-widget-wd_title\" data-id=\"d3ebd2f\" data-element_type=\"widget\" data-widget_type=\"wd_title.default\">\n\t\t\t\t<div class=\"elementor-widget-container\">\n\t\t\t\t\t\t\t<div class=\"title-wrapper set-mb-s reset-last-child wd-title-color-default wd-title-style-default wd-title-size-default text-center\">\n\n\t\t\t\t\t\t\t<div class=\"title-subtitle subtitle-color-default subtitle-style-default wd-fontsize-xs\">\n\t\t\t\t\tDur\u00e9e de l'op\u00e9ration\t\t\t\t<\/div>\n\t\t\t\n\t\t\t<div class=\"liner-continer\">\n\t\t\t\t<p class=\"woodmart-title-container title wd-fontsize-l\">2-4 heures<\/p> \n\t\t\t\t\t\t\t<\/div>\n\n\t\t\t\t\t<\/div>\n\t\t\t\t\t\t<\/div>\n\t\t\t\t<\/div>\n\t\t\t\t<\/div>\n\t\t<div class=\"elementor-element elementor-element-25cc95ac e-con-full e-flex e-con e-child\" data-id=\"25cc95ac\" data-element_type=\"container\">\n\t\t\t\t<div class=\"elementor-element elementor-element-4b1300c9 wd-width-100 elementor-widget elementor-widget-wd_title\" data-id=\"4b1300c9\" data-element_type=\"widget\" data-widget_type=\"wd_title.default\">\n\t\t\t\t<div class=\"elementor-widget-container\">\n\t\t\t\t\t\t\t<div class=\"title-wrapper set-mb-s reset-last-child wd-title-color-default wd-title-style-default wd-title-size-default text-center\">\n\n\t\t\t\t\t\t\t<div class=\"title-subtitle subtitle-color-default subtitle-style-default wd-fontsize-xs\">\n\t\t\t\t\tType d'anesth\u00e9sie\t\t\t\t<\/div>\n\t\t\t\n\t\t\t<div class=\"liner-continer\">\n\t\t\t\t<p class=\"woodmart-title-container title wd-fontsize-l\">Anesth\u00e9sie g\u00e9n\u00e9rale<\/p> \n\t\t\t\t\t\t\t<\/div>\n\n\t\t\t\t\t<\/div>\n\t\t\t\t\t\t<\/div>\n\t\t\t\t<\/div>\n\t\t\t\t<\/div>\n\t\t<div class=\"elementor-element elementor-element-273eeb67 e-con-full e-flex e-con e-child\" data-id=\"273eeb67\" data-element_type=\"container\">\n\t\t\t\t<div class=\"elementor-element elementor-element-b723424 wd-width-100 elementor-widget elementor-widget-wd_title\" data-id=\"b723424\" data-element_type=\"widget\" data-widget_type=\"wd_title.default\">\n\t\t\t\t<div class=\"elementor-widget-container\">\n\t\t\t\t\t\t\t<div class=\"title-wrapper set-mb-s reset-last-child wd-title-color-default wd-title-style-default wd-title-size-default text-center\">\n\n\t\t\t\t\t\t\t<div class=\"title-subtitle subtitle-color-default subtitle-style-default wd-fontsize-xs\">\n\t\t\t\t\tD\u00e9lai de r\u00e9cup\u00e9ration\t\t\t\t<\/div>\n\t\t\t\n\t\t\t<div class=\"liner-continer\">\n\t\t\t\t<p class=\"woodmart-title-container title wd-fontsize-l\">1-2 semaines<\/p> \n\t\t\t\t\t\t\t<\/div>\n\n\t\t\t\t\t<\/div>\n\t\t\t\t\t\t<\/div>\n\t\t\t\t<\/div>\n\t\t\t\t<\/div>\n\t\t\t\t\t<\/div>\n\t\t\t\t<\/div>\n\t\t<div class=\"wd-negative-gap elementor-element elementor-element-652bf42 e-flex e-con-boxed e-con e-parent\" data-id=\"652bf42\" data-element_type=\"container\">\n\t\t\t\t\t<div class=\"e-con-inner\">\n\t\t\t\t<div class=\"elementor-element elementor-element-4b7152b color-scheme-inherit text-left elementor-widget elementor-widget-text-editor\" data-id=\"4b7152b\" data-element_type=\"widget\" data-widget_type=\"text-editor.default\">\n\t\t\t\t<div class=\"elementor-widget-container\">\n\t\t\t\t\t\t\t\t\t<p><span style=\"font-weight: 400;\">La greffe de cheveux DHI est devenue, ces derni\u00e8res ann\u00e9es, l'une des m\u00e9thodes les plus efficaces pour les personnes souffrant de perte de cheveux. Cette m\u00e9thode est une technique de transplantation capillaire r\u00e9alis\u00e9e par implantation directe de follicules pileux et se distingue par son processus de gu\u00e9rison rapide et ses r\u00e9sultats naturels. La m\u00e9thode DHI (Direct Hair Implantation) attire l'attention par ses taux de r\u00e9ussite \u00e9lev\u00e9s et son intervention peu invasive en mati\u00e8re de transplantation capillaire.<\/span><\/p><h2><span style=\"font-weight: 400;\">Qu'est-ce que la greffe de cheveux DHI et comment est-elle pratiqu\u00e9e ?<\/span><\/h2><p><span style=\"font-weight: 400;\">La greffe de cheveux DHI est une m\u00e9thode de greffe de cheveux tr\u00e8s populaire aupr\u00e8s des personnes qui ont rencontr\u00e9 des probl\u00e8mes de perte de cheveux ces derni\u00e8res ann\u00e9es. La m\u00e9thode DHI (Direct Hair Implantation) consiste \u00e0 placer des follicules pileux directement dans la zone touch\u00e9e par la perte de cheveux. Dans ce processus, les follicules pileux sont pr\u00e9lev\u00e9s un par un \u00e0 l'aide d'un micromoteur et plac\u00e9s directement dans la zone \u00e0 transplanter \u00e0 l'aide d'un stylo sp\u00e9cial (stylo Choi). Bien que cette technique soit similaire \u00e0 la m\u00e9thode FUE (Follicular Unit Extraction), la transplantation capillaire DHI offre moins d'incisions et un temps de r\u00e9cup\u00e9ration plus rapide.<\/span><\/p><h2><span style=\"font-weight: 400;\">Diff\u00e9rences entre la greffe de cheveux DHI et la m\u00e9thode FUE<\/span><\/h2><p><span style=\"font-weight: 400;\">Il existe des diff\u00e9rences significatives entre la greffe de cheveux DHI et la m\u00e9thode FUE. Les deux m\u00e9thodes consistent \u00e0 pr\u00e9lever des follicules pileux et \u00e0 les transplanter un par un, mais la m\u00e9thode DHI offre une proc\u00e9dure moins invasive gr\u00e2ce \u00e0 la pose directe des follicules pileux \u00e0 l'aide d'un stylo. Dans la m\u00e9thode FUE, apr\u00e8s le pr\u00e9l\u00e8vement des follicules pileux, de petites incisions sont pratiqu\u00e9es dans la zone \u00e0 transplanter. Avec la m\u00e9thode DHI, le processus de gu\u00e9rison est plus rapide et plus confortable car les follicules pileux sont plac\u00e9s sans incision au lieu d'\u00eatre transplant\u00e9s directement.<\/span><\/p><h2><span style=\"font-weight: 400;\">\u00c0 qui convient la greffe de cheveux DHI ?<\/span><\/h2><p><span style=\"font-weight: 400;\">La greffe de cheveux DHI convient g\u00e9n\u00e9ralement aux personnes qui perdent leurs cheveux et qui disposent de suffisamment de follicules pileux. La m\u00e9thode DHI peut \u00eatre appliqu\u00e9e avec succ\u00e8s \u00e0 des personnes se trouvant \u00e0 diff\u00e9rents stades de la perte de cheveux. C'est une option id\u00e9ale, en particulier pour les personnes qui subissent une perte de cheveux \u00e0 la racine, un amincissement dans la zone de la couronne et qui souhaitent retrouver leurs cheveux naturels d'antan. En outre, cette m\u00e9thode se distingue par une cicatrisation moins importante et une gu\u00e9rison rapide.<\/span><\/p><h2><span style=\"font-weight: 400;\">Combien de temps dure une greffe de cheveux DHI ?<\/span><\/h2><p><span style=\"font-weight: 400;\">La proc\u00e9dure de greffe de cheveux DHI dure g\u00e9n\u00e9ralement entre 6 et 8 heures, en fonction de l'ampleur de la perte de cheveux et du nombre de follicules pileux \u00e0 transplanter. Gr\u00e2ce \u00e0 une proc\u00e9dure bien planifi\u00e9e, les patients peuvent rentrer chez eux le jour m\u00eame. Pendant ce temps, les follicules pileux sont soigneusement pr\u00e9lev\u00e9s par l'\u00e9quipe d'experts et plac\u00e9s dans la zone de perte de cheveux.<\/span><\/p><h2><span style=\"font-weight: 400;\">Processus de r\u00e9cup\u00e9ration apr\u00e8s une greffe de cheveux DHI<\/span><\/h2><p><span style=\"font-weight: 400;\">Le processus de r\u00e9cup\u00e9ration apr\u00e8s une greffe de cheveux DHI est assez rapide. La plupart des personnes peuvent reprendre leur vie normale d\u00e8s le lendemain de l'intervention. Il peut y avoir une l\u00e9g\u00e8re rougeur dans les zones de transplantation de cheveux, mais elle dispara\u00eet g\u00e9n\u00e9ralement en quelques jours. Au cours de la premi\u00e8re semaine, la mise en place des follicules pileux est termin\u00e9e et la personne commence \u00e0 retrouver ses anciens cheveux sains en quelques semaines. Toutefois, il faut parfois attendre 6 \u00e0 12 mois avant de voir les r\u00e9sultats complets.<\/span><\/p><h2><span style=\"font-weight: 400;\">Quels sont les prix des greffes de cheveux DHI ?<\/span><\/h2><p><span style=\"font-weight: 400;\">Les prix de la greffe de cheveux DHI peuvent varier en fonction des besoins de la personne. La taille de la zone \u00e0 transplanter et le nombre de follicules pileux requis sont les principaux facteurs qui influencent le prix. En g\u00e9n\u00e9ral, les prix de la greffe de cheveux DHI peuvent \u00eatre l\u00e9g\u00e8rement plus \u00e9lev\u00e9s que ceux de la m\u00e9thode FUE, car la proc\u00e9dure est effectu\u00e9e de mani\u00e8re plus fine et plus pr\u00e9cise. Cependant, compte tenu des r\u00e9sultats permanents et du processus de r\u00e9cup\u00e9ration rapide, les prix de la greffe de cheveux DHI peuvent \u00eatre consid\u00e9r\u00e9s comme un investissement tr\u00e8s pr\u00e9cieux.<\/span><\/p><h2><span style=\"font-weight: 400;\">Quand les r\u00e9sultats de la greffe de cheveux DHI seront-ils visibles ?<\/span><\/h2><p><span style=\"font-weight: 400;\">Apr\u00e8s une greffe de cheveux DHI, les cheveux de la zone transplant\u00e9e peuvent tomber au cours des premi\u00e8res semaines. Cette chute fait partie du processus normal de gu\u00e9rison. Les cheveux commencent \u00e0 repousser environ 3-4 mois apr\u00e8s la transplantation et les r\u00e9sultats d\u00e9finitifs sont obtenus entre 6-12 mois. La greffe de cheveux avec la m\u00e9thode DHI permet d'avoir une chevelure naturelle et dense.<\/span><\/p><h2><span style=\"font-weight: 400;\">\u00c0 quel groupe d'\u00e2ge la greffe de cheveux DHI convient-elle ?<\/span><\/h2><p><span style=\"font-weight: 400;\">La greffe de cheveux DHI peut g\u00e9n\u00e9ralement s'appliquer aux personnes \u00e2g\u00e9es de plus de 18 ans. Les personnes qui subissent une perte de cheveux \u00e0 un jeune \u00e2ge peuvent obtenir des solutions permanentes si elles sont trait\u00e9es t\u00f4t. Toutefois, si la perte de cheveux se poursuit avec l'\u00e2ge, la m\u00e9thode DHI peut \u00eatre appliqu\u00e9e efficacement \u00e0 n'importe quel groupe d'\u00e2ge. L'important est de s'assurer que la structure capillaire et la sant\u00e9 de la personne sont suffisantes.<\/span><\/p><h2><span style=\"font-weight: 400;\">Obtenez un changement permanent de vos cheveux gr\u00e2ce \u00e0 la greffe de cheveux DHI<\/span><\/h2><p><span style=\"font-weight: 400;\">La greffe de cheveux DHI vous permet d'obtenir des r\u00e9sultats permanents et naturels. Apr\u00e8s l'intervention, les cheveux transplant\u00e9s poussent comme des cheveux normaux et ne tombent pas. Vous pouvez retrouver une apparence plus jeune et plus vivante avec des cheveux sains d'apparence naturelle. La m\u00e9thode DHI est une excellente solution pour ceux qui veulent se d\u00e9barrasser de la perte de cheveux et obtenir une apparence plus esth\u00e9tique.<\/span><\/p><p>\u00a0<\/p>\t\t\t\t\t\t\t\t<\/div>\n\t\t\t\t<\/div>\n\t\t\t\t\t<\/div>\n\t\t\t\t<\/div>\n\t\t\t\t<\/div>","protected":false},"excerpt":{"rendered":"<p>Ortalama Kal\u0131\u015f S\u00fcresi 7 G\u00fcn Hastanede Yat\u0131\u015f S\u00fcresi 1 G\u00fcn Operasyon S\u00fcresi 2-4 Saat Anestezi T\u00fcr\u00fc Genel Anestezi \u0130yile\u015fme S\u00fcresi<\/p>","protected":false},"author":1,"featured_media":0,"parent":0,"menu_order":0,"comment_status":"closed","ping_status":"closed","template":"","meta":{"footnotes":""},"class_list":["post-27851","page","type-page","status-publish","hentry"],"_links":{"self":[{"href":"https:\/\/westestetik.com\/fr\/wp-json\/wp\/v2\/pages\/27851","targetHints":{"allow":["GET"]}}],"collection":[{"href":"https:\/\/westestetik.com\/fr\/wp-json\/wp\/v2\/pages"}],"about":[{"href":"https:\/\/westestetik.com\/fr\/wp-json\/wp\/v2\/types\/page"}],"author":[{"embeddable":true,"href":"https:\/\/westestetik.com\/fr\/wp-json\/wp\/v2\/users\/1"}],"replies":[{"embeddable":true,"href":"https:\/\/westestetik.com\/fr\/wp-json\/wp\/v2\/comments?post=27851"}],"version-history":[{"count":10,"href":"https:\/\/westestetik.com\/fr\/wp-json\/wp\/v2\/pages\/27851\/revisions"}],"predecessor-version":[{"id":28906,"href":"https:\/\/westestetik.com\/fr\/wp-json\/wp\/v2\/pages\/27851\/revisions\/28906"}],"wp:attachment":[{"href":"https:\/\/westestetik.com\/fr\/wp-json\/wp\/v2\/media?parent=27851"}],"curies":[{"name":"wp","href":"https:\/\/api.w.org\/{rel}","templated":true}]}}