{"id":27849,"date":"2024-12-02T23:25:40","date_gmt":"2024-12-02T23:25:40","guid":{"rendered":"https:\/\/westestetik.com\/?page_id=27849"},"modified":"2024-12-25T13:38:20","modified_gmt":"2024-12-25T13:38:20","slug":"greffe-de-cheveux-fue","status":"publish","type":"page","link":"https:\/\/westestetik.com\/fr\/greffe-de-cheveux-fue\/","title":{"rendered":"Greffe de Cheveux FUE"},"content":{"rendered":"<div data-elementor-type=\"wp-page\" data-elementor-id=\"27849\" class=\"elementor elementor-27849\" data-elementor-post-type=\"page\">\n\t\t\t\t<div class=\"elementor-element elementor-element-5a71c301 e-con-full e-flex e-con e-parent\" data-id=\"5a71c301\" data-element_type=\"container\">\n\t\t<div class=\"elementor-element elementor-element-36864a91 e-con-full e-flex e-con e-child\" data-id=\"36864a91\" data-element_type=\"container\">\n\t\t\t\t<div class=\"elementor-element elementor-element-eab71e4 elementor-widget elementor-widget-image\" data-id=\"eab71e4\" data-element_type=\"widget\" data-widget_type=\"image.default\">\n\t\t\t\t<div class=\"elementor-widget-container\">\n\t\t\t\t\t\t\t\t\t\t\t\t\t\t\t<img decoding=\"async\" width=\"100\" height=\"100\" src=\"https:\/\/westestetik.com\/wp-content\/uploads\/2024\/12\/1-4.png\" class=\"attachment-large size-large wp-image-28814\" alt=\"\" srcset=\"https:\/\/westestetik.com\/wp-content\/uploads\/2024\/12\/1-4.png 100w, https:\/\/westestetik.com\/wp-content\/uploads\/2024\/12\/1-4-12x12.png 12w\" sizes=\"(max-width: 100px) 100vw, 100px\" \/>\t\t\t\t\t\t\t\t\t\t\t\t\t\t\t<\/div>\n\t\t\t\t<\/div>\n\t\t\t\t<\/div>\n\t\t<div class=\"elementor-element elementor-element-e7bb75c e-con-full e-flex e-con e-child\" data-id=\"e7bb75c\" data-element_type=\"container\">\n\t\t\t\t<div class=\"elementor-element elementor-element-442f5f7b elementor-widget elementor-widget-image\" data-id=\"442f5f7b\" data-element_type=\"widget\" data-widget_type=\"image.default\">\n\t\t\t\t<div class=\"elementor-widget-container\">\n\t\t\t\t\t\t\t\t\t\t\t\t\t\t\t<img decoding=\"async\" width=\"100\" height=\"100\" src=\"https:\/\/westestetik.com\/wp-content\/uploads\/2024\/12\/2-5.png\" class=\"attachment-large size-large wp-image-28815\" alt=\"\" srcset=\"https:\/\/westestetik.com\/wp-content\/uploads\/2024\/12\/2-5.png 100w, https:\/\/westestetik.com\/wp-content\/uploads\/2024\/12\/2-5-12x12.png 12w\" sizes=\"(max-width: 100px) 100vw, 100px\" \/>\t\t\t\t\t\t\t\t\t\t\t\t\t\t\t<\/div>\n\t\t\t\t<\/div>\n\t\t\t\t<\/div>\n\t\t<div class=\"elementor-element elementor-element-e54ad15 e-con-full e-flex e-con e-child\" data-id=\"e54ad15\" data-element_type=\"container\">\n\t\t\t\t<div class=\"elementor-element elementor-element-637aa5aa elementor-widget elementor-widget-image\" data-id=\"637aa5aa\" data-element_type=\"widget\" data-widget_type=\"image.default\">\n\t\t\t\t<div class=\"elementor-widget-container\">\n\t\t\t\t\t\t\t\t\t\t\t\t\t\t\t<img decoding=\"async\" width=\"100\" height=\"100\" src=\"https:\/\/westestetik.com\/wp-content\/uploads\/2024\/12\/3-1.png\" class=\"attachment-large size-large wp-image-28816\" alt=\"\" srcset=\"https:\/\/westestetik.com\/wp-content\/uploads\/2024\/12\/3-1.png 100w, https:\/\/westestetik.com\/wp-content\/uploads\/2024\/12\/3-1-12x12.png 12w\" sizes=\"(max-width: 100px) 100vw, 100px\" \/>\t\t\t\t\t\t\t\t\t\t\t\t\t\t\t<\/div>\n\t\t\t\t<\/div>\n\t\t\t\t<\/div>\n\t\t<div class=\"elementor-element elementor-element-3a652897 e-con-full e-flex e-con e-child\" data-id=\"3a652897\" data-element_type=\"container\">\n\t\t\t\t<div class=\"elementor-element elementor-element-27a9547b elementor-widget elementor-widget-image\" data-id=\"27a9547b\" data-element_type=\"widget\" data-widget_type=\"image.default\">\n\t\t\t\t<div class=\"elementor-widget-container\">\n\t\t\t\t\t\t\t\t\t\t\t\t\t\t\t<img loading=\"lazy\" decoding=\"async\" width=\"100\" height=\"100\" src=\"https:\/\/westestetik.com\/wp-content\/uploads\/2024\/12\/4-1.png\" class=\"attachment-large size-large wp-image-28817\" alt=\"\" srcset=\"https:\/\/westestetik.com\/wp-content\/uploads\/2024\/12\/4-1.png 100w, https:\/\/westestetik.com\/wp-content\/uploads\/2024\/12\/4-1-12x12.png 12w\" sizes=\"(max-width: 100px) 100vw, 100px\" \/>\t\t\t\t\t\t\t\t\t\t\t\t\t\t\t<\/div>\n\t\t\t\t<\/div>\n\t\t\t\t<\/div>\n\t\t<div class=\"elementor-element elementor-element-71c62190 e-con-full e-flex e-con e-child\" data-id=\"71c62190\" data-element_type=\"container\">\n\t\t\t\t<div class=\"elementor-element elementor-element-522a4cc8 elementor-widget elementor-widget-image\" data-id=\"522a4cc8\" data-element_type=\"widget\" data-widget_type=\"image.default\">\n\t\t\t\t<div class=\"elementor-widget-container\">\n\t\t\t\t\t\t\t\t\t\t\t\t\t\t\t<img loading=\"lazy\" decoding=\"async\" width=\"100\" height=\"100\" src=\"https:\/\/westestetik.com\/wp-content\/uploads\/2024\/12\/5-1.png\" class=\"attachment-large size-large wp-image-28818\" alt=\"\" srcset=\"https:\/\/westestetik.com\/wp-content\/uploads\/2024\/12\/5-1.png 100w, https:\/\/westestetik.com\/wp-content\/uploads\/2024\/12\/5-1-12x12.png 12w\" sizes=\"(max-width: 100px) 100vw, 100px\" \/>\t\t\t\t\t\t\t\t\t\t\t\t\t\t\t<\/div>\n\t\t\t\t<\/div>\n\t\t\t\t<\/div>\n\t\t\t\t<\/div>\n\t\t<div class=\"wd-negative-gap elementor-element elementor-element-242d7160 e-flex e-con-boxed e-con e-parent\" data-id=\"242d7160\" data-element_type=\"container\">\n\t\t\t\t\t<div class=\"e-con-inner\">\n\t\t<div class=\"elementor-element elementor-element-5dac31b3 e-con-full e-flex e-con e-child\" data-id=\"5dac31b3\" data-element_type=\"container\">\n\t\t\t\t<div class=\"elementor-element elementor-element-2001d628 wd-width-100 elementor-widget elementor-widget-wd_title\" data-id=\"2001d628\" data-element_type=\"widget\" data-widget_type=\"wd_title.default\">\n\t\t\t\t<div class=\"elementor-widget-container\">\n\t\t\t\t\t\t\t<div class=\"title-wrapper set-mb-s reset-last-child wd-title-color-default wd-title-style-default wd-title-size-default text-center\">\n\n\t\t\t\t\t\t\t<div class=\"title-subtitle subtitle-color-default subtitle-style-default wd-fontsize-xs\">\n\t\t\t\t\tDur\u00e9e moyenne du s\u00e9jour\t\t\t\t<\/div>\n\t\t\t\n\t\t\t<div class=\"liner-continer\">\n\t\t\t\t<p class=\"woodmart-title-container title wd-fontsize-l\">7 jours<\/p> \n\t\t\t\t\t\t\t<\/div>\n\n\t\t\t\t\t<\/div>\n\t\t\t\t\t\t<\/div>\n\t\t\t\t<\/div>\n\t\t\t\t<\/div>\n\t\t<div class=\"elementor-element elementor-element-7fe4d9e3 e-con-full e-flex e-con e-child\" data-id=\"7fe4d9e3\" data-element_type=\"container\">\n\t\t\t\t<div class=\"elementor-element elementor-element-a93d3d wd-width-100 elementor-widget elementor-widget-wd_title\" data-id=\"a93d3d\" data-element_type=\"widget\" data-widget_type=\"wd_title.default\">\n\t\t\t\t<div class=\"elementor-widget-container\">\n\t\t\t\t\t\t\t<div class=\"title-wrapper set-mb-s reset-last-child wd-title-color-default wd-title-style-default wd-title-size-default text-center\">\n\n\t\t\t\t\t\t\t<div class=\"title-subtitle subtitle-color-default subtitle-style-default wd-fontsize-xs\">\n\t\t\t\t\tDur\u00e9e de l'hospitalisation\t\t\t\t<\/div>\n\t\t\t\n\t\t\t<div class=\"liner-continer\">\n\t\t\t\t<p class=\"woodmart-title-container title wd-fontsize-l\">1 jour<\/p> \n\t\t\t\t\t\t\t<\/div>\n\n\t\t\t\t\t<\/div>\n\t\t\t\t\t\t<\/div>\n\t\t\t\t<\/div>\n\t\t\t\t<\/div>\n\t\t<div class=\"elementor-element elementor-element-4443d513 e-con-full e-flex e-con e-child\" data-id=\"4443d513\" data-element_type=\"container\">\n\t\t\t\t<div class=\"elementor-element elementor-element-291c7388 wd-width-100 elementor-widget elementor-widget-wd_title\" data-id=\"291c7388\" data-element_type=\"widget\" data-widget_type=\"wd_title.default\">\n\t\t\t\t<div class=\"elementor-widget-container\">\n\t\t\t\t\t\t\t<div class=\"title-wrapper set-mb-s reset-last-child wd-title-color-default wd-title-style-default wd-title-size-default text-center\">\n\n\t\t\t\t\t\t\t<div class=\"title-subtitle subtitle-color-default subtitle-style-default wd-fontsize-xs\">\n\t\t\t\t\tDur\u00e9e de l'op\u00e9ration\t\t\t\t<\/div>\n\t\t\t\n\t\t\t<div class=\"liner-continer\">\n\t\t\t\t<p class=\"woodmart-title-container title wd-fontsize-l\">2-4 heures<\/p> \n\t\t\t\t\t\t\t<\/div>\n\n\t\t\t\t\t<\/div>\n\t\t\t\t\t\t<\/div>\n\t\t\t\t<\/div>\n\t\t\t\t<\/div>\n\t\t<div class=\"elementor-element elementor-element-72c37d39 e-con-full e-flex e-con e-child\" data-id=\"72c37d39\" data-element_type=\"container\">\n\t\t\t\t<div class=\"elementor-element elementor-element-6337b88d wd-width-100 elementor-widget elementor-widget-wd_title\" data-id=\"6337b88d\" data-element_type=\"widget\" data-widget_type=\"wd_title.default\">\n\t\t\t\t<div class=\"elementor-widget-container\">\n\t\t\t\t\t\t\t<div class=\"title-wrapper set-mb-s reset-last-child wd-title-color-default wd-title-style-default wd-title-size-default text-center\">\n\n\t\t\t\t\t\t\t<div class=\"title-subtitle subtitle-color-default subtitle-style-default wd-fontsize-xs\">\n\t\t\t\t\tType d'anesth\u00e9sie\t\t\t\t<\/div>\n\t\t\t\n\t\t\t<div class=\"liner-continer\">\n\t\t\t\t<p class=\"woodmart-title-container title wd-fontsize-l\">Anesth\u00e9sie g\u00e9n\u00e9rale<\/p> \n\t\t\t\t\t\t\t<\/div>\n\n\t\t\t\t\t<\/div>\n\t\t\t\t\t\t<\/div>\n\t\t\t\t<\/div>\n\t\t\t\t<\/div>\n\t\t<div class=\"elementor-element elementor-element-7a259d5c e-con-full e-flex e-con e-child\" data-id=\"7a259d5c\" data-element_type=\"container\">\n\t\t\t\t<div class=\"elementor-element elementor-element-19385aed wd-width-100 elementor-widget elementor-widget-wd_title\" data-id=\"19385aed\" data-element_type=\"widget\" data-widget_type=\"wd_title.default\">\n\t\t\t\t<div class=\"elementor-widget-container\">\n\t\t\t\t\t\t\t<div class=\"title-wrapper set-mb-s reset-last-child wd-title-color-default wd-title-style-default wd-title-size-default text-center\">\n\n\t\t\t\t\t\t\t<div class=\"title-subtitle subtitle-color-default subtitle-style-default wd-fontsize-xs\">\n\t\t\t\t\tD\u00e9lai de r\u00e9cup\u00e9ration\t\t\t\t<\/div>\n\t\t\t\n\t\t\t<div class=\"liner-continer\">\n\t\t\t\t<p class=\"woodmart-title-container title wd-fontsize-l\">1-2 semaines<\/p> \n\t\t\t\t\t\t\t<\/div>\n\n\t\t\t\t\t<\/div>\n\t\t\t\t\t\t<\/div>\n\t\t\t\t<\/div>\n\t\t\t\t<\/div>\n\t\t\t\t\t<\/div>\n\t\t\t\t<\/div>\n\t\t<div class=\"wd-negative-gap elementor-element elementor-element-d602764 e-flex e-con-boxed e-con e-parent\" data-id=\"d602764\" data-element_type=\"container\">\n\t\t\t\t\t<div class=\"e-con-inner\">\n\t\t\t\t<div class=\"elementor-element elementor-element-d327726 color-scheme-inherit text-left elementor-widget elementor-widget-text-editor\" data-id=\"d327726\" data-element_type=\"widget\" data-widget_type=\"text-editor.default\">\n\t\t\t\t<div class=\"elementor-widget-container\">\n\t\t\t\t\t\t\t\t\t<p><span style=\"font-weight: 400;\">La transplantation capillaire FUE (Follicular Unit Extraction) est l'une des m\u00e9thodes de transplantation capillaire les plus populaires et les plus efficaces aujourd'hui. Cette technique moderne offre des r\u00e9sultats permanents et naturels aux personnes souffrant de perte de cheveux. La m\u00e9thode FUE consiste \u00e0 pr\u00e9lever des follicules pileux un par un et \u00e0 les placer soigneusement dans les zones d\u00e9garnies. Elle est pr\u00e9f\u00e9r\u00e9e pour ses avantages tels qu'une cicatrice minimale, un temps de r\u00e9cup\u00e9ration court et des r\u00e9sultats naturels.<\/span><\/p><h2><span style=\"font-weight: 400;\">Qu'est-ce que la greffe de cheveux FUE ?<\/span><\/h2><p><span style=\"font-weight: 400;\">La greffe de cheveux FUE (Follicular Unit Extraction) est une m\u00e9thode moderne de greffe de cheveux dans laquelle les follicules pileux sont pr\u00e9lev\u00e9s un par un et plac\u00e9s dans les zones d\u00e9garnies. Cette m\u00e9thode permet d'obtenir un aspect naturel dans la zone souhait\u00e9e en pr\u00e9levant les follicules pileux de mani\u00e8re naturelle. La greffe de cheveux FUE est un processus moins invasif et le temps de r\u00e9cup\u00e9ration est plus court. C'est pourquoi elle est tr\u00e8s populaire parmi les personnes qui ont des probl\u00e8mes de perte de cheveux et qui souhaitent obtenir des r\u00e9sultats naturels.<\/span><\/p><h2><span style=\"font-weight: 400;\">Comment se d\u00e9roule une transplantation capillaire FUE ?<\/span><\/h2><p><span style=\"font-weight: 400;\">La proc\u00e9dure de transplantation capillaire FUE se d\u00e9roule en deux \u00e9tapes principales. Au cours de la premi\u00e8re \u00e9tape, les follicules pileux sont extraits un par un de la zone donneuse, c'est-\u00e0-dire des zones o\u00f9 la chevelure est dense. Au cours de la deuxi\u00e8me \u00e9tape, ces follicules pileux sont soigneusement plac\u00e9s dans les zones d\u00e9garnies. Chaque racine est plac\u00e9e dans le bon angle afin d'obtenir un aspect naturel des cheveux. La technique FUE est r\u00e9alis\u00e9e \u00e0 l'aide d'aiguilles micro-motrices ou manuelles. Les incisions \u00e9tant minimes pendant le processus de transplantation capillaire, le risque de cicatrice est tr\u00e8s faible.<\/span><\/p><h2><span style=\"font-weight: 400;\">\u00c0 qui convient la greffe de cheveux FUE ?<\/span><\/h2><p><span style=\"font-weight: 400;\">La greffe de cheveux FUE convient g\u00e9n\u00e9ralement aux hommes et aux femmes qui ont des probl\u00e8mes de perte de cheveux. Les personnes dont la perte de cheveux est due \u00e0 des raisons g\u00e9n\u00e9tiques pr\u00e9f\u00e8rent cette m\u00e9thode. En outre, la transplantation capillaire FUE peut \u00e9galement \u00eatre une solution dans les cas o\u00f9 la perte de cheveux est due \u00e0 diff\u00e9rentes raisons. En outre, les personnes qui n'ont pas obtenu de r\u00e9sultats lors d'une transplantation capillaire ant\u00e9rieure peuvent \u00e9galement obtenir des r\u00e9sultats satisfaisants avec la m\u00e9thode FUE.<\/span><\/p><h2><span style=\"font-weight: 400;\">Quel est le prix d'une greffe de cheveux FUE ?<\/span><\/h2><p><span style=\"font-weight: 400;\">Les prix des greffes de cheveux FUE peuvent varier en fonction des besoins personnels et de la taille de la zone \u00e0 transplanter. Les prix des greffes de cheveux d\u00e9pendent du nombre de follicules pileux, de la difficult\u00e9 de la zone \u00e0 transplanter et de la clinique o\u00f9 l'intervention est pratiqu\u00e9e. La greffe de cheveux FUE co\u00fbte g\u00e9n\u00e9ralement un peu plus cher que les autres m\u00e9thodes, mais les r\u00e9sultats naturels et le faible temps de r\u00e9cup\u00e9ration qu'elle offre en valent la peine.<\/span><\/p><h2><span style=\"font-weight: 400;\">Quel est le processus de r\u00e9cup\u00e9ration apr\u00e8s une greffe de cheveux FUE ?<\/span><\/h2><p><span style=\"font-weight: 400;\">Le processus de gu\u00e9rison apr\u00e8s une greffe de cheveux FUE est assez rapide. Apr\u00e8s l'intervention, un l\u00e9ger gonflement et une rougeur peuvent \u00eatre observ\u00e9s dans les zones de transplantation de cheveux. Cet \u00e9tat dispara\u00eet en quelques jours. La croissance des cheveux transplant\u00e9s commence g\u00e9n\u00e9ralement entre 3 et 6 mois, mais les r\u00e9sultats complets sont visibles entre 12 et 18 mois. Pendant le processus de gu\u00e9rison, il est important que les patients suivent certaines instructions de soins. Il convient de se rappeler que les cheveux doivent \u00eatre lav\u00e9s correctement, prot\u00e9g\u00e9s du soleil et que la zone transplant\u00e9e doit rester propre.<\/span><\/p><h2><span style=\"font-weight: 400;\">La greffe de cheveux FUE est-elle permanente ?<\/span><\/h2><p><span style=\"font-weight: 400;\">La greffe de cheveux FUE est une solution permanente. Les follicules pileux transplant\u00e9s sont g\u00e9n\u00e9ralement r\u00e9sistants \u00e0 la perte de cheveux et poussent de fa\u00e7on permanente dans la zone transplant\u00e9e. Toutefois, avec l'\u00e9volution de l'\u00e9tat de sant\u00e9 g\u00e9n\u00e9ral et de l'\u00e2ge, la perte naturelle de cheveux peut se poursuivre. N\u00e9anmoins, la transplantation de cheveux par la m\u00e9thode FUE donne des r\u00e9sultats tr\u00e8s satisfaisants en termes d'apparence naturelle et de long\u00e9vit\u00e9.<\/span><\/p><h2><span style=\"font-weight: 400;\">Combien de jours faut-il pour obtenir des r\u00e9sultats avec la greffe de cheveux FUE ?<\/span><\/h2><p><span style=\"font-weight: 400;\">Avec la greffe de cheveux FUE, les r\u00e9sultats sont g\u00e9n\u00e9ralement visibles au bout de 3 \u00e0 6 mois. Au cours des trois premiers mois, les cheveux transplant\u00e9s peuvent tomber, mais il s'agit d'un processus tout \u00e0 fait normal. Apr\u00e8s le 6e mois, les follicules pileux transplant\u00e9s commencent \u00e0 pousser rapidement et des r\u00e9sultats tout \u00e0 fait naturels et permanents sont obtenus en 12 \u00e0 18 mois. Le processus de gu\u00e9rison \u00e9tant diff\u00e9rent d'une personne \u00e0 l'autre, le d\u00e9lai d'obtention des r\u00e9sultats peut varier d'une personne \u00e0 l'autre.<\/span><\/p><h2><span style=\"font-weight: 400;\">O\u00f9 se situent les zones de transplantation capillaire FUE ?<\/span><\/h2><p><span style=\"font-weight: 400;\">La greffe de cheveux FUE peut \u00eatre appliqu\u00e9e \u00e0 diff\u00e9rentes parties de la t\u00eate. Le plus souvent, la transplantation de cheveux est effectu\u00e9e sur la couronne, les c\u00f4t\u00e9s et la nuque. En outre, des applications esth\u00e9tiques telles que la transplantation de sourcils, de barbe et de moustache peuvent \u00e9galement \u00eatre r\u00e9alis\u00e9es avec la technique FUE. Les zones de transplantation capillaire sont d\u00e9termin\u00e9es en fonction des besoins personnels et de l'intensit\u00e9 de la perte de cheveux.<\/span><\/p><h2><span style=\"font-weight: 400;\">Les \u00e9l\u00e9ments \u00e0 prendre en compte avant et apr\u00e8s une greffe de cheveux FUE<\/span><\/h2><p><span style=\"font-weight: 400;\">Avant une greffe de cheveux FUE, il est important de faire quelques pr\u00e9paratifs. Tout d'abord, il convient de r\u00e9duire au minimum la consommation d'alcool et de tabac, d'\u00e9viter les anticoagulants et de nettoyer correctement les cheveux avant l'intervention. Apr\u00e8s l'intervention, il est recommand\u00e9 de prot\u00e9ger la zone transplant\u00e9e, de la prot\u00e9ger du soleil et d'utiliser r\u00e9guli\u00e8rement les m\u00e9dicaments prescrits par le m\u00e9decin.<\/span><\/p><h2><span style=\"font-weight: 400;\">La m\u00e9thode de transplantation capillaire FUE est-elle diff\u00e9rente des autres m\u00e9thodes ?<\/span><\/h2><p><span style=\"font-weight: 400;\">La transplantation capillaire FUE est une technique moins invasive que la m\u00e9thode classique FUT (Follicular Unit Transplantation). Dans la m\u00e9thode FUT, les follicules pileux sont pr\u00e9lev\u00e9s et transplant\u00e9s en bande, alors que dans la m\u00e9thode FUE, des follicules pileux individuels sont pr\u00e9lev\u00e9s et transplant\u00e9s. Le processus de gu\u00e9rison est ainsi beaucoup plus rapide et les risques de cicatrices sont r\u00e9duits au minimum. En outre, la m\u00e9thode FUE permet d'obtenir des r\u00e9sultats plus naturels.<\/span><\/p><h2><span style=\"font-weight: 400;\">Y a-t-il des cicatrices apr\u00e8s une greffe de cheveux FUE ?<\/span><\/h2><p><span style=\"font-weight: 400;\">Le risque de cicatrisation apr\u00e8s une greffe de cheveux FUE est tr\u00e8s faible. Les follicules pileux \u00e9tant pr\u00e9lev\u00e9s un par un, il n'y a pas de grandes coupures. Cela r\u00e9duit le risque de cicatrisation pendant le processus de gu\u00e9rison. Apr\u00e8s l'intervention, seules de tr\u00e8s petites cicatrices ponctuelles peuvent subsister. Ces cicatrices deviennent invisibles au fur et \u00e0 mesure que les cheveux poussent et ne posent pas de probl\u00e8mes esth\u00e9tiques.<\/span><\/p><h2><span style=\"font-weight: 400;\">Quelle est la tranche d'\u00e2ge adapt\u00e9e \u00e0 la transplantation capillaire FUE ?<\/span><\/h2><p><span style=\"font-weight: 400;\">La greffe de cheveux FUE convient g\u00e9n\u00e9ralement aux personnes \u00e2g\u00e9es de 20 ans et plus. Toutefois, si la perte de cheveux commence \u00e0 un \u00e2ge tr\u00e8s pr\u00e9coce, la proc\u00e9dure peut \u00eatre effectu\u00e9e apr\u00e8s une \u00e9valuation par un m\u00e9decin sp\u00e9cialiste. La m\u00e9thode FUE peut \u00eatre appliqu\u00e9e en toute s\u00e9curit\u00e9 m\u00eame \u00e0 un jeune \u00e2ge et donne des r\u00e9sultats naturels.<\/span><\/p><h2><span style=\"font-weight: 400;\">Quelle est la dur\u00e9e de vie d'une greffe de cheveux FUE ?<\/span><\/h2><p><span style=\"font-weight: 400;\">La transplantation capillaire FUE est g\u00e9n\u00e9ralement r\u00e9alis\u00e9e en 4 \u00e0 8 heures. Cette dur\u00e9e peut varier en fonction du nombre de follicules pileux transplant\u00e9s et de la taille de la zone \u00e0 transplanter. L'anesth\u00e9sie locale \u00e9tant utilis\u00e9e pendant l'intervention, les patients ne ressentent aucune douleur et peuvent s'asseoir confortablement pendant toute la dur\u00e9e de l'intervention.<\/span><\/p><h2><span style=\"font-weight: 400;\">Quels sont les \u00e9l\u00e9ments \u00e0 prendre en compte avant de proc\u00e9der \u00e0 une greffe de cheveux FUE ?<\/span><\/h2><p><span style=\"font-weight: 400;\">Avant de proc\u00e9der \u00e0 une transplantation capillaire FUE, un examen d\u00e9taill\u00e9 doit \u00eatre effectu\u00e9 par un sp\u00e9cialiste fiable. En outre, la cause de la perte de cheveux et l'\u00e9tat de sant\u00e9 g\u00e9n\u00e9ral de la personne doivent \u00eatre pris en consid\u00e9ration. La recherche sur la transplantation capillaire est importante pour choisir la bonne m\u00e9thode. Il est \u00e9galement utile d'avoir des informations sur le processus de r\u00e9cup\u00e9ration et les r\u00e9sultats apr\u00e8s la proc\u00e9dure.<\/span><\/p><h2><span style=\"font-weight: 400;\">Quand les cheveux poussent-ils apr\u00e8s une greffe de cheveux FUE ?<\/span><\/h2><p><span style=\"font-weight: 400;\">Apr\u00e8s une transplantation capillaire FUE, les cheveux transplant\u00e9s commencent g\u00e9n\u00e9ralement \u00e0 pousser entre 3 et 6 mois. Toutefois, il peut \u00eatre n\u00e9cessaire d'attendre entre 12 et 18 mois pour obtenir des r\u00e9sultats complets. Le temps de croissance des cheveux transplant\u00e9s peut varier en fonction de facteurs personnels, de la structure g\u00e9n\u00e9tique et du processus de gu\u00e9rison.<\/span><\/p><p>\u00a0<\/p><p>\u00a0<\/p>\t\t\t\t\t\t\t\t<\/div>\n\t\t\t\t<\/div>\n\t\t\t\t\t<\/div>\n\t\t\t\t<\/div>\n\t\t\t\t<\/div>","protected":false},"excerpt":{"rendered":"<p>Ortalama Kal\u0131\u015f S\u00fcresi 7 G\u00fcn Hastanede Yat\u0131\u015f S\u00fcresi 1 G\u00fcn Operasyon S\u00fcresi 2-4 Saat Anestezi T\u00fcr\u00fc Genel Anestezi \u0130yile\u015fme S\u00fcresi<\/p>","protected":false},"author":1,"featured_media":0,"parent":0,"menu_order":0,"comment_status":"closed","ping_status":"closed","template":"","meta":{"footnotes":""},"class_list":["post-27849","page","type-page","status-publish","hentry"],"_links":{"self":[{"href":"https:\/\/westestetik.com\/fr\/wp-json\/wp\/v2\/pages\/27849","targetHints":{"allow":["GET"]}}],"collection":[{"href":"https:\/\/westestetik.com\/fr\/wp-json\/wp\/v2\/pages"}],"about":[{"href":"https:\/\/westestetik.com\/fr\/wp-json\/wp\/v2\/types\/page"}],"author":[{"embeddable":true,"href":"https:\/\/westestetik.com\/fr\/wp-json\/wp\/v2\/users\/1"}],"replies":[{"embeddable":true,"href":"https:\/\/westestetik.com\/fr\/wp-json\/wp\/v2\/comments?post=27849"}],"version-history":[{"count":7,"href":"https:\/\/westestetik.com\/fr\/wp-json\/wp\/v2\/pages\/27849\/revisions"}],"predecessor-version":[{"id":28899,"href":"https:\/\/westestetik.com\/fr\/wp-json\/wp\/v2\/pages\/27849\/revisions\/28899"}],"wp:attachment":[{"href":"https:\/\/westestetik.com\/fr\/wp-json\/wp\/v2\/media?parent=27849"}],"curies":[{"name":"wp","href":"https:\/\/api.w.org\/{rel}","templated":true}]}}