{"id":27847,"date":"2024-12-02T23:25:08","date_gmt":"2024-12-02T23:25:08","guid":{"rendered":"https:\/\/westestetik.com\/?page_id=27847"},"modified":"2025-02-19T16:16:49","modified_gmt":"2025-02-19T13:16:49","slug":"machoire","status":"publish","type":"page","link":"https:\/\/westestetik.com\/fr\/machoire\/","title":{"rendered":"M\u00e2choire"},"content":{"rendered":"<div data-elementor-type=\"wp-page\" data-elementor-id=\"27847\" class=\"elementor elementor-27847\" data-elementor-post-type=\"page\">\n\t\t\t\t<div class=\"elementor-element elementor-element-9fcbdf3 e-con-full e-flex e-con e-parent\" data-id=\"9fcbdf3\" data-element_type=\"container\">\n\t\t<div class=\"elementor-element elementor-element-5d93d8fd e-con-full e-flex e-con e-child\" data-id=\"5d93d8fd\" data-element_type=\"container\">\n\t\t\t\t<div class=\"elementor-element elementor-element-146a13a2 elementor-widget elementor-widget-image\" data-id=\"146a13a2\" data-element_type=\"widget\" data-widget_type=\"image.default\">\n\t\t\t\t<div class=\"elementor-widget-container\">\n\t\t\t\t\t\t\t\t\t\t\t\t\t\t\t<img decoding=\"async\" width=\"100\" height=\"100\" src=\"https:\/\/westestetik.com\/wp-content\/uploads\/2024\/12\/1-4.png\" class=\"attachment-large size-large wp-image-28814\" alt=\"\" srcset=\"https:\/\/westestetik.com\/wp-content\/uploads\/2024\/12\/1-4.png 100w, https:\/\/westestetik.com\/wp-content\/uploads\/2024\/12\/1-4-12x12.png 12w\" sizes=\"(max-width: 100px) 100vw, 100px\" \/>\t\t\t\t\t\t\t\t\t\t\t\t\t\t\t<\/div>\n\t\t\t\t<\/div>\n\t\t\t\t<\/div>\n\t\t<div class=\"elementor-element elementor-element-21197501 e-con-full e-flex e-con e-child\" data-id=\"21197501\" data-element_type=\"container\">\n\t\t\t\t<div class=\"elementor-element elementor-element-77815b4d elementor-widget elementor-widget-image\" data-id=\"77815b4d\" data-element_type=\"widget\" data-widget_type=\"image.default\">\n\t\t\t\t<div class=\"elementor-widget-container\">\n\t\t\t\t\t\t\t\t\t\t\t\t\t\t\t<img decoding=\"async\" width=\"100\" height=\"100\" src=\"https:\/\/westestetik.com\/wp-content\/uploads\/2024\/12\/2-5.png\" class=\"attachment-large size-large wp-image-28815\" alt=\"\" srcset=\"https:\/\/westestetik.com\/wp-content\/uploads\/2024\/12\/2-5.png 100w, https:\/\/westestetik.com\/wp-content\/uploads\/2024\/12\/2-5-12x12.png 12w\" sizes=\"(max-width: 100px) 100vw, 100px\" \/>\t\t\t\t\t\t\t\t\t\t\t\t\t\t\t<\/div>\n\t\t\t\t<\/div>\n\t\t\t\t<\/div>\n\t\t<div class=\"elementor-element elementor-element-454f6e7 e-con-full e-flex e-con e-child\" data-id=\"454f6e7\" data-element_type=\"container\">\n\t\t\t\t<div class=\"elementor-element elementor-element-2d111721 elementor-widget elementor-widget-image\" data-id=\"2d111721\" data-element_type=\"widget\" data-widget_type=\"image.default\">\n\t\t\t\t<div class=\"elementor-widget-container\">\n\t\t\t\t\t\t\t\t\t\t\t\t\t\t\t<img decoding=\"async\" width=\"100\" height=\"100\" src=\"https:\/\/westestetik.com\/wp-content\/uploads\/2024\/12\/3-1.png\" class=\"attachment-large size-large wp-image-28816\" alt=\"\" srcset=\"https:\/\/westestetik.com\/wp-content\/uploads\/2024\/12\/3-1.png 100w, https:\/\/westestetik.com\/wp-content\/uploads\/2024\/12\/3-1-12x12.png 12w\" sizes=\"(max-width: 100px) 100vw, 100px\" \/>\t\t\t\t\t\t\t\t\t\t\t\t\t\t\t<\/div>\n\t\t\t\t<\/div>\n\t\t\t\t<\/div>\n\t\t<div class=\"elementor-element elementor-element-4b0d25d0 e-con-full e-flex e-con e-child\" data-id=\"4b0d25d0\" data-element_type=\"container\">\n\t\t\t\t<div class=\"elementor-element elementor-element-259e4489 elementor-widget elementor-widget-image\" data-id=\"259e4489\" data-element_type=\"widget\" data-widget_type=\"image.default\">\n\t\t\t\t<div class=\"elementor-widget-container\">\n\t\t\t\t\t\t\t\t\t\t\t\t\t\t\t<img loading=\"lazy\" decoding=\"async\" width=\"100\" height=\"100\" src=\"https:\/\/westestetik.com\/wp-content\/uploads\/2024\/12\/4-1.png\" class=\"attachment-large size-large wp-image-28817\" alt=\"\" srcset=\"https:\/\/westestetik.com\/wp-content\/uploads\/2024\/12\/4-1.png 100w, https:\/\/westestetik.com\/wp-content\/uploads\/2024\/12\/4-1-12x12.png 12w\" sizes=\"(max-width: 100px) 100vw, 100px\" \/>\t\t\t\t\t\t\t\t\t\t\t\t\t\t\t<\/div>\n\t\t\t\t<\/div>\n\t\t\t\t<\/div>\n\t\t<div class=\"elementor-element elementor-element-5ca124bf e-con-full e-flex e-con e-child\" data-id=\"5ca124bf\" data-element_type=\"container\">\n\t\t\t\t<div class=\"elementor-element elementor-element-849a7b7 elementor-widget elementor-widget-image\" data-id=\"849a7b7\" data-element_type=\"widget\" data-widget_type=\"image.default\">\n\t\t\t\t<div class=\"elementor-widget-container\">\n\t\t\t\t\t\t\t\t\t\t\t\t\t\t\t<img loading=\"lazy\" decoding=\"async\" width=\"100\" height=\"100\" src=\"https:\/\/westestetik.com\/wp-content\/uploads\/2024\/12\/5-1.png\" class=\"attachment-large size-large wp-image-28818\" alt=\"\" srcset=\"https:\/\/westestetik.com\/wp-content\/uploads\/2024\/12\/5-1.png 100w, https:\/\/westestetik.com\/wp-content\/uploads\/2024\/12\/5-1-12x12.png 12w\" sizes=\"(max-width: 100px) 100vw, 100px\" \/>\t\t\t\t\t\t\t\t\t\t\t\t\t\t\t<\/div>\n\t\t\t\t<\/div>\n\t\t\t\t<\/div>\n\t\t\t\t<\/div>\n\t\t<div class=\"wd-negative-gap elementor-element elementor-element-31db9fef e-flex e-con-boxed e-con e-parent\" data-id=\"31db9fef\" data-element_type=\"container\">\n\t\t\t\t\t<div class=\"e-con-inner\">\n\t\t<div class=\"elementor-element elementor-element-3509542 e-con-full e-flex e-con e-child\" data-id=\"3509542\" data-element_type=\"container\">\n\t\t\t\t<div class=\"elementor-element elementor-element-538118fb wd-width-100 elementor-widget elementor-widget-wd_title\" data-id=\"538118fb\" data-element_type=\"widget\" data-widget_type=\"wd_title.default\">\n\t\t\t\t<div class=\"elementor-widget-container\">\n\t\t\t\t\t\t\t<div class=\"title-wrapper set-mb-s reset-last-child wd-title-color-default wd-title-style-default wd-title-size-default text-center\">\n\n\t\t\t\t\t\t\t<div class=\"title-subtitle subtitle-color-default subtitle-style-default wd-fontsize-xs\">\n\t\t\t\t\tDur\u00e9e moyenne du s\u00e9jour\t\t\t\t<\/div>\n\t\t\t\n\t\t\t<div class=\"liner-continer\">\n\t\t\t\t<p class=\"woodmart-title-container title wd-fontsize-l\">7 jours<\/p> \n\t\t\t\t\t\t\t<\/div>\n\n\t\t\t\t\t<\/div>\n\t\t\t\t\t\t<\/div>\n\t\t\t\t<\/div>\n\t\t\t\t<\/div>\n\t\t<div class=\"elementor-element elementor-element-16cadae5 e-con-full e-flex e-con e-child\" data-id=\"16cadae5\" data-element_type=\"container\">\n\t\t\t\t<div class=\"elementor-element elementor-element-17a8db67 wd-width-100 elementor-widget elementor-widget-wd_title\" data-id=\"17a8db67\" data-element_type=\"widget\" data-widget_type=\"wd_title.default\">\n\t\t\t\t<div class=\"elementor-widget-container\">\n\t\t\t\t\t\t\t<div class=\"title-wrapper set-mb-s reset-last-child wd-title-color-default wd-title-style-default wd-title-size-default text-center\">\n\n\t\t\t\t\t\t\t<div class=\"title-subtitle subtitle-color-default subtitle-style-default wd-fontsize-xs\">\n\t\t\t\t\tDur\u00e9e de l'hospitalisation\t\t\t\t<\/div>\n\t\t\t\n\t\t\t<div class=\"liner-continer\">\n\t\t\t\t<p class=\"woodmart-title-container title wd-fontsize-l\">1 jour<\/p> \n\t\t\t\t\t\t\t<\/div>\n\n\t\t\t\t\t<\/div>\n\t\t\t\t\t\t<\/div>\n\t\t\t\t<\/div>\n\t\t\t\t<\/div>\n\t\t<div class=\"elementor-element elementor-element-63d08191 e-con-full e-flex e-con e-child\" data-id=\"63d08191\" data-element_type=\"container\">\n\t\t\t\t<div class=\"elementor-element elementor-element-61aad4af wd-width-100 elementor-widget elementor-widget-wd_title\" data-id=\"61aad4af\" data-element_type=\"widget\" data-widget_type=\"wd_title.default\">\n\t\t\t\t<div class=\"elementor-widget-container\">\n\t\t\t\t\t\t\t<div class=\"title-wrapper set-mb-s reset-last-child wd-title-color-default wd-title-style-default wd-title-size-default text-center\">\n\n\t\t\t\t\t\t\t<div class=\"title-subtitle subtitle-color-default subtitle-style-default wd-fontsize-xs\">\n\t\t\t\t\tDur\u00e9e de l'op\u00e9ration\t\t\t\t<\/div>\n\t\t\t\n\t\t\t<div class=\"liner-continer\">\n\t\t\t\t<p class=\"woodmart-title-container title wd-fontsize-l\">2-4 heures<\/p> \n\t\t\t\t\t\t\t<\/div>\n\n\t\t\t\t\t<\/div>\n\t\t\t\t\t\t<\/div>\n\t\t\t\t<\/div>\n\t\t\t\t<\/div>\n\t\t<div class=\"elementor-element elementor-element-4a562587 e-con-full e-flex e-con e-child\" data-id=\"4a562587\" data-element_type=\"container\">\n\t\t\t\t<div class=\"elementor-element elementor-element-51deb845 wd-width-100 elementor-widget elementor-widget-wd_title\" data-id=\"51deb845\" data-element_type=\"widget\" data-widget_type=\"wd_title.default\">\n\t\t\t\t<div class=\"elementor-widget-container\">\n\t\t\t\t\t\t\t<div class=\"title-wrapper set-mb-s reset-last-child wd-title-color-default wd-title-style-default wd-title-size-default text-center\">\n\n\t\t\t\t\t\t\t<div class=\"title-subtitle subtitle-color-default subtitle-style-default wd-fontsize-xs\">\n\t\t\t\t\tType d'anesth\u00e9sie\t\t\t\t<\/div>\n\t\t\t\n\t\t\t<div class=\"liner-continer\">\n\t\t\t\t<p class=\"woodmart-title-container title wd-fontsize-l\">Anesth\u00e9sie g\u00e9n\u00e9rale<\/p> \n\t\t\t\t\t\t\t<\/div>\n\n\t\t\t\t\t<\/div>\n\t\t\t\t\t\t<\/div>\n\t\t\t\t<\/div>\n\t\t\t\t<\/div>\n\t\t<div class=\"elementor-element elementor-element-4342d6d3 e-con-full e-flex e-con e-child\" data-id=\"4342d6d3\" data-element_type=\"container\">\n\t\t\t\t<div class=\"elementor-element elementor-element-6e7f9428 wd-width-100 elementor-widget elementor-widget-wd_title\" data-id=\"6e7f9428\" data-element_type=\"widget\" data-widget_type=\"wd_title.default\">\n\t\t\t\t<div class=\"elementor-widget-container\">\n\t\t\t\t\t\t\t<div class=\"title-wrapper set-mb-s reset-last-child wd-title-color-default wd-title-style-default wd-title-size-default text-center\">\n\n\t\t\t\t\t\t\t<div class=\"title-subtitle subtitle-color-default subtitle-style-default wd-fontsize-xs\">\n\t\t\t\t\tD\u00e9lai de r\u00e9cup\u00e9ration\t\t\t\t<\/div>\n\t\t\t\n\t\t\t<div class=\"liner-continer\">\n\t\t\t\t<p class=\"woodmart-title-container title wd-fontsize-l\">1-2 semaines<\/p> \n\t\t\t\t\t\t\t<\/div>\n\n\t\t\t\t\t<\/div>\n\t\t\t\t\t\t<\/div>\n\t\t\t\t<\/div>\n\t\t\t\t<\/div>\n\t\t\t\t\t<\/div>\n\t\t\t\t<\/div>\n\t\t<div class=\"wd-negative-gap elementor-element elementor-element-7c05e6d e-flex e-con-boxed e-con e-parent\" data-id=\"7c05e6d\" data-element_type=\"container\">\n\t\t\t\t\t<div class=\"e-con-inner\">\n\t\t\t\t<div class=\"elementor-element elementor-element-c3c25b8 color-scheme-inherit text-left elementor-widget elementor-widget-text-editor\" data-id=\"c3c25b8\" data-element_type=\"widget\" data-widget_type=\"text-editor.default\">\n\t\t\t\t<div class=\"elementor-widget-container\">\n\t\t\t\t\t\t\t\t\t<p>La chirurgie de la m\u00e2choire est devenue un choix populaire pour les personnes qui souhaitent modeler les traits de leur visage d'une mani\u00e8re plus distincte et plus esth\u00e9tique. Les personnes dont la m\u00e2choire est faible ou mal d\u00e9finie peuvent notamment obtenir un visage plus net et sym\u00e9trique gr\u00e2ce \u00e0 cette intervention esth\u00e9tique. Le Jawline est une intervention qui peut \u00eatre r\u00e9alis\u00e9e par des m\u00e9thodes chirurgicales ou non chirurgicales et qui am\u00e9liore l'\u00e9quilibre g\u00e9n\u00e9ral du visage.<\/p><h2>Qu'est-ce que le Jawline et \u00e0 qui convient-il ?<\/h2><p>Le Jawline est une intervention chirurgicale ou non chirurgicale visant \u00e0 modeler la zone du menton et \u00e0 rendre les contours du visage plus pro\u00e9minents. Cette intervention corrige le manque de pro\u00e9minence des lignes de la m\u00e2choire et am\u00e9liore l'\u00e9quilibre esth\u00e9tique g\u00e9n\u00e9ral du visage. L'esth\u00e9tique de la m\u00e2choire est id\u00e9ale pour les personnes qui souhaitent assurer la sym\u00e9trie du visage et obtenir un profil plus fort. L'esth\u00e9tique de la m\u00e2choire est particuli\u00e8rement appr\u00e9ci\u00e9e par les personnes qui ont une m\u00e2choire basse ou des traits de visage plus ronds.<\/p><h2>Obtenez les lignes de menton que vous souhaitez avec Jawline<\/h2><p>La chirurgie de la m\u00e2choire est une chirurgie plastique visant \u00e0 modeler et \u00e0 clarifier la m\u00e2choire. Cette proc\u00e9dure permet d'obtenir une sym\u00e9trie des traits du visage gr\u00e2ce \u00e0 des interventions dans la r\u00e9gion de la m\u00e2choire. L'esth\u00e9tique de la ligne des m\u00e2choires contribue de mani\u00e8re significative au profil et \u00e0 l'aspect esth\u00e9tique du visage. Lorsque la ligne de la m\u00e2choire est model\u00e9e, les traits du visage de la personne gagnent en nettet\u00e9 et en jeunesse. Il s'agit d'une solution id\u00e9ale, notamment pour les personnes dont la pointe du menton est r\u00e9tract\u00e9e ou dont l'apparence est plus arrondie.<\/p><h2>Comment sont d\u00e9termin\u00e9s les prix de la Jawline ?<\/h2><p>Les prix de l'op\u00e9ration de la m\u00e2choire peuvent varier en fonction de divers facteurs. Les prix peuvent varier selon que l'intervention est chirurgicale ou non chirurgicale, les techniques utilis\u00e9es et le processus de traitement. Les interventions pour l'esth\u00e9tique de la m\u00e2choire comprennent des m\u00e9thodes telles que les applications de remplissage, la liposuccion, la correction osseuse. Les prix peuvent donc varier en fonction des besoins de la personne et des m\u00e9thodes utilis\u00e9es. Un bon chirurgien plasticien analyse les caract\u00e9ristiques faciales du patient et propose la solution la plus adapt\u00e9e, et le prix est fix\u00e9 en cons\u00e9quence.<\/p><h2>Quelles sont les m\u00e9thodes utilis\u00e9es pour l'esth\u00e9tique de la m\u00e2choire ?<\/h2><p>Il existe plusieurs m\u00e9thodes diff\u00e9rentes pour la ligne des m\u00e2choires. Elles peuvent \u00eatre class\u00e9es en deux cat\u00e9gories principales : les interventions chirurgicales et les solutions non chirurgicales :<\/p><ol><li>Esth\u00e9tique chirurgicale de la m\u00e2choire : L'esth\u00e9tique du contour de la m\u00e2choire peut \u00eatre r\u00e9alis\u00e9e par des proc\u00e9dures chirurgicales telles que la correction de l'os de la m\u00e2choire, les implants de pointe de m\u00e2choire ou la r\u00e9duction de la m\u00e2choire. Ces proc\u00e9dures permettent d'obtenir des r\u00e9sultats plus permanents et plus marqu\u00e9s.<\/li><li>M\u00e9thodes non chirurgicales : La ligne des m\u00e2choires peut \u00e9galement \u00eatre model\u00e9e par des m\u00e9thodes non chirurgicales telles que les produits de comblement de la ligne des m\u00e2choires, les applications de botox et la liposuccion. Ces m\u00e9thodes n\u00e9cessitent g\u00e9n\u00e9ralement moins de temps de r\u00e9cup\u00e9ration et donnent des r\u00e9sultats rapides.<\/li><\/ol><h2>Comment se d\u00e9roule le processus de gu\u00e9rison apr\u00e8s l'op\u00e9ration Jawline ?<\/h2><p>Le processus de gu\u00e9rison apr\u00e8s l'intervention Jawline peut varier en fonction de la m\u00e9thode utilis\u00e9e. Bien que la p\u00e9riode de r\u00e9tablissement puisse \u00eatre plus longue dans le cas des interventions chirurgicales, les m\u00e9thodes non chirurgicales offrent g\u00e9n\u00e9ralement un processus de r\u00e9tablissement plus rapide. Apr\u00e8s une chirurgie de la m\u00e2choire, les patients peuvent reprendre leurs activit\u00e9s quotidiennes en quelques jours, alors que le r\u00e9tablissement complet apr\u00e8s une intervention chirurgicale prend g\u00e9n\u00e9ralement plusieurs semaines. Votre chirurgien plasticien vous fera des recommandations pour acc\u00e9l\u00e9rer le processus de gu\u00e9rison et minimiser le risque de complications.<\/p><h2>Am\u00e9liorer les proportions du visage gr\u00e2ce \u00e0 l'esth\u00e9tique de la m\u00e2choire<\/h2><p>L'esth\u00e9tique de la m\u00e2choire renforce l'harmonie de la ligne faciale globale en rendant la partie inf\u00e9rieure du visage plus proportionnelle. Une m\u00e2choire plus pro\u00e9minente donne au visage un aspect plus \u00e9quilibr\u00e9 et plus sym\u00e9trique. L'harmonie de toutes les lignes du visage fait une grande diff\u00e9rence en termes d'esth\u00e9tique. La chirurgie de la m\u00e2choire offre une solution efficace, en particulier pour ceux qui souhaitent renforcer l'effet des traits du visage.<\/p><h2>Am\u00e9liorer les proportions du visage gr\u00e2ce \u00e0 l'esth\u00e9tique de la m\u00e2choire<\/h2><p>L'esth\u00e9tique de la m\u00e2choire renforce l'harmonie de la ligne faciale globale en rendant la partie inf\u00e9rieure du visage plus proportionnelle. Une m\u00e2choire plus pro\u00e9minente donne au visage un aspect plus \u00e9quilibr\u00e9 et plus sym\u00e9trique. L'harmonie de toutes les lignes du visage fait une grande diff\u00e9rence en termes d'esth\u00e9tique. La chirurgie de la m\u00e2choire offre une solution efficace, en particulier pour ceux souhaitent renforcer l'effet des traits du visage.<\/p><h2>Que faut-il envisager apr\u00e8s l'esth\u00e9tique de la m\u00e2choire ?<\/h2><p>Il y a quelques points importants \u00e0 prendre en compte pendant le processus de gu\u00e9rison apr\u00e8s l'esth\u00e9tique de la m\u00e2choire. En particulier apr\u00e8s une intervention chirurgicale, des conditions temporaires telles que des gonflements et des ecchymoses peuvent survenir. En suivant les recommandations de votre m\u00e9decin, vous pouvez acc\u00e9l\u00e9rer le processus de gu\u00e9rison et obtenir des r\u00e9sultats plus sains. Avec les m\u00e9thodes non chirurgicales, la p\u00e9riode de convalescence est g\u00e9n\u00e9ralement plus courte et le retour \u00e0 la vie normale est plus rapide.<\/p><h2>Modification des contours du visage avec la ligne de la m\u00e2choire<\/h2><p>La chirurgie de la m\u00e2choire apporte un changement significatif non seulement au niveau du menton, mais aussi au niveau de l'ensemble des contours du visage. Le contour de la m\u00e2choire rend le menton plus pro\u00e9minent, les traits du visage plus nets et le profil plus profond. Ces changements se traduisent souvent par une apparence plus jeune et plus dynamique. L'esth\u00e9tique du contour des m\u00e2choires est une excellente option pour les personnes qui souhaitent am\u00e9liorer les traits de leur visage de mani\u00e8re naturelle.<\/p>\t\t\t\t\t\t\t\t<\/div>\n\t\t\t\t<\/div>\n\t\t\t\t\t<\/div>\n\t\t\t\t<\/div>\n\t\t\t\t<\/div>","protected":false},"excerpt":{"rendered":"<p>Ortalama Kal\u0131\u015f S\u00fcresi 7 G\u00fcn Hastanede Yat\u0131\u015f S\u00fcresi 1 G\u00fcn Operasyon S\u00fcresi 2-4 Saat Anestezi T\u00fcr\u00fc Genel Anestezi \u0130yile\u015fme S\u00fcresi<\/p>","protected":false},"author":1,"featured_media":0,"parent":0,"menu_order":0,"comment_status":"closed","ping_status":"closed","template":"","meta":{"footnotes":""},"class_list":["post-27847","page","type-page","status-publish","hentry"],"_links":{"self":[{"href":"https:\/\/westestetik.com\/fr\/wp-json\/wp\/v2\/pages\/27847","targetHints":{"allow":["GET"]}}],"collection":[{"href":"https:\/\/westestetik.com\/fr\/wp-json\/wp\/v2\/pages"}],"about":[{"href":"https:\/\/westestetik.com\/fr\/wp-json\/wp\/v2\/types\/page"}],"author":[{"embeddable":true,"href":"https:\/\/westestetik.com\/fr\/wp-json\/wp\/v2\/users\/1"}],"replies":[{"embeddable":true,"href":"https:\/\/westestetik.com\/fr\/wp-json\/wp\/v2\/comments?post=27847"}],"version-history":[{"count":13,"href":"https:\/\/westestetik.com\/fr\/wp-json\/wp\/v2\/pages\/27847\/revisions"}],"predecessor-version":[{"id":30816,"href":"https:\/\/westestetik.com\/fr\/wp-json\/wp\/v2\/pages\/27847\/revisions\/30816"}],"wp:attachment":[{"href":"https:\/\/westestetik.com\/fr\/wp-json\/wp\/v2\/media?parent=27847"}],"curies":[{"name":"wp","href":"https:\/\/api.w.org\/{rel}","templated":true}]}}