{"id":27845,"date":"2024-12-02T23:24:33","date_gmt":"2024-12-02T23:24:33","guid":{"rendered":"https:\/\/westestetik.com\/?page_id=27845"},"modified":"2024-12-25T13:47:05","modified_gmt":"2024-12-25T13:47:05","slug":"comblement-de-la-lumiere-sous-les-yeux","status":"publish","type":"page","link":"https:\/\/westestetik.com\/fr\/comblement-de-la-lumiere-sous-les-yeux\/","title":{"rendered":"Comblement de la Lumi\u00e8re Sous les Yeux"},"content":{"rendered":"<div data-elementor-type=\"wp-page\" data-elementor-id=\"27845\" class=\"elementor elementor-27845\" data-elementor-post-type=\"page\">\n\t\t\t\t<div class=\"elementor-element elementor-element-22c0030a e-con-full e-flex e-con e-parent\" data-id=\"22c0030a\" data-element_type=\"container\">\n\t\t<div class=\"elementor-element elementor-element-56364424 e-con-full e-flex e-con e-child\" data-id=\"56364424\" data-element_type=\"container\">\n\t\t\t\t<div class=\"elementor-element elementor-element-4b3bfab3 elementor-widget elementor-widget-image\" data-id=\"4b3bfab3\" data-element_type=\"widget\" data-widget_type=\"image.default\">\n\t\t\t\t<div class=\"elementor-widget-container\">\n\t\t\t\t\t\t\t\t\t\t\t\t\t\t\t<img decoding=\"async\" width=\"100\" height=\"100\" src=\"https:\/\/westestetik.com\/wp-content\/uploads\/2024\/12\/1-4.png\" class=\"attachment-large size-large wp-image-28814\" alt=\"\" srcset=\"https:\/\/westestetik.com\/wp-content\/uploads\/2024\/12\/1-4.png 100w, https:\/\/westestetik.com\/wp-content\/uploads\/2024\/12\/1-4-12x12.png 12w\" sizes=\"(max-width: 100px) 100vw, 100px\" \/>\t\t\t\t\t\t\t\t\t\t\t\t\t\t\t<\/div>\n\t\t\t\t<\/div>\n\t\t\t\t<\/div>\n\t\t<div class=\"elementor-element elementor-element-1ec33b2b e-con-full e-flex e-con e-child\" data-id=\"1ec33b2b\" data-element_type=\"container\">\n\t\t\t\t<div class=\"elementor-element elementor-element-45538b8d elementor-widget elementor-widget-image\" data-id=\"45538b8d\" data-element_type=\"widget\" data-widget_type=\"image.default\">\n\t\t\t\t<div class=\"elementor-widget-container\">\n\t\t\t\t\t\t\t\t\t\t\t\t\t\t\t<img decoding=\"async\" width=\"100\" height=\"100\" src=\"https:\/\/westestetik.com\/wp-content\/uploads\/2024\/12\/2-5.png\" class=\"attachment-large size-large wp-image-28815\" alt=\"\" srcset=\"https:\/\/westestetik.com\/wp-content\/uploads\/2024\/12\/2-5.png 100w, https:\/\/westestetik.com\/wp-content\/uploads\/2024\/12\/2-5-12x12.png 12w\" sizes=\"(max-width: 100px) 100vw, 100px\" \/>\t\t\t\t\t\t\t\t\t\t\t\t\t\t\t<\/div>\n\t\t\t\t<\/div>\n\t\t\t\t<\/div>\n\t\t<div class=\"elementor-element elementor-element-735a0e96 e-con-full e-flex e-con e-child\" data-id=\"735a0e96\" data-element_type=\"container\">\n\t\t\t\t<div class=\"elementor-element elementor-element-620a5f62 elementor-widget elementor-widget-image\" data-id=\"620a5f62\" data-element_type=\"widget\" data-widget_type=\"image.default\">\n\t\t\t\t<div class=\"elementor-widget-container\">\n\t\t\t\t\t\t\t\t\t\t\t\t\t\t\t<img decoding=\"async\" width=\"100\" height=\"100\" src=\"https:\/\/westestetik.com\/wp-content\/uploads\/2024\/12\/3-1.png\" class=\"attachment-large size-large wp-image-28816\" alt=\"\" srcset=\"https:\/\/westestetik.com\/wp-content\/uploads\/2024\/12\/3-1.png 100w, https:\/\/westestetik.com\/wp-content\/uploads\/2024\/12\/3-1-12x12.png 12w\" sizes=\"(max-width: 100px) 100vw, 100px\" \/>\t\t\t\t\t\t\t\t\t\t\t\t\t\t\t<\/div>\n\t\t\t\t<\/div>\n\t\t\t\t<\/div>\n\t\t<div class=\"elementor-element elementor-element-504106a6 e-con-full e-flex e-con e-child\" data-id=\"504106a6\" data-element_type=\"container\">\n\t\t\t\t<div class=\"elementor-element elementor-element-789fa16c elementor-widget elementor-widget-image\" data-id=\"789fa16c\" data-element_type=\"widget\" data-widget_type=\"image.default\">\n\t\t\t\t<div class=\"elementor-widget-container\">\n\t\t\t\t\t\t\t\t\t\t\t\t\t\t\t<img loading=\"lazy\" decoding=\"async\" width=\"100\" height=\"100\" src=\"https:\/\/westestetik.com\/wp-content\/uploads\/2024\/12\/4-1.png\" class=\"attachment-large size-large wp-image-28817\" alt=\"\" srcset=\"https:\/\/westestetik.com\/wp-content\/uploads\/2024\/12\/4-1.png 100w, https:\/\/westestetik.com\/wp-content\/uploads\/2024\/12\/4-1-12x12.png 12w\" sizes=\"(max-width: 100px) 100vw, 100px\" \/>\t\t\t\t\t\t\t\t\t\t\t\t\t\t\t<\/div>\n\t\t\t\t<\/div>\n\t\t\t\t<\/div>\n\t\t<div class=\"elementor-element elementor-element-66ae2866 e-con-full e-flex e-con e-child\" data-id=\"66ae2866\" data-element_type=\"container\">\n\t\t\t\t<div class=\"elementor-element elementor-element-5085cac7 elementor-widget elementor-widget-image\" data-id=\"5085cac7\" data-element_type=\"widget\" data-widget_type=\"image.default\">\n\t\t\t\t<div class=\"elementor-widget-container\">\n\t\t\t\t\t\t\t\t\t\t\t\t\t\t\t<img loading=\"lazy\" decoding=\"async\" width=\"100\" height=\"100\" src=\"https:\/\/westestetik.com\/wp-content\/uploads\/2024\/12\/5-1.png\" class=\"attachment-large size-large wp-image-28818\" alt=\"\" srcset=\"https:\/\/westestetik.com\/wp-content\/uploads\/2024\/12\/5-1.png 100w, https:\/\/westestetik.com\/wp-content\/uploads\/2024\/12\/5-1-12x12.png 12w\" sizes=\"(max-width: 100px) 100vw, 100px\" \/>\t\t\t\t\t\t\t\t\t\t\t\t\t\t\t<\/div>\n\t\t\t\t<\/div>\n\t\t\t\t<\/div>\n\t\t\t\t<\/div>\n\t\t<div class=\"wd-negative-gap elementor-element elementor-element-15c182e1 e-flex e-con-boxed e-con e-parent\" data-id=\"15c182e1\" data-element_type=\"container\">\n\t\t\t\t\t<div class=\"e-con-inner\">\n\t\t<div class=\"elementor-element elementor-element-3e41afc e-con-full e-flex e-con e-child\" data-id=\"3e41afc\" data-element_type=\"container\">\n\t\t\t\t<div class=\"elementor-element elementor-element-23576258 wd-width-100 elementor-widget elementor-widget-wd_title\" data-id=\"23576258\" data-element_type=\"widget\" data-widget_type=\"wd_title.default\">\n\t\t\t\t<div class=\"elementor-widget-container\">\n\t\t\t\t\t\t\t<div class=\"title-wrapper set-mb-s reset-last-child wd-title-color-default wd-title-style-default wd-title-size-default text-center\">\n\n\t\t\t\t\t\t\t<div class=\"title-subtitle subtitle-color-default subtitle-style-default wd-fontsize-xs\">\n\t\t\t\t\tDur\u00e9e moyenne du s\u00e9jour\t\t\t\t<\/div>\n\t\t\t\n\t\t\t<div class=\"liner-continer\">\n\t\t\t\t<p class=\"woodmart-title-container title wd-fontsize-l\">7 jours<\/p> \n\t\t\t\t\t\t\t<\/div>\n\n\t\t\t\t\t<\/div>\n\t\t\t\t\t\t<\/div>\n\t\t\t\t<\/div>\n\t\t\t\t<\/div>\n\t\t<div class=\"elementor-element elementor-element-5d46c7bd e-con-full e-flex e-con e-child\" data-id=\"5d46c7bd\" data-element_type=\"container\">\n\t\t\t\t<div class=\"elementor-element elementor-element-56feb621 wd-width-100 elementor-widget elementor-widget-wd_title\" data-id=\"56feb621\" data-element_type=\"widget\" data-widget_type=\"wd_title.default\">\n\t\t\t\t<div class=\"elementor-widget-container\">\n\t\t\t\t\t\t\t<div class=\"title-wrapper set-mb-s reset-last-child wd-title-color-default wd-title-style-default wd-title-size-default text-center\">\n\n\t\t\t\t\t\t\t<div class=\"title-subtitle subtitle-color-default subtitle-style-default wd-fontsize-xs\">\n\t\t\t\t\tDur\u00e9e de l'hospitalisation\t\t\t\t<\/div>\n\t\t\t\n\t\t\t<div class=\"liner-continer\">\n\t\t\t\t<p class=\"woodmart-title-container title wd-fontsize-l\">1 jour<\/p> \n\t\t\t\t\t\t\t<\/div>\n\n\t\t\t\t\t<\/div>\n\t\t\t\t\t\t<\/div>\n\t\t\t\t<\/div>\n\t\t\t\t<\/div>\n\t\t<div class=\"elementor-element elementor-element-5fd8ffeb e-con-full e-flex e-con e-child\" data-id=\"5fd8ffeb\" data-element_type=\"container\">\n\t\t\t\t<div class=\"elementor-element elementor-element-247f6243 wd-width-100 elementor-widget elementor-widget-wd_title\" data-id=\"247f6243\" data-element_type=\"widget\" data-widget_type=\"wd_title.default\">\n\t\t\t\t<div class=\"elementor-widget-container\">\n\t\t\t\t\t\t\t<div class=\"title-wrapper set-mb-s reset-last-child wd-title-color-default wd-title-style-default wd-title-size-default text-center\">\n\n\t\t\t\t\t\t\t<div class=\"title-subtitle subtitle-color-default subtitle-style-default wd-fontsize-xs\">\n\t\t\t\t\tDur\u00e9e de l'op\u00e9ration\t\t\t\t<\/div>\n\t\t\t\n\t\t\t<div class=\"liner-continer\">\n\t\t\t\t<p class=\"woodmart-title-container title wd-fontsize-l\">2-4 heures<\/p> \n\t\t\t\t\t\t\t<\/div>\n\n\t\t\t\t\t<\/div>\n\t\t\t\t\t\t<\/div>\n\t\t\t\t<\/div>\n\t\t\t\t<\/div>\n\t\t<div class=\"elementor-element elementor-element-6e6e7ae6 e-con-full e-flex e-con e-child\" data-id=\"6e6e7ae6\" data-element_type=\"container\">\n\t\t\t\t<div class=\"elementor-element elementor-element-5c791ae5 wd-width-100 elementor-widget elementor-widget-wd_title\" data-id=\"5c791ae5\" data-element_type=\"widget\" data-widget_type=\"wd_title.default\">\n\t\t\t\t<div class=\"elementor-widget-container\">\n\t\t\t\t\t\t\t<div class=\"title-wrapper set-mb-s reset-last-child wd-title-color-default wd-title-style-default wd-title-size-default text-center\">\n\n\t\t\t\t\t\t\t<div class=\"title-subtitle subtitle-color-default subtitle-style-default wd-fontsize-xs\">\n\t\t\t\t\tType d'anesth\u00e9sie\t\t\t\t<\/div>\n\t\t\t\n\t\t\t<div class=\"liner-continer\">\n\t\t\t\t<p class=\"woodmart-title-container title wd-fontsize-l\">Anesth\u00e9sie g\u00e9n\u00e9rale<\/p> \n\t\t\t\t\t\t\t<\/div>\n\n\t\t\t\t\t<\/div>\n\t\t\t\t\t\t<\/div>\n\t\t\t\t<\/div>\n\t\t\t\t<\/div>\n\t\t<div class=\"elementor-element elementor-element-2ed57cbc e-con-full e-flex e-con e-child\" data-id=\"2ed57cbc\" data-element_type=\"container\">\n\t\t\t\t<div class=\"elementor-element elementor-element-426543de wd-width-100 elementor-widget elementor-widget-wd_title\" data-id=\"426543de\" data-element_type=\"widget\" data-widget_type=\"wd_title.default\">\n\t\t\t\t<div class=\"elementor-widget-container\">\n\t\t\t\t\t\t\t<div class=\"title-wrapper set-mb-s reset-last-child wd-title-color-default wd-title-style-default wd-title-size-default text-center\">\n\n\t\t\t\t\t\t\t<div class=\"title-subtitle subtitle-color-default subtitle-style-default wd-fontsize-xs\">\n\t\t\t\t\tD\u00e9lai de r\u00e9cup\u00e9ration\t\t\t\t<\/div>\n\t\t\t\n\t\t\t<div class=\"liner-continer\">\n\t\t\t\t<p class=\"woodmart-title-container title wd-fontsize-l\">1-2 semaines<\/p> \n\t\t\t\t\t\t\t<\/div>\n\n\t\t\t\t\t<\/div>\n\t\t\t\t\t\t<\/div>\n\t\t\t\t<\/div>\n\t\t\t\t<\/div>\n\t\t\t\t\t<\/div>\n\t\t\t\t<\/div>\n\t\t<div class=\"wd-negative-gap elementor-element elementor-element-e94d3d1 e-flex e-con-boxed e-con e-parent\" data-id=\"e94d3d1\" data-element_type=\"container\">\n\t\t\t\t\t<div class=\"e-con-inner\">\n\t\t\t\t<div class=\"elementor-element elementor-element-b6776e8 color-scheme-inherit text-left elementor-widget elementor-widget-text-editor\" data-id=\"b6776e8\" data-element_type=\"widget\" data-widget_type=\"text-editor.default\">\n\t\t\t\t<div class=\"elementor-widget-container\">\n\t\t\t\t\t\t\t\t\t<p><span style=\"font-weight: 400;\">Le comblement de lumi\u00e8re sous les yeux est une solution efficace qui s'est impos\u00e9e ces derni\u00e8res ann\u00e9es dans le monde de l'esth\u00e9tique. Il joue un r\u00f4le majeur dans l'\u00e9limination des bleus sous les yeux et des d\u00e9pressions caus\u00e9es par la fatigue, l'insomnie, les facteurs g\u00e9n\u00e9tiques ou le vieillissement. Cette intervention, r\u00e9alis\u00e9e avec des produits de comblement tels que l'acide hyaluronique, permet d'hydrater et d'\u00e9claircir la peau tout en compensant la perte de volume de la zone sous les yeux.<\/span><\/p><h2><span style=\"font-weight: 400;\">Qu'est-ce que le comblement de la lumi\u00e8re sous les yeux ?<\/span><\/h2><p><span style=\"font-weight: 400;\">Le comblement de lumi\u00e8re sous les yeux est une intervention esth\u00e9tique r\u00e9alis\u00e9e pour \u00e9liminer les cernes, les bleus et l'aspect fatigu\u00e9 sous les yeux. Cette proc\u00e9dure consiste \u00e0 injecter des produits de comblement tels que l'acide hyaluronique sous les yeux. Tout en hydratant la peau, le comblement de lumi\u00e8re sous les yeux compense \u00e9galement la perte de volume, ce qui permet d'obtenir une apparence plus fra\u00eeche et plus jeune.<\/span><\/p><h2><span style=\"font-weight: 400;\">A qui s'adresse le comblement de lumi\u00e8re sous les yeux ?<\/span><\/h2><p><span style=\"font-weight: 400;\">Le comblement lumineux sous les yeux convient \u00e0 toutes les personnes qui pr\u00e9sentent des ecchymoses, des ridules ou une perte de volume dans la zone sous les yeux. Il peut \u00e9galement s'appliquer aux personnes dont les cernes sont dus \u00e0 des pr\u00e9dispositions g\u00e9n\u00e9tiques. Cependant, cette proc\u00e9dure donne les r\u00e9sultats les plus appropri\u00e9s pour les personnes qui ne posent aucun probl\u00e8me de sant\u00e9 et qui ont des pr\u00e9occupations esth\u00e9tiques.<\/span><\/p><h2><span style=\"font-weight: 400;\">Comment se fait le comblement de la lumi\u00e8re sous les yeux ?<\/span><\/h2><p><span style=\"font-weight: 400;\">La proc\u00e9dure de comblement de la lumi\u00e8re sous les yeux doit \u00eatre effectu\u00e9e par un m\u00e9decin sp\u00e9cialiste. Avant l'intervention, la zone est insensibilis\u00e9e \u00e0 l'aide d'une cr\u00e8me anesth\u00e9siante. Ensuite, le produit de comblement contenant de l'acide hyaluronique est inject\u00e9 dans la zone sous les yeux \u00e0 l'aide de fines aiguilles. Cette proc\u00e9dure dure g\u00e9n\u00e9ralement de 20 \u00e0 30 minutes. Elle ne laisse pas de coupures ou de cicatrices apr\u00e8s l'intervention, mais il peut y avoir de l\u00e9g\u00e8res ecchymoses (bleus) ou un gonflement.<\/span><\/p><h2><span style=\"font-weight: 400;\">Quels sont les avantages du comblement de la lumi\u00e8re sous les yeux ?<\/span><\/h2><p><span style=\"font-weight: 400;\">Le comblement de la lumi\u00e8re sous les yeux offre de nombreux avantages. Tout d'abord, il \u00e9claircit les cernes sous les yeux et \u00e9limine l'aspect fatigu\u00e9. En outre, il r\u00e9tablit l'\u00e9quilibre hydrique de la peau, ce qui permet d'obtenir une apparence plus vivante et plus lisse. Les d\u00e9pressions caus\u00e9es par la perte de volume sont \u00e9galement combl\u00e9es, r\u00e9v\u00e9lant ainsi une ligne faciale plus jeune et plus vigoureuse.\n\nTraduit avec DeepL.com (version gratuite)<\/span><\/p><h2><span style=\"font-weight: 400;\">Combien de temps dure l'application d'un produit de comblement sous les yeux ?<\/span><\/h2><p><span style=\"font-weight: 400;\">L'application d'un comblement de lumi\u00e8re sous les yeux dure g\u00e9n\u00e9ralement entre 20 et 30 minutes. Cette proc\u00e9dure rapide n'emp\u00eache pas le retour \u00e0 la vie quotidienne et vous pouvez reprendre votre vie normale le jour m\u00eame. L'effet est visible imm\u00e9diatement, mais les r\u00e9sultats complets apparaissent au bout de quelques jours.<\/span><\/p><h2><span style=\"font-weight: 400;\">Processus de gu\u00e9rison apr\u00e8s un comblement de lumi\u00e8re sous les yeux<\/span><\/h2><p><span style=\"font-weight: 400;\">Le processus de gu\u00e9rison apr\u00e8s un comblement de lumi\u00e8re sous les yeux est assez court. La plupart des personnes ne ressentent ni douleur ni gonflement apr\u00e8s l'intervention. Une l\u00e9g\u00e8re ecchymose ou un l\u00e9ger gonflement peuvent appara\u00eetre, mais ils disparaissent en quelques jours. Apr\u00e8s l'intervention, l'application d'une compresse froide sur la zone peut acc\u00e9l\u00e9rer le processus de gu\u00e9rison.<\/span><\/p><h2><span style=\"font-weight: 400;\">Prix du comblement de la lumi\u00e8re sous les yeux\u00a0<\/span><\/h2><p><span style=\"font-weight: 400;\">Les prix du comblement de la lumi\u00e8re sous les yeux peuvent varier en fonction de la clinique o\u00f9 l'application sera r\u00e9alis\u00e9e, du produit de comblement utilis\u00e9 et du niveau d'expertise. Toutefois, les prix peuvent varier en fonction de la qualit\u00e9 de la proc\u00e9dure et des propri\u00e9t\u00e9s des mat\u00e9riaux utilis\u00e9s.<\/span><\/p><h2><span style=\"font-weight: 400;\">Est-il possible d'\u00e9liminer le regard fatigu\u00e9 avec le comblement de la lumi\u00e8re sous les yeux ?<\/span><\/h2><p><span style=\"font-weight: 400;\">Oui, le light filling sous les yeux offre une solution tr\u00e8s efficace, en particulier pour l'aspect fatigu\u00e9 et les cernes. Les ecchymoses et les d\u00e9pressions de la zone sous les yeux peuvent \u00eatre rapidement r\u00e9par\u00e9es gr\u00e2ce au comblement de lumi\u00e8re. Vous obtiendrez ainsi un regard plus vigoureux et plus frais.<\/span><\/p><h2><span style=\"font-weight: 400;\">Comment traiter les gonflements et les cernes avec le comblement lumineux sous les yeux ?<\/span><\/h2><p><span style=\"font-weight: 400;\">Les poches et les cernes sous les yeux sont g\u00e9n\u00e9ralement dus \u00e0 un manque de sommeil, au stress ou \u00e0 des facteurs g\u00e9n\u00e9tiques. L'injection de lumi\u00e8re sous les yeux est une m\u00e9thode efficace pour traiter ces probl\u00e8mes. Le produit de comblement r\u00e9duit le gonflement et les cernes dans la r\u00e9gion en illuminant les veines sous les yeux et les d\u00e9colorations sous la peau.<\/span><\/p><h2><span style=\"font-weight: 400;\">Risques et effets secondaires de l'application d'un produit de comblement de la lumi\u00e8re sous les yeux<\/span><\/h2><p><span style=\"font-weight: 400;\">Bien que l'injection de lumi\u00e8re sous les yeux soit g\u00e9n\u00e9ralement une proc\u00e9dure s\u00fbre, elle peut comporter certains risques et effets secondaires, comme toute application esth\u00e9tique. Dans de rares cas, un gonflement, des ecchymoses ou une infection peuvent appara\u00eetre. Il est donc tr\u00e8s important que l'intervention soit r\u00e9alis\u00e9e par un m\u00e9decin sp\u00e9cialis\u00e9. Le respect des consignes de soins donn\u00e9es apr\u00e8s l'intervention permet de minimiser les \u00e9ventuels effets secondaires.<\/span><\/p><h2><span style=\"font-weight: 400;\">\u00c9l\u00e9ments \u00e0 prendre en compte apr\u00e8s un comblement de lumi\u00e8re sous les yeux<\/span><\/h2><p><span style=\"font-weight: 400;\">Il y a quelques points importants \u00e0 prendre en compte apr\u00e8s l'intervention. \u00c9vitez de toucher la zone du dessous de l'\u0153il pendant les 24 premi\u00e8res heures. En outre, il convient d'\u00e9viter les applications d'eau trop chaude ou de vapeur et de veiller \u00e0 ne pas s'exposer directement aux rayons du soleil. Ces mesures aideront l'enflure et les ecchymoses \u00e0 dispara\u00eetre plus rapidement.<\/span><\/p><h2><span style=\"font-weight: 400;\">Comment le comblement de la lumi\u00e8re sous les yeux est-il appliqu\u00e9 dans les diff\u00e9rents groupes d'\u00e2ge ?<\/span><\/h2><p><span style=\"font-weight: 400;\">Le comblement de la lumi\u00e8re sous les yeux convient g\u00e9n\u00e9ralement aux personnes \u00e2g\u00e9es de 25 ans et plus. Toutefois, avec l'\u00e2ge, l'application du produit de comblement dans la zone sous les yeux peut n\u00e9cessiter plus d'efforts. Les pr\u00e9occupations esth\u00e9tiques se manifestent g\u00e9n\u00e9ralement \u00e0 un jeune \u00e2ge, et les signes de vieillissement apparaissent avec l'\u00e2ge. Par cons\u00e9quent, l'intervention peut \u00eatre r\u00e9alis\u00e9e en fonction des attentes diff\u00e9rentes de chaque groupe d'\u00e2ge.<\/span><\/p><p>\u00a0<\/p>\t\t\t\t\t\t\t\t<\/div>\n\t\t\t\t<\/div>\n\t\t\t\t\t<\/div>\n\t\t\t\t<\/div>\n\t\t\t\t<\/div>","protected":false},"excerpt":{"rendered":"<p>Ortalama Kal\u0131\u015f S\u00fcresi 7 G\u00fcn Hastanede Yat\u0131\u015f S\u00fcresi 1 G\u00fcn Operasyon S\u00fcresi 2-4 Saat Anestezi T\u00fcr\u00fc Genel Anestezi \u0130yile\u015fme S\u00fcresi<\/p>","protected":false},"author":1,"featured_media":0,"parent":0,"menu_order":0,"comment_status":"closed","ping_status":"closed","template":"","meta":{"footnotes":""},"class_list":["post-27845","page","type-page","status-publish","hentry"],"_links":{"self":[{"href":"https:\/\/westestetik.com\/fr\/wp-json\/wp\/v2\/pages\/27845","targetHints":{"allow":["GET"]}}],"collection":[{"href":"https:\/\/westestetik.com\/fr\/wp-json\/wp\/v2\/pages"}],"about":[{"href":"https:\/\/westestetik.com\/fr\/wp-json\/wp\/v2\/types\/page"}],"author":[{"embeddable":true,"href":"https:\/\/westestetik.com\/fr\/wp-json\/wp\/v2\/users\/1"}],"replies":[{"embeddable":true,"href":"https:\/\/westestetik.com\/fr\/wp-json\/wp\/v2\/comments?post=27845"}],"version-history":[{"count":7,"href":"https:\/\/westestetik.com\/fr\/wp-json\/wp\/v2\/pages\/27845\/revisions"}],"predecessor-version":[{"id":28918,"href":"https:\/\/westestetik.com\/fr\/wp-json\/wp\/v2\/pages\/27845\/revisions\/28918"}],"wp:attachment":[{"href":"https:\/\/westestetik.com\/fr\/wp-json\/wp\/v2\/media?parent=27845"}],"curies":[{"name":"wp","href":"https:\/\/api.w.org\/{rel}","templated":true}]}}