{"id":27840,"date":"2024-12-02T23:23:44","date_gmt":"2024-12-02T23:23:44","guid":{"rendered":"https:\/\/westestetik.com\/?page_id=27840"},"modified":"2024-12-25T13:45:15","modified_gmt":"2024-12-25T13:45:15","slug":"comblement-des-levres","status":"publish","type":"page","link":"https:\/\/westestetik.com\/fr\/comblement-des-levres\/","title":{"rendered":"Comblement des L\u00e8vres"},"content":{"rendered":"<div data-elementor-type=\"wp-page\" data-elementor-id=\"27840\" class=\"elementor elementor-27840\" data-elementor-post-type=\"page\">\n\t\t\t\t<div class=\"elementor-element elementor-element-4543f376 e-con-full e-flex e-con e-parent\" data-id=\"4543f376\" data-element_type=\"container\">\n\t\t<div class=\"elementor-element elementor-element-343d0cd4 e-con-full e-flex e-con e-child\" data-id=\"343d0cd4\" data-element_type=\"container\">\n\t\t\t\t<div class=\"elementor-element elementor-element-18be3e06 elementor-widget elementor-widget-image\" data-id=\"18be3e06\" data-element_type=\"widget\" data-widget_type=\"image.default\">\n\t\t\t\t<div class=\"elementor-widget-container\">\n\t\t\t\t\t\t\t\t\t\t\t\t\t\t\t<img decoding=\"async\" width=\"100\" height=\"100\" src=\"https:\/\/westestetik.com\/wp-content\/uploads\/2024\/12\/1-4.png\" class=\"attachment-large size-large wp-image-28814\" alt=\"\" srcset=\"https:\/\/westestetik.com\/wp-content\/uploads\/2024\/12\/1-4.png 100w, https:\/\/westestetik.com\/wp-content\/uploads\/2024\/12\/1-4-12x12.png 12w\" sizes=\"(max-width: 100px) 100vw, 100px\" \/>\t\t\t\t\t\t\t\t\t\t\t\t\t\t\t<\/div>\n\t\t\t\t<\/div>\n\t\t\t\t<\/div>\n\t\t<div class=\"elementor-element elementor-element-46c19d30 e-con-full e-flex e-con e-child\" data-id=\"46c19d30\" data-element_type=\"container\">\n\t\t\t\t<div class=\"elementor-element elementor-element-5f187858 elementor-widget elementor-widget-image\" data-id=\"5f187858\" data-element_type=\"widget\" data-widget_type=\"image.default\">\n\t\t\t\t<div class=\"elementor-widget-container\">\n\t\t\t\t\t\t\t\t\t\t\t\t\t\t\t<img decoding=\"async\" width=\"100\" height=\"100\" src=\"https:\/\/westestetik.com\/wp-content\/uploads\/2024\/12\/2-5.png\" class=\"attachment-large size-large wp-image-28815\" alt=\"\" srcset=\"https:\/\/westestetik.com\/wp-content\/uploads\/2024\/12\/2-5.png 100w, https:\/\/westestetik.com\/wp-content\/uploads\/2024\/12\/2-5-12x12.png 12w\" sizes=\"(max-width: 100px) 100vw, 100px\" \/>\t\t\t\t\t\t\t\t\t\t\t\t\t\t\t<\/div>\n\t\t\t\t<\/div>\n\t\t\t\t<\/div>\n\t\t<div class=\"elementor-element elementor-element-9cb173e e-con-full e-flex e-con e-child\" data-id=\"9cb173e\" data-element_type=\"container\">\n\t\t\t\t<div class=\"elementor-element elementor-element-3c327db4 elementor-widget elementor-widget-image\" data-id=\"3c327db4\" data-element_type=\"widget\" data-widget_type=\"image.default\">\n\t\t\t\t<div class=\"elementor-widget-container\">\n\t\t\t\t\t\t\t\t\t\t\t\t\t\t\t<img decoding=\"async\" width=\"100\" height=\"100\" src=\"https:\/\/westestetik.com\/wp-content\/uploads\/2024\/12\/3-1.png\" class=\"attachment-large size-large wp-image-28816\" alt=\"\" srcset=\"https:\/\/westestetik.com\/wp-content\/uploads\/2024\/12\/3-1.png 100w, https:\/\/westestetik.com\/wp-content\/uploads\/2024\/12\/3-1-12x12.png 12w\" sizes=\"(max-width: 100px) 100vw, 100px\" \/>\t\t\t\t\t\t\t\t\t\t\t\t\t\t\t<\/div>\n\t\t\t\t<\/div>\n\t\t\t\t<\/div>\n\t\t<div class=\"elementor-element elementor-element-bb7ff41 e-con-full e-flex e-con e-child\" data-id=\"bb7ff41\" data-element_type=\"container\">\n\t\t\t\t<div class=\"elementor-element elementor-element-60505f83 elementor-widget elementor-widget-image\" data-id=\"60505f83\" data-element_type=\"widget\" data-widget_type=\"image.default\">\n\t\t\t\t<div class=\"elementor-widget-container\">\n\t\t\t\t\t\t\t\t\t\t\t\t\t\t\t<img loading=\"lazy\" decoding=\"async\" width=\"100\" height=\"100\" src=\"https:\/\/westestetik.com\/wp-content\/uploads\/2024\/12\/4-1.png\" class=\"attachment-large size-large wp-image-28817\" alt=\"\" srcset=\"https:\/\/westestetik.com\/wp-content\/uploads\/2024\/12\/4-1.png 100w, https:\/\/westestetik.com\/wp-content\/uploads\/2024\/12\/4-1-12x12.png 12w\" sizes=\"(max-width: 100px) 100vw, 100px\" \/>\t\t\t\t\t\t\t\t\t\t\t\t\t\t\t<\/div>\n\t\t\t\t<\/div>\n\t\t\t\t<\/div>\n\t\t<div class=\"elementor-element elementor-element-3805de2a e-con-full e-flex e-con e-child\" data-id=\"3805de2a\" data-element_type=\"container\">\n\t\t\t\t<div class=\"elementor-element elementor-element-7996254 elementor-widget elementor-widget-image\" data-id=\"7996254\" data-element_type=\"widget\" data-widget_type=\"image.default\">\n\t\t\t\t<div class=\"elementor-widget-container\">\n\t\t\t\t\t\t\t\t\t\t\t\t\t\t\t<img loading=\"lazy\" decoding=\"async\" width=\"100\" height=\"100\" src=\"https:\/\/westestetik.com\/wp-content\/uploads\/2024\/12\/5-1.png\" class=\"attachment-large size-large wp-image-28818\" alt=\"\" srcset=\"https:\/\/westestetik.com\/wp-content\/uploads\/2024\/12\/5-1.png 100w, https:\/\/westestetik.com\/wp-content\/uploads\/2024\/12\/5-1-12x12.png 12w\" sizes=\"(max-width: 100px) 100vw, 100px\" \/>\t\t\t\t\t\t\t\t\t\t\t\t\t\t\t<\/div>\n\t\t\t\t<\/div>\n\t\t\t\t<\/div>\n\t\t\t\t<\/div>\n\t\t<div class=\"wd-negative-gap elementor-element elementor-element-465fb2ea e-flex e-con-boxed e-con e-parent\" data-id=\"465fb2ea\" data-element_type=\"container\">\n\t\t\t\t\t<div class=\"e-con-inner\">\n\t\t<div class=\"elementor-element elementor-element-7923794a e-con-full e-flex e-con e-child\" data-id=\"7923794a\" data-element_type=\"container\">\n\t\t\t\t<div class=\"elementor-element elementor-element-4529ce67 wd-width-100 elementor-widget elementor-widget-wd_title\" data-id=\"4529ce67\" data-element_type=\"widget\" data-widget_type=\"wd_title.default\">\n\t\t\t\t<div class=\"elementor-widget-container\">\n\t\t\t\t\t\t\t<div class=\"title-wrapper set-mb-s reset-last-child wd-title-color-default wd-title-style-default wd-title-size-default text-center\">\n\n\t\t\t\t\t\t\t<div class=\"title-subtitle subtitle-color-default subtitle-style-default wd-fontsize-xs\">\n\t\t\t\t\tDur\u00e9e moyenne du s\u00e9jour\t\t\t\t<\/div>\n\t\t\t\n\t\t\t<div class=\"liner-continer\">\n\t\t\t\t<p class=\"woodmart-title-container title wd-fontsize-l\">7 jours<\/p> \n\t\t\t\t\t\t\t<\/div>\n\n\t\t\t\t\t<\/div>\n\t\t\t\t\t\t<\/div>\n\t\t\t\t<\/div>\n\t\t\t\t<\/div>\n\t\t<div class=\"elementor-element elementor-element-8c0740f e-con-full e-flex e-con e-child\" data-id=\"8c0740f\" data-element_type=\"container\">\n\t\t\t\t<div class=\"elementor-element elementor-element-af5b86e wd-width-100 elementor-widget elementor-widget-wd_title\" data-id=\"af5b86e\" data-element_type=\"widget\" data-widget_type=\"wd_title.default\">\n\t\t\t\t<div class=\"elementor-widget-container\">\n\t\t\t\t\t\t\t<div class=\"title-wrapper set-mb-s reset-last-child wd-title-color-default wd-title-style-default wd-title-size-default text-center\">\n\n\t\t\t\t\t\t\t<div class=\"title-subtitle subtitle-color-default subtitle-style-default wd-fontsize-xs\">\n\t\t\t\t\tDur\u00e9e de l'hospitalisation\t\t\t\t<\/div>\n\t\t\t\n\t\t\t<div class=\"liner-continer\">\n\t\t\t\t<p class=\"woodmart-title-container title wd-fontsize-l\">1 jour<\/p> \n\t\t\t\t\t\t\t<\/div>\n\n\t\t\t\t\t<\/div>\n\t\t\t\t\t\t<\/div>\n\t\t\t\t<\/div>\n\t\t\t\t<\/div>\n\t\t<div class=\"elementor-element elementor-element-4f1a4c56 e-con-full e-flex e-con e-child\" data-id=\"4f1a4c56\" data-element_type=\"container\">\n\t\t\t\t<div class=\"elementor-element elementor-element-75a62c04 wd-width-100 elementor-widget elementor-widget-wd_title\" data-id=\"75a62c04\" data-element_type=\"widget\" data-widget_type=\"wd_title.default\">\n\t\t\t\t<div class=\"elementor-widget-container\">\n\t\t\t\t\t\t\t<div class=\"title-wrapper set-mb-s reset-last-child wd-title-color-default wd-title-style-default wd-title-size-default text-center\">\n\n\t\t\t\t\t\t\t<div class=\"title-subtitle subtitle-color-default subtitle-style-default wd-fontsize-xs\">\n\t\t\t\t\tDur\u00e9e de l'op\u00e9ration\t\t\t\t<\/div>\n\t\t\t\n\t\t\t<div class=\"liner-continer\">\n\t\t\t\t<p class=\"woodmart-title-container title wd-fontsize-l\">2-4 heures<\/p> \n\t\t\t\t\t\t\t<\/div>\n\n\t\t\t\t\t<\/div>\n\t\t\t\t\t\t<\/div>\n\t\t\t\t<\/div>\n\t\t\t\t<\/div>\n\t\t<div class=\"elementor-element elementor-element-3e4d1fec e-con-full e-flex e-con e-child\" data-id=\"3e4d1fec\" data-element_type=\"container\">\n\t\t\t\t<div class=\"elementor-element elementor-element-13f5d97b wd-width-100 elementor-widget elementor-widget-wd_title\" data-id=\"13f5d97b\" data-element_type=\"widget\" data-widget_type=\"wd_title.default\">\n\t\t\t\t<div class=\"elementor-widget-container\">\n\t\t\t\t\t\t\t<div class=\"title-wrapper set-mb-s reset-last-child wd-title-color-default wd-title-style-default wd-title-size-default text-center\">\n\n\t\t\t\t\t\t\t<div class=\"title-subtitle subtitle-color-default subtitle-style-default wd-fontsize-xs\">\n\t\t\t\t\tType d'anesth\u00e9sie\t\t\t\t<\/div>\n\t\t\t\n\t\t\t<div class=\"liner-continer\">\n\t\t\t\t<p class=\"woodmart-title-container title wd-fontsize-l\">Anesth\u00e9sie g\u00e9n\u00e9rale<\/p> \n\t\t\t\t\t\t\t<\/div>\n\n\t\t\t\t\t<\/div>\n\t\t\t\t\t\t<\/div>\n\t\t\t\t<\/div>\n\t\t\t\t<\/div>\n\t\t<div class=\"elementor-element elementor-element-3a73b15 e-con-full e-flex e-con e-child\" data-id=\"3a73b15\" data-element_type=\"container\">\n\t\t\t\t<div class=\"elementor-element elementor-element-3a3eeff9 wd-width-100 elementor-widget elementor-widget-wd_title\" data-id=\"3a3eeff9\" data-element_type=\"widget\" data-widget_type=\"wd_title.default\">\n\t\t\t\t<div class=\"elementor-widget-container\">\n\t\t\t\t\t\t\t<div class=\"title-wrapper set-mb-s reset-last-child wd-title-color-default wd-title-style-default wd-title-size-default text-center\">\n\n\t\t\t\t\t\t\t<div class=\"title-subtitle subtitle-color-default subtitle-style-default wd-fontsize-xs\">\n\t\t\t\t\tD\u00e9lai de r\u00e9cup\u00e9ration\t\t\t\t<\/div>\n\t\t\t\n\t\t\t<div class=\"liner-continer\">\n\t\t\t\t<p class=\"woodmart-title-container title wd-fontsize-l\">1-2 semaines<\/p> \n\t\t\t\t\t\t\t<\/div>\n\n\t\t\t\t\t<\/div>\n\t\t\t\t\t\t<\/div>\n\t\t\t\t<\/div>\n\t\t\t\t<\/div>\n\t\t\t\t\t<\/div>\n\t\t\t\t<\/div>\n\t\t<div class=\"wd-negative-gap elementor-element elementor-element-f28cbd7 e-flex e-con-boxed e-con e-parent\" data-id=\"f28cbd7\" data-element_type=\"container\">\n\t\t\t\t\t<div class=\"e-con-inner\">\n\t\t\t\t<div class=\"elementor-element elementor-element-ccaa5af color-scheme-inherit text-left elementor-widget elementor-widget-text-editor\" data-id=\"ccaa5af\" data-element_type=\"widget\" data-widget_type=\"text-editor.default\">\n\t\t\t\t<div class=\"elementor-widget-container\">\n\t\t\t\t\t\t\t\t\t<p><span style=\"font-weight: 400;\">L'augmentation des l\u00e8vres est une application qui est devenue tr\u00e8s populaire dans le monde de l'esth\u00e9tique ces derni\u00e8res ann\u00e9es. La forme, le volume et la pl\u00e9nitude des l\u00e8vres occupent une place importante dans l'esth\u00e9tique du visage. Des l\u00e8vres qui s'amincissent ou qui perdent du volume avec le temps peuvent avoir un impact n\u00e9gatif sur la confiance en soi. L'augmentation des l\u00e8vres est une proc\u00e9dure peu invasive r\u00e9alis\u00e9e avec des substances s\u00fbres telles que l'acide hyaluronique, qui donne aux l\u00e8vres une apparence plus pleine, plus pro\u00e9minente et plus naturelle. Cette intervention ne r\u00e9pond pas seulement \u00e0 des pr\u00e9occupations d'ordre esth\u00e9tique, mais peut \u00e9galement rendre les traits de votre visage plus \u00e9quilibr\u00e9s.\u00a0<\/span><\/p><h2><span style=\"font-weight: 400;\">Qu'est-ce que le comblement des l\u00e8vres et comment est-il appliqu\u00e9 ?<\/span><\/h2><p><span style=\"font-weight: 400;\">L'augmentation des l\u00e8vres est une intervention esth\u00e9tique visant \u00e0 augmenter le volume des l\u00e8vres, \u00e0 corriger leur forme ou \u00e0 les rendre plus pro\u00e9minentes. Cette proc\u00e9dure est g\u00e9n\u00e9ralement r\u00e9alis\u00e9e avec des produits de comblement contenant de l'acide hyaluronique. L'augmentation des l\u00e8vres est devenue un choix populaire, en particulier pour les personnes qui ont des l\u00e8vres minces ou qui ont perdu du volume avec l'\u00e2ge. L'application doit \u00eatre r\u00e9alis\u00e9e par une esth\u00e9ticienne sp\u00e9cialis\u00e9e et la dose de produit de comblement utilis\u00e9e doit \u00eatre adapt\u00e9e \u00e0 la structure des l\u00e8vres.<\/span><\/p><h2><span style=\"font-weight: 400;\">Prix des produits de comblement des l\u00e8vres : Quels sont les facteurs qui influent ?<\/span><\/h2><p><span style=\"font-weight: 400;\">Les prix des produits de comblement des l\u00e8vres varient en fonction de plusieurs facteurs. Ces facteurs comprennent la clinique o\u00f9 l'application sera effectu\u00e9e, le type de produit de comblement utilis\u00e9 et la zone o\u00f9 l'application sera effectu\u00e9e. En outre, l'exp\u00e9rience du sp\u00e9cialiste qui pratique l'augmentation des l\u00e8vres et l'infrastructure technologique de la clinique sont \u00e9galement des facteurs importants qui influencent le prix. En moyenne, les prix des produits de comblement des l\u00e8vres sont d\u00e9termin\u00e9s en fonction de la complexit\u00e9 de l'application et du mat\u00e9riau utilis\u00e9. Par cons\u00e9quent, les prix peuvent varier en fonction des besoins personnels.<\/span><\/p><h2><span style=\"font-weight: 400;\">\u00c0 qui convient le Lip Filler ?<\/span><\/h2><p><span style=\"font-weight: 400;\">L'augmentation des l\u00e8vres convient g\u00e9n\u00e9ralement aux personnes en bonne sant\u00e9. Les personnes qui ont perdu du volume dans leurs l\u00e8vres, qui ont des l\u00e8vres minces ou qui ne sont pas satisfaites de la forme de leurs l\u00e8vres peuvent avoir recours \u00e0 l'augmentation des l\u00e8vres. Toutefois, il est important que les personnes souffrant de certains probl\u00e8mes de sant\u00e9 consultent un sp\u00e9cialiste avant de subir cette intervention. Par exemple, des conditions telles qu'une infection active autour des l\u00e8vres, des allergies ou une grossesse peuvent emp\u00eacher l'augmentation des l\u00e8vres.<\/span><\/p><h2><span style=\"font-weight: 400;\">Quel est le processus de r\u00e9cup\u00e9ration apr\u00e8s une augmentation des l\u00e8vres ?<\/span><\/h2><p><span style=\"font-weight: 400;\">Le processus de gu\u00e9rison apr\u00e8s une augmentation des l\u00e8vres est assez rapide. Il peut y avoir un l\u00e9ger gonflement, des ecchymoses et des rougeurs apr\u00e8s l'application. Ces effets disparaissent g\u00e9n\u00e9ralement en quelques jours. Imm\u00e9diatement apr\u00e8s l'application du produit de comblement des l\u00e8vres, la personne peut poursuivre ses activit\u00e9s quotidiennes. Il est toutefois recommand\u00e9 de ne pas exercer une pression trop forte sur les l\u00e8vres et d'\u00e9viter les aliments trop chauds ou trop froids dans les 24 heures qui suivent l'application. Bien que le processus de gu\u00e9rison varie d'une personne \u00e0 l'autre, la gu\u00e9rison est g\u00e9n\u00e9ralement compl\u00e8te en une semaine.<\/span><\/p><h2><span style=\"font-weight: 400;\">Peut-on obtenir des r\u00e9sultats naturels avec le comblement des l\u00e8vres ?<\/span><\/h2><p><span style=\"font-weight: 400;\">L'augmentation des l\u00e8vres permet d'obtenir des r\u00e9sultats naturels. Le produit de comblement utilis\u00e9 pendant l'intervention ajoute du volume sans perturber la forme naturelle des l\u00e8vres. Les esth\u00e9ticiennes expertes cr\u00e9ent une apparence naturelle en pr\u00e9servant les contours des l\u00e8vres et en \u00e9vitant un remplissage excessif. En outre, un comblement des l\u00e8vres effectu\u00e9 avec la bonne technique peut rendre les l\u00e8vres plus pulpeuses et leur donner une forme en harmonie avec les traits du visage de la personne.<\/span><\/p><h2><span style=\"font-weight: 400;\">Quels sont les \u00e9l\u00e9ments \u00e0 prendre en compte lors de la r\u00e9alisation d'un comblement de l\u00e8vres ?<\/span><\/h2><p><span style=\"font-weight: 400;\">Plusieurs facteurs importants doivent \u00eatre pris en compte lors d'une augmentation des l\u00e8vres. Tout d'abord, il convient de s'assurer que le produit de comblement est de haute qualit\u00e9 et s\u00fbr. En outre, l'exp\u00e9rience du sp\u00e9cialiste qui pratiquera l'intervention est tr\u00e8s importante. Un esth\u00e9ticien exp\u00e9riment\u00e9 peut obtenir des r\u00e9sultats naturels et esth\u00e9tiquement beaux. Avant l'application, le produit de comblement appropri\u00e9 doit \u00eatre s\u00e9lectionn\u00e9 en tenant compte de la structure des l\u00e8vres et des souhaits personnels. En outre, il est important de suivre les instructions de soins post-proc\u00e9dure pour obtenir le r\u00e9sultat souhait\u00e9.<\/span><\/p><h2><span style=\"font-weight: 400;\">Le comblement des l\u00e8vres est-il une proc\u00e9dure douloureuse ?<\/span><\/h2><p><span style=\"font-weight: 400;\">L'augmentation des l\u00e8vres est une proc\u00e9dure qui ne provoque g\u00e9n\u00e9ralement qu'une douleur minime. Avant l'application, une cr\u00e8me anesth\u00e9siante locale est appliqu\u00e9e sur la zone des l\u00e8vres pour r\u00e9duire la douleur et l'inconfort. Comme le produit de comblement est appliqu\u00e9 \u00e0 l'aide d'une aiguille, il peut y avoir une sensation de piq\u00fbre d'aiguille, mais il s'agit g\u00e9n\u00e9ralement d'une g\u00eane l\u00e9g\u00e8re et de courte dur\u00e9e. La plupart des personnes ne ressentent aucune douleur s\u00e9rieuse pendant ou apr\u00e8s la proc\u00e9dure d'augmentation des l\u00e8vres.<\/span><\/p><h2><span style=\"font-weight: 400;\">Combien de temps dure l'application d'un produit de comblement des l\u00e8vres ?<\/span><\/h2><p><span style=\"font-weight: 400;\">Les produits de comblement des l\u00e8vres sont g\u00e9n\u00e9ralement permanents pendant 6 mois \u00e0 1 an. Toutefois, cette p\u00e9riode peut varier en fonction du type de produit de comblement utilis\u00e9, du m\u00e9tabolisme et du mode de vie de la personne. Les produits de comblement contenant de l'acide hyaluronique sont absorb\u00e9s par le corps avec le temps et leur effet diminue. Par cons\u00e9quent, il peut \u00eatre n\u00e9cessaire de r\u00e9p\u00e9ter la proc\u00e9dure pour obtenir des effets plus durables. Des applications r\u00e9guli\u00e8res de produits de comblement des l\u00e8vres peuvent aider \u00e0 obtenir des r\u00e9sultats plus durables sur les l\u00e8vres.<\/span><\/p><h2><span style=\"font-weight: 400;\">Comment les traits de votre visage changeront-ils avec le comblement des l\u00e8vres ?<\/span><\/h2><p><span style=\"font-weight: 400;\">L'augmentation des l\u00e8vres n'ajoute pas seulement du volume aux l\u00e8vres, mais peut \u00e9galement apporter des changements positifs aux contours g\u00e9n\u00e9raux du visage. Des l\u00e8vres plus pro\u00e9minentes et plus pleines assurent l'\u00e9quilibre et la proportion de la partie inf\u00e9rieure du visage. Les l\u00e8vres particuli\u00e8rement fines s'harmonisent mieux avec les contours du visage. En outre, l'augmentation des l\u00e8vres peut donner aux l\u00e8vres un aspect plus sym\u00e9trique et plus esth\u00e9tique lors du sourire.<\/span><\/p><h2><span style=\"font-weight: 400;\">Quels sont les avantages et les risques du comblement des l\u00e8vres ?<\/span><\/h2><p><span style=\"font-weight: 400;\">Le comblement des l\u00e8vres pr\u00e9sente de nombreux avantages. Il peut rendre les l\u00e8vres plus pulpeuses et plus pro\u00e9minentes, restaurer le volume perdu avec l'\u00e2ge et donner une apparence plus jeune. Cependant, comme toute intervention esth\u00e9tique, l'augmentation des l\u00e8vres comporte certains risques. Ces risques peuvent inclure une infection, une asym\u00e9trie, un gonflement, des ecchymoses et, rarement, des r\u00e9actions allergiques. C'est pourquoi l'augmentation des l\u00e8vres doit \u00eatre pratiqu\u00e9e par des sp\u00e9cialistes.<\/span><\/p><p>\u00a0<\/p>\t\t\t\t\t\t\t\t<\/div>\n\t\t\t\t<\/div>\n\t\t\t\t\t<\/div>\n\t\t\t\t<\/div>\n\t\t\t\t<\/div>","protected":false},"excerpt":{"rendered":"<p>Ortalama Kal\u0131\u015f S\u00fcresi 7 G\u00fcn Hastanede Yat\u0131\u015f S\u00fcresi 1 G\u00fcn Operasyon S\u00fcresi 2-4 Saat Anestezi T\u00fcr\u00fc Genel Anestezi \u0130yile\u015fme S\u00fcresi<\/p>","protected":false},"author":1,"featured_media":0,"parent":0,"menu_order":0,"comment_status":"closed","ping_status":"closed","template":"","meta":{"footnotes":""},"class_list":["post-27840","page","type-page","status-publish","hentry"],"_links":{"self":[{"href":"https:\/\/westestetik.com\/fr\/wp-json\/wp\/v2\/pages\/27840","targetHints":{"allow":["GET"]}}],"collection":[{"href":"https:\/\/westestetik.com\/fr\/wp-json\/wp\/v2\/pages"}],"about":[{"href":"https:\/\/westestetik.com\/fr\/wp-json\/wp\/v2\/types\/page"}],"author":[{"embeddable":true,"href":"https:\/\/westestetik.com\/fr\/wp-json\/wp\/v2\/users\/1"}],"replies":[{"embeddable":true,"href":"https:\/\/westestetik.com\/fr\/wp-json\/wp\/v2\/comments?post=27840"}],"version-history":[{"count":7,"href":"https:\/\/westestetik.com\/fr\/wp-json\/wp\/v2\/pages\/27840\/revisions"}],"predecessor-version":[{"id":28914,"href":"https:\/\/westestetik.com\/fr\/wp-json\/wp\/v2\/pages\/27840\/revisions\/28914"}],"wp:attachment":[{"href":"https:\/\/westestetik.com\/fr\/wp-json\/wp\/v2\/media?parent=27840"}],"curies":[{"name":"wp","href":"https:\/\/api.w.org\/{rel}","templated":true}]}}