{"id":27835,"date":"2024-12-02T23:22:14","date_gmt":"2024-12-02T23:22:14","guid":{"rendered":"https:\/\/westestetik.com\/?page_id=27835"},"modified":"2024-12-25T10:55:51","modified_gmt":"2024-12-25T10:55:51","slug":"chirurgie-dagrandissement-du-penis","status":"publish","type":"page","link":"https:\/\/westestetik.com\/fr\/chirurgie-dagrandissement-du-penis\/","title":{"rendered":"Chirurgie d'agrandissement du P\u00e9nis"},"content":{"rendered":"<div data-elementor-type=\"wp-page\" data-elementor-id=\"27835\" class=\"elementor elementor-27835\" data-elementor-post-type=\"page\">\n\t\t\t\t<div class=\"wd-negative-gap elementor-element elementor-element-e150b12 e-flex e-con-boxed e-con e-parent\" data-id=\"e150b12\" data-element_type=\"container\">\n\t\t\t\t\t<div class=\"e-con-inner\">\n\t\t\t\t<div class=\"elementor-element elementor-element-7286009 elementor-widget elementor-widget-image\" data-id=\"7286009\" data-element_type=\"widget\" data-widget_type=\"image.default\">\n\t\t\t\t<div class=\"elementor-widget-container\">\n\t\t\t\t\t\t\t\t\t\t\t\t\t\t\t<img fetchpriority=\"high\" decoding=\"async\" width=\"1300\" height=\"384\" src=\"https:\/\/westestetik.com\/wp-content\/uploads\/2024\/12\/Uygulama-1-1300x384.png\" class=\"attachment-large size-large wp-image-27725\" alt=\"Maladies\" srcset=\"https:\/\/westestetik.com\/wp-content\/uploads\/2024\/12\/Uygulama-1-1300x384.png 1300w, https:\/\/westestetik.com\/wp-content\/uploads\/2024\/12\/Uygulama-1-430x127.png 430w, https:\/\/westestetik.com\/wp-content\/uploads\/2024\/12\/Uygulama-1-150x44.png 150w, https:\/\/westestetik.com\/wp-content\/uploads\/2024\/12\/Uygulama-1-700x207.png 700w, https:\/\/westestetik.com\/wp-content\/uploads\/2024\/12\/Uygulama-1-400x118.png 400w, https:\/\/westestetik.com\/wp-content\/uploads\/2024\/12\/Uygulama-1-768x227.png 768w, https:\/\/westestetik.com\/wp-content\/uploads\/2024\/12\/Uygulama-1-1536x453.png 1536w, https:\/\/westestetik.com\/wp-content\/uploads\/2024\/12\/Uygulama-1-2048x604.png 2048w\" sizes=\"(max-width: 1300px) 100vw, 1300px\" \/>\t\t\t\t\t\t\t\t\t\t\t\t\t\t\t<\/div>\n\t\t\t\t<\/div>\n\t\t\t\t\t<\/div>\n\t\t\t\t<\/div>\n\t\t<div class=\"wd-negative-gap elementor-element elementor-element-fa94293 e-flex e-con-boxed e-con e-parent\" data-id=\"fa94293\" data-element_type=\"container\">\n\t\t\t\t\t<div class=\"e-con-inner\">\n\t\t\t\t<div class=\"elementor-element elementor-element-f4dc2fb color-scheme-inherit text-left elementor-widget elementor-widget-text-editor\" data-id=\"f4dc2fb\" data-element_type=\"widget\" data-widget_type=\"text-editor.default\">\n\t\t\t\t<div class=\"elementor-widget-container\">\n\t\t\t\t\t\t\t\t\t<p><span style=\"font-weight: 400;\">La chirurgie d'agrandissement du p\u00e9nis est une intervention esth\u00e9tique qui vise \u00e0 augmenter la taille des organes g\u00e9nitaux de l'homme. Cette proc\u00e9dure chirurgicale peut \u00eatre une option importante pour les personnes qui souffrent d'une perte de confiance en soi et qui cherchent \u00e0 am\u00e9liorer leur vie sexuelle.\u00a0<\/span><\/p><h2><span style=\"font-weight: 400;\">Qu'est-ce que la chirurgie d'agrandissement du p\u00e9nis ?<\/span><\/h2><p><span style=\"font-weight: 400;\">La chirurgie d'agrandissement du p\u00e9nis est une intervention chirurgicale visant \u00e0 augmenter la taille du p\u00e9nis. Cette intervention est r\u00e9alis\u00e9e \u00e0 l'aide de diff\u00e9rentes techniques et vise g\u00e9n\u00e9ralement \u00e0 augmenter la longueur ou la circonf\u00e9rence du p\u00e9nis. L'\u00e9largissement du p\u00e9nis peut am\u00e9liorer la satisfaction sexuelle en augmentant la confiance en soi des hommes.<\/span><\/p><h2><span style=\"font-weight: 400;\">Comment la chirurgie d'agrandissement du p\u00e9nis est-elle pratiqu\u00e9e ?<\/span><\/h2><p><span style=\"font-weight: 400;\">La chirurgie d'agrandissement du p\u00e9nis est g\u00e9n\u00e9ralement r\u00e9alis\u00e9e \u00e0 l'aide de deux techniques principales : <\/span><i><span style=\"font-weight: 400;\">allongement du p\u00e9nis<\/span><\/i><span style=\"font-weight: 400;\"> ve <\/span><i><span style=\"font-weight: 400;\">\u00e9paississement du p\u00e9nis<\/span><\/i><span style=\"font-weight: 400;\"> M\u00e9thodes. La chirurgie d'allongement du p\u00e9nis consiste \u00e0 desserrer les ligaments \u00e0 l'int\u00e9rieur du p\u00e9nis apr\u00e8s une incision \u00e0 la racine du p\u00e9nis. L'\u00e9paississement est r\u00e9alis\u00e9 \u00e0 l'aide de tissu adipeux ou de mat\u00e9riaux de remplissage synth\u00e9tiques. Les deux interventions doivent \u00eatre r\u00e9alis\u00e9es par un chirurgien sp\u00e9cialis\u00e9.<\/span><\/p><h2><span style=\"font-weight: 400;\">Quels sont les avantages de la chirurgie d'agrandissement du p\u00e9nis ?<\/span><\/h2><p><span style=\"font-weight: 400;\">La chirurgie d'agrandissement du p\u00e9nis n'apporte pas seulement des changements physiques, elle peut aussi accro\u00eetre la confiance en soi. Lorsque les hommes pensent que la taille de leur p\u00e9nis affecte leur vie sexuelle, ils peuvent se sentir plus \u00e0 l'aise en augmentant la taille de leur p\u00e9nis gr\u00e2ce \u00e0 une intervention chirurgicale. En outre, cette proc\u00e9dure peut \u00e9galement avoir des effets positifs sur les performances sexuelles.<\/span><\/p><h2><span style=\"font-weight: 400;\">Qui est un bon candidat \u00e0 la chirurgie d'agrandissement du p\u00e9nis ?<\/span><\/h2><p><span style=\"font-weight: 400;\">Les candidats les plus aptes \u00e0 subir une op\u00e9ration d'agrandissement du p\u00e9nis sont des personnes en bonne sant\u00e9 qui ont physiquement atteint l'\u00e2ge adulte. Le d\u00e9veloppement des organes sexuels doit \u00eatre achev\u00e9. En outre, les attentes de la personne avant l'intervention chirurgicale doivent \u00eatre r\u00e9alistes et la personne doit \u00eatre psychologiquement capable d'accepter un tel changement.<\/span><\/p><h2><span style=\"font-weight: 400;\">Quel est le processus de r\u00e9cup\u00e9ration apr\u00e8s une chirurgie d'agrandissement du p\u00e9nis ?<\/span><\/h2><p><span style=\"font-weight: 400;\">Le processus de r\u00e9tablissement apr\u00e8s une op\u00e9ration d'agrandissement du p\u00e9nis prend g\u00e9n\u00e9ralement plusieurs semaines. Une l\u00e9g\u00e8re douleur et un gonflement peuvent \u00eatre observ\u00e9s au cours des premiers jours, mais ils disparaissent avec le temps. Votre chirurgien vous informera sur le d\u00e9roulement du processus de gu\u00e9rison et sur les points auxquels vous devez pr\u00eater attention. En moyenne, il est recommand\u00e9 d'attendre 4 \u00e0 6 semaines apr\u00e8s l'intervention avant de reprendre une activit\u00e9 sexuelle.<\/span><\/p><h2><span style=\"font-weight: 400;\">La chirurgie d'agrandissement du p\u00e9nis est-elle douloureuse ?<\/span><\/h2><p><span style=\"font-weight: 400;\">L'anesth\u00e9sie \u00e9tant pratiqu\u00e9e pendant l'op\u00e9ration d'agrandissement du p\u00e9nis, la proc\u00e9dure est g\u00e9n\u00e9ralement indolore. Apr\u00e8s l'op\u00e9ration, il peut y avoir une l\u00e9g\u00e8re douleur et une g\u00eane, mais celles-ci peuvent g\u00e9n\u00e9ralement \u00eatre contr\u00f4l\u00e9es \u00e0 l'aide de m\u00e9dicaments. Votre chirurgien vous guidera tout au long du processus de gu\u00e9rison et interviendra en cas de complications.<\/span><\/p><h2><span style=\"font-weight: 400;\">La chirurgie d'agrandissement du p\u00e9nis est-elle permanente ?<\/span><\/h2><p><span style=\"font-weight: 400;\">Oui, la chirurgie d'agrandissement du p\u00e9nis donne des r\u00e9sultats permanents. Toutefois, il peut y avoir des changements \u00e0 long terme en fonction de la sant\u00e9 sexuelle et du mode de vie. Par exemple, des facteurs tels que la prise de poids excessive ou le tabagisme peuvent affecter les r\u00e9sultats de la chirurgie.<\/span><\/p><h2><span style=\"font-weight: 400;\">Quels sont les risques et les effets secondaires de la chirurgie d'agrandissement du p\u00e9nis ?<\/span><\/h2><p><span style=\"font-weight: 400;\">Comme toute intervention chirurgicale, la chirurgie d'agrandissement du p\u00e9nis pr\u00e9sente certains risques. Il peut s'agir d'une infection, d'un saignement, de probl\u00e8mes de cicatrisation et d'une perte de sensibilit\u00e9. Toutefois, ces risques sont tr\u00e8s faibles lorsque l'op\u00e9ration est r\u00e9alis\u00e9e avec l'expertise requise. Votre chirurgien vous informera de tous les risques avant l'op\u00e9ration.<\/span><\/p><h2><span style=\"font-weight: 400;\">Quels sont les prix de la chirurgie d'agrandissement du p\u00e9nis ?<\/span><\/h2><p><span style=\"font-weight: 400;\">Les prix de la chirurgie d'agrandissement du p\u00e9nis peuvent varier en fonction des techniques utilis\u00e9es, de l'exp\u00e9rience du chirurgien et de l'emplacement de la clinique. Par cons\u00e9quent, bien qu'il soit difficile d'indiquer un prix pr\u00e9cis, les co\u00fbts de l'intervention se situent g\u00e9n\u00e9ralement dans une fourchette moyenne. N\u00e9anmoins, il est pr\u00e9f\u00e9rable de contacter directement votre chirurgien pour en conna\u00eetre le prix.<\/span><\/p><h2><span style=\"font-weight: 400;\">Comment la performance sexuelle est-elle affect\u00e9e apr\u00e8s une chirurgie d'agrandissement du p\u00e9nis ?<\/span><\/h2><p><span style=\"font-weight: 400;\">Apr\u00e8s une op\u00e9ration d'agrandissement du p\u00e9nis, de nombreuses personnes font \u00e9tat d'une am\u00e9lioration de leurs performances sexuelles. L'augmentation de la taille contribue \u00e0 accro\u00eetre la confiance en soi, ce qui peut conduire \u00e0 une vie sexuelle plus satisfaisante. Cependant, chaque individu est diff\u00e9rent et les r\u00e9sultats peuvent varier d'une personne \u00e0 l'autre.<\/span><\/p><h2><span style=\"font-weight: 400;\">Combien de temps faut-il pour voir les r\u00e9sultats obtenus par la chirurgie d'agrandissement du p\u00e9nis ?<\/span><\/h2><p><span style=\"font-weight: 400;\">Les r\u00e9sultats de l'op\u00e9ration d'agrandissement du p\u00e9nis sont g\u00e9n\u00e9ralement visibles quelques mois apr\u00e8s l'op\u00e9ration. Les r\u00e9sultats \u00e0 long terme n'apparaissent que plus tard. Au fur et \u00e0 mesure que l'enflure et les ecchymoses disparaissent pendant le processus de gu\u00e9rison initial, le r\u00e9sultat est plus clairement visible.<\/span><\/p><h2><span style=\"font-weight: 400;\">Les r\u00e9sultats de la chirurgie d'agrandissement du p\u00e9nis sont-ils naturels ?<\/span><\/h2><p><span style=\"font-weight: 400;\">Les r\u00e9sultats obtenus gr\u00e2ce \u00e0 la chirurgie d'agrandissement du p\u00e9nis peuvent \u00eatre tout \u00e0 fait naturels lorsqu'elle est pratiqu\u00e9e par un chirurgien sp\u00e9cialis\u00e9. Les experts s'efforcent de r\u00e9aliser l'intervention chirurgicale de la mani\u00e8re la plus naturelle possible et les r\u00e9sultats obtenus par la suite sont g\u00e9n\u00e9ralement satisfaisants.<\/span><\/p><h2><span style=\"font-weight: 400;\">Quels sont les \u00e9l\u00e9ments \u00e0 prendre en compte avant et apr\u00e8s une chirurgie d'agrandissement du p\u00e9nis ?<\/span><\/h2><p><span style=\"font-weight: 400;\">Le fait de ne pas fumer, d'\u00e9viter la consommation d'alcool et de suivre un r\u00e9gime alimentaire sain avant l'op\u00e9ration peut acc\u00e9l\u00e9rer le processus de gu\u00e9rison. Il est \u00e9galement tr\u00e8s important de suivre les instructions donn\u00e9es par votre chirurgien. Apr\u00e8s l'op\u00e9ration, il convient d'\u00e9viter toute activit\u00e9 physique excessive et de s'assurer d'une bonne r\u00e9cup\u00e9ration avant tout rapport sexuel.<\/span><\/p><h2><span style=\"font-weight: 400;\">Comment reprendre sa vie sexuelle apr\u00e8s une chirurgie d'agrandissement du p\u00e9nis ?<\/span><\/h2><p><span style=\"font-weight: 400;\">Le retour \u00e0 la vie sexuelle apr\u00e8s une op\u00e9ration d'agrandissement du p\u00e9nis n\u00e9cessite un processus de r\u00e9tablissement prudent. En g\u00e9n\u00e9ral, votre chirurgien vous recommande d'\u00e9viter toute activit\u00e9 sexuelle pendant 4 \u00e0 6 semaines. Pendant cette p\u00e9riode, la cicatrisation s'ach\u00e8ve et les r\u00e9sultats deviennent plus nets.<\/span><\/p><p><span style=\"font-weight: 400;\">La chirurgie d'agrandissement du p\u00e9nis peut donner des r\u00e9sultats b\u00e9n\u00e9fiques et permanents pour les personnes en bonne sant\u00e9. Toutefois, il est tr\u00e8s important de conna\u00eetre tous les d\u00e9tails avant l'op\u00e9ration et de choisir un chirurgien sp\u00e9cialis\u00e9.<\/span><\/p><p>\u00a0<\/p>\t\t\t\t\t\t\t\t<\/div>\n\t\t\t\t<\/div>\n\t\t\t\t\t<\/div>\n\t\t\t\t<\/div>\n\t\t\t\t<\/div>","protected":false},"excerpt":{"rendered":"<p>Penis b\u00fcy\u00fctme cerrahisi, erkeklerin cinsel organ boyutunu art\u0131rmay\u0131 hedefleyen estetik bir m\u00fcdahaledir. Bu cerrahi i\u015flem, \u00f6zg\u00fcven kayb\u0131 ya\u015fayan ve cinsel<\/p>","protected":false},"author":1,"featured_media":0,"parent":0,"menu_order":0,"comment_status":"closed","ping_status":"closed","template":"","meta":{"footnotes":""},"class_list":["post-27835","page","type-page","status-publish","hentry"],"_links":{"self":[{"href":"https:\/\/westestetik.com\/fr\/wp-json\/wp\/v2\/pages\/27835","targetHints":{"allow":["GET"]}}],"collection":[{"href":"https:\/\/westestetik.com\/fr\/wp-json\/wp\/v2\/pages"}],"about":[{"href":"https:\/\/westestetik.com\/fr\/wp-json\/wp\/v2\/types\/page"}],"author":[{"embeddable":true,"href":"https:\/\/westestetik.com\/fr\/wp-json\/wp\/v2\/users\/1"}],"replies":[{"embeddable":true,"href":"https:\/\/westestetik.com\/fr\/wp-json\/wp\/v2\/comments?post=27835"}],"version-history":[{"count":4,"href":"https:\/\/westestetik.com\/fr\/wp-json\/wp\/v2\/pages\/27835\/revisions"}],"predecessor-version":[{"id":27923,"href":"https:\/\/westestetik.com\/fr\/wp-json\/wp\/v2\/pages\/27835\/revisions\/27923"}],"wp:attachment":[{"href":"https:\/\/westestetik.com\/fr\/wp-json\/wp\/v2\/media?parent=27835"}],"curies":[{"name":"wp","href":"https:\/\/api.w.org\/{rel}","templated":true}]}}