{"id":27830,"date":"2024-12-02T23:21:33","date_gmt":"2024-12-02T23:21:33","guid":{"rendered":"https:\/\/westestetik.com\/?page_id=27830"},"modified":"2024-12-25T10:55:21","modified_gmt":"2024-12-25T10:55:21","slug":"vaginoplastie","status":"publish","type":"page","link":"https:\/\/westestetik.com\/fr\/vaginoplastie\/","title":{"rendered":"Vaginoplastie"},"content":{"rendered":"<div data-elementor-type=\"wp-page\" data-elementor-id=\"27830\" class=\"elementor elementor-27830\" data-elementor-post-type=\"page\">\n\t\t\t\t<div class=\"wd-negative-gap elementor-element elementor-element-e150b12 e-flex e-con-boxed e-con e-parent\" data-id=\"e150b12\" data-element_type=\"container\">\n\t\t\t\t\t<div class=\"e-con-inner\">\n\t\t\t\t<div class=\"elementor-element elementor-element-7286009 elementor-widget elementor-widget-image\" data-id=\"7286009\" data-element_type=\"widget\" data-widget_type=\"image.default\">\n\t\t\t\t<div class=\"elementor-widget-container\">\n\t\t\t\t\t\t\t\t\t\t\t\t\t\t\t<img fetchpriority=\"high\" decoding=\"async\" width=\"1300\" height=\"384\" src=\"https:\/\/westestetik.com\/wp-content\/uploads\/2024\/12\/Uygulama-1-1300x384.png\" class=\"attachment-large size-large wp-image-27725\" alt=\"Maladies\" srcset=\"https:\/\/westestetik.com\/wp-content\/uploads\/2024\/12\/Uygulama-1-1300x384.png 1300w, https:\/\/westestetik.com\/wp-content\/uploads\/2024\/12\/Uygulama-1-430x127.png 430w, https:\/\/westestetik.com\/wp-content\/uploads\/2024\/12\/Uygulama-1-150x44.png 150w, https:\/\/westestetik.com\/wp-content\/uploads\/2024\/12\/Uygulama-1-700x207.png 700w, https:\/\/westestetik.com\/wp-content\/uploads\/2024\/12\/Uygulama-1-400x118.png 400w, https:\/\/westestetik.com\/wp-content\/uploads\/2024\/12\/Uygulama-1-768x227.png 768w, https:\/\/westestetik.com\/wp-content\/uploads\/2024\/12\/Uygulama-1-1536x453.png 1536w, https:\/\/westestetik.com\/wp-content\/uploads\/2024\/12\/Uygulama-1-2048x604.png 2048w\" sizes=\"(max-width: 1300px) 100vw, 1300px\" \/>\t\t\t\t\t\t\t\t\t\t\t\t\t\t\t<\/div>\n\t\t\t\t<\/div>\n\t\t\t\t\t<\/div>\n\t\t\t\t<\/div>\n\t\t<div class=\"wd-negative-gap elementor-element elementor-element-3587e50 e-flex e-con-boxed e-con e-parent\" data-id=\"3587e50\" data-element_type=\"container\">\n\t\t\t\t\t<div class=\"e-con-inner\">\n\t\t\t\t<div class=\"elementor-element elementor-element-a13c185 color-scheme-inherit text-left elementor-widget elementor-widget-text-editor\" data-id=\"a13c185\" data-element_type=\"widget\" data-widget_type=\"text-editor.default\">\n\t\t\t\t<div class=\"elementor-widget-container\">\n\t\t\t\t\t\t\t\t\t<p><span style=\"font-weight: 400;\">La vaginoplastie est une intervention chirurgicale destin\u00e9e \u00e0 r\u00e9pondre aux besoins esth\u00e9tiques et fonctionnels des femmes. La perte d'\u00e9lasticit\u00e9 de la zone vaginale due \u00e0 des raisons telles que le rel\u00e2chement vaginal post-partum, le vieillissement ou des facteurs g\u00e9n\u00e9tiques peut provoquer chez les femmes un inconfort \u00e0 la fois physiologique et psychologique. La vaginoplastie est pratiqu\u00e9e pour r\u00e9soudre ces probl\u00e8mes, \u00e0 la fois pour augmenter l'\u00e9tanch\u00e9it\u00e9 du vagin et pour am\u00e9liorer la satisfaction sexuelle. Cette chirurgie augmente la confiance en soi des femmes et les aide \u00e0 mener une vie esth\u00e9tiquement et fonctionnellement plus saine.<\/span><\/p><h2><span style=\"font-weight: 400;\">Qu'est-ce que la vaginoplastie et pourquoi est-elle pratiqu\u00e9e ?<\/span><\/h2><p><span style=\"font-weight: 400;\">La vaginoplastie est une intervention chirurgicale pratiqu\u00e9e pour corriger les probl\u00e8mes esth\u00e9tiques ou fonctionnels de la zone vaginale chez la femme. Elle est g\u00e9n\u00e9ralement pr\u00e9f\u00e9r\u00e9e pour resserrer les tissus vaginaux qui se sont rel\u00e2ch\u00e9s apr\u00e8s l'accouchement. En outre, l'\u00e9lasticit\u00e9 du vagin peut \u00eatre perdue pour des raisons telles que le vieillissement, les facteurs g\u00e9n\u00e9tiques ou la perte de poids. Outre l'\u00e9limination de ces probl\u00e8mes, la vaginoplastie peut am\u00e9liorer la sant\u00e9 sexuelle et la confiance en soi des femmes.<\/span><\/p><h2><span style=\"font-weight: 400;\">\u00c0 qui s'adresse la vaginoplastie ?<\/span><\/h2><p><span style=\"font-weight: 400;\">La chirurgie de la vaginoplastie convient aux femmes qui souhaitent une laxit\u00e9 vaginale, une d\u00e9formation post-partum, une faiblesse des muscles pelviens ou une modification de l'esth\u00e9tique de la zone g\u00e9nitale. En outre, les femmes qui estiment ne pas avoir suffisamment de plaisir lors des rapports sexuels en raison d'une laxit\u00e9 vaginale peuvent \u00e9galement opter pour une vaginoplastie. Toutefois, cette intervention n'est recommand\u00e9e qu'aux patientes en bon \u00e9tat de sant\u00e9 g\u00e9n\u00e9ral et aptes \u00e0 subir une intervention chirurgicale.<\/span><\/p><h2><span style=\"font-weight: 400;\">Comment se d\u00e9roule l'op\u00e9ration de vaginoplastie ?<\/span><\/h2><p><span style=\"font-weight: 400;\">La vaginoplastie est g\u00e9n\u00e9ralement r\u00e9alis\u00e9e sous anesth\u00e9sie g\u00e9n\u00e9rale. Le chirurgien retire l'exc\u00e8s de tissu et renforce les muscles environnants pour resserrer les parois vaginales. La dur\u00e9e de l'op\u00e9ration varie en fonction du type d'intervention pratiqu\u00e9e, mais elle dure g\u00e9n\u00e9ralement entre 1 et 2 heures. Apr\u00e8s une vaginoplastie, les femmes peuvent retrouver leur \u00e9tanch\u00e9it\u00e9 ant\u00e9rieure et mener une vie sexuelle plus satisfaisante.<\/span><\/p><h2><span style=\"font-weight: 400;\">Combien de temps dure la convalescence apr\u00e8s une vaginoplastie ?<\/span><\/h2><p><span style=\"font-weight: 400;\">Le processus de r\u00e9tablissement apr\u00e8s une vaginoplastie varie d'une personne \u00e0 l'autre. Toutefois, la plupart des patientes peuvent reprendre leurs activit\u00e9s quotidiennes dans un d\u00e9lai d'une \u00e0 deux semaines apr\u00e8s l'intervention. Les premiers jours, il peut y avoir une l\u00e9g\u00e8re douleur et un gonflement dans la zone vaginale, mais cela s'estompe g\u00e9n\u00e9ralement en peu de temps. Il est important de suivre les recommandations du m\u00e9decin pendant le processus de gu\u00e9rison ; par exemple, il est recommand\u00e9 de ne pas avoir de rapports sexuels et d'\u00e9viter les exercices physiques intenses pendant les premi\u00e8res semaines.<\/span><\/p><h2><span style=\"font-weight: 400;\">Prix et honoraires de la vaginoplastie<\/span><\/h2><p><span style=\"font-weight: 400;\">Les prix de la vaginoplastie peuvent varier en fonction de l'intervention pratiqu\u00e9e, de l'exp\u00e9rience du chirurgien et de la r\u00e9gion g\u00e9ographique o\u00f9 se trouve l'h\u00f4pital. Il est important d'obtenir des conseils et des devis aupr\u00e8s d'un sp\u00e9cialiste pour obtenir des informations d\u00e9taill\u00e9es. L'assurance maladie peut ne pas couvrir ce type de chirurgie esth\u00e9tique, il peut donc \u00eatre n\u00e9cessaire d'envisager des options de paiement personnelles.<\/span><\/p><h2><span style=\"font-weight: 400;\">Risques et complications de la vaginoplastie<\/span><\/h2><p><span style=\"font-weight: 400;\">Comme toute intervention chirurgicale, la vaginoplastie comporte certains risques. Les complications les plus courantes sont les infections, les saignements et les douleurs pendant la convalescence. Toutefois, les interventions de vaginoplastie r\u00e9alis\u00e9es par un chirurgien exp\u00e9riment\u00e9 pr\u00e9sentent g\u00e9n\u00e9ralement peu de risques. L'attention port\u00e9e aux recommandations du m\u00e9decin avant et apr\u00e8s l'op\u00e9ration permet de minimiser les risques de complications.<\/span><\/p><h2><span style=\"font-weight: 400;\">Quels sont les r\u00e9sultats esth\u00e9tiques obtenus avec la vaginoplastie ?<\/span><\/h2><p><span style=\"font-weight: 400;\">La vaginoplastie permet de corriger le rel\u00e2chement et les d\u00e9formations de la zone vaginale. Les femmes retrouvent ainsi une structure vaginale plus ferme et esth\u00e9tique. La vaginoplastie apporte des avantages physiques et psychologiques aux femmes qui \u00e9prouvent plus de satisfaction et de confiance en elles dans leur vie sexuelle. La vaginoplastie peut \u00e9galement \u00eatre utilis\u00e9e pour corriger des images esth\u00e9tiquement d\u00e9sagr\u00e9ables dans la r\u00e9gion g\u00e9nitale.<\/span><\/p><h2><span style=\"font-weight: 400;\">Le meilleur moment pour une vaginoplastie<\/span><\/h2><p><span style=\"font-weight: 400;\">Le meilleur moment pour une chirurgie de vaginoplastie se situe g\u00e9n\u00e9ralement dans la p\u00e9riode post-partum ou avant la m\u00e9nopause. La vaginoplastie est une \u00e9tape importante pour les femmes qui souhaitent am\u00e9liorer leur vie sexuelle ou corriger l'esth\u00e9tique de leurs organes g\u00e9nitaux. Toutefois, il est important de proc\u00e9der \u00e0 une \u00e9valuation compl\u00e8te de l'\u00e9tat de sant\u00e9 avant l'intervention. Le moment de l'intervention doit \u00eatre d\u00e9termin\u00e9 en fonction des objectifs personnels et de l'\u00e9tat de sant\u00e9.<\/span><\/p><h2><span style=\"font-weight: 400;\">Quand la vie sexuelle commence-t-elle apr\u00e8s une vaginoplastie ?<\/span><\/h2><p><span style=\"font-weight: 400;\">Le d\u00e9but de la vie sexuelle apr\u00e8s une vaginoplastie d\u00e9pend du processus de gu\u00e9rison et des recommandations du m\u00e9decin. La plupart des femmes ne doivent pas avoir de rapports sexuels pendant une p\u00e9riode pouvant aller jusqu'\u00e0 6 semaines. Cette p\u00e9riode permet aux tissus vaginaux de cicatriser et \u00e0 la sensibilit\u00e9 de diminuer. La d\u00e9cision de commencer les rapports sexuels doit \u00eatre prise en fonction des recommandations du m\u00e9decin.<\/span><\/p><h2><span style=\"font-weight: 400;\">Diff\u00e9rences entre la vaginoplastie et la labiaplastie<\/span><\/h2><p><span style=\"font-weight: 400;\">La principale diff\u00e9rence entre la vaginoplastie et la labiaplastie est que la zone trait\u00e9e est diff\u00e9rente. La vaginoplastie vise \u00e0 resserrer les muscles et les tissus vaginaux, tandis que la labiaplastie se concentre sur les modifications esth\u00e9tiques du labium (l\u00e8vres g\u00e9nitales externes). Les deux interventions sont g\u00e9n\u00e9ralement pratiqu\u00e9es \u00e0 des fins esth\u00e9tiques et fonctionnelles, mais la vaginoplastie permet un resserrement plus important et une am\u00e9lioration fonctionnelle de la zone vaginale.<\/span><\/p><p><br \/><br \/><\/p>\t\t\t\t\t\t\t\t<\/div>\n\t\t\t\t<\/div>\n\t\t\t\t\t<\/div>\n\t\t\t\t<\/div>\n\t\t\t\t<\/div>","protected":false},"excerpt":{"rendered":"<p>Vajinoplasti, kad\u0131nlar\u0131n genital estetik ve fonksiyonel ihtiya\u00e7lar\u0131na y\u00f6nelik uygulanan bir cerrahi m\u00fcdahaledir. Do\u011fum sonras\u0131 vajinal gev\u015feme, ya\u015flanma veya genetik fakt\u00f6rler<\/p>","protected":false},"author":1,"featured_media":0,"parent":0,"menu_order":0,"comment_status":"closed","ping_status":"closed","template":"","meta":{"footnotes":""},"class_list":["post-27830","page","type-page","status-publish","hentry"],"_links":{"self":[{"href":"https:\/\/westestetik.com\/fr\/wp-json\/wp\/v2\/pages\/27830","targetHints":{"allow":["GET"]}}],"collection":[{"href":"https:\/\/westestetik.com\/fr\/wp-json\/wp\/v2\/pages"}],"about":[{"href":"https:\/\/westestetik.com\/fr\/wp-json\/wp\/v2\/types\/page"}],"author":[{"embeddable":true,"href":"https:\/\/westestetik.com\/fr\/wp-json\/wp\/v2\/users\/1"}],"replies":[{"embeddable":true,"href":"https:\/\/westestetik.com\/fr\/wp-json\/wp\/v2\/comments?post=27830"}],"version-history":[{"count":4,"href":"https:\/\/westestetik.com\/fr\/wp-json\/wp\/v2\/pages\/27830\/revisions"}],"predecessor-version":[{"id":27920,"href":"https:\/\/westestetik.com\/fr\/wp-json\/wp\/v2\/pages\/27830\/revisions\/27920"}],"wp:attachment":[{"href":"https:\/\/westestetik.com\/fr\/wp-json\/wp\/v2\/media?parent=27830"}],"curies":[{"name":"wp","href":"https:\/\/api.w.org\/{rel}","templated":true}]}}