{"id":27828,"date":"2024-12-02T23:19:55","date_gmt":"2024-12-02T23:19:55","guid":{"rendered":"https:\/\/westestetik.com\/?page_id=27828"},"modified":"2024-12-02T23:21:04","modified_gmt":"2024-12-02T23:21:04","slug":"labioplasti-ve-vajinoplasti","status":"publish","type":"page","link":"https:\/\/westestetik.com\/fr\/labioplasti-ve-vajinoplasti\/","title":{"rendered":"Labiaplastie et vaginoplastie"},"content":{"rendered":"<div data-elementor-type=\"wp-page\" data-elementor-id=\"27828\" class=\"elementor elementor-27828\" data-elementor-post-type=\"page\">\n\t\t\t\t<div class=\"wd-negative-gap elementor-element elementor-element-e150b12 e-flex e-con-boxed e-con e-parent\" data-id=\"e150b12\" data-element_type=\"container\">\n\t\t\t\t\t<div class=\"e-con-inner\">\n\t\t\t\t<div class=\"elementor-element elementor-element-7286009 elementor-widget elementor-widget-image\" data-id=\"7286009\" data-element_type=\"widget\" data-widget_type=\"image.default\">\n\t\t\t\t<div class=\"elementor-widget-container\">\n\t\t\t\t\t\t\t\t\t\t\t\t\t\t\t<img fetchpriority=\"high\" decoding=\"async\" width=\"1300\" height=\"384\" src=\"https:\/\/westestetik.com\/wp-content\/uploads\/2024\/12\/Uygulama-1-1300x384.png\" class=\"attachment-large size-large wp-image-27725\" alt=\"Maladies\" srcset=\"https:\/\/westestetik.com\/wp-content\/uploads\/2024\/12\/Uygulama-1-1300x384.png 1300w, https:\/\/westestetik.com\/wp-content\/uploads\/2024\/12\/Uygulama-1-430x127.png 430w, https:\/\/westestetik.com\/wp-content\/uploads\/2024\/12\/Uygulama-1-150x44.png 150w, https:\/\/westestetik.com\/wp-content\/uploads\/2024\/12\/Uygulama-1-700x207.png 700w, https:\/\/westestetik.com\/wp-content\/uploads\/2024\/12\/Uygulama-1-400x118.png 400w, https:\/\/westestetik.com\/wp-content\/uploads\/2024\/12\/Uygulama-1-768x227.png 768w, https:\/\/westestetik.com\/wp-content\/uploads\/2024\/12\/Uygulama-1-1536x453.png 1536w, https:\/\/westestetik.com\/wp-content\/uploads\/2024\/12\/Uygulama-1-2048x604.png 2048w\" sizes=\"(max-width: 1300px) 100vw, 1300px\" \/>\t\t\t\t\t\t\t\t\t\t\t\t\t\t\t<\/div>\n\t\t\t\t<\/div>\n\t\t\t\t\t<\/div>\n\t\t\t\t<\/div>\n\t\t<div class=\"wd-negative-gap elementor-element elementor-element-fc477f8 e-grid e-con-boxed e-con e-parent\" data-id=\"fc477f8\" data-element_type=\"container\">\n\t\t\t\t\t<div class=\"e-con-inner\">\n\t\t\t\t<div class=\"elementor-element elementor-element-c2ad78f color-scheme-inherit text-left elementor-widget elementor-widget-text-editor\" data-id=\"c2ad78f\" data-element_type=\"widget\" data-widget_type=\"text-editor.default\">\n\t\t\t\t<div class=\"elementor-widget-container\">\n\t\t\t\t\t\t\t\t\t<h2><span style=\"font-weight: 400;\">Comment se d\u00e9roule l'op\u00e9ration de lifting br\u00e9silien des fesses ?<\/span><\/h2><p><span style=\"font-weight: 400;\">Le lifting br\u00e9silien des fesses est l'une des interventions les plus populaires dans le domaine de l'esth\u00e9tique, r\u00e9alis\u00e9e par transfert de graisse (lipofilling). Cette proc\u00e9dure consiste \u00e0 transf\u00e9rer l'exc\u00e8s de graisse de certaines parties du corps vers les fesses. Le lifting br\u00e9silien des fesses se d\u00e9roule en deux \u00e9tapes. Dans un premier temps, l'exc\u00e8s de graisse est retir\u00e9 par liposuccion. Ces graisses, qui proviennent g\u00e9n\u00e9ralement de la taille, de l'abdomen, des hanches ou de l'int\u00e9rieur des jambes, sont purifi\u00e9es par un proc\u00e9d\u00e9 sp\u00e9cial. Les cellules graisseuses purifi\u00e9es sont soigneusement inject\u00e9es dans la zone des fesses.<\/span><\/p><p><span style=\"font-weight: 400;\">Lors de l'injection de graisse, le chirurgien insiste sur des points strat\u00e9giques pour donner aux fesses un aspect rebondi et naturel. Ainsi, les fesses sont \u00e0 la fois plus galb\u00e9es et harmonis\u00e9es avec les contours du corps. Le lifting br\u00e9silien des fesses est g\u00e9n\u00e9ralement pratiqu\u00e9 sous anesth\u00e9sie g\u00e9n\u00e9rale et dure entre 2 et 4 heures. Pendant l'op\u00e9ration, d'autres parties du corps peuvent \u00e9galement \u00eatre remodel\u00e9es en m\u00eame temps, de sorte que l'apparence des fesses devient plus pro\u00e9minente.<\/span><\/p>\t\t\t\t\t\t\t\t<\/div>\n\t\t\t\t<\/div>\n\t\t\t\t<div class=\"elementor-element elementor-element-e509358 color-scheme-inherit text-left elementor-widget elementor-widget-text-editor\" data-id=\"e509358\" data-element_type=\"widget\" data-widget_type=\"text-editor.default\">\n\t\t\t\t<div class=\"elementor-widget-container\">\n\t\t\t\t\t\t\t\t\t<h2><span style=\"font-weight: 400;\">Qui peut b\u00e9n\u00e9ficier d'un lifting br\u00e9silien des fesses ?<\/span><\/h2><p><span style=\"font-weight: 400;\">Le lifting br\u00e9silien des fesses est id\u00e9al pour les personnes qui ont des probl\u00e8mes de volume et de d\u00e9formation dans la r\u00e9gion des fesses. Si vos fesses sont plates, affaiss\u00e9es ou ont perdu du volume, cette op\u00e9ration peut vous convenir. Toutefois, il existe certains crit\u00e8res pour \u00eatre un bon candidat \u00e0 l'op\u00e9ration :<\/span><\/p><ul><li><span style=\"font-weight: 400;\">Un apport suffisant de graisses dans l'organisme.<\/span><\/li><li><span style=\"font-weight: 400;\">Vous \u00eates en bonne sant\u00e9 g\u00e9n\u00e9rale.<\/span><\/li><li><span style=\"font-weight: 400;\">L'\u00e9lasticit\u00e9 de votre peau est suffisante pour soutenir la forme postop\u00e9ratoire.<\/span><\/li><li><span style=\"font-weight: 400;\">Avoir des attentes r\u00e9alistes.<\/span><\/li><\/ul><p><span style=\"font-weight: 400;\">Si vous \u00eates tr\u00e8s mince et que vous n'avez pas assez de tissu adipeux dans votre corps, le lifting br\u00e9silien des fesses peut ne pas vous convenir. Il peut \u00eatre n\u00e9cessaire d'envisager d'autres m\u00e9thodes esth\u00e9tiques.<\/span><\/p>\t\t\t\t\t\t\t\t<\/div>\n\t\t\t\t<\/div>\n\t\t\t\t\t<\/div>\n\t\t\t\t<\/div>\n\t\t<div class=\"wd-negative-gap elementor-element elementor-element-ea4a1a7 e-grid e-con-boxed e-con e-parent\" data-id=\"ea4a1a7\" data-element_type=\"container\">\n\t\t\t\t\t<div class=\"e-con-inner\">\n\t\t\t\t<div class=\"elementor-element elementor-element-2a18f96 color-scheme-inherit text-left elementor-widget elementor-widget-text-editor\" data-id=\"2a18f96\" data-element_type=\"widget\" data-widget_type=\"text-editor.default\">\n\t\t\t\t<div class=\"elementor-widget-container\">\n\t\t\t\t\t\t\t\t\t<h2><span style=\"font-weight: 400;\">Quels sont les avantages du lifting br\u00e9silien des fesses ?<\/span><\/h2><p><span style=\"font-weight: 400;\">Le lifting br\u00e9silien des fesses pr\u00e9sente de nombreux avantages par rapport \u00e0 d'autres interventions esth\u00e9tiques :<\/span><\/p><ul><li><span style=\"font-weight: 400;\">Il donne un aspect naturel et esth\u00e9tique : Il augmente l'ampleur de vos fesses et s'harmonise avec les contours de votre corps.<\/span><\/li><li><span style=\"font-weight: 400;\">Elle fa\u00e7onne le corps : La graisse retir\u00e9e lors d'une liposuccion permet d'affiner la taille et l'abdomen, ce qui donne une apparence plus galb\u00e9e.<\/span><\/li><li><span style=\"font-weight: 400;\">Elle offre des r\u00e9sultats permanents : Des r\u00e9sultats \u00e0 long terme sont obtenus lorsque le contr\u00f4le du poids est assur\u00e9 apr\u00e8s l'intervention chirurgicale.<\/span><\/li><li><span style=\"font-weight: 400;\">Il cr\u00e9e une pl\u00e9nitude naturelle : L'utilisation de votre propre tissu adipeux au lieu de produits de comblement permet d'obtenir un r\u00e9sultat tout \u00e0 fait compatible avec votre corps.<\/span><\/li><\/ul><p><span style=\"font-weight: 400;\">Ces avantages vous permettent d'optimiser les proportions de votre corps tout en r\u00e9alisant vos objectifs esth\u00e9tiques.<\/span><\/p>\t\t\t\t\t\t\t\t<\/div>\n\t\t\t\t<\/div>\n\t\t\t\t<div class=\"elementor-element elementor-element-0aa6620 color-scheme-inherit text-left elementor-widget elementor-widget-text-editor\" data-id=\"0aa6620\" data-element_type=\"widget\" data-widget_type=\"text-editor.default\">\n\t\t\t\t<div class=\"elementor-widget-container\">\n\t\t\t\t\t\t\t\t\t<h2><span style=\"font-weight: 400;\">Processus de r\u00e9cup\u00e9ration apr\u00e8s un lifting br\u00e9silien des fesses<\/span><\/h2><p><span style=\"font-weight: 400;\">Le processus de r\u00e9tablissement apr\u00e8s un lifting br\u00e9silien des fesses est un processus qui a une incidence directe sur la r\u00e9ussite des r\u00e9sultats. Pendant les premiers jours, les patientes utilisent g\u00e9n\u00e9ralement un coussin sp\u00e9cial pour les fesses. Cet oreiller vous permet de vous asseoir sans pression directe sur vos fesses.<\/span><\/p><p><span style=\"font-weight: 400;\">Des effets secondaires tels que des gonflements et des ecchymoses peuvent survenir au cours des premi\u00e8res semaines. Ces effets sont tout \u00e0 fait normaux et disparaissent g\u00e9n\u00e9ralement au bout de 2 \u00e0 3 semaines. Les points suivants doivent \u00eatre pris en compte apr\u00e8s un lifting br\u00e9silien des fesses :<\/span><\/p><ul><li><span style=\"font-weight: 400;\">Vous ne devez pas vous asseoir directement sur les fesses pendant 2 \u00e0 3 semaines apr\u00e8s l'op\u00e9ration.<\/span><\/li><li><span style=\"font-weight: 400;\">L'activit\u00e9 physique doit \u00eatre limit\u00e9e pendant les premi\u00e8res semaines.<\/span><\/li><li><span style=\"font-weight: 400;\">L'utilisation d'un v\u00eatement de compression favorise la cicatrisation du site chirurgical et r\u00e9duit l'enflure.<\/span><\/li><\/ul><p><span style=\"font-weight: 400;\">Sonu\u00e7lar tam anlam\u0131yla 3-6 ay aras\u0131nda ortaya \u00e7\u0131kar. Bu s\u00fcre zarf\u0131nda, ya\u011f dokusunun %70-80\u2019i kal\u0131c\u0131 hale gelir.<\/span><\/p>\t\t\t\t\t\t\t\t<\/div>\n\t\t\t\t<\/div>\n\t\t\t\t\t<\/div>\n\t\t\t\t<\/div>\n\t\t<div class=\"wd-negative-gap elementor-element elementor-element-38fd2e4 e-grid e-con-boxed e-con e-parent\" data-id=\"38fd2e4\" data-element_type=\"container\">\n\t\t\t\t\t<div class=\"e-con-inner\">\n\t\t\t\t<div class=\"elementor-element elementor-element-f50b5dc color-scheme-inherit text-left elementor-widget elementor-widget-text-editor\" data-id=\"f50b5dc\" data-element_type=\"widget\" data-widget_type=\"text-editor.default\">\n\t\t\t\t<div class=\"elementor-widget-container\">\n\t\t\t\t\t\t\t\t\t<h2><span style=\"font-weight: 400;\">Pr\u00e9paration et pr\u00e9cautions pr\u00e9op\u00e9ratoires<\/span><\/h2><p><span style=\"font-weight: 400;\">Vous devez suivre attentivement les instructions de votre chirurgien avant le lifting br\u00e9silien des fesses. Les pr\u00e9paratifs \u00e0 effectuer avant le lifting br\u00e9silien des fesses sont les suivants :<\/span><\/p><ul><li><span style=\"font-weight: 400;\">Si vous fumez, il est recommand\u00e9 d'arr\u00eater de fumer au moins 4 semaines avant l'op\u00e9ration.<\/span><\/li><li><span style=\"font-weight: 400;\">Les anticoagulants doivent \u00eatre arr\u00eat\u00e9s au moins 10 jours avant l'intervention.<\/span><\/li><li><span style=\"font-weight: 400;\">Boire beaucoup d'eau et suivre un r\u00e9gime alimentaire sain pr\u00e9parera votre corps \u00e0 l'op\u00e9ration.<\/span><\/li><\/ul><p><span style=\"font-weight: 400;\">En suivant ces \u00e9tapes, vous pourrez passer plus facilement le cap de l'op\u00e9ration.<\/span><\/p>\t\t\t\t\t\t\t\t<\/div>\n\t\t\t\t<\/div>\n\t\t\t\t<div class=\"elementor-element elementor-element-b2df946 color-scheme-inherit text-left elementor-widget elementor-widget-text-editor\" data-id=\"b2df946\" data-element_type=\"widget\" data-widget_type=\"text-editor.default\">\n\t\t\t\t<div class=\"elementor-widget-container\">\n\t\t\t\t\t\t\t\t\t<h2><span style=\"font-weight: 400;\">Prix de la chirurgie de lifting des fesses br\u00e9siliennes<\/span><\/h2><p><span style=\"font-weight: 400;\">Brezilya popo kald\u0131rma ameliyat\u0131 fiyatlar\u0131, pek \u00e7ok fakt\u00f6re ba\u011fl\u0131 olarak de\u011fi\u015fiklik g\u00f6stermektedir. Cerrah\u0131n deneyimi, ameliyat\u0131n ger\u00e7ekle\u015ftirilece\u011fi klinik, kullan\u0131lan teknikler ve operasyon s\u0131ras\u0131nda liposuction uygulanacak b\u00f6lgelerin say\u0131s\u0131, fiyat\u0131 etkileyen ba\u015fl\u0131ca unsurlard\u0131r. Ayr\u0131ca, ameliyat s\u0131ras\u0131nda transfer edilecek ya\u011f miktar\u0131 da maliyeti belirleyen \u00f6nemli bir kriterdir. Ki\u015fiye \u00f6zel bir de\u011ferlendirme yap\u0131lmadan net bir fiyat belirlemek m\u00fcmk\u00fcn de\u011fildir. Bu nedenle, detayl\u0131 bir dan\u0131\u015fmanl\u0131k alarak<\/span><\/p>\t\t\t\t\t\t\t\t<\/div>\n\t\t\t\t<\/div>\n\t\t\t\t\t<\/div>\n\t\t\t\t<\/div>\n\t\t\t\t<\/div>","protected":false},"excerpt":{"rendered":"<p>Brezilya Popo Kald\u0131rma Ameliyat\u0131 Nas\u0131l Yap\u0131l\u0131r? Brezilya popo kald\u0131rma ameliyat\u0131, ya\u011f transferi (lipofilling) y\u00f6ntemiyle yap\u0131lan ve estetik alan\u0131ndaki en pop\u00fcler<\/p>","protected":false},"author":1,"featured_media":0,"parent":0,"menu_order":0,"comment_status":"closed","ping_status":"closed","template":"","meta":{"footnotes":""},"class_list":["post-27828","page","type-page","status-publish","hentry"],"_links":{"self":[{"href":"https:\/\/westestetik.com\/fr\/wp-json\/wp\/v2\/pages\/27828","targetHints":{"allow":["GET"]}}],"collection":[{"href":"https:\/\/westestetik.com\/fr\/wp-json\/wp\/v2\/pages"}],"about":[{"href":"https:\/\/westestetik.com\/fr\/wp-json\/wp\/v2\/types\/page"}],"author":[{"embeddable":true,"href":"https:\/\/westestetik.com\/fr\/wp-json\/wp\/v2\/users\/1"}],"replies":[{"embeddable":true,"href":"https:\/\/westestetik.com\/fr\/wp-json\/wp\/v2\/comments?post=27828"}],"version-history":[{"count":1,"href":"https:\/\/westestetik.com\/fr\/wp-json\/wp\/v2\/pages\/27828\/revisions"}],"predecessor-version":[{"id":27829,"href":"https:\/\/westestetik.com\/fr\/wp-json\/wp\/v2\/pages\/27828\/revisions\/27829"}],"wp:attachment":[{"href":"https:\/\/westestetik.com\/fr\/wp-json\/wp\/v2\/media?parent=27828"}],"curies":[{"name":"wp","href":"https:\/\/api.w.org\/{rel}","templated":true}]}}