{"id":27823,"date":"2024-12-02T23:18:44","date_gmt":"2024-12-02T23:18:44","guid":{"rendered":"https:\/\/westestetik.com\/?page_id=27823"},"modified":"2025-02-20T16:31:49","modified_gmt":"2025-02-20T13:31:49","slug":"labiaplastie-2","status":"publish","type":"page","link":"https:\/\/westestetik.com\/fr\/labiaplastie-2\/","title":{"rendered":"Labiaplastie"},"content":{"rendered":"<div data-elementor-type=\"wp-page\" data-elementor-id=\"27823\" class=\"elementor elementor-27823\" data-elementor-post-type=\"page\">\n\t\t\t\t<div class=\"wd-negative-gap elementor-element elementor-element-e150b12 e-flex e-con-boxed e-con e-parent\" data-id=\"e150b12\" data-element_type=\"container\">\n\t\t\t\t\t<div class=\"e-con-inner\">\n\t\t\t\t<div class=\"elementor-element elementor-element-7286009 elementor-widget elementor-widget-image\" data-id=\"7286009\" data-element_type=\"widget\" data-widget_type=\"image.default\">\n\t\t\t\t<div class=\"elementor-widget-container\">\n\t\t\t\t\t\t\t\t\t\t\t\t\t\t\t<img fetchpriority=\"high\" decoding=\"async\" width=\"1300\" height=\"384\" src=\"https:\/\/westestetik.com\/wp-content\/uploads\/2024\/12\/Uygulama-1-1300x384.png\" class=\"attachment-large size-large wp-image-27725\" alt=\"Maladies\" srcset=\"https:\/\/westestetik.com\/wp-content\/uploads\/2024\/12\/Uygulama-1-1300x384.png 1300w, https:\/\/westestetik.com\/wp-content\/uploads\/2024\/12\/Uygulama-1-430x127.png 430w, https:\/\/westestetik.com\/wp-content\/uploads\/2024\/12\/Uygulama-1-150x44.png 150w, https:\/\/westestetik.com\/wp-content\/uploads\/2024\/12\/Uygulama-1-700x207.png 700w, https:\/\/westestetik.com\/wp-content\/uploads\/2024\/12\/Uygulama-1-400x118.png 400w, https:\/\/westestetik.com\/wp-content\/uploads\/2024\/12\/Uygulama-1-768x227.png 768w, https:\/\/westestetik.com\/wp-content\/uploads\/2024\/12\/Uygulama-1-1536x453.png 1536w, https:\/\/westestetik.com\/wp-content\/uploads\/2024\/12\/Uygulama-1-2048x604.png 2048w\" sizes=\"(max-width: 1300px) 100vw, 1300px\" \/>\t\t\t\t\t\t\t\t\t\t\t\t\t\t\t<\/div>\n\t\t\t\t<\/div>\n\t\t\t\t\t<\/div>\n\t\t\t\t<\/div>\n\t\t<div class=\"wd-negative-gap elementor-element elementor-element-959a9ff e-flex e-con-boxed e-con e-parent\" data-id=\"959a9ff\" data-element_type=\"container\">\n\t\t\t\t\t<div class=\"e-con-inner\">\n\t\t\t\t<div class=\"elementor-element elementor-element-45ef644 color-scheme-inherit text-left elementor-widget elementor-widget-text-editor\" data-id=\"45ef644\" data-element_type=\"widget\" data-widget_type=\"text-editor.default\">\n\t\t\t\t<div class=\"elementor-widget-container\">\n\t\t\t\t\t\t\t\t\t<p><span style=\"font-weight: 400;\">La labiaplastie est une intervention souvent pr\u00e9f\u00e9r\u00e9e dans le domaine de la chirurgie esth\u00e9tique g\u00e9nitale et aide les femmes \u00e0 r\u00e9soudre les probl\u00e8mes esth\u00e9tiques et fonctionnels de la r\u00e9gion g\u00e9nitale. Des probl\u00e8mes tels que l'asym\u00e9trie, l'hypertrophie, l'inconfort ou les pr\u00e9occupations esth\u00e9tiques au niveau des petites l\u00e8vres (labia minora) peuvent inciter de nombreuses femmes \u00e0 envisager cette intervention.<\/span><\/p><h2><span style=\"font-weight: 400;\">Qu'est-ce que la labiaplastie et dans quelles conditions est-elle pratiqu\u00e9e ?<\/span><\/h2><p><span style=\"font-weight: 400;\">La labiaplastie est une intervention chirurgicale visant \u00e0 r\u00e9duire ou \u00e0 modeler les petites l\u00e8vres (labium) dans la r\u00e9gion g\u00e9nitale. Cette intervention peut \u00eatre pr\u00e9f\u00e9r\u00e9e pour des raisons esth\u00e9tiques ou en raison d'une g\u00eane physique. Certaines femmes peuvent se plaindre d'une asym\u00e9trie cong\u00e9nitale, du vieillissement ou de changements post-partum dans la r\u00e9gion g\u00e9nitale. La labiaplastie est pratiqu\u00e9e pour corriger ces conditions et permettre aux femmes de se sentir plus \u00e0 l'aise.<\/span><\/p><h2><span style=\"font-weight: 400;\">Comment la labiaplastie est-elle pratiqu\u00e9e ?<\/span><\/h2><p><span style=\"font-weight: 400;\">La labiaplastie est une intervention g\u00e9n\u00e9ralement r\u00e9alis\u00e9e sous anesth\u00e9sie locale. Au cours de l'intervention, les l\u00e8vres int\u00e9rieures du vagin sont r\u00e9duites et model\u00e9es \u00e0 la taille souhait\u00e9e. La dur\u00e9e de l'intervention varie g\u00e9n\u00e9ralement entre 1 et 2 heures et les patientes peuvent sortir le jour m\u00eame. Le chirurgien place les sutures dans les plis naturels, de sorte que les cicatrices sont minimes. Cette m\u00e9thode permet d'obtenir d'excellents r\u00e9sultats tant sur le plan esth\u00e9tique que fonctionnel.<\/span><\/p><h2><span style=\"font-weight: 400;\">Combien de temps dure une labiaplastie ?<\/span><\/h2><p><span style=\"font-weight: 400;\">La labiaplastie est une intervention qui dure g\u00e9n\u00e9ralement 1 \u00e0 2 heures et qui peut \u00eatre r\u00e9alis\u00e9e sous anesth\u00e9sie locale. Les patientes peuvent quitter l'h\u00f4pital quelques heures apr\u00e8s l'intervention. Toutefois, le processus de cicatrisation peut prendre plusieurs jours. La dur\u00e9e peut varier en fonction des techniques utilis\u00e9es pendant l'op\u00e9ration et de la structure corporelle de la personne, mais il s'agit g\u00e9n\u00e9ralement d'une intervention de courte dur\u00e9e.<\/span><\/p><h2><span style=\"font-weight: 400;\">Quel est le processus de gu\u00e9rison apr\u00e8s une labiaplastie ?<\/span><\/h2><p><span style=\"font-weight: 400;\">Le processus de gu\u00e9rison apr\u00e8s une labiaplastie est g\u00e9n\u00e9ralement rapide, mais il y a quelques points \u00e0 prendre en compte. Les premiers jours, il peut y avoir une l\u00e9g\u00e8re douleur et un gonflement. En outre, les patientes peuvent reprendre leurs activit\u00e9s normales au bout d'une \u00e0 deux semaines. Les activit\u00e9s telles que les rapports sexuels et les exercices physiques intenses sont g\u00e9n\u00e9ralement recommand\u00e9es apr\u00e8s 4 \u00e0 6 semaines. Pendant le processus de gu\u00e9rison, il est tr\u00e8s important de respecter les recommandations du m\u00e9decin.<\/span><\/p><h2><span style=\"font-weight: 400;\">Quels sont les risques et les effets secondaires de la labiaplastie ?<\/span><\/h2><p><span style=\"font-weight: 400;\">Bien que la labiaplastie soit g\u00e9n\u00e9ralement une op\u00e9ration s\u00fbre, comme pour toute intervention chirurgicale, il peut y avoir certains risques. Il peut s'agir d'une infection, d'un saignement, d'une cicatrice ou d'une perte de sensibilit\u00e9. Toutefois, ces risques peuvent \u00eatre minimis\u00e9s gr\u00e2ce \u00e0 des interventions r\u00e9alis\u00e9es par un chirurgien sp\u00e9cialis\u00e9. En outre, il est important de respecter scrupuleusement les recommandations du m\u00e9decin pendant la p\u00e9riode postop\u00e9ratoire afin d'\u00e9viter les complications.<\/span><\/p><h2><span style=\"font-weight: 400;\">Quels sont les prix de la labiaplastie ?<\/span><\/h2><p><span style=\"font-weight: 400;\">Les prix de la labiaplastie peuvent varier en fonction de l'exp\u00e9rience du chirurgien, des installations cliniques, de l'ampleur de l'intervention et des caract\u00e9ristiques de la r\u00e9gion. En g\u00e9n\u00e9ral, les proc\u00e9dures de labiaplastie, comme les interventions esth\u00e9tiques, ne sont pas couvertes par l'assurance maladie et les paiements sont \u00e0 la charge des patients. Pour obtenir des informations claires sur le prix, il est important de consulter un sp\u00e9cialiste et d'\u00e9valuer la situation personnelle.<\/span><\/p><h2><span style=\"font-weight: 400;\">Quelles sont les pr\u00e9parations \u00e0 effectuer avant et apr\u00e8s la labiaplastie ?<\/span><\/h2><p><span style=\"font-weight: 400;\">Avant la labiaplastie, l'\u00e9tat de sant\u00e9 g\u00e9n\u00e9ral des patientes est \u00e9valu\u00e9. Avant l'op\u00e9ration, il peut \u00eatre recommand\u00e9 d'\u00e9viter les anticoagulants et de r\u00e9duire le tabagisme. Apr\u00e8s l'op\u00e9ration, les conditions d'hygi\u00e8ne doivent \u00eatre respect\u00e9es et les m\u00e9dicaments prescrits doivent \u00eatre pris r\u00e9guli\u00e8rement. En outre, il est important de nettoyer la zone g\u00e9nitale pour pr\u00e9venir le risque d'infection.<\/span><\/p><h2><span style=\"font-weight: 400;\">\u00c0 qui s'adresse la labiaplastie ?<\/span><\/h2><p><span style=\"font-weight: 400;\">La labiaplastie convient g\u00e9n\u00e9ralement aux femmes dont les l\u00e8vres int\u00e9rieures de la r\u00e9gion g\u00e9nitale posent des probl\u00e8mes esth\u00e9tiques ou fonctionnels. Cette intervention est recommand\u00e9e aux femmes en bonne sant\u00e9 \u00e2g\u00e9es de plus de 18 ans. Elle peut \u00e9galement constituer une solution id\u00e9ale pour les femmes qui subissent des changements post-partum et qui ont des pr\u00e9occupations d'ordre esth\u00e9tique. Toutefois, l'intervention n'est pas recommand\u00e9e aux femmes qui envisagent une grossesse.<\/span><\/p><h2><span style=\"font-weight: 400;\">Quand la vie sexuelle reprend-elle apr\u00e8s une labiaplastie ?<\/span><\/h2><p><span style=\"font-weight: 400;\">Le d\u00e9lai de reprise de la vie sexuelle apr\u00e8s une labiaplastie peut varier d'une personne \u00e0 l'autre, mais en g\u00e9n\u00e9ral, des rapports sexuels normaux peuvent \u00eatre entrepris au bout de 4 \u00e0 6 semaines. Pendant cette p\u00e9riode, la cicatrisation doit \u00eatre achev\u00e9e et les recommandations du chirurgien doivent \u00eatre prises en compte. Des changements positifs dans la vie sexuelle peuvent \u00eatre constat\u00e9s apr\u00e8s l'intervention, car l'inconfort ou les pr\u00e9occupations esth\u00e9tiques dans la r\u00e9gion g\u00e9nitale sont \u00e9limin\u00e9s.<\/span><\/p><h2><span style=\"font-weight: 400;\">Quand les r\u00e9sultats de la labiaplastie sont-ils visibles ?<\/span><\/h2><p><span style=\"font-weight: 400;\">Les r\u00e9sultats de la labiaplastie commencent g\u00e9n\u00e9ralement \u00e0 appara\u00eetre au bout de quelques semaines. Une fois le processus de cicatrisation initial achev\u00e9, les r\u00e9sultats d\u00e9finitifs sont visibles au bout de 3 \u00e0 6 mois. Pendant cette p\u00e9riode, l'enflure se r\u00e9sorbe compl\u00e8tement et les points de suture dans la r\u00e9gion g\u00e9nitale se cicatrisent. Apr\u00e8s l'op\u00e9ration, on constate g\u00e9n\u00e9ralement une am\u00e9lioration significative et des r\u00e9sultats esth\u00e9tiquement satisfaisants.<\/span><\/p>\t\t\t\t\t\t\t\t<\/div>\n\t\t\t\t<\/div>\n\t\t\t\t\t<\/div>\n\t\t\t\t<\/div>\n\t\t\t\t<\/div>","protected":false},"excerpt":{"rendered":"<p>Labiaplasti, genital estetik cerrahi alan\u0131nda s\u0131k tercih edilen bir prosed\u00fcrd\u00fcr ve kad\u0131nlar\u0131n genital b\u00f6lgede estetik ve fonksiyonel sorunlar\u0131 gidermelerine yard\u0131mc\u0131<\/p>","protected":false},"author":1,"featured_media":0,"parent":0,"menu_order":0,"comment_status":"closed","ping_status":"closed","template":"","meta":{"footnotes":""},"class_list":["post-27823","page","type-page","status-publish","hentry"],"_links":{"self":[{"href":"https:\/\/westestetik.com\/fr\/wp-json\/wp\/v2\/pages\/27823","targetHints":{"allow":["GET"]}}],"collection":[{"href":"https:\/\/westestetik.com\/fr\/wp-json\/wp\/v2\/pages"}],"about":[{"href":"https:\/\/westestetik.com\/fr\/wp-json\/wp\/v2\/types\/page"}],"author":[{"embeddable":true,"href":"https:\/\/westestetik.com\/fr\/wp-json\/wp\/v2\/users\/1"}],"replies":[{"embeddable":true,"href":"https:\/\/westestetik.com\/fr\/wp-json\/wp\/v2\/comments?post=27823"}],"version-history":[{"count":12,"href":"https:\/\/westestetik.com\/fr\/wp-json\/wp\/v2\/pages\/27823\/revisions"}],"predecessor-version":[{"id":30825,"href":"https:\/\/westestetik.com\/fr\/wp-json\/wp\/v2\/pages\/27823\/revisions\/30825"}],"wp:attachment":[{"href":"https:\/\/westestetik.com\/fr\/wp-json\/wp\/v2\/media?parent=27823"}],"curies":[{"name":"wp","href":"https:\/\/api.w.org\/{rel}","templated":true}]}}