{"id":27806,"date":"2024-12-02T23:09:50","date_gmt":"2024-12-02T23:09:50","guid":{"rendered":"https:\/\/westestetik.com\/?page_id=27806"},"modified":"2024-12-25T10:54:15","modified_gmt":"2024-12-25T10:54:15","slug":"comblement-de-pommettes","status":"publish","type":"page","link":"https:\/\/westestetik.com\/fr\/comblement-de-pommettes\/","title":{"rendered":"Comblement de Pommettes"},"content":{"rendered":"<div data-elementor-type=\"wp-page\" data-elementor-id=\"27806\" class=\"elementor elementor-27806\" data-elementor-post-type=\"page\">\n\t\t\t\t<div class=\"wd-negative-gap elementor-element elementor-element-e150b12 e-flex e-con-boxed e-con e-parent\" data-id=\"e150b12\" data-element_type=\"container\">\n\t\t\t\t\t<div class=\"e-con-inner\">\n\t\t\t\t<div class=\"elementor-element elementor-element-7286009 elementor-widget elementor-widget-image\" data-id=\"7286009\" data-element_type=\"widget\" data-widget_type=\"image.default\">\n\t\t\t\t<div class=\"elementor-widget-container\">\n\t\t\t\t\t\t\t\t\t\t\t\t\t\t\t<img fetchpriority=\"high\" decoding=\"async\" width=\"1300\" height=\"384\" src=\"https:\/\/westestetik.com\/wp-content\/uploads\/2024\/12\/Uygulama-1-1300x384.png\" class=\"attachment-large size-large wp-image-27725\" alt=\"Maladies\" srcset=\"https:\/\/westestetik.com\/wp-content\/uploads\/2024\/12\/Uygulama-1-1300x384.png 1300w, https:\/\/westestetik.com\/wp-content\/uploads\/2024\/12\/Uygulama-1-430x127.png 430w, https:\/\/westestetik.com\/wp-content\/uploads\/2024\/12\/Uygulama-1-150x44.png 150w, https:\/\/westestetik.com\/wp-content\/uploads\/2024\/12\/Uygulama-1-700x207.png 700w, https:\/\/westestetik.com\/wp-content\/uploads\/2024\/12\/Uygulama-1-400x118.png 400w, https:\/\/westestetik.com\/wp-content\/uploads\/2024\/12\/Uygulama-1-768x227.png 768w, https:\/\/westestetik.com\/wp-content\/uploads\/2024\/12\/Uygulama-1-1536x453.png 1536w, https:\/\/westestetik.com\/wp-content\/uploads\/2024\/12\/Uygulama-1-2048x604.png 2048w\" sizes=\"(max-width: 1300px) 100vw, 1300px\" \/>\t\t\t\t\t\t\t\t\t\t\t\t\t\t\t<\/div>\n\t\t\t\t<\/div>\n\t\t\t\t\t<\/div>\n\t\t\t\t<\/div>\n\t\t<div class=\"wd-negative-gap elementor-element elementor-element-5be8f54 e-flex e-con-boxed e-con e-parent\" data-id=\"5be8f54\" data-element_type=\"container\">\n\t\t\t\t\t<div class=\"e-con-inner\">\n\t\t\t\t<div class=\"elementor-element elementor-element-e77e90f color-scheme-inherit text-left elementor-widget elementor-widget-text-editor\" data-id=\"e77e90f\" data-element_type=\"widget\" data-widget_type=\"text-editor.default\">\n\t\t\t\t<div class=\"elementor-widget-container\">\n\t\t\t\t\t\t\t\t\t<p><span style=\"font-weight: 400;\">Le comblement des pommettes est une application esth\u00e9tique populaire qui permet de rendre les contours du visage plus pro\u00e9minents et plus esth\u00e9tiques. Cette proc\u00e9dure, particuli\u00e8rement appr\u00e9ci\u00e9e par les personnes qui ont perdu du volume en raison du vieillissement ou qui souhaitent avoir un visage plus sym\u00e9trique, offre une solution rapide et efficace sans intervention chirurgicale. Les produits de comblement tels que l'acide hyaluronique sont utilis\u00e9s pour ajouter du volume aux pommettes, ce qui permet d'obtenir des traits de visage plus jeunes, plus vivants et plus \u00e9quilibr\u00e9s. Le comblement des pommettes, pr\u00e9f\u00e9r\u00e9 tant par les femmes que par les hommes, se distingue par une douleur minime et un processus de gu\u00e9rison rapide.\u00a0<\/span><\/p><h2><span style=\"font-weight: 400;\">Qu'est-ce que le comblement des pommettes et comment se fait-il ?<\/span><\/h2><p><span style=\"font-weight: 400;\">L'augmentation des pommettes est une intervention non chirurgicale qui permet d'am\u00e9liorer les contours du visage et d'obtenir une apparence plus esth\u00e9tique. Dans cette proc\u00e9dure, l'acide hyaluronique ou des produits de comblement similaires sont utilis\u00e9s pour ajouter du volume \u00e0 la pommette. Gr\u00e2ce au comblement des pommettes, le visage gagne en jeunesse et en sym\u00e9trie. L'intervention est g\u00e9n\u00e9ralement r\u00e9alis\u00e9e en peu de temps et ne n\u00e9cessite pas d'anesth\u00e9sie, de sorte que les patients peuvent imm\u00e9diatement reprendre leur vie quotidienne. L'application est r\u00e9alis\u00e9e avec soin par des m\u00e9decins sp\u00e9cialis\u00e9s, ce qui permet d'obtenir un r\u00e9sultat naturel et harmonieux.<\/span><\/p><h2><span style=\"font-weight: 400;\">\u00c0 qui convient le Cheekbone Filler ?<\/span><\/h2><p><span style=\"font-weight: 400;\">Le comblement des pommettes est une m\u00e9thode de traitement adapt\u00e9e, en particulier pour les personnes qui souffrent d'une perte des contours du visage, d'un affaissement d\u00fb au vieillissement et d'une perte de volume. En outre, les personnes qui souhaitent des pommettes plus saillantes peuvent \u00e9galement b\u00e9n\u00e9ficier de cette intervention. Conform\u00e9ment \u00e0 leurs objectifs esth\u00e9tiques, les jeunes qui souhaitent rendre les traits de leur visage plus sym\u00e9triques peuvent \u00e9galement pr\u00e9f\u00e9rer ce traitement. Toutefois, la proc\u00e9dure de comblement peut ne pas convenir \u00e0 tout le monde ; par exemple, cette proc\u00e9dure peut \u00eatre d\u00e9conseill\u00e9e aux personnes ayant des ant\u00e9c\u00e9dents de r\u00e9actions allergiques et certains probl\u00e8mes de sant\u00e9.<\/span><\/p><h2><span style=\"font-weight: 400;\">Quels r\u00e9sultats peut-on obtenir avec le comblement des pommettes ?<\/span><\/h2><p><span style=\"font-weight: 400;\">Le comblement des pommettes permet de clarifier les contours du visage, de r\u00e9duire l'affaissement et d'am\u00e9liorer la sym\u00e9trie g\u00e9n\u00e9rale du visage. Gr\u00e2ce \u00e0 cette intervention, les pommettes deviennent plus saillantes et la ligne de la m\u00e2choire acquiert un aspect plus esth\u00e9tique. En outre, la peau, qui s'est affaiss\u00e9e en raison du vieillissement d\u00fb \u00e0 la perte de volume, est retendue \u00e0 l'aide de produits de comblement et une apparence plus jeune est obtenue. Ces r\u00e9sultats s'int\u00e8grent \u00e0 la beaut\u00e9 naturelle de la personne, cr\u00e9ant ainsi une int\u00e9grit\u00e9 esth\u00e9tique.<\/span><\/p><h2><span style=\"font-weight: 400;\">Combien de temps le comblement des pommettes est-il permanent ?<\/span><\/h2><p><span style=\"font-weight: 400;\">Les r\u00e9sultats du comblement des pommettes sont g\u00e9n\u00e9ralement permanents pendant une p\u00e9riode allant de 6 mois \u00e0 2 ans. Des facteurs tels que le type de produit de comblement utilis\u00e9, la structure de la peau et le mode de vie de la personne peuvent influer sur cette permanence. Les produits de comblement \u00e0 base d'acide hyaluronique montrent g\u00e9n\u00e9ralement leur effet entre 6 et 12 mois, tandis que d'autres produits de comblement peuvent donner des r\u00e9sultats plus durables. Cette p\u00e9riode peut \u00eatre prolong\u00e9e par des proc\u00e9dures r\u00e9guli\u00e8res d'entretien et de renouvellement \u00e0 intervalles n\u00e9cessaires.<\/span><\/p><h2><span style=\"font-weight: 400;\">L'obturation de la pommette est-elle douloureuse ?<\/span><\/h2><p><span style=\"font-weight: 400;\">Le comblement des pommettes est g\u00e9n\u00e9ralement une proc\u00e9dure indolore. Une cr\u00e8me anesth\u00e9siante locale est appliqu\u00e9e avant l'intervention et le patient peut facilement subir l'intervention. La plupart des personnes ressentent l'injection du produit de comblement, mais cela n'est g\u00e9n\u00e9ralement pas d\u00e9sagr\u00e9able. En outre, une l\u00e9g\u00e8re application de glace sur les produits de comblement utilis\u00e9s peut \u00e9galement r\u00e9duire la douleur. Apr\u00e8s l'intervention, il peut y avoir un l\u00e9ger gonflement ou des ecchymoses, mais ceux-ci sont temporaires et disparaissent en quelques jours.<\/span><\/p><h2><span style=\"font-weight: 400;\">Quel est le processus de r\u00e9cup\u00e9ration apr\u00e8s un comblement de pommette ?<\/span><\/h2><p><span style=\"font-weight: 400;\">Le processus de gu\u00e9rison apr\u00e8s un comblement de pommette est assez rapide. La plupart des patients peuvent reprendre leurs activit\u00e9s quotidiennes imm\u00e9diatement apr\u00e8s l'intervention. Un l\u00e9ger gonflement ou des ecchymoses peuvent \u00eatre observ\u00e9s au point d'injection, mais ils disparaissent g\u00e9n\u00e9ralement en quelques jours. Apr\u00e8s l'intervention, il est conseill\u00e9 aux patients de ne pas se maquiller et d'\u00e9viter tout contact avec des environnements extr\u00eamement chauds ou froids pendant les 24 \u00e0 48 premi\u00e8res heures. En outre, des compresses froides peuvent \u00eatre utiles pour r\u00e9duire l'enflure. Le processus de gu\u00e9rison est g\u00e9n\u00e9ralement rapide et sans incident.<\/span><\/p><h2><span style=\"font-weight: 400;\">Combien co\u00fbtent les produits de comblement des pommettes ?<\/span><\/h2><p><span style=\"font-weight: 400;\">Les prix des produits de comblement des pommettes peuvent varier en fonction du type de produit utilis\u00e9, de la zone \u00e0 traiter et de l'exp\u00e9rience du m\u00e9decin. Toutefois, les besoins de chaque individu \u00e9tant diff\u00e9rents, les prix sont d\u00e9termin\u00e9s apr\u00e8s une planification et une \u00e9valuation personnalis\u00e9es. Les forfaits et les promotions propos\u00e9s par les cliniques peuvent \u00e9galement avoir une incidence sur les prix.<\/span><\/p><h2><span style=\"font-weight: 400;\">Quels sont les \u00e9l\u00e9ments \u00e0 prendre en compte avant et apr\u00e8s le comblement de la pommette ?<\/span><\/h2><p><span style=\"font-weight: 400;\">Avant de proc\u00e9der au comblement des pommettes, il est important d'obtenir des informations d\u00e9taill\u00e9es sur l'intervention et d'avoir un entretien approfondi avec votre m\u00e9decin. Il sera \u00e9galement utile d'obtenir des informations sur le type de produit de comblement \u00e0 utiliser pendant l'intervention. Apr\u00e8s l'intervention, vous devez suivre les recommandations de votre m\u00e9decin. Des compresses froides doivent \u00eatre appliqu\u00e9es pour \u00e9viter les gonflements et les ecchymoses, et les exercices lourds doivent \u00eatre \u00e9vit\u00e9s pendant les premiers jours. En outre, la consommation de tabac et d'alcool peut nuire au processus de gu\u00e9rison.<\/span><\/p><h2><span style=\"font-weight: 400;\">Quelle est l'efficacit\u00e9 du comblement des pommettes pour l'esth\u00e9tique du visage ?<\/span><\/h2><p><span style=\"font-weight: 400;\">Le comblement des pommettes est extr\u00eamement efficace pour am\u00e9liorer l'esth\u00e9tique du visage et embellir l'apparence naturelle. En compensant la perte de volume du visage, il cr\u00e9e des lignes plus sym\u00e9triques et distinctes dans des zones telles que le menton, les pommettes et la m\u00e2choire. Cette proc\u00e9dure offre une solution rapide et efficace car elle ne n\u00e9cessite pas d'intervention chirurgicale. Le comblement des pommettes, qui est une option privil\u00e9gi\u00e9e pour l'esth\u00e9tique du visage, contribue \u00e0 la compr\u00e9hension de la beaut\u00e9 avec des r\u00e9sultats naturels.<\/span><\/p><h2><span style=\"font-weight: 400;\">Quels sont les effets secondaires du produit de comblement des pommettes ?<\/span><\/h2><p><span style=\"font-weight: 400;\">Bien que le comblement des pommettes soit g\u00e9n\u00e9ralement une proc\u00e9dure s\u00fbre, certaines personnes peuvent ressentir des effets secondaires. Les effets secondaires les plus courants sont un gonflement, des ecchymoses, une l\u00e9g\u00e8re douleur et une rougeur au point d'injection. Ces effets sont temporaires et disparaissent g\u00e9n\u00e9ralement en quelques jours. Dans de rares cas, des r\u00e9actions allergiques ou des infections peuvent survenir. Toutefois, de telles complications sont tr\u00e8s peu probables si le traitement est administr\u00e9 par un m\u00e9decin qualifi\u00e9.<\/span><\/p><h2><span style=\"font-weight: 400;\">Quelles sont les m\u00e9thodes utilis\u00e9es pour le comblement des pommettes ?<\/span><\/h2><p><span style=\"font-weight: 400;\">Le comblement des pommettes se fait g\u00e9n\u00e9ralement \u00e0 l'aide d'une aiguille et sous anesth\u00e9sie locale. Le produit de comblement est soigneusement inject\u00e9 dans des zones sp\u00e9cifiques du visage. Les aiguilles utilis\u00e9es pendant l'intervention sont fines, indolores et la g\u00eane ressentie pendant l'intervention est minime. En outre, la structure des produits de comblement utilis\u00e9s dans la proc\u00e9dure garantit des r\u00e9sultats naturels. Certaines cliniques cherchent \u00e0 obtenir des r\u00e9sultats plus pr\u00e9cis en utilisant des \u00e9quipements technologiques tels que des appareils \u00e0 ultrasons pendant la proc\u00e9dure.<\/span><\/p><p>\u00a0<\/p>\t\t\t\t\t\t\t\t<\/div>\n\t\t\t\t<\/div>\n\t\t\t\t\t<\/div>\n\t\t\t\t<\/div>\n\t\t\t\t<\/div>","protected":false},"excerpt":{"rendered":"<p>Elmac\u0131k kemi\u011fi dolgusu, y\u00fcz hatlar\u0131n\u0131 daha belirgin ve estetik hale getirmek i\u00e7in tercih edilen pop\u00fcler bir estetik uygulamad\u0131r. \u00d6zellikle ya\u015flanma<\/p>","protected":false},"author":1,"featured_media":0,"parent":0,"menu_order":0,"comment_status":"closed","ping_status":"closed","template":"","meta":{"footnotes":""},"class_list":["post-27806","page","type-page","status-publish","hentry"],"_links":{"self":[{"href":"https:\/\/westestetik.com\/fr\/wp-json\/wp\/v2\/pages\/27806","targetHints":{"allow":["GET"]}}],"collection":[{"href":"https:\/\/westestetik.com\/fr\/wp-json\/wp\/v2\/pages"}],"about":[{"href":"https:\/\/westestetik.com\/fr\/wp-json\/wp\/v2\/types\/page"}],"author":[{"embeddable":true,"href":"https:\/\/westestetik.com\/fr\/wp-json\/wp\/v2\/users\/1"}],"replies":[{"embeddable":true,"href":"https:\/\/westestetik.com\/fr\/wp-json\/wp\/v2\/comments?post=27806"}],"version-history":[{"count":4,"href":"https:\/\/westestetik.com\/fr\/wp-json\/wp\/v2\/pages\/27806\/revisions"}],"predecessor-version":[{"id":27914,"href":"https:\/\/westestetik.com\/fr\/wp-json\/wp\/v2\/pages\/27806\/revisions\/27914"}],"wp:attachment":[{"href":"https:\/\/westestetik.com\/fr\/wp-json\/wp\/v2\/media?parent=27806"}],"curies":[{"name":"wp","href":"https:\/\/api.w.org\/{rel}","templated":true}]}}