{"id":27801,"date":"2024-12-02T23:09:13","date_gmt":"2024-12-02T23:09:13","guid":{"rendered":"https:\/\/westestetik.com\/?page_id=27801"},"modified":"2024-12-25T10:54:04","modified_gmt":"2024-12-25T10:54:04","slug":"esthetique-de-loreille-proeminente","status":"publish","type":"page","link":"https:\/\/westestetik.com\/fr\/esthetique-de-loreille-proeminente\/","title":{"rendered":"Esth\u00e9tique de L'oreille Proeminente"},"content":{"rendered":"<div data-elementor-type=\"wp-page\" data-elementor-id=\"27801\" class=\"elementor elementor-27801\" data-elementor-post-type=\"page\">\n\t\t\t\t<div class=\"wd-negative-gap elementor-element elementor-element-e150b12 e-flex e-con-boxed e-con e-parent\" data-id=\"e150b12\" data-element_type=\"container\">\n\t\t\t\t\t<div class=\"e-con-inner\">\n\t\t\t\t<div class=\"elementor-element elementor-element-7286009 elementor-widget elementor-widget-image\" data-id=\"7286009\" data-element_type=\"widget\" data-widget_type=\"image.default\">\n\t\t\t\t<div class=\"elementor-widget-container\">\n\t\t\t\t\t\t\t\t\t\t\t\t\t\t\t<img fetchpriority=\"high\" decoding=\"async\" width=\"1300\" height=\"384\" src=\"https:\/\/westestetik.com\/wp-content\/uploads\/2024\/12\/Uygulama-1-1300x384.png\" class=\"attachment-large size-large wp-image-27725\" alt=\"Maladies\" srcset=\"https:\/\/westestetik.com\/wp-content\/uploads\/2024\/12\/Uygulama-1-1300x384.png 1300w, https:\/\/westestetik.com\/wp-content\/uploads\/2024\/12\/Uygulama-1-430x127.png 430w, https:\/\/westestetik.com\/wp-content\/uploads\/2024\/12\/Uygulama-1-150x44.png 150w, https:\/\/westestetik.com\/wp-content\/uploads\/2024\/12\/Uygulama-1-700x207.png 700w, https:\/\/westestetik.com\/wp-content\/uploads\/2024\/12\/Uygulama-1-400x118.png 400w, https:\/\/westestetik.com\/wp-content\/uploads\/2024\/12\/Uygulama-1-768x227.png 768w, https:\/\/westestetik.com\/wp-content\/uploads\/2024\/12\/Uygulama-1-1536x453.png 1536w, https:\/\/westestetik.com\/wp-content\/uploads\/2024\/12\/Uygulama-1-2048x604.png 2048w\" sizes=\"(max-width: 1300px) 100vw, 1300px\" \/>\t\t\t\t\t\t\t\t\t\t\t\t\t\t\t<\/div>\n\t\t\t\t<\/div>\n\t\t\t\t\t<\/div>\n\t\t\t\t<\/div>\n\t\t<div class=\"wd-negative-gap elementor-element elementor-element-b55d999 e-flex e-con-boxed e-con e-parent\" data-id=\"b55d999\" data-element_type=\"container\">\n\t\t\t\t\t<div class=\"e-con-inner\">\n\t\t\t\t<div class=\"elementor-element elementor-element-8f376c9 color-scheme-inherit text-left elementor-widget elementor-widget-text-editor\" data-id=\"8f376c9\" data-element_type=\"widget\" data-widget_type=\"text-editor.default\">\n\t\t\t\t<div class=\"elementor-widget-container\">\n\t\t\t\t\t\t\t\t\t<p><span style=\"font-weight: 400;\">L'esth\u00e9tique de l'oreille pro\u00e9minente est une intervention chirurgicale pratiqu\u00e9e lorsque les oreilles sont plus d\u00e9coll\u00e9es que la normale. Cette chirurgie esth\u00e9tique permet de cr\u00e9er un profil facial visuellement plus \u00e9quilibr\u00e9 et d'accro\u00eetre la confiance en soi. Les personnes dont les oreilles sont pro\u00e9minentes demandent g\u00e9n\u00e9ralement \u00e0 b\u00e9n\u00e9ficier de cette intervention pour des raisons esth\u00e9tiques. Toutefois, cette intervention, qui peut \u00e9galement \u00eatre pratiqu\u00e9e pour des raisons autres qu'esth\u00e9tiques, donne des r\u00e9sultats tr\u00e8s naturels et efficaces lorsqu'elle est effectu\u00e9e correctement.<\/span><\/p><h2><span style=\"font-weight: 400;\">Qu'est-ce que l'esth\u00e9tique de l'oreille pro\u00e9minente ?<\/span><\/h2><p><span style=\"font-weight: 400;\">L'esth\u00e9tique de l'oreille pro\u00e9minente, plus connue sous le nom de chirurgie de l'oreille pro\u00e9minente, est une op\u00e9ration de chirurgie esth\u00e9tique pratiqu\u00e9e pour corriger les oreilles plus d\u00e9coll\u00e9es que la normale. Cette intervention consiste \u00e0 modeler le cartilage de l'oreille pour lui donner un aspect plus naturel. L'esth\u00e9tique des oreilles d\u00e9coll\u00e9es est une op\u00e9ration qui est g\u00e9n\u00e9ralement pratiqu\u00e9e en cas de probl\u00e8mes esth\u00e9tiques, et c'est \u00e9galement une intervention importante qui augmente la confiance en soi de la personne.<\/span><\/p><h2><span style=\"font-weight: 400;\">\u00c0 qui s'adresse l'esth\u00e9tique de l'oreille pro\u00e9minente ?<\/span><\/h2><p><span style=\"font-weight: 400;\">L'esth\u00e9tique de l'oreille pro\u00e9minente s'applique g\u00e9n\u00e9ralement aux personnes pr\u00e9sentant une structure cong\u00e9nitale de l'oreille pro\u00e9minente. Toutefois, les personnes de tout \u00e2ge qui ne sont pas satisfaites de la forme de leurs oreilles et qui souhaitent y apporter des modifications esth\u00e9tiques peuvent opter pour cette op\u00e9ration. En particulier chez les enfants, l'esth\u00e9tique de l'oreille pro\u00e9minente r\u00e9alis\u00e9e avant que la structure de l'oreille ne soit compl\u00e8tement d\u00e9velopp\u00e9e peut apporter des avantages psychologiques significatifs. Chez les adultes, s'il n'y a pas de probl\u00e8me de sant\u00e9, ils peuvent b\u00e9n\u00e9ficier d'une intervention esth\u00e9tique.<\/span><\/p><h2><span style=\"font-weight: 400;\">Comment l'esth\u00e9tique de l'oreille pro\u00e9minente est-elle pratiqu\u00e9e ?<\/span><\/h2><p><span style=\"font-weight: 400;\">L'esth\u00e9tique de l'oreille pro\u00e9minente est g\u00e9n\u00e9ralement pratiqu\u00e9e sous anesth\u00e9sie locale. Au cours de l'op\u00e9ration, les oreilles sont plac\u00e9es dans la position souhait\u00e9e gr\u00e2ce \u00e0 de petites incisions pratiqu\u00e9es dans le cartilage de l'oreille. Gr\u00e2ce aux incisions pratiqu\u00e9es derri\u00e8re l'oreille, aucune trace n'est visible de l'ext\u00e9rieur. Lorsque cette intervention est r\u00e9alis\u00e9e par un chirurgien sp\u00e9cialis\u00e9, on obtient des r\u00e9sultats extr\u00eamement naturels et esth\u00e9tiques. La dur\u00e9e de l'intervention varie g\u00e9n\u00e9ralement entre 1 et 2 heures.<\/span><\/p><h2><span style=\"font-weight: 400;\">Prix de l'esth\u00e9tique de l'oreille pro\u00e9minente<\/span><\/h2><p><span style=\"font-weight: 400;\">Les prix de l'esth\u00e9tique de l'oreille pro\u00e9minente peuvent varier en fonction de facteurs tels que l'exp\u00e9rience du chirurgien, les techniques utilis\u00e9es, la clinique et la situation g\u00e9ographique o\u00f9 l'op\u00e9ration sera r\u00e9alis\u00e9e. En outre, des techniques sp\u00e9ciales appliqu\u00e9es en fonction des besoins du patient peuvent \u00e9galement avoir une incidence sur le prix.<\/span><\/p><h2><span style=\"font-weight: 400;\">Processus de gu\u00e9rison apr\u00e8s l'esth\u00e9tique de l'oreille pro\u00e9minente<\/span><\/h2><p><span style=\"font-weight: 400;\">Le processus de gu\u00e9rison apr\u00e8s l'esth\u00e9tique de l'oreille pro\u00e9minente est g\u00e9n\u00e9ralement rapide. Vous pouvez reprendre votre vie normale dans les 1 \u00e0 2 jours qui suivent l'op\u00e9ration. Cependant, il peut y avoir un gonflement et une l\u00e9g\u00e8re douleur dans les oreilles. Il est important de prot\u00e9ger les oreilles pendant les premiers jours. Au cours de la premi\u00e8re semaine, les patients doivent g\u00e9n\u00e9ralement \u00e9viter les activit\u00e9s qui sollicitent leurs oreilles et prot\u00e9ger leur t\u00eate des chocs. Le processus de cicatrisation complet prend une \u00e0 deux semaines et les r\u00e9sultats sont g\u00e9n\u00e9ralement visibles au bout de quelques mois.<\/span><\/p><h2><span style=\"font-weight: 400;\">Chirurgie esth\u00e9tique de l'oreille pro\u00e9minente et options d'anesth\u00e9sie<\/span><\/h2><p><span style=\"font-weight: 400;\">La chirurgie esth\u00e9tique de l'oreille pro\u00e9minente est g\u00e9n\u00e9ralement r\u00e9alis\u00e9e sous anesth\u00e9sie locale. Cette m\u00e9thode d'anesth\u00e9sie ne fait qu'engourdir la zone de l'oreille sans permettre au patient de dormir. Cette proc\u00e9dure ne dure que quelques heures et permet au patient de rentrer chez lui le jour m\u00eame. Dans de rares cas plus complexes, une anesth\u00e9sie g\u00e9n\u00e9rale peut \u00eatre pr\u00e9f\u00e9r\u00e9e. Le choix de l'anesth\u00e9sie tient compte des besoins du chirurgien et du patient.<\/span><\/p><h2><span style=\"font-weight: 400;\">La chirurgie esth\u00e9tique de l'oreille pro\u00e9minente est-elle douloureuse ?<\/span><\/h2><p><span style=\"font-weight: 400;\">Pendant la chirurgie esth\u00e9tique de l'oreille pro\u00e9minente, les patients ne ressentent aucune douleur car une anesth\u00e9sie locale est appliqu\u00e9e. Apr\u00e8s l'intervention, il peut y avoir une l\u00e9g\u00e8re douleur ou courbature. Toutefois, ces douleurs sont g\u00e9n\u00e9ralement de courte dur\u00e9e et peuvent \u00eatre facilement g\u00e9r\u00e9es \u00e0 l'aide d'analg\u00e9siques prescrits. Les patients peuvent poursuivre leur vie quotidienne sans ressentir de douleur difficile pendant le processus de gu\u00e9rison.<\/span><\/p><h2><span style=\"font-weight: 400;\">Y a-t-il des cicatrices apr\u00e8s une chirurgie esth\u00e9tique de l'oreille pro\u00e9minente ?<\/span><\/h2><p><span style=\"font-weight: 400;\">Apr\u00e8s une chirurgie esth\u00e9tique de l'oreille pro\u00e9minente, gr\u00e2ce aux petites incisions pratiqu\u00e9es derri\u00e8re l'oreille, il n'y a pas de cicatrice visible de l'ext\u00e9rieur. Les cicatrices sont g\u00e9n\u00e9ralement cach\u00e9es derri\u00e8re l'oreille et deviennent peu visibles avec le temps. Cependant, certains patients peuvent avoir des cicatrices pendant le processus de gu\u00e9rison. Cela peut varier en fonction de la structure de la peau et des techniques appliqu\u00e9es par le chirurgien.<\/span><\/p><h2><span style=\"font-weight: 400;\">Quand l'esth\u00e9tique de l'oreille pro\u00e9minente donne-t-elle des r\u00e9sultats ?<\/span><\/h2><p><span style=\"font-weight: 400;\">Les r\u00e9sultats de l'esth\u00e9tique des oreilles d\u00e9coll\u00e9es commencent g\u00e9n\u00e9ralement \u00e0 se manifester imm\u00e9diatement apr\u00e8s l'intervention. Toutefois, le processus de cicatrisation peut prendre plusieurs semaines avant que les r\u00e9sultats d\u00e9finitifs n'apparaissent. Pendant le processus de cicatrisation, les oreilles prennent un aspect plus naturel et plus esth\u00e9tique \u00e0 mesure que le gonflement diminue et que la structure cartilagineuse se forme. Les r\u00e9sultats apparaissent g\u00e9n\u00e9ralement compl\u00e8tement en 3 \u00e0 6 mois.<\/span><\/p><h2><span style=\"font-weight: 400;\">Quelle est la tranche d'\u00e2ge concern\u00e9e par l'esth\u00e9tique de l'oreille pro\u00e9minente ?<\/span><\/h2><p><span style=\"font-weight: 400;\">L'esth\u00e9tique de l'oreille pro\u00e9minente peut g\u00e9n\u00e9ralement \u00eatre pratiqu\u00e9e \u00e0 partir de l'\u00e2ge de 5 ans. La structure de l'oreille des enfants se d\u00e9veloppe jusqu'\u00e0 cet \u00e2ge et se pr\u00eate \u00e0 une intervention esth\u00e9tique. Cette intervention peut \u00e9galement \u00eatre pratiqu\u00e9e chez les adultes et les probl\u00e8mes esth\u00e9tiques peuvent \u00eatre \u00e9limin\u00e9s. Toutefois, il convient de souligner que les personnes dont le d\u00e9veloppement de l'oreille est achev\u00e9 sont plus aptes \u00e0 subir une intervention chirurgicale.<\/span><\/p><p>\u00a0<\/p>\t\t\t\t\t\t\t\t<\/div>\n\t\t\t\t<\/div>\n\t\t\t\t\t<\/div>\n\t\t\t\t<\/div>\n\t\t\t\t<\/div>","protected":false},"excerpt":{"rendered":"<p>Kep\u00e7e kulak esteti\u011fi, kulaklar\u0131n normalden fazla d\u0131\u015far\u0131ya do\u011fru \u00e7\u0131kmas\u0131 durumunda uygulanan bir cerrahi i\u015flemdir. Bu estetik ameliyat, hem g\u00f6rsel a\u00e7\u0131dan<\/p>","protected":false},"author":1,"featured_media":0,"parent":0,"menu_order":0,"comment_status":"closed","ping_status":"closed","template":"","meta":{"footnotes":""},"class_list":["post-27801","page","type-page","status-publish","hentry"],"_links":{"self":[{"href":"https:\/\/westestetik.com\/fr\/wp-json\/wp\/v2\/pages\/27801","targetHints":{"allow":["GET"]}}],"collection":[{"href":"https:\/\/westestetik.com\/fr\/wp-json\/wp\/v2\/pages"}],"about":[{"href":"https:\/\/westestetik.com\/fr\/wp-json\/wp\/v2\/types\/page"}],"author":[{"embeddable":true,"href":"https:\/\/westestetik.com\/fr\/wp-json\/wp\/v2\/users\/1"}],"replies":[{"embeddable":true,"href":"https:\/\/westestetik.com\/fr\/wp-json\/wp\/v2\/comments?post=27801"}],"version-history":[{"count":4,"href":"https:\/\/westestetik.com\/fr\/wp-json\/wp\/v2\/pages\/27801\/revisions"}],"predecessor-version":[{"id":27911,"href":"https:\/\/westestetik.com\/fr\/wp-json\/wp\/v2\/pages\/27801\/revisions\/27911"}],"wp:attachment":[{"href":"https:\/\/westestetik.com\/fr\/wp-json\/wp\/v2\/media?parent=27801"}],"curies":[{"name":"wp","href":"https:\/\/api.w.org\/{rel}","templated":true}]}}