{"id":27796,"date":"2024-12-02T23:08:13","date_gmt":"2024-12-02T23:08:13","guid":{"rendered":"https:\/\/westestetik.com\/?page_id=27796"},"modified":"2024-12-25T10:53:52","modified_gmt":"2024-12-25T10:53:52","slug":"esthetique-des-fossettes","status":"publish","type":"page","link":"https:\/\/westestetik.com\/fr\/esthetique-des-fossettes\/","title":{"rendered":"Esthetique des Fossettes"},"content":{"rendered":"<div data-elementor-type=\"wp-page\" data-elementor-id=\"27796\" class=\"elementor elementor-27796\" data-elementor-post-type=\"page\">\n\t\t\t\t<div class=\"wd-negative-gap elementor-element elementor-element-e150b12 e-flex e-con-boxed e-con e-parent\" data-id=\"e150b12\" data-element_type=\"container\">\n\t\t\t\t\t<div class=\"e-con-inner\">\n\t\t\t\t<div class=\"elementor-element elementor-element-7286009 elementor-widget elementor-widget-image\" data-id=\"7286009\" data-element_type=\"widget\" data-widget_type=\"image.default\">\n\t\t\t\t<div class=\"elementor-widget-container\">\n\t\t\t\t\t\t\t\t\t\t\t\t\t\t\t<img fetchpriority=\"high\" decoding=\"async\" width=\"1300\" height=\"384\" src=\"https:\/\/westestetik.com\/wp-content\/uploads\/2024\/12\/Uygulama-1-1300x384.png\" class=\"attachment-large size-large wp-image-27725\" alt=\"Maladies\" srcset=\"https:\/\/westestetik.com\/wp-content\/uploads\/2024\/12\/Uygulama-1-1300x384.png 1300w, https:\/\/westestetik.com\/wp-content\/uploads\/2024\/12\/Uygulama-1-430x127.png 430w, https:\/\/westestetik.com\/wp-content\/uploads\/2024\/12\/Uygulama-1-150x44.png 150w, https:\/\/westestetik.com\/wp-content\/uploads\/2024\/12\/Uygulama-1-700x207.png 700w, https:\/\/westestetik.com\/wp-content\/uploads\/2024\/12\/Uygulama-1-400x118.png 400w, https:\/\/westestetik.com\/wp-content\/uploads\/2024\/12\/Uygulama-1-768x227.png 768w, https:\/\/westestetik.com\/wp-content\/uploads\/2024\/12\/Uygulama-1-1536x453.png 1536w, https:\/\/westestetik.com\/wp-content\/uploads\/2024\/12\/Uygulama-1-2048x604.png 2048w\" sizes=\"(max-width: 1300px) 100vw, 1300px\" \/>\t\t\t\t\t\t\t\t\t\t\t\t\t\t\t<\/div>\n\t\t\t\t<\/div>\n\t\t\t\t\t<\/div>\n\t\t\t\t<\/div>\n\t\t<div class=\"wd-negative-gap elementor-element elementor-element-3af0df4 e-flex e-con-boxed e-con e-parent\" data-id=\"3af0df4\" data-element_type=\"container\">\n\t\t\t\t\t<div class=\"e-con-inner\">\n\t\t\t\t<div class=\"elementor-element elementor-element-528b614 color-scheme-inherit text-left elementor-widget elementor-widget-text-editor\" data-id=\"528b614\" data-element_type=\"widget\" data-widget_type=\"text-editor.default\">\n\t\t\t\t<div class=\"elementor-widget-container\">\n\t\t\t\t\t\t\t\t\t<p><span style=\"font-weight: 400;\">L'esth\u00e9tique des fossettes est une application esth\u00e9tique privil\u00e9gi\u00e9e pour ajouter une \u00e9l\u00e9gance naturelle aux traits de votre visage et rendre votre sourire plus attrayant. Cette proc\u00e9dure, qui est g\u00e9n\u00e9ralement pratiqu\u00e9e pour cr\u00e9er des fossettes sur les joues ou le menton, adoucit l'expression de votre visage et lui conf\u00e8re une apparence plus jeune et plus dynamique. L'esth\u00e9tique des fossettes, qui peut \u00eatre appliqu\u00e9e par des m\u00e9thodes chirurgicales et non chirurgicales, offre des r\u00e9sultats efficaces avec un risque minimal.<\/span><\/p><h2><span style=\"font-weight: 400;\">Qu'est-ce que l'esth\u00e9tique des fossettes et comment est-elle pratiqu\u00e9e ?<\/span><\/h2><p><span style=\"font-weight: 400;\">L'esth\u00e9tique des fossettes est une op\u00e9ration esth\u00e9tique pratiqu\u00e9e pour ajouter une beaut\u00e9 naturelle aux traits de votre visage et rendre votre sourire plus attrayant. Cette intervention est g\u00e9n\u00e9ralement pratiqu\u00e9e pour cr\u00e9er des fossettes sur les joues ou le menton d'une personne. Les fossettes ajoutent une touche d'\u00e9l\u00e9gance \u00e0 l'expression naturelle du visage, ce qui donne \u00e0 la personne un air plus jeune et plus dynamique. L'esth\u00e9tique des fossettes est g\u00e9n\u00e9ralement pratiqu\u00e9e sous anesth\u00e9sie locale dans le cadre d'une intervention de courte dur\u00e9e. Le m\u00e9decin cr\u00e9e une fossette en raccourcissant le tissu musculaire sous la peau dans la zone o\u00f9 il souhaite cr\u00e9er une fossette ou en pla\u00e7ant un point de suture sous la peau.<\/span><\/p><h2><span style=\"font-weight: 400;\">Quelles sont les m\u00e9thodes utilis\u00e9es pour l'esth\u00e9tique des fossettes ?<\/span><\/h2><p><span style=\"font-weight: 400;\">L'esth\u00e9tique des fossettes peut \u00eatre r\u00e9alis\u00e9e selon deux m\u00e9thodes diff\u00e9rentes : les m\u00e9thodes chirurgicales et les m\u00e9thodes non chirurgicales. Dans le cas de l'esth\u00e9tique des fossettes chirurgicale, une petite incision est pratiqu\u00e9e et des sutures sont plac\u00e9es dans la zone o\u00f9 la fossette sera cr\u00e9\u00e9e. Cette proc\u00e9dure donne g\u00e9n\u00e9ralement des r\u00e9sultats plus permanents. L'esth\u00e9tique non chirurgicale des fossettes est une proc\u00e9dure r\u00e9alis\u00e9e \u00e0 l'aide de produits de comblement ou d'un laser. Ces m\u00e9thodes donnent g\u00e9n\u00e9ralement des r\u00e9sultats \u00e0 plus court terme, mais le processus de gu\u00e9rison est plus rapide et les risques sont moindres.<\/span><\/p><h2><span style=\"font-weight: 400;\">\u00c0 qui s'adresse l'esth\u00e9tique des fossettes ?<\/span><\/h2><p><span style=\"font-weight: 400;\">L'esth\u00e9tique des fossettes peut g\u00e9n\u00e9ralement \u00eatre pratiqu\u00e9e sur une personne en bonne sant\u00e9. Toute personne qui souhaite que les traits de son visage deviennent plus clairs et qui veut avoir des fossettes naturelles peut envisager cette intervention esth\u00e9tique. Toutefois, les candidats appropri\u00e9s pour cette proc\u00e9dure sont s\u00e9lectionn\u00e9s en tenant compte de la structure de leur visage et de leur \u00e9tat de sant\u00e9 g\u00e9n\u00e9ral. L'esth\u00e9tique des fossettes convient particuli\u00e8rement aux personnes qui souhaitent mettre en valeur leur beaut\u00e9 naturelle. Les personnes qui n'ont pas de probl\u00e8mes de sant\u00e9 au niveau du visage et qui sont aptes \u00e0 suivre le processus de gu\u00e9rison peuvent opter pour cette intervention esth\u00e9tique.<\/span><\/p><h2><span style=\"font-weight: 400;\">L'esth\u00e9tique des fossettes est-elle une proc\u00e9dure douloureuse ?<\/span><\/h2><p><span style=\"font-weight: 400;\">L'esth\u00e9tique des fossettes n'est g\u00e9n\u00e9ralement pas une proc\u00e9dure douloureuse. Lors de cette intervention pratiqu\u00e9e sous anesth\u00e9sie locale, seul un l\u00e9ger engourdissement est ressenti. Il peut y avoir une l\u00e9g\u00e8re douleur ou une g\u00eane apr\u00e8s l'intervention, mais il s'agit d'un \u00e9tat tout \u00e0 fait temporaire. Votre m\u00e9decin peut vous recommander des m\u00e9dicaments appropri\u00e9s pour soulager la douleur pendant le processus de gu\u00e9rison. L'esth\u00e9tique des fossettes offre g\u00e9n\u00e9ralement une douleur minimale et un processus de gu\u00e9rison confortable.<\/span><\/p><h2><span style=\"font-weight: 400;\">Comment se d\u00e9roule la convalescence apr\u00e8s l'intervention Dimple Aesthetics ?<\/span><\/h2><p><span style=\"font-weight: 400;\">Le processus de gu\u00e9rison apr\u00e8s l'esth\u00e9tique des fossettes est assez rapide. En cas d'intervention chirurgicale, un l\u00e9ger gonflement et des ecchymoses peuvent appara\u00eetre, mais ils disparaissent en quelques jours. Dans le cas des m\u00e9thodes non chirurgicales, le processus de gu\u00e9rison est plus court. Vous pouvez g\u00e9n\u00e9ralement reprendre vos activit\u00e9s quotidiennes quelques heures apr\u00e8s l'intervention. Toutefois, il est tr\u00e8s important de suivre les recommandations de votre m\u00e9decin pendant le processus de cicatrisation. Vous devez \u00e9galement \u00e9viter d'exercer une pression sur la zone des fossettes pendant les premiers jours suivant l'intervention.<\/span><\/p><h2><span style=\"font-weight: 400;\">Quels sont les prix de l'esth\u00e9tique des fossettes ?<\/span><\/h2><p><span style=\"font-weight: 400;\">Les prix de l'esth\u00e9tique des fossettes peuvent varier en fonction de la m\u00e9thode d'application, de l'exp\u00e9rience du m\u00e9decin et de la clinique o\u00f9 l'intervention sera pratiqu\u00e9e. Les m\u00e9thodes chirurgicales sont g\u00e9n\u00e9ralement plus co\u00fbteuses car elles n\u00e9cessitent plus d'interventions et un processus de gu\u00e9rison. Les m\u00e9thodes non chirurgicales peuvent \u00eatre plus \u00e9conomiques, mais les r\u00e9sultats peuvent ne pas \u00eatre permanents. Il est important de contacter votre m\u00e9decin pour obtenir des informations claires sur les prix de l'esth\u00e9tique des fossettes.<\/span><\/p><h2><span style=\"font-weight: 400;\">L'esth\u00e9tique des fossettes est-elle permanente ?<\/span><\/h2><p><span style=\"font-weight: 400;\">L'esth\u00e9tique des fossettes offre g\u00e9n\u00e9ralement des r\u00e9sultats permanents. L'esth\u00e9tique des fossettes r\u00e9alis\u00e9e par une m\u00e9thode chirurgicale peut \u00eatre permanente pendant de nombreuses ann\u00e9es. Les m\u00e9thodes non chirurgicales donnent g\u00e9n\u00e9ralement des r\u00e9sultats \u00e0 plus court terme et peuvent perdre leur effet avec le temps. Toutefois, les r\u00e9sultats esth\u00e9tiques des deux m\u00e9thodes peuvent varier d'une personne \u00e0 l'autre. Les soins apport\u00e9s \u00e0 l'esth\u00e9tique des fossettes et le respect des recommandations du m\u00e9decin peuvent accro\u00eetre la permanence des r\u00e9sultats.<\/span><\/p><h2><span style=\"font-weight: 400;\">Quels changements l'esth\u00e9tique des fossettes provoque-t-elle dans le visage ?<\/span><\/h2><p><span style=\"font-weight: 400;\">L'esth\u00e9tique des fossettes cr\u00e9e un changement naturel des traits du visage. Les fossettes sur les joues ou le menton rendent le sourire de la personne plus attrayant et plus jeune. Cette petite modification du visage est g\u00e9n\u00e9ralement appliqu\u00e9e d'une mani\u00e8re qui n'est pas trop \u00e9vidente, ce qui permet d'obtenir une apparence naturelle. Apr\u00e8s l'esth\u00e9tique des fossettes, votre visage acquiert une expression plus vivante, plus \u00e9nergique et plus jeune.<\/span><\/p><h2><span style=\"font-weight: 400;\">Quels sont les \u00e9l\u00e9ments \u00e0 prendre en compte lors de l'esth\u00e9tique des fossettes ?<\/span><\/h2><p><span style=\"font-weight: 400;\">Le facteur le plus important \u00e0 prendre en compte lors de l'esth\u00e9tique des fossettes est le choix d'un m\u00e9decin sp\u00e9cialis\u00e9. Cette intervention doit \u00eatre r\u00e9alis\u00e9e avec la bonne technique et aux bons endroits. Les soins post-proc\u00e9dure sont \u00e9galement importants. Les fossettes sur votre visage doivent \u00eatre compatibles avec les traits de votre visage et ne doivent pas \u00eatre exag\u00e9r\u00e9es. Pour obtenir un bon r\u00e9sultat, il est important de bien choisir son m\u00e9decin et d'obtenir des informations d\u00e9taill\u00e9es avant l'intervention.<\/span><\/p><h2><span style=\"font-weight: 400;\">Y a-t-il des cicatrices apr\u00e8s l'esth\u00e9tique des fossettes ?<\/span><\/h2><p><span style=\"font-weight: 400;\">L'esth\u00e9tique des fossettes ne laisse g\u00e9n\u00e9ralement pas de cicatrices. Dans le cas de l'esth\u00e9tique des fossettes pratiqu\u00e9e par m\u00e9thode chirurgicale, les cicatrices restent g\u00e9n\u00e9ralement sur les contours naturels du visage et disparaissent avec le temps. Dans le cas des m\u00e9thodes non chirurgicales, il n'y a pratiquement pas de cicatrice apr\u00e8s l'intervention. N\u00e9anmoins, il convient d'\u00eatre prudent apr\u00e8s une intervention esth\u00e9tique sur les fossettes et de veiller au processus de cicatrisation.<\/span><\/p><h2><span style=\"font-weight: 400;\">Quelle est la dur\u00e9e de la p\u00e9riode de soins et de r\u00e9tablissement apr\u00e8s l'intervention Dimple Aesthetics ?<\/span><\/h2><p><span style=\"font-weight: 400;\">Les soins apr\u00e8s l'esth\u00e9tique des fossettes permettent un processus de gu\u00e9rison rapide et en douceur. Alors que le processus de gu\u00e9rison prend environ une semaine dans le cas des m\u00e9thodes chirurgicales, cette p\u00e9riode peut \u00eatre plus courte dans le cas des m\u00e9thodes non chirurgicales. Il peut y avoir un gonflement, des ecchymoses et une sensibilit\u00e9 sur le visage, mais ces sympt\u00f4mes disparaissent en quelques jours. Le respect des recommandations de votre m\u00e9decin pendant le processus de cicatrisation r\u00e9duira le risque de complications.<\/span><\/p><p><span style=\"font-weight: 400;\">L'esth\u00e9tique des fossettes est une excellente application esth\u00e9tique qui embellira les traits de votre visage et rendra votre sourire plus attrayant. Il est recommand\u00e9 de contacter un m\u00e9decin sp\u00e9cialiste pour obtenir plus d'informations sur des d\u00e9tails tels que le processus d'application, les prix et le processus de gu\u00e9rison.<\/span><\/p><p>\u00a0<\/p>\t\t\t\t\t\t\t\t<\/div>\n\t\t\t\t<\/div>\n\t\t\t\t\t<\/div>\n\t\t\t\t<\/div>\n\t\t\t\t<\/div>","protected":false},"excerpt":{"rendered":"<p>Gamze esteti\u011fi, y\u00fcz hatlar\u0131n\u0131za do\u011fal bir zarafet katmak ve g\u00fcl\u00fcmsemenizi daha \u00e7ekici hale getirmek i\u00e7in tercih edilen estetik bir uygulamad\u0131r.<\/p>","protected":false},"author":1,"featured_media":0,"parent":0,"menu_order":0,"comment_status":"closed","ping_status":"closed","template":"","meta":{"footnotes":""},"class_list":["post-27796","page","type-page","status-publish","hentry"],"_links":{"self":[{"href":"https:\/\/westestetik.com\/fr\/wp-json\/wp\/v2\/pages\/27796","targetHints":{"allow":["GET"]}}],"collection":[{"href":"https:\/\/westestetik.com\/fr\/wp-json\/wp\/v2\/pages"}],"about":[{"href":"https:\/\/westestetik.com\/fr\/wp-json\/wp\/v2\/types\/page"}],"author":[{"embeddable":true,"href":"https:\/\/westestetik.com\/fr\/wp-json\/wp\/v2\/users\/1"}],"replies":[{"embeddable":true,"href":"https:\/\/westestetik.com\/fr\/wp-json\/wp\/v2\/comments?post=27796"}],"version-history":[{"count":4,"href":"https:\/\/westestetik.com\/fr\/wp-json\/wp\/v2\/pages\/27796\/revisions"}],"predecessor-version":[{"id":27908,"href":"https:\/\/westestetik.com\/fr\/wp-json\/wp\/v2\/pages\/27796\/revisions\/27908"}],"wp:attachment":[{"href":"https:\/\/westestetik.com\/fr\/wp-json\/wp\/v2\/media?parent=27796"}],"curies":[{"name":"wp","href":"https:\/\/api.w.org\/{rel}","templated":true}]}}