{"id":27794,"date":"2024-12-02T23:07:46","date_gmt":"2024-12-02T23:07:46","guid":{"rendered":"https:\/\/westestetik.com\/?page_id=27794"},"modified":"2024-12-25T10:53:21","modified_gmt":"2024-12-25T10:53:21","slug":"bichectomie","status":"publish","type":"page","link":"https:\/\/westestetik.com\/fr\/bichectomie\/","title":{"rendered":"Bichectomie"},"content":{"rendered":"<div data-elementor-type=\"wp-page\" data-elementor-id=\"27794\" class=\"elementor elementor-27794\" data-elementor-post-type=\"page\">\n\t\t\t\t<div class=\"wd-negative-gap elementor-element elementor-element-e150b12 e-flex e-con-boxed e-con e-parent\" data-id=\"e150b12\" data-element_type=\"container\">\n\t\t\t\t\t<div class=\"e-con-inner\">\n\t\t\t\t<div class=\"elementor-element elementor-element-7286009 elementor-widget elementor-widget-image\" data-id=\"7286009\" data-element_type=\"widget\" data-widget_type=\"image.default\">\n\t\t\t\t<div class=\"elementor-widget-container\">\n\t\t\t\t\t\t\t\t\t\t\t\t\t\t\t<img fetchpriority=\"high\" decoding=\"async\" width=\"1300\" height=\"384\" src=\"https:\/\/westestetik.com\/wp-content\/uploads\/2024\/12\/Uygulama-1-1300x384.png\" class=\"attachment-large size-large wp-image-27725\" alt=\"Maladies\" srcset=\"https:\/\/westestetik.com\/wp-content\/uploads\/2024\/12\/Uygulama-1-1300x384.png 1300w, https:\/\/westestetik.com\/wp-content\/uploads\/2024\/12\/Uygulama-1-430x127.png 430w, https:\/\/westestetik.com\/wp-content\/uploads\/2024\/12\/Uygulama-1-150x44.png 150w, https:\/\/westestetik.com\/wp-content\/uploads\/2024\/12\/Uygulama-1-700x207.png 700w, https:\/\/westestetik.com\/wp-content\/uploads\/2024\/12\/Uygulama-1-400x118.png 400w, https:\/\/westestetik.com\/wp-content\/uploads\/2024\/12\/Uygulama-1-768x227.png 768w, https:\/\/westestetik.com\/wp-content\/uploads\/2024\/12\/Uygulama-1-1536x453.png 1536w, https:\/\/westestetik.com\/wp-content\/uploads\/2024\/12\/Uygulama-1-2048x604.png 2048w\" sizes=\"(max-width: 1300px) 100vw, 1300px\" \/>\t\t\t\t\t\t\t\t\t\t\t\t\t\t\t<\/div>\n\t\t\t\t<\/div>\n\t\t\t\t\t<\/div>\n\t\t\t\t<\/div>\n\t\t<div class=\"wd-negative-gap elementor-element elementor-element-ebff2a3 e-flex e-con-boxed e-con e-parent\" data-id=\"ebff2a3\" data-element_type=\"container\">\n\t\t\t\t\t<div class=\"e-con-inner\">\n\t\t\t\t<div class=\"elementor-element elementor-element-76db27e color-scheme-inherit text-left elementor-widget elementor-widget-text-editor\" data-id=\"76db27e\" data-element_type=\"widget\" data-widget_type=\"text-editor.default\">\n\t\t\t\t<div class=\"elementor-widget-container\">\n\t\t\t\t\t\t\t\t\t<p><span style=\"font-weight: 400;\">La bichectomie est une intervention chirurgicale qui est devenue populaire dans le domaine de l'esth\u00e9tique faciale au cours des derni\u00e8res ann\u00e9es. L'\u00e9limination de l'exc\u00e8s de tissu adipeux dans les joues permet de donner aux contours du visage une apparence plus fine, plus nette et plus esth\u00e9tique. Cette proc\u00e9dure constitue une solution id\u00e9ale, en particulier pour les personnes dont les traits du visage sont ronds. La bichectomie est une application privil\u00e9gi\u00e9e \u00e0 la fois pour ceux qui veulent rajeunir et ceux qui veulent obtenir des pommettes et une m\u00e2choire plus pro\u00e9minentes. Les r\u00e9sultats obtenus apr\u00e8s l'intervention permettent d'obtenir une esth\u00e9tique faciale naturelle et \u00e9quilibr\u00e9e, c'est pourquoi elle a suscit\u00e9 un grand int\u00e9r\u00eat ces derni\u00e8res ann\u00e9es.<\/span><\/p><h2><span style=\"font-weight: 400;\">Qu'est-ce que la bichectomie ?<\/span><\/h2><p><span style=\"font-weight: 400;\">La bichectomie est une intervention chirurgicale pratiqu\u00e9e dans le domaine de l'esth\u00e9tique faciale. Elle permet d'affiner et de mettre en valeur les contours du visage en retirant le tissu adipeux des joues. Cette intervention est g\u00e9n\u00e9ralement pr\u00e9f\u00e9r\u00e9e par les personnes dont les traits du visage sont ronds ou potel\u00e9s. La bichectomie permet d'obtenir une ligne de m\u00e2choire plus nette et \u00e9l\u00e9gante en retirant la graisse des joues. Cette intervention, qui est pratiqu\u00e9e pour donner une apparence plus \u00e9quilibr\u00e9e et plus naturelle, peut \u00e9galement \u00eatre appliqu\u00e9e pour cr\u00e9er une expression faciale plus jeune.<\/span><\/p><h2><span style=\"font-weight: 400;\">\u00c0 qui convient la chirurgie de bichectomie ?<\/span><\/h2><p><span style=\"font-weight: 400;\">La bichectomie convient \u00e0 toutes les personnes qui ont des joues graisseuses et qui souhaitent que les traits de leur visage soient plus fins. En outre, les personnes qui souhaitent une ligne de m\u00e2choire et des pommettes plus nettes \u00e0 des fins esth\u00e9tiques peuvent \u00e9galement b\u00e9n\u00e9ficier de cette op\u00e9ration. La bichectomie est recommand\u00e9e aux personnes en bonne sant\u00e9, \u00e2g\u00e9es de plus de 18 ans et aptes \u00e0 subir une chirurgie esth\u00e9tique. En outre, les personnes dont les traits du visage s'affaissent en raison de l'\u00e2ge peuvent \u00e9galement retrouver une apparence plus jeune gr\u00e2ce \u00e0 la bichectomie.<\/span><\/p><h2><span style=\"font-weight: 400;\">Comment la bichectomie est-elle pratiqu\u00e9e ?<\/span><\/h2><p><span style=\"font-weight: 400;\">La bichectomie est g\u00e9n\u00e9ralement pratiqu\u00e9e sous anesth\u00e9sie locale. Au cours de l'op\u00e9ration, le tissu adipeux des joues est retir\u00e9 par une petite incision pratiqu\u00e9e dans la bouche depuis l'int\u00e9rieur. L'intervention dure g\u00e9n\u00e9ralement entre 30 minutes et 1 heure et le patient peut quitter l'h\u00f4pital le jour m\u00eame. Apr\u00e8s la bichectomie, il n'y a pas de cicatrice visible de l'ext\u00e9rieur, car les petites cicatrices restent \u00e0 l'int\u00e9rieur de la bouche. Apr\u00e8s l'op\u00e9ration, le patient doit manger des aliments mous pendant quelques jours et prendre des m\u00e9dicaments antidouleur.<\/span><\/p><h2><span style=\"font-weight: 400;\">Processus de gu\u00e9rison et soins apr\u00e8s la bichectomie<\/span><\/h2><p><span style=\"font-weight: 400;\">Le processus de gu\u00e9rison apr\u00e8s une bichectomie est g\u00e9n\u00e9ralement rapide. Un l\u00e9ger gonflement et des ecchymoses peuvent \u00eatre observ\u00e9s imm\u00e9diatement apr\u00e8s l'op\u00e9ration. Ces sympt\u00f4mes disparaissent g\u00e9n\u00e9ralement en l'espace d'une semaine. Les joues peuvent \u00eatre l\u00e9g\u00e8rement sensibles au cours des premiers jours, il convient donc de prendre des analg\u00e9siques selon les recommandations du m\u00e9decin. Il est \u00e9galement utile d'appliquer des compresses froides pour acc\u00e9l\u00e9rer le processus de gu\u00e9rison. Apr\u00e8s la disparition de l'enflure et des ecchymoses sur le visage, le patient aura des traits plus d\u00e9finis et plus minces.<\/span><\/p><h2><span style=\"font-weight: 400;\">Quel est le prix de la bichectomie ?<\/span><\/h2><p><span style=\"font-weight: 400;\">Les prix de la bichectomie peuvent varier en fonction de la clinique, de l'exp\u00e9rience du chirurgien, de la r\u00e9gion o\u00f9 l'op\u00e9ration sera pratiqu\u00e9e et des techniques utilis\u00e9es. Les prix peuvent varier en fonction des besoins personnels et de la qualit\u00e9 des services offerts par la clinique. Il est important que les personnes qui envisagent une bichectomie rencontrent un chirurgien plasticien sp\u00e9cialis\u00e9 afin d'obtenir un devis et des informations sur les possibilit\u00e9s de paiement avant l'intervention.<\/span><\/p><h2><span style=\"font-weight: 400;\">\u00c9l\u00e9ments \u00e0 prendre en compte apr\u00e8s une bichectomie<\/span><\/h2><p><span style=\"font-weight: 400;\">Apr\u00e8s une bichectomie, il convient de respecter certaines recommandations importantes afin d'acc\u00e9l\u00e9rer le processus de gu\u00e9rison et de pr\u00e9venir les complications :<\/span><\/p><ul><li><span style=\"font-weight: 400;\">Il est important de manger des aliments mous pendant la premi\u00e8re semaine.<\/span><\/li><li><span style=\"font-weight: 400;\">Il est important de manger des aliments mous pendant la premi\u00e8re semaine, de veiller \u00e0 l'hygi\u00e8ne buccale et d'utiliser des bains de bouche pour r\u00e9duire l'enflure.<\/span><\/li><li><span style=\"font-weight: 400;\">Les activit\u00e9s physiques et les sports lourds doivent \u00eatre \u00e9vit\u00e9s.<\/span><\/li><li><span style=\"font-weight: 400;\">Il est utile d'appliquer des compresses froides pour r\u00e9duire le gonflement du visage.<\/span><\/li><li><span style=\"font-weight: 400;\">Les m\u00e9dicaments recommand\u00e9s par le m\u00e9decin doivent \u00eatre utilis\u00e9s r\u00e9guli\u00e8rement.<\/span><\/li><\/ul><h2><span style=\"font-weight: 400;\">Modifications des traits du visage \u00e0 la suite d'une bichectomie<\/span><\/h2><p><span style=\"font-weight: 400;\">La bichectomie entra\u00eene une modification importante des contours du visage. L'amincissement des joues du visage rend la ligne de la m\u00e2choire plus pro\u00e9minente et fait appara\u00eetre les pommettes plus nettes. On obtient ainsi un aspect plus esth\u00e9tique et plus \u00e9quilibr\u00e9 du visage. Gr\u00e2ce \u00e0 la bichectomie, les traits du visage acqui\u00e8rent une expression plus \u00e9l\u00e9gante et plus jeune. En outre, la graisse des joues retir\u00e9e par la bichectomie allonge le visage.<\/span><\/p>\t\t\t\t\t\t\t\t<\/div>\n\t\t\t\t<\/div>\n\t\t\t\t\t<\/div>\n\t\t\t\t<\/div>\n\t\t\t\t<\/div>","protected":false},"excerpt":{"rendered":"<p>Bi\u015fektomi, y\u00fcz esteti\u011fi alan\u0131nda son y\u0131llarda pop\u00fclerle\u015fen bir cerrahi i\u015flemdir. Yanaklardaki fazla ya\u011f dokusunun al\u0131nmas\u0131yla y\u00fcz hatlar\u0131n\u0131n daha ince, keskin<\/p>","protected":false},"author":1,"featured_media":0,"parent":0,"menu_order":0,"comment_status":"closed","ping_status":"closed","template":"","meta":{"footnotes":""},"class_list":["post-27794","page","type-page","status-publish","hentry"],"_links":{"self":[{"href":"https:\/\/westestetik.com\/fr\/wp-json\/wp\/v2\/pages\/27794","targetHints":{"allow":["GET"]}}],"collection":[{"href":"https:\/\/westestetik.com\/fr\/wp-json\/wp\/v2\/pages"}],"about":[{"href":"https:\/\/westestetik.com\/fr\/wp-json\/wp\/v2\/types\/page"}],"author":[{"embeddable":true,"href":"https:\/\/westestetik.com\/fr\/wp-json\/wp\/v2\/users\/1"}],"replies":[{"embeddable":true,"href":"https:\/\/westestetik.com\/fr\/wp-json\/wp\/v2\/comments?post=27794"}],"version-history":[{"count":7,"href":"https:\/\/westestetik.com\/fr\/wp-json\/wp\/v2\/pages\/27794\/revisions"}],"predecessor-version":[{"id":27905,"href":"https:\/\/westestetik.com\/fr\/wp-json\/wp\/v2\/pages\/27794\/revisions\/27905"}],"wp:attachment":[{"href":"https:\/\/westestetik.com\/fr\/wp-json\/wp\/v2\/media?parent=27794"}],"curies":[{"name":"wp","href":"https:\/\/api.w.org\/{rel}","templated":true}]}}