{"id":27789,"date":"2024-12-02T23:06:59","date_gmt":"2024-12-02T23:06:59","guid":{"rendered":"https:\/\/westestetik.com\/?page_id=27789"},"modified":"2024-12-25T10:53:11","modified_gmt":"2024-12-25T10:53:11","slug":"lesthetique-des-paupieres","status":"publish","type":"page","link":"https:\/\/westestetik.com\/fr\/lesthetique-des-paupieres\/","title":{"rendered":"Esth\u00e9tique des Paupi\u00e8res"},"content":{"rendered":"<div data-elementor-type=\"wp-page\" data-elementor-id=\"27789\" class=\"elementor elementor-27789\" data-elementor-post-type=\"page\">\n\t\t\t\t<div class=\"wd-negative-gap elementor-element elementor-element-e150b12 e-flex e-con-boxed e-con e-parent\" data-id=\"e150b12\" data-element_type=\"container\">\n\t\t\t\t\t<div class=\"e-con-inner\">\n\t\t\t\t<div class=\"elementor-element elementor-element-7286009 elementor-widget elementor-widget-image\" data-id=\"7286009\" data-element_type=\"widget\" data-widget_type=\"image.default\">\n\t\t\t\t<div class=\"elementor-widget-container\">\n\t\t\t\t\t\t\t\t\t\t\t\t\t\t\t<img fetchpriority=\"high\" decoding=\"async\" width=\"1300\" height=\"384\" src=\"https:\/\/westestetik.com\/wp-content\/uploads\/2024\/12\/Uygulama-1-1300x384.png\" class=\"attachment-large size-large wp-image-27725\" alt=\"Maladies\" srcset=\"https:\/\/westestetik.com\/wp-content\/uploads\/2024\/12\/Uygulama-1-1300x384.png 1300w, https:\/\/westestetik.com\/wp-content\/uploads\/2024\/12\/Uygulama-1-430x127.png 430w, https:\/\/westestetik.com\/wp-content\/uploads\/2024\/12\/Uygulama-1-150x44.png 150w, https:\/\/westestetik.com\/wp-content\/uploads\/2024\/12\/Uygulama-1-700x207.png 700w, https:\/\/westestetik.com\/wp-content\/uploads\/2024\/12\/Uygulama-1-400x118.png 400w, https:\/\/westestetik.com\/wp-content\/uploads\/2024\/12\/Uygulama-1-768x227.png 768w, https:\/\/westestetik.com\/wp-content\/uploads\/2024\/12\/Uygulama-1-1536x453.png 1536w, https:\/\/westestetik.com\/wp-content\/uploads\/2024\/12\/Uygulama-1-2048x604.png 2048w\" sizes=\"(max-width: 1300px) 100vw, 1300px\" \/>\t\t\t\t\t\t\t\t\t\t\t\t\t\t\t<\/div>\n\t\t\t\t<\/div>\n\t\t\t\t\t<\/div>\n\t\t\t\t<\/div>\n\t\t<div class=\"wd-negative-gap elementor-element elementor-element-192bd7f e-flex e-con-boxed e-con e-parent\" data-id=\"192bd7f\" data-element_type=\"container\">\n\t\t\t\t\t<div class=\"e-con-inner\">\n\t\t\t\t<div class=\"elementor-element elementor-element-36f69b3 color-scheme-inherit text-left elementor-widget elementor-widget-text-editor\" data-id=\"36f69b3\" data-element_type=\"widget\" data-widget_type=\"text-editor.default\">\n\t\t\t\t<div class=\"elementor-widget-container\">\n\t\t\t\t\t\t\t\t\t<p><span style=\"font-weight: 400;\">L'esth\u00e9tique des paupi\u00e8res est une proc\u00e9dure de chirurgie esth\u00e9tique efficace appliqu\u00e9e pour corriger le rel\u00e2chement, les poches et les rides qui se produisent autour des yeux en raison des signes de l'\u00e2ge et de facteurs g\u00e9n\u00e9tiques. Cette intervention constitue une solution id\u00e9ale pour les personnes qui souhaitent retrouver une apparence plus jeune, plus vivante et plus dynamique. Elle apporte \u00e9galement une am\u00e9lioration fonctionnelle aux personnes qui souffrent d'un r\u00e9tr\u00e9cissement du champ visuel d\u00fb \u00e0 un exc\u00e8s de peau sur la paupi\u00e8re sup\u00e9rieure.<\/span><\/p><h2><span style=\"font-weight: 400;\">Qu'est-ce que l'esth\u00e9tique des paupi\u00e8res ?<\/span><\/h2><p><span style=\"font-weight: 400;\">L'esth\u00e9tique des paupi\u00e8res est une op\u00e9ration esth\u00e9tique qui vise \u00e0 corriger l'exc\u00e8s de peau, les poches et le rel\u00e2chement autour des yeux par des m\u00e9thodes chirurgicales. Cette intervention, appel\u00e9e \u00ab bl\u00e9pharoplastie \u00bb dans la litt\u00e9rature m\u00e9dicale, peut \u00eatre pratiqu\u00e9e \u00e0 des fins esth\u00e9tiques et fonctionnelles. Avec l'\u00e2ge, l'affaissement des paupi\u00e8res r\u00e9sulte de la perte d'\u00e9lasticit\u00e9 de la peau autour des yeux, de l'affaiblissement des muscles et de l'accumulation de tissu adipeux. Cela donne \u00e0 l'expression du visage un air fatigu\u00e9, triste ou vieux. L'esth\u00e9tique des paupi\u00e8res n'\u00e9limine pas seulement les probl\u00e8mes esth\u00e9tiques, mais l'exc\u00e8s de peau sur la paupi\u00e8re sup\u00e9rieure peut \u00e9galement causer des probl\u00e8mes de vision en r\u00e9tr\u00e9cissant le champ de vision de l'\u0153il. L'esth\u00e9tique des paupi\u00e8res peut donc faire une grande diff\u00e9rence sur le plan visuel et fonctionnel. Cette intervention, pratiqu\u00e9e sur les paupi\u00e8res sup\u00e9rieures et inf\u00e9rieures, est g\u00e9n\u00e9ralement combin\u00e9e et donne \u00e0 la personne une apparence plus jeune.<\/span><\/p><h2><span style=\"font-weight: 400;\">Dans quelles conditions l'esth\u00e9tique des paupi\u00e8res est-elle pratiqu\u00e9e ?<\/span><\/h2><p><span style=\"font-weight: 400;\">Bien que l'esth\u00e9tique des paupi\u00e8res soit pr\u00e9f\u00e9r\u00e9e pour des raisons esth\u00e9tiques, dans certains cas, elle peut \u00eatre n\u00e9cessaire pour des raisons de sant\u00e9. L'exc\u00e8s de peau et les poches autour des yeux peuvent, avec le temps, tirer les paupi\u00e8res vers le bas et r\u00e9tr\u00e9cir le champ visuel. Cela peut avoir des cons\u00e9quences n\u00e9gatives sur la vie quotidienne de la personne. L'esth\u00e9tique des paupi\u00e8res permet d'enlever l'exc\u00e8s de peau sur la paupi\u00e8re en cas de perte de vision et de rouvrir le champ visuel. En outre, des poches et des rides peuvent appara\u00eetre autour des yeux en raison des signes de l'\u00e2ge, du stress, de facteurs g\u00e9n\u00e9tiques ou d'un manque de sommeil. Ces conditions sont \u00e9galement une raison valable pour l'esth\u00e9tique des paupi\u00e8res. Les poches sous les yeux sont parfois associ\u00e9es \u00e0 des facteurs g\u00e9n\u00e9tiques et peuvent devenir \u00e9videntes autour des yeux m\u00eame \u00e0 un \u00e2ge pr\u00e9coce. L'esth\u00e9tique des paupi\u00e8res inf\u00e9rieures offre une solution efficace pour \u00e9liminer ces poches et ces rides. L'esth\u00e9tique des paupi\u00e8res peut r\u00e9pondre \u00e0 un besoin fonctionnel aussi bien qu'esth\u00e9tique, car l'exc\u00e8s de peau autour des yeux peut aider la personne \u00e0 avoir une apparence plus vigoureuse et plus saine.<\/span><\/p><h2><span style=\"font-weight: 400;\">\u00c0 qui convient l'esth\u00e9tique des paupi\u00e8res ?<\/span><\/h2><p><span style=\"font-weight: 400;\">L'esth\u00e9tique des paupi\u00e8res convient g\u00e9n\u00e9ralement aux personnes \u00e2g\u00e9es de 30 ans et plus, mais comme les signes de vieillissement peuvent appara\u00eetre plus t\u00f4t, les personnes plus jeunes qui pr\u00e9sentent g\u00e9n\u00e9tiquement des poches ou un affaissement autour des yeux peuvent \u00e9galement se porter candidates \u00e0 cette op\u00e9ration. Pour \u00eatre candidat \u00e0 la chirurgie esth\u00e9tique, la personne doit \u00eatre en bon \u00e9tat de sant\u00e9 g\u00e9n\u00e9ral. Les personnes souffrant d'affections graves telles que le diab\u00e8te et les maladies cardiaques doivent avoir un entretien approfondi avec leur m\u00e9decin avant une telle intervention esth\u00e9tique. De m\u00eame, les fumeurs et les personnes qui prennent des anticoagulants devront peut-\u00eatre modifier leurs habitudes avant l'op\u00e9ration. L'esth\u00e9tique des paupi\u00e8res est id\u00e9ale pour les personnes qui pr\u00e9sentent un affaissement important et des poches autour des yeux et qui souhaitent retrouver une apparence esth\u00e9tiquement plus jeune. En outre, les personnes qui ont des probl\u00e8mes de vision \u00e0 cause de leurs paupi\u00e8res peuvent mener une vie plus confortable gr\u00e2ce \u00e0 l'esth\u00e9tique des paupi\u00e8res.<\/span><\/p><h2><span style=\"font-weight: 400;\">Quelle est la diff\u00e9rence entre l'esth\u00e9tique des paupi\u00e8res sup\u00e9rieures et inf\u00e9rieures ?<\/span><\/h2><p><span style=\"font-weight: 400;\">L'esth\u00e9tique des paupi\u00e8res peut s'appliquer \u00e0 deux zones diff\u00e9rentes, la paupi\u00e8re sup\u00e9rieure et la paupi\u00e8re inf\u00e9rieure. L'esth\u00e9tique des paupi\u00e8res sup\u00e9rieures consiste \u00e0 retirer l'exc\u00e8s de peau et de tissu adipeux autour des yeux et \u00e0 \u00e9liminer l'affaissement des paupi\u00e8res. L'intervention pratiqu\u00e9e sur la paupi\u00e8re sup\u00e9rieure rend le regard de la personne plus vif et plus vigoureux. L'esth\u00e9tique des paupi\u00e8res sup\u00e9rieures est g\u00e9n\u00e9ralement pratiqu\u00e9e pour corriger l'affaissement des paupi\u00e8res d\u00fb au vieillissement. Ce type d'intervention est une solution tr\u00e8s efficace pour les personnes qui souhaitent retrouver une apparence plus jeune. L'esth\u00e9tique des paupi\u00e8res inf\u00e9rieures est pratiqu\u00e9e pour \u00e9liminer les poches sous les yeux, r\u00e9duire les rides et obtenir une peau plus lisse. La paupi\u00e8re inf\u00e9rieure peut souvent gonfler en raison de l'accumulation de poches de graisse, ce qui donne \u00e0 la personne un aspect fatigu\u00e9. L'esth\u00e9tique des paupi\u00e8res inf\u00e9rieures permet d'\u00e9liminer ces poches et ces rides. La principale diff\u00e9rence entre l'esth\u00e9tique de la paupi\u00e8re sup\u00e9rieure et celle de la paupi\u00e8re inf\u00e9rieure r\u00e9side dans les zones d'application : la paupi\u00e8re sup\u00e9rieure est principalement affect\u00e9e par l'exc\u00e8s de peau, tandis que la paupi\u00e8re inf\u00e9rieure est affect\u00e9e par les poches et les rides. Les deux interventions peuvent \u00eatre r\u00e9alis\u00e9es s\u00e9par\u00e9ment ou ensemble.<\/span><\/p><h2><span style=\"font-weight: 400;\">Combien de temps dure l'esth\u00e9tique des paupi\u00e8res ?<\/span><\/h2><p><span style=\"font-weight: 400;\">L'esth\u00e9tique des paupi\u00e8res est une op\u00e9ration qui dure g\u00e9n\u00e9ralement entre 1 et 2 heures. Cette dur\u00e9e peut varier en fonction des besoins de la personne. Si seule la paupi\u00e8re sup\u00e9rieure doit \u00eatre trait\u00e9e, la dur\u00e9e de l'intervention peut \u00eatre plus courte. En revanche, si les paupi\u00e8res sup\u00e9rieures et inf\u00e9rieures doivent \u00eatre trait\u00e9es ensemble, la dur\u00e9e de l'intervention peut \u00eatre l\u00e9g\u00e8rement plus longue. La dur\u00e9e de l'intervention peut \u00e9galement varier en fonction de l'exp\u00e9rience du chirurgien et des techniques utilis\u00e9es. L'esth\u00e9tique des paupi\u00e8res \u00e9tant pratiqu\u00e9e sur une zone tr\u00e8s sensible, il est extr\u00eamement important qu'elle soit r\u00e9alis\u00e9e par un chirurgien exp\u00e9riment\u00e9. Le chirurgien doit bien analyser la structure fine du contour des yeux et ne doit pas endommager cette zone pendant l'intervention. Apr\u00e8s l'op\u00e9ration, le processus de gu\u00e9rison est g\u00e9n\u00e9ralement rapide, mais il peut y avoir un gonflement et des ecchymoses pendant les premiers jours.<\/span><\/p><h2><span style=\"font-weight: 400;\">Quel est le processus de gu\u00e9rison apr\u00e8s l'esth\u00e9tique des paupi\u00e8res ?<\/span><\/h2><p><span style=\"font-weight: 400;\">Le processus de gu\u00e9rison apr\u00e8s l'esth\u00e9tique des paupi\u00e8res s'ach\u00e8ve g\u00e9n\u00e9ralement entre 7 et 10 jours. Il peut y avoir un l\u00e9ger gonflement et des ecchymoses les premiers jours, mais cette situation diminue avec le temps. Bien que le processus de gu\u00e9rison varie d'une personne \u00e0 l'autre, la plupart des patients peuvent reprendre leur vie normale quelques jours apr\u00e8s l'intervention. Il est tr\u00e8s utile d'appliquer des compresses froides pour r\u00e9duire le gonflement et les ecchymoses autour des yeux. Parall\u00e8lement, la prise r\u00e9guli\u00e8re des m\u00e9dicaments recommand\u00e9s par le m\u00e9decin peut acc\u00e9l\u00e9rer le processus de gu\u00e9rison. D'autres points importants \u00e0 prendre en compte pendant le processus de gu\u00e9rison sont d'\u00e9viter les mouvements excessifs, de ne pas exposer le visage au soleil et de ne pas faire d'exercice physique excessif. Le fait de se reposer pendant quelques jours et de suivre les instructions de soins apr\u00e8s l'intervention acc\u00e9l\u00e8re le processus de gu\u00e9rison et augmente les chances d'obtenir les r\u00e9sultats souhait\u00e9s.<\/span><\/p><h2><span style=\"font-weight: 400;\">L'esth\u00e9tique des paupi\u00e8res offre-t-elle une solution permanente ?<\/span><\/h2><p><span style=\"font-weight: 400;\">L'esth\u00e9tique des paupi\u00e8res offre g\u00e9n\u00e9ralement des r\u00e9sultats permanents. Toutefois, le processus de vieillissement se poursuivant, il est possible que le contour des yeux subisse \u00e0 nouveau des modifications au fil des ans. Bien que l'esth\u00e9tique des paupi\u00e8res permette \u00e0 la personne de retrouver sa jeunesse pendant plusieurs ann\u00e9es, le processus naturel de vieillissement de la peau se poursuit. Cependant, les r\u00e9sultats obtenus apr\u00e8s l'esth\u00e9tique des paupi\u00e8res durent g\u00e9n\u00e9ralement longtemps. Des facteurs tels que le mode de vie, le tabagisme et les soins de la peau peuvent influer sur la permanence des r\u00e9sultats. Un mode de vie sain et des soins de la peau r\u00e9guliers peuvent garantir que les r\u00e9sultats obtenus apr\u00e8s l'esth\u00e9tique des paupi\u00e8res dureront plus longtemps.<\/span><\/p><h2><span style=\"font-weight: 400;\">Quels sont les \u00e9l\u00e9ments \u00e0 prendre en compte avant l'esth\u00e9tique des paupi\u00e8res ?<\/span><\/h2><p><span style=\"font-weight: 400;\">Il y a plusieurs points importants \u00e0 prendre en consid\u00e9ration avant une intervention esth\u00e9tique sur les paupi\u00e8res. Tout d'abord, tous les tests recommand\u00e9s par le chirurgien doivent \u00eatre effectu\u00e9s et l'\u00e9tat de sant\u00e9 doit \u00eatre confirm\u00e9. Il est \u00e9galement recommand\u00e9 aux fumeurs de r\u00e9duire ou d'arr\u00eater compl\u00e8tement leur consommation de tabac avant l'op\u00e9ration. Le tabagisme peut affecter n\u00e9gativement le processus de gu\u00e9rison et augmenter le risque d'infection. Si vous prenez des anticoagulants, il se peut que vous deviez arr\u00eater ces m\u00e9dicaments un certain temps avant l'op\u00e9ration, en accord avec votre chirurgien. Avant une intervention esth\u00e9tique sur les paupi\u00e8res, vous devez avoir une discussion d\u00e9taill\u00e9e avec votre chirurgien et exprimer clairement vos attentes. Ainsi, l'intervention pourra \u00eatre r\u00e9alis\u00e9e en fonction de vos besoins personnels.<\/span><\/p><h2><span style=\"font-weight: 400;\">Quels sont les effets secondaires qui peuvent survenir apr\u00e8s l'esth\u00e9tique des paupi\u00e8res ?<\/span><\/h2><p><span style=\"font-weight: 400;\">Comme toute intervention chirurgicale, l'esth\u00e9tique des paupi\u00e8res peut s'accompagner de certains effets secondaires. Toutefois, ces effets secondaires peuvent \u00eatre minimis\u00e9s gr\u00e2ce \u00e0 des proc\u00e9dures r\u00e9alis\u00e9es par un chirurgien exp\u00e9riment\u00e9. Les effets secondaires les plus courants apr\u00e8s l'esth\u00e9tique des paupi\u00e8res sont un gonflement, des ecchymoses et une l\u00e9g\u00e8re douleur. Ces effets disparaissent g\u00e9n\u00e9ralement en quelques jours. Le gonflement est un \u00e9l\u00e9ment naturel du processus de gu\u00e9rison et diminue avec le temps. Les ecchymoses s'estompent et disparaissent en quelques jours. En outre, il peut y avoir une l\u00e9g\u00e8re sensation de s\u00e9cheresse, de larmoiement ou de d\u00e9mangeaison dans les yeux apr\u00e8s l'intervention. Ces troubles sont temporaires et peuvent gu\u00e9rir rapidement gr\u00e2ce aux m\u00e9dicaments et aux soins recommand\u00e9s par le m\u00e9decin. Bien que les complications graves soient rares, le risque d'infection est pr\u00e9sent dans l'esth\u00e9tique des paupi\u00e8res comme dans toute intervention chirurgicale. Par cons\u00e9quent, le respect des instructions du chirurgien et des contr\u00f4les r\u00e9guliers peuvent aider \u00e0 pr\u00e9venir d'\u00e9ventuelles complications.<\/span><\/p><h2><span style=\"font-weight: 400;\">Quels sont les prix de l'esth\u00e9tique des paupi\u00e8res ?<\/span><\/h2><p><span style=\"font-weight: 400;\">Les prix de l'esth\u00e9tique des paupi\u00e8res varient en fonction de nombreux facteurs. Ces facteurs comprennent l'exp\u00e9rience du chirurgien, la localisation de l'h\u00f4pital, le type de proc\u00e9dure \u00e0 effectuer (esth\u00e9tique des paupi\u00e8res sup\u00e9rieures uniquement ou esth\u00e9tique des paupi\u00e8res sup\u00e9rieures et inf\u00e9rieures ensemble) et l'\u00e9quipement technologique \u00e0 utiliser. En outre, comme les prix de l'esth\u00e9tique des paupi\u00e8res peuvent varier en fonction des besoins de chaque individu, il convient d'obtenir des informations claires sur le prix en menant un entretien pr\u00e9liminaire avant l'intervention. L'esth\u00e9tique des paupi\u00e8res \u00e9tant g\u00e9n\u00e9ralement une intervention esth\u00e9tique, elle peut ne pas \u00eatre couverte par une assurance. Toutefois, dans certains cas, l'intervention peut \u00eatre prise en charge par l'assurance maladie pour les personnes qui ont des probl\u00e8mes de vision dus \u00e0 un exc\u00e8s de peau sur la paupi\u00e8re. Afin d'obtenir des informations claires sur le prix et d'\u00e9valuer la proc\u00e9dure plus en d\u00e9tail, il convient de consulter un chirurgien sp\u00e9cialis\u00e9.<\/span><\/p><h2><span style=\"font-weight: 400;\">Une apparence plus jeune gr\u00e2ce \u00e0 l'esth\u00e9tique des paupi\u00e8res<\/span><\/h2><p><span style=\"font-weight: 400;\">L'esth\u00e9tique des paupi\u00e8res est une excellente option pour ceux qui souhaitent avoir une apparence plus jeune et plus vigoureuse en \u00e9liminant les signes du vieillissement. Cette proc\u00e9dure permet d'\u00e9liminer le rel\u00e2chement, les poches et les rides autour des yeux, ce qui donne \u00e0 la personne une expression plus \u00e9nergique et plus vivante. En outre, l'esth\u00e9tique des paupi\u00e8res peut ouvrir le champ visuel de la personne et lui donner une vision plus confortable en \u00e9liminant l'exc\u00e8s de peau autour des yeux. L'affaissement, en particulier de la paupi\u00e8re sup\u00e9rieure, pouvant entra\u00eener des probl\u00e8mes de vision, l'esth\u00e9tique des paupi\u00e8res peut faire une grande diff\u00e9rence pour les personnes souffrant de tels probl\u00e8mes de sant\u00e9. Cette intervention, qui peut convenir \u00e0 des personnes de tous \u00e2ges, peut am\u00e9liorer la qualit\u00e9 de vie de ceux qui souhaitent une apparence plus jeune et de ceux qui ont des probl\u00e8mes fonctionnels.<\/span><\/p><p><span style=\"font-weight: 400;\">L'esth\u00e9tique des paupi\u00e8res peut faire une grande diff\u00e9rence, tant sur le plan esth\u00e9tique que fonctionnel. Le rel\u00e2chement, les poches et les rides qui apparaissent autour des yeux avec l'\u00e2ge peuvent donner \u00e0 la personne une expression fatigu\u00e9e, triste ou vieille. L'esth\u00e9tique des paupi\u00e8res \u00e9limine ces probl\u00e8mes et donne \u00e0 la personne une apparence plus jeune, vigoureuse et \u00e9nergique. En outre, un exc\u00e8s de peau autour des yeux peut r\u00e9duire le champ visuel et rendre la vie quotidienne difficile. L'esth\u00e9tique des paupi\u00e8res est une proc\u00e9dure qui offre des avantages significatifs en termes d'esth\u00e9tique et de sant\u00e9. L'esth\u00e9tique des paupi\u00e8res pratiqu\u00e9e par un bon chirurgien offre des r\u00e9sultats permanents \u00e0 long terme. Le processus de gu\u00e9rison est g\u00e9n\u00e9ralement rapide et le risque de complications peut \u00eatre minimis\u00e9 par des soins appropri\u00e9s. Si vous n'\u00eates pas \u00e0 l'aise avec le rel\u00e2chement, les poches ou les rides sur vos paupi\u00e8res, vous pouvez retrouver une apparence plus jeune et une vie plus confortable gr\u00e2ce \u00e0 l'esth\u00e9tique des paupi\u00e8res.<\/span><\/p><p><br \/><br \/><\/p>\t\t\t\t\t\t\t\t<\/div>\n\t\t\t\t<\/div>\n\t\t\t\t\t<\/div>\n\t\t\t\t<\/div>\n\t\t\t\t<\/div>","protected":false},"excerpt":{"rendered":"<p>G\u00f6z kapa\u011f\u0131 esteti\u011fi, ya\u015flanma belirtileri ve genetik fakt\u00f6rler nedeniyle g\u00f6z \u00e7evresinde meydana gelen sarkmalar, torbalanma ve k\u0131r\u0131\u015f\u0131kl\u0131klar\u0131 d\u00fczeltmek i\u00e7in uygulanan<\/p>","protected":false},"author":1,"featured_media":0,"parent":0,"menu_order":0,"comment_status":"closed","ping_status":"closed","template":"","meta":{"footnotes":""},"class_list":["post-27789","page","type-page","status-publish","hentry"],"_links":{"self":[{"href":"https:\/\/westestetik.com\/fr\/wp-json\/wp\/v2\/pages\/27789","targetHints":{"allow":["GET"]}}],"collection":[{"href":"https:\/\/westestetik.com\/fr\/wp-json\/wp\/v2\/pages"}],"about":[{"href":"https:\/\/westestetik.com\/fr\/wp-json\/wp\/v2\/types\/page"}],"author":[{"embeddable":true,"href":"https:\/\/westestetik.com\/fr\/wp-json\/wp\/v2\/users\/1"}],"replies":[{"embeddable":true,"href":"https:\/\/westestetik.com\/fr\/wp-json\/wp\/v2\/comments?post=27789"}],"version-history":[{"count":4,"href":"https:\/\/westestetik.com\/fr\/wp-json\/wp\/v2\/pages\/27789\/revisions"}],"predecessor-version":[{"id":27899,"href":"https:\/\/westestetik.com\/fr\/wp-json\/wp\/v2\/pages\/27789\/revisions\/27899"}],"wp:attachment":[{"href":"https:\/\/westestetik.com\/fr\/wp-json\/wp\/v2\/media?parent=27789"}],"curies":[{"name":"wp","href":"https:\/\/api.w.org\/{rel}","templated":true}]}}