{"id":27787,"date":"2024-12-02T23:06:21","date_gmt":"2024-12-02T23:06:21","guid":{"rendered":"https:\/\/westestetik.com\/?page_id=27787"},"modified":"2024-12-25T10:52:59","modified_gmt":"2024-12-25T10:52:59","slug":"lifting-des-sourcils","status":"publish","type":"page","link":"https:\/\/westestetik.com\/fr\/lifting-des-sourcils\/","title":{"rendered":"Lifting des Sourcils"},"content":{"rendered":"<div data-elementor-type=\"wp-page\" data-elementor-id=\"27787\" class=\"elementor elementor-27787\" data-elementor-post-type=\"page\">\n\t\t\t\t<div class=\"wd-negative-gap elementor-element elementor-element-e150b12 e-flex e-con-boxed e-con e-parent\" data-id=\"e150b12\" data-element_type=\"container\">\n\t\t\t\t\t<div class=\"e-con-inner\">\n\t\t\t\t<div class=\"elementor-element elementor-element-7286009 elementor-widget elementor-widget-image\" data-id=\"7286009\" data-element_type=\"widget\" data-widget_type=\"image.default\">\n\t\t\t\t<div class=\"elementor-widget-container\">\n\t\t\t\t\t\t\t\t\t\t\t\t\t\t\t<img fetchpriority=\"high\" decoding=\"async\" width=\"1300\" height=\"384\" src=\"https:\/\/westestetik.com\/wp-content\/uploads\/2024\/12\/Uygulama-1-1300x384.png\" class=\"attachment-large size-large wp-image-27725\" alt=\"Maladies\" srcset=\"https:\/\/westestetik.com\/wp-content\/uploads\/2024\/12\/Uygulama-1-1300x384.png 1300w, https:\/\/westestetik.com\/wp-content\/uploads\/2024\/12\/Uygulama-1-430x127.png 430w, https:\/\/westestetik.com\/wp-content\/uploads\/2024\/12\/Uygulama-1-150x44.png 150w, https:\/\/westestetik.com\/wp-content\/uploads\/2024\/12\/Uygulama-1-700x207.png 700w, https:\/\/westestetik.com\/wp-content\/uploads\/2024\/12\/Uygulama-1-400x118.png 400w, https:\/\/westestetik.com\/wp-content\/uploads\/2024\/12\/Uygulama-1-768x227.png 768w, https:\/\/westestetik.com\/wp-content\/uploads\/2024\/12\/Uygulama-1-1536x453.png 1536w, https:\/\/westestetik.com\/wp-content\/uploads\/2024\/12\/Uygulama-1-2048x604.png 2048w\" sizes=\"(max-width: 1300px) 100vw, 1300px\" \/>\t\t\t\t\t\t\t\t\t\t\t\t\t\t\t<\/div>\n\t\t\t\t<\/div>\n\t\t\t\t\t<\/div>\n\t\t\t\t<\/div>\n\t\t<div class=\"wd-negative-gap elementor-element elementor-element-a3ccbcc e-flex e-con-boxed e-con e-parent\" data-id=\"a3ccbcc\" data-element_type=\"container\">\n\t\t\t\t\t<div class=\"e-con-inner\">\n\t\t\t\t<div class=\"elementor-element elementor-element-e546c67 color-scheme-inherit text-left elementor-widget elementor-widget-text-editor\" data-id=\"e546c67\" data-element_type=\"widget\" data-widget_type=\"text-editor.default\">\n\t\t\t\t<div class=\"elementor-widget-container\">\n\t\t\t\t\t\t\t\t\t<p><span style=\"font-weight: 400;\">Le lifting des sourcils est l'une des interventions les plus populaires dans le monde de l'esth\u00e9tique pour rajeunir l'expression du visage et obtenir une apparence plus vivante. Avec le temps, l'affaissement de la zone des sourcils peut donner une expression fatigu\u00e9e et malheureuse. Cette intervention vise \u00e0 donner une apparence naturelle tout en rendant les traits du visage plus \u00e9quilibr\u00e9s. Le lifting des sourcils, qui peut \u00eatre r\u00e9alis\u00e9 selon diff\u00e9rentes m\u00e9thodes, se distingue par des r\u00e9sultats efficaces en peu de temps. Cette solution esth\u00e9tique, qui convient aussi bien aux femmes qu'aux hommes, peut \u00eatre la cl\u00e9 de la confiance en soi en mati\u00e8re d'esth\u00e9tique faciale.<\/span><\/p><h2><span style=\"font-weight: 400;\">Qu'est-ce que le lifting des sourcils ?<\/span><\/h2><p><span style=\"font-weight: 400;\">Le lifting des sourcils est le processus de remodelage et d'\u00e9l\u00e9vation des sourcils affaiss\u00e9s ou d'apparence basse. Cette intervention esth\u00e9tique est particuli\u00e8rement indiqu\u00e9e pour r\u00e9duire les rides, l'affaissement et l'aspect fatigu\u00e9 de la zone des sourcils au cours du processus de vieillissement. Le lifting des sourcils vise \u00e0 donner au visage de la personne une expression plus jeune et \u00e9nergique. Cette intervention est g\u00e9n\u00e9ralement r\u00e9alis\u00e9e \u00e0 l'aide de botox, de fils de suspension ou de m\u00e9thodes chirurgicales.<\/span><\/p><h2><span style=\"font-weight: 400;\">\u00c0 qui s'adresse le lifting des sourcils ?<\/span><\/h2><p><span style=\"font-weight: 400;\">Le lifting des sourcils convient \u00e0 toute personne qui se plaint d'avoir les sourcils bas. Les personnes qui ont une expression fatigu\u00e9e ou malheureuse en raison de la pression des sourcils sur les paupi\u00e8res peuvent b\u00e9n\u00e9ficier de cette intervention. Toutefois, des facteurs tels que la structure de la peau et l'\u00e9tat de sant\u00e9 g\u00e9n\u00e9ral sont \u00e9valu\u00e9s avant l'intervention. Cette intervention, qui est souvent pr\u00e9f\u00e9r\u00e9e par les personnes de plus de 30 ans, offre une solution adapt\u00e9e aux femmes et aux hommes.<\/span><\/p><h2><span style=\"font-weight: 400;\">Quelles sont les m\u00e9thodes de lifting des sourcils ?<\/span><\/h2><p><span style=\"font-weight: 400;\">Le lifting des sourcils peut \u00eatre r\u00e9alis\u00e9 selon diff\u00e9rentes m\u00e9thodes :<\/span><\/p><ol><li><span style=\"font-weight: 400;\">Le lifting des sourcils au Botox : Cette m\u00e9thode permet de relever les sourcils en d\u00e9tendant les muscles et constitue une option non chirurgicale.<\/span><\/li><li><span style=\"font-weight: 400;\">M\u00e9thode de suspension de fils : Les sourcils sont relev\u00e9s en leur apportant un soutien de mani\u00e8re peu invasive.<\/span><\/li><li><span style=\"font-weight: 400;\">Lifting chirurgical des sourcils : Cette m\u00e9thode, qui offre une solution plus permanente, consiste \u00e0 corriger la position des sourcils en retirant l'exc\u00e8s de peau.<\/span><\/li><\/ol><p><span style=\"font-weight: 400;\">Chaque m\u00e9thode est d\u00e9termin\u00e9e en fonction des besoins et des attentes de la personne. Votre m\u00e9decin vous aidera \u00e0 choisir la m\u00e9thode la plus appropri\u00e9e.<\/span><\/p><h2><span style=\"font-weight: 400;\">Combien de temps dure la proc\u00e9dure de lifting des sourcils ?<\/span><\/h2><p><span style=\"font-weight: 400;\">La dur\u00e9e de la proc\u00e9dure de lifting des sourcils varie en fonction de la m\u00e9thode choisie. Alors que les proc\u00e9dures au Botox durent de 10 \u00e0 15 minutes, la m\u00e9thode de suspension par fil dure g\u00e9n\u00e9ralement de 30 \u00e0 60 minutes. Les interventions chirurgicales peuvent durer 1 \u00e0 2 heures. Bien que la dur\u00e9e de l'intervention soit courte, la permanence des r\u00e9sultats et le temps de r\u00e9cup\u00e9ration d\u00e9pendent de la technique utilis\u00e9e.<\/span><\/p><h2><span style=\"font-weight: 400;\">Quel est le processus de gu\u00e9rison apr\u00e8s un lifting des sourcils ?<\/span><\/h2><p><span style=\"font-weight: 400;\">Le processus de gu\u00e9rison diff\u00e8re selon la m\u00e9thode utilis\u00e9e. Apr\u00e8s des proc\u00e9dures non chirurgicales telles que le Botox, la vie quotidienne peut \u00eatre reprise imm\u00e9diatement. Un l\u00e9ger gonflement ou des ecchymoses peuvent \u00eatre observ\u00e9s apr\u00e8s la m\u00e9thode de suspension par fil, et ces effets diminuent en quelques jours. Dans le cas d'un lifting frontal chirurgical, le processus de cicatrisation prend g\u00e9n\u00e9ralement une \u00e0 deux semaines. Il est important de prot\u00e9ger la zone et de suivre les recommandations du m\u00e9decin pendant le processus de gu\u00e9rison.<\/span><\/p><h2><span style=\"font-weight: 400;\">Le lifting des sourcils est-il douloureux ?<\/span><\/h2><p><span style=\"font-weight: 400;\">Le lifting des sourcils ne provoque g\u00e9n\u00e9ralement qu'une douleur minime. La sensation de douleur est pratiquement inexistante dans le cas du Botox et des m\u00e9thodes de suspension par fil. L'anesth\u00e9sie locale ou g\u00e9n\u00e9rale \u00e9tant appliqu\u00e9e pendant les proc\u00e9dures chirurgicales, aucune douleur n'est ressentie pendant l'intervention. Toutefois, une l\u00e9g\u00e8re g\u00eane peut \u00eatre ressentie apr\u00e8s l'intervention chirurgicale, qui peut \u00eatre contr\u00f4l\u00e9e \u00e0 l'aide d'analg\u00e9siques d\u00e9livr\u00e9s sur ordonnance.<\/span><\/p><h2><span style=\"font-weight: 400;\">Le lifting des sourcils est-il une intervention permanente ?<\/span><\/h2><p><span style=\"font-weight: 400;\">La permanence de la proc\u00e9dure de lifting des sourcils varie en fonction de la m\u00e9thode appliqu\u00e9e. Alors que les proc\u00e9dures r\u00e9alis\u00e9es avec le Botox sont efficaces entre 3 et 6 mois, la m\u00e9thode de suspension par fil offre g\u00e9n\u00e9ralement une permanence de 1 \u00e0 2 ans. Les m\u00e9thodes chirurgicales offrent des r\u00e9sultats plus durables et permanents. La dur\u00e9e de la permanence peut varier en fonction de l'\u00e2ge, de la structure de la peau et du mode de vie de la personne.<\/span><\/p><h2><span style=\"font-weight: 400;\">Quels sont les prix de la proc\u00e9dure de lifting des sourcils ?<\/span><\/h2><p><span style=\"font-weight: 400;\">Les prix de la proc\u00e9dure de lifting des sourcils varient en fonction de la m\u00e9thode utilis\u00e9e, du sp\u00e9cialiste qui effectue la proc\u00e9dure et de la r\u00e9gion o\u00f9 se trouve la clinique. Les m\u00e9thodes de Botox et de suspension par fil offrent g\u00e9n\u00e9ralement des options plus \u00e9conomiques, tandis que les proc\u00e9dures chirurgicales peuvent \u00eatre plus co\u00fbteuses. Pour plus d'informations, il est recommand\u00e9 de consulter un m\u00e9decin sp\u00e9cialiste.<\/span><\/p><h2><span style=\"font-weight: 400;\">Que faut-il envisager apr\u00e8s un lifting des sourcils ?<\/span><\/h2><p><span style=\"font-weight: 400;\">Apr\u00e8s l'intervention, il est important de prot\u00e9ger la zone des sourcils contre les chocs et d'\u00e9viter les activit\u00e9s physiques excessives. En outre, il faut \u00e9viter d'appliquer des produits de maquillage lourds sur la zone du visage. L'utilisation r\u00e9guli\u00e8re de cr\u00e8mes et de m\u00e9dicaments recommand\u00e9s par votre m\u00e9decin apr\u00e8s l'intervention chirurgicale peut acc\u00e9l\u00e9rer le processus de gu\u00e9rison.<\/span><\/p><h2><span style=\"font-weight: 400;\">Le lifting des sourcils et le lifting du front sont-ils la m\u00eame chose ?<\/span><\/h2><p><span style=\"font-weight: 400;\">Les proc\u00e9dures de lifting des sourcils et de lifting du front sont diff\u00e9rentes l'une de l'autre. Alors que le lifting des sourcils vise \u00e0 corriger uniquement la position des sourcils, le lifting du front corrige les rides et l'affaissement sur l'ensemble du front. Toutefois, ces deux proc\u00e9dures peuvent souvent \u00eatre appliqu\u00e9es ensemble afin d'obtenir un rajeunissement plus complet.<\/span><\/p><p>\u00a0<\/p>\t\t\t\t\t\t\t\t<\/div>\n\t\t\t\t<\/div>\n\t\t\t\t\t<\/div>\n\t\t\t\t<\/div>\n\t\t\t\t<\/div>","protected":false},"excerpt":{"rendered":"<p>Ka\u015f kald\u0131rma, estetik d\u00fcnyas\u0131nda y\u00fcz ifadesini gen\u00e7le\u015ftirmek ve daha canl\u0131 bir g\u00f6r\u00fcn\u00fcm elde etmek i\u00e7in tercih edilen pop\u00fcler i\u015flemlerden biridir.<\/p>","protected":false},"author":1,"featured_media":0,"parent":0,"menu_order":0,"comment_status":"closed","ping_status":"closed","template":"","meta":{"footnotes":""},"class_list":["post-27787","page","type-page","status-publish","hentry"],"_links":{"self":[{"href":"https:\/\/westestetik.com\/fr\/wp-json\/wp\/v2\/pages\/27787","targetHints":{"allow":["GET"]}}],"collection":[{"href":"https:\/\/westestetik.com\/fr\/wp-json\/wp\/v2\/pages"}],"about":[{"href":"https:\/\/westestetik.com\/fr\/wp-json\/wp\/v2\/types\/page"}],"author":[{"embeddable":true,"href":"https:\/\/westestetik.com\/fr\/wp-json\/wp\/v2\/users\/1"}],"replies":[{"embeddable":true,"href":"https:\/\/westestetik.com\/fr\/wp-json\/wp\/v2\/comments?post=27787"}],"version-history":[{"count":4,"href":"https:\/\/westestetik.com\/fr\/wp-json\/wp\/v2\/pages\/27787\/revisions"}],"predecessor-version":[{"id":27895,"href":"https:\/\/westestetik.com\/fr\/wp-json\/wp\/v2\/pages\/27787\/revisions\/27895"}],"wp:attachment":[{"href":"https:\/\/westestetik.com\/fr\/wp-json\/wp\/v2\/media?parent=27787"}],"curies":[{"name":"wp","href":"https:\/\/api.w.org\/{rel}","templated":true}]}}