{"id":27777,"date":"2024-12-02T23:05:14","date_gmt":"2024-12-02T23:05:14","guid":{"rendered":"https:\/\/westestetik.com\/?page_id=27777"},"modified":"2025-03-19T04:51:35","modified_gmt":"2025-03-19T01:51:35","slug":"lifting-du-visage-et-du-cou","status":"publish","type":"page","link":"https:\/\/westestetik.com\/fr\/lifting-du-visage-et-du-cou\/","title":{"rendered":"Lifting du Visage et du Cou"},"content":{"rendered":"<div data-elementor-type=\"wp-page\" data-elementor-id=\"27777\" class=\"elementor elementor-27777\" data-elementor-post-type=\"page\">\n\t\t\t\t<div class=\"wd-negative-gap elementor-element elementor-element-e150b12 e-flex e-con-boxed e-con e-parent\" data-id=\"e150b12\" data-element_type=\"container\">\n\t\t\t\t\t<div class=\"e-con-inner\">\n\t\t\t\t<div class=\"elementor-element elementor-element-7286009 elementor-widget elementor-widget-image\" data-id=\"7286009\" data-element_type=\"widget\" data-widget_type=\"image.default\">\n\t\t\t\t<div class=\"elementor-widget-container\">\n\t\t\t\t\t\t\t\t\t\t\t\t\t\t\t<img fetchpriority=\"high\" decoding=\"async\" width=\"1300\" height=\"384\" src=\"https:\/\/westestetik.com\/wp-content\/uploads\/2024\/12\/Uygulama-1-1300x384.png\" class=\"attachment-large size-large wp-image-27725\" alt=\"Maladies\" srcset=\"https:\/\/westestetik.com\/wp-content\/uploads\/2024\/12\/Uygulama-1-1300x384.png 1300w, https:\/\/westestetik.com\/wp-content\/uploads\/2024\/12\/Uygulama-1-430x127.png 430w, https:\/\/westestetik.com\/wp-content\/uploads\/2024\/12\/Uygulama-1-150x44.png 150w, https:\/\/westestetik.com\/wp-content\/uploads\/2024\/12\/Uygulama-1-700x207.png 700w, https:\/\/westestetik.com\/wp-content\/uploads\/2024\/12\/Uygulama-1-400x118.png 400w, https:\/\/westestetik.com\/wp-content\/uploads\/2024\/12\/Uygulama-1-768x227.png 768w, https:\/\/westestetik.com\/wp-content\/uploads\/2024\/12\/Uygulama-1-1536x453.png 1536w, https:\/\/westestetik.com\/wp-content\/uploads\/2024\/12\/Uygulama-1-2048x604.png 2048w\" sizes=\"(max-width: 1300px) 100vw, 1300px\" \/>\t\t\t\t\t\t\t\t\t\t\t\t\t\t\t<\/div>\n\t\t\t\t<\/div>\n\t\t\t\t\t<\/div>\n\t\t\t\t<\/div>\n\t\t<div class=\"wd-negative-gap elementor-element elementor-element-c4f5dc1 e-flex e-con-boxed e-con e-parent\" data-id=\"c4f5dc1\" data-element_type=\"container\">\n\t\t\t\t\t<div class=\"e-con-inner\">\n\t\t\t\t<div class=\"elementor-element elementor-element-a3ccfb8 color-scheme-inherit text-left elementor-widget elementor-widget-text-editor\" data-id=\"a3ccfb8\" data-element_type=\"widget\" data-widget_type=\"text-editor.default\">\n\t\t\t\t<div class=\"elementor-widget-container\">\n\t\t\t\t\t\t\t\t\t<h2><span style=\"font-weight: 400;\">Face Lifting Nedir?<\/span><\/h2><p><span style=\"font-weight: 400;\">Face lifting, y\u00fcz ve boyun b\u00f6lgesindeki k\u0131r\u0131\u015f\u0131kl\u0131klar\u0131, sarkmalar\u0131 ve cilt gev\u015femelerini gidermek amac\u0131yla uygulanan estetik bir i\u015flemdir. Ya\u015flanma s\u00fcreci, genetik fakt\u00f6rler, g\u00fcne\u015fin zararl\u0131 etkileri ve yer\u00e7ekimi nedeniyle cilt zamanla elastikiyetini kaybeder. Face lifting i\u015flemi ile cilt s\u0131k\u0131la\u015f\u0131r, y\u00fcz hatlar\u0131 daha belirgin hale gelir ve daha gen\u00e7 bir g\u00f6r\u00fcn\u00fcm elde edilir.<\/span><\/p><p><span style=\"font-weight: 400;\">Bu i\u015flem cerrahi veya cerrahi olmayan tekniklerle uygulanabilir. Ki\u015finin ihtiyac\u0131na, ya\u015flanma belirtilerine ve cilt yap\u0131s\u0131na ba\u011fl\u0131 olarak farkl\u0131 y\u00f6ntemler tercih edilebilir.<\/span><\/p><h2><span style=\"font-weight: 400;\">Face Lifting \u00c7e\u015fitleri Nelerdir?<\/span><\/h2><p><span style=\"font-weight: 400;\">Face lifting, ki\u015finin ya\u015f\u0131na ve cilt yap\u0131s\u0131na g\u00f6re farkl\u0131 tekniklerle uygulanabilir. En yayg\u0131n y\u00f6ntemler \u015funlard\u0131r:<\/span><\/p><ul><li><b>Klasik y\u00fcz germe (Full Face Lift):<\/b><span style=\"font-weight: 400;\"> Derin k\u0131r\u0131\u015f\u0131kl\u0131klar\u0131 ve belirgin sarkmalar\u0131 gidermek i\u00e7in yap\u0131lan cerrahi bir i\u015flemdir.<\/span><\/li><li><b>Mini y\u00fcz germe:<\/b><span style=\"font-weight: 400;\"> Hafif sarkmalar\u0131 ve k\u0131r\u0131\u015f\u0131kl\u0131klar\u0131 olan ki\u015filer i\u00e7in uygulan\u0131r. Daha k\u00fc\u00e7\u00fck kesilerle yap\u0131ld\u0131\u011f\u0131 i\u00e7in iyile\u015fme s\u00fcreci daha k\u0131sad\u0131r.<\/span><\/li><li><b>Orta y\u00fcz germe:<\/b><span style=\"font-weight: 400;\"> Elmac\u0131k kemikleri ve burun-dudak \u00e7izgisi b\u00f6lgesinde meydana gelen sarkmalar\u0131n giderilmesini sa\u011flar.<\/span><\/li><li><b>Endoskopik y\u00fcz germe:<\/b><span style=\"font-weight: 400;\"> K\u00fc\u00e7\u00fck kesilerle yap\u0131lan, daha h\u0131zl\u0131 iyile\u015fme s\u00fcresi sunan modern bir cerrahi y\u00f6ntemdir.<\/span><\/li><li><b>Ameliyats\u0131z y\u00fcz germe (HIFU, Ultherapy):<\/b><span style=\"font-weight: 400;\"> Y\u00fcksek yo\u011funluklu odaklanm\u0131\u015f ultrason (HIFU) teknolojisi ile cilt alt\u0131ndaki kolajen \u00fcretimi art\u0131r\u0131larak y\u00fcz s\u0131k\u0131la\u015ft\u0131r\u0131l\u0131r.<\/span><\/li><li><b>\u0130ple y\u00fcz germe:<\/b><span style=\"font-weight: 400;\"> Cilt alt\u0131na yerle\u015ftirilen \u00f6zel t\u0131bbi ipler ile y\u00fcz toparlan\u0131r ve sarkmalar giderilir.<\/span><\/li><li><b>Botoks ve dolgu ile y\u00fcz gen\u00e7le\u015ftirme:<\/b><span style=\"font-weight: 400;\"> Hafif k\u0131r\u0131\u015f\u0131kl\u0131klar ve hacim kay\u0131plar\u0131 i\u00e7in botoks ve hyal\u00fcronik asit dolgular uygulan\u0131r.<\/span><\/li><\/ul><p><span style=\"font-weight: 400;\">Bu y\u00f6ntemlerden hangisinin uygun oldu\u011fu, ki\u015finin cilt yap\u0131s\u0131na ve beklentilerine g\u00f6re belirlenir.<\/span><\/p><h2><span style=\"font-weight: 400;\">Face Lifting Kimlere Uygulanabilir?<\/span><\/h2><p><span style=\"font-weight: 400;\">Face lifting i\u015flemi, ya\u015flanma belirtilerini hafifletmek ve daha gen\u00e7 bir g\u00f6r\u00fcn\u00fcm elde etmek isteyen ki\u015filere uygulanabilir.<\/span><\/p><ul><li><span style=\"font-weight: 400;\">Y\u00fcz\u00fcnde belirgin sarkmalar ve k\u0131r\u0131\u015f\u0131kl\u0131klar bulunanlar<\/span><\/li><li><span style=\"font-weight: 400;\">Cildinde elastikiyet kayb\u0131 ya\u015fayanlar<\/span><\/li><li><span style=\"font-weight: 400;\">Daha gen\u00e7 ve dinamik bir y\u00fcz hatt\u0131na sahip olmak isteyenler<\/span><\/li><li><span style=\"font-weight: 400;\">Y\u00fcz hatlar\u0131n\u0131 belirginle\u015ftirmek isteyenler<\/span><\/li><\/ul><p><span style=\"font-weight: 400;\">E\u011fer ciltte hafif k\u0131r\u0131\u015f\u0131kl\u0131klar varsa, ameliyats\u0131z y\u00f6ntemler tercih edilebilir. Ancak ileri derece sarkmalarda cerrahi y\u00fcz germe i\u015flemi \u00f6nerilir.<\/span><\/p><h2><span style=\"font-weight: 400;\">Face Lifting Nas\u0131l Uygulan\u0131r?<\/span><\/h2><p><span style=\"font-weight: 400;\">Face lifting, ki\u015finin ihtiyac\u0131na g\u00f6re farkl\u0131 tekniklerle uygulan\u0131r.<\/span><\/p><p><b>Cerrahi y\u00fcz germe:<\/b><\/p><ul><li><span style=\"font-weight: 400;\">Genel anestezi veya lokal anestezi alt\u0131nda ger\u00e7ekle\u015ftirilir.<\/span><\/li><li><span style=\"font-weight: 400;\">Kulak arkas\u0131 ve sa\u00e7 diplerinden yap\u0131lan kesilerle deri kald\u0131r\u0131l\u0131r.<\/span><\/li><li><span style=\"font-weight: 400;\">Fazla deri \u00e7\u0131kar\u0131l\u0131r ve y\u00fcz kaslar\u0131 s\u0131k\u0131la\u015ft\u0131r\u0131l\u0131r.<\/span><\/li><li><span style=\"font-weight: 400;\">\u0130\u015flem tamamland\u0131ktan sonra cilt do\u011fal bir \u015fekilde yeniden \u015fekillendirilir.<\/span><\/li><\/ul><h2><span style=\"font-weight: 400;\">Face Lifting Ka\u00e7 Seans Uygulan\u0131r?<\/span><\/h2><p><span style=\"font-weight: 400;\">Cerrahi y\u00fcz germe i\u015flemi tek seansta tamamlan\u0131r ve kal\u0131c\u0131 bir sonu\u00e7 sunar.<\/span><\/p><p><span style=\"font-weight: 400;\">Ameliyats\u0131z y\u00fcz germe i\u015flemlerinde kullan\u0131lan y\u00f6nteme ba\u011fl\u0131 olarak seans say\u0131s\u0131 de\u011fi\u015febilir. HIFU ve Ultherapy gibi y\u00f6ntemlerde tek bir seans genellikle yeterli olur, ancak baz\u0131 durumlarda 6 ila 12 ay sonra tekrar uygulanmas\u0131 gerekebilir. \u0130ple y\u00fcz germe i\u015flemi ise yakla\u015f\u0131k 1,5-2 y\u0131l dayan\u0131kl\u0131l\u0131\u011f\u0131n\u0131 korur.<\/span><\/p><h2><span style=\"font-weight: 400;\">Face Lifting Sonras\u0131 Nelere Dikkat Edilmeli?<\/span><\/h2><p><span style=\"font-weight: 400;\">\u0130yile\u015fme s\u00fcrecinin h\u0131zl\u0131 ve konforlu olmas\u0131 i\u00e7in \u015fu noktalara dikkat edilmelidir:<\/span><\/p><ul><li><span style=\"font-weight: 400;\">\u0130lk birka\u00e7 hafta a\u011f\u0131r fiziksel aktivitelerden ka\u00e7\u0131n\u0131lmal\u0131d\u0131r.<\/span><\/li><li><span style=\"font-weight: 400;\">Doktorun \u00f6nerdi\u011fi \u015fekilde y\u00fcz b\u00f6lgesi korunmal\u0131d\u0131r.<\/span><\/li><li><span style=\"font-weight: 400;\">Bol su t\u00fcketilmeli ve sa\u011fl\u0131kl\u0131 beslenmeye dikkat edilmelidir.<\/span><\/li><li><span style=\"font-weight: 400;\">Cilt bak\u0131m\u0131na \u00f6zen g\u00f6sterilmeli, g\u00fcne\u015ften korunulmal\u0131d\u0131r.<\/span><\/li><\/ul><h2><span style=\"font-weight: 400;\">Face Lifting Ne S\u0131kl\u0131kta Tekrarlanmal\u0131d\u0131r?<\/span><\/h2><p><span style=\"font-weight: 400;\">Cerrahi y\u00fcz germe i\u015flemi kal\u0131c\u0131 bir \u00e7\u00f6z\u00fcm sunar ve genellikle tek bir operasyon yeterli olur. Ancak cilt ya\u015flanmaya devam etti\u011fi i\u00e7in 10-15 y\u0131l sonra tekrar bir uygulama gerekebilir.<\/span><\/p><h2><span style=\"font-weight: 400;\">Face Lifting Fiyatlar\u0131<\/span><\/h2><p><span style=\"font-weight: 400;\">Face lifting fiyatlar\u0131, kullan\u0131lan y\u00f6nteme, uygulaman\u0131n yap\u0131ld\u0131\u011f\u0131 klini\u011fe ve doktorun deneyimine g\u00f6re de\u011fi\u015fiklik g\u00f6sterir.<\/span><\/p><p><span style=\"font-weight: 400;\">Cerrahi y\u00fcz germe operasyonlar\u0131 daha uzun \u00f6m\u00fcrl\u00fc oldu\u011fu i\u00e7in fiyatlar\u0131 daha y\u00fcksektir. Ameliyats\u0131z y\u00fcz germe y\u00f6ntemleri ise seans bazl\u0131 \u00fccretlendirilir ve genellikle daha ekonomiktir.<\/span><\/p><p><span style=\"font-weight: 400;\">Kesin fiyat bilgisi i\u00e7in bir uzmanla g\u00f6r\u00fc\u015fmek ve muayene olmak gerekir.<\/span><\/p><h2><span style=\"font-weight: 400;\">Neck Lift (Boyun Germe) Esteti\u011fi Nedir?<\/span><\/h2><p><span style=\"font-weight: 400;\">Neck lift, boyun b\u00f6lgesindeki sarkmalar\u0131, k\u0131r\u0131\u015f\u0131kl\u0131klar\u0131 ve ya\u011f birikimlerini gidermek amac\u0131yla yap\u0131lan estetik bir i\u015flemdir.<\/span><\/p><p><span style=\"font-weight: 400;\">Bu operasyon ile boyun b\u00f6lgesinde daha s\u0131k\u0131, gen\u00e7 ve estetik bir g\u00f6r\u00fcn\u00fcm sa\u011flan\u0131r. \u00d6zellikle \u00e7ene alt\u0131ndaki sarkmalar ve gev\u015fek cilt dokusu giderilir.<\/span><\/p><h2><span style=\"font-weight: 400;\">Kimler Neck Lift Esteti\u011fi \u0130\u00e7in Uygun Adaylard\u0131r?<\/span><\/h2><p><span style=\"font-weight: 400;\">Boyun germe i\u015flemi, genellikle 40 ya\u015f ve \u00fczeri bireyler i\u00e7in uygundur. Ancak, erken ya\u015flarda da genetik fakt\u00f6rler nedeniyle boyun b\u00f6lgesinde sarkma g\u00f6r\u00fclebilir ve bu durumda i\u015flem daha erken ya\u015flarda uygulanabilir.<\/span><\/p><ul><li><span style=\"font-weight: 400;\">Boyun b\u00f6lgesinde belirgin sarkmas\u0131 olanlar<\/span><\/li><li><span style=\"font-weight: 400;\">\u00c7ene alt\u0131 b\u00f6lgesinde gev\u015feklik ve ya\u011flanma bulunanlar<\/span><\/li><li><span style=\"font-weight: 400;\">Y\u00fcz ile boyun aras\u0131nda belirgin bir ge\u00e7i\u015f hatt\u0131 olu\u015fturmak isteyenler<\/span><\/li><\/ul><h2><span style=\"font-weight: 400;\">Neck Lift (Boyun Germe) Esteti\u011fi Nas\u0131l Yap\u0131l\u0131r?<\/span><\/h2><p><span style=\"font-weight: 400;\">Boyun germe esteti\u011fi, cerrahi veya cerrahi olmayan y\u00f6ntemlerle ger\u00e7ekle\u015ftirilebilir.<\/span><\/p><ul><li><span style=\"font-weight: 400;\">Cerrahi y\u00f6ntemde fazla deri ve ya\u011f dokusu al\u0131narak boyun s\u0131k\u0131la\u015ft\u0131r\u0131l\u0131r.<\/span><\/li><li><span style=\"font-weight: 400;\">Ameliyats\u0131z y\u00f6ntemlerde ise HIFU, lazer ve dolgu teknikleriyle cilt alt\u0131 dokular g\u00fc\u00e7lendirilir.<\/span><\/li><\/ul><h2><span style=\"font-weight: 400;\">Boyun Germe Esteti\u011fi Avantajlar\u0131<\/span><\/h2><ul><li><span style=\"font-weight: 400;\">Daha s\u0131k\u0131 ve gen\u00e7 bir boyun g\u00f6r\u00fcn\u00fcm\u00fc sa\u011flar.<\/span><\/li><li><span style=\"font-weight: 400;\">\u00c7ene hatt\u0131n\u0131 belirginle\u015ftirerek y\u00fcz profilini iyile\u015ftirir.<\/span><\/li><li><span style=\"font-weight: 400;\">Ya\u015flanma belirtilerini ortadan kald\u0131r\u0131r.<\/span><\/li><li><span style=\"font-weight: 400;\">Uzun s\u00fcreli ve kal\u0131c\u0131 bir estetik sonu\u00e7 sunar.<\/span><\/li><\/ul><h2><span style=\"font-weight: 400;\">T\u00fcrkiye\u2019de Neck Lift Avantajlar\u0131<\/span><\/h2><p><span style=\"font-weight: 400;\">T\u00fcrkiye, estetik cerrahi alan\u0131nda d\u00fcnyada en \u00e7ok tercih edilen \u00fclkelerden biridir.<\/span><\/p><ul><li><span style=\"font-weight: 400;\">Uzman doktorlar ve ileri teknolojiye sahip klinikler bulunmaktad\u0131r.<\/span><\/li><li><span style=\"font-weight: 400;\">Uygun fiyatl\u0131 ve kaliteli sa\u011fl\u0131k hizmetleri sunulmaktad\u0131r.<\/span><\/li><li><span style=\"font-weight: 400;\">K\u0131sa s\u00fcrede operasyon sonras\u0131 bak\u0131m ve konfor sa\u011flanmaktad\u0131r.<\/span><\/li><\/ul><h2><span style=\"font-weight: 400;\">Neck Lift Esteti\u011fi Sonras\u0131 Dikkat Edilmesi Gerekenler<\/span><\/h2><ul><li><span style=\"font-weight: 400;\">\u0130lk hafta a\u011f\u0131r aktivitelerden ka\u00e7\u0131n\u0131lmal\u0131d\u0131r.<\/span><\/li><li><span style=\"font-weight: 400;\">Boyun b\u00f6lgesi darbelerden korunmal\u0131d\u0131r.<\/span><\/li><li><span style=\"font-weight: 400;\">G\u00fcne\u015f \u0131\u015f\u0131nlar\u0131ndan korunmal\u0131 ve cilt bak\u0131m\u0131 ihmal edilmemelidir.<\/span><\/li><\/ul>\t\t\t\t\t\t\t\t<\/div>\n\t\t\t\t<\/div>\n\t\t\t\t\t<\/div>\n\t\t\t\t<\/div>\n\t\t\t\t<\/div>","protected":false},"excerpt":{"rendered":"<p>Face Lifting Nedir? Face lifting, y\u00fcz ve boyun b\u00f6lgesindeki k\u0131r\u0131\u015f\u0131kl\u0131klar\u0131, sarkmalar\u0131 ve cilt gev\u015femelerini gidermek amac\u0131yla uygulanan estetik bir i\u015flemdir.<\/p>","protected":false},"author":1,"featured_media":0,"parent":0,"menu_order":0,"comment_status":"closed","ping_status":"closed","template":"","meta":{"footnotes":""},"class_list":["post-27777","page","type-page","status-publish","hentry"],"_links":{"self":[{"href":"https:\/\/westestetik.com\/fr\/wp-json\/wp\/v2\/pages\/27777","targetHints":{"allow":["GET"]}}],"collection":[{"href":"https:\/\/westestetik.com\/fr\/wp-json\/wp\/v2\/pages"}],"about":[{"href":"https:\/\/westestetik.com\/fr\/wp-json\/wp\/v2\/types\/page"}],"author":[{"embeddable":true,"href":"https:\/\/westestetik.com\/fr\/wp-json\/wp\/v2\/users\/1"}],"replies":[{"embeddable":true,"href":"https:\/\/westestetik.com\/fr\/wp-json\/wp\/v2\/comments?post=27777"}],"version-history":[{"count":7,"href":"https:\/\/westestetik.com\/fr\/wp-json\/wp\/v2\/pages\/27777\/revisions"}],"predecessor-version":[{"id":31075,"href":"https:\/\/westestetik.com\/fr\/wp-json\/wp\/v2\/pages\/27777\/revisions\/31075"}],"wp:attachment":[{"href":"https:\/\/westestetik.com\/fr\/wp-json\/wp\/v2\/media?parent=27777"}],"curies":[{"name":"wp","href":"https:\/\/api.w.org\/{rel}","templated":true}]}}