{"id":27765,"date":"2024-12-02T22:51:37","date_gmt":"2024-12-02T22:51:37","guid":{"rendered":"https:\/\/westestetik.com\/?page_id=27765"},"modified":"2024-12-25T10:50:19","modified_gmt":"2024-12-25T10:50:19","slug":"revision-de-limplant-mammaire","status":"publish","type":"page","link":"https:\/\/westestetik.com\/fr\/revision-de-limplant-mammaire\/","title":{"rendered":"R\u00e9vision des Implants Mammaires"},"content":{"rendered":"<div data-elementor-type=\"wp-page\" data-elementor-id=\"27765\" class=\"elementor elementor-27765\" data-elementor-post-type=\"page\">\n\t\t\t\t<div class=\"wd-negative-gap elementor-element elementor-element-e150b12 e-flex e-con-boxed e-con e-parent\" data-id=\"e150b12\" data-element_type=\"container\">\n\t\t\t\t\t<div class=\"e-con-inner\">\n\t\t\t\t<div class=\"elementor-element elementor-element-7286009 elementor-widget elementor-widget-image\" data-id=\"7286009\" data-element_type=\"widget\" data-widget_type=\"image.default\">\n\t\t\t\t<div class=\"elementor-widget-container\">\n\t\t\t\t\t\t\t\t\t\t\t\t\t\t\t<img fetchpriority=\"high\" decoding=\"async\" width=\"1300\" height=\"384\" src=\"https:\/\/westestetik.com\/wp-content\/uploads\/2024\/12\/Uygulama-1-1300x384.png\" class=\"attachment-large size-large wp-image-27725\" alt=\"Maladies\" srcset=\"https:\/\/westestetik.com\/wp-content\/uploads\/2024\/12\/Uygulama-1-1300x384.png 1300w, https:\/\/westestetik.com\/wp-content\/uploads\/2024\/12\/Uygulama-1-430x127.png 430w, https:\/\/westestetik.com\/wp-content\/uploads\/2024\/12\/Uygulama-1-150x44.png 150w, https:\/\/westestetik.com\/wp-content\/uploads\/2024\/12\/Uygulama-1-700x207.png 700w, https:\/\/westestetik.com\/wp-content\/uploads\/2024\/12\/Uygulama-1-400x118.png 400w, https:\/\/westestetik.com\/wp-content\/uploads\/2024\/12\/Uygulama-1-768x227.png 768w, https:\/\/westestetik.com\/wp-content\/uploads\/2024\/12\/Uygulama-1-1536x453.png 1536w, https:\/\/westestetik.com\/wp-content\/uploads\/2024\/12\/Uygulama-1-2048x604.png 2048w\" sizes=\"(max-width: 1300px) 100vw, 1300px\" \/>\t\t\t\t\t\t\t\t\t\t\t\t\t\t\t<\/div>\n\t\t\t\t<\/div>\n\t\t\t\t\t<\/div>\n\t\t\t\t<\/div>\n\t\t<div class=\"wd-negative-gap elementor-element elementor-element-f52d84a e-flex e-con-boxed e-con e-parent\" data-id=\"f52d84a\" data-element_type=\"container\">\n\t\t\t\t\t<div class=\"e-con-inner\">\n\t\t\t\t<div class=\"elementor-element elementor-element-d0e046e color-scheme-inherit text-left elementor-widget elementor-widget-text-editor\" data-id=\"d0e046e\" data-element_type=\"widget\" data-widget_type=\"text-editor.default\">\n\t\t\t\t<div class=\"elementor-widget-container\">\n\t\t\t\t\t\t\t\t\t<p>La r\u00e9vision d'implants mammaires est une proc\u00e9dure de correction effectu\u00e9e pour rem\u00e9dier aux probl\u00e8mes survenus apr\u00e8s une chirurgie d'augmentation mammaire ant\u00e9rieure ou pour s'adapter aux attentes esth\u00e9tiques. Des probl\u00e8mes tels que les d\u00e9formations, le d\u00e9placement, l'asym\u00e9trie ou l'affaissement des implants au fil du temps peuvent emp\u00eacher de nombreuses femmes d'atteindre leurs objectifs esth\u00e9tiques. Par cons\u00e9quent, la r\u00e9vision des implants mammaires est une \u00e9tape importante pour obtenir une apparence naturelle et sym\u00e9trique du sein. En outre, cette intervention peut \u00e9galement s'av\u00e9rer n\u00e9cessaire lorsque la dur\u00e9e de vie de l'implant expire avec le temps ou lorsque les attentes de la personne changent.<\/p><h2>Qu'est-ce que la r\u00e9vision d'implant mammaire et quand est-elle pratiqu\u00e9e ?<\/h2><p>La r\u00e9vision d'un implant mammaire est une proc\u00e9dure de correction effectu\u00e9e pour r\u00e9soudre des probl\u00e8mes survenus apr\u00e8s une pr\u00e9c\u00e9dente op\u00e9ration d'augmentation mammaire. Des probl\u00e8mes esth\u00e9tiques tels que le d\u00e9placement de l'implant, la d\u00e9formation, l'asym\u00e9trie ou l'affaissement du sein peuvent survenir apr\u00e8s la pose du premier implant. Lorsque de tels probl\u00e8mes sont rencontr\u00e9s, une r\u00e9vision de l'implant mammaire peut s'av\u00e9rer n\u00e9cessaire. En outre, une r\u00e9vision peut \u00eatre effectu\u00e9e lorsque la dur\u00e9e de vie de l'implant expire ou si les attentes esth\u00e9tiques de la personne changent.<\/p><h2>Quels sont les probl\u00e8mes qui peuvent \u00eatre r\u00e9solus par une r\u00e9vision d'implant mammaire ?<\/h2><p>La r\u00e9vision d'un implant mammaire peut \u00eatre utilis\u00e9e pour r\u00e9soudre diff\u00e9rents probl\u00e8mes. Il s'agit notamment des probl\u00e8mes suivants<\/p><ul><li>Remplacement de l'implant : Avec le temps, les implants peuvent s'user ou \u00e9clater. Dans ce cas, il peut \u00eatre n\u00e9cessaire de poser un nouvel implant.<\/li><li>Asym\u00e9trie : Si une asym\u00e9trie de la taille des seins s'est produite apr\u00e8s la premi\u00e8re pose, la sym\u00e9trie peut \u00eatre obtenue par une r\u00e9vision.<\/li><li>Affaissement et d\u00e9formations : L'affaissement caus\u00e9 par le d\u00e9placement de l'implant ou le rel\u00e2chement de la peau peut \u00eatre corrig\u00e9.<\/li><li>Contracture capsulaire : Les tissus durcis autour de l'implant peuvent \u00eatre inconfortables et donner des r\u00e9sultats d\u00e9favorables sur le plan esth\u00e9tique. Ce probl\u00e8me peut \u00e9galement \u00eatre r\u00e9solu par une r\u00e9vision.<\/li><\/ul><h2>Combien co\u00fbtent les r\u00e9visions d'implants mammaires ?<\/h2><p>Les prix de la r\u00e9vision d'implants mammaires peuvent varier en fonction de la complexit\u00e9 de l'op\u00e9ration, du type d'implant \u00e0 utiliser et de l'ampleur de l'intervention. Cependant, il peut y avoir des diff\u00e9rences de prix pour chaque patiente. Une consultation d\u00e9taill\u00e9e est donc n\u00e9cessaire pour obtenir un devis personnalis\u00e9.<\/p><h2>Quel est le processus de gu\u00e9rison apr\u00e8s une r\u00e9vision d'implant mammaire ?<\/h2><p>Le processus de gu\u00e9rison apr\u00e8s une r\u00e9vision d'implant mammaire varie g\u00e9n\u00e9ralement entre 1 et 2 semaines. Un l\u00e9ger gonflement et des ecchymoses peuvent appara\u00eetre au cours des premiers jours. La patiente doit se reposer et \u00e9viter les exercices lourds pendant cette p\u00e9riode. Le r\u00e9tablissement complet peut prendre de 3 \u00e0 6 semaines. En outre, l'utilisation d'un corset ou d'un bandage recommand\u00e9e par le m\u00e9decin peut acc\u00e9l\u00e9rer le processus de gu\u00e9rison. Apr\u00e8s le remplacement de l'implant, les r\u00e9sultats sont g\u00e9n\u00e9ralement permanents, mais il est important de proc\u00e9der \u00e0 des contr\u00f4les r\u00e9guliers.<\/p><h2>Quelle est la meilleure candidate pour une r\u00e9vision d'implant mammaire ?<\/h2><p>La r\u00e9vision d'implant mammaire s'applique aux personnes qui ont d\u00e9j\u00e0 subi une op\u00e9ration d'augmentation mammaire et qui ne sont pas satisfaites des r\u00e9sultats ou qui ont des probl\u00e8mes de sant\u00e9. Une bonne candidate doit \u00eatre en bonne sant\u00e9, ne pas fumer et avoir clairement d\u00e9fini ses objectifs esth\u00e9tiques. En outre, une consultation avec un chirurgien plasticien est n\u00e9cessaire, en tenant compte de l'\u00e9tat de sant\u00e9 actuel.<\/p><h2>La r\u00e9vision d'un implant mammaire est-elle douloureuse ?<\/h2><p>La r\u00e9vision d'un implant mammaire est une op\u00e9ration g\u00e9n\u00e9ralement r\u00e9alis\u00e9e sous anesth\u00e9sie. Une l\u00e9g\u00e8re douleur et une g\u00eane postop\u00e9ratoire sont normales, mais elles peuvent g\u00e9n\u00e9ralement \u00eatre contr\u00f4l\u00e9es \u00e0 l'aide de m\u00e9dicaments. Une sensation de douleur peut \u00eatre ressentie les premiers jours, mais cette g\u00eane diminue au fur et \u00e0 mesure que le processus de gu\u00e9rison progresse. L'intervention de r\u00e9vision peut ne pas \u00eatre aussi douloureuse que l'intervention initiale car l'implant est remplac\u00e9 en place ou des corrections mineures sont apport\u00e9es.<\/p><h2>Quels sont les \u00e9l\u00e9ments \u00e0 prendre en compte avant et apr\u00e8s une r\u00e9vision d'implant mammaire ?<\/h2><p>Il y a plusieurs points importants \u00e0 prendre en compte avant et apr\u00e8s une r\u00e9vision d'implant mammaire. Il faut \u00e9viter de fumer avant l'op\u00e9ration et abandonner toute habitude susceptible d'affecter n\u00e9gativement le processus de cicatrisation. En outre, il convient d'\u00e9viter de soulever des charges lourdes et de pratiquer des activit\u00e9s p\u00e9nibles pendant les premi\u00e8res semaines suivant l'intervention. Il est \u00e9galement important de respecter le processus de traitement recommand\u00e9 par le m\u00e9decin et de ne pas interrompre les contr\u00f4les r\u00e9guliers.<\/p><h2>Dans quels cas une r\u00e9vision des implants mammaires est-elle n\u00e9cessaire ?<\/h2><p>La r\u00e9vision d'un implant mammaire est n\u00e9cessaire dans des cas tels que le d\u00e9placement de l'implant avec le temps, la rupture, les d\u00e9formations, la contracture capsulaire ou la modification des attentes esth\u00e9tiques. En outre, l'affaissement et les d\u00e9formations du tissu mammaire apr\u00e8s un accouchement ou un changement de poids peuvent \u00e9galement n\u00e9cessiter une r\u00e9vision. Les troubles li\u00e9s aux implants et les probl\u00e8mes de sant\u00e9 font \u00e9galement partie des raisons qui n\u00e9cessitent cette op\u00e9ration.<\/p><h2>Y a-t-il des cicatrices apr\u00e8s une r\u00e9vision d'implant mammaire ?<\/h2><p>Des cicatrices peuvent subsister apr\u00e8s une r\u00e9vision d'implant mammaire, mais si les instructions de soins recommand\u00e9es par votre m\u00e9decin sont suivies, les cicatrices perdront de leur pro\u00e9minence avec le temps. Les cicatrices sont g\u00e9n\u00e9ralement minimis\u00e9es par des incisions plac\u00e9es dans le pli inframammaire ou autour de l'ar\u00e9ole. La visibilit\u00e9 des cicatrices varie en fonction du processus de gu\u00e9rison individuel et du type d'intervention pratiqu\u00e9e.<\/p><h2>Quels sont les r\u00e9sultats permanents apr\u00e8s une r\u00e9vision d'implant mammaire ?<\/h2><p>Les r\u00e9sultats obtenus apr\u00e8s une r\u00e9vision d'implant mammaire sont g\u00e9n\u00e9ralement permanents. Cependant, les changements corporels, le processus de vieillissement ou des facteurs externes peuvent modifier l'emplacement de l'implant au fil du temps. N\u00e9anmoins, des r\u00e9sultats esth\u00e9tiques permanents peuvent \u00eatre obtenus avec des soins appropri\u00e9s et des contr\u00f4les m\u00e9dicaux r\u00e9guliers. En outre, la r\u00e9vision permet d'obtenir une forme plus sym\u00e9trique, plus jeune et plus naturelle du sein.<\/p><p>\u00a0<\/p>\t\t\t\t\t\t\t\t<\/div>\n\t\t\t\t<\/div>\n\t\t\t\t\t<\/div>\n\t\t\t\t<\/div>\n\t\t\t\t<\/div>","protected":false},"excerpt":{"rendered":"<p>Meme implant\u0131 revizyonu, daha \u00f6nce yap\u0131lan meme b\u00fcy\u00fctme ameliyat\u0131n\u0131n ard\u0131ndan ortaya \u00e7\u0131kan sorunlar\u0131 d\u00fczeltmek veya estetik beklentilere uyum sa\u011flamak amac\u0131yla<\/p>","protected":false},"author":1,"featured_media":0,"parent":0,"menu_order":0,"comment_status":"closed","ping_status":"closed","template":"","meta":{"footnotes":""},"class_list":["post-27765","page","type-page","status-publish","hentry"],"_links":{"self":[{"href":"https:\/\/westestetik.com\/fr\/wp-json\/wp\/v2\/pages\/27765","targetHints":{"allow":["GET"]}}],"collection":[{"href":"https:\/\/westestetik.com\/fr\/wp-json\/wp\/v2\/pages"}],"about":[{"href":"https:\/\/westestetik.com\/fr\/wp-json\/wp\/v2\/types\/page"}],"author":[{"embeddable":true,"href":"https:\/\/westestetik.com\/fr\/wp-json\/wp\/v2\/users\/1"}],"replies":[{"embeddable":true,"href":"https:\/\/westestetik.com\/fr\/wp-json\/wp\/v2\/comments?post=27765"}],"version-history":[{"count":4,"href":"https:\/\/westestetik.com\/fr\/wp-json\/wp\/v2\/pages\/27765\/revisions"}],"predecessor-version":[{"id":27819,"href":"https:\/\/westestetik.com\/fr\/wp-json\/wp\/v2\/pages\/27765\/revisions\/27819"}],"wp:attachment":[{"href":"https:\/\/westestetik.com\/fr\/wp-json\/wp\/v2\/media?parent=27765"}],"curies":[{"name":"wp","href":"https:\/\/api.w.org\/{rel}","templated":true}]}}