{"id":27763,"date":"2024-12-02T22:51:03","date_gmt":"2024-12-02T22:51:03","guid":{"rendered":"https:\/\/westestetik.com\/?page_id=27763"},"modified":"2024-12-25T10:49:25","modified_gmt":"2024-12-25T10:49:25","slug":"gynecomastie","status":"publish","type":"page","link":"https:\/\/westestetik.com\/fr\/gynecomastie\/","title":{"rendered":"Gyn\u00e9comastie"},"content":{"rendered":"<div data-elementor-type=\"wp-page\" data-elementor-id=\"27763\" class=\"elementor elementor-27763\" data-elementor-post-type=\"page\">\n\t\t\t\t<div class=\"wd-negative-gap elementor-element elementor-element-e150b12 e-flex e-con-boxed e-con e-parent\" data-id=\"e150b12\" data-element_type=\"container\">\n\t\t\t\t\t<div class=\"e-con-inner\">\n\t\t\t\t<div class=\"elementor-element elementor-element-7286009 elementor-widget elementor-widget-image\" data-id=\"7286009\" data-element_type=\"widget\" data-widget_type=\"image.default\">\n\t\t\t\t<div class=\"elementor-widget-container\">\n\t\t\t\t\t\t\t\t\t\t\t\t\t\t\t<img fetchpriority=\"high\" decoding=\"async\" width=\"1300\" height=\"384\" src=\"https:\/\/westestetik.com\/wp-content\/uploads\/2024\/12\/Uygulama-1-1300x384.png\" class=\"attachment-large size-large wp-image-27725\" alt=\"Maladies\" srcset=\"https:\/\/westestetik.com\/wp-content\/uploads\/2024\/12\/Uygulama-1-1300x384.png 1300w, https:\/\/westestetik.com\/wp-content\/uploads\/2024\/12\/Uygulama-1-430x127.png 430w, https:\/\/westestetik.com\/wp-content\/uploads\/2024\/12\/Uygulama-1-150x44.png 150w, https:\/\/westestetik.com\/wp-content\/uploads\/2024\/12\/Uygulama-1-700x207.png 700w, https:\/\/westestetik.com\/wp-content\/uploads\/2024\/12\/Uygulama-1-400x118.png 400w, https:\/\/westestetik.com\/wp-content\/uploads\/2024\/12\/Uygulama-1-768x227.png 768w, https:\/\/westestetik.com\/wp-content\/uploads\/2024\/12\/Uygulama-1-1536x453.png 1536w, https:\/\/westestetik.com\/wp-content\/uploads\/2024\/12\/Uygulama-1-2048x604.png 2048w\" sizes=\"(max-width: 1300px) 100vw, 1300px\" \/>\t\t\t\t\t\t\t\t\t\t\t\t\t\t\t<\/div>\n\t\t\t\t<\/div>\n\t\t\t\t\t<\/div>\n\t\t\t\t<\/div>\n\t\t<div class=\"wd-negative-gap elementor-element elementor-element-e5a5398 e-flex e-con-boxed e-con e-parent\" data-id=\"e5a5398\" data-element_type=\"container\">\n\t\t\t\t\t<div class=\"e-con-inner\">\n\t\t\t\t<div class=\"elementor-element elementor-element-a914224 color-scheme-inherit text-left elementor-widget elementor-widget-text-editor\" data-id=\"a914224\" data-element_type=\"widget\" data-widget_type=\"text-editor.default\">\n\t\t\t\t<div class=\"elementor-widget-container\">\n\t\t\t\t\t\t\t\t\t<p><span style=\"font-weight: 400;\">La gyn\u00e9comastie est une affection caus\u00e9e par une croissance anormale du tissu mammaire chez l'homme et peut entra\u00eener une g\u00eane esth\u00e9tique et physique. Elle peut se d\u00e9velopper pour diverses raisons telles que la g\u00e9n\u00e9tique, les d\u00e9s\u00e9quilibres hormonaux, le surpoids ou certains probl\u00e8mes de sant\u00e9. Bien que la gyn\u00e9comastie soit un probl\u00e8me qui peut entra\u00eener une perte de confiance en soi, des solutions permanentes sont possibles gr\u00e2ce aux m\u00e9thodes de traitement efficaces offertes par la m\u00e9decine moderne.\u00a0<\/span><\/p><h2><span style=\"font-weight: 400;\">Qu'est-ce que la gyn\u00e9comastie et pourquoi survient-elle ?<\/span><\/h2><p><span style=\"font-weight: 400;\">La gyn\u00e9comastie est une affection due \u00e0 une croissance excessive du tissu mammaire chez l'homme. Cette affection est g\u00e9n\u00e9ralement caus\u00e9e par des d\u00e9s\u00e9quilibres hormonaux, mais des facteurs g\u00e9n\u00e9tiques, la prise de poids, la prise de m\u00e9dicaments et certains probl\u00e8mes de sant\u00e9 peuvent \u00e9galement entra\u00eener une gyn\u00e9comastie. Le fait d'avoir des seins plus gros que la normale chez l'homme peut parfois entra\u00eener une g\u00eane physique et une perte de confiance en soi. Le traitement de la gyn\u00e9comastie est une \u00e9tape importante pour am\u00e9liorer la qualit\u00e9 de vie du patient, tant sur le plan esth\u00e9tique que physique.<\/span><\/p><h2><span style=\"font-weight: 400;\">Traitement de la gyn\u00e9comastie : Quelles sont les m\u00e9thodes utilis\u00e9es ?<\/span><\/h2><p><span style=\"font-weight: 400;\">Le traitement de la gyn\u00e9comastie varie en fonction de la gravit\u00e9 et de la cause de la maladie. Dans les cas l\u00e9gers, des changements de mode de vie et des m\u00e9dicaments peuvent \u00eatre recommand\u00e9s pour le traitement. Toutefois, dans les cas plus avanc\u00e9s, la chirurgie de la gyn\u00e9comastie s'impose comme la solution la plus efficace. Il s'agit d'une intervention chirurgicale visant \u00e0 \u00e9liminer l'exc\u00e8s de tissu mammaire. La liposuccion et les proc\u00e9dures d'ablation du tissu mammaire sont g\u00e9n\u00e9ralement utilis\u00e9es dans ce type d'op\u00e9ration. L'\u00e9tat de chaque patient \u00e9tant diff\u00e9rent, la m\u00e9thode de traitement est d\u00e9termin\u00e9e individuellement par un sp\u00e9cialiste.<\/span><\/p><h2><span style=\"font-weight: 400;\">Quel est le processus de r\u00e9tablissement apr\u00e8s une chirurgie de la gyn\u00e9comastie ?<\/span><\/h2><p><span style=\"font-weight: 400;\">Le processus de r\u00e9tablissement apr\u00e8s une op\u00e9ration de gyn\u00e9comastie est g\u00e9n\u00e9ralement rapide, mais les patients doivent \u00eatre attentifs \u00e0 certains points. Les premiers jours, un l\u00e9ger gonflement et des ecchymoses peuvent \u00eatre observ\u00e9s, mais ils disparaissent avec le temps. Apr\u00e8s l'op\u00e9ration, les patients devront peut-\u00eatre porter un corset pendant plusieurs semaines. Il est \u00e9galement important d'\u00e9viter les activit\u00e9s sportives intenses et de prot\u00e9ger le site de l'op\u00e9ration. Le processus de r\u00e9tablissement peut varier en fonction de l'\u00e9tat de sant\u00e9 g\u00e9n\u00e9ral de la patiente et de la complexit\u00e9 de l'op\u00e9ration.<\/span><\/p><h2><span style=\"font-weight: 400;\">Quels sont les prix de la chirurgie de la gyn\u00e9comastie ?<\/span><\/h2><p><span style=\"font-weight: 400;\">Les prix de la chirurgie de la gyn\u00e9comastie varient en fonction de plusieurs facteurs. Il s'agit notamment de l'\u00e9tat de sant\u00e9 du patient, de l'h\u00f4pital o\u00f9 l'op\u00e9ration sera pratiqu\u00e9e, des techniques utilis\u00e9es et de l'exp\u00e9rience du chirurgien. Les prix de la chirurgie de la gyn\u00e9comastie sont g\u00e9n\u00e9ralement bas\u00e9s sur des listes de prix d\u00e9termin\u00e9es dans les h\u00f4pitaux priv\u00e9s et les prix sont d\u00e9termin\u00e9s sp\u00e9cifiquement pour chaque patient. La fourchette de prix peut varier en fonction de la complexit\u00e9 de l'intervention, c'est pourquoi il est recommand\u00e9 de proc\u00e9der \u00e0 une \u00e9valuation pr\u00e9liminaire.<\/span><\/p><h2><span style=\"font-weight: 400;\">\u00c0 qui s'adresse la chirurgie de la gyn\u00e9comastie ?<\/span><\/h2><p><span style=\"font-weight: 400;\">La chirurgie de la gyn\u00e9comastie convient aux hommes qui connaissent une croissance excessive du tissu mammaire et qui ne se sentent pas \u00e0 l'aise dans cette situation. Toutefois, cette op\u00e9ration est id\u00e9ale pour les personnes dont les taux d'hormones sont normaux, qui sont en bonne sant\u00e9 et qui sont aptes \u00e0 subir une intervention chirurgicale. Il est \u00e9galement important que les personnes qui demandent un traitement de la gyn\u00e9comastie recherchent un soulagement physique ainsi que des pr\u00e9occupations esth\u00e9tiques. L'op\u00e9ration est g\u00e9n\u00e9ralement recommand\u00e9e pour les personnes \u00e2g\u00e9es de 18 ans et plus.<\/span><\/p><h2><span style=\"font-weight: 400;\">Choses \u00e0 consid\u00e9rer apr\u00e8s une chirurgie de la gyn\u00e9comastie<\/span><\/h2><p><span style=\"font-weight: 400;\">Les soins postop\u00e9ratoires sont tr\u00e8s importants pour un processus de gu\u00e9rison sain. Les premiers jours, il peut y avoir des douleurs et des gonflements, ce qui est normal. Les patients doivent prendre leurs m\u00e9dicaments r\u00e9guli\u00e8rement selon les recommandations de leur m\u00e9decin. En outre, l'attention port\u00e9e \u00e0 l'alimentation postop\u00e9ratoire, le fait de ne pas fumer et d'\u00e9viter l'alcool peuvent acc\u00e9l\u00e9rer le processus de gu\u00e9rison. Il ne faut pas oublier que les activit\u00e9s physiques et les mouvements sportifs lourds doivent \u00eatre \u00e9vit\u00e9s.<\/span><\/p><h2><span style=\"font-weight: 400;\">Technologies et m\u00e9thodes utilis\u00e9es dans le traitement de la gyn\u00e9comastie<\/span><\/h2><p><span style=\"font-weight: 400;\">Les technologies utilis\u00e9es dans le traitement de la gyn\u00e9comastie ont \u00e9volu\u00e9 en m\u00eame temps que les techniques chirurgicales. La m\u00e9thode de la liposuccion est souvent privil\u00e9gi\u00e9e lors des interventions chirurgicales. Cette m\u00e9thode permet d'\u00e9liminer l'exc\u00e8s de tissu adipeux et de corriger la forme du sein. Parall\u00e8lement, des m\u00e9thodes moins invasives, telles que le traitement au laser, peuvent \u00e9galement \u00eatre appliqu\u00e9es pour certains patients. L'option de traitement la plus appropri\u00e9e pour chaque personne est d\u00e9termin\u00e9e apr\u00e8s un examen d\u00e9taill\u00e9 par le m\u00e9decin.<\/span><\/p><h2><span style=\"font-weight: 400;\">Conseils pour obtenir les meilleurs r\u00e9sultats dans le traitement de la gyn\u00e9comastie<\/span><\/h2><p><span style=\"font-weight: 400;\">Pour obtenir les meilleurs r\u00e9sultats dans le traitement de la gyn\u00e9comastie, il est important de choisir un chirurgien sp\u00e9cialis\u00e9 et de respecter scrupuleusement le processus de traitement. En outre, l'adoption d'habitudes de vie saines pendant le traitement de la gyn\u00e9comastie peut acc\u00e9l\u00e9rer le processus de gu\u00e9rison. Faire de l'exercice r\u00e9guli\u00e8rement, avoir une alimentation \u00e9quilibr\u00e9e et dormir suffisamment peut augmenter la permanence des r\u00e9sultats apr\u00e8s le traitement.<\/span><\/p><h2><span style=\"font-weight: 400;\">Risques et effets secondaires de la chirurgie de la gyn\u00e9comastie<\/span><\/h2><p><span style=\"font-weight: 400;\">Comme toute intervention chirurgicale, la chirurgie de la gyn\u00e9comastie comporte certains risques. Ces risques peuvent inclure une infection, des saignements, des r\u00e9sultats asym\u00e9triques et des r\u00e9actions li\u00e9es \u00e0 l'anesth\u00e9sie. Toutefois, ces risques sont minimis\u00e9s lors d'op\u00e9rations r\u00e9alis\u00e9es par un chirurgien exp\u00e9riment\u00e9. Le fait de suivre \u00e0 la lettre les recommandations de votre m\u00e9decin avant et apr\u00e8s l'op\u00e9ration contribuera \u00e0 r\u00e9duire les risques.<\/span><\/p><h2><span style=\"font-weight: 400;\">Suis-je un bon candidat pour la chirurgie de la gyn\u00e9comastie ?<\/span><\/h2><p><span style=\"font-weight: 400;\">Pour savoir si vous \u00eates un bon candidat \u00e0 la chirurgie de la gyn\u00e9comastie, vous devez consulter un sp\u00e9cialiste. La raison la plus importante pour laquelle les candidats pr\u00e9f\u00e8rent cette chirurgie est qu'ils estiment que l'hypertrophie mammaire pose des probl\u00e8mes d'ordre esth\u00e9tique. Cependant, l'\u00e9tat de sant\u00e9 est \u00e9galement un facteur important. Les personnes en bonne sant\u00e9 sont des candidats appropri\u00e9s pour cette chirurgie. En outre, il est important que les patientes fassent attention au processus de gu\u00e9rison afin que les r\u00e9sultats soient permanents.<\/span><\/p><p>\u00a0<\/p>\t\t\t\t\t\t\t\t<\/div>\n\t\t\t\t<\/div>\n\t\t\t\t\t<\/div>\n\t\t\t\t<\/div>\n\t\t\t\t<\/div>","protected":false},"excerpt":{"rendered":"<p>Jinekomasti, erkeklerde meme dokusunun anormal \u015fekilde b\u00fcy\u00fcmesiyle ortaya \u00e7\u0131kan bir durumdur ve hem estetik hem de fiziksel a\u00e7\u0131dan rahats\u0131zl\u0131k yaratabilir.<\/p>","protected":false},"author":1,"featured_media":0,"parent":0,"menu_order":0,"comment_status":"closed","ping_status":"closed","template":"","meta":{"footnotes":""},"class_list":["post-27763","page","type-page","status-publish","hentry"],"_links":{"self":[{"href":"https:\/\/westestetik.com\/fr\/wp-json\/wp\/v2\/pages\/27763","targetHints":{"allow":["GET"]}}],"collection":[{"href":"https:\/\/westestetik.com\/fr\/wp-json\/wp\/v2\/pages"}],"about":[{"href":"https:\/\/westestetik.com\/fr\/wp-json\/wp\/v2\/types\/page"}],"author":[{"embeddable":true,"href":"https:\/\/westestetik.com\/fr\/wp-json\/wp\/v2\/users\/1"}],"replies":[{"embeddable":true,"href":"https:\/\/westestetik.com\/fr\/wp-json\/wp\/v2\/comments?post=27763"}],"version-history":[{"count":5,"href":"https:\/\/westestetik.com\/fr\/wp-json\/wp\/v2\/pages\/27763\/revisions"}],"predecessor-version":[{"id":28179,"href":"https:\/\/westestetik.com\/fr\/wp-json\/wp\/v2\/pages\/27763\/revisions\/28179"}],"wp:attachment":[{"href":"https:\/\/westestetik.com\/fr\/wp-json\/wp\/v2\/media?parent=27763"}],"curies":[{"name":"wp","href":"https:\/\/api.w.org\/{rel}","templated":true}]}}