{"id":27761,"date":"2024-12-02T22:50:31","date_gmt":"2024-12-02T22:50:31","guid":{"rendered":"https:\/\/westestetik.com\/?page_id=27761"},"modified":"2024-12-25T10:48:57","modified_gmt":"2024-12-25T10:48:57","slug":"lifting-des-seins","status":"publish","type":"page","link":"https:\/\/westestetik.com\/fr\/lifting-des-seins\/","title":{"rendered":"Lifting des Seins"},"content":{"rendered":"<div data-elementor-type=\"wp-page\" data-elementor-id=\"27761\" class=\"elementor elementor-27761\" data-elementor-post-type=\"page\">\n\t\t\t\t<div class=\"wd-negative-gap elementor-element elementor-element-e150b12 e-flex e-con-boxed e-con e-parent\" data-id=\"e150b12\" data-element_type=\"container\">\n\t\t\t\t\t<div class=\"e-con-inner\">\n\t\t\t\t<div class=\"elementor-element elementor-element-7286009 elementor-widget elementor-widget-image\" data-id=\"7286009\" data-element_type=\"widget\" data-widget_type=\"image.default\">\n\t\t\t\t<div class=\"elementor-widget-container\">\n\t\t\t\t\t\t\t\t\t\t\t\t\t\t\t<img fetchpriority=\"high\" decoding=\"async\" width=\"1300\" height=\"384\" src=\"https:\/\/westestetik.com\/wp-content\/uploads\/2024\/12\/Uygulama-1-1300x384.png\" class=\"attachment-large size-large wp-image-27725\" alt=\"Maladies\" srcset=\"https:\/\/westestetik.com\/wp-content\/uploads\/2024\/12\/Uygulama-1-1300x384.png 1300w, https:\/\/westestetik.com\/wp-content\/uploads\/2024\/12\/Uygulama-1-430x127.png 430w, https:\/\/westestetik.com\/wp-content\/uploads\/2024\/12\/Uygulama-1-150x44.png 150w, https:\/\/westestetik.com\/wp-content\/uploads\/2024\/12\/Uygulama-1-700x207.png 700w, https:\/\/westestetik.com\/wp-content\/uploads\/2024\/12\/Uygulama-1-400x118.png 400w, https:\/\/westestetik.com\/wp-content\/uploads\/2024\/12\/Uygulama-1-768x227.png 768w, https:\/\/westestetik.com\/wp-content\/uploads\/2024\/12\/Uygulama-1-1536x453.png 1536w, https:\/\/westestetik.com\/wp-content\/uploads\/2024\/12\/Uygulama-1-2048x604.png 2048w\" sizes=\"(max-width: 1300px) 100vw, 1300px\" \/>\t\t\t\t\t\t\t\t\t\t\t\t\t\t\t<\/div>\n\t\t\t\t<\/div>\n\t\t\t\t\t<\/div>\n\t\t\t\t<\/div>\n\t\t<div class=\"wd-negative-gap elementor-element elementor-element-195135c e-flex e-con-boxed e-con e-parent\" data-id=\"195135c\" data-element_type=\"container\">\n\t\t\t\t\t<div class=\"e-con-inner\">\n\t\t\t\t<div class=\"elementor-element elementor-element-4f0ffe1 color-scheme-inherit text-left elementor-widget elementor-widget-text-editor\" data-id=\"4f0ffe1\" data-element_type=\"widget\" data-widget_type=\"text-editor.default\">\n\t\t\t\t<div class=\"elementor-widget-container\">\n\t\t\t\t\t\t\t\t\t<p><span style=\"font-weight: 400;\">Le lifting des seins est une intervention chirurgicale esth\u00e9tique qui permet aux seins affaiss\u00e9s de retrouver une apparence jeune et galb\u00e9e en raison de l'\u00e2ge, d'une grossesse, de l'allaitement ou d'une perte de poids. Cette intervention permet aux femmes de se sentir mieux physiquement et psychologiquement.<\/span><\/p><h2><span style=\"font-weight: 400;\">Qu'est-ce qu'un lifting mammaire et \u00e0 qui s'adresse-t-il ?<\/span><\/h2><p><span style=\"font-weight: 400;\">Le lifting des seins est une intervention de chirurgie esth\u00e9tique pratiqu\u00e9e pour redonner aux seins affaiss\u00e9s ou ayant perdu du volume une apparence plus jeune, plus galb\u00e9e et plus pulpeuse. Cette intervention est particuli\u00e8rement indiqu\u00e9e pour les femmes qui souhaitent redonner \u00e0 leurs seins leur forme initiale apr\u00e8s une grossesse, l'allaitement, le vieillissement ou des changements de poids importants. Le lifting mammaire consiste non seulement \u00e0 soulever le sein, mais aussi \u00e0 retirer l'exc\u00e8s de peau et de tissu afin de restaurer la forme naturelle du sein.<\/span><\/p><p><span style=\"font-weight: 400;\">Cette intervention chirurgicale permet aux femmes de se sentir mieux physiquement et psychologiquement. Le lifting des seins peut corriger l'affaissement ainsi que les d\u00e9formations telles que l'asym\u00e9trie.<\/span><\/p><h2><span style=\"font-weight: 400;\">\u00c0 qui la liposuccion convient-elle ?<\/span><\/h2><ul><li><span style=\"font-weight: 400;\">Les femmes qui pr\u00e9sentent un affaissement apr\u00e8s la grossesse et l'allaitement<\/span><\/li><li><span style=\"font-weight: 400;\">Les personnes qui perdent du volume \u00e0 la suite d'une perte de poids<\/span><\/li><li><span style=\"font-weight: 400;\">Les femmes dont les seins changent de forme en raison du vieillissement.<\/span><\/li><li><span style=\"font-weight: 400;\">Les femmes dont la structure des seins est asym\u00e9trique les femmes qui souhaitent rajeunir leur silhouette.<\/span><\/li><li><span style=\"font-weight: 400;\">Si vous vous trouvez dans l'une de ces situations, un lifting mammaire peut vous convenir.<\/span><\/li><\/ul><p><span style=\"font-weight: 400;\">Si vous vous trouvez dans l'une de ces situations, un lifting mammaire peut vous convenir. Un bon chirurgien plasticien d\u00e9terminera la meilleure solution pour vos besoins personnels.<\/span><\/p><h2><span style=\"font-weight: 400;\">Comment se d\u00e9roule l'op\u00e9ration de lifting mammaire ?<\/span><\/h2><p><span style=\"font-weight: 400;\">Le lifting des seins est une intervention chirurgicale qui dure g\u00e9n\u00e9ralement de 1 \u00e0 3 heures et qui peut \u00eatre pratiqu\u00e9e sous anesth\u00e9sie locale ou g\u00e9n\u00e9rale. Le chirurgien utilise diff\u00e9rentes techniques en fonction de la gravit\u00e9 de l'affaissement et de l'\u00e9tat actuel du sein. Les principales \u00e9tapes de l'intervention sont les suivantes :<\/span><\/p><ul><li><span style=\"font-weight: 400;\">Incision : Le chirurgien pratique des incisions autour du mamelon, en dessous et parfois dans la r\u00e9gion de l'aisselle. Ces incisions laissent g\u00e9n\u00e9ralement des cicatrices apr\u00e8s la cicatrisation, mais un bon chirurgien utilise des techniques pour minimiser les cicatrices.<\/span><\/li><li><span style=\"font-weight: 400;\">Remodelage du tissu mammaire : L'exc\u00e8s de peau du sein est enlev\u00e9 et le tissu mammaire est tir\u00e9 vers le haut, ce qui donne une forme plus jeune et plus droite.<\/span><\/li><li><span style=\"font-weight: 400;\">Repositionnement du mamelon : Le mamelon est repositionn\u00e9 en fonction du sein lift\u00e9. Le mamelon se retrouve ainsi dans une position naturelle.<\/span><\/li><li><span style=\"font-weight: 400;\">Fermeture et resserrement des cicatrices : \u00c0 la fin de l'intervention, les incisions sont referm\u00e9es et le processus de cicatrisation commence.<\/span><\/li><\/ul><p><span style=\"font-weight: 400;\">Apr\u00e8s l'intervention, certaines patientes peuvent ressentir une l\u00e9g\u00e8re douleur et un gonflement. Toutefois, ces douleurs disparaissent g\u00e9n\u00e9ralement au bout d'une \u00e0 deux semaines. Le processus de gu\u00e9rison apr\u00e8s un lifting mammaire peut varier d'une personne \u00e0 l'autre, mais la plupart des patientes peuvent reprendre leurs activit\u00e9s quotidiennes au bout d'une semaine.<\/span><\/p><h2><span style=\"font-weight: 400;\">Y a-t-il une perte de sensibilit\u00e9 apr\u00e8s une op\u00e9ration de lifting des seins ?<\/span><\/h2><p><span style=\"font-weight: 400;\">Apr\u00e8s une op\u00e9ration de lifting mammaire, la plupart des femmes peuvent ressentir une perte de sensibilit\u00e9 temporaire. En particulier dans les zones autour du mamelon, une perte de sensation peut survenir pendant les premi\u00e8res semaines en raison de l'effet de l'anesth\u00e9sie. Toutefois, cette perte est g\u00e9n\u00e9ralement temporaire et s'am\u00e9liore avec le temps.<\/span><\/p><p><span style=\"font-weight: 400;\">Une perte de sensibilit\u00e9 s\u00e9v\u00e8re est tr\u00e8s rare. Elle peut varier en fonction des techniques utilis\u00e9es par le chirurgien et du processus de gu\u00e9rison personnel. Un bon chirurgien effectuera l'intervention en minimisant l'impact sur les nerfs, r\u00e9duisant ainsi le risque de perte de sensibilit\u00e9.<\/span><\/p><p><span style=\"font-weight: 400;\">Toutefois, certains patients peuvent conna\u00eetre une perte de sensibilit\u00e9 minime, tandis que d'autres peuvent avoir un retour complet de la sensibilit\u00e9 perdue. Si vous \u00eates pr\u00e9occup\u00e9e par la perte de sensibilit\u00e9, vous pouvez d\u00e9terminer la meilleure approche en en discutant avec votre chirurgien \u00e0 l'avance.<\/span><\/p><h2><span style=\"font-weight: 400;\">Quels sont les prix d'un lifting des seins ?<\/span><\/h2><p><span style=\"font-weight: 400;\">Les prix peuvent varier en fonction de l'exp\u00e9rience du chirurgien, des conditions de l'h\u00f4pital et de la clinique, du type d'anesth\u00e9sie utilis\u00e9 et des services suppl\u00e9mentaires.<\/span><\/p><p><span style=\"font-weight: 400;\">Un autre facteur important qui d\u00e9termine la fourchette de prix est le degr\u00e9 d'affaissement des seins et la technique chirurgicale \u00e0 choisir en cons\u00e9quence. Si une augmentation mammaire (pose d'implants) est ajout\u00e9e \u00e0 la proc\u00e9dure de lifting mammaire, les prix peuvent \u00eatre plus \u00e9lev\u00e9s.<\/span><\/p><p><span style=\"font-weight: 400;\">Il est important de d\u00e9terminer l'intervention exacte dont vous avez besoin en ayant un entretien pr\u00e9liminaire pour conna\u00eetre le prix de l'op\u00e9ration. Il sera \u00e9galement utile de clarifier votre budget en \u00e9tablissant un plan financier avant la chirurgie plastique.<\/span><\/p><h2><span style=\"font-weight: 400;\">Processus de r\u00e9cup\u00e9ration et recommandations de soins apr\u00e8s un lifting mammaire<\/span><\/h2><p><span style=\"font-weight: 400;\">Le processus de r\u00e9tablissement apr\u00e8s un lifting mammaire peut varier d'une patiente \u00e0 l'autre, mais en g\u00e9n\u00e9ral, les \u00e9tapes suivantes sont suivies :<\/span><\/p><ul><li><span style=\"font-weight: 400;\">Les premi\u00e8res 24 heures : Vous serez gard\u00e9 en observation \u00e0 l'h\u00f4pital pendant quelques heures apr\u00e8s l'op\u00e9ration. Des gonflements et des ecchymoses peuvent appara\u00eetre au cours des 24 premi\u00e8res heures.<\/span><\/li><li><span style=\"font-weight: 400;\">Premi\u00e8re semaine : Pendant la premi\u00e8re semaine, vous devez \u00e9viter d'exercer une pression sur vos seins. Il est important de porter le soutien-gorge ou le corset de maintien recommand\u00e9 par votre chirurgien.<\/span><\/li><li><span style=\"font-weight: 400;\">Deuxi\u00e8me semaine : Le gonflement commence \u00e0 diminuer, mais n'oubliez pas que le processus de cicatrisation se poursuit. Vous pouvez faire des promenades l\u00e9g\u00e8res.<\/span><\/li><li><span style=\"font-weight: 400;\">Troisi\u00e8me semaine et suivantes : Vous pouvez commencer \u00e0 reprendre vos activit\u00e9s normales quelques semaines apr\u00e8s l'op\u00e9ration, mais vous devez \u00e9viter les exercices lourds.<\/span><\/li><\/ul><p><span style=\"font-weight: 400;\">Pendant le processus de cicatrisation, votre chirurgien vous donnera des instructions et vous indiquera comment prendre soin de la plaie. Pour \u00e9viter tout risque d'infection, vous devez vous d\u00e9placer dans des zones st\u00e9riles et ne pas n\u00e9gliger les contr\u00f4les r\u00e9guliers.<\/span><\/p><h2><span style=\"font-weight: 400;\">Diff\u00e9rences entre le lifting des seins et l'esth\u00e9tique mammaire<\/span><\/h2><p><span style=\"font-weight: 400;\">L'esth\u00e9tique mammaire comprend g\u00e9n\u00e9ralement des interventions chirurgicales visant \u00e0 modifier la forme et la taille des seins. Le lifting des seins vise uniquement \u00e0 r\u00e9cup\u00e9rer les seins tombants et \u00e0 leur donner une forme plus esth\u00e9tique. D'autre part, les proc\u00e9dures d'augmentation ou de r\u00e9duction mammaire entrent \u00e9galement dans la cat\u00e9gorie de l'esth\u00e9tique mammaire.<\/span><\/p><p><span style=\"font-weight: 400;\">Le lifting des seins et l'augmentation mammaire peuvent souvent \u00eatre combin\u00e9s. Dans ce cas, les patientes peuvent obtenir une apparence plus jeune en \u00e9liminant la perte de volume et en r\u00e9cup\u00e9rant les tissus affaiss\u00e9s.<\/span><\/p><h2><span style=\"font-weight: 400;\">Quelle est l'importance des cicatrices apr\u00e8s un lifting des seins ?<\/span><\/h2><p><span style=\"font-weight: 400;\">Comme pour toute intervention chirurgicale, des cicatrices peuvent subsister apr\u00e8s un lifting des seins. Toutefois, les cicatrices peuvent varier en fonction des techniques utilis\u00e9es par le chirurgien et des sites d'incision.<\/span><\/p><p><span style=\"font-weight: 400;\">En g\u00e9n\u00e9ral, les cicatrices se situent<\/span><\/p><ul><li><span style=\"font-weight: 400;\">Autour de l'ar\u00e9ole (autour du mamelon)<\/span><\/li><li><span style=\"font-weight: 400;\">Dans le plan sous le sein<\/span><\/li><li><span style=\"font-weight: 400;\">Elle peut s'\u00e9tendre verticalement vers le haut sous le sein.<\/span><\/li><\/ul><p><span style=\"font-weight: 400;\">Les cicatrices devraient s'estomper et devenir moins pro\u00e9minentes avec le temps. De nombreuses patientes appr\u00e9cient les r\u00e9sultats esth\u00e9tiques et sont satisfaites de l'intervention malgr\u00e9 ces cicatrices. En outre, certains chirurgiens peuvent utiliser des techniques sp\u00e9ciales pour rendre les cicatrices moins visibles.<\/span><\/p><h2><span style=\"font-weight: 400;\">Est-il possible d'allaiter apr\u00e8s un lifting mammaire ?<\/span><\/h2><p><span style=\"font-weight: 400;\">De nombreuses femmes peuvent continuer \u00e0 allaiter apr\u00e8s un lifting mammaire. Pendant l'op\u00e9ration, les canaux lactif\u00e8res n\u00e9cessaires \u00e0 la production de lait sont tr\u00e8s peu endommag\u00e9s. Cependant, l'anatomie de chaque femme est diff\u00e9rente et il est important d'avoir une discussion d\u00e9taill\u00e9e avec votre chirurgien.<\/span><\/p><p><span style=\"font-weight: 400;\">Si vous envisagez d'allaiter \u00e0 l'avenir, vous devez en parler ouvertement avec votre chirurgien afin que l'intervention de lifting mammaire soit r\u00e9alis\u00e9e de mani\u00e8re \u00e0 ne pas nuire \u00e0 l'allaitement.<\/span><\/p><p>\u00a0<\/p>\t\t\t\t\t\t\t\t<\/div>\n\t\t\t\t<\/div>\n\t\t\t\t\t<\/div>\n\t\t\t\t<\/div>\n\t\t\t\t<\/div>","protected":false},"excerpt":{"rendered":"<p>Meme dikle\u015ftirme ameliyat\u0131, ya\u015f, gebelik, emzirme ya da kilo kayb\u0131 gibi sebeplerle sarkan memelerin yeniden gen\u00e7 ve \u015fekilli bir g\u00f6r\u00fcn\u00fcm<\/p>","protected":false},"author":1,"featured_media":0,"parent":0,"menu_order":0,"comment_status":"closed","ping_status":"closed","template":"","meta":{"footnotes":""},"class_list":["post-27761","page","type-page","status-publish","hentry"],"_links":{"self":[{"href":"https:\/\/westestetik.com\/fr\/wp-json\/wp\/v2\/pages\/27761","targetHints":{"allow":["GET"]}}],"collection":[{"href":"https:\/\/westestetik.com\/fr\/wp-json\/wp\/v2\/pages"}],"about":[{"href":"https:\/\/westestetik.com\/fr\/wp-json\/wp\/v2\/types\/page"}],"author":[{"embeddable":true,"href":"https:\/\/westestetik.com\/fr\/wp-json\/wp\/v2\/users\/1"}],"replies":[{"embeddable":true,"href":"https:\/\/westestetik.com\/fr\/wp-json\/wp\/v2\/comments?post=27761"}],"version-history":[{"count":10,"href":"https:\/\/westestetik.com\/fr\/wp-json\/wp\/v2\/pages\/27761\/revisions"}],"predecessor-version":[{"id":27843,"href":"https:\/\/westestetik.com\/fr\/wp-json\/wp\/v2\/pages\/27761\/revisions\/27843"}],"wp:attachment":[{"href":"https:\/\/westestetik.com\/fr\/wp-json\/wp\/v2\/media?parent=27761"}],"curies":[{"name":"wp","href":"https:\/\/api.w.org\/{rel}","templated":true}]}}