{"id":27759,"date":"2024-12-02T22:49:33","date_gmt":"2024-12-02T22:49:33","guid":{"rendered":"https:\/\/westestetik.com\/?page_id=27759"},"modified":"2024-12-25T10:48:46","modified_gmt":"2024-12-25T10:48:46","slug":"reduction-mammaire","status":"publish","type":"page","link":"https:\/\/westestetik.com\/fr\/reduction-mammaire\/","title":{"rendered":"R\u00e9duction Mammaire"},"content":{"rendered":"<div data-elementor-type=\"wp-page\" data-elementor-id=\"27759\" class=\"elementor elementor-27759\" data-elementor-post-type=\"page\">\n\t\t\t\t<div class=\"wd-negative-gap elementor-element elementor-element-e150b12 e-flex e-con-boxed e-con e-parent\" data-id=\"e150b12\" data-element_type=\"container\">\n\t\t\t\t\t<div class=\"e-con-inner\">\n\t\t\t\t<div class=\"elementor-element elementor-element-7286009 elementor-widget elementor-widget-image\" data-id=\"7286009\" data-element_type=\"widget\" data-widget_type=\"image.default\">\n\t\t\t\t<div class=\"elementor-widget-container\">\n\t\t\t\t\t\t\t\t\t\t\t\t\t\t\t<img fetchpriority=\"high\" decoding=\"async\" width=\"1300\" height=\"384\" src=\"https:\/\/westestetik.com\/wp-content\/uploads\/2024\/12\/Uygulama-1-1300x384.png\" class=\"attachment-large size-large wp-image-27725\" alt=\"Maladies\" srcset=\"https:\/\/westestetik.com\/wp-content\/uploads\/2024\/12\/Uygulama-1-1300x384.png 1300w, https:\/\/westestetik.com\/wp-content\/uploads\/2024\/12\/Uygulama-1-430x127.png 430w, https:\/\/westestetik.com\/wp-content\/uploads\/2024\/12\/Uygulama-1-150x44.png 150w, https:\/\/westestetik.com\/wp-content\/uploads\/2024\/12\/Uygulama-1-700x207.png 700w, https:\/\/westestetik.com\/wp-content\/uploads\/2024\/12\/Uygulama-1-400x118.png 400w, https:\/\/westestetik.com\/wp-content\/uploads\/2024\/12\/Uygulama-1-768x227.png 768w, https:\/\/westestetik.com\/wp-content\/uploads\/2024\/12\/Uygulama-1-1536x453.png 1536w, https:\/\/westestetik.com\/wp-content\/uploads\/2024\/12\/Uygulama-1-2048x604.png 2048w\" sizes=\"(max-width: 1300px) 100vw, 1300px\" \/>\t\t\t\t\t\t\t\t\t\t\t\t\t\t\t<\/div>\n\t\t\t\t<\/div>\n\t\t\t\t\t<\/div>\n\t\t\t\t<\/div>\n\t\t<div class=\"wd-negative-gap elementor-element elementor-element-73f568d e-flex e-con-boxed e-con e-parent\" data-id=\"73f568d\" data-element_type=\"container\">\n\t\t\t\t\t<div class=\"e-con-inner\">\n\t\t\t\t<div class=\"elementor-element elementor-element-a7972c5 color-scheme-inherit text-left elementor-widget elementor-widget-text-editor\" data-id=\"a7972c5\" data-element_type=\"widget\" data-widget_type=\"text-editor.default\">\n\t\t\t\t<div class=\"elementor-widget-container\">\n\t\t\t\t\t\t\t\t\t<p><span style=\"font-weight: 400;\">La chirurgie de r\u00e9duction mammaire est une intervention chirurgicale fr\u00e9quemment pr\u00e9f\u00e9r\u00e9e par les femmes qui \u00e9prouvent une g\u00eane physique ou psychologique en raison d'une forte poitrine. Cette intervention est pratiqu\u00e9e \u00e0 la fois pour donner une apparence esth\u00e9tiquement agr\u00e9able et pour am\u00e9liorer la sant\u00e9 du corps. La chirurgie de r\u00e9duction mammaire augmente la confiance en soi et apporte du confort en \u00e9quilibrant les contours du corps.<\/span><\/p><h2><span style=\"font-weight: 400;\">Qu'est-ce que la r\u00e9duction mammaire et \u00e0 qui convient-elle ?<\/span><\/h2><p><span style=\"font-weight: 400;\">La r\u00e9duction mammaire est une intervention chirurgicale visant \u00e0 r\u00e9duire des seins trop volumineux. Cette intervention peut \u00eatre pratiqu\u00e9e en raison de probl\u00e8mes esth\u00e9tiques et de sant\u00e9. Les seins volumineux peuvent entra\u00eener des douleurs dorsales et cervicales, des troubles de la posture, des irritations cutan\u00e9es et des difficult\u00e9s respiratoires. En outre, certaines femmes peuvent \u00e9prouver des angoisses sociales en raison de leur forte poitrine.<\/span><\/p><h2><span style=\"font-weight: 400;\">Comment l'op\u00e9ration de r\u00e9duction mammaire est-elle pratiqu\u00e9e ?<\/span><\/h2><p><span style=\"font-weight: 400;\">L'op\u00e9ration de r\u00e9duction mammaire est g\u00e9n\u00e9ralement r\u00e9alis\u00e9e sous anesth\u00e9sie g\u00e9n\u00e9rale et peut durer de 2 \u00e0 4 heures. Au cours de l'op\u00e9ration, le chirurgien retire l'exc\u00e8s de tissu mammaire et de graisse. \u00c0 partir d'un site d'incision appropri\u00e9, le chirurgien maintient le mamelon en place et retire l'exc\u00e8s de tissu qui l'entoure. Des cicatrices d'incision subsistent g\u00e9n\u00e9ralement dans la partie inf\u00e9rieure du sein et autour de celle-ci, mais d'un point de vue esth\u00e9tique, ces cicatrices commencent \u00e0 s'estomper avec le temps.<\/span><\/p><h2><span style=\"font-weight: 400;\">Quels sont les avantages de la chirurgie de r\u00e9duction mammaire ?<\/span><\/h2><p><span style=\"font-weight: 400;\">La r\u00e9duction mammaire n'apporte pas seulement un changement esth\u00e9tique, mais pr\u00e9sente \u00e9galement de nombreux avantages pour la sant\u00e9. En voici quelques-uns :<\/span><\/p><ul><li style=\"font-weight: 400;\" aria-level=\"1\"><span style=\"font-weight: 400;\">Confort physique : Les douleurs au dos, au cou et aux \u00e9paules caus\u00e9es par le poids sont r\u00e9duites.<\/span><\/li><li style=\"font-weight: 400;\" aria-level=\"1\"><span style=\"font-weight: 400;\">Confiance en soi accrue : Le fait d'avoir un corps mieux proportionn\u00e9 peut augmenter la confiance en soi.<\/span><\/li><li style=\"font-weight: 400;\" aria-level=\"1\"><span style=\"font-weight: 400;\">Meilleure posture : Les seins en apesanteur permettent d'adopter une posture plus correcte.<\/span><\/li><li style=\"font-weight: 400;\" aria-level=\"1\"><span style=\"font-weight: 400;\">Exercice plus facile : Vous pouvez bouger plus facilement lors d'activit\u00e9s physiques.<\/span><\/li><\/ul><h2><span style=\"font-weight: 400;\">Combien de temps dure l'op\u00e9ration de r\u00e9duction mammaire ?<\/span><\/h2><p><span style=\"font-weight: 400;\">L'op\u00e9ration de r\u00e9duction mammaire dure g\u00e9n\u00e9ralement de 2 \u00e0 4 heures. Toutefois, l'\u00e9tat de chaque patiente \u00e9tant diff\u00e9rent, la dur\u00e9e de l'op\u00e9ration peut varier en fonction de certains facteurs. Une \u00e9valuation d\u00e9taill\u00e9e avec votre m\u00e9decin avant l'op\u00e9ration vous permettra d'obtenir des informations plus pr\u00e9cises sur la dur\u00e9e de l'op\u00e9ration.<\/span><\/p><h2><span style=\"font-weight: 400;\">Quel est le processus de r\u00e9tablissement apr\u00e8s une chirurgie de r\u00e9duction mammaire ?<\/span><\/h2><p><span style=\"font-weight: 400;\">Bien que le processus de r\u00e9tablissement apr\u00e8s l'op\u00e9ration varie d'une personne \u00e0 l'autre, vous pouvez g\u00e9n\u00e9ralement reprendre votre vie quotidienne au bout d'une \u00e0 deux semaines. Les premiers jours, il peut y avoir de l\u00e9g\u00e8res douleurs, mais elles peuvent \u00eatre contr\u00f4l\u00e9es par des m\u00e9dicaments prescrits par le m\u00e9decin. Apr\u00e8s l'op\u00e9ration :<\/span><\/p><ul><li style=\"font-weight: 400;\" aria-level=\"1\"><span style=\"font-weight: 400;\">Les exercices lourds doivent \u00eatre \u00e9vit\u00e9s pendant une semaine.<\/span><\/li><li style=\"font-weight: 400;\" aria-level=\"1\"><span style=\"font-weight: 400;\">Il peut y avoir un gonflement et des ecchymoses dans la r\u00e9gion du sein, mais ils dispara\u00eetront avec le temps.<\/span><\/li><li style=\"font-weight: 400;\" aria-level=\"1\"><span style=\"font-weight: 400;\">La forme du sein se dessine plus clairement avec le processus de gu\u00e9rison.<\/span><\/li><li style=\"font-weight: 400;\" aria-level=\"1\"><span style=\"font-weight: 400;\">Puis-je allaiter apr\u00e8s une chirurgie de r\u00e9duction mammaire ?<\/span><\/li><li style=\"font-weight: 400;\" aria-level=\"1\"><span style=\"font-weight: 400;\">La possibilit\u00e9 d'allaiter apr\u00e8s une chirurgie de r\u00e9duction mammaire d\u00e9pend de la technique utilis\u00e9e et de la quantit\u00e9 de tissu mammaire retir\u00e9e. En g\u00e9n\u00e9ral, l'objectif est de pr\u00e9server le mamelon et les canaux lactif\u00e8res, mais dans certains cas, l'allaitement peut s'av\u00e9rer difficile. Il est important de consulter votre m\u00e9decin \u00e0 ce sujet avant l'op\u00e9ration afin de d\u00e9terminer vos projets d'allaitement.<\/span><\/li><\/ul><h2><span style=\"font-weight: 400;\">Quels sont les prix de la chirurgie de r\u00e9duction mammaire ?<\/span><\/h2><p><span style=\"font-weight: 400;\">Les prix de la chirurgie de r\u00e9duction mammaire peuvent varier en fonction de la complexit\u00e9 de l'intervention, de l'exp\u00e9rience du chirurgien et des besoins de la patiente. Toutefois, ces prix peuvent augmenter ou diminuer en fonction de l'\u00e9tat de la patiente. Une consultation pr\u00e9alable est n\u00e9cessaire pour obtenir des informations exactes sur les prix.<\/span><\/p><h2><span style=\"font-weight: 400;\">Quelles sont les conditions requises pour une chirurgie de r\u00e9duction mammaire ?<\/span><\/h2><p><span style=\"font-weight: 400;\">La chirurgie de r\u00e9duction mammaire est une op\u00e9ration chirurgicale g\u00e9n\u00e9ralement pr\u00e9f\u00e9r\u00e9e par les femmes qui cherchent des solutions \u00e0 des probl\u00e8mes esth\u00e9tiques et de sant\u00e9. Certaines conditions de sant\u00e9 et certains crit\u00e8res sont requis pour une chirurgie de r\u00e9duction mammaire. Pour b\u00e9n\u00e9ficier de cette intervention, il faut tout d'abord que la taille des seins soit disproportionn\u00e9e par rapport \u00e0 la structure du corps et que l'on souffre de probl\u00e8mes de sant\u00e9 tels que des douleurs au dos, aux \u00e9paules ou au cou. En outre, des probl\u00e8mes tels que l'irritation de la peau et les difficult\u00e9s \u00e0 s'habiller en raison de seins trop volumineux sont \u00e9galement des raisons de demander une intervention chirurgicale.<\/span><\/p><p><span style=\"font-weight: 400;\">Pour pouvoir b\u00e9n\u00e9ficier d'une chirurgie de r\u00e9duction mammaire, vous devez g\u00e9n\u00e9ralement \u00eatre \u00e2g\u00e9e de plus de 18 ans et \u00eatre en bonne sant\u00e9. Les personnes ayant des probl\u00e8mes de sant\u00e9 importants (cancer, diab\u00e8te, maladie cardiaque, etc.) doivent en discuter avec leur m\u00e9decin. Par ailleurs, si vous fumiez avant l'op\u00e9ration, il est recommand\u00e9 d'arr\u00eater, car le tabac peut avoir un effet n\u00e9gatif sur le processus de gu\u00e9rison.<\/span><\/p><h2><span style=\"font-weight: 400;\">Y aura-t-il des cicatrices apr\u00e8s une chirurgie de r\u00e9duction mammaire ?<\/span><\/h2><p><span style=\"font-weight: 400;\">La pr\u00e9sence de cicatrices apr\u00e8s une chirurgie de r\u00e9duction mammaire peut varier en fonction des techniques chirurgicales utilis\u00e9es et de votre morphologie. Comme pour toute intervention chirurgicale, il est possible d'avoir des cicatrices apr\u00e8s une chirurgie de r\u00e9duction mammaire. Cependant, aujourd'hui, gr\u00e2ce aux m\u00e9thodes chirurgicales avanc\u00e9es, les cicatrices peuvent \u00eatre rendues moins pro\u00e9minentes.<\/span><\/p><p><span style=\"font-weight: 400;\">La chirurgie de r\u00e9duction mammaire laisse g\u00e9n\u00e9ralement trois types de cicatrices : la cicatrice p\u00e9riar\u00e9olaire (autour du mamelon), la cicatrice verticale et la cicatrice en forme de T invers\u00e9. Ces cicatrices peuvent s'estomper et devenir moins pro\u00e9minentes avec le temps. Les chirurgiens esth\u00e9tiques utilisent diff\u00e9rentes techniques pour s'assurer que les cicatrices restent le moins visibles possible et tentent de minimiser l'apparence des cicatrices pendant le processus de cicatrisation.\n\nTraduit avec www.DeepL.com\/Translator (version gratuite)<\/span><\/p><h2><span style=\"font-weight: 400;\">Quels sont les \u00e9l\u00e9ments \u00e0 prendre en compte avant une op\u00e9ration de r\u00e9duction mammaire ?<\/span><\/h2><p><span style=\"font-weight: 400;\">Certains points importants doivent \u00eatre pris en compte avant une op\u00e9ration de r\u00e9duction mammaire. L'un des facteurs les plus importants avant l'op\u00e9ration est d'avoir une discussion d\u00e9taill\u00e9e avec votre chirurgien. Il est important d'obtenir des informations d\u00e9taill\u00e9es sur les raisons pour lesquelles l'op\u00e9ration est n\u00e9cessaire, sur vos attentes, sur les techniques utilis\u00e9es par le chirurgien et sur les complications possibles.<\/span><\/p><p><span style=\"font-weight: 400;\">Vous devez \u00eatre en bon \u00e9tat de sant\u00e9 g\u00e9n\u00e9ral avant l'op\u00e9ration. Des examens m\u00e9dicaux doivent \u00eatre effectu\u00e9s avant l'op\u00e9ration et votre m\u00e9decin doit \u00eatre inform\u00e9 de vos m\u00e9dicaments actuels. Si vous fumez, vous devez arr\u00eater de fumer au moins une semaine \u00e0 l'avance, car le tabac peut avoir un effet n\u00e9gatif sur le processus de gu\u00e9rison. Il est \u00e9galement important que vous soyez psychologiquement pr\u00eate avant l'op\u00e9ration. L'op\u00e9ration de r\u00e9duction mammaire peut vous affecter non seulement physiquement, mais aussi \u00e9motionnellement. Il peut donc \u00eatre utile d'obtenir un soutien psychologique de la part d'un sp\u00e9cialiste.<\/span><\/p><h2><span style=\"font-weight: 400;\">Puis-je faire de l'exercice apr\u00e8s une chirurgie de r\u00e9duction mammaire ?<\/span><\/h2><p><span style=\"font-weight: 400;\">Faire de l'exercice apr\u00e8s une chirurgie de r\u00e9duction mammaire peut prendre du temps en fonction du processus de gu\u00e9rison. Au cours des premi\u00e8res semaines, l'exercice doit \u00eatre \u00e9vit\u00e9. Il est important de laisser \u00e0 votre corps le temps de se reposer et de gu\u00e9rir apr\u00e8s l'op\u00e9ration. En g\u00e9n\u00e9ral, il est recommand\u00e9 d'\u00e9viter les exercices lourds pendant les 4 \u00e0 6 premi\u00e8res semaines. Pendant cette p\u00e9riode, des activit\u00e9s \u00e0 faible impact, telles que des promenades l\u00e9g\u00e8res, peuvent \u00eatre pratiqu\u00e9es.<\/span><\/p><p><span style=\"font-weight: 400;\">Bien que la dur\u00e9e exacte de la convalescence varie d'une personne \u00e0 l'autre, il est important de suivre les recommandations de votre chirurgien. Il peut \u00eatre n\u00e9cessaire d'attendre au moins 6 semaines pour soulever des charges lourdes, courir et pratiquer d'autres sports \u00e0 fort impact. Lorsque vous commencez \u00e0 faire de l'exercice avec l'autorisation de votre m\u00e9decin, il est important d'\u00eatre prudente et d'\u00e9viter tout effort excessif afin de ne pas perturber le processus de cicatrisation dans la r\u00e9gion du sein.<\/span><\/p><h2><span style=\"font-weight: 400;\">Comment allaiter apr\u00e8s une chirurgie de r\u00e9duction mammaire ?<\/span><\/h2><p><span style=\"font-weight: 400;\">L'allaitement apr\u00e8s une chirurgie de r\u00e9duction mammaire est g\u00e9n\u00e9ralement possible, mais chaque situation est diff\u00e9rente. Pendant l'op\u00e9ration, les modifications des glandes mammaires et des canaux lactif\u00e8res peuvent avoir un effet sur l'allaitement. Par cons\u00e9quent, si vous \u00eates pr\u00e9occup\u00e9e par l'allaitement avant l'op\u00e9ration de r\u00e9duction mammaire, vous devriez en parler ouvertement avec votre m\u00e9decin.<\/span><\/p><p><span style=\"font-weight: 400;\">Les incisions et les techniques appliqu\u00e9es lors de la r\u00e9duction mammaire peuvent ne pas affecter votre capacit\u00e9 \u00e0 allaiter. Cependant, certaines femmes peuvent \u00e9prouver des difficult\u00e9s \u00e0 allaiter apr\u00e8s l'op\u00e9ration. L'utilisation de techniques moins invasives et la protection des canaux lactif\u00e8res peuvent am\u00e9liorer le processus d'allaitement. Si vous envisagez d'allaiter \u00e0 l'avenir, vous pouvez faire part de cette situation \u00e0 votre chirurgien et le laisser choisir les techniques les plus appropri\u00e9es.<\/span><\/p><p><br \/><br \/><\/p>\t\t\t\t\t\t\t\t<\/div>\n\t\t\t\t<\/div>\n\t\t\t\t\t<\/div>\n\t\t\t\t<\/div>\n\t\t\t\t<\/div>","protected":false},"excerpt":{"rendered":"<p>Meme k\u00fc\u00e7\u00fcltme ameliyat\u0131, b\u00fcy\u00fck memeler nedeniyle fiziksel veya psikolojik rahats\u0131zl\u0131k ya\u015fayan kad\u0131nlar i\u00e7in s\u0131kl\u0131kla tercih edilen bir cerrahi prosed\u00fcrd\u00fcr. Bu<\/p>","protected":false},"author":1,"featured_media":0,"parent":0,"menu_order":0,"comment_status":"closed","ping_status":"closed","template":"","meta":{"footnotes":""},"class_list":["post-27759","page","type-page","status-publish","hentry"],"_links":{"self":[{"href":"https:\/\/westestetik.com\/fr\/wp-json\/wp\/v2\/pages\/27759","targetHints":{"allow":["GET"]}}],"collection":[{"href":"https:\/\/westestetik.com\/fr\/wp-json\/wp\/v2\/pages"}],"about":[{"href":"https:\/\/westestetik.com\/fr\/wp-json\/wp\/v2\/types\/page"}],"author":[{"embeddable":true,"href":"https:\/\/westestetik.com\/fr\/wp-json\/wp\/v2\/users\/1"}],"replies":[{"embeddable":true,"href":"https:\/\/westestetik.com\/fr\/wp-json\/wp\/v2\/comments?post=27759"}],"version-history":[{"count":4,"href":"https:\/\/westestetik.com\/fr\/wp-json\/wp\/v2\/pages\/27759\/revisions"}],"predecessor-version":[{"id":27855,"href":"https:\/\/westestetik.com\/fr\/wp-json\/wp\/v2\/pages\/27759\/revisions\/27855"}],"wp:attachment":[{"href":"https:\/\/westestetik.com\/fr\/wp-json\/wp\/v2\/media?parent=27759"}],"curies":[{"name":"wp","href":"https:\/\/api.w.org\/{rel}","templated":true}]}}