{"id":27757,"date":"2024-12-02T22:49:07","date_gmt":"2024-12-02T22:49:07","guid":{"rendered":"https:\/\/westestetik.com\/?page_id=27757"},"modified":"2025-02-17T01:03:35","modified_gmt":"2025-02-16T22:03:35","slug":"laugmentation-mammaire","status":"publish","type":"page","link":"https:\/\/westestetik.com\/fr\/laugmentation-mammaire\/","title":{"rendered":"Augmentation Mammaire"},"content":{"rendered":"<div data-elementor-type=\"wp-page\" data-elementor-id=\"27757\" class=\"elementor elementor-27757\" data-elementor-post-type=\"page\">\n\t\t\t\t<div class=\"wd-negative-gap elementor-element elementor-element-e150b12 e-flex e-con-boxed e-con e-parent\" data-id=\"e150b12\" data-element_type=\"container\">\n\t\t\t\t\t<div class=\"e-con-inner\">\n\t\t\t\t<div class=\"elementor-element elementor-element-7286009 elementor-widget elementor-widget-image\" data-id=\"7286009\" data-element_type=\"widget\" data-widget_type=\"image.default\">\n\t\t\t\t<div class=\"elementor-widget-container\">\n\t\t\t\t\t\t\t\t\t\t\t\t\t\t\t<img fetchpriority=\"high\" decoding=\"async\" width=\"1300\" height=\"384\" src=\"https:\/\/westestetik.com\/wp-content\/uploads\/2024\/12\/Uygulama-1-1300x384.png\" class=\"attachment-large size-large wp-image-27725\" alt=\"Maladies\" srcset=\"https:\/\/westestetik.com\/wp-content\/uploads\/2024\/12\/Uygulama-1-1300x384.png 1300w, https:\/\/westestetik.com\/wp-content\/uploads\/2024\/12\/Uygulama-1-430x127.png 430w, https:\/\/westestetik.com\/wp-content\/uploads\/2024\/12\/Uygulama-1-150x44.png 150w, https:\/\/westestetik.com\/wp-content\/uploads\/2024\/12\/Uygulama-1-700x207.png 700w, https:\/\/westestetik.com\/wp-content\/uploads\/2024\/12\/Uygulama-1-400x118.png 400w, https:\/\/westestetik.com\/wp-content\/uploads\/2024\/12\/Uygulama-1-768x227.png 768w, https:\/\/westestetik.com\/wp-content\/uploads\/2024\/12\/Uygulama-1-1536x453.png 1536w, https:\/\/westestetik.com\/wp-content\/uploads\/2024\/12\/Uygulama-1-2048x604.png 2048w\" sizes=\"(max-width: 1300px) 100vw, 1300px\" \/>\t\t\t\t\t\t\t\t\t\t\t\t\t\t\t<\/div>\n\t\t\t\t<\/div>\n\t\t\t\t\t<\/div>\n\t\t\t\t<\/div>\n\t\t<div class=\"wd-negative-gap elementor-element elementor-element-3f22466 e-flex e-con-boxed e-con e-parent\" data-id=\"3f22466\" data-element_type=\"container\">\n\t\t\t\t\t<div class=\"e-con-inner\">\n\t\t\t\t<div class=\"elementor-element elementor-element-2bea043 color-scheme-inherit text-left elementor-widget elementor-widget-text-editor\" data-id=\"2bea043\" data-element_type=\"widget\" data-widget_type=\"text-editor.default\">\n\t\t\t\t<div class=\"elementor-widget-container\">\n\t\t\t\t\t\t\t\t\t<p><span style=\"font-weight: 400;\">L'augmentation mammaire est une intervention chirurgicale visant \u00e0 augmenter le volume et la forme des seins ou \u00e0 corriger une structure mammaire asym\u00e9trique. Bien que cette intervention soit g\u00e9n\u00e9ralement pratiqu\u00e9e pour des raisons esth\u00e9tiques, elle est \u00e9galement pr\u00e9f\u00e9r\u00e9e pour \u00e9quilibrer les contours du corps ou pour les femmes souffrant de troubles du d\u00e9veloppement d'un sein. L'augmentation mammaire peut \u00eatre r\u00e9alis\u00e9e \u00e0 l'aide d'implants en silicone ou d'injections de graisse corporelle. Apr\u00e8s l'op\u00e9ration, les femmes ont une structure mammaire plus volumineuse, proportionn\u00e9e et esth\u00e9tiquement satisfaisante.<\/span><\/p><h2><span style=\"font-weight: 400;\">Quelles sont les m\u00e9thodes d'augmentation mammaire ?<\/span><\/h2><p><span style=\"font-weight: 400;\">Deux m\u00e9thodes principales sont utilis\u00e9es pour l'augmentation mammaire : les implants en silicone et les injections de graisse. Ces deux m\u00e9thodes offrent des avantages diff\u00e9rents en fonction des pr\u00e9f\u00e9rences personnelles et de la morphologie.<\/span><\/p><p><span style=\"font-weight: 400;\">Implants en silicone : Il s'agit de la m\u00e9thode d'augmentation mammaire la plus couramment utilis\u00e9e. Les implants en silicone sont des proth\u00e8ses remplies de gel de silicone qui sont plac\u00e9es sous le tissu mammaire. Il existe deux principaux types d'implants en silicone : les implants ronds et les implants anatomiques (en forme de goutte). Les implants en silicone sont durables et donnent des r\u00e9sultats naturels.<\/span><\/p><p><span style=\"font-weight: 400;\">Injections de graisse : De la graisse provenant de votre propre corps est inject\u00e9e dans le tissu mammaire. Cette proc\u00e9dure est id\u00e9ale pour les femmes qui souhaitent obtenir un aspect naturel et \u00e9viter des implants trop volumineux. Toutefois, cette m\u00e9thode a une capacit\u00e9 limit\u00e9e d'augmentation de la taille. Les injections de graisse peuvent \u00eatre moins permanentes et n\u00e9cessiter une nouvelle intervention.<\/span><\/p><p><span style=\"font-weight: 400;\">Les deux m\u00e9thodes ont leurs avantages et leurs inconv\u00e9nients. Alors que les implants en silicone donnent des r\u00e9sultats plus permanents, les injections de graisse peuvent donner un aspect plus naturel. Votre m\u00e9decin vous recommandera la m\u00e9thode la plus appropri\u00e9e en fonction de votre structure corporelle et de vos objectifs esth\u00e9tiques.<\/span><\/p><h2><span style=\"font-weight: 400;\">\u00c0 qui s'adresse la chirurgie d'augmentation mammaire ?<\/span><\/h2><p><span style=\"font-weight: 400;\">La chirurgie d'augmentation mammaire convient aux femmes qui ont des pr\u00e9occupations d'ordre esth\u00e9tique, qui ont de petits seins pour des raisons g\u00e9n\u00e9tiques ou qui ont perdu du volume avec l'\u00e2ge. En outre, les femmes souffrant de troubles du d\u00e9veloppement ou d'asym\u00e9trie d'un sein peuvent \u00e9galement b\u00e9n\u00e9ficier de cette intervention. L'augmentation mammaire doit \u00eatre r\u00e9alis\u00e9e en tenant compte de l'\u00e9tat physique et psychologique de la personne.<\/span><\/p><p><span style=\"font-weight: 400;\">Candidates id\u00e9ales pour l'op\u00e9ration :<\/span><\/p><p><span style=\"font-weight: 400;\">Les femmes de plus de 18 ans ayant un d\u00e9veloppement mammaire complet,<\/span><\/p><p><span style=\"font-weight: 400;\">Les personnes en bon \u00e9tat de sant\u00e9 g\u00e9n\u00e9ral, non fumeuses et sans probl\u00e8mes de sant\u00e9 \u00e0 risque,<\/span><\/p><p><span style=\"font-weight: 400;\">Ce sont des femmes qui sont psychologiquement pr\u00eates pour l'op\u00e9ration et qui ont des attentes r\u00e9alistes.<\/span><\/p><h2><span style=\"font-weight: 400;\">Combien de temps dure l'op\u00e9ration d'augmentation mammaire ?<\/span><\/h2><p><span style=\"font-weight: 400;\">L'op\u00e9ration d'augmentation mammaire dure g\u00e9n\u00e9ralement 1 \u00e0 2 heures, en fonction de la technique utilis\u00e9e et de l'exp\u00e9rience du chirurgien. Cette op\u00e9ration, qui est r\u00e9alis\u00e9e sous anesth\u00e9sie, garantit que la patiente est endormie et qu'aucune douleur n'est ressentie pendant l'intervention. Toutefois, le processus de r\u00e9tablissement et les soins n\u00e9cessaires peuvent varier d'un patient \u00e0 l'autre. Apr\u00e8s l'intervention, les patientes sortent g\u00e9n\u00e9ralement le jour m\u00eame, mais il est recommand\u00e9 de se reposer pendant quelques jours.<\/span><\/p><h2><span style=\"font-weight: 400;\">Combien co\u00fbte l'augmentation mammaire ?<\/span><\/h2><p><span style=\"font-weight: 400;\">Les prix de l'augmentation mammaire peuvent varier en fonction de la m\u00e9thode utilis\u00e9e, de l'exp\u00e9rience du m\u00e9decin, du placement clinique et d'autres facteurs. En g\u00e9n\u00e9ral, les proth\u00e8ses en silicone sont plus ch\u00e8res que les injections de graisse. Toutefois, les deux m\u00e9thodes permettent d'obtenir des r\u00e9sultats permanents.<\/span><\/p><h2><span style=\"font-weight: 400;\">Comment se d\u00e9roule la convalescence apr\u00e8s une augmentation mammaire ?<\/span><\/h2><p><span style=\"font-weight: 400;\">Le processus de r\u00e9tablissement apr\u00e8s une op\u00e9ration d'augmentation mammaire se d\u00e9roule g\u00e9n\u00e9ralement selon les \u00e9tapes suivantes :<\/span><\/p><ul><li style=\"font-weight: 400;\" aria-level=\"1\"><span style=\"font-weight: 400;\">24 \u00e0 48 heures : Des gonflements, des ecchymoses et de l\u00e9g\u00e8res douleurs peuvent appara\u00eetre. Il faut veiller \u00e0 se reposer les premiers jours.<\/span><\/li><li style=\"font-weight: 400;\" aria-level=\"1\"><span style=\"font-weight: 400;\">1 \u00e0 2 semaines : Le gonflement commence \u00e0 diminuer, mais la douleur et la sensibilit\u00e9 peuvent persister. Il est recommand\u00e9 de porter des v\u00eatements de soutien tels que des soutiens-gorge de sport.<\/span><\/li><li style=\"font-weight: 400;\" aria-level=\"1\"><span style=\"font-weight: 400;\">Premier mois : Le gonflement diminue consid\u00e9rablement et le tissu mammaire commence \u00e0 se stabiliser. Des activit\u00e9s l\u00e9g\u00e8res peuvent \u00eatre pratiqu\u00e9es.<\/span><\/li><li style=\"font-weight: 400;\" aria-level=\"1\"><span style=\"font-weight: 400;\">3 \u00e0 6 mois : Les r\u00e9sultats commencent \u00e0 devenir plus clairs et la forme du sein est compl\u00e8tement stabilis\u00e9e. Vous pouvez maintenant reprendre la plupart des activit\u00e9s physiques.<\/span><\/li><\/ul><p><span style=\"font-weight: 400;\">Le processus de gu\u00e9rison peut \u00eatre acc\u00e9l\u00e9r\u00e9 par l'\u00e9tat de sant\u00e9 g\u00e9n\u00e9ral de la personne et les soins apport\u00e9s apr\u00e8s l'op\u00e9ration.<\/span><\/p><h2><span style=\"font-weight: 400;\">Quelle est la dur\u00e9e de vie des proth\u00e8ses en silicone ?<\/span><\/h2><p><span style=\"font-weight: 400;\">La dur\u00e9e de vie des proth\u00e8ses en silicone varie g\u00e9n\u00e9ralement entre 10 et 20 ans. Toutefois, la dur\u00e9e de vie de la proth\u00e8se peut varier en fonction de la structure corporelle de la personne, de son mode de vie et de la qualit\u00e9 de la proth\u00e8se. Avec le temps, les proth\u00e8ses en silicone peuvent s'user, fuir ou se d\u00e9placer. Ces situations peuvent \u00eatre d\u00e9tect\u00e9es \u00e0 un stade pr\u00e9coce gr\u00e2ce \u00e0 des contr\u00f4les annuels. Les proth\u00e8ses en silicone peuvent devoir \u00eatre remplac\u00e9es \u00e0 la fin de leur vie, mais il faut parfois de nombreuses ann\u00e9es pour que les proth\u00e8ses restent en place et conservent leur fonctionnalit\u00e9.<\/span><\/p><h2><span style=\"font-weight: 400;\">Quand les r\u00e9sultats de l'augmentation mammaire sont-ils visibles ?<\/span><\/h2><p><span style=\"font-weight: 400;\">Les r\u00e9sultats de l'augmentation mammaire commencent \u00e0 appara\u00eetre imm\u00e9diatement apr\u00e8s l'op\u00e9ration, mais il faut parfois attendre 2 \u00e0 3 semaines pour que les r\u00e9sultats d\u00e9finitifs soient visibles. Il faut environ 3 \u00e0 6 mois pour que le gonflement disparaisse compl\u00e8tement et que le tissu mammaire prenne pleinement forme. Ce processus varie en fonction de la vitesse de gu\u00e9rison et de la structure corporelle de chaque personne. Vous devez donc faire preuve de patience jusqu'\u00e0 ce que les r\u00e9sultats soient \u00e9vidents.<\/span><\/p><h2><span style=\"font-weight: 400;\">Quel m\u00e9decin faut-il consulter pour une augmentation mammaire ?<\/span><\/h2><p><span style=\"font-weight: 400;\">L'augmentation mammaire doit \u00eatre pratiqu\u00e9e par des chirurgiens plasticiens sp\u00e9cialis\u00e9s. Avant l'intervention, il est tr\u00e8s important de se renseigner sur l'exp\u00e9rience, les r\u00e9f\u00e9rences et les proc\u00e9dures du m\u00e9decin. Votre m\u00e9decin \u00e9coutera toutes vos attentes avant l'op\u00e9ration et choisira les techniques les plus adapt\u00e9es \u00e0 votre cas. En outre, les recommandations du m\u00e9decin doivent \u00eatre prises en compte dans les soins postop\u00e9ratoires et les processus de suivi.<\/span><\/p><h2><span style=\"font-weight: 400;\">L'augmentation mammaire est-elle permanente ?<\/span><\/h2><p><span style=\"font-weight: 400;\">L'augmentation mammaire donne des r\u00e9sultats permanents lorsqu'elle est r\u00e9alis\u00e9e avec des proth\u00e8ses en silicone. Toutefois, avec le temps, des facteurs tels que les changements corporels, le vieillissement et la prise ou la perte de poids peuvent entra\u00eener des modifications de la forme des seins. En outre, la dur\u00e9e de vie des proth\u00e8ses en silicone \u00e9tant limit\u00e9e, il peut s'av\u00e9rer n\u00e9cessaire de remplacer la proth\u00e8se apr\u00e8s de nombreuses ann\u00e9es. C'est pourquoi il est important de se faire examiner r\u00e9guli\u00e8rement par un m\u00e9decin.<\/span><\/p><h2><span style=\"font-weight: 400;\">Erreurs courantes concernant l'augmentation mammaire<\/span><\/h2><p><span style=\"font-weight: 400;\">L'une des erreurs les plus courantes commises avant une op\u00e9ration d'augmentation mammaire est de choisir des implants trop volumineux pour des raisons esth\u00e9tiques. Cela peut conduire \u00e0 une apparence peu naturelle et \u00e0 des probl\u00e8mes de sant\u00e9. En outre, le choix du bon m\u00e9decin et le manque de pr\u00e9paration chirurgicale font \u00e9galement partie des erreurs importantes. Il est tr\u00e8s important d'avoir une discussion d\u00e9taill\u00e9e avec un chirurgien sp\u00e9cialis\u00e9 avant l'op\u00e9ration et de clarifier vos attentes.<\/span><\/p><h2><span style=\"font-weight: 400;\">Quand puis-je commencer \u00e0 faire de l'activit\u00e9 physique apr\u00e8s une augmentation mammaire ?<\/span><\/h2><p><span style=\"font-weight: 400;\">Apr\u00e8s une op\u00e9ration d'augmentation mammaire, il est g\u00e9n\u00e9ralement recommand\u00e9 d'\u00e9viter les exercices lourds pendant les 4 \u00e0 6 premi\u00e8res semaines. Pendant cette p\u00e9riode, il suffit de faire des mouvements de soutien du corps. Toutefois, des activit\u00e9s de faible intensit\u00e9, telles que des promenades l\u00e9g\u00e8res, peuvent contribuer au processus de gu\u00e9rison. Vous pouvez commencer \u00e0 faire de l'exercice selon les recommandations de votre m\u00e9decin.<\/span><\/p><h2><span style=\"font-weight: 400;\">Comment d\u00e9termine-t-on la taille des seins ?<\/span><\/h2><p><span style=\"font-weight: 400;\">La taille des seins est d\u00e9termin\u00e9e en fonction des pr\u00e9f\u00e9rences personnelles, de la structure du corps, de la quantit\u00e9 de tissu mammaire naturel et des objectifs esth\u00e9tiques. Votre m\u00e9decin vous recommandera la taille de proth\u00e8se la plus appropri\u00e9e en fonction de vos mensurations et de vos objectifs. En outre, la forme de l'implant (ronde ou anatomique) doit \u00e9galement \u00eatre prise en compte pour obtenir une apparence naturelle.<\/span><\/p>\t\t\t\t\t\t\t\t<\/div>\n\t\t\t\t<\/div>\n\t\t\t\t\t<\/div>\n\t\t\t\t<\/div>\n\t\t\t\t<\/div>","protected":false},"excerpt":{"rendered":"<p>Meme b\u00fcy\u00fctme, kad\u0131nlar\u0131n meme boyutunu art\u0131rmak, \u015fekil vermek veya asimetrik meme yap\u0131s\u0131n\u0131 d\u00fczeltmek amac\u0131yla yap\u0131lan cerrahi bir i\u015flemdir. Bu i\u015flem<\/p>","protected":false},"author":1,"featured_media":0,"parent":0,"menu_order":0,"comment_status":"closed","ping_status":"closed","template":"","meta":{"footnotes":""},"class_list":["post-27757","page","type-page","status-publish","hentry"],"_links":{"self":[{"href":"https:\/\/westestetik.com\/fr\/wp-json\/wp\/v2\/pages\/27757","targetHints":{"allow":["GET"]}}],"collection":[{"href":"https:\/\/westestetik.com\/fr\/wp-json\/wp\/v2\/pages"}],"about":[{"href":"https:\/\/westestetik.com\/fr\/wp-json\/wp\/v2\/types\/page"}],"author":[{"embeddable":true,"href":"https:\/\/westestetik.com\/fr\/wp-json\/wp\/v2\/users\/1"}],"replies":[{"embeddable":true,"href":"https:\/\/westestetik.com\/fr\/wp-json\/wp\/v2\/comments?post=27757"}],"version-history":[{"count":7,"href":"https:\/\/westestetik.com\/fr\/wp-json\/wp\/v2\/pages\/27757\/revisions"}],"predecessor-version":[{"id":30762,"href":"https:\/\/westestetik.com\/fr\/wp-json\/wp\/v2\/pages\/27757\/revisions\/30762"}],"wp:attachment":[{"href":"https:\/\/westestetik.com\/fr\/wp-json\/wp\/v2\/media?parent=27757"}],"curies":[{"name":"wp","href":"https:\/\/api.w.org\/{rel}","templated":true}]}}