{"id":27755,"date":"2024-12-02T22:48:15","date_gmt":"2024-12-02T22:48:15","guid":{"rendered":"https:\/\/westestetik.com\/?page_id=27755"},"modified":"2024-12-25T10:47:22","modified_gmt":"2024-12-25T10:47:22","slug":"rhinoplastie-ethnique","status":"publish","type":"page","link":"https:\/\/westestetik.com\/fr\/rhinoplastie-ethnique\/","title":{"rendered":"Rhinoplastie Ethnique"},"content":{"rendered":"<div data-elementor-type=\"wp-page\" data-elementor-id=\"27755\" class=\"elementor elementor-27755\" data-elementor-post-type=\"page\">\n\t\t\t\t<div class=\"wd-negative-gap elementor-element elementor-element-e150b12 e-flex e-con-boxed e-con e-parent\" data-id=\"e150b12\" data-element_type=\"container\">\n\t\t\t\t\t<div class=\"e-con-inner\">\n\t\t\t\t<div class=\"elementor-element elementor-element-7286009 elementor-widget elementor-widget-image\" data-id=\"7286009\" data-element_type=\"widget\" data-widget_type=\"image.default\">\n\t\t\t\t<div class=\"elementor-widget-container\">\n\t\t\t\t\t\t\t\t\t\t\t\t\t\t\t<img fetchpriority=\"high\" decoding=\"async\" width=\"1300\" height=\"384\" src=\"https:\/\/westestetik.com\/wp-content\/uploads\/2024\/12\/Uygulama-1-1300x384.png\" class=\"attachment-large size-large wp-image-27725\" alt=\"Maladies\" srcset=\"https:\/\/westestetik.com\/wp-content\/uploads\/2024\/12\/Uygulama-1-1300x384.png 1300w, https:\/\/westestetik.com\/wp-content\/uploads\/2024\/12\/Uygulama-1-430x127.png 430w, https:\/\/westestetik.com\/wp-content\/uploads\/2024\/12\/Uygulama-1-150x44.png 150w, https:\/\/westestetik.com\/wp-content\/uploads\/2024\/12\/Uygulama-1-700x207.png 700w, https:\/\/westestetik.com\/wp-content\/uploads\/2024\/12\/Uygulama-1-400x118.png 400w, https:\/\/westestetik.com\/wp-content\/uploads\/2024\/12\/Uygulama-1-768x227.png 768w, https:\/\/westestetik.com\/wp-content\/uploads\/2024\/12\/Uygulama-1-1536x453.png 1536w, https:\/\/westestetik.com\/wp-content\/uploads\/2024\/12\/Uygulama-1-2048x604.png 2048w\" sizes=\"(max-width: 1300px) 100vw, 1300px\" \/>\t\t\t\t\t\t\t\t\t\t\t\t\t\t\t<\/div>\n\t\t\t\t<\/div>\n\t\t\t\t\t<\/div>\n\t\t\t\t<\/div>\n\t\t<div class=\"wd-negative-gap elementor-element elementor-element-bee8dda e-flex e-con-boxed e-con e-parent\" data-id=\"bee8dda\" data-element_type=\"container\">\n\t\t\t\t\t<div class=\"e-con-inner\">\n\t\t\t\t<div class=\"elementor-element elementor-element-8618ae6 color-scheme-inherit text-left elementor-widget elementor-widget-text-editor\" data-id=\"8618ae6\" data-element_type=\"widget\" data-widget_type=\"text-editor.default\">\n\t\t\t\t<div class=\"elementor-widget-container\">\n\t\t\t\t\t\t\t\t\t<p><span style=\"font-weight: 400;\">La rhinoplastie ethnique est une intervention chirurgicale esth\u00e9tique pratiqu\u00e9e pour obtenir une forme de nez naturelle compatible avec les traits du visage. Le modelage de la structure nasale en fonction de l'origine ethnique de la personne permet d'obtenir le r\u00e9sultat le plus optimal sur le plan esth\u00e9tique et fonctionnel. Cette technique sp\u00e9ciale offre une solution id\u00e9ale pour les personnes qui souhaitent obtenir un r\u00e9sultat compatible avec la rhinoplastie et la beaut\u00e9 du visage.<\/span><\/p><h2><span style=\"font-weight: 400;\">Qu'est-ce que la rhinoplastie ethnique ?<\/span><\/h2><p><span style=\"font-weight: 400;\">La rhinoplastie ethnique est un type d'op\u00e9ration pratiqu\u00e9e dans le domaine de la rhinoplastie, qui tient compte des caract\u00e9ristiques sp\u00e9cifiques de l'origine ethnique de chaque individu. La diff\u00e9rence avec les autres types de rhinoplastie est qu'elle prend en compte les caract\u00e9ristiques ethniques propres \u00e0 la personne. Par exemple, les personnes d'origine asiatique peuvent avoir des structures nasales plus courtes et plus plates, tandis que les personnes d'origine africaine peuvent avoir des narines plus larges. La rhinoplastie ethnique vise \u00e0 cr\u00e9er une forme de nez naturelle et esth\u00e9tique, compatible avec les caract\u00e9ristiques du visage, sans les modifier.<\/span><\/p><h2><span style=\"font-weight: 400;\">\u00c0 qui convient la rhinoplastie ethnique ?<\/span><\/h2><p><span style=\"font-weight: 400;\">La rhinoplastie ethnique est une op\u00e9ration esth\u00e9tique sp\u00e9cialement con\u00e7ue pour les personnes d'origine asiatique, africaine, moyen-orientale et latine. Si la forme de votre nez est incompatible avec les traits de votre visage et que vous souhaitez apporter un changement naturel, la rhinoplastie ethnique peut \u00eatre une option id\u00e9ale pour vous. En outre, les probl\u00e8mes fonctionnels tels que la congestion nasale ou les probl\u00e8mes respiratoires peuvent \u00e9galement \u00eatre corrig\u00e9s gr\u00e2ce \u00e0 la rhinoplastie ethnique.<\/span><\/p><h2><span style=\"font-weight: 400;\">Quelles sont les diff\u00e9rences entre la rhinoplastie ethnique et les autres rhinoplasties ?<\/span><\/h2><p><span style=\"font-weight: 400;\">La diff\u00e9rence la plus importante entre la rhinoplastie ethnique et la rhinoplastie classique est que l'op\u00e9ration est r\u00e9alis\u00e9e en tenant compte des caract\u00e9ristiques ethniques. La rhinoplastie classique vise g\u00e9n\u00e9ralement \u00e0 cr\u00e9er une forme de nez plus standardis\u00e9e. La rhinoplastie ethnique, en revanche, vise \u00e0 obtenir une forme de nez adapt\u00e9e aux traits du visage et \u00e0 l'origine ethnique de la personne. Cela est extr\u00eamement important pour obtenir un r\u00e9sultat naturel. Une rhinoplastie r\u00e9alis\u00e9e sans endommager les caract\u00e9ristiques ethniques du visage refl\u00e8te une compr\u00e9hension personnalis\u00e9e de l'esth\u00e9tique.<\/span><\/p><h2><span style=\"font-weight: 400;\">Quel est le processus de gu\u00e9rison apr\u00e8s une rhinoplastie ethnique ?<\/span><\/h2><p><span style=\"font-weight: 400;\">Le processus de gu\u00e9rison apr\u00e8s une rhinoplastie ethnique est g\u00e9n\u00e9ralement rapide et confortable. Les premiers jours, il peut y avoir des gonflements et des ecchymoses dans le nez. Cependant, au bout d'une \u00e0 deux semaines, ces gonflements diminuent et les tampons dans le nez sont retir\u00e9s. Le processus de cicatrisation complet est achev\u00e9 entre 6 mois et 1 an environ. Vous pouvez surmonter ce processus plus confortablement en suivant les recommandations de votre chirurgien. Apr\u00e8s une rhinoplastie ethnique, il est possible de retourner \u00e0 la vie quotidienne dans un d\u00e9lai de 1 \u00e0 2 semaines.<\/span><\/p><h2><span style=\"font-weight: 400;\">La rhinoplastie ethnique est-elle douloureuse ?<\/span><\/h2><p><span style=\"font-weight: 400;\">La rhinoplastie ethnique est g\u00e9n\u00e9ralement r\u00e9alis\u00e9e sous anesth\u00e9sie g\u00e9n\u00e9rale, de sorte que vous ne ressentirez aucune douleur pendant l'op\u00e9ration. Il peut y avoir une l\u00e9g\u00e8re g\u00eane pendant le processus de cicatrisation. Cependant, cela peut \u00eatre facilement contr\u00f4l\u00e9 avec des analg\u00e9siques recommand\u00e9s par votre chirurgien. La rhinoplastie ethnique est g\u00e9n\u00e9ralement une intervention peu douloureuse et ne provoque aucune g\u00eane, \u00e0 l'exception d'un gonflement et d'ecchymoses qui persistent quelques jours apr\u00e8s l'intervention.<\/span><\/p><h2><span style=\"font-weight: 400;\">Quelle est la dur\u00e9e de la rhinoplastie ethnique ?<\/span><\/h2><p><span style=\"font-weight: 400;\">La dur\u00e9e de l'op\u00e9ration de rhinoplastie ethnique varie en fonction de la structure nasale de la personne et des corrections \u00e0 apporter. En moyenne, la rhinoplastie ethnique dure entre 1,5 et 3 heures. Si d'autres gestes doivent \u00eatre effectu\u00e9s sur le nez, cette dur\u00e9e peut \u00eatre plus longue. Cependant, votre chirurgien vous informera \u00e0 chaque \u00e9tape et vous donnera des informations d\u00e9taill\u00e9es sur la dur\u00e9e de l'op\u00e9ration.<\/span><\/p><h2><span style=\"font-weight: 400;\">Quel est le prix de la rhinoplastie ethnique ?<\/span><\/h2><p><span style=\"font-weight: 400;\">Les prix de la rhinoplastie ethnique peuvent varier en fonction des mat\u00e9riaux utilis\u00e9s, de l'exp\u00e9rience du chirurgien et de la complexit\u00e9 de l'op\u00e9ration. Bien qu'ils soient similaires aux prix moyens de la rhinoplastie, le fait que la rhinoplastie ethnique soit une proc\u00e9dure personnalis\u00e9e peut avoir une incidence sur les prix. Pour obtenir un prix pr\u00e9cis, il est recommand\u00e9 d'avoir une consultation individuelle avec votre chirurgien. Le processus de traitement et les r\u00e9sultats esth\u00e9tiques \u00e0 atteindre jouent un r\u00f4le important dans la fixation du prix.<\/span><\/p><h2><span style=\"font-weight: 400;\">Quand la forme du nez devient-elle nette apr\u00e8s une rhinoplastie ethnique ?<\/span><\/h2><p><span style=\"font-weight: 400;\">La forme du nez apr\u00e8s une rhinoplastie ethnique devient g\u00e9n\u00e9ralement claire au bout de 6 mois \u00e0 1 an. Au cours des 3 \u00e0 6 premi\u00e8res semaines, il peut y avoir un l\u00e9ger gonflement du nez. Cependant, avec le temps, ces gonflements diminuent et la nouvelle forme de votre nez est r\u00e9v\u00e9l\u00e9e. La rhinoplastie ethnique laisse le temps n\u00e9cessaire pour obtenir des r\u00e9sultats naturels et esth\u00e9tiques et requiert de la patience tout au long du processus de gu\u00e9rison.<\/span><\/p><h2><span style=\"font-weight: 400;\">Les r\u00e9sultats de la rhinoplastie ethnique sont-ils permanents ?<\/span><\/h2><p><span style=\"font-weight: 400;\">La rhinoplastie ethnique donne g\u00e9n\u00e9ralement des r\u00e9sultats permanents. Bien que les changements dans la structure du nez soient minimes avec le temps, les r\u00e9sultats esth\u00e9tiques se maintiennent pendant longtemps. \u00c0 l'exception du vieillissement et des traumatismes, la forme du nez obtenue par la rhinoplastie ethnique est permanente. Cette intervention, r\u00e9alis\u00e9e pour obtenir un nez naturel, est compatible avec votre visage et offre des r\u00e9sultats satisfaisants pendant de nombreuses ann\u00e9es.<\/span><\/p><h2><span style=\"font-weight: 400;\">Est-il possible de voir mes photos avant et apr\u00e8s la rhinoplastie ethnique ?<\/span><\/h2><p><span style=\"font-weight: 400;\">Il peut \u00eatre utile pour vous de voir des photos d'anciens patients ayant subi une rhinoplastie ethnique. Ces photos servent d'exemple pour voir comment l'intervention s'est d\u00e9roul\u00e9e. Mais n'oubliez pas que la structure du visage est diff\u00e9rente d'une personne \u00e0 l'autre et que les r\u00e9sultats peuvent varier d'une personne \u00e0 l'autre. Votre chirurgien peut partager avec vous des photos de patients pr\u00e9c\u00e9dents et guider vos attentes de la bonne mani\u00e8re.<\/span><\/p><h2><span style=\"font-weight: 400;\">La rhinoplastie ethnique est-elle compatible avec le visage ?<\/span><\/h2><p><span style=\"font-weight: 400;\">La rhinoplastie ethnique vise \u00e0 cr\u00e9er une forme de nez compatible avec les traits de votre visage. Le nez s'int\u00e8gre \u00e0 l'ensemble du visage et donne une apparence naturelle. Votre chirurgien travaille sur la forme du nez qui convient le mieux aux traits de votre visage, en respectant vos caract\u00e9ristiques ethniques. Cette intervention peut \u00eatre b\u00e9n\u00e9fique non seulement sur le plan esth\u00e9tique, mais aussi sur le plan fonctionnel.<\/span><\/p><h2><span style=\"font-weight: 400;\">Quand les gonflements et les ecchymoses disparaissent-ils apr\u00e8s une rhinoplastie ethnique ?<\/span><\/h2><p><span style=\"font-weight: 400;\">Le gonflement et les ecchymoses apr\u00e8s une rhinoplastie ethnique diminuent g\u00e9n\u00e9ralement de mani\u00e8re significative au bout d'une \u00e0 deux semaines. Pendant les premiers jours, les tampons et les bandages sur le nez peuvent augmenter le gonflement et les ecchymoses. Il s'agit toutefois d'un ph\u00e9nom\u00e8ne temporaire et le processus de cicatrisation s'acc\u00e9l\u00e8re avec le temps. Vous pouvez reprendre votre vie quotidienne au bout d'une \u00e0 deux semaines.<\/span><\/p><h2><span style=\"font-weight: 400;\">Y a-t-il une limite d'\u00e2ge pour la rhinoplastie ethnique ?<\/span><\/h2><p><span style=\"font-weight: 400;\">La rhinoplastie ethnique convient g\u00e9n\u00e9ralement aux personnes \u00e2g\u00e9es de 18 ans et plus. Cependant, comme le d\u00e9veloppement nasal peut se poursuivre chez des personnes plus jeunes, votre chirurgien d\u00e9terminera l'\u00e2ge appropri\u00e9 pour vous. Le facteur \u00e2ge d\u00e9pend de l'ach\u00e8vement ou non du d\u00e9veloppement nasal.<\/span><\/p><h2><span style=\"font-weight: 400;\">Quand puis-je reprendre mes activit\u00e9s apr\u00e8s une rhinoplastie ethnique ?<\/span><\/h2><p><span style=\"font-weight: 400;\">Apr\u00e8s une rhinoplastie ethnique, la plupart des patients peuvent reprendre une vie normale au bout d'une \u00e0 deux semaines. Il est toutefois recommand\u00e9 d'\u00e9viter les exercices intenses et les activit\u00e9s susceptibles de heurter le nez. Il est pr\u00e9f\u00e9rable d'attendre 3 \u00e0 4 semaines pour ce type d'activit\u00e9s. Votre chirurgien vous indiquera quand vous pourrez faire du sport.<\/span><\/p>\t\t\t\t\t\t\t\t<\/div>\n\t\t\t\t<\/div>\n\t\t\t\t\t<\/div>\n\t\t\t\t<\/div>\n\t\t\t\t<\/div>","protected":false},"excerpt":{"rendered":"<p>Etnik rinoplasti, y\u00fcz hatlar\u0131n\u0131zla uyumlu, do\u011fal bir burun \u015fekli elde etmek amac\u0131yla yap\u0131lan estetik bir cerrahi i\u015flemdir. Ki\u015finin etnik k\u00f6kenine<\/p>","protected":false},"author":1,"featured_media":0,"parent":0,"menu_order":0,"comment_status":"closed","ping_status":"closed","template":"","meta":{"footnotes":""},"class_list":["post-27755","page","type-page","status-publish","hentry"],"_links":{"self":[{"href":"https:\/\/westestetik.com\/fr\/wp-json\/wp\/v2\/pages\/27755","targetHints":{"allow":["GET"]}}],"collection":[{"href":"https:\/\/westestetik.com\/fr\/wp-json\/wp\/v2\/pages"}],"about":[{"href":"https:\/\/westestetik.com\/fr\/wp-json\/wp\/v2\/types\/page"}],"author":[{"embeddable":true,"href":"https:\/\/westestetik.com\/fr\/wp-json\/wp\/v2\/users\/1"}],"replies":[{"embeddable":true,"href":"https:\/\/westestetik.com\/fr\/wp-json\/wp\/v2\/comments?post=27755"}],"version-history":[{"count":4,"href":"https:\/\/westestetik.com\/fr\/wp-json\/wp\/v2\/pages\/27755\/revisions"}],"predecessor-version":[{"id":27874,"href":"https:\/\/westestetik.com\/fr\/wp-json\/wp\/v2\/pages\/27755\/revisions\/27874"}],"wp:attachment":[{"href":"https:\/\/westestetik.com\/fr\/wp-json\/wp\/v2\/media?parent=27755"}],"curies":[{"name":"wp","href":"https:\/\/api.w.org\/{rel}","templated":true}]}}