{"id":27753,"date":"2024-12-02T22:47:27","date_gmt":"2024-12-02T22:47:27","guid":{"rendered":"https:\/\/westestetik.com\/?page_id=27753"},"modified":"2024-12-25T10:47:09","modified_gmt":"2024-12-25T10:47:09","slug":"rhinoplastie-de-revision","status":"publish","type":"page","link":"https:\/\/westestetik.com\/fr\/rhinoplastie-de-revision\/","title":{"rendered":"Rhinoplastie de R\u00e9vision"},"content":{"rendered":"<div data-elementor-type=\"wp-page\" data-elementor-id=\"27753\" class=\"elementor elementor-27753\" data-elementor-post-type=\"page\">\n\t\t\t\t<div class=\"wd-negative-gap elementor-element elementor-element-e150b12 e-flex e-con-boxed e-con e-parent\" data-id=\"e150b12\" data-element_type=\"container\">\n\t\t\t\t\t<div class=\"e-con-inner\">\n\t\t\t\t<div class=\"elementor-element elementor-element-7286009 elementor-widget elementor-widget-image\" data-id=\"7286009\" data-element_type=\"widget\" data-widget_type=\"image.default\">\n\t\t\t\t<div class=\"elementor-widget-container\">\n\t\t\t\t\t\t\t\t\t\t\t\t\t\t\t<img fetchpriority=\"high\" decoding=\"async\" width=\"1300\" height=\"384\" src=\"https:\/\/westestetik.com\/wp-content\/uploads\/2024\/12\/Uygulama-1-1300x384.png\" class=\"attachment-large size-large wp-image-27725\" alt=\"Maladies\" srcset=\"https:\/\/westestetik.com\/wp-content\/uploads\/2024\/12\/Uygulama-1-1300x384.png 1300w, https:\/\/westestetik.com\/wp-content\/uploads\/2024\/12\/Uygulama-1-430x127.png 430w, https:\/\/westestetik.com\/wp-content\/uploads\/2024\/12\/Uygulama-1-150x44.png 150w, https:\/\/westestetik.com\/wp-content\/uploads\/2024\/12\/Uygulama-1-700x207.png 700w, https:\/\/westestetik.com\/wp-content\/uploads\/2024\/12\/Uygulama-1-400x118.png 400w, https:\/\/westestetik.com\/wp-content\/uploads\/2024\/12\/Uygulama-1-768x227.png 768w, https:\/\/westestetik.com\/wp-content\/uploads\/2024\/12\/Uygulama-1-1536x453.png 1536w, https:\/\/westestetik.com\/wp-content\/uploads\/2024\/12\/Uygulama-1-2048x604.png 2048w\" sizes=\"(max-width: 1300px) 100vw, 1300px\" \/>\t\t\t\t\t\t\t\t\t\t\t\t\t\t\t<\/div>\n\t\t\t\t<\/div>\n\t\t\t\t\t<\/div>\n\t\t\t\t<\/div>\n\t\t<div class=\"wd-negative-gap elementor-element elementor-element-af004e0 e-flex e-con-boxed e-con e-parent\" data-id=\"af004e0\" data-element_type=\"container\">\n\t\t\t\t\t<div class=\"e-con-inner\">\n\t\t\t\t<div class=\"elementor-element elementor-element-15bcedc color-scheme-inherit text-left elementor-widget elementor-widget-text-editor\" data-id=\"15bcedc\" data-element_type=\"widget\" data-widget_type=\"text-editor.default\">\n\t\t\t\t<div class=\"elementor-widget-container\">\n\t\t\t\t\t\t\t\t\t<p><span style=\"font-weight: 400;\">La rhinoplastie de r\u00e9vision est une solution id\u00e9ale pour les personnes qui ont subi une rhinoplastie mais qui n'ont pas obtenu les r\u00e9sultats souhait\u00e9s ou qui ont connu des complications. Cette intervention est pratiqu\u00e9e pour corriger les probl\u00e8mes esth\u00e9tiques et fonctionnels du nez. Pour des raisons telles que la forme ou la structure du nez ou des probl\u00e8mes respiratoires, une r\u00e9intervention peut \u00eatre n\u00e9cessaire apr\u00e8s une premi\u00e8re rhinoplastie. Sur cette page de service, vous trouverez tout ce que vous devez savoir sur la rhinoplastie de r\u00e9vision en d\u00e9tail.<\/span><\/p><h2><span style=\"font-weight: 400;\">Qu'est-ce que la rhinoplastie de r\u00e9vision ?<\/span><\/h2><p><span style=\"font-weight: 400;\">La rhinoplastie de r\u00e9vision est un deuxi\u00e8me type d'op\u00e9ration pratiqu\u00e9e si la rhinoplastie pr\u00e9c\u00e9dente n'a pas donn\u00e9 les r\u00e9sultats escompt\u00e9s. La r\u00e9vision peut \u00eatre effectu\u00e9e pour des raisons telles que des d\u00e9formations survenues lors de la premi\u00e8re rhinoplastie, des difficult\u00e9s respiratoires ou le non-respect des pr\u00e9f\u00e9rences esth\u00e9tiques personnelles. Cette intervention vise \u00e0 remodeler la structure nasale et \u00e0 obtenir un aspect esth\u00e9tique compatible avec le visage.<\/span><\/p><h2><span style=\"font-weight: 400;\">\u00c0 qui convient la rhinoplastie de r\u00e9vision ?<\/span><\/h2><p><span style=\"font-weight: 400;\">La rhinoplastie de r\u00e9vision convient aux personnes qui ne sont pas satisfaites apr\u00e8s une rhinoplastie et qui souhaitent am\u00e9liorer la structure du nez. En outre, la rhinoplastie de r\u00e9vision peut \u00e9galement \u00eatre recommand\u00e9e aux patients qui ont des probl\u00e8mes respiratoires apr\u00e8s la premi\u00e8re rhinoplastie ou aux patients qui subissent une d\u00e9formation physique \u00e0 la suite de la rhinoplastie.<\/span><\/p><h2><span style=\"font-weight: 400;\">Combien de temps dure une rhinoplastie de r\u00e9vision ?<\/span><\/h2><p><span style=\"font-weight: 400;\">La dur\u00e9e d'une rhinoplastie de r\u00e9vision varie g\u00e9n\u00e9ralement entre 1,5 et 3 heures. Cette dur\u00e9e peut varier en fonction du type de probl\u00e8me dans le nez, des techniques appliqu\u00e9es par le chirurgien et des caract\u00e9ristiques structurelles du patient. Toutefois, en raison de la complexit\u00e9 de la proc\u00e9dure et des corrections \u00e0 apporter, la rhinoplastie de r\u00e9vision peut g\u00e9n\u00e9ralement prendre plus de temps que la premi\u00e8re rhinoplastie.<\/span><\/p><h2><span style=\"font-weight: 400;\">Quand peut-on pratiquer une rhinoplastie de r\u00e9vision ?<\/span><\/h2><p><span style=\"font-weight: 400;\">Le meilleur moment pour une rhinoplastie de r\u00e9vision commence au moins 12 mois apr\u00e8s la premi\u00e8re chirurgie de rhinoplastie. Pendant cette p\u00e9riode, le gonflement du nez aura diminu\u00e9 et la structure nasale aura compl\u00e8tement cicatris\u00e9. Apr\u00e8s l'op\u00e9ration, la forme du nez devient plus claire et les r\u00e9sultats sont \u00e9vidents. Toutefois, dans certains cas particuliers (traumatismes ou probl\u00e8mes de sant\u00e9 graves, par exemple), une rhinoplastie de r\u00e9vision peut \u00eatre r\u00e9alis\u00e9e avant cette p\u00e9riode.<\/span><\/p><h2><span style=\"font-weight: 400;\">Processus de r\u00e9cup\u00e9ration apr\u00e8s une rhinoplastie de r\u00e9vision<\/span><\/h2><p><span style=\"font-weight: 400;\">Le processus de gu\u00e9rison apr\u00e8s une rhinoplastie de r\u00e9vision peut varier d'une personne \u00e0 l'autre. Un gonflement postop\u00e9ratoire, des ecchymoses et une l\u00e9g\u00e8re douleur sont normaux, mais ils dispara\u00eetront avec le temps. Le processus de gu\u00e9rison peut \u00eatre r\u00e9sum\u00e9 comme suit :<\/span><\/p><p><span style=\"font-weight: 400;\">1 ou 2 premiers jours : Le gonflement et les ecchymoses sont g\u00e9n\u00e9ralement les plus intenses pendant cette p\u00e9riode. L'attelle ou le bandage plac\u00e9 sur le nez aide \u00e0 maintenir la forme du nez.<\/span><\/p><p><span style=\"font-weight: 400;\">1 \u00e0 2 semaines : Le gonflement commence \u00e0 diminuer. Les ecchymoses ont \u00e9galement tendance \u00e0 se r\u00e9sorber. La sensibilit\u00e9 de la r\u00e9gion du nez peut persister.<\/span><\/p><p><span style=\"font-weight: 400;\">4-6 semaines : Le nez commence \u00e0 cicatriser compl\u00e8tement. Le gonflement dispara\u00eet presque compl\u00e8tement, mais un l\u00e9ger gonflement peut persister pendant encore quelques mois.<\/span><\/p><p><span style=\"font-weight: 400;\">3-6 mois : La forme du nez est compl\u00e8tement fix\u00e9e et les r\u00e9sultats esth\u00e9tiques sont plus clairement visibles.<\/span><\/p><p><span style=\"font-weight: 400;\">1 an : Le processus de cicatrisation est termin\u00e9 et la forme du nez est d\u00e9finitive.<\/span><\/p><p><span style=\"font-weight: 400;\">Le processus de gu\u00e9rison est directement li\u00e9 \u00e0 l'\u00e9tat de sant\u00e9 g\u00e9n\u00e9ral du patient, au niveau de stress subi et \u00e0 la comp\u00e9tence technique du chirurgien.<\/span><\/p><h2><span style=\"font-weight: 400;\">\u00c9l\u00e9ments \u00e0 prendre en compte avant une rhinoplastie de r\u00e9vision<\/span><\/h2><p><span style=\"font-weight: 400;\">Plusieurs facteurs importants doivent \u00eatre pris en compte avant de proc\u00e9der \u00e0 une rhinoplastie de r\u00e9vision. Ces \u00e9tapes peuvent influencer le succ\u00e8s de l'op\u00e9ration et acc\u00e9l\u00e9rer le processus de gu\u00e9rison :<\/span><\/p><p><span style=\"font-weight: 400;\">\u00c9tat de sant\u00e9 : Il convient de s'assurer que l'\u00e9tat de sant\u00e9 est tout \u00e0 fait appropri\u00e9 avant l'op\u00e9ration. En particulier, les anticoagulants doivent \u00eatre \u00e9vit\u00e9s et le tabagisme doit \u00eatre arr\u00eat\u00e9 avant l'op\u00e9ration.<\/span><\/p><p><span style=\"font-weight: 400;\">Choix du chirurgien : La rhinoplastie de r\u00e9vision n\u00e9cessite une intervention chirurgicale beaucoup plus d\u00e9licate. Il est donc tr\u00e8s important de choisir un chirurgien exp\u00e9riment\u00e9.<\/span><\/p><p><span style=\"font-weight: 400;\">Pr\u00e9paration psychologique : Les op\u00e9rations esth\u00e9tiques peuvent affecter la psychologie de la personne. Les attentes esth\u00e9tiques doivent \u00eatre clairement d\u00e9termin\u00e9es avant l'op\u00e9ration et une communication ouverte doit \u00eatre \u00e9tablie avec le chirurgien.<\/span><\/p><p><span style=\"font-weight: 400;\">Planification du r\u00e9tablissement : \u00c9tant donn\u00e9 que le processus de r\u00e9tablissement prendra plusieurs semaines, les patients doivent planifier leur travail et leur vie sociale en tenant compte de cette p\u00e9riode.<\/span><\/p><h2><span style=\"font-weight: 400;\">Quels sont les prix de la rhinoplastie de r\u00e9vision ?<\/span><\/h2><p><span style=\"font-weight: 400;\">Les prix de la rhinoplastie de r\u00e9vision peuvent souvent \u00eatre l\u00e9g\u00e8rement plus \u00e9lev\u00e9s que ceux de la rhinoplastie initiale. Les prix peuvent varier en fonction de l'exp\u00e9rience du chirurgien, de la complexit\u00e9 des corrections \u00e0 apporter et des besoins du patient.\u00a0<\/span><\/p><h2><span style=\"font-weight: 400;\">Que faut-il envisager apr\u00e8s une rhinoplastie de r\u00e9vision ?<\/span><\/h2><p><span style=\"font-weight: 400;\">Apr\u00e8s une rhinoplastie de r\u00e9vision, les patients doivent pr\u00eater attention \u00e0 certains points importants :<\/span><\/p><p><span style=\"font-weight: 400;\">Repos : les premiers jours, il est tr\u00e8s important de se reposer pour prot\u00e9ger le nez et pour que le processus de gu\u00e9rison se d\u00e9roule de mani\u00e8re saine.<\/span><\/p><p><span style=\"font-weight: 400;\">Dormir sur le ventre : Dormir sur le dos est la position la plus appropri\u00e9e pour \u00e9viter la pression sur la zone nasale apr\u00e8s l'op\u00e9ration.<\/span><\/p><p><span style=\"font-weight: 400;\">Nettoyage des plaies : Un nettoyage et des soins appropri\u00e9s des plaies autour du nez r\u00e9duisent le risque d'infection.<\/span><\/p><p><span style=\"font-weight: 400;\">Consommation de tabac et d'alcool : Le tabac et l'alcool peuvent avoir un effet n\u00e9gatif sur le processus de gu\u00e9rison et doivent donc \u00eatre \u00e9vit\u00e9s.<\/span><\/p>\t\t\t\t\t\t\t\t<\/div>\n\t\t\t\t<\/div>\n\t\t\t\t\t<\/div>\n\t\t\t\t<\/div>\n\t\t\t\t<\/div>","protected":false},"excerpt":{"rendered":"<p>Revizyon rinoplasti, burun esteti\u011fi ameliyat\u0131 ge\u00e7irmi\u015f ancak istenilen sonu\u00e7lar\u0131 alamayan veya komplikasyonlar ya\u015fayan ki\u015filer i\u00e7in ideal bir \u00e7\u00f6z\u00fcmd\u00fcr. Bu i\u015flem,<\/p>","protected":false},"author":1,"featured_media":0,"parent":0,"menu_order":0,"comment_status":"closed","ping_status":"closed","template":"","meta":{"footnotes":""},"class_list":["post-27753","page","type-page","status-publish","hentry"],"_links":{"self":[{"href":"https:\/\/westestetik.com\/fr\/wp-json\/wp\/v2\/pages\/27753","targetHints":{"allow":["GET"]}}],"collection":[{"href":"https:\/\/westestetik.com\/fr\/wp-json\/wp\/v2\/pages"}],"about":[{"href":"https:\/\/westestetik.com\/fr\/wp-json\/wp\/v2\/types\/page"}],"author":[{"embeddable":true,"href":"https:\/\/westestetik.com\/fr\/wp-json\/wp\/v2\/users\/1"}],"replies":[{"embeddable":true,"href":"https:\/\/westestetik.com\/fr\/wp-json\/wp\/v2\/comments?post=27753"}],"version-history":[{"count":4,"href":"https:\/\/westestetik.com\/fr\/wp-json\/wp\/v2\/pages\/27753\/revisions"}],"predecessor-version":[{"id":27827,"href":"https:\/\/westestetik.com\/fr\/wp-json\/wp\/v2\/pages\/27753\/revisions\/27827"}],"wp:attachment":[{"href":"https:\/\/westestetik.com\/fr\/wp-json\/wp\/v2\/media?parent=27753"}],"curies":[{"name":"wp","href":"https:\/\/api.w.org\/{rel}","templated":true}]}}