{"id":27749,"date":"2024-12-02T22:46:43","date_gmt":"2024-12-02T22:46:43","guid":{"rendered":"https:\/\/westestetik.com\/?page_id=27749"},"modified":"2025-11-13T12:53:03","modified_gmt":"2025-11-13T09:53:03","slug":"relooking-de-la-maman","status":"publish","type":"page","link":"https:\/\/westestetik.com\/fr\/relooking-de-la-maman\/","title":{"rendered":"Relooking de la Maman"},"content":{"rendered":"<div data-elementor-type=\"wp-page\" data-elementor-id=\"27749\" class=\"elementor elementor-27749\" data-elementor-post-type=\"page\">\n\t\t\t\t<div class=\"wd-negative-gap elementor-element elementor-element-e150b12 elementor-hidden-desktop elementor-hidden-tablet elementor-hidden-mobile e-flex e-con-boxed e-con e-parent\" data-id=\"e150b12\" data-element_type=\"container\">\n\t\t\t\t\t<div class=\"e-con-inner\">\n\t\t\t\t<div class=\"elementor-element elementor-element-7286009 elementor-widget elementor-widget-image\" data-id=\"7286009\" data-element_type=\"widget\" data-widget_type=\"image.default\">\n\t\t\t\t<div class=\"elementor-widget-container\">\n\t\t\t\t\t\t\t\t\t\t\t\t\t\t\t<img fetchpriority=\"high\" decoding=\"async\" width=\"1300\" height=\"384\" src=\"https:\/\/westestetik.com\/wp-content\/uploads\/2024\/12\/Uygulama-1-1300x384.png\" class=\"attachment-large size-large wp-image-27725\" alt=\"Maladies\" srcset=\"https:\/\/westestetik.com\/wp-content\/uploads\/2024\/12\/Uygulama-1-1300x384.png 1300w, https:\/\/westestetik.com\/wp-content\/uploads\/2024\/12\/Uygulama-1-430x127.png 430w, https:\/\/westestetik.com\/wp-content\/uploads\/2024\/12\/Uygulama-1-150x44.png 150w, https:\/\/westestetik.com\/wp-content\/uploads\/2024\/12\/Uygulama-1-700x207.png 700w, https:\/\/westestetik.com\/wp-content\/uploads\/2024\/12\/Uygulama-1-400x118.png 400w, https:\/\/westestetik.com\/wp-content\/uploads\/2024\/12\/Uygulama-1-768x227.png 768w, https:\/\/westestetik.com\/wp-content\/uploads\/2024\/12\/Uygulama-1-1536x453.png 1536w, https:\/\/westestetik.com\/wp-content\/uploads\/2024\/12\/Uygulama-1-2048x604.png 2048w\" sizes=\"(max-width: 1300px) 100vw, 1300px\" \/>\t\t\t\t\t\t\t\t\t\t\t\t\t\t\t<\/div>\n\t\t\t\t<\/div>\n\t\t\t\t\t<\/div>\n\t\t\t\t<\/div>\n\t\t<div class=\"wd-negative-gap elementor-element elementor-element-108af04 e-flex e-con-boxed e-con e-parent\" data-id=\"108af04\" data-element_type=\"container\">\n\t\t\t\t\t<div class=\"e-con-inner\">\n\t\t\t\t<div class=\"elementor-element elementor-element-8a7db0b color-scheme-inherit text-left elementor-widget elementor-widget-text-editor\" data-id=\"8a7db0b\" data-element_type=\"widget\" data-widget_type=\"text-editor.default\">\n\t\t\t\t<div class=\"elementor-widget-container\">\n\t\t\t\t\t\t\t\t\t<p>La transformation de la maman consiste en de multiples interventions de chirurgie esth\u00e9tique visant \u00e0 inverser les changements physiques caus\u00e9s par l'accouchement et l'allaitement. Bien que la grossesse, l'accouchement et l'allaitement soient des exp\u00e9riences miraculeuses, ils peuvent laisser des traces permanentes sur le corps f\u00e9minin, telles que le rel\u00e2chement, les vergetures, la perte de volume et l'accumulation de graisse. En proposant des solutions \u00e0 ces probl\u00e8mes, l'esth\u00e9tique maternelle aide les femmes \u00e0 retrouver confiance en leur corps.\u00a0<\/p><h2>Qu'est-ce que l'esth\u00e9tique maternelle et \u00e0 qui convient-elle ?<\/h2><p>L'esth\u00e9tique maternelle est une op\u00e9ration que les femmes souffrant de probl\u00e8mes esth\u00e9tiques post-partum pratiquent pour remodeler leur corps. Il s'agit d'une application chirurgicale combin\u00e9e qui comprend des proc\u00e9dures telles que la plastie abdominale, la liposuccion, le lifting ou l'augmentation mammaire.<\/p><h2>\u00c0 qui s'adresse-t-il ?<\/h2><ul><li>Les femmes qui ont termin\u00e9 leur grossesse et n'ont plus l'intention d'avoir d'enfants.<\/li><li>Celles qui ont des probl\u00e8mes de rel\u00e2chement, de vergetures ou d'accumulation de graisse dans leur corps apr\u00e8s la naissance.<\/li><li>Les personnes qui ont fini d'allaiter et qui sont physiquement pr\u00eates pour l'op\u00e9ration.<\/li><li>Les personnes qui ne fument pas et qui ont un bon \u00e9tat de sant\u00e9 g\u00e9n\u00e9ral.<\/li><\/ul><p>L'esth\u00e9tique de la m\u00e8re fait l'objet d'une planification personnalis\u00e9e et les proc\u00e9dures les plus adapt\u00e9es \u00e0 vos besoins sont r\u00e9unies.<\/p><h2>Quelles sont les interventions que comprend l'esth\u00e9tique maternelle ?<\/h2><p>L'esth\u00e9tique maternelle combine plusieurs proc\u00e9dures en ciblant les probl\u00e8mes dans diff\u00e9rents domaines. En voici quelques-unes :<\/p><ul><li>La plastie abdominale (Abdominoplastie) : Elle permet d'obtenir un abdomen plat en r\u00e9cup\u00e9rant les muscles abdominaux et l'exc\u00e8s de peau qui se d\u00e9tendent apr\u00e8s la grossesse. Certaines vergetures peuvent \u00e9galement \u00eatre \u00e9limin\u00e9es au cours de cette op\u00e9ration.<\/li><li>Lifting\/\u00e9largissement des seins : Cette op\u00e9ration est appliqu\u00e9e pour restaurer l'ancienne forme de seins affaiss\u00e9s due \u00e0 l'allaitement. En cas de perte de volume des seins, une augmentation mammaire peut \u00e9galement \u00eatre r\u00e9alis\u00e9e \u00e0 l'aide d'implants.<\/li><li>Liposuccion : Il s'agit d'une m\u00e9thode utilis\u00e9e pour \u00e9liminer les d\u00e9p\u00f4ts de graisse tenaces au niveau des hanches, de la taille, de l'abdomen ou des cuisses. Cette proc\u00e9dure contribue efficacement \u00e0 modeler le corps.<\/li><\/ul><p>Un plan d'op\u00e9ration sp\u00e9cial est \u00e9tabli pour vous en combinant les proc\u00e9dures effectu\u00e9es en fonction de vos besoins.<\/p><h2>Combien de temps dure la convalescence apr\u00e8s une transformation de la silhouette ?<\/h2><p>Le processus de r\u00e9tablissement apr\u00e8s une transformation de la silhouette d\u00e9pend de l'ampleur des proc\u00e9dures effectu\u00e9es et de l'\u00e9tat de sant\u00e9 g\u00e9n\u00e9ral de la patiente. En r\u00e8gle g\u00e9n\u00e9rale, le processus est le suivant :<\/p><ul><li>Le repos et des activit\u00e9s l\u00e9g\u00e8res sont recommand\u00e9s pendant les deux ou trois premiers jours suivant l'op\u00e9ration.<\/li><li>Dans les deux semaines qui suivent, il est possible de reprendre les activit\u00e9s quotidiennes, mais les activit\u00e9s physiques intenses doivent \u00eatre \u00e9vit\u00e9es.<\/li><li>Un l\u00e9ger gonflement et des ecchymoses peuvent \u00eatre observ\u00e9s dans les zones o\u00f9 la liposuccion a \u00e9t\u00e9 pratiqu\u00e9e. Ces effets disparaissent g\u00e9n\u00e9ralement au bout de 4 \u00e0 6 semaines.<\/li><li>Le processus de r\u00e9tablissement complet s'ach\u00e8ve entre 3 et 6 mois.<\/li><\/ul><p>Le respect des instructions donn\u00e9es par votre m\u00e9decin apr\u00e8s l'op\u00e9ration acc\u00e9l\u00e9rera votre r\u00e9tablissement.<\/p><h2>L'op\u00e9ration pr\u00e9sente-t-elle des risques ?<\/h2><p>Comme pour toute intervention chirurgicale, l'esth\u00e9tique maternelle comporte certains risques. Toutefois, ces risques sont g\u00e9n\u00e9ralement minimis\u00e9s sous le contr\u00f4le d'un chirurgien exp\u00e9riment\u00e9. Les risques possibles sont l'infection, les saignements, les r\u00e9actions li\u00e9es \u00e0 l'anesth\u00e9sie ou les probl\u00e8mes de cicatrisation. Votre chirurgien prendra les pr\u00e9cautions n\u00e9cessaires pour minimiser les risques avant l'intervention.<\/p><h2>Quels sont les \u00e9l\u00e9ments \u00e0 prendre en compte avant la chirurgie esth\u00e9tique maternelle ?<\/h2><p>Le processus de pr\u00e9paration avant la chirurgie esth\u00e9tique maternelle est tr\u00e8s important. Les \u00e9l\u00e9ments \u00e0 prendre en compte avant l'op\u00e9ration sont les suivants :<\/p><ul><li>La consommation de tabac et d'alcool doit \u00eatre arr\u00eat\u00e9e au moins deux semaines avant la date de l'op\u00e9ration.<\/li><li>Il convient de suivre un r\u00e9gime alimentaire sain et \u00e9quilibr\u00e9 pendant la p\u00e9riode pr\u00e9op\u00e9ratoire et de boire beaucoup d'eau.<\/li><li>L'utilisation d'anticoagulants doit \u00eatre arr\u00eat\u00e9e conform\u00e9ment aux recommandations du m\u00e9decin.<\/li><li>La p\u00e9riode d'allaitement doit \u00eatre termin\u00e9e.<\/li><\/ul><p>Ces pr\u00e9parations minimisent les complications qui peuvent survenir pendant et apr\u00e8s l'op\u00e9ration.<\/p><h2>Quels sont les prix de l'esth\u00e9tique maternelle ?<\/h2><p>Les prix de l'esth\u00e9tique maternelle varient en fonction du nombre et du type d'interventions r\u00e9alis\u00e9es. \u00c9tant donn\u00e9 qu'un plan de traitement individuel est \u00e9tabli pour chaque patiente, un prix pr\u00e9cis ne peut \u00eatre d\u00e9termin\u00e9 qu'apr\u00e8s l'examen. Cependant, il ne faut pas oublier que le nombre de proc\u00e9dures et les technologies utilis\u00e9es influencent le prix.<\/p><h2>Comment \u00e9liminer les changements post-partum gr\u00e2ce au remodelage de la silhouette ?<\/h2><p>Des probl\u00e8mes tels que la s\u00e9paration des muscles abdominaux pendant la grossesse (diastasis recti), la perte de volume des seins et la diminution de l'\u00e9lasticit\u00e9 de la peau peuvent \u00eatre \u00e9limin\u00e9s gr\u00e2ce \u00e0 l'esth\u00e9tique maternelle. Ces op\u00e9rations permettent de remodeler le corps apr\u00e8s l'accouchement. La personne se sent ainsi plus s\u00fbre d'elle et plus \u00e0 l'aise.<\/p><h2>Quand puis-je commencer \u00e0 faire du sport apr\u00e8s une chirurgie de transformation mammaire ?<\/h2><p>Le d\u00e9lai de reprise des activit\u00e9s sportives apr\u00e8s une intervention chirurgicale varie en fonction des proc\u00e9dures pratiqu\u00e9es. En g\u00e9n\u00e9ral:<\/p><ul><li>Des promenades l\u00e9g\u00e8res sont recommand\u00e9es d\u00e8s la 1\u00e8re semaine apr\u00e8s l'intervention.<\/li><li>Pour les activit\u00e9s physiques intensives et les sports lourds, il faut attendre au moins 6 \u00e0 8 semaines.<\/li><\/ul><p>Votre m\u00e9decin vous aidera \u00e0 d\u00e9terminer votre programme sportif en fonction de votre processus de gu\u00e9rison.<\/p><h2>La transformation mammaire est-elle s\u00fbre ? Y a-t-il des effets secondaires ?<\/h2><p>L'esth\u00e9tique maternelle est tout \u00e0 fait s\u00fbre lorsqu'elle est pratiqu\u00e9e par un chirurgien sp\u00e9cialis\u00e9. Cependant, comme pour toute intervention chirurgicale, de l\u00e9gers effets secondaires peuvent survenir. Par exemple, une l\u00e9g\u00e8re douleur, un gonflement et des ecchymoses peuvent survenir apr\u00e8s l'intervention. Ces effets secondaires sont g\u00e9n\u00e9ralement temporaires et disparaissent en quelques semaines.<\/p>\t\t\t\t\t\t\t\t<\/div>\n\t\t\t\t<\/div>\n\t\t\t\t\t<\/div>\n\t\t\t\t<\/div>\n\t\t\t\t<\/div>","protected":false},"excerpt":{"rendered":"<p>Anne esteti\u011fi (Mommy Makeover), do\u011fum ve emzirme s\u00fcrecinin v\u00fccutta olu\u015fturdu\u011fu fiziksel de\u011fi\u015fiklikleri geri d\u00f6nd\u00fcrmek amac\u0131yla uygulanan birden fazla estetik cerrahi<\/p>","protected":false},"author":1,"featured_media":0,"parent":0,"menu_order":0,"comment_status":"closed","ping_status":"closed","template":"","meta":{"footnotes":""},"class_list":["post-27749","page","type-page","status-publish","hentry"],"_links":{"self":[{"href":"https:\/\/westestetik.com\/fr\/wp-json\/wp\/v2\/pages\/27749","targetHints":{"allow":["GET"]}}],"collection":[{"href":"https:\/\/westestetik.com\/fr\/wp-json\/wp\/v2\/pages"}],"about":[{"href":"https:\/\/westestetik.com\/fr\/wp-json\/wp\/v2\/types\/page"}],"author":[{"embeddable":true,"href":"https:\/\/westestetik.com\/fr\/wp-json\/wp\/v2\/users\/1"}],"replies":[{"embeddable":true,"href":"https:\/\/westestetik.com\/fr\/wp-json\/wp\/v2\/comments?post=27749"}],"version-history":[{"count":10,"href":"https:\/\/westestetik.com\/fr\/wp-json\/wp\/v2\/pages\/27749\/revisions"}],"predecessor-version":[{"id":31919,"href":"https:\/\/westestetik.com\/fr\/wp-json\/wp\/v2\/pages\/27749\/revisions\/31919"}],"wp:attachment":[{"href":"https:\/\/westestetik.com\/fr\/wp-json\/wp\/v2\/media?parent=27749"}],"curies":[{"name":"wp","href":"https:\/\/api.w.org\/{rel}","templated":true}]}}