{"id":27747,"date":"2024-12-02T22:45:10","date_gmt":"2024-12-02T22:45:10","guid":{"rendered":"https:\/\/westestetik.com\/?page_id=27747"},"modified":"2025-11-13T12:52:48","modified_gmt":"2025-11-13T09:52:48","slug":"liposuccion-vaser-2","status":"publish","type":"page","link":"https:\/\/westestetik.com\/fr\/liposuccion-vaser-2\/","title":{"rendered":"Liposuccion Vaser"},"content":{"rendered":"<div data-elementor-type=\"wp-page\" data-elementor-id=\"27747\" class=\"elementor elementor-27747\" data-elementor-post-type=\"page\">\n\t\t\t\t<div class=\"wd-negative-gap elementor-element elementor-element-e150b12 elementor-hidden-desktop elementor-hidden-tablet elementor-hidden-mobile e-flex e-con-boxed e-con e-parent\" data-id=\"e150b12\" data-element_type=\"container\">\n\t\t\t\t\t<div class=\"e-con-inner\">\n\t\t\t\t<div class=\"elementor-element elementor-element-7286009 elementor-widget elementor-widget-image\" data-id=\"7286009\" data-element_type=\"widget\" data-widget_type=\"image.default\">\n\t\t\t\t<div class=\"elementor-widget-container\">\n\t\t\t\t\t\t\t\t\t\t\t\t\t\t\t<img fetchpriority=\"high\" decoding=\"async\" width=\"1300\" height=\"384\" src=\"https:\/\/westestetik.com\/wp-content\/uploads\/2024\/12\/Uygulama-1-1300x384.png\" class=\"attachment-large size-large wp-image-27725\" alt=\"Maladies\" srcset=\"https:\/\/westestetik.com\/wp-content\/uploads\/2024\/12\/Uygulama-1-1300x384.png 1300w, https:\/\/westestetik.com\/wp-content\/uploads\/2024\/12\/Uygulama-1-430x127.png 430w, https:\/\/westestetik.com\/wp-content\/uploads\/2024\/12\/Uygulama-1-150x44.png 150w, https:\/\/westestetik.com\/wp-content\/uploads\/2024\/12\/Uygulama-1-700x207.png 700w, https:\/\/westestetik.com\/wp-content\/uploads\/2024\/12\/Uygulama-1-400x118.png 400w, https:\/\/westestetik.com\/wp-content\/uploads\/2024\/12\/Uygulama-1-768x227.png 768w, https:\/\/westestetik.com\/wp-content\/uploads\/2024\/12\/Uygulama-1-1536x453.png 1536w, https:\/\/westestetik.com\/wp-content\/uploads\/2024\/12\/Uygulama-1-2048x604.png 2048w\" sizes=\"(max-width: 1300px) 100vw, 1300px\" \/>\t\t\t\t\t\t\t\t\t\t\t\t\t\t\t<\/div>\n\t\t\t\t<\/div>\n\t\t\t\t\t<\/div>\n\t\t\t\t<\/div>\n\t\t<div class=\"wd-negative-gap elementor-element elementor-element-d12832f e-flex e-con-boxed e-con e-parent\" data-id=\"d12832f\" data-element_type=\"container\">\n\t\t\t\t\t<div class=\"e-con-inner\">\n\t\t\t\t<div class=\"elementor-element elementor-element-4362e0d color-scheme-inherit text-left elementor-widget elementor-widget-text-editor\" data-id=\"4362e0d\" data-element_type=\"widget\" data-widget_type=\"text-editor.default\">\n\t\t\t\t<div class=\"elementor-widget-container\">\n\t\t\t\t\t\t\t\t\t<p><span style=\"font-weight: 400;\">La liposuccion Vaser est une m\u00e9thode moderne d'\u00e9limination des graisses qui s'est impos\u00e9e ces derni\u00e8res ann\u00e9es dans le domaine du remodelage du corps. En tant que technique peu invasive, cette proc\u00e9dure permet de se d\u00e9barrasser plus facilement des graisses tenaces dans le corps tout en offrant un aspect naturel et esth\u00e9tique. La liposuccion Vaser liqu\u00e9fie pr\u00e9cis\u00e9ment les cellules graisseuses dans les zones cibl\u00e9es gr\u00e2ce \u00e0 des ondes ultrasoniques et les \u00e9limine du corps. Le processus de r\u00e9cup\u00e9ration rapide, les r\u00e9sultats permanents et l'application s\u00fbre augmentent chaque jour le nombre de ceux qui pr\u00e9f\u00e8rent cette m\u00e9thode.<\/span><\/p><h2><span style=\"font-weight: 400;\">Liposuccion Vaser<\/span><span style=\"font-weight: 400;\"> Qu'est-ce que c'est et comment faire ?<\/span><\/h2><p><span style=\"font-weight: 400;\">La liposuccion Vaser est une m\u00e9thode avanc\u00e9e de remodelage du corps. Cette proc\u00e9dure, qui cible les cellules graisseuses \u00e0 l'aide d'ondes ultrasoniques, permet d'\u00e9liminer l'exc\u00e8s de graisse sans endommager les tissus environnants. Elle est g\u00e9n\u00e9ralement appliqu\u00e9e dans des zones telles que l'abdomen, les hanches, le dos, les jambes et les bras. Au cours de l'intervention, les tissus adipeux sont liqu\u00e9fi\u00e9s \u00e0 l'aide d'\u00e9nergie ultrasonique et retir\u00e9s du corps \u00e0 l'aide d'un dispositif d'aspiration sp\u00e9cial. Cette m\u00e9thode offre une p\u00e9riode de r\u00e9cup\u00e9ration plus courte gr\u00e2ce \u00e0 son caract\u00e8re peu invasif.<\/span><\/p><h2><span style=\"font-weight: 400;\">Liposuccion Vaser<\/span><span style=\"font-weight: 400;\"> \u00c0 qui la liposuccion convient-elle ?<\/span><\/h2><p><span style=\"font-weight: 400;\">La liposuccion Vaser convient aux personnes en bonne sant\u00e9. Cependant, cette m\u00e9thode n'est pas un outil de perte de poids, mais une proc\u00e9dure ciblant les d\u00e9p\u00f4ts de graisse r\u00e9gionaux. Les personnes dont l'indice de masse corporelle (IMC) est inf\u00e9rieur \u00e0 30 et dont la structure de la peau est \u00e9lastique obtiennent des r\u00e9sultats plus efficaces. Il s'agit d'une option id\u00e9ale pour les personnes qui ne parviennent pas \u00e0 se d\u00e9barrasser de la graisse dans certaines zones malgr\u00e9 un r\u00e9gime et de l'exercice. Elle peut \u00e9galement \u00eatre pr\u00e9f\u00e9r\u00e9e pour corriger les d\u00e9formations post-grossesse.<\/span><\/p><h2><span style=\"font-weight: 400;\">Liposuccion Vaser<\/span><span style=\"font-weight: 400;\"> Quel est le processus de gu\u00e9rison apr\u00e8s l'accident ?<\/span><\/h2><p><span style=\"font-weight: 400;\">Le processus de r\u00e9tablissement apr\u00e8s une liposuccion Vaser est g\u00e9n\u00e9ralement rapide. Un l\u00e9ger gonflement et des ecchymoses peuvent \u00eatre observ\u00e9s apr\u00e8s l'intervention, mais ces effets disparaissent en quelques semaines. Le port d'un corset sp\u00e9cial pendant les premiers jours aide \u00e0 maintenir la forme du corps. Boire beaucoup d'eau et se reposer selon les recommandations du m\u00e9decin acc\u00e9l\u00e8re le processus de gu\u00e9rison. La plupart des personnes peuvent reprendre leurs activit\u00e9s quotidiennes dans la semaine qui suit l'intervention.<\/span><\/p><h2><span style=\"font-weight: 400;\">Liposuccion Vaser<\/span><span style=\"font-weight: 400;\"> Quelles sont les zones qui peuvent \u00eatre fa\u00e7onn\u00e9es ?<\/span><\/h2><p><span style=\"font-weight: 400;\">La liposuccion Vaser peut \u00eatre appliqu\u00e9e \u00e0 presque toutes les zones du corps. Parmi les zones les plus pr\u00e9f\u00e9r\u00e9es :<\/span><\/p><ul><li><span style=\"font-weight: 400;\">Abdomen<\/span><\/li><li><span style=\"font-weight: 400;\">Bel<\/span><\/li><li><span style=\"font-weight: 400;\">Hanche<\/span><\/li><li><span style=\"font-weight: 400;\">Jambes<\/span><\/li><li><span style=\"font-weight: 400;\">Bras<\/span><\/li><li><span style=\"font-weight: 400;\">Retour<\/span><\/li><li><span style=\"font-weight: 400;\">Sous le menton (double menton)<\/span><\/li><\/ul><p><span style=\"font-weight: 400;\">Cette proc\u00e9dure permet d'obtenir une apparence plus proportionn\u00e9e en soulignant les contours naturels du corps.<\/span><\/p><h2><span style=\"font-weight: 400;\">Liposuccion Vaser<\/span><span style=\"font-weight: 400;\"> Est-ce une m\u00e9thode s\u00fbre ?<\/span><\/h2><p><span style=\"font-weight: 400;\">La liposuccion Vaser est une m\u00e9thode extr\u00eamement s\u00fbre lorsqu'elle est pratiqu\u00e9e dans des conditions appropri\u00e9es et par des chirurgiens exp\u00e9riment\u00e9s. Le fait qu'il s'agisse d'une technique peu invasive r\u00e9duit le risque de complications. Toutefois, comme toute intervention chirurgicale, la liposuccion vaser comporte certains risques. Il est donc important de proc\u00e9der \u00e0 une \u00e9valuation compl\u00e8te de l'\u00e9tat de sant\u00e9 avant l'intervention.<\/span><\/p><h2><span style=\"font-weight: 400;\">Liposuccion Vaser<\/span><span style=\"font-weight: 400;\"> Combien de temps dure la proc\u00e9dure ?<\/span><\/h2><p><span style=\"font-weight: 400;\">La dur\u00e9e de la proc\u00e9dure de liposuccion Vaser varie en fonction de la taille de la zone cibl\u00e9e et de la quantit\u00e9 de graisse. En g\u00e9n\u00e9ral, elle peut durer entre 1 et 4 heures. Si la proc\u00e9dure est plus rapide pour les petites zones, elle peut \u00eatre plus longue lorsque plusieurs zones sont concern\u00e9es.<\/span><\/p><h2><span style=\"font-weight: 400;\">Que faut-il envisager apr\u00e8s une liposuccion Vaser ?<\/span><\/h2><p><span style=\"font-weight: 400;\">Les \u00e9l\u00e9ments \u00e0 prendre en compte apr\u00e8s la proc\u00e9dure :<\/span><\/p><ul><li><span style=\"font-weight: 400;\">Le port d'un corset sp\u00e9cial prescrit par le m\u00e9decin<\/span><\/li><li><span style=\"font-weight: 400;\">\u00c9viter une activit\u00e9 physique excessive<\/span><\/li><li><span style=\"font-weight: 400;\">Alimentation \u00e9quilibr\u00e9e et consommation abondante d'eau<\/span><\/li><li><span style=\"font-weight: 400;\">Contr\u00f4les m\u00e9dicaux r\u00e9guliers<\/span><\/li><\/ul><p><span style=\"font-weight: 400;\">Lorsque ces recommandations sont suivies, le processus de gu\u00e9rison est plus confortable et les r\u00e9sultats sont plus efficaces.<\/span><\/p><h2><span style=\"font-weight: 400;\">Liposuccion Vaser<\/span><span style=\"font-weight: 400;\"> Les r\u00e9sultats sont-ils durables ?<\/span><\/h2><p><span style=\"font-weight: 400;\">Oui, la liposuccion vaser donne des r\u00e9sultats permanents. Les cellules graisseuses sont enti\u00e8rement \u00e9limin\u00e9es au cours de l'intervention et ne se r\u00e9g\u00e9n\u00e8rent pas. Toutefois, si l'on adopte un mode de vie malsain, l'adiposit\u00e9 peut appara\u00eetre dans d'autres zones. Il est donc important d'adopter une alimentation \u00e9quilibr\u00e9e et de faire de l'exercice pour conserver son poids id\u00e9al apr\u00e8s l'intervention.<\/span><\/p><h2><span style=\"font-weight: 400;\">Liposuccion Vaser<\/span><span style=\"font-weight: 400;\"> Quelles sont les diff\u00e9rences entre la liposuccion classique et la liposuccion classique ?<\/span><\/h2><p><span style=\"font-weight: 400;\">La liposuccion Vaser est une m\u00e9thode plus sensible et plus efficace que la liposuccion classique. L'utilisation d'ondes ultrasoniques permet de ne pas endommager les tissus environnants. En outre, le processus de gu\u00e9rison est plus court et indolore. La liposuccion Vaser permet d'obtenir de meilleurs r\u00e9sultats en mati\u00e8re de remodelage des contours du corps.<\/span><\/p><h2><span style=\"font-weight: 400;\">Les prix de la liposuccion Vaser varient en fonction de quoi ?<\/span><\/h2><p><span style=\"font-weight: 400;\">Les prix de la liposuccion Vaser varient en fonction du nombre de zones \u00e0 traiter, de la dur\u00e9e de l'intervention et de l'exp\u00e9rience du chirurgien. En outre, la ville o\u00f9 se trouve la clinique et les technologies utilis\u00e9es font partie des facteurs qui influencent les prix. Il est important de consulter un sp\u00e9cialiste pour obtenir des informations d\u00e9taill\u00e9es.<\/span><\/p>\t\t\t\t\t\t\t\t<\/div>\n\t\t\t\t<\/div>\n\t\t\t\t\t<\/div>\n\t\t\t\t<\/div>\n\t\t\t\t<\/div>","protected":false},"excerpt":{"rendered":"<p>Vaser liposak\u015f\u0131n, son y\u0131llarda v\u00fccut \u015fekillendirme alan\u0131nda pop\u00fcler hale gelen modern bir ya\u011f alma y\u00f6ntemidir. Minimal invaziv bir teknik olan<\/p>","protected":false},"author":1,"featured_media":0,"parent":0,"menu_order":0,"comment_status":"closed","ping_status":"closed","template":"","meta":{"footnotes":""},"class_list":["post-27747","page","type-page","status-publish","hentry"],"_links":{"self":[{"href":"https:\/\/westestetik.com\/fr\/wp-json\/wp\/v2\/pages\/27747","targetHints":{"allow":["GET"]}}],"collection":[{"href":"https:\/\/westestetik.com\/fr\/wp-json\/wp\/v2\/pages"}],"about":[{"href":"https:\/\/westestetik.com\/fr\/wp-json\/wp\/v2\/types\/page"}],"author":[{"embeddable":true,"href":"https:\/\/westestetik.com\/fr\/wp-json\/wp\/v2\/users\/1"}],"replies":[{"embeddable":true,"href":"https:\/\/westestetik.com\/fr\/wp-json\/wp\/v2\/comments?post=27747"}],"version-history":[{"count":11,"href":"https:\/\/westestetik.com\/fr\/wp-json\/wp\/v2\/pages\/27747\/revisions"}],"predecessor-version":[{"id":31916,"href":"https:\/\/westestetik.com\/fr\/wp-json\/wp\/v2\/pages\/27747\/revisions\/31916"}],"wp:attachment":[{"href":"https:\/\/westestetik.com\/fr\/wp-json\/wp\/v2\/media?parent=27747"}],"curies":[{"name":"wp","href":"https:\/\/api.w.org\/{rel}","templated":true}]}}