{"id":27745,"date":"2024-12-02T22:43:31","date_gmt":"2024-12-02T22:43:31","guid":{"rendered":"https:\/\/westestetik.com\/?page_id=27745"},"modified":"2025-11-13T12:52:32","modified_gmt":"2025-11-13T09:52:32","slug":"lifting-pubien","status":"publish","type":"page","link":"https:\/\/westestetik.com\/fr\/lifting-pubien\/","title":{"rendered":"Lifting Pubien"},"content":{"rendered":"<div data-elementor-type=\"wp-page\" data-elementor-id=\"27745\" class=\"elementor elementor-27745\" data-elementor-post-type=\"page\">\n\t\t\t\t<div class=\"wd-negative-gap elementor-element elementor-element-e150b12 elementor-hidden-desktop elementor-hidden-tablet elementor-hidden-mobile e-flex e-con-boxed e-con e-parent\" data-id=\"e150b12\" data-element_type=\"container\">\n\t\t\t\t\t<div class=\"e-con-inner\">\n\t\t\t\t<div class=\"elementor-element elementor-element-7286009 elementor-widget elementor-widget-image\" data-id=\"7286009\" data-element_type=\"widget\" data-widget_type=\"image.default\">\n\t\t\t\t<div class=\"elementor-widget-container\">\n\t\t\t\t\t\t\t\t\t\t\t\t\t\t\t<img fetchpriority=\"high\" decoding=\"async\" width=\"1300\" height=\"384\" src=\"https:\/\/westestetik.com\/wp-content\/uploads\/2024\/12\/Uygulama-1-1300x384.png\" class=\"attachment-large size-large wp-image-27725\" alt=\"Maladies\" srcset=\"https:\/\/westestetik.com\/wp-content\/uploads\/2024\/12\/Uygulama-1-1300x384.png 1300w, https:\/\/westestetik.com\/wp-content\/uploads\/2024\/12\/Uygulama-1-430x127.png 430w, https:\/\/westestetik.com\/wp-content\/uploads\/2024\/12\/Uygulama-1-150x44.png 150w, https:\/\/westestetik.com\/wp-content\/uploads\/2024\/12\/Uygulama-1-700x207.png 700w, https:\/\/westestetik.com\/wp-content\/uploads\/2024\/12\/Uygulama-1-400x118.png 400w, https:\/\/westestetik.com\/wp-content\/uploads\/2024\/12\/Uygulama-1-768x227.png 768w, https:\/\/westestetik.com\/wp-content\/uploads\/2024\/12\/Uygulama-1-1536x453.png 1536w, https:\/\/westestetik.com\/wp-content\/uploads\/2024\/12\/Uygulama-1-2048x604.png 2048w\" sizes=\"(max-width: 1300px) 100vw, 1300px\" \/>\t\t\t\t\t\t\t\t\t\t\t\t\t\t\t<\/div>\n\t\t\t\t<\/div>\n\t\t\t\t\t<\/div>\n\t\t\t\t<\/div>\n\t\t<div class=\"wd-negative-gap elementor-element elementor-element-103fa14 e-flex e-con-boxed e-con e-parent\" data-id=\"103fa14\" data-element_type=\"container\">\n\t\t\t\t\t<div class=\"e-con-inner\">\n\t\t\t\t<div class=\"elementor-element elementor-element-54e72e2 color-scheme-inherit text-left elementor-widget elementor-widget-text-editor\" data-id=\"54e72e2\" data-element_type=\"widget\" data-widget_type=\"text-editor.default\">\n\t\t\t\t<div class=\"elementor-widget-container\">\n\t\t\t\t\t\t\t\t\t<p>Le lifting pubien est une intervention de chirurgie esth\u00e9tique visant \u00e0 \u00e9liminer l'exc\u00e8s de peau et l'affaissement de la r\u00e9gion g\u00e9nitale. Cette op\u00e9ration constitue une solution efficace pour les personnes qui souhaitent corriger les d\u00e9formations de la r\u00e9gion g\u00e9nitale, notamment apr\u00e8s la naissance, une perte de poids excessive ou le vieillissement. Le lifting pubien offre des avantages significatifs tant sur le plan esth\u00e9tique que fonctionnel ; il permet d'obtenir une apparence plus ferme, plus lisse et plus saine. En outre, cette intervention peut \u00e9galement apporter un soulagement en termes de sant\u00e9 et d'hygi\u00e8ne sexuelles. Si vous \u00eates g\u00ean\u00e9(e) par l'affaissement et l'exc\u00e8s de votre r\u00e9gion pubienne, le lifting pubien peut \u00eatre une \u00e9tape importante dans l'am\u00e9lioration de votre qualit\u00e9 de vie.<\/p><h2>Qu'est-ce que la chirurgie du lifting pubien ?<\/h2><p>Le lifting du pubis est l'ablation chirurgicale de la peau et des tissus adipeux rel\u00e2ch\u00e9s dans la r\u00e9gion g\u00e9nitale. En g\u00e9n\u00e9ral, le rel\u00e2chement et l'exc\u00e8s de peau peuvent \u00eatre observ\u00e9s dans la r\u00e9gion g\u00e9nitale en raison du vieillissement, des changements de poids, du post-partum ou de facteurs g\u00e9n\u00e9tiques. Cela peut entra\u00eener une g\u00eane et des difficult\u00e9s physiques, ainsi que des probl\u00e8mes esth\u00e9tiques. Le lifting du pubis permet de rajeunir l'apparence en resserrant la zone g\u00e9nitale. En outre, cette intervention chirurgicale peut \u00e9liminer l'inconfort dans la r\u00e9gion en apportant un confort physiologique.<\/p><h2>Quels sont les avantages de la chirurgie du lifting pubien ?<\/h2><p>Le lifting du pubis offre des avantages non seulement esth\u00e9tiques mais aussi fonctionnels. Voici les principaux avantages de cette intervention :<\/p><ol><li>Am\u00e9lioration de l'esth\u00e9tique g\u00e9nitale : l'\u00e9limination de l'exc\u00e8s de peau et de tissu adipeux dans la r\u00e9gion pubienne donne une apparence plus ferme et plus jeune. Il s'agit d'une solution esth\u00e9tique importante, en particulier pour les femmes qui ressentent un rel\u00e2chement dans la r\u00e9gion g\u00e9nitale apr\u00e8s l'accouchement.<\/li><li>Confort physique : L'exc\u00e8s de peau peut provoquer des frottements dans la zone g\u00e9nitale par temps chaud ou lors de la pratique d'un sport. L'op\u00e9ration de lifting pubien am\u00e9liore le confort physique des personnes en \u00e9liminant ces d\u00e9sagr\u00e9ments. En outre, l'humidit\u00e9 et la sueur accumul\u00e9es dans la zone g\u00e9nitale peuvent entra\u00eener des infections bact\u00e9riennes. La chirurgie peut r\u00e9duire les risques de telles infections.<\/li><li>Am\u00e9lioration de la confiance en soi : Les probl\u00e8mes esth\u00e9tiques g\u00e9nitaux peuvent avoir un impact n\u00e9gatif sur la confiance en soi. L'op\u00e9ration de lifting pubien augmente la confiance en soi et permet \u00e0 la personne de vivre plus confortablement. Elle peut \u00e9galement cr\u00e9er un sentiment de plus grande confiance en soi lors des rapports sexuels.<\/li><li>Am\u00e9lioration de la vie sexuelle : L'exc\u00e8s de peau dans la r\u00e9gion g\u00e9nitale peut parfois provoquer une g\u00eane pendant les rapports sexuels. Apr\u00e8s une op\u00e9ration de lifting pubien, une apparence plus confortable et esth\u00e9tiquement satisfaisante peut am\u00e9liorer la vie sexuelle.<\/li><\/ol><h2>\u00c0 qui convient l'op\u00e9ration de lifting pubien ?<\/h2><p>L'op\u00e9ration de lifting pubien convient aux personnes pr\u00e9sentant les conditions suivantes :<\/p><ul><li>Rel\u00e2chement li\u00e9 \u00e0 l'\u00e2ge : Avec l'\u00e2ge, la peau perd de son \u00e9lasticit\u00e9, ce qui peut entra\u00eener un rel\u00e2chement de la zone g\u00e9nitale. Des facteurs g\u00e9n\u00e9tiques peuvent \u00e9galement acc\u00e9l\u00e9rer ce processus.<\/li><li>Changements apr\u00e8s l'accouchement : La grossesse et l'accouchement peuvent entra\u00eener des changements importants dans la r\u00e9gion pubienne. L'affaissement et le rel\u00e2chement de cette zone peuvent poser des probl\u00e8mes esth\u00e9tiques.<\/li><li>Perte de poids excessive : Une perte de poids rapide peut entra\u00eener la formation d'un exc\u00e8s de peau sur le corps. La chirurgie du lifting pubien permet d'obtenir une apparence plus ferme et plus plate en \u00e9liminant ces exc\u00e8s.<\/li><li>Les facteurs g\u00e9n\u00e9tiques : Certaines personnes naissent avec une accumulation naturelle d'exc\u00e8s de graisse et de peau. Ces personnes peuvent \u00e9galement b\u00e9n\u00e9ficier d'un lifting du pubis.<\/li><\/ul><h2>Comment se d\u00e9roule l'op\u00e9ration de lifting du pubis ?<\/h2><p>Le lifting pubien peut \u00eatre pratiqu\u00e9 sous anesth\u00e9sie g\u00e9n\u00e9rale ou locale, mais l'anesth\u00e9sie locale est g\u00e9n\u00e9ralement pr\u00e9f\u00e9r\u00e9e. Au cours de l'intervention, le chirurgien enl\u00e8ve l'exc\u00e8s de peau et de tissu adipeux dans la zone g\u00e9nitale. L'ablation se fait g\u00e9n\u00e9ralement par une fine incision cach\u00e9e dans la zone du bikini. L'op\u00e9ration peut durer de 1 \u00e0 2 heures, en fonction de l'\u00e9tat de la personne et de l'ampleur de l'intervention.<\/p><p>Le chirurgien donne une apparence naturelle en resserrant les tissus sous la peau. Apr\u00e8s l'op\u00e9ration, les patients peuvent g\u00e9n\u00e9ralement reprendre leurs activit\u00e9s normales en quelques jours, mais le r\u00e9tablissement complet peut prendre de 4 \u00e0 6 semaines. Les cicatrices sont trait\u00e9es pour s'estomper avec le temps et n'attirent pas beaucoup l'attention car elles restent g\u00e9n\u00e9ralement dans des zones proches de la r\u00e9gion g\u00e9nitale.<\/p><h2>Quels sont les \u00e9l\u00e9ments \u00e0 prendre en compte avant et apr\u00e8s une op\u00e9ration de lifting pubien ?<\/h2><p>Consid\u00e9rations pr\u00e9op\u00e9ratoires :<\/p><ul><li>\u00c9valuation de l'\u00e9tat de sant\u00e9 : Avant l'op\u00e9ration de lifting pubien, votre m\u00e9decin \u00e9valuera votre \u00e9tat de sant\u00e9 g\u00e9n\u00e9ral et passera en revue toute allergie ou maladie chronique.<\/li><li>Ne pas fumer : Fumer peut nuire au processus de gu\u00e9rison. Il faut donc \u00e9viter de fumer avant l'op\u00e9ration.<\/li><li>Utilisation de m\u00e9dicaments : Certains m\u00e9dicaments peuvent avoir un effet n\u00e9gatif sur le processus de gu\u00e9rison. Vous devez informer votre m\u00e9decin de tous vos m\u00e9dicaments avant l'op\u00e9ration.<\/li><\/ul><h2>Les \u00e9l\u00e9ments \u00e0 prendre en compte apr\u00e8s l'intervention chirurgicale :<\/h2><ul><li>Soins des plaies Il est tr\u00e8s important de veiller au soin des plaies apr\u00e8s une intervention chirurgicale. Les r\u00e8gles d'hygi\u00e8ne doivent \u00eatre respect\u00e9es et les soins doivent \u00eatre prodigu\u00e9s selon les recommandations du m\u00e9decin.<\/li><li>\u00c9viter l'exercice et les activit\u00e9s physiques : Les exercices lourds doivent \u00eatre \u00e9vit\u00e9s pendant les 4 \u00e0 6 premi\u00e8res semaines. La reprise des activit\u00e9s quotidiennes doit se faire lentement.<\/li><li>Rapports sexuels : Les rapports sexuels doivent \u00eatre \u00e9vit\u00e9s avant que le processus de cicatrisation de la zone g\u00e9nitale ne soit termin\u00e9. Ce processus peut durer 6 semaines.<\/li><\/ul><h2>Quels sont les risques et les effets secondaires de la chirurgie du lifting pubien ?<\/h2><p>Le lifting pubien est g\u00e9n\u00e9ralement une intervention s\u00fbre, mais comme pour toute intervention chirurgicale, il existe certains risques. Ces risques sont les suivants<\/p><ul><li>Infection Il existe un risque d'infection apr\u00e8s une intervention chirurgicale. Il convient donc de respecter les r\u00e8gles d'hygi\u00e8ne pendant le processus de gu\u00e9rison.<\/li><li>Saignement Des saignements peuvent survenir pendant ou apr\u00e8s l'op\u00e9ration. Pour cela, il est tr\u00e8s important de suivre les instructions de votre chirurgien.<\/li><li>Retard de cicatrisation : Le processus de cicatrisation est diff\u00e9rent d'une personne \u00e0 l'autre. La cicatrisation peut prendre du temps, mais en \u00e9tant patient et en suivant les recommandations du m\u00e9decin, on peut acc\u00e9l\u00e9rer ce processus.<\/li><li>Cicatrice (cicatrisation) : Toute intervention chirurgicale peut laisser des cicatrices. Toutefois, dans le cas du lifting pubien, les cicatrices n'attirent pas l'attention car les incisions sont g\u00e9n\u00e9ralement cach\u00e9es dans la zone du bikini.<\/li><\/ul><h2>Quelle est la p\u00e9riode de r\u00e9cup\u00e9ration de l'op\u00e9ration de lifting pubien ?<\/h2><p>Le processus de gu\u00e9rison peut varier d'une personne \u00e0 l'autre. En g\u00e9n\u00e9ral, les patients peuvent reprendre leurs activit\u00e9s quotidiennes dans les 1 \u00e0 2 semaines qui suivent l'op\u00e9ration de lifting pubien. Toutefois, les activit\u00e9s physiques et les exercices lourds doivent \u00eatre \u00e9vit\u00e9s. Le processus de r\u00e9tablissement complet peut prendre environ 6 \u00e0 8 semaines. Au cours de ce processus, les cicatrices devraient s'estomper et la peau redevenir normale.<\/p><h2>Y a-t-il des cicatrices apr\u00e8s une op\u00e9ration de lifting du pubis ?<\/h2><p>Il est possible que des cicatrices apparaissent apr\u00e8s une op\u00e9ration de lifting du pubis. Toutefois, ces cicatrices sont g\u00e9n\u00e9ralement dissimul\u00e9es dans les contours naturels de la zone g\u00e9nitale et commencent \u00e0 s'estomper avec le temps. Les soins postop\u00e9ratoires et les recommandations du m\u00e9decin minimisent la visibilit\u00e9 des cicatrices. En outre, il faut parfois plusieurs mois pour que les cicatrices s'estompent et disparaissent.<\/p><h2>Diff\u00e9rences entre le lifting pubien et les autres chirurgies esth\u00e9tiques<\/h2><p>La chirurgie du lifting pubien permet de retirer l'exc\u00e8s de peau de la zone g\u00e9nitale, alors que les autres chirurgies esth\u00e9tiques se concentrent g\u00e9n\u00e9ralement sur d'autres parties du corps. Par exemple, la plastie abdominale \u00e9limine l'affaissement de la r\u00e9gion abdominale, alors que le lifting pubien ne s'attaque qu'\u00e0 la r\u00e9gion g\u00e9nitale. Il existe des diff\u00e9rences techniques entre ces deux op\u00e9rations, mais l'objectif est le m\u00eame : obtenir une am\u00e9lioration esth\u00e9tique et fonctionnelle du corps.<\/p><h2>Quels sont les prix de la chirurgie du lifting pubien ?<\/h2><p>Le prix d'un lifting pubien varie en fonction de l'intervention, de l'exp\u00e9rience du chirurgien et de l'\u00e9tat de sant\u00e9 du patient. En moyenne, les prix peuvent varier entre 5 000 et 15 000 TL. Afin de d\u00e9terminer clairement le prix, le chirurgien doit rencontrer le patient et proc\u00e9der \u00e0 une \u00e9valuation.<\/p><h2>Qui est un bon candidat pour un lifting du pubis ?<\/h2><p>Les candidats id\u00e9aux pour un lifting du pubis sont les personnes qui sont g\u00ean\u00e9es par un exc\u00e8s de peau et un rel\u00e2chement dans la r\u00e9gion g\u00e9nitale, qui ont un mode de vie sain et qui sont suffisamment \u00e2g\u00e9es pour comprendre les risques de l'intervention chirurgicale. En outre, les personnes r\u00e9pondant aux crit\u00e8res suivants sont g\u00e9n\u00e9ralement consid\u00e9r\u00e9es comme des candidats appropri\u00e9s :<\/p><ul><li>Un \u00e9tat de sant\u00e9 ad\u00e9quat : Les personnes dont l'\u00e9tat de sant\u00e9 est suffisant pour supporter les risques de l'op\u00e9ration sont des candidats appropri\u00e9s pour ce type d'intervention chirurgicale. Par exemple, des maladies cardiaques graves ou des cancers peuvent rendre l'op\u00e9ration de lifting pubien risqu\u00e9e.<\/li><li>Probl\u00e8mes esth\u00e9tiques et g\u00eane physique : Les personnes qui \u00e9prouvent des probl\u00e8mes esth\u00e9tiques et une g\u00eane physique en raison d'un exc\u00e8s de peau et d'une accumulation de graisse dans la r\u00e9gion g\u00e9nitale peuvent trouver un soulagement gr\u00e2ce \u00e0 cette intervention.<\/li><li>Changements corporels postnataux : Le lifting du pubis est une solution efficace pour corriger le rel\u00e2chement et l'affaissement de la zone g\u00e9nitale apr\u00e8s l'accouchement.<\/li><li>Exc\u00e8s de peau apr\u00e8s une perte de poids : Apr\u00e8s une perte de poids excessive, un exc\u00e8s de peau peut appara\u00eetre sur le corps. Dans ce cas, l'exc\u00e8s de peau dans cette zone peut \u00eatre \u00e9limin\u00e9 par une op\u00e9ration de lifting du pubis.<\/li><\/ul><h2>La chirurgie du lifting pubien et ses effets sur la sant\u00e9 sexuelle<\/h2><p>La chirurgie du lifting pubien peut avoir des effets positifs sur la sant\u00e9 sexuelle. L'exc\u00e8s de peau et de tissus dans la r\u00e9gion g\u00e9nitale peut provoquer des frottements et une g\u00eane pendant les rapports sexuels. Cela peut avoir un effet n\u00e9gatif sur la vie sexuelle. L'aspect plus serr\u00e9 et plus esth\u00e9tique de la r\u00e9gion g\u00e9nitale apr\u00e8s l'op\u00e9ration peut accro\u00eetre la confiance en soi et le confort lors des rapports sexuels.<\/p><p>En outre, le risque d'infection d\u00fb \u00e0 l'exc\u00e8s de peau et \u00e0 l'affaissement de la zone g\u00e9nitale peut \u00e9galement \u00eatre r\u00e9duit. L'hygi\u00e8ne devient beaucoup plus facile apr\u00e8s une op\u00e9ration de lifting pubien, ce qui r\u00e9duit le risque d'infection et a un effet positif sur la sant\u00e9 sexuelle.<\/p><h2>Combien de temps dure une op\u00e9ration de lifting pubien ?<\/h2><p>L'op\u00e9ration de lifting du pubis dure g\u00e9n\u00e9ralement 1 \u00e0 2 heures. Le chirurgien compl\u00e8te l'intervention en retirant soigneusement l'exc\u00e8s de peau et de tissu adipeux dans la r\u00e9gion. La dur\u00e9e peut varier en fonction du type d'anesth\u00e9sie et de la situation personnelle.<\/p><h2>La chirurgie du lifting pubien est-elle une proc\u00e9dure douloureuse ?<\/h2><p>Comme le lifting pubien peut \u00eatre pratiqu\u00e9 sous anesth\u00e9sie locale, aucune douleur n'est ressentie pendant l'intervention. Toutefois, il peut y avoir une l\u00e9g\u00e8re douleur et une g\u00eane pendant le processus de cicatrisation. Ces douleurs peuvent \u00eatre contr\u00f4l\u00e9es \u00e0 l'aide d'analg\u00e9siques recommand\u00e9s par le m\u00e9decin.<\/p><h2>Quand la cicatrice dispara\u00eet-elle apr\u00e8s un lifting du pubis ?<\/h2><p>Les cicatrices form\u00e9es apr\u00e8s un lifting du pubis commencent \u00e0 s'estomper avec le temps. En g\u00e9n\u00e9ral, les cicatrices peuvent s'estomper de mani\u00e8re significative en 6 mois \u00e0 1 an. Il est important de suivre les soins et les m\u00e9thodes de traitement recommand\u00e9s par votre m\u00e9decin pour am\u00e9liorer l'apparence des cicatrices.<\/p><h2>La chirurgie du lifting pubien est-elle permanente ?<\/h2><p>L'op\u00e9ration de lifting pubien apporte des changements permanents dans la zone g\u00e9nitale. Toutefois, des facteurs tels que le processus de vieillissement, les changements de poids et la grossesse peuvent avoir un effet au fil du temps et un rel\u00e2chement peut se produire \u00e0 nouveau dans la r\u00e9gion. Par cons\u00e9quent, un mode de vie sain et un entretien r\u00e9gulier peuvent aider \u00e0 maintenir les r\u00e9sultats.<\/p><p>Par cons\u00e9quent, la chirurgie du lifting pubien offre des avantages esth\u00e9tiques et fonctionnels significatifs. Elle permet d'obtenir une apparence plus jeune, plus ferme et plus confortable en \u00e9liminant l'exc\u00e8s de peau et de tissus adipeux dans la r\u00e9gion g\u00e9nitale. Elle peut constituer une solution efficace aux probl\u00e8mes esth\u00e9tiques et aux d\u00e9sagr\u00e9ments physiques. Toutefois, comme toute intervention chirurgicale, elle comporte certains risques et il est important d'identifier les candidats ad\u00e9quats. Par cons\u00e9quent, si vous envisagez de subir un lifting du pubis, vous pouvez prendre la meilleure d\u00e9cision en ayant un entretien d\u00e9taill\u00e9 avec un chirurgien exp\u00e9riment\u00e9.<\/p>\t\t\t\t\t\t\t\t<\/div>\n\t\t\t\t<\/div>\n\t\t\t\t\t<\/div>\n\t\t\t\t<\/div>\n\t\t\t\t<\/div>","protected":false},"excerpt":{"rendered":"<p>Pubik kald\u0131rma ameliyat\u0131, genital b\u00f6lgedeki fazla deri ve sarkmalar\u0131n giderilmesi amac\u0131yla yap\u0131lan estetik bir cerrahi i\u015flemdir. Bu operasyon, \u00f6zellikle do\u011fum<\/p>","protected":false},"author":1,"featured_media":0,"parent":0,"menu_order":0,"comment_status":"closed","ping_status":"closed","template":"","meta":{"footnotes":""},"class_list":["post-27745","page","type-page","status-publish","hentry"],"_links":{"self":[{"href":"https:\/\/westestetik.com\/fr\/wp-json\/wp\/v2\/pages\/27745","targetHints":{"allow":["GET"]}}],"collection":[{"href":"https:\/\/westestetik.com\/fr\/wp-json\/wp\/v2\/pages"}],"about":[{"href":"https:\/\/westestetik.com\/fr\/wp-json\/wp\/v2\/types\/page"}],"author":[{"embeddable":true,"href":"https:\/\/westestetik.com\/fr\/wp-json\/wp\/v2\/users\/1"}],"replies":[{"embeddable":true,"href":"https:\/\/westestetik.com\/fr\/wp-json\/wp\/v2\/comments?post=27745"}],"version-history":[{"count":10,"href":"https:\/\/westestetik.com\/fr\/wp-json\/wp\/v2\/pages\/27745\/revisions"}],"predecessor-version":[{"id":31912,"href":"https:\/\/westestetik.com\/fr\/wp-json\/wp\/v2\/pages\/27745\/revisions\/31912"}],"wp:attachment":[{"href":"https:\/\/westestetik.com\/fr\/wp-json\/wp\/v2\/media?parent=27745"}],"curies":[{"name":"wp","href":"https:\/\/api.w.org\/{rel}","templated":true}]}}