{"id":27743,"date":"2024-12-02T22:42:54","date_gmt":"2024-12-02T22:42:54","guid":{"rendered":"https:\/\/westestetik.com\/?page_id=27743"},"modified":"2025-11-13T12:52:19","modified_gmt":"2025-11-13T09:52:19","slug":"esthetique-des-muscles-abdominaux","status":"publish","type":"page","link":"https:\/\/westestetik.com\/fr\/esthetique-des-muscles-abdominaux\/","title":{"rendered":"Esth\u00e9tique des Muscles Abdominaux"},"content":{"rendered":"<div data-elementor-type=\"wp-page\" data-elementor-id=\"27743\" class=\"elementor elementor-27743\" data-elementor-post-type=\"page\">\n\t\t\t\t<div class=\"wd-negative-gap elementor-element elementor-element-e150b12 elementor-hidden-desktop elementor-hidden-tablet elementor-hidden-mobile e-flex e-con-boxed e-con e-parent\" data-id=\"e150b12\" data-element_type=\"container\">\n\t\t\t\t\t<div class=\"e-con-inner\">\n\t\t\t\t<div class=\"elementor-element elementor-element-7286009 elementor-widget elementor-widget-image\" data-id=\"7286009\" data-element_type=\"widget\" data-widget_type=\"image.default\">\n\t\t\t\t<div class=\"elementor-widget-container\">\n\t\t\t\t\t\t\t\t\t\t\t\t\t\t\t<img fetchpriority=\"high\" decoding=\"async\" width=\"1300\" height=\"384\" src=\"https:\/\/westestetik.com\/wp-content\/uploads\/2024\/12\/Uygulama-1-1300x384.png\" class=\"attachment-large size-large wp-image-27725\" alt=\"Maladies\" srcset=\"https:\/\/westestetik.com\/wp-content\/uploads\/2024\/12\/Uygulama-1-1300x384.png 1300w, https:\/\/westestetik.com\/wp-content\/uploads\/2024\/12\/Uygulama-1-430x127.png 430w, https:\/\/westestetik.com\/wp-content\/uploads\/2024\/12\/Uygulama-1-150x44.png 150w, https:\/\/westestetik.com\/wp-content\/uploads\/2024\/12\/Uygulama-1-700x207.png 700w, https:\/\/westestetik.com\/wp-content\/uploads\/2024\/12\/Uygulama-1-400x118.png 400w, https:\/\/westestetik.com\/wp-content\/uploads\/2024\/12\/Uygulama-1-768x227.png 768w, https:\/\/westestetik.com\/wp-content\/uploads\/2024\/12\/Uygulama-1-1536x453.png 1536w, https:\/\/westestetik.com\/wp-content\/uploads\/2024\/12\/Uygulama-1-2048x604.png 2048w\" sizes=\"(max-width: 1300px) 100vw, 1300px\" \/>\t\t\t\t\t\t\t\t\t\t\t\t\t\t\t<\/div>\n\t\t\t\t<\/div>\n\t\t\t\t\t<\/div>\n\t\t\t\t<\/div>\n\t\t<div class=\"wd-negative-gap elementor-element elementor-element-802a8c8 e-flex e-con-boxed e-con e-parent\" data-id=\"802a8c8\" data-element_type=\"container\">\n\t\t\t\t\t<div class=\"e-con-inner\">\n\t\t\t\t<div class=\"elementor-element elementor-element-cfc42a6 color-scheme-inherit text-left elementor-widget elementor-widget-text-editor\" data-id=\"cfc42a6\" data-element_type=\"widget\" data-widget_type=\"text-editor.default\">\n\t\t\t\t<div class=\"elementor-widget-container\">\n\t\t\t\t\t\t\t\t\t<p><span style=\"font-weight: 400;\">La chirurgie des muscles abdominaux est une intervention chirurgicale privil\u00e9gi\u00e9e par les personnes qui souhaitent obtenir une apparence plus esth\u00e9tique en rendant leurs muscles abdominaux plus pro\u00e9minents. Cette musculature, difficile \u00e0 obtenir par un r\u00e9gime et de l'exercice, est une solution id\u00e9ale pour les personnes qui souhaitent modeler les contours de leur corps et obtenir une apparence plus harmonieuse. Cette op\u00e9ration, qui s'applique aussi bien aux hommes qu'aux femmes, permet d'obtenir des r\u00e9sultats esth\u00e9tiques satisfaisants en \u00e9liminant l'exc\u00e8s de graisse dans la r\u00e9gion abdominale tout en clarifiant les contours des muscles.<\/span><\/p><h2><span style=\"font-weight: 400;\">Qu'est-ce que la chirurgie du muscle abdominal ?<\/span><\/h2><p><span style=\"font-weight: 400;\">La chirurgie des muscles abdominaux est une op\u00e9ration chirurgicale pratiqu\u00e9e pour rendre les muscles abdominaux pro\u00e9minents et donner une forme esth\u00e9tique au corps. Elle est g\u00e9n\u00e9ralement pr\u00e9f\u00e9r\u00e9e par les personnes qui souhaitent augmenter la visibilit\u00e9 de leurs muscles abdominaux. Cette proc\u00e9dure est appliqu\u00e9e pour cr\u00e9er un aspect \"six packs\" qui ne peut \u00eatre obtenu avec un r\u00e9gime et de l'exercice. Cette op\u00e9ration, qui peut convenir aussi bien aux hommes qu'aux femmes, \u00e9limine l'exc\u00e8s de graisse dans la r\u00e9gion abdominale et clarifie les contours des muscles tout en modelant les contours du corps.<\/span><\/p><h2><span style=\"font-weight: 400;\">Comment la chirurgie du muscle abdominal est-elle pratiqu\u00e9e ?<\/span><\/h2><p><span style=\"font-weight: 400;\">L'abdominoplastie est g\u00e9n\u00e9ralement r\u00e9alis\u00e9e en combinant des techniques telles que la liposuccion (\u00e9limination des graisses) et l'abdominoplastie (plastie abdominale). Au cours de l'op\u00e9ration, apr\u00e8s avoir \u00e9limin\u00e9 l'exc\u00e8s de graisse dans la r\u00e9gion abdominale, des incisions sont pratiqu\u00e9es de mani\u00e8re appropri\u00e9e afin que les contours musculaires deviennent plus pro\u00e9minents. De cette mani\u00e8re, on obtient un aspect \"six packs\". L'op\u00e9ration est g\u00e9n\u00e9ralement r\u00e9alis\u00e9e sous anesth\u00e9sie g\u00e9n\u00e9rale et la dur\u00e9e de l'intervention varie entre 2 et 4 heures. Les r\u00e9sultats sont visibles imm\u00e9diatement, mais le processus de gu\u00e9rison peut prendre un certain temps.<\/span><\/p><h2><span style=\"font-weight: 400;\">La chirurgie du muscle abdominal permet-elle d'obtenir une apparence naturelle ?<\/span><\/h2><p><span style=\"font-weight: 400;\">Il est possible d'obtenir une apparence naturelle gr\u00e2ce \u00e0 la chirurgie des muscles abdominaux. Toutefois, l'exp\u00e9rience du chirurgien et les techniques utilis\u00e9es peuvent avoir une incidence directe sur le caract\u00e8re naturel du r\u00e9sultat. Un chirurgien plasticien expert cr\u00e9e des contours musculaires en accord avec les contours naturels du corps, de sorte que les r\u00e9sultats sont plus naturels sur le plan esth\u00e9tique. Id\u00e9alement, l'objectif est de souligner les muscles tout en donnant au corps une forme naturelle, afin que les r\u00e9sultats obtenus soient esth\u00e9tiquement satisfaisants et aient un aspect naturel.<\/span><\/p><h2><span style=\"font-weight: 400;\">\u00c0 qui s'adresse la chirurgie du muscle abdominal ?<\/span><\/h2><p><span style=\"font-weight: 400;\">La chirurgie des muscles abdominaux est une option appropri\u00e9e pour les personnes qui ont une structure corporelle saine et qui souhaitent d\u00e9finir leurs muscles abdominaux. En g\u00e9n\u00e9ral, les personnes qui ne parviennent pas \u00e0 obtenir le r\u00e9sultat souhait\u00e9 avec de l'exercice et un r\u00e9gime pr\u00e9f\u00e8rent cette op\u00e9ration. Elle peut \u00e9galement convenir aux personnes dont l'indice de masse corporelle (IMC) est inf\u00e9rieur \u00e0 30 et qui pr\u00e9sentent des d\u00e9p\u00f4ts de graisse dans la r\u00e9gion abdominale. Avant l'op\u00e9ration, une d\u00e9cision est prise en tenant compte de l'\u00e9tat de sant\u00e9 g\u00e9n\u00e9ral et de la structure corporelle de la personne.<\/span><\/p><h2><span style=\"font-weight: 400;\">Quels sont les avantages de la chirurgie du muscle abdominal chez les femmes ?<\/span><\/h2><p><span style=\"font-weight: 400;\">La chirurgie des muscles abdominaux chez la femme permet d'obtenir une apparence plus ferme tout en clarifiant les contours du corps. Elle peut \u00eatre privil\u00e9gi\u00e9e notamment pour r\u00e9cup\u00e9rer les muscles abdominaux qui se rel\u00e2chent apr\u00e8s la grossesse et pour \u00e9liminer l'exc\u00e8s de graisse dans la zone abdominale. Outre les avantages esth\u00e9tiques, l'augmentation de la confiance en soi et l'am\u00e9lioration de l'apparence g\u00e9n\u00e9rale constituent une source de motivation importante pour les femmes. De plus, tout en mettant en valeur les contours du corps de la femme, elle cr\u00e9e un \u00e9quilibre esth\u00e9tique en rendant visibles les muscles abdominaux.<\/span><\/p><h2><span style=\"font-weight: 400;\">Processus de r\u00e9cup\u00e9ration apr\u00e8s une chirurgie du muscle abdominal<\/span><\/h2><p><span style=\"font-weight: 400;\">Le processus de r\u00e9tablissement apr\u00e8s une chirurgie du muscle abdominal peut varier d'une personne \u00e0 l'autre. Apr\u00e8s l'op\u00e9ration, les patients peuvent ressentir des douleurs, des gonflements et des ecchymoses pendant quelques jours. Ces sympt\u00f4mes disparaissent g\u00e9n\u00e9ralement avec le temps. Pour acc\u00e9l\u00e9rer le processus de gu\u00e9rison, les m\u00e9decins recommandent l'utilisation d'un corset sp\u00e9cial. Les patients peuvent reprendre leurs activit\u00e9s quotidiennes normales au bout de 2 \u00e0 3 semaines, tandis que les exercices lourds et les activit\u00e9s physiques ne sont possibles qu'au bout de 6 semaines. Le processus de gu\u00e9rison complet est achev\u00e9 entre 3 et 6 mois.<\/span><\/p><h2><span style=\"font-weight: 400;\">Y a-t-il une limite d'\u00e2ge pour la chirurgie du muscle abdominal ?<\/span><\/h2><p><span style=\"font-weight: 400;\">Il n'y a pas de limite d'\u00e2ge sp\u00e9cifique pour la chirurgie du muscle abdominal, mais cette op\u00e9ration n'est g\u00e9n\u00e9ralement pas recommand\u00e9e pour les personnes de moins de 18 ans. En effet, le d\u00e9veloppement incomplet du corps peut emp\u00eacher l'obtention d'un r\u00e9sultat sain. L'\u00e9lasticit\u00e9 de la peau diminuant avec l'\u00e2ge, le processus de gu\u00e9rison et les r\u00e9sultats peuvent prendre plus de temps chez les personnes plus \u00e2g\u00e9es. L'opportunit\u00e9 de cette op\u00e9ration peut \u00eatre \u00e9valu\u00e9e par le chirurgien en fonction de l'\u00e9tat de sant\u00e9 g\u00e9n\u00e9ral des personnes.<\/span><\/p><h2><span style=\"font-weight: 400;\">Quand la chirurgie du muscle abdominal prend-elle effet ?<\/span><\/h2><p><span style=\"font-weight: 400;\">La chirurgie des muscles abdominaux a g\u00e9n\u00e9ralement un effet imm\u00e9diat. Toutefois, il peut \u00eatre n\u00e9cessaire d'attendre quelques semaines pour obtenir des r\u00e9sultats d\u00e9finitifs. Au fur et \u00e0 mesure que l'enflure et les ecchymoses se r\u00e9sorbent, les contours du muscle se d\u00e9finissent davantage. Les r\u00e9sultats complets sont visibles dans les 3 \u00e0 6 mois suivant la fin du processus de cicatrisation. Pendant cette p\u00e9riode, les muscles deviennent plus esth\u00e9tiques et plus pro\u00e9minents.<\/span><\/p><h2><span style=\"font-weight: 400;\">La chirurgie du muscle abdominal est-elle permanente ?<\/span><\/h2><p><span style=\"font-weight: 400;\">Les r\u00e9sultats de la chirurgie des muscles abdominaux sont g\u00e9n\u00e9ralement permanents. Toutefois, le maintien d'un mode de vie sain, d'une activit\u00e9 physique r\u00e9guli\u00e8re et d'une alimentation \u00e9quilibr\u00e9e permet de conserver les r\u00e9sultats obtenus. Apr\u00e8s l'op\u00e9ration, une prise de poids excessive ou des changements corporels importants peuvent affecter l'apparence des six packs. C'est pourquoi les soins attentifs et l'adaptation du mode de vie apr\u00e8s l'op\u00e9ration augmentent la permanence des r\u00e9sultats.<\/span><\/p><h2><span style=\"font-weight: 400;\">La chirurgie du muscle abdominal est-elle douloureuse ?<\/span><\/h2><p><span style=\"font-weight: 400;\">La douleur apr\u00e8s une op\u00e9ration du muscle abdominal est g\u00e9n\u00e9ralement l\u00e9g\u00e8re \u00e0 mod\u00e9r\u00e9e. Cette douleur dispara\u00eet en quelques jours et peut \u00eatre contr\u00f4l\u00e9e par des analg\u00e9siques recommand\u00e9s par le m\u00e9decin. En outre, l'utilisation d'un corset recommand\u00e9 par le m\u00e9decin pendant le processus de gu\u00e9rison peut \u00eatre efficace pour r\u00e9duire la douleur et le gonflement.<\/span><\/p><h2><span style=\"font-weight: 400;\">Prix de la chirurgie du muscle abdominal<\/span><\/h2><p><span style=\"font-weight: 400;\">Les prix de la chirurgie du muscle abdominal peuvent varier en fonction de nombreux facteurs tels que l'exp\u00e9rience du chirurgien, l'emplacement de la clinique, les techniques utilis\u00e9es et les besoins sp\u00e9cifiques du patient. Pour obtenir des informations claires sur les prix, il est recommand\u00e9 d'avoir un entretien d\u00e9taill\u00e9 avec un chirurgien plasticien sp\u00e9cialis\u00e9. La solution la plus adapt\u00e9e \u00e0 chaque individu est d\u00e9termin\u00e9e en fonction de ses besoins et de ses attentes.<\/span><\/p><p><span style=\"font-weight: 400;\">La chirurgie du muscle abdominal am\u00e9liore l'apparence physique des personnes en apportant un changement esth\u00e9tiquement significatif. En travaillant avec un chirurgien expert, vous pouvez obtenir les meilleurs r\u00e9sultats en fonction de vos attentes.<\/span><\/p>\t\t\t\t\t\t\t\t<\/div>\n\t\t\t\t<\/div>\n\t\t\t\t\t<\/div>\n\t\t\t\t<\/div>\n\t\t\t\t<\/div>","protected":false},"excerpt":{"rendered":"<p>La chirurgie des muscles abdominaux est une intervention chirurgicale privil\u00e9gi\u00e9e par les personnes qui souhaitent obtenir une apparence plus esth\u00e9tique en rendant leurs muscles abdominaux plus pro\u00e9minents.<\/p>","protected":false},"author":1,"featured_media":0,"parent":0,"menu_order":0,"comment_status":"closed","ping_status":"closed","template":"","meta":{"footnotes":""},"class_list":["post-27743","page","type-page","status-publish","hentry"],"_links":{"self":[{"href":"https:\/\/westestetik.com\/fr\/wp-json\/wp\/v2\/pages\/27743","targetHints":{"allow":["GET"]}}],"collection":[{"href":"https:\/\/westestetik.com\/fr\/wp-json\/wp\/v2\/pages"}],"about":[{"href":"https:\/\/westestetik.com\/fr\/wp-json\/wp\/v2\/types\/page"}],"author":[{"embeddable":true,"href":"https:\/\/westestetik.com\/fr\/wp-json\/wp\/v2\/users\/1"}],"replies":[{"embeddable":true,"href":"https:\/\/westestetik.com\/fr\/wp-json\/wp\/v2\/comments?post=27743"}],"version-history":[{"count":14,"href":"https:\/\/westestetik.com\/fr\/wp-json\/wp\/v2\/pages\/27743\/revisions"}],"predecessor-version":[{"id":31909,"href":"https:\/\/westestetik.com\/fr\/wp-json\/wp\/v2\/pages\/27743\/revisions\/31909"}],"wp:attachment":[{"href":"https:\/\/westestetik.com\/fr\/wp-json\/wp\/v2\/media?parent=27743"}],"curies":[{"name":"wp","href":"https:\/\/api.w.org\/{rel}","templated":true}]}}