{"id":27741,"date":"2024-12-02T22:41:45","date_gmt":"2024-12-02T22:41:45","guid":{"rendered":"https:\/\/westestetik.com\/?page_id=27741"},"modified":"2025-11-13T12:52:02","modified_gmt":"2025-11-13T09:52:02","slug":"implant-de-hanche","status":"publish","type":"page","link":"https:\/\/westestetik.com\/fr\/implant-de-hanche\/","title":{"rendered":"Implant de Hanche"},"content":{"rendered":"<div data-elementor-type=\"wp-page\" data-elementor-id=\"27741\" class=\"elementor elementor-27741\" data-elementor-post-type=\"page\">\n\t\t\t\t<div class=\"wd-negative-gap elementor-element elementor-element-e150b12 elementor-hidden-desktop elementor-hidden-tablet elementor-hidden-mobile e-flex e-con-boxed e-con e-parent\" data-id=\"e150b12\" data-element_type=\"container\">\n\t\t\t\t\t<div class=\"e-con-inner\">\n\t\t\t\t<div class=\"elementor-element elementor-element-7286009 elementor-widget elementor-widget-image\" data-id=\"7286009\" data-element_type=\"widget\" data-widget_type=\"image.default\">\n\t\t\t\t<div class=\"elementor-widget-container\">\n\t\t\t\t\t\t\t\t\t\t\t\t\t\t\t<img fetchpriority=\"high\" decoding=\"async\" width=\"1300\" height=\"384\" src=\"https:\/\/westestetik.com\/wp-content\/uploads\/2024\/12\/Uygulama-1-1300x384.png\" class=\"attachment-large size-large wp-image-27725\" alt=\"Maladies\" srcset=\"https:\/\/westestetik.com\/wp-content\/uploads\/2024\/12\/Uygulama-1-1300x384.png 1300w, https:\/\/westestetik.com\/wp-content\/uploads\/2024\/12\/Uygulama-1-430x127.png 430w, https:\/\/westestetik.com\/wp-content\/uploads\/2024\/12\/Uygulama-1-150x44.png 150w, https:\/\/westestetik.com\/wp-content\/uploads\/2024\/12\/Uygulama-1-700x207.png 700w, https:\/\/westestetik.com\/wp-content\/uploads\/2024\/12\/Uygulama-1-400x118.png 400w, https:\/\/westestetik.com\/wp-content\/uploads\/2024\/12\/Uygulama-1-768x227.png 768w, https:\/\/westestetik.com\/wp-content\/uploads\/2024\/12\/Uygulama-1-1536x453.png 1536w, https:\/\/westestetik.com\/wp-content\/uploads\/2024\/12\/Uygulama-1-2048x604.png 2048w\" sizes=\"(max-width: 1300px) 100vw, 1300px\" \/>\t\t\t\t\t\t\t\t\t\t\t\t\t\t\t<\/div>\n\t\t\t\t<\/div>\n\t\t\t\t\t<\/div>\n\t\t\t\t<\/div>\n\t\t<div class=\"wd-negative-gap elementor-element elementor-element-65407f0 e-flex e-con-boxed e-con e-parent\" data-id=\"65407f0\" data-element_type=\"container\">\n\t\t\t\t\t<div class=\"e-con-inner\">\n\t\t\t\t<div class=\"elementor-element elementor-element-896df31 color-scheme-inherit text-left elementor-widget elementor-widget-text-editor\" data-id=\"896df31\" data-element_type=\"widget\" data-widget_type=\"text-editor.default\">\n\t\t\t\t<div class=\"elementor-widget-container\">\n\t\t\t\t\t\t\t\t\t<p><span style=\"font-weight: 400;\">L'implant de hanche est une solution chirurgicale appliqu\u00e9e en raison d'une d\u00e9t\u00e9rioration ou d'une d\u00e9g\u00e9n\u00e9rescence excessive de l'articulation de la hanche. Il s'agit d'une option th\u00e9rapeutique efficace, en particulier pour les personnes qui ressentent des douleurs et une limitation des mouvements dans l'articulation de la hanche en raison de l'arthrose, de traumatismes accidentels ou de troubles articulaires li\u00e9s \u00e0 l'\u00e2ge. L'implantation de la hanche consiste \u00e0 remplacer la zone endommag\u00e9e de l'articulation par une proth\u00e8se durable.\u00a0<\/span><\/p><h2><span style=\"font-weight: 400;\">Qu'est-ce qu'une proth\u00e8se de hanche et comment est-elle pos\u00e9e ?<\/span><\/h2><p><span style=\"font-weight: 400;\">Une proth\u00e8se de hanche est une m\u00e9thode de traitement chirurgical appliqu\u00e9e en raison d'une d\u00e9t\u00e9rioration ou d'une d\u00e9g\u00e9n\u00e9rescence excessive de l'articulation de la hanche. L'articulation de la hanche est une grande articulation qui assure le mouvement entre le f\u00e9mur (os de la cuisse) et le bassin. Avec le temps, cette articulation peut \u00eatre endommag\u00e9e en raison du vieillissement, d'accidents ou de maladies. L'implant de hanche soulage la douleur et permet aux patients de retrouver leur mobilit\u00e9 gr\u00e2ce \u00e0 une proth\u00e8se plac\u00e9e \u00e0 la place de l'articulation endommag\u00e9e.<\/span><\/p><h2><span style=\"font-weight: 400;\">\u00c0 qui s'adresse la pose d'une proth\u00e8se de hanche ?<\/span><\/h2><p><span style=\"font-weight: 400;\">La pose d'une proth\u00e8se de hanche convient g\u00e9n\u00e9ralement aux patients qui souffrent de douleurs intenses et d'une perte de fonction au niveau de l'articulation de la hanche. Les personnes dont l'articulation de la hanche est endommag\u00e9e \u00e0 la suite d'affections telles que l'arthrose, un traumatisme ou une l\u00e9sion du cartilage peuvent pr\u00e9f\u00e9rer cette intervention chirurgicale. En outre, les patients dont la douleur ne peut \u00eatre ma\u00eetris\u00e9e par des m\u00e9thodes de traitement conservatrices sont \u00e9galement des candidats appropri\u00e9s pour la pose d'une proth\u00e8se de hanche.<\/span><\/p><h2><span style=\"font-weight: 400;\">Processus de pr\u00e9paration avant la pose d'une proth\u00e8se de hanche<\/span><\/h2><p><span style=\"font-weight: 400;\">Avant la pose d'une proth\u00e8se de hanche, les patients sont soumis \u00e0 un examen d\u00e9taill\u00e9 et \u00e0 des tests. Ces tests permettent d'\u00e9valuer l'\u00e9tat de sant\u00e9 g\u00e9n\u00e9ral du patient et de d\u00e9terminer s'il est apte \u00e0 subir une intervention chirurgicale. Des analyses sanguines, un ECG et des radiographies de l'articulation de la hanche sont g\u00e9n\u00e9ralement effectu\u00e9s. En outre, des informations sur l'anesth\u00e9sie sont donn\u00e9es et le patient est inform\u00e9 du processus de r\u00e9cup\u00e9ration postop\u00e9ratoire.<\/span><\/p><h2><span style=\"font-weight: 400;\">Implant de Hanche<\/span><span style=\"font-weight: 400;\"> Combien de temps dure l'op\u00e9ration ?<\/span><\/h2><p><span style=\"font-weight: 400;\">L'op\u00e9ration de pose d'une proth\u00e8se de hanche dure g\u00e9n\u00e9ralement entre 1,5 et 3 heures. Toutefois, cette dur\u00e9e peut varier en fonction de l'exp\u00e9rience du chirurgien, de l'\u00e9tat du patient et des mat\u00e9riaux utilis\u00e9s pour la proth\u00e8se. L'op\u00e9ration est r\u00e9alis\u00e9e sous anesth\u00e9sie g\u00e9n\u00e9rale et les patients ne ressentent aucune douleur pendant l'op\u00e9ration. En fonction du processus de r\u00e9tablissement et de l'\u00e9tat du patient, ce dernier peut rester \u00e0 l'h\u00f4pital pendant plusieurs jours.<\/span><\/p><h2><span style=\"font-weight: 400;\">Implant de Hanche<\/span><span style=\"font-weight: 400;\"> Quels sont les prix ?<\/span><\/h2><p><span style=\"font-weight: 400;\">Les prix des implants de hanche varient en fonction du type de proth\u00e8se utilis\u00e9, de l'exp\u00e9rience du chirurgien et de l'h\u00f4pital. La plupart des proth\u00e8ses de hanche sont fabriqu\u00e9es dans des mat\u00e9riaux durables, ce qui a une incidence sur les prix. Les prix sont d\u00e9termin\u00e9s par le type d'implant utilis\u00e9 et les besoins sp\u00e9cifiques du patient. Il est important de consulter un chirurgien orthop\u00e9diste sp\u00e9cialis\u00e9 pour obtenir un prix pr\u00e9cis.<\/span><\/p><h2><span style=\"font-weight: 400;\">Implant de Hanche<\/span><span style=\"font-weight: 400;\"> Dur\u00e9e d'application et types d'anesth\u00e9sie<\/span><\/h2><p><span style=\"font-weight: 400;\">L'op\u00e9ration de pose d'une proth\u00e8se de hanche dure g\u00e9n\u00e9ralement de 1,5 \u00e0 3 heures. Pendant l'op\u00e9ration, les patients sont sous anesth\u00e9sie g\u00e9n\u00e9rale, ce qui signifie qu'ils ne ressentent aucune douleur pendant l'op\u00e9ration. Le type d'anesth\u00e9sie peut varier en fonction de l'\u00e9tat de sant\u00e9 g\u00e9n\u00e9ral du patient et des pr\u00e9f\u00e9rences du chirurgien. En g\u00e9n\u00e9ral, la pr\u00e9f\u00e9rence va \u00e0 la rachianesth\u00e9sie ou \u00e0 l'anesth\u00e9sie g\u00e9n\u00e9rale.<\/span><\/p><h2><span style=\"font-weight: 400;\">Implant de Hanche<\/span><span style=\"font-weight: 400;\"> Processus de r\u00e9cup\u00e9ration apr\u00e8s<\/span><\/h2><p><span style=\"font-weight: 400;\">Le processus de r\u00e9tablissement apr\u00e8s la pose d'une proth\u00e8se de hanche peut varier en fonction de l'\u00e2ge du patient, de son \u00e9tat de sant\u00e9 et de la technique utilis\u00e9e par le chirurgien. Dans les premiers jours suivant l'op\u00e9ration, les patients doivent suivre les recommandations de leur m\u00e9decin en mati\u00e8re de gestion de la douleur et de kin\u00e9sith\u00e9rapie. La kin\u00e9sith\u00e9rapie acc\u00e9l\u00e8re la r\u00e9cup\u00e9ration de la fonction de l'articulation de la hanche. En g\u00e9n\u00e9ral, les patients peuvent reprendre leurs activit\u00e9s normales dans un d\u00e9lai de 6 \u00e0 8 semaines.<\/span><\/p><h2><span style=\"font-weight: 400;\">Implant de Hanche<\/span><span style=\"font-weight: 400;\"> Quels sont les avantages de l'application ?<\/span><\/h2><p><span style=\"font-weight: 400;\">La pose d'une proth\u00e8se de hanche est une excellente solution pour les patients qui souffrent de douleurs intenses et d'une limitation des mouvements au niveau de l'articulation de la hanche. L'avantage le plus important de cette op\u00e9ration est qu'elle \u00e9limine la douleur et permet aux patients de reprendre leur vie quotidienne. Elle compense \u00e9galement la perte de fonction de l'articulation de la hanche et augmente la mobilit\u00e9 des patients. Apr\u00e8s l'op\u00e9ration, la plupart des patients sont en mesure de mener une vie plus active.<\/span><\/p><h2><span style=\"font-weight: 400;\">Implant de Hanche <\/span><span style=\"font-weight: 400;\">Quelle est sa dur\u00e9e de vie ?<\/span><\/h2><p><span style=\"font-weight: 400;\">Les proth\u00e8ses de hanche sont fabriqu\u00e9es \u00e0 partir de mat\u00e9riaux durables et peuvent g\u00e9n\u00e9ralement durer de 15 \u00e0 20 ans. Toutefois, la durabilit\u00e9 de l'implant peut varier en fonction de l'\u00e2ge, du niveau d'activit\u00e9 et du poids du patient. Bien qu'il soit peu probable que les proth\u00e8ses se desserrent ou s'ab\u00eement dans les premiers temps, certains patients peuvent, avec le temps, avoir besoin d'un remplacement de la proth\u00e8se.<\/span><\/p><h2><span style=\"font-weight: 400;\">Implant de Hanche<\/span><span style=\"font-weight: 400;\"> \u00c9l\u00e9ments \u00e0 prendre en compte par les patients apr\u00e8s une intervention chirurgicale<\/span><\/h2><p><span style=\"font-weight: 400;\">Apr\u00e8s la pose d'une proth\u00e8se de hanche, les patients doivent \u00eatre attentifs \u00e0 plusieurs points importants. Tout d'abord, les recommandations du m\u00e9decin doivent \u00eatre suivies pendant le processus de gu\u00e9rison. La th\u00e9rapie physique et les exercices acc\u00e9l\u00e8rent le processus de gu\u00e9rison. En outre, l'articulation de la hanche ne doit pas \u00eatre surcharg\u00e9e et les mouvements brusques doivent \u00eatre \u00e9vit\u00e9s. Les patients doivent maintenir un mode de vie sain pendant le processus de gu\u00e9rison.<\/span><\/p><h2><span style=\"font-weight: 400;\">Implant de Hanche<\/span><span style=\"font-weight: 400;\"> Les types de proth\u00e8ses les plus courants<\/span><\/h2><p><span style=\"font-weight: 400;\">Diff\u00e9rents types de proth\u00e8ses peuvent \u00eatre utilis\u00e9s dans le cadre d'une chirurgie d'implantation de la hanche. Il s'agit de proth\u00e8ses en m\u00e9tal, en c\u00e9ramique et en plastique. Les proth\u00e8ses m\u00e9talliques sont r\u00e9sistantes et durables, tandis que les proth\u00e8ses en c\u00e9ramique offrent un mouvement plus naturel. Le type de proth\u00e8se est choisi en fonction de l'\u00e2ge du patient, de son mode de vie et de l'\u00e9tat de son articulation.<\/span><\/p><h2><span style=\"font-weight: 400;\">Id\u00e9es fausses et faits concernant l'implant de hanche<\/span><\/h2><p><span style=\"font-weight: 400;\">Les implants de la hanche font l'objet de quelques id\u00e9es fausses. On craint notamment que les proth\u00e8ses aient une dur\u00e9e de vie tr\u00e8s courte ou que les patients ne soient pas en mesure de retrouver une vie normale. Cependant, les implants de hanche modernes sont tr\u00e8s durables et, avec un processus de gu\u00e9rison ad\u00e9quat, les patients peuvent reprendre leur vie quotidienne. En outre, la gestion de la douleur postop\u00e9ratoire est \u00e9galement tr\u00e8s efficace.<\/span><\/p><h2><span style=\"font-weight: 400;\">Combien d'heures dure l'op\u00e9ration et est-ce douloureux ?<\/span><\/h2><p><span style=\"font-weight: 400;\">L'op\u00e9ration de pose d'un implant de hanche dure g\u00e9n\u00e9ralement entre 1,5 et 3 heures. Cette dur\u00e9e peut varier en fonction de l'\u00e9tat du patient et du type de proth\u00e8se. Pendant l'op\u00e9ration, les patients ne ressentent aucune douleur car ils sont sous anesth\u00e9sie g\u00e9n\u00e9rale. Il peut y avoir des douleurs postop\u00e9ratoires, mais elles peuvent g\u00e9n\u00e9ralement \u00eatre contr\u00f4l\u00e9es par des m\u00e9dicaments.<\/span><\/p>\t\t\t\t\t\t\t\t<\/div>\n\t\t\t\t<\/div>\n\t\t\t\t\t<\/div>\n\t\t\t\t<\/div>\n\t\t\t\t<\/div>","protected":false},"excerpt":{"rendered":"<p>Kal\u00e7a implant\u0131, kal\u00e7a ekleminde a\u015f\u0131r\u0131 hasar veya dejenerasyon nedeniyle uygulanan cerrahi bir \u00e7\u00f6z\u00fcmd\u00fcr. \u00d6zellikle osteoartrit, kaza sonucu olu\u015fan travmalar veya<\/p>","protected":false},"author":1,"featured_media":0,"parent":0,"menu_order":0,"comment_status":"closed","ping_status":"closed","template":"","meta":{"footnotes":""},"class_list":["post-27741","page","type-page","status-publish","hentry"],"_links":{"self":[{"href":"https:\/\/westestetik.com\/fr\/wp-json\/wp\/v2\/pages\/27741","targetHints":{"allow":["GET"]}}],"collection":[{"href":"https:\/\/westestetik.com\/fr\/wp-json\/wp\/v2\/pages"}],"about":[{"href":"https:\/\/westestetik.com\/fr\/wp-json\/wp\/v2\/types\/page"}],"author":[{"embeddable":true,"href":"https:\/\/westestetik.com\/fr\/wp-json\/wp\/v2\/users\/1"}],"replies":[{"embeddable":true,"href":"https:\/\/westestetik.com\/fr\/wp-json\/wp\/v2\/comments?post=27741"}],"version-history":[{"count":19,"href":"https:\/\/westestetik.com\/fr\/wp-json\/wp\/v2\/pages\/27741\/revisions"}],"predecessor-version":[{"id":31906,"href":"https:\/\/westestetik.com\/fr\/wp-json\/wp\/v2\/pages\/27741\/revisions\/31906"}],"wp:attachment":[{"href":"https:\/\/westestetik.com\/fr\/wp-json\/wp\/v2\/media?parent=27741"}],"curies":[{"name":"wp","href":"https:\/\/api.w.org\/{rel}","templated":true}]}}