{"id":27739,"date":"2024-12-02T22:40:26","date_gmt":"2024-12-02T22:40:26","guid":{"rendered":"https:\/\/westestetik.com\/?page_id=27739"},"modified":"2025-11-13T12:51:45","modified_gmt":"2025-11-13T09:51:45","slug":"lifting-des-cuisses","status":"publish","type":"page","link":"https:\/\/westestetik.com\/fr\/lifting-des-cuisses\/","title":{"rendered":"Lifting des Cuisses"},"content":{"rendered":"<div data-elementor-type=\"wp-page\" data-elementor-id=\"27739\" class=\"elementor elementor-27739\" data-elementor-post-type=\"page\">\n\t\t\t\t<div class=\"elementor-element elementor-element-479676e1 e-con-full elementor-hidden-desktop elementor-hidden-tablet elementor-hidden-mobile e-flex e-con e-parent\" data-id=\"479676e1\" data-element_type=\"container\">\n\t\t<div class=\"elementor-element elementor-element-4a2b21a6 e-con-full e-flex e-con e-child\" data-id=\"4a2b21a6\" data-element_type=\"container\">\n\t\t\t\t<div class=\"elementor-element elementor-element-178ea743 elementor-widget elementor-widget-image\" data-id=\"178ea743\" data-element_type=\"widget\" data-widget_type=\"image.default\">\n\t\t\t\t<div class=\"elementor-widget-container\">\n\t\t\t\t\t\t\t\t\t\t\t\t\t\t\t<img decoding=\"async\" width=\"100\" height=\"100\" src=\"https:\/\/westestetik.com\/wp-content\/uploads\/2024\/12\/1-4.png\" class=\"attachment-large size-large wp-image-28814\" alt=\"\" srcset=\"https:\/\/westestetik.com\/wp-content\/uploads\/2024\/12\/1-4.png 100w, https:\/\/westestetik.com\/wp-content\/uploads\/2024\/12\/1-4-12x12.png 12w\" sizes=\"(max-width: 100px) 100vw, 100px\" \/>\t\t\t\t\t\t\t\t\t\t\t\t\t\t\t<\/div>\n\t\t\t\t<\/div>\n\t\t\t\t<\/div>\n\t\t<div class=\"elementor-element elementor-element-399b4441 e-con-full e-flex e-con e-child\" data-id=\"399b4441\" data-element_type=\"container\">\n\t\t\t\t<div class=\"elementor-element elementor-element-69a5e4c5 elementor-widget elementor-widget-image\" data-id=\"69a5e4c5\" data-element_type=\"widget\" data-widget_type=\"image.default\">\n\t\t\t\t<div class=\"elementor-widget-container\">\n\t\t\t\t\t\t\t\t\t\t\t\t\t\t\t<img decoding=\"async\" width=\"100\" height=\"100\" src=\"https:\/\/westestetik.com\/wp-content\/uploads\/2024\/12\/2-5.png\" class=\"attachment-large size-large wp-image-28815\" alt=\"\" srcset=\"https:\/\/westestetik.com\/wp-content\/uploads\/2024\/12\/2-5.png 100w, https:\/\/westestetik.com\/wp-content\/uploads\/2024\/12\/2-5-12x12.png 12w\" sizes=\"(max-width: 100px) 100vw, 100px\" \/>\t\t\t\t\t\t\t\t\t\t\t\t\t\t\t<\/div>\n\t\t\t\t<\/div>\n\t\t\t\t<\/div>\n\t\t<div class=\"elementor-element elementor-element-7400db17 e-con-full e-flex e-con e-child\" data-id=\"7400db17\" data-element_type=\"container\">\n\t\t\t\t<div class=\"elementor-element elementor-element-5edf8749 elementor-widget elementor-widget-image\" data-id=\"5edf8749\" data-element_type=\"widget\" data-widget_type=\"image.default\">\n\t\t\t\t<div class=\"elementor-widget-container\">\n\t\t\t\t\t\t\t\t\t\t\t\t\t\t\t<img decoding=\"async\" width=\"100\" height=\"100\" src=\"https:\/\/westestetik.com\/wp-content\/uploads\/2024\/12\/3-1.png\" class=\"attachment-large size-large wp-image-28816\" alt=\"\" srcset=\"https:\/\/westestetik.com\/wp-content\/uploads\/2024\/12\/3-1.png 100w, https:\/\/westestetik.com\/wp-content\/uploads\/2024\/12\/3-1-12x12.png 12w\" sizes=\"(max-width: 100px) 100vw, 100px\" \/>\t\t\t\t\t\t\t\t\t\t\t\t\t\t\t<\/div>\n\t\t\t\t<\/div>\n\t\t\t\t<\/div>\n\t\t<div class=\"elementor-element elementor-element-7d5fb57c e-con-full e-flex e-con e-child\" data-id=\"7d5fb57c\" data-element_type=\"container\">\n\t\t\t\t<div class=\"elementor-element elementor-element-674b1a4e elementor-widget elementor-widget-image\" data-id=\"674b1a4e\" data-element_type=\"widget\" data-widget_type=\"image.default\">\n\t\t\t\t<div class=\"elementor-widget-container\">\n\t\t\t\t\t\t\t\t\t\t\t\t\t\t\t<img loading=\"lazy\" decoding=\"async\" width=\"100\" height=\"100\" src=\"https:\/\/westestetik.com\/wp-content\/uploads\/2024\/12\/4-1.png\" class=\"attachment-large size-large wp-image-28817\" alt=\"\" srcset=\"https:\/\/westestetik.com\/wp-content\/uploads\/2024\/12\/4-1.png 100w, https:\/\/westestetik.com\/wp-content\/uploads\/2024\/12\/4-1-12x12.png 12w\" sizes=\"(max-width: 100px) 100vw, 100px\" \/>\t\t\t\t\t\t\t\t\t\t\t\t\t\t\t<\/div>\n\t\t\t\t<\/div>\n\t\t\t\t<\/div>\n\t\t<div class=\"elementor-element elementor-element-48968e11 e-con-full e-flex e-con e-child\" data-id=\"48968e11\" data-element_type=\"container\">\n\t\t\t\t<div class=\"elementor-element elementor-element-3e211bf1 elementor-widget elementor-widget-image\" data-id=\"3e211bf1\" data-element_type=\"widget\" data-widget_type=\"image.default\">\n\t\t\t\t<div class=\"elementor-widget-container\">\n\t\t\t\t\t\t\t\t\t\t\t\t\t\t\t<img loading=\"lazy\" decoding=\"async\" width=\"100\" height=\"100\" src=\"https:\/\/westestetik.com\/wp-content\/uploads\/2024\/12\/5-1.png\" class=\"attachment-large size-large wp-image-28818\" alt=\"\" srcset=\"https:\/\/westestetik.com\/wp-content\/uploads\/2024\/12\/5-1.png 100w, https:\/\/westestetik.com\/wp-content\/uploads\/2024\/12\/5-1-12x12.png 12w\" sizes=\"(max-width: 100px) 100vw, 100px\" \/>\t\t\t\t\t\t\t\t\t\t\t\t\t\t\t<\/div>\n\t\t\t\t<\/div>\n\t\t\t\t<\/div>\n\t\t\t\t<\/div>\n\t\t<div class=\"wd-negative-gap elementor-element elementor-element-45e7fdf9 elementor-hidden-desktop elementor-hidden-tablet elementor-hidden-mobile e-flex e-con-boxed e-con e-parent\" data-id=\"45e7fdf9\" data-element_type=\"container\">\n\t\t\t\t\t<div class=\"e-con-inner\">\n\t\t<div class=\"elementor-element elementor-element-65cd15ab e-con-full e-flex e-con e-child\" data-id=\"65cd15ab\" data-element_type=\"container\">\n\t\t\t\t<div class=\"elementor-element elementor-element-121012e9 wd-width-100 elementor-widget elementor-widget-wd_title\" data-id=\"121012e9\" data-element_type=\"widget\" data-widget_type=\"wd_title.default\">\n\t\t\t\t<div class=\"elementor-widget-container\">\n\t\t\t\t\t\t\t<div class=\"title-wrapper set-mb-s reset-last-child wd-title-color-default wd-title-style-default wd-title-size-default text-center\">\n\n\t\t\t\t\t\t\t<div class=\"title-subtitle subtitle-color-default subtitle-style-default wd-fontsize-xs\">\n\t\t\t\t\tDur\u00e9e moyenne du s\u00e9jour\t\t\t\t<\/div>\n\t\t\t\n\t\t\t<div class=\"liner-continer\">\n\t\t\t\t<p class=\"woodmart-title-container title wd-fontsize-l\">7 jours<\/p> \n\t\t\t\t\t\t\t<\/div>\n\n\t\t\t\t\t<\/div>\n\t\t\t\t\t\t<\/div>\n\t\t\t\t<\/div>\n\t\t\t\t<\/div>\n\t\t<div class=\"elementor-element elementor-element-2cf0f2cb e-con-full e-flex e-con e-child\" data-id=\"2cf0f2cb\" data-element_type=\"container\">\n\t\t\t\t<div class=\"elementor-element elementor-element-142bcdfd wd-width-100 elementor-widget elementor-widget-wd_title\" data-id=\"142bcdfd\" data-element_type=\"widget\" data-widget_type=\"wd_title.default\">\n\t\t\t\t<div class=\"elementor-widget-container\">\n\t\t\t\t\t\t\t<div class=\"title-wrapper set-mb-s reset-last-child wd-title-color-default wd-title-style-default wd-title-size-default text-center\">\n\n\t\t\t\t\t\t\t<div class=\"title-subtitle subtitle-color-default subtitle-style-default wd-fontsize-xs\">\n\t\t\t\t\tDur\u00e9e de l'hospitalisation\t\t\t\t<\/div>\n\t\t\t\n\t\t\t<div class=\"liner-continer\">\n\t\t\t\t<p class=\"woodmart-title-container title wd-fontsize-l\">1 jour<\/p> \n\t\t\t\t\t\t\t<\/div>\n\n\t\t\t\t\t<\/div>\n\t\t\t\t\t\t<\/div>\n\t\t\t\t<\/div>\n\t\t\t\t<\/div>\n\t\t<div class=\"elementor-element elementor-element-52bc427c e-con-full e-flex e-con e-child\" data-id=\"52bc427c\" data-element_type=\"container\">\n\t\t\t\t<div class=\"elementor-element elementor-element-15e85ab6 wd-width-100 elementor-widget elementor-widget-wd_title\" data-id=\"15e85ab6\" data-element_type=\"widget\" data-widget_type=\"wd_title.default\">\n\t\t\t\t<div class=\"elementor-widget-container\">\n\t\t\t\t\t\t\t<div class=\"title-wrapper set-mb-s reset-last-child wd-title-color-default wd-title-style-default wd-title-size-default text-center\">\n\n\t\t\t\t\t\t\t<div class=\"title-subtitle subtitle-color-default subtitle-style-default wd-fontsize-xs\">\n\t\t\t\t\tDur\u00e9e de l'op\u00e9ration\t\t\t\t<\/div>\n\t\t\t\n\t\t\t<div class=\"liner-continer\">\n\t\t\t\t<p class=\"woodmart-title-container title wd-fontsize-l\">2-4 heures<\/p> \n\t\t\t\t\t\t\t<\/div>\n\n\t\t\t\t\t<\/div>\n\t\t\t\t\t\t<\/div>\n\t\t\t\t<\/div>\n\t\t\t\t<\/div>\n\t\t<div class=\"elementor-element elementor-element-499a58e3 e-con-full e-flex e-con e-child\" data-id=\"499a58e3\" data-element_type=\"container\">\n\t\t\t\t<div class=\"elementor-element elementor-element-4b2ae6d wd-width-100 elementor-widget elementor-widget-wd_title\" data-id=\"4b2ae6d\" data-element_type=\"widget\" data-widget_type=\"wd_title.default\">\n\t\t\t\t<div class=\"elementor-widget-container\">\n\t\t\t\t\t\t\t<div class=\"title-wrapper set-mb-s reset-last-child wd-title-color-default wd-title-style-default wd-title-size-default text-center\">\n\n\t\t\t\t\t\t\t<div class=\"title-subtitle subtitle-color-default subtitle-style-default wd-fontsize-xs\">\n\t\t\t\t\tType d'anesth\u00e9sie\t\t\t\t<\/div>\n\t\t\t\n\t\t\t<div class=\"liner-continer\">\n\t\t\t\t<p class=\"woodmart-title-container title wd-fontsize-l\">Anesth\u00e9sie g\u00e9n\u00e9rale<\/p> \n\t\t\t\t\t\t\t<\/div>\n\n\t\t\t\t\t<\/div>\n\t\t\t\t\t\t<\/div>\n\t\t\t\t<\/div>\n\t\t\t\t<\/div>\n\t\t<div class=\"elementor-element elementor-element-11ed7d e-con-full e-flex e-con e-child\" data-id=\"11ed7d\" data-element_type=\"container\">\n\t\t\t\t<div class=\"elementor-element elementor-element-55908bb3 wd-width-100 elementor-widget elementor-widget-wd_title\" data-id=\"55908bb3\" data-element_type=\"widget\" data-widget_type=\"wd_title.default\">\n\t\t\t\t<div class=\"elementor-widget-container\">\n\t\t\t\t\t\t\t<div class=\"title-wrapper set-mb-s reset-last-child wd-title-color-default wd-title-style-default wd-title-size-default text-center\">\n\n\t\t\t\t\t\t\t<div class=\"title-subtitle subtitle-color-default subtitle-style-default wd-fontsize-xs\">\n\t\t\t\t\tD\u00e9lai de r\u00e9cup\u00e9ration\t\t\t\t<\/div>\n\t\t\t\n\t\t\t<div class=\"liner-continer\">\n\t\t\t\t<p class=\"woodmart-title-container title wd-fontsize-l\">1-2 semaines<\/p> \n\t\t\t\t\t\t\t<\/div>\n\n\t\t\t\t\t<\/div>\n\t\t\t\t\t\t<\/div>\n\t\t\t\t<\/div>\n\t\t\t\t<\/div>\n\t\t\t\t\t<\/div>\n\t\t\t\t<\/div>\n\t\t<div class=\"wd-negative-gap elementor-element elementor-element-f8994c3 e-flex e-con-boxed e-con e-parent\" data-id=\"f8994c3\" data-element_type=\"container\">\n\t\t\t\t\t<div class=\"e-con-inner\">\n\t\t\t\t<div class=\"elementor-element elementor-element-0a8c510 color-scheme-inherit text-left elementor-widget elementor-widget-text-editor\" data-id=\"0a8c510\" data-element_type=\"widget\" data-widget_type=\"text-editor.default\">\n\t\t\t\t<div class=\"elementor-widget-container\">\n\t\t\t\t\t\t\t\t\t<p>Le lifting des cuisses est une intervention esth\u00e9tique efficace qui permet de r\u00e9soudre les probl\u00e8mes d'affaissement et de rel\u00e2chement de la peau. L'affaissement de la r\u00e9gion des cuisses, notamment d\u00fb \u00e0 la perte de poids, au vieillissement ou \u00e0 des facteurs g\u00e9n\u00e9tiques, peut avoir une incidence n\u00e9gative sur l'apparence physique des personnes.\u00a0<\/p><h2>Qu'est-ce que la chirurgie de lifting des cuisses ?<\/h2><p>La chirurgie de lifting des cuisses consiste \u00e0 retirer l'exc\u00e8s de peau et de tissu adipeux dans la r\u00e9gion des cuisses. Cette intervention est pratiqu\u00e9e pour corriger l'affaissement de la peau et resserrer la peau dans la r\u00e9gion des cuisses. Cette intervention est g\u00e9n\u00e9ralement pr\u00e9f\u00e9r\u00e9e par les personnes qui souhaitent corriger les d\u00e9formations qui se produisent dans le corps apr\u00e8s une perte de poids, le vieillissement ou l'accouchement. La proc\u00e9dure de lifting des cuisses vise \u00e0 am\u00e9liorer la confiance en soi de la personne ainsi que son apparence esth\u00e9tique.<\/p><h2>Quels sont les avantages du lifting des cuisses ?<\/h2><p>La chirurgie de lifting des cuisses offre de nombreux avantages. Parmi ces avantages, citons<\/p><ul><li>Resserrement de la peau : La peau rel\u00e2ch\u00e9e et l\u00e2che est resserr\u00e9e.<\/li><li>Aspect esth\u00e9tique : L'\u00e9limination de l'exc\u00e8s de peau et de graisse dans la r\u00e9gion des cuisses permet d'obtenir des contours corporels plus lisses.<\/li><li>Confiance en soi accrue : L'\u00e9limination de l'affaissement ind\u00e9sirable aide les gens \u00e0 se sentir mieux dans leur peau.<\/li><li>Confort physique : L'inconfort physique caus\u00e9 par le rel\u00e2chement de la peau diminue apr\u00e8s l'intervention.<\/li><\/ul><h2>\u00c0 qui s'adresse l'op\u00e9ration de lifting des cuisses ?<\/h2><p>L'op\u00e9ration de lifting des cuisses convient aux personnes qui souffrent d'un rel\u00e2chement excessif de leur corps, qui ont perdu l'\u00e9lasticit\u00e9 de leur peau et qui ne sont pas satisfaites sur le plan esth\u00e9tique. En outre, les personnes dont le corps s'est affaiss\u00e9 apr\u00e8s une perte de poids peuvent obtenir une apparence plus esth\u00e9tique gr\u00e2ce \u00e0 la proc\u00e9dure de lifting des cuisses. Candidats id\u00e9aux pour l'op\u00e9ration :<\/p><ul><li>Les personnes pr\u00e9sentant un rel\u00e2chement de la peau apr\u00e8s une perte de poids,<\/li><li>Les personnes qui ont perdu l'\u00e9lasticit\u00e9 de leur peau en raison du vieillissement,<\/li><li>Les femmes pr\u00e9sentant une d\u00e9formation post-partum au niveau de l'abdomen et des cuisses,<\/li><li>Les personnes en bonne sant\u00e9, celles qui sont proches du poids id\u00e9al, mais qui souhaitent un raffermissement de la r\u00e9gion des cuisses.<\/li><\/ul><h2>Comment l'op\u00e9ration de lifting des cuisses est-elle pratiqu\u00e9e ?<\/h2><p>L'op\u00e9ration de lifting des cuisses est g\u00e9n\u00e9ralement r\u00e9alis\u00e9e sous anesth\u00e9sie g\u00e9n\u00e9rale. Le chirurgien pratique de petites incisions \u00e0 l'int\u00e9rieur de la cuisse, dans la r\u00e9gion de l'aine ou dans la partie inf\u00e9rieure de la cuisse. Par ces incisions, l'exc\u00e8s de peau et de graisse est enlev\u00e9 et la peau est resserr\u00e9e. La dur\u00e9e de l'op\u00e9ration peut varier en fonction de l'ampleur de l'intervention et dure g\u00e9n\u00e9ralement entre 2 et 4 heures. Apr\u00e8s l'intervention, les patients sont gard\u00e9s en observation \u00e0 l'h\u00f4pital pendant un certain temps et le processus de r\u00e9tablissement commence.<\/p><h2>Processus de r\u00e9cup\u00e9ration apr\u00e8s une op\u00e9ration de lifting des cuisses<\/h2><p>Le processus de r\u00e9tablissement apr\u00e8s une op\u00e9ration de lifting des cuisses varie d'une personne \u00e0 l'autre. En g\u00e9n\u00e9ral, les patients peuvent ressentir une l\u00e9g\u00e8re douleur pendant quelques jours apr\u00e8s l'intervention. Les gonflements et les ecchymoses sont \u00e9galement des effets secondaires courants. Le processus de gu\u00e9rison commence au bout d'une \u00e0 deux semaines et le patient peut reprendre ses activit\u00e9s quotidiennes normales au bout de quatre \u00e0 six semaines. Le r\u00e9tablissement complet peut prendre plusieurs mois.<\/p><h2>Risques et effets secondaires de l'op\u00e9ration de lifting des cuisses<\/h2><p>Comme toute intervention chirurgicale, le lifting des cuisses comporte certains risques. Il s'agit notamment d'infections, de saignements, de cicatrices et de r\u00e9actions allergiques \u00e0 l'anesth\u00e9sie. En outre, les complications qui peuvent survenir pendant le processus de gu\u00e9rison font \u00e9galement partie des risques. Toutefois, ces risques peuvent \u00eatre minimis\u00e9s si l'intervention est r\u00e9alis\u00e9e par un chirurgien exp\u00e9riment\u00e9.<\/p><h2>Quels sont les \u00e9l\u00e9ments \u00e0 prendre en compte apr\u00e8s une op\u00e9ration de lifting des cuisses ?<\/h2><p>Apr\u00e8s l'op\u00e9ration, il y a plusieurs points importants auxquels les patients doivent pr\u00eater attention. Ces points sont les suivants<\/p><ul><li>Soins de la plaie : La zone de la cicatrice chirurgicale doit \u00eatre maintenue propre et soign\u00e9e r\u00e9guli\u00e8rement \u00e0 l'aide des cr\u00e8mes recommand\u00e9es par le m\u00e9decin.<\/li><li>Restriction des mouvements : Les exercices lourds et les mouvements excessifs doivent \u00eatre \u00e9vit\u00e9s pendant les premi\u00e8res semaines.<\/li><li>Tabagisme : Le tabagisme peut avoir un effet n\u00e9gatif sur le processus de cicatrisation, c'est pourquoi il faut \u00e9viter de fumer.<\/li><\/ul><h2>Prix des op\u00e9rations de lifting des cuisses<\/h2><p>Les prix des op\u00e9rations de lifting des cuisses peuvent varier en fonction de l'exp\u00e9rience du chirurgien, de la localisation de l'h\u00f4pital et de l'ampleur de l'op\u00e9ration. Bien que les prix en Turquie soient g\u00e9n\u00e9ralement plus abordables, les prix d\u00e9termin\u00e9s en fonction des besoins individuels peuvent varier. Pour conna\u00eetre le prix le plus pr\u00e9cis, il est important de contacter directement un chirurgien plasticien.<\/p><h2>Cicatrices et r\u00e9sultats esth\u00e9tiques apr\u00e8s une op\u00e9ration de lifting des cuisses<\/h2><p>Les cicatrices qui appara\u00eetront apr\u00e8s une op\u00e9ration de lifting des cuisses varient en fonction de la technique appliqu\u00e9e par le chirurgien et des sites d'incision. Un bon chirurgien choisit des sites d'incision appropri\u00e9s pour minimiser les cicatrices. Avec le temps, ces cicatrices s'estompent et deviennent moins visibles. Toutefois, il n'est pas possible de les faire dispara\u00eetre compl\u00e8tement.<\/p><p>\u00a0<\/p>\t\t\t\t\t\t\t\t<\/div>\n\t\t\t\t<\/div>\n\t\t\t\t\t<\/div>\n\t\t\t\t<\/div>\n\t\t\t\t<\/div>","protected":false},"excerpt":{"rendered":"<p>Ortalama Kal\u0131\u015f S\u00fcresi 7 G\u00fcn Hastanede Yat\u0131\u015f S\u00fcresi 1 G\u00fcn Operasyon S\u00fcresi 2-4 Saat Anestezi T\u00fcr\u00fc Genel Anestezi \u0130yile\u015fme S\u00fcresi<\/p>","protected":false},"author":1,"featured_media":0,"parent":0,"menu_order":0,"comment_status":"closed","ping_status":"closed","template":"","meta":{"footnotes":""},"class_list":["post-27739","page","type-page","status-publish","hentry"],"_links":{"self":[{"href":"https:\/\/westestetik.com\/fr\/wp-json\/wp\/v2\/pages\/27739","targetHints":{"allow":["GET"]}}],"collection":[{"href":"https:\/\/westestetik.com\/fr\/wp-json\/wp\/v2\/pages"}],"about":[{"href":"https:\/\/westestetik.com\/fr\/wp-json\/wp\/v2\/types\/page"}],"author":[{"embeddable":true,"href":"https:\/\/westestetik.com\/fr\/wp-json\/wp\/v2\/users\/1"}],"replies":[{"embeddable":true,"href":"https:\/\/westestetik.com\/fr\/wp-json\/wp\/v2\/comments?post=27739"}],"version-history":[{"count":10,"href":"https:\/\/westestetik.com\/fr\/wp-json\/wp\/v2\/pages\/27739\/revisions"}],"predecessor-version":[{"id":31901,"href":"https:\/\/westestetik.com\/fr\/wp-json\/wp\/v2\/pages\/27739\/revisions\/31901"}],"wp:attachment":[{"href":"https:\/\/westestetik.com\/fr\/wp-json\/wp\/v2\/media?parent=27739"}],"curies":[{"name":"wp","href":"https:\/\/api.w.org\/{rel}","templated":true}]}}