{"id":27737,"date":"2024-12-02T22:40:00","date_gmt":"2024-12-02T22:40:00","guid":{"rendered":"https:\/\/westestetik.com\/?page_id=27737"},"modified":"2025-11-13T12:51:18","modified_gmt":"2025-11-13T09:51:18","slug":"etirement-des-bras","status":"publish","type":"page","link":"https:\/\/westestetik.com\/fr\/etirement-des-bras\/","title":{"rendered":"\u00c9tirement des Bras"},"content":{"rendered":"<div data-elementor-type=\"wp-page\" data-elementor-id=\"27737\" class=\"elementor elementor-27737\" data-elementor-post-type=\"page\">\n\t\t\t\t<div class=\"elementor-element elementor-element-153da6b5 e-con-full elementor-hidden-desktop elementor-hidden-tablet elementor-hidden-mobile e-flex e-con e-parent\" data-id=\"153da6b5\" data-element_type=\"container\">\n\t\t<div class=\"elementor-element elementor-element-1ca16a16 e-con-full e-flex e-con e-child\" data-id=\"1ca16a16\" data-element_type=\"container\">\n\t\t\t\t<div class=\"elementor-element elementor-element-292d1e08 elementor-widget elementor-widget-image\" data-id=\"292d1e08\" data-element_type=\"widget\" data-widget_type=\"image.default\">\n\t\t\t\t<div class=\"elementor-widget-container\">\n\t\t\t\t\t\t\t\t\t\t\t\t\t\t\t<img decoding=\"async\" width=\"100\" height=\"100\" src=\"https:\/\/westestetik.com\/wp-content\/uploads\/2024\/12\/1-4.png\" class=\"attachment-large size-large wp-image-28814\" alt=\"\" srcset=\"https:\/\/westestetik.com\/wp-content\/uploads\/2024\/12\/1-4.png 100w, https:\/\/westestetik.com\/wp-content\/uploads\/2024\/12\/1-4-12x12.png 12w\" sizes=\"(max-width: 100px) 100vw, 100px\" \/>\t\t\t\t\t\t\t\t\t\t\t\t\t\t\t<\/div>\n\t\t\t\t<\/div>\n\t\t\t\t<\/div>\n\t\t<div class=\"elementor-element elementor-element-6ffb8368 e-con-full e-flex e-con e-child\" data-id=\"6ffb8368\" data-element_type=\"container\">\n\t\t\t\t<div class=\"elementor-element elementor-element-50335ed8 elementor-widget elementor-widget-image\" data-id=\"50335ed8\" data-element_type=\"widget\" data-widget_type=\"image.default\">\n\t\t\t\t<div class=\"elementor-widget-container\">\n\t\t\t\t\t\t\t\t\t\t\t\t\t\t\t<img decoding=\"async\" width=\"100\" height=\"100\" src=\"https:\/\/westestetik.com\/wp-content\/uploads\/2024\/12\/2-5.png\" class=\"attachment-large size-large wp-image-28815\" alt=\"\" srcset=\"https:\/\/westestetik.com\/wp-content\/uploads\/2024\/12\/2-5.png 100w, https:\/\/westestetik.com\/wp-content\/uploads\/2024\/12\/2-5-12x12.png 12w\" sizes=\"(max-width: 100px) 100vw, 100px\" \/>\t\t\t\t\t\t\t\t\t\t\t\t\t\t\t<\/div>\n\t\t\t\t<\/div>\n\t\t\t\t<\/div>\n\t\t<div class=\"elementor-element elementor-element-42a40508 e-con-full e-flex e-con e-child\" data-id=\"42a40508\" data-element_type=\"container\">\n\t\t\t\t<div class=\"elementor-element elementor-element-46886463 elementor-widget elementor-widget-image\" data-id=\"46886463\" data-element_type=\"widget\" data-widget_type=\"image.default\">\n\t\t\t\t<div class=\"elementor-widget-container\">\n\t\t\t\t\t\t\t\t\t\t\t\t\t\t\t<img decoding=\"async\" width=\"100\" height=\"100\" src=\"https:\/\/westestetik.com\/wp-content\/uploads\/2024\/12\/3-1.png\" class=\"attachment-large size-large wp-image-28816\" alt=\"\" srcset=\"https:\/\/westestetik.com\/wp-content\/uploads\/2024\/12\/3-1.png 100w, https:\/\/westestetik.com\/wp-content\/uploads\/2024\/12\/3-1-12x12.png 12w\" sizes=\"(max-width: 100px) 100vw, 100px\" \/>\t\t\t\t\t\t\t\t\t\t\t\t\t\t\t<\/div>\n\t\t\t\t<\/div>\n\t\t\t\t<\/div>\n\t\t<div class=\"elementor-element elementor-element-7804eab6 e-con-full e-flex e-con e-child\" data-id=\"7804eab6\" data-element_type=\"container\">\n\t\t\t\t<div class=\"elementor-element elementor-element-5bea04b2 elementor-widget elementor-widget-image\" data-id=\"5bea04b2\" data-element_type=\"widget\" data-widget_type=\"image.default\">\n\t\t\t\t<div class=\"elementor-widget-container\">\n\t\t\t\t\t\t\t\t\t\t\t\t\t\t\t<img loading=\"lazy\" decoding=\"async\" width=\"100\" height=\"100\" src=\"https:\/\/westestetik.com\/wp-content\/uploads\/2024\/12\/4-1.png\" class=\"attachment-large size-large wp-image-28817\" alt=\"\" srcset=\"https:\/\/westestetik.com\/wp-content\/uploads\/2024\/12\/4-1.png 100w, https:\/\/westestetik.com\/wp-content\/uploads\/2024\/12\/4-1-12x12.png 12w\" sizes=\"(max-width: 100px) 100vw, 100px\" \/>\t\t\t\t\t\t\t\t\t\t\t\t\t\t\t<\/div>\n\t\t\t\t<\/div>\n\t\t\t\t<\/div>\n\t\t<div class=\"elementor-element elementor-element-241c2945 e-con-full e-flex e-con e-child\" data-id=\"241c2945\" data-element_type=\"container\">\n\t\t\t\t<div class=\"elementor-element elementor-element-24706e67 elementor-widget elementor-widget-image\" data-id=\"24706e67\" data-element_type=\"widget\" data-widget_type=\"image.default\">\n\t\t\t\t<div class=\"elementor-widget-container\">\n\t\t\t\t\t\t\t\t\t\t\t\t\t\t\t<img loading=\"lazy\" decoding=\"async\" width=\"100\" height=\"100\" src=\"https:\/\/westestetik.com\/wp-content\/uploads\/2024\/12\/5-1.png\" class=\"attachment-large size-large wp-image-28818\" alt=\"\" srcset=\"https:\/\/westestetik.com\/wp-content\/uploads\/2024\/12\/5-1.png 100w, https:\/\/westestetik.com\/wp-content\/uploads\/2024\/12\/5-1-12x12.png 12w\" sizes=\"(max-width: 100px) 100vw, 100px\" \/>\t\t\t\t\t\t\t\t\t\t\t\t\t\t\t<\/div>\n\t\t\t\t<\/div>\n\t\t\t\t<\/div>\n\t\t\t\t<\/div>\n\t\t<div class=\"wd-negative-gap elementor-element elementor-element-6391bcce elementor-hidden-desktop elementor-hidden-tablet elementor-hidden-mobile e-flex e-con-boxed e-con e-parent\" data-id=\"6391bcce\" data-element_type=\"container\">\n\t\t\t\t\t<div class=\"e-con-inner\">\n\t\t<div class=\"elementor-element elementor-element-61e4105 e-con-full e-flex e-con e-child\" data-id=\"61e4105\" data-element_type=\"container\">\n\t\t\t\t<div class=\"elementor-element elementor-element-13549b22 wd-width-100 elementor-widget elementor-widget-wd_title\" data-id=\"13549b22\" data-element_type=\"widget\" data-widget_type=\"wd_title.default\">\n\t\t\t\t<div class=\"elementor-widget-container\">\n\t\t\t\t\t\t\t<div class=\"title-wrapper set-mb-s reset-last-child wd-title-color-default wd-title-style-default wd-title-size-default text-center\">\n\n\t\t\t\t\t\t\t<div class=\"title-subtitle subtitle-color-default subtitle-style-default wd-fontsize-xs\">\n\t\t\t\t\tDur\u00e9e moyenne du s\u00e9jour\t\t\t\t<\/div>\n\t\t\t\n\t\t\t<div class=\"liner-continer\">\n\t\t\t\t<p class=\"woodmart-title-container title wd-fontsize-l\">7 jours<\/p> \n\t\t\t\t\t\t\t<\/div>\n\n\t\t\t\t\t<\/div>\n\t\t\t\t\t\t<\/div>\n\t\t\t\t<\/div>\n\t\t\t\t<\/div>\n\t\t<div class=\"elementor-element elementor-element-38596bad e-con-full e-flex e-con e-child\" data-id=\"38596bad\" data-element_type=\"container\">\n\t\t\t\t<div class=\"elementor-element elementor-element-3bab9e7f wd-width-100 elementor-widget elementor-widget-wd_title\" data-id=\"3bab9e7f\" data-element_type=\"widget\" data-widget_type=\"wd_title.default\">\n\t\t\t\t<div class=\"elementor-widget-container\">\n\t\t\t\t\t\t\t<div class=\"title-wrapper set-mb-s reset-last-child wd-title-color-default wd-title-style-default wd-title-size-default text-center\">\n\n\t\t\t\t\t\t\t<div class=\"title-subtitle subtitle-color-default subtitle-style-default wd-fontsize-xs\">\n\t\t\t\t\tDur\u00e9e de l'hospitalisation\t\t\t\t<\/div>\n\t\t\t\n\t\t\t<div class=\"liner-continer\">\n\t\t\t\t<p class=\"woodmart-title-container title wd-fontsize-l\">1 jour<\/p> \n\t\t\t\t\t\t\t<\/div>\n\n\t\t\t\t\t<\/div>\n\t\t\t\t\t\t<\/div>\n\t\t\t\t<\/div>\n\t\t\t\t<\/div>\n\t\t<div class=\"elementor-element elementor-element-256abc59 e-con-full e-flex e-con e-child\" data-id=\"256abc59\" data-element_type=\"container\">\n\t\t\t\t<div class=\"elementor-element elementor-element-491142ca wd-width-100 elementor-widget elementor-widget-wd_title\" data-id=\"491142ca\" data-element_type=\"widget\" data-widget_type=\"wd_title.default\">\n\t\t\t\t<div class=\"elementor-widget-container\">\n\t\t\t\t\t\t\t<div class=\"title-wrapper set-mb-s reset-last-child wd-title-color-default wd-title-style-default wd-title-size-default text-center\">\n\n\t\t\t\t\t\t\t<div class=\"title-subtitle subtitle-color-default subtitle-style-default wd-fontsize-xs\">\n\t\t\t\t\tDur\u00e9e de l'op\u00e9ration\t\t\t\t<\/div>\n\t\t\t\n\t\t\t<div class=\"liner-continer\">\n\t\t\t\t<p class=\"woodmart-title-container title wd-fontsize-l\">2-4 heures<\/p> \n\t\t\t\t\t\t\t<\/div>\n\n\t\t\t\t\t<\/div>\n\t\t\t\t\t\t<\/div>\n\t\t\t\t<\/div>\n\t\t\t\t<\/div>\n\t\t<div class=\"elementor-element elementor-element-4a1c78f0 e-con-full e-flex e-con e-child\" data-id=\"4a1c78f0\" data-element_type=\"container\">\n\t\t\t\t<div class=\"elementor-element elementor-element-7b770812 wd-width-100 elementor-widget elementor-widget-wd_title\" data-id=\"7b770812\" data-element_type=\"widget\" data-widget_type=\"wd_title.default\">\n\t\t\t\t<div class=\"elementor-widget-container\">\n\t\t\t\t\t\t\t<div class=\"title-wrapper set-mb-s reset-last-child wd-title-color-default wd-title-style-default wd-title-size-default text-center\">\n\n\t\t\t\t\t\t\t<div class=\"title-subtitle subtitle-color-default subtitle-style-default wd-fontsize-xs\">\n\t\t\t\t\tType d'anesth\u00e9sie\t\t\t\t<\/div>\n\t\t\t\n\t\t\t<div class=\"liner-continer\">\n\t\t\t\t<p class=\"woodmart-title-container title wd-fontsize-l\">Anesth\u00e9sie g\u00e9n\u00e9rale<\/p> \n\t\t\t\t\t\t\t<\/div>\n\n\t\t\t\t\t<\/div>\n\t\t\t\t\t\t<\/div>\n\t\t\t\t<\/div>\n\t\t\t\t<\/div>\n\t\t<div class=\"elementor-element elementor-element-56197fff e-con-full e-flex e-con e-child\" data-id=\"56197fff\" data-element_type=\"container\">\n\t\t\t\t<div class=\"elementor-element elementor-element-e097ab2 wd-width-100 elementor-widget elementor-widget-wd_title\" data-id=\"e097ab2\" data-element_type=\"widget\" data-widget_type=\"wd_title.default\">\n\t\t\t\t<div class=\"elementor-widget-container\">\n\t\t\t\t\t\t\t<div class=\"title-wrapper set-mb-s reset-last-child wd-title-color-default wd-title-style-default wd-title-size-default text-center\">\n\n\t\t\t\t\t\t\t<div class=\"title-subtitle subtitle-color-default subtitle-style-default wd-fontsize-xs\">\n\t\t\t\t\tD\u00e9lai de r\u00e9cup\u00e9ration\t\t\t\t<\/div>\n\t\t\t\n\t\t\t<div class=\"liner-continer\">\n\t\t\t\t<p class=\"woodmart-title-container title wd-fontsize-l\">1-2 semaines<\/p> \n\t\t\t\t\t\t\t<\/div>\n\n\t\t\t\t\t<\/div>\n\t\t\t\t\t\t<\/div>\n\t\t\t\t<\/div>\n\t\t\t\t<\/div>\n\t\t\t\t\t<\/div>\n\t\t\t\t<\/div>\n\t\t<div class=\"wd-negative-gap elementor-element elementor-element-e3acd4f e-flex e-con-boxed e-con e-parent\" data-id=\"e3acd4f\" data-element_type=\"container\">\n\t\t\t\t\t<div class=\"e-con-inner\">\n\t\t\t\t<div class=\"elementor-element elementor-element-1c1814f color-scheme-inherit text-left elementor-widget elementor-widget-text-editor\" data-id=\"1c1814f\" data-element_type=\"widget\" data-widget_type=\"text-editor.default\">\n\t\t\t\t<div class=\"elementor-widget-container\">\n\t\t\t\t\t\t\t\t\t<p><span style=\"font-weight: 400;\">Le lifting des bras est une solution de chirurgie esth\u00e9tique efficace pour ceux qui souhaitent resserrer la peau des bras qui s'affaisse et se rel\u00e2che avec le temps et obtenir une apparence plus jeune. Il s'agit d'une application id\u00e9ale pour les personnes dont les bras sont affaiss\u00e9s en raison d'une perte de poids excessive, du vieillissement, d'une perte d'\u00e9lasticit\u00e9 de la peau apr\u00e8s une grossesse ou de facteurs g\u00e9n\u00e9tiques. La chirurgie de lifting des bras n'apporte pas seulement une am\u00e9lioration esth\u00e9tique, mais aide \u00e9galement les personnes \u00e0 obtenir une apparence corporelle plus jeune et plus saine en augmentant leur confiance en soi.<\/span><\/p><h2><span style=\"font-weight: 400;\">Qu'est-ce que la chirurgie de lifting des bras et comment est-elle pratiqu\u00e9e ?<\/span><\/h2><p><span style=\"font-weight: 400;\">Le lifting des bras est une intervention de chirurgie esth\u00e9tique destin\u00e9e aux personnes qui se plaignent d'un affaissement, d'un rel\u00e2chement et d'un exc\u00e8s de peau au niveau des bras. Cet \u00e9tat est g\u00e9n\u00e9ralement d\u00fb au vieillissement, \u00e0 la perte de poids, \u00e0 des facteurs g\u00e9n\u00e9tiques ou \u00e0 la perte d'\u00e9lasticit\u00e9 de la peau apr\u00e8s une grossesse. Le lifting des bras permet d'am\u00e9liorer la fermet\u00e9 de la peau en \u00e9liminant l'exc\u00e8s de peau, ce qui rend la zone des bras plus jeune et plus lisse. L'op\u00e9ration est g\u00e9n\u00e9ralement r\u00e9alis\u00e9e sous anesth\u00e9sie g\u00e9n\u00e9rale et l'exc\u00e8s de peau, le tissu adipeux et la peau l\u00e2che sont enlev\u00e9s chirurgicalement. Le r\u00e9sultat est un contour de bras plus ferme et plus lisse, avec une apparence plus esth\u00e9tique.<\/span><\/p><p><span style=\"font-weight: 400;\">La dur\u00e9e et la port\u00e9e de l'op\u00e9ration peuvent varier en fonction des besoins du patient. En g\u00e9n\u00e9ral, les bras sont remodel\u00e9s en retirant l'exc\u00e8s de graisse et de tissu sous la peau par des incisions pratiqu\u00e9es dans la partie sup\u00e9rieure du bras.<\/span><\/p><h2><span style=\"font-weight: 400;\">\u00c0 qui s'adresse la chirurgie de lifting des bras ?<\/span><\/h2><p><span style=\"font-weight: 400;\">Le lifting des bras est particuli\u00e8rement indiqu\u00e9 pour les personnes qui souffrent d'un rel\u00e2chement, d'un affaissement et d'un exc\u00e8s de peau dans la r\u00e9gion du bras. Ces probl\u00e8mes sont g\u00e9n\u00e9ralement observ\u00e9s dans les cas suivants :<\/span><\/p><ul><li><span style=\"font-weight: 400;\">Apr\u00e8s une perte de poids excessive : La perte de poids peut entra\u00eener une perte d'\u00e9lasticit\u00e9 de la peau, ce qui se traduit par un affaissement des bras. La chirurgie de lifting des bras permet de remodeler le corps en \u00e9liminant l'exc\u00e8s de peau dans de tels cas.<\/span><\/li><li><span style=\"font-weight: 400;\">Processus de vieillissement : avec l'\u00e2ge, l'\u00e9lasticit\u00e9 de la peau diminue et le rel\u00e2chement devient plus prononc\u00e9. La chirurgie de lifting des bras est une solution efficace pour \u00e9liminer ce rel\u00e2chement.<\/span><\/li><li><span style=\"font-weight: 400;\">Apr\u00e8s la grossesse L'affaissement de la r\u00e9gion du bras peut \u00e9galement faire partie des d\u00e9formations observ\u00e9es dans le corps apr\u00e8s une grossesse ou un accouchement. Dans ce cas, il est possible de retrouver une apparence plus jeune gr\u00e2ce \u00e0 la chirurgie de lifting des bras.<\/span><\/li><\/ul><p><span style=\"font-weight: 400;\">Les candidats \u00e0 une op\u00e9ration de lifting des bras sont g\u00e9n\u00e9ralement des personnes en bon \u00e9tat de sant\u00e9 g\u00e9n\u00e9ral et ne souffrant d'aucune incapacit\u00e9 chirurgicale. En outre, il est important pour la r\u00e9ussite de l'op\u00e9ration que les patients aient des attentes r\u00e9alistes.<\/span><\/p><h2><span style=\"font-weight: 400;\">Processus de r\u00e9cup\u00e9ration apr\u00e8s une op\u00e9ration de lifting des bras<\/span><\/h2><p><span style=\"font-weight: 400;\">Le processus de gu\u00e9rison d'un lifting des bras peut varier en fonction de l'\u00e9tat de chaque patient, de la technique appliqu\u00e9e par le chirurgien et de l'ampleur de l'op\u00e9ration. Toutefois, en g\u00e9n\u00e9ral, le processus de gu\u00e9rison apr\u00e8s l'op\u00e9ration se d\u00e9roule comme suit :<\/span><\/p><ul><li><span style=\"font-weight: 400;\">Les premiers jours : Au cours des deux ou trois premiers jours suivant l'op\u00e9ration, il peut y avoir un l\u00e9ger gonflement, des ecchymoses et des douleurs. Ces troubles disparaissent g\u00e9n\u00e9ralement au bout de quelques semaines. Des m\u00e9dicaments recommand\u00e9s par votre m\u00e9decin peuvent \u00eatre utilis\u00e9s pour g\u00e9rer la douleur.<\/span><\/li><li><span style=\"font-weight: 400;\">Gonflement et ecchymoses : Il est normal de ressentir un gonflement et des ecchymoses imm\u00e9diatement apr\u00e8s l'op\u00e9ration. Toutefois, ces sympt\u00f4mes dispara\u00eetront avec le temps.<\/span><\/li><li><span style=\"font-weight: 400;\">Utilisation d'un corset : Apr\u00e8s une op\u00e9ration de lifting des bras, les m\u00e9decins conseillent aux patients d'utiliser un corset ou un bandage pour acc\u00e9l\u00e9rer le processus de gu\u00e9rison. Cela permet de r\u00e9duire le gonflement de la zone et d'aider les tissus \u00e0 cicatriser correctement.<\/span><\/li><li><span style=\"font-weight: 400;\">Temps de r\u00e9cup\u00e9ration : Le r\u00e9tablissement complet peut prendre de 4 \u00e0 6 semaines. Pendant cette p\u00e9riode, il est important que les patients \u00e9vitent les activit\u00e9s physiques intenses et suivent les instructions du m\u00e9decin.<\/span><\/li><\/ul><h2><span style=\"font-weight: 400;\">Quels sont les prix de la chirurgie de lifting des bras ?<\/span><\/h2><p><span style=\"font-weight: 400;\">Les prix des op\u00e9rations de lifting des bras peuvent varier en fonction des besoins personnels et de la clinique ou de l'h\u00f4pital o\u00f9 l'op\u00e9ration sera pratiqu\u00e9e. Les facteurs pris en compte dans la fixation des prix comprennent l'exp\u00e9rience du chirurgien, les besoins du patient, l'ampleur de l'op\u00e9ration et les techniques utilis\u00e9es. En outre, les diff\u00e9rences r\u00e9gionales et le statut de l'assurance maladie sont d'autres facteurs qui influencent les prix. Les prix sont g\u00e9n\u00e9ralement d\u00e9termin\u00e9s individuellement et les patients peuvent obtenir des informations d\u00e9taill\u00e9es sur les prix lors d'une consultation avant l'op\u00e9ration.<\/span><\/p><h2><span style=\"font-weight: 400;\">Risques et effets secondaires de la chirurgie de lifting des bras<\/span><\/h2><p><span style=\"font-weight: 400;\">Comme toute intervention chirurgicale, le lifting des bras comporte certains risques. Toutefois, ces risques sont g\u00e9n\u00e9ralement rares et peuvent \u00eatre g\u00e9r\u00e9s de mani\u00e8re appropri\u00e9e par des chirurgiens sp\u00e9cialis\u00e9s. Les risques possibles d'une op\u00e9ration de lifting des bras sont les suivants :<\/span><\/p><ul><li><span style=\"font-weight: 400;\">Infection Comme il s'agit d'une intervention chirurgicale, il peut y avoir un risque d'infection au niveau de la plaie. Toutefois, ce risque est consid\u00e9rablement r\u00e9duit lorsque des soins et des conditions d'hygi\u00e8ne appropri\u00e9s sont fournis.<\/span><\/li><li><span style=\"font-weight: 400;\">Douleur et ecchymoses : Des ecchymoses temporaires et de l\u00e9g\u00e8res douleurs peuvent survenir apr\u00e8s l'op\u00e9ration. Il s'agit d'une \u00e9tape naturelle du processus de gu\u00e9rison.<\/span><\/li><li><span style=\"font-weight: 400;\">Probl\u00e8mes de cicatrisation des plaies : Des probl\u00e8mes peuvent survenir au cours du processus de cicatrisation de la peau, mais avec de bons soins et des contr\u00f4les r\u00e9guliers, ces probl\u00e8mes peuvent \u00eatre minimis\u00e9s.<\/span><\/li><li><span style=\"font-weight: 400;\">Changements sensoriels : Apr\u00e8s une op\u00e9ration de lifting des bras, certains patients peuvent ressentir un engourdissement ou une insensibilit\u00e9 temporaire. Cela s'am\u00e9liore g\u00e9n\u00e9ralement avec le temps.<\/span><\/li><li><span style=\"font-weight: 400;\">Saignement Des saignements peuvent survenir pendant l'op\u00e9ration, mais ils sont g\u00e9n\u00e9ralement temporaires et g\u00e9rables.<\/span><\/li><\/ul><h2><span style=\"font-weight: 400;\">Combien de temps la chirurgie de lifting des bras reste-t-elle permanente ?<\/span><\/h2><p><span style=\"font-weight: 400;\">Les r\u00e9sultats d'un lifting des bras sont permanents. Toutefois, le processus de vieillissement, les modifications de l'\u00e9lasticit\u00e9 de la peau, la prise de poids ou les facteurs environnementaux (par exemple, une exposition excessive au soleil) peuvent faire des ravages au fil du temps. Bien que la chirurgie de lifting des bras soit efficace pour pr\u00e9venir le rel\u00e2chement de la peau, il est important de maintenir un mode de vie sain pour prolonger la dur\u00e9e de vie de ces r\u00e9sultats.<\/span><\/p><p><span style=\"font-weight: 400;\">Quels r\u00e9sultats peut-on attendre d'une op\u00e9ration de lifting des bras ?<\/span><\/p><p><span style=\"font-weight: 400;\">La chirurgie de lifting des bras offre une solution esth\u00e9tique aux personnes qui ont des probl\u00e8mes d'affaissement et de rel\u00e2chement dans la r\u00e9gion du bras. Les r\u00e9sultats obtenus apr\u00e8s une op\u00e9ration de lifting des bras peuvent \u00eatre les suivants :<\/span><\/p><ul><li><span style=\"font-weight: 400;\">Des bras plus fermes et plus jeunes : Le rel\u00e2chement et l'affaissement de la zone des bras disparaissent, laissant une apparence plus ferme et plus lisse.<\/span><\/li><li><span style=\"font-weight: 400;\">Resserrement de la peau dans la zone des aisselles : La chirurgie de lifting des bras permet d'obtenir une apparence plus esth\u00e9tique en ciblant l'exc\u00e8s de peau et de tissu adipeux dans la r\u00e9gion des aisselles.<\/span><\/li><li><span style=\"font-weight: 400;\">Am\u00e9lioration des contours du corps : Les changements au niveau des bras am\u00e9liorent l'aspect g\u00e9n\u00e9ral des contours du corps, ce qui permet d'affiner la silhouette.<\/span><\/li><li><span style=\"font-weight: 400;\">Augmentation de la confiance en soi : Le lifting des bras peut accro\u00eetre la confiance en soi en am\u00e9liorant l'apparence de la personne.<\/span><\/li><\/ul><h2><span style=\"font-weight: 400;\">Conseils avant et apr\u00e8s une op\u00e9ration de lifting des bras<\/span><\/h2><p><span style=\"font-weight: 400;\">Voici quelques points importants \u00e0 prendre en compte avant et apr\u00e8s l'op\u00e9ration de lifting des bras :<\/span><\/p><ul><li><span style=\"font-weight: 400;\">Ne pas fumer et \u00e9viter la consommation d'alcool : Le tabac et l'alcool peuvent avoir un effet n\u00e9gatif sur le processus de gu\u00e9rison. Il est donc recommand\u00e9 d'\u00e9viter ces substances pendant plusieurs semaines avant et apr\u00e8s l'op\u00e9ration.<\/span><\/li><li><span style=\"font-weight: 400;\">Soins de la plaie Vous pouvez r\u00e9duire le risque d'infection et acc\u00e9l\u00e9rer le processus de gu\u00e9rison en soignant r\u00e9guli\u00e8rement la plaie apr\u00e8s l'op\u00e9ration.<\/span><\/li><li><span style=\"font-weight: 400;\">Suivez les recommandations de votre m\u00e9decin : Le respect scrupuleux des recommandations du m\u00e9decin et de la m\u00e9dication apr\u00e8s l'op\u00e9ration minimise le risque de complications et acc\u00e9l\u00e8re le processus de gu\u00e9rison.<\/span><\/li><li><span style=\"font-weight: 400;\">Exercice et activit\u00e9s : \u00c9vitez les exercices lourds au cours des premi\u00e8res semaines. Commencez \u00e0 faire de l'exercice avec l'accord de votre m\u00e9decin.<\/span><\/li><\/ul><h2><span style=\"font-weight: 400;\">Prix de la chirurgie de lifting des bras<\/span><\/h2><p><span style=\"font-weight: 400;\">Les prix des op\u00e9rations de lifting des bras peuvent varier en fonction de nombreux facteurs. Ces facteurs comprennent l'exp\u00e9rience du chirurgien, les besoins du patient, l'ampleur de l'intervention, le choix de la clinique ou de l'h\u00f4pital et les techniques utilis\u00e9es. Le lifting des bras \u00e9tant une intervention personnalis\u00e9e, les prix sont \u00e9galement bas\u00e9s sur des \u00e9valuations personnelles. En g\u00e9n\u00e9ral, les prix des op\u00e9rations de lifting des bras peuvent \u00eatre plus \u00e9lev\u00e9s dans les cliniques esth\u00e9tiques des grandes villes et dans les applications r\u00e9alis\u00e9es par des chirurgiens exp\u00e9riment\u00e9s. En outre, l'infrastructure du centre o\u00f9 l'op\u00e9ration sera r\u00e9alis\u00e9e, le type d'anesth\u00e9sie utilis\u00e9 et les services suppl\u00e9mentaires qui acc\u00e9l\u00e8rent le processus de gu\u00e9rison sont d'autres facteurs qui influencent le prix.<\/span><\/p><p><span style=\"font-weight: 400;\">Les prix des op\u00e9rations de lifting des bras sont g\u00e9n\u00e9ralement clarifi\u00e9s lors d'une consultation. Lors de cette consultation, des d\u00e9tails tels que la proc\u00e9dure recommand\u00e9e par le chirurgien, les attentes du patient et le processus de soins postop\u00e9ratoires sont discut\u00e9s et une offre de prix compl\u00e8te est d\u00e9termin\u00e9e. Outre les prix, la qualit\u00e9 de l'op\u00e9ration et la satisfaction du patient sont \u00e9galement des facteurs importants. Si vous envisagez une op\u00e9ration de lifting des bras, il est important d'\u00e9valuer les prix non seulement en fonction des cliniques qui proposent l'offre la plus basse, mais aussi en fonction des services offerts par des chirurgiens exp\u00e9riment\u00e9s et experts.<\/span><\/p>\t\t\t\t\t\t\t\t<\/div>\n\t\t\t\t<\/div>\n\t\t\t\t\t<\/div>\n\t\t\t\t<\/div>\n\t\t\t\t<\/div>","protected":false},"excerpt":{"rendered":"<p>Ortalama Kal\u0131\u015f S\u00fcresi 7 G\u00fcn Hastanede Yat\u0131\u015f S\u00fcresi 1 G\u00fcn Operasyon S\u00fcresi 2-4 Saat Anestezi T\u00fcr\u00fc Genel Anestezi \u0130yile\u015fme S\u00fcresi<\/p>","protected":false},"author":1,"featured_media":0,"parent":0,"menu_order":0,"comment_status":"closed","ping_status":"closed","template":"","meta":{"footnotes":""},"class_list":["post-27737","page","type-page","status-publish","hentry"],"_links":{"self":[{"href":"https:\/\/westestetik.com\/fr\/wp-json\/wp\/v2\/pages\/27737","targetHints":{"allow":["GET"]}}],"collection":[{"href":"https:\/\/westestetik.com\/fr\/wp-json\/wp\/v2\/pages"}],"about":[{"href":"https:\/\/westestetik.com\/fr\/wp-json\/wp\/v2\/types\/page"}],"author":[{"embeddable":true,"href":"https:\/\/westestetik.com\/fr\/wp-json\/wp\/v2\/users\/1"}],"replies":[{"embeddable":true,"href":"https:\/\/westestetik.com\/fr\/wp-json\/wp\/v2\/comments?post=27737"}],"version-history":[{"count":10,"href":"https:\/\/westestetik.com\/fr\/wp-json\/wp\/v2\/pages\/27737\/revisions"}],"predecessor-version":[{"id":31898,"href":"https:\/\/westestetik.com\/fr\/wp-json\/wp\/v2\/pages\/27737\/revisions\/31898"}],"wp:attachment":[{"href":"https:\/\/westestetik.com\/fr\/wp-json\/wp\/v2\/media?parent=27737"}],"curies":[{"name":"wp","href":"https:\/\/api.w.org\/{rel}","templated":true}]}}