{"id":27735,"date":"2024-12-02T22:39:09","date_gmt":"2024-12-02T22:39:09","guid":{"rendered":"https:\/\/westestetik.com\/?page_id=27735"},"modified":"2024-12-25T13:55:23","modified_gmt":"2024-12-25T13:55:23","slug":"abdominoplastie","status":"publish","type":"page","link":"https:\/\/westestetik.com\/fr\/abdominoplastie\/","title":{"rendered":"Plastie Abdominale"},"content":{"rendered":"<div data-elementor-type=\"wp-page\" data-elementor-id=\"27735\" class=\"elementor elementor-27735\" data-elementor-post-type=\"page\">\n\t\t\t\t<div class=\"elementor-element elementor-element-5f8ad0cd e-con-full e-flex e-con e-parent\" data-id=\"5f8ad0cd\" data-element_type=\"container\">\n\t\t<div class=\"elementor-element elementor-element-2c495eb5 e-con-full e-flex e-con e-child\" data-id=\"2c495eb5\" data-element_type=\"container\">\n\t\t\t\t<div class=\"elementor-element elementor-element-5d9cce85 elementor-widget elementor-widget-image\" data-id=\"5d9cce85\" data-element_type=\"widget\" data-widget_type=\"image.default\">\n\t\t\t\t<div class=\"elementor-widget-container\">\n\t\t\t\t\t\t\t\t\t\t\t\t\t\t\t<img decoding=\"async\" width=\"100\" height=\"100\" src=\"https:\/\/westestetik.com\/wp-content\/uploads\/2024\/12\/1-4.png\" class=\"attachment-large size-large wp-image-28814\" alt=\"\" srcset=\"https:\/\/westestetik.com\/wp-content\/uploads\/2024\/12\/1-4.png 100w, https:\/\/westestetik.com\/wp-content\/uploads\/2024\/12\/1-4-12x12.png 12w\" sizes=\"(max-width: 100px) 100vw, 100px\" \/>\t\t\t\t\t\t\t\t\t\t\t\t\t\t\t<\/div>\n\t\t\t\t<\/div>\n\t\t\t\t<\/div>\n\t\t<div class=\"elementor-element elementor-element-7a6bd53c e-con-full e-flex e-con e-child\" data-id=\"7a6bd53c\" data-element_type=\"container\">\n\t\t\t\t<div class=\"elementor-element elementor-element-441d531f elementor-widget elementor-widget-image\" data-id=\"441d531f\" data-element_type=\"widget\" data-widget_type=\"image.default\">\n\t\t\t\t<div class=\"elementor-widget-container\">\n\t\t\t\t\t\t\t\t\t\t\t\t\t\t\t<img decoding=\"async\" width=\"100\" height=\"100\" src=\"https:\/\/westestetik.com\/wp-content\/uploads\/2024\/12\/2-5.png\" class=\"attachment-large size-large wp-image-28815\" alt=\"\" srcset=\"https:\/\/westestetik.com\/wp-content\/uploads\/2024\/12\/2-5.png 100w, https:\/\/westestetik.com\/wp-content\/uploads\/2024\/12\/2-5-12x12.png 12w\" sizes=\"(max-width: 100px) 100vw, 100px\" \/>\t\t\t\t\t\t\t\t\t\t\t\t\t\t\t<\/div>\n\t\t\t\t<\/div>\n\t\t\t\t<\/div>\n\t\t<div class=\"elementor-element elementor-element-10757d6a e-con-full e-flex e-con e-child\" data-id=\"10757d6a\" data-element_type=\"container\">\n\t\t\t\t<div class=\"elementor-element elementor-element-28f28ceb elementor-widget elementor-widget-image\" data-id=\"28f28ceb\" data-element_type=\"widget\" data-widget_type=\"image.default\">\n\t\t\t\t<div class=\"elementor-widget-container\">\n\t\t\t\t\t\t\t\t\t\t\t\t\t\t\t<img decoding=\"async\" width=\"100\" height=\"100\" src=\"https:\/\/westestetik.com\/wp-content\/uploads\/2024\/12\/3-1.png\" class=\"attachment-large size-large wp-image-28816\" alt=\"\" srcset=\"https:\/\/westestetik.com\/wp-content\/uploads\/2024\/12\/3-1.png 100w, https:\/\/westestetik.com\/wp-content\/uploads\/2024\/12\/3-1-12x12.png 12w\" sizes=\"(max-width: 100px) 100vw, 100px\" \/>\t\t\t\t\t\t\t\t\t\t\t\t\t\t\t<\/div>\n\t\t\t\t<\/div>\n\t\t\t\t<\/div>\n\t\t<div class=\"elementor-element elementor-element-394c42e9 e-con-full e-flex e-con e-child\" data-id=\"394c42e9\" data-element_type=\"container\">\n\t\t\t\t<div class=\"elementor-element elementor-element-3c18aa3e elementor-widget elementor-widget-image\" data-id=\"3c18aa3e\" data-element_type=\"widget\" data-widget_type=\"image.default\">\n\t\t\t\t<div class=\"elementor-widget-container\">\n\t\t\t\t\t\t\t\t\t\t\t\t\t\t\t<img loading=\"lazy\" decoding=\"async\" width=\"100\" height=\"100\" src=\"https:\/\/westestetik.com\/wp-content\/uploads\/2024\/12\/4-1.png\" class=\"attachment-large size-large wp-image-28817\" alt=\"\" srcset=\"https:\/\/westestetik.com\/wp-content\/uploads\/2024\/12\/4-1.png 100w, https:\/\/westestetik.com\/wp-content\/uploads\/2024\/12\/4-1-12x12.png 12w\" sizes=\"(max-width: 100px) 100vw, 100px\" \/>\t\t\t\t\t\t\t\t\t\t\t\t\t\t\t<\/div>\n\t\t\t\t<\/div>\n\t\t\t\t<\/div>\n\t\t<div class=\"elementor-element elementor-element-523dee80 e-con-full e-flex e-con e-child\" data-id=\"523dee80\" data-element_type=\"container\">\n\t\t\t\t<div class=\"elementor-element elementor-element-38a5204 elementor-widget elementor-widget-image\" data-id=\"38a5204\" data-element_type=\"widget\" data-widget_type=\"image.default\">\n\t\t\t\t<div class=\"elementor-widget-container\">\n\t\t\t\t\t\t\t\t\t\t\t\t\t\t\t<img loading=\"lazy\" decoding=\"async\" width=\"100\" height=\"100\" src=\"https:\/\/westestetik.com\/wp-content\/uploads\/2024\/12\/5-1.png\" class=\"attachment-large size-large wp-image-28818\" alt=\"\" srcset=\"https:\/\/westestetik.com\/wp-content\/uploads\/2024\/12\/5-1.png 100w, https:\/\/westestetik.com\/wp-content\/uploads\/2024\/12\/5-1-12x12.png 12w\" sizes=\"(max-width: 100px) 100vw, 100px\" \/>\t\t\t\t\t\t\t\t\t\t\t\t\t\t\t<\/div>\n\t\t\t\t<\/div>\n\t\t\t\t<\/div>\n\t\t\t\t<\/div>\n\t\t<div class=\"wd-negative-gap elementor-element elementor-element-94489bb e-flex e-con-boxed e-con e-parent\" data-id=\"94489bb\" data-element_type=\"container\">\n\t\t\t\t\t<div class=\"e-con-inner\">\n\t\t<div class=\"elementor-element elementor-element-1a8ce0df e-con-full e-flex e-con e-child\" data-id=\"1a8ce0df\" data-element_type=\"container\">\n\t\t\t\t<div class=\"elementor-element elementor-element-3ca9992c wd-width-100 elementor-widget elementor-widget-wd_title\" data-id=\"3ca9992c\" data-element_type=\"widget\" data-widget_type=\"wd_title.default\">\n\t\t\t\t<div class=\"elementor-widget-container\">\n\t\t\t\t\t\t\t<div class=\"title-wrapper set-mb-s reset-last-child wd-title-color-default wd-title-style-default wd-title-size-default text-center\">\n\n\t\t\t\t\t\t\t<div class=\"title-subtitle subtitle-color-default subtitle-style-default wd-fontsize-xs\">\n\t\t\t\t\tDur\u00e9e moyenne du s\u00e9jour\t\t\t\t<\/div>\n\t\t\t\n\t\t\t<div class=\"liner-continer\">\n\t\t\t\t<p class=\"woodmart-title-container title wd-fontsize-l\">7 jours<\/p> \n\t\t\t\t\t\t\t<\/div>\n\n\t\t\t\t\t<\/div>\n\t\t\t\t\t\t<\/div>\n\t\t\t\t<\/div>\n\t\t\t\t<\/div>\n\t\t<div class=\"elementor-element elementor-element-4c9c42f8 e-con-full e-flex e-con e-child\" data-id=\"4c9c42f8\" data-element_type=\"container\">\n\t\t\t\t<div class=\"elementor-element elementor-element-753dd2c1 wd-width-100 elementor-widget elementor-widget-wd_title\" data-id=\"753dd2c1\" data-element_type=\"widget\" data-widget_type=\"wd_title.default\">\n\t\t\t\t<div class=\"elementor-widget-container\">\n\t\t\t\t\t\t\t<div class=\"title-wrapper set-mb-s reset-last-child wd-title-color-default wd-title-style-default wd-title-size-default text-center\">\n\n\t\t\t\t\t\t\t<div class=\"title-subtitle subtitle-color-default subtitle-style-default wd-fontsize-xs\">\n\t\t\t\t\tDur\u00e9e de l'hospitalisation\t\t\t\t<\/div>\n\t\t\t\n\t\t\t<div class=\"liner-continer\">\n\t\t\t\t<p class=\"woodmart-title-container title wd-fontsize-l\">1 jour<\/p> \n\t\t\t\t\t\t\t<\/div>\n\n\t\t\t\t\t<\/div>\n\t\t\t\t\t\t<\/div>\n\t\t\t\t<\/div>\n\t\t\t\t<\/div>\n\t\t<div class=\"elementor-element elementor-element-7ac44ba4 e-con-full e-flex e-con e-child\" data-id=\"7ac44ba4\" data-element_type=\"container\">\n\t\t\t\t<div class=\"elementor-element elementor-element-2685d34d wd-width-100 elementor-widget elementor-widget-wd_title\" data-id=\"2685d34d\" data-element_type=\"widget\" data-widget_type=\"wd_title.default\">\n\t\t\t\t<div class=\"elementor-widget-container\">\n\t\t\t\t\t\t\t<div class=\"title-wrapper set-mb-s reset-last-child wd-title-color-default wd-title-style-default wd-title-size-default text-center\">\n\n\t\t\t\t\t\t\t<div class=\"title-subtitle subtitle-color-default subtitle-style-default wd-fontsize-xs\">\n\t\t\t\t\tDur\u00e9e de l'op\u00e9ration\t\t\t\t<\/div>\n\t\t\t\n\t\t\t<div class=\"liner-continer\">\n\t\t\t\t<p class=\"woodmart-title-container title wd-fontsize-l\">2-4 heures<\/p> \n\t\t\t\t\t\t\t<\/div>\n\n\t\t\t\t\t<\/div>\n\t\t\t\t\t\t<\/div>\n\t\t\t\t<\/div>\n\t\t\t\t<\/div>\n\t\t<div class=\"elementor-element elementor-element-5d4cb4c9 e-con-full e-flex e-con e-child\" data-id=\"5d4cb4c9\" data-element_type=\"container\">\n\t\t\t\t<div class=\"elementor-element elementor-element-3dd49b03 wd-width-100 elementor-widget elementor-widget-wd_title\" data-id=\"3dd49b03\" data-element_type=\"widget\" data-widget_type=\"wd_title.default\">\n\t\t\t\t<div class=\"elementor-widget-container\">\n\t\t\t\t\t\t\t<div class=\"title-wrapper set-mb-s reset-last-child wd-title-color-default wd-title-style-default wd-title-size-default text-center\">\n\n\t\t\t\t\t\t\t<div class=\"title-subtitle subtitle-color-default subtitle-style-default wd-fontsize-xs\">\n\t\t\t\t\tType d'anesth\u00e9sie\t\t\t\t<\/div>\n\t\t\t\n\t\t\t<div class=\"liner-continer\">\n\t\t\t\t<p class=\"woodmart-title-container title wd-fontsize-l\">Anesth\u00e9sie g\u00e9n\u00e9rale<\/p> \n\t\t\t\t\t\t\t<\/div>\n\n\t\t\t\t\t<\/div>\n\t\t\t\t\t\t<\/div>\n\t\t\t\t<\/div>\n\t\t\t\t<\/div>\n\t\t<div class=\"elementor-element elementor-element-3fb78287 e-con-full e-flex e-con e-child\" data-id=\"3fb78287\" data-element_type=\"container\">\n\t\t\t\t<div class=\"elementor-element elementor-element-5080e9b3 wd-width-100 elementor-widget elementor-widget-wd_title\" data-id=\"5080e9b3\" data-element_type=\"widget\" data-widget_type=\"wd_title.default\">\n\t\t\t\t<div class=\"elementor-widget-container\">\n\t\t\t\t\t\t\t<div class=\"title-wrapper set-mb-s reset-last-child wd-title-color-default wd-title-style-default wd-title-size-default text-center\">\n\n\t\t\t\t\t\t\t<div class=\"title-subtitle subtitle-color-default subtitle-style-default wd-fontsize-xs\">\n\t\t\t\t\tD\u00e9lai de r\u00e9cup\u00e9ration\t\t\t\t<\/div>\n\t\t\t\n\t\t\t<div class=\"liner-continer\">\n\t\t\t\t<p class=\"woodmart-title-container title wd-fontsize-l\">1-2 semaines<\/p> \n\t\t\t\t\t\t\t<\/div>\n\n\t\t\t\t\t<\/div>\n\t\t\t\t\t\t<\/div>\n\t\t\t\t<\/div>\n\t\t\t\t<\/div>\n\t\t\t\t\t<\/div>\n\t\t\t\t<\/div>\n\t\t<div class=\"wd-negative-gap elementor-element elementor-element-3a14eed e-flex e-con-boxed e-con e-parent\" data-id=\"3a14eed\" data-element_type=\"container\">\n\t\t\t\t\t<div class=\"e-con-inner\">\n\t\t\t\t<div class=\"elementor-element elementor-element-bd6d002 color-scheme-inherit text-left elementor-widget elementor-widget-text-editor\" data-id=\"bd6d002\" data-element_type=\"widget\" data-widget_type=\"text-editor.default\">\n\t\t\t\t<div class=\"elementor-widget-container\">\n\t\t\t\t\t\t\t\t\t<p><span style=\"font-weight: 400;\">La plastie abdominale est une intervention chirurgicale esth\u00e9tique visant \u00e0 corriger l'exc\u00e8s de graisse, le rel\u00e2chement de la peau et la faiblesse des muscles dans la r\u00e9gion abdominale. Elle constitue une solution id\u00e9ale pour les personnes qui souhaitent lutter contre des probl\u00e8mes tels que l'affaissement et le rel\u00e2chement de la peau dus \u00e0 la grossesse, \u00e0 une perte de poids rapide ou au vieillissement. La plastie abdominale n'am\u00e9liore pas seulement l'apparence physique, elle peut aussi contribuer \u00e0 renforcer la confiance en soi. Toutefois, elle peut ne pas convenir \u00e0 tous les individus, d'o\u00f9 l'importance d'identifier le bon candidat.<\/span><\/p><h2><span style=\"font-weight: 400;\">Qu'est-ce que la plastie abdominale ?<\/span><\/h2><p><span style=\"font-weight: 400;\">La plastie abdominale, \u00e9galement connue sous le nom d'abdominoplastie, vise \u00e0 obtenir une apparence plus plate, plus lisse et plus jeune en resserrant l'exc\u00e8s de peau, de graisse et de muscles dans la r\u00e9gion abdominale. Elle s'adresse aux personnes qui se plaignent d'un affaissement, d'une laxit\u00e9 et d'un exc\u00e8s de graisse dans la r\u00e9gion abdominale. Au cours de cette intervention, une fine incision est pratiqu\u00e9e dans la partie inf\u00e9rieure de l'abdomen, l'exc\u00e8s de peau et de graisse est retir\u00e9, les muscles abdominaux sont resserr\u00e9s et la peau est \u00e9tir\u00e9e. Les patients retrouvent ainsi une apparence plus jeune et plus en forme.<\/span><\/p><h2><span style=\"font-weight: 400;\">\u00c0 qui s'adresse l'abdominoplastie ?<\/span><\/h2><p><span style=\"font-weight: 400;\">La plastie abdominale peut convenir aux personnes qui pr\u00e9sentent habituellement une ou plusieurs des conditions suivantes :<\/span><\/p><p><span style=\"font-weight: 400;\">- Changements apr\u00e8s la grossesse : De nombreuses femmes peuvent rencontrer des probl\u00e8mes tels que le rel\u00e2chement, l'affaissement et les vergetures au niveau de l'abdomen apr\u00e8s la grossesse. La plastie abdominale convient aux femmes qui souhaitent rem\u00e9dier \u00e0 cette situation et obtenir un aspect plus ferme de l'abdomen.<\/span><\/p><p><span style=\"font-weight: 400;\">- Apr\u00e8s une perte de poids rapide : Les personnes qui perdent rapidement du poids \u00e0 la suite d'un traitement de l'ob\u00e9sit\u00e9, d'une chirurgie bariatrique ou d'un diab\u00e8te peuvent se plaindre d'un exc\u00e8s de peau et d'un rel\u00e2chement de la zone abdominale. La plastie abdominale est id\u00e9ale pour corriger cette situation.<\/span><\/p><p><span style=\"font-weight: 400;\">- Vieillissement et facteurs g\u00e9n\u00e9tiques : Avec l'\u00e2ge, l'\u00e9lasticit\u00e9 de la peau peut diminuer et un rel\u00e2chement peut se produire dans la r\u00e9gion abdominale. Des facteurs g\u00e9n\u00e9tiques peuvent \u00e9galement entra\u00eener une d\u00e9t\u00e9rioration de la silhouette. L'abdominoplastie convient \u00e9galement aux personnes qui souhaitent rem\u00e9dier \u00e0 ces situations.<\/span><\/p><h2><span style=\"font-weight: 400;\">Comment se d\u00e9roule l'op\u00e9ration de plastie abdominale ?<\/span><\/h2><p><span style=\"font-weight: 400;\">L'abdominoplastie est r\u00e9alis\u00e9e sous anesth\u00e9sie g\u00e9n\u00e9rale. Le chirurgien pratique une fine incision dans la partie inf\u00e9rieure de l'abdomen, enl\u00e8ve l'exc\u00e8s de graisse et \u00e9tire le tissu cutan\u00e9. Les d\u00e9tails de l'intervention peuvent varier en fonction des besoins de la personne. En cas de rel\u00e2chement des muscles abdominaux, le chirurgien remod\u00e8le ces muscles pour resserrer la paroi abdominale. Chez certains patients, la liposuccion peut \u00e9galement \u00eatre utilis\u00e9e pour \u00e9liminer l'exc\u00e8s de graisse et am\u00e9liorer l'aspect de l'abdomen.<\/span><\/p><h2><span style=\"font-weight: 400;\">Quels sont les avantages de la plastie abdominale ?<\/span><\/h2><p><span style=\"font-weight: 400;\">La plastie abdominale offre de nombreux avantages sur le plan de l'esth\u00e9tique et de la sant\u00e9. En voici les principaux :<\/span><\/p><p><span style=\"font-weight: 400;\">- Un abdomen plus ferme et plus plat : l'exc\u00e8s de graisse, le rel\u00e2chement de la peau et des muscles sont corrig\u00e9s, ce qui permet d'obtenir un abdomen plus lisse et plus ferme.<\/span><\/p><p><span style=\"font-weight: 400;\">- Augmentation de la confiance en soi : Les personnes dont le corps a subi des changements qui ne leur plaisent pas peuvent retrouver une apparence plus esth\u00e9tique apr\u00e8s une plastie abdominale, ce qui augmente leur confiance en elles.<\/span><\/p><p><span style=\"font-weight: 400;\">- R\u00e9sultats permanents : La plastie abdominale donne g\u00e9n\u00e9ralement des r\u00e9sultats permanents. Il convient toutefois de conserver un mode de vie sain.<\/span><\/p><h2><span style=\"font-weight: 400;\">Processus de r\u00e9cup\u00e9ration apr\u00e8s l'op\u00e9ration de la plastie abdominale<\/span><\/h2><p><span style=\"font-weight: 400;\">Le processus de r\u00e9tablissement apr\u00e8s une abdominoplastie peut varier en fonction de l'\u00e9tat de sant\u00e9 g\u00e9n\u00e9ral du patient et de l'ampleur de l'op\u00e9ration. Toutefois, en g\u00e9n\u00e9ral, les patients peuvent reprendre une vie normale dans un d\u00e9lai d'une \u00e0 deux semaines. Pendant le processus de cicatrisation, des gonflements, des ecchymoses et une g\u00eane peuvent \u00eatre observ\u00e9s pendant quelques semaines, mais ils diminuent avec le temps. Il faut parfois plusieurs mois pour que le gonflement disparaisse compl\u00e8tement. La chose la plus importante \u00e0 laquelle les patients doivent faire attention pendant cette p\u00e9riode est de suivre \u00e0 la lettre les recommandations du chirurgien. Les activit\u00e9s physiques doivent \u00eatre limit\u00e9es pendant 4 \u00e0 6 semaines et les exercices lourds doivent \u00eatre \u00e9vit\u00e9s.<\/span><\/p><h2><span style=\"font-weight: 400;\">Quel est le prix de la chirurgie de l'abdomen ?<\/span><\/h2><p><span style=\"font-weight: 400;\">Les prix de la plastie abdominale peuvent varier en fonction de nombreux facteurs. Des facteurs tels que la clinique o\u00f9 l'op\u00e9ration sera pratiqu\u00e9e, l'exp\u00e9rience du chirurgien, les besoins du patient et la situation g\u00e9ographique peuvent influer sur le prix. Les prix de la plastie abdominale peuvent souvent \u00eatre \u00e9lev\u00e9s, mais les r\u00e9sultats permanents et satisfaisants obtenus apr\u00e8s cette intervention en valent la peine.<\/span><\/p><h2><span style=\"font-weight: 400;\">Comment dois-je me pr\u00e9parer avant l'op\u00e9ration de la plastie abdominale ?<\/span><\/h2><p><span style=\"font-weight: 400;\">Avant l'op\u00e9ration de plastie abdominale, votre chirurgien vous donnera des instructions sp\u00e9cifiques. Si vous \u00eates fumeur, il vous est conseill\u00e9 d'arr\u00eater de fumer, car le tabac peut avoir un effet n\u00e9gatif sur le processus de cicatrisation. De m\u00eame, il peut \u00eatre n\u00e9cessaire d'\u00e9viter de prendre des anticoagulants avant l'op\u00e9ration. Un r\u00e9gime alimentaire sain et une activit\u00e9 physique r\u00e9guli\u00e8re peuvent acc\u00e9l\u00e9rer le processus de gu\u00e9rison.<\/span><\/p><h2><span style=\"font-weight: 400;\">Choses \u00e0 prendre en compte apr\u00e8s une chirurgie de l'abdomen<\/span><\/h2><p><span style=\"font-weight: 400;\">Apr\u00e8s une op\u00e9ration de plastie abdominale, il y a plusieurs points importants \u00e0 prendre en compte pendant le processus de gu\u00e9rison :<\/span><\/p><p><span style=\"font-weight: 400;\">- Ne dormez pas la t\u00eate en haut : Il est recommand\u00e9 de dormir la t\u00eate en haut pour r\u00e9duire le gonflement.<\/span><\/p><p><span style=\"font-weight: 400;\">- Bougez lentement : \u00c9vitez les mouvements et les exercices lourds au cours des premi\u00e8res semaines du processus de gu\u00e9rison.<\/span><\/p><p><span style=\"font-weight: 400;\">- Suivez les instructions du m\u00e9decin : Pendant le processus de gu\u00e9rison, suivez attentivement les m\u00e9dicaments et les instructions de soins donn\u00e9s par votre chirurgien.<\/span><\/p><p><span style=\"font-weight: 400;\">- Cacher les cicatrices : Bien que les cicatrices postop\u00e9ratoires s'estompent avec le temps, il faut veiller \u00e0 ne pas s'exposer au soleil.<\/span><\/p><h2><span style=\"font-weight: 400;\">Diff\u00e9rences entre l'abdominoplastie et la liposuccion<\/span><\/h2><p><span style=\"font-weight: 400;\">Bien que la plastie abdominale et la liposuccion soient souvent confondues, il s'agit de proc\u00e9dures diff\u00e9rentes. Alors que la plastie abdominale vise \u00e0 retendre la peau et les muscles, la liposuccion ne fait qu'\u00e9liminer la graisse. La liposuccion convient aux patients qui souhaitent se d\u00e9barrasser d'un exc\u00e8s de graisse, mais elle ne r\u00e9sout pas les probl\u00e8mes de rel\u00e2chement et de laxit\u00e9. C'est pourquoi il est parfois possible d'obtenir le meilleur r\u00e9sultat en combinant les deux proc\u00e9dures.<\/span><\/p><h2><span style=\"font-weight: 400;\">La plastie abdominale est-elle permanente ?<\/span><\/h2><p><span style=\"font-weight: 400;\">La plastie abdominale donne des r\u00e9sultats durables, mais ces r\u00e9sultats d\u00e9pendent des habitudes de vie et du maintien d'un poids sain. Des facteurs tels que la prise de poids, la grossesse ou le vieillissement peuvent \u00e0 nouveau entra\u00eener des changements dans la r\u00e9gion abdominale. C'est pourquoi une alimentation saine et une activit\u00e9 physique r\u00e9guli\u00e8re apr\u00e8s la plastie abdominale aideront \u00e0 maintenir les r\u00e9sultats pendant longtemps.<\/span><\/p><h2><span style=\"font-weight: 400;\">Des cicatrices subsistent-elles apr\u00e8s une abdominoplastie ?<\/span><\/h2><p><span style=\"font-weight: 400;\">Les cicatrices form\u00e9es apr\u00e8s une abdominoplastie sont g\u00e9n\u00e9ralement situ\u00e9es dans la partie inf\u00e9rieure de l'abdomen, cach\u00e9es dans la zone du bikini. Ces cicatrices s'estompent avec le temps et ne sont g\u00e9n\u00e9ralement pas tr\u00e8s visibles. Toutefois, il est important de prot\u00e9ger les cicatrices de la lumi\u00e8re du soleil pendant le processus de cicatrisation. Votre chirurgien utilisera les techniques les plus appropri\u00e9es pour minimiser les cicatrices.<\/span><\/p><h2><span style=\"font-weight: 400;\">Grossesse apr\u00e8s une plastie abdominale<\/span><\/h2><p><span style=\"font-weight: 400;\">Il est possible de tomber enceinte apr\u00e8s une plastie abdominale, mais les modifications de la zone abdominale pendant la grossesse peuvent avoir un effet n\u00e9gatif sur les effets de la plastie abdominale. Si vous envisagez une grossesse \u00e0 l'avenir, vous pouvez pr\u00e9voir cette situation en concertation avec votre chirurgien. Une grossesse apr\u00e8s une abdominoplastie peut entra\u00eener un rel\u00e2chement et un affaissement de l'abdomen chez certaines patientes.<\/span><\/p><h2><span style=\"font-weight: 400;\">La chirurgie de l'abdomen peut-elle \u00eatre pratiqu\u00e9e en cas de vergetures ?<\/span><\/h2><p><span style=\"font-weight: 400;\">La plastie abdominale ne traite pas directement les vergetures, mais dans certains cas, elle peut aider \u00e0 att\u00e9nuer les vergetures. \u00c9tant donn\u00e9 que l'exc\u00e8s de peau est retir\u00e9 pendant l'op\u00e9ration, les vergetures, en particulier dans la partie inf\u00e9rieure de l'abdomen, peuvent \u00e9galement \u00eatre \u00e9limin\u00e9es. Cependant, il n'est pas possible d'\u00e9liminer compl\u00e8tement les vergetures. L'\u00e9tat des vergetures d\u00e9pend g\u00e9n\u00e9ralement de la structure de la peau de la personne et de l'emplacement des vergetures. Les vergetures sont g\u00e9n\u00e9ralement le r\u00e9sultat d'une rupture du tissu conjonctif sous la peau et peuvent b\u00e9n\u00e9ficier d'une chirurgie esth\u00e9tique, mais il ne faut pas s'attendre \u00e0 une gu\u00e9rison compl\u00e8te.<\/span><\/p><h2><span style=\"font-weight: 400;\">La plastie abdominale peut-elle \u00eatre pratiqu\u00e9e en \u00e9t\u00e9 ?<\/span><\/h2><p><span style=\"font-weight: 400;\">La plastie abdominale peut \u00eatre pratiqu\u00e9e pendant les mois d'\u00e9t\u00e9, mais l'exposition au soleil pendant la saison estivale peut avoir un effet n\u00e9gatif sur le processus de cicatrisation. La lumi\u00e8re du soleil peut assombrir les cicatrices et les rendre plus pro\u00e9minentes. Par cons\u00e9quent, si vous pr\u00e9voyez de vous faire op\u00e9rer en \u00e9t\u00e9, il est important de suivre les m\u00e9thodes de protection solaire recommand\u00e9es par votre m\u00e9decin pour prot\u00e9ger les cicatrices pendant le processus de cicatrisation postop\u00e9ratoire. En outre, la transpiration par temps chaud peut \u00e9galement compliquer le processus de cicatrisation. Se reposer dans un environnement frais et boire beaucoup d'eau peut donc acc\u00e9l\u00e9rer la cicatrisation.<\/span><\/p>\t\t\t\t\t\t\t\t<\/div>\n\t\t\t\t<\/div>\n\t\t\t\t\t<\/div>\n\t\t\t\t<\/div>\n\t\t\t\t<\/div>","protected":false},"excerpt":{"rendered":"<p>Ortalama Kal\u0131\u015f S\u00fcresi 7 G\u00fcn Hastanede Yat\u0131\u015f S\u00fcresi 1 G\u00fcn Operasyon S\u00fcresi 2-4 Saat Anestezi T\u00fcr\u00fc Genel Anestezi \u0130yile\u015fme S\u00fcresi<\/p>","protected":false},"author":1,"featured_media":0,"parent":0,"menu_order":0,"comment_status":"closed","ping_status":"closed","template":"","meta":{"footnotes":""},"class_list":["post-27735","page","type-page","status-publish","hentry"],"_links":{"self":[{"href":"https:\/\/westestetik.com\/fr\/wp-json\/wp\/v2\/pages\/27735","targetHints":{"allow":["GET"]}}],"collection":[{"href":"https:\/\/westestetik.com\/fr\/wp-json\/wp\/v2\/pages"}],"about":[{"href":"https:\/\/westestetik.com\/fr\/wp-json\/wp\/v2\/types\/page"}],"author":[{"embeddable":true,"href":"https:\/\/westestetik.com\/fr\/wp-json\/wp\/v2\/users\/1"}],"replies":[{"embeddable":true,"href":"https:\/\/westestetik.com\/fr\/wp-json\/wp\/v2\/comments?post=27735"}],"version-history":[{"count":7,"href":"https:\/\/westestetik.com\/fr\/wp-json\/wp\/v2\/pages\/27735\/revisions"}],"predecessor-version":[{"id":28930,"href":"https:\/\/westestetik.com\/fr\/wp-json\/wp\/v2\/pages\/27735\/revisions\/28930"}],"wp:attachment":[{"href":"https:\/\/westestetik.com\/fr\/wp-json\/wp\/v2\/media?parent=27735"}],"curies":[{"name":"wp","href":"https:\/\/api.w.org\/{rel}","templated":true}]}}