{"id":27733,"date":"2024-12-02T22:36:24","date_gmt":"2024-12-02T22:36:24","guid":{"rendered":"https:\/\/westestetik.com\/?page_id=27733"},"modified":"2024-12-25T13:52:45","modified_gmt":"2024-12-25T13:52:45","slug":"liposaxine","status":"publish","type":"page","link":"https:\/\/westestetik.com\/fr\/liposaxine\/","title":{"rendered":"Liposuccion"},"content":{"rendered":"<div data-elementor-type=\"wp-page\" data-elementor-id=\"27733\" class=\"elementor elementor-27733\" data-elementor-post-type=\"page\">\n\t\t\t\t<div class=\"elementor-element elementor-element-3244b786 e-con-full e-flex e-con e-parent\" data-id=\"3244b786\" data-element_type=\"container\">\n\t\t<div class=\"elementor-element elementor-element-138a9998 e-con-full e-flex e-con e-child\" data-id=\"138a9998\" data-element_type=\"container\">\n\t\t\t\t<div class=\"elementor-element elementor-element-3e13e957 elementor-widget elementor-widget-image\" data-id=\"3e13e957\" data-element_type=\"widget\" data-widget_type=\"image.default\">\n\t\t\t\t<div class=\"elementor-widget-container\">\n\t\t\t\t\t\t\t\t\t\t\t\t\t\t\t<img decoding=\"async\" width=\"100\" height=\"100\" src=\"https:\/\/westestetik.com\/wp-content\/uploads\/2024\/12\/1-4.png\" class=\"attachment-large size-large wp-image-28814\" alt=\"\" srcset=\"https:\/\/westestetik.com\/wp-content\/uploads\/2024\/12\/1-4.png 100w, https:\/\/westestetik.com\/wp-content\/uploads\/2024\/12\/1-4-12x12.png 12w\" sizes=\"(max-width: 100px) 100vw, 100px\" \/>\t\t\t\t\t\t\t\t\t\t\t\t\t\t\t<\/div>\n\t\t\t\t<\/div>\n\t\t\t\t<\/div>\n\t\t<div class=\"elementor-element elementor-element-50569076 e-con-full e-flex e-con e-child\" data-id=\"50569076\" data-element_type=\"container\">\n\t\t\t\t<div class=\"elementor-element elementor-element-aafafd8 elementor-widget elementor-widget-image\" data-id=\"aafafd8\" data-element_type=\"widget\" data-widget_type=\"image.default\">\n\t\t\t\t<div class=\"elementor-widget-container\">\n\t\t\t\t\t\t\t\t\t\t\t\t\t\t\t<img decoding=\"async\" width=\"100\" height=\"100\" src=\"https:\/\/westestetik.com\/wp-content\/uploads\/2024\/12\/2-5.png\" class=\"attachment-large size-large wp-image-28815\" alt=\"\" srcset=\"https:\/\/westestetik.com\/wp-content\/uploads\/2024\/12\/2-5.png 100w, https:\/\/westestetik.com\/wp-content\/uploads\/2024\/12\/2-5-12x12.png 12w\" sizes=\"(max-width: 100px) 100vw, 100px\" \/>\t\t\t\t\t\t\t\t\t\t\t\t\t\t\t<\/div>\n\t\t\t\t<\/div>\n\t\t\t\t<\/div>\n\t\t<div class=\"elementor-element elementor-element-4d5cb248 e-con-full e-flex e-con e-child\" data-id=\"4d5cb248\" data-element_type=\"container\">\n\t\t\t\t<div class=\"elementor-element elementor-element-77619d4c elementor-widget elementor-widget-image\" data-id=\"77619d4c\" data-element_type=\"widget\" data-widget_type=\"image.default\">\n\t\t\t\t<div class=\"elementor-widget-container\">\n\t\t\t\t\t\t\t\t\t\t\t\t\t\t\t<img decoding=\"async\" width=\"100\" height=\"100\" src=\"https:\/\/westestetik.com\/wp-content\/uploads\/2024\/12\/3-1.png\" class=\"attachment-large size-large wp-image-28816\" alt=\"\" srcset=\"https:\/\/westestetik.com\/wp-content\/uploads\/2024\/12\/3-1.png 100w, https:\/\/westestetik.com\/wp-content\/uploads\/2024\/12\/3-1-12x12.png 12w\" sizes=\"(max-width: 100px) 100vw, 100px\" \/>\t\t\t\t\t\t\t\t\t\t\t\t\t\t\t<\/div>\n\t\t\t\t<\/div>\n\t\t\t\t<\/div>\n\t\t<div class=\"elementor-element elementor-element-66a4ff65 e-con-full e-flex e-con e-child\" data-id=\"66a4ff65\" data-element_type=\"container\">\n\t\t\t\t<div class=\"elementor-element elementor-element-28c30c3e elementor-widget elementor-widget-image\" data-id=\"28c30c3e\" data-element_type=\"widget\" data-widget_type=\"image.default\">\n\t\t\t\t<div class=\"elementor-widget-container\">\n\t\t\t\t\t\t\t\t\t\t\t\t\t\t\t<img loading=\"lazy\" decoding=\"async\" width=\"100\" height=\"100\" src=\"https:\/\/westestetik.com\/wp-content\/uploads\/2024\/12\/4-1.png\" class=\"attachment-large size-large wp-image-28817\" alt=\"\" srcset=\"https:\/\/westestetik.com\/wp-content\/uploads\/2024\/12\/4-1.png 100w, https:\/\/westestetik.com\/wp-content\/uploads\/2024\/12\/4-1-12x12.png 12w\" sizes=\"(max-width: 100px) 100vw, 100px\" \/>\t\t\t\t\t\t\t\t\t\t\t\t\t\t\t<\/div>\n\t\t\t\t<\/div>\n\t\t\t\t<\/div>\n\t\t<div class=\"elementor-element elementor-element-a93f6c8 e-con-full e-flex e-con e-child\" data-id=\"a93f6c8\" data-element_type=\"container\">\n\t\t\t\t<div class=\"elementor-element elementor-element-7e478ee1 elementor-widget elementor-widget-image\" data-id=\"7e478ee1\" data-element_type=\"widget\" data-widget_type=\"image.default\">\n\t\t\t\t<div class=\"elementor-widget-container\">\n\t\t\t\t\t\t\t\t\t\t\t\t\t\t\t<img loading=\"lazy\" decoding=\"async\" width=\"100\" height=\"100\" src=\"https:\/\/westestetik.com\/wp-content\/uploads\/2024\/12\/5-1.png\" class=\"attachment-large size-large wp-image-28818\" alt=\"\" srcset=\"https:\/\/westestetik.com\/wp-content\/uploads\/2024\/12\/5-1.png 100w, https:\/\/westestetik.com\/wp-content\/uploads\/2024\/12\/5-1-12x12.png 12w\" sizes=\"(max-width: 100px) 100vw, 100px\" \/>\t\t\t\t\t\t\t\t\t\t\t\t\t\t\t<\/div>\n\t\t\t\t<\/div>\n\t\t\t\t<\/div>\n\t\t\t\t<\/div>\n\t\t<div class=\"wd-negative-gap elementor-element elementor-element-78e40d6 e-flex e-con-boxed e-con e-parent\" data-id=\"78e40d6\" data-element_type=\"container\">\n\t\t\t\t\t<div class=\"e-con-inner\">\n\t\t<div class=\"elementor-element elementor-element-6fe78a4c e-con-full e-flex e-con e-child\" data-id=\"6fe78a4c\" data-element_type=\"container\">\n\t\t\t\t<div class=\"elementor-element elementor-element-6f0c87ca wd-width-100 elementor-widget elementor-widget-wd_title\" data-id=\"6f0c87ca\" data-element_type=\"widget\" data-widget_type=\"wd_title.default\">\n\t\t\t\t<div class=\"elementor-widget-container\">\n\t\t\t\t\t\t\t<div class=\"title-wrapper set-mb-s reset-last-child wd-title-color-default wd-title-style-default wd-title-size-default text-center\">\n\n\t\t\t\t\t\t\t<div class=\"title-subtitle subtitle-color-default subtitle-style-default wd-fontsize-xs\">\n\t\t\t\t\tDur\u00e9e moyenne du s\u00e9jour\t\t\t\t<\/div>\n\t\t\t\n\t\t\t<div class=\"liner-continer\">\n\t\t\t\t<p class=\"woodmart-title-container title wd-fontsize-l\">7 jours<\/p> \n\t\t\t\t\t\t\t<\/div>\n\n\t\t\t\t\t<\/div>\n\t\t\t\t\t\t<\/div>\n\t\t\t\t<\/div>\n\t\t\t\t<\/div>\n\t\t<div class=\"elementor-element elementor-element-2d42033a e-con-full e-flex e-con e-child\" data-id=\"2d42033a\" data-element_type=\"container\">\n\t\t\t\t<div class=\"elementor-element elementor-element-50b8f8f1 wd-width-100 elementor-widget elementor-widget-wd_title\" data-id=\"50b8f8f1\" data-element_type=\"widget\" data-widget_type=\"wd_title.default\">\n\t\t\t\t<div class=\"elementor-widget-container\">\n\t\t\t\t\t\t\t<div class=\"title-wrapper set-mb-s reset-last-child wd-title-color-default wd-title-style-default wd-title-size-default text-center\">\n\n\t\t\t\t\t\t\t<div class=\"title-subtitle subtitle-color-default subtitle-style-default wd-fontsize-xs\">\n\t\t\t\t\tDur\u00e9e de l'hospitalisation\t\t\t\t<\/div>\n\t\t\t\n\t\t\t<div class=\"liner-continer\">\n\t\t\t\t<p class=\"woodmart-title-container title wd-fontsize-l\">1 jour<\/p> \n\t\t\t\t\t\t\t<\/div>\n\n\t\t\t\t\t<\/div>\n\t\t\t\t\t\t<\/div>\n\t\t\t\t<\/div>\n\t\t\t\t<\/div>\n\t\t<div class=\"elementor-element elementor-element-e5b7a36 e-con-full e-flex e-con e-child\" data-id=\"e5b7a36\" data-element_type=\"container\">\n\t\t\t\t<div class=\"elementor-element elementor-element-5a8d8feb wd-width-100 elementor-widget elementor-widget-wd_title\" data-id=\"5a8d8feb\" data-element_type=\"widget\" data-widget_type=\"wd_title.default\">\n\t\t\t\t<div class=\"elementor-widget-container\">\n\t\t\t\t\t\t\t<div class=\"title-wrapper set-mb-s reset-last-child wd-title-color-default wd-title-style-default wd-title-size-default text-center\">\n\n\t\t\t\t\t\t\t<div class=\"title-subtitle subtitle-color-default subtitle-style-default wd-fontsize-xs\">\n\t\t\t\t\tDur\u00e9e de l'op\u00e9ration\t\t\t\t<\/div>\n\t\t\t\n\t\t\t<div class=\"liner-continer\">\n\t\t\t\t<p class=\"woodmart-title-container title wd-fontsize-l\">2-4 heures<\/p> \n\t\t\t\t\t\t\t<\/div>\n\n\t\t\t\t\t<\/div>\n\t\t\t\t\t\t<\/div>\n\t\t\t\t<\/div>\n\t\t\t\t<\/div>\n\t\t<div class=\"elementor-element elementor-element-2cc81bc5 e-con-full e-flex e-con e-child\" data-id=\"2cc81bc5\" data-element_type=\"container\">\n\t\t\t\t<div class=\"elementor-element elementor-element-4a6b7590 wd-width-100 elementor-widget elementor-widget-wd_title\" data-id=\"4a6b7590\" data-element_type=\"widget\" data-widget_type=\"wd_title.default\">\n\t\t\t\t<div class=\"elementor-widget-container\">\n\t\t\t\t\t\t\t<div class=\"title-wrapper set-mb-s reset-last-child wd-title-color-default wd-title-style-default wd-title-size-default text-center\">\n\n\t\t\t\t\t\t\t<div class=\"title-subtitle subtitle-color-default subtitle-style-default wd-fontsize-xs\">\n\t\t\t\t\tType d'anesth\u00e9sie\t\t\t\t<\/div>\n\t\t\t\n\t\t\t<div class=\"liner-continer\">\n\t\t\t\t<p class=\"woodmart-title-container title wd-fontsize-l\">Anesth\u00e9sie g\u00e9n\u00e9rale<\/p> \n\t\t\t\t\t\t\t<\/div>\n\n\t\t\t\t\t<\/div>\n\t\t\t\t\t\t<\/div>\n\t\t\t\t<\/div>\n\t\t\t\t<\/div>\n\t\t<div class=\"elementor-element elementor-element-35556b38 e-con-full e-flex e-con e-child\" data-id=\"35556b38\" data-element_type=\"container\">\n\t\t\t\t<div class=\"elementor-element elementor-element-31a9a8c8 wd-width-100 elementor-widget elementor-widget-wd_title\" data-id=\"31a9a8c8\" data-element_type=\"widget\" data-widget_type=\"wd_title.default\">\n\t\t\t\t<div class=\"elementor-widget-container\">\n\t\t\t\t\t\t\t<div class=\"title-wrapper set-mb-s reset-last-child wd-title-color-default wd-title-style-default wd-title-size-default text-center\">\n\n\t\t\t\t\t\t\t<div class=\"title-subtitle subtitle-color-default subtitle-style-default wd-fontsize-xs\">\n\t\t\t\t\tD\u00e9lai de r\u00e9cup\u00e9ration\t\t\t\t<\/div>\n\t\t\t\n\t\t\t<div class=\"liner-continer\">\n\t\t\t\t<p class=\"woodmart-title-container title wd-fontsize-l\">1-2 semaines<\/p> \n\t\t\t\t\t\t\t<\/div>\n\n\t\t\t\t\t<\/div>\n\t\t\t\t\t\t<\/div>\n\t\t\t\t<\/div>\n\t\t\t\t<\/div>\n\t\t\t\t\t<\/div>\n\t\t\t\t<\/div>\n\t\t<div class=\"wd-negative-gap elementor-element elementor-element-941de25 e-flex e-con-boxed e-con e-parent\" data-id=\"941de25\" data-element_type=\"container\">\n\t\t\t\t\t<div class=\"e-con-inner\">\n\t\t\t\t<div class=\"elementor-element elementor-element-5520e90 color-scheme-inherit text-left elementor-widget elementor-widget-text-editor\" data-id=\"5520e90\" data-element_type=\"widget\" data-widget_type=\"text-editor.default\">\n\t\t\t\t<div class=\"elementor-widget-container\">\n\t\t\t\t\t\t\t\t\t<p><span style=\"font-weight: 400;\">La liposuccion est une intervention chirurgicale populaire qui permet de se d\u00e9barrasser des graisses ind\u00e9sirables accumul\u00e9es dans le corps et d'obtenir des contours corporels plus esth\u00e9tiques.\u00a0<\/span><\/p><h2><span style=\"font-weight: 400;\">Qu'est-ce que la liposuccion et comment est-elle pratiqu\u00e9e ?<\/span><\/h2><p><span style=\"font-weight: 400;\">La liposuccion consiste \u00e0 \u00e9liminer l'exc\u00e8s de tissu adipeux dans le corps en l'aspirant \u00e0 l'aide de canules sp\u00e9ciales. Elle est g\u00e9n\u00e9ralement pratiqu\u00e9e sous anesth\u00e9sie locale, mais dans certains cas, une anesth\u00e9sie g\u00e9n\u00e9rale peut \u00e9galement \u00eatre utilis\u00e9e. Au cours de l'intervention, de petites incisions sont pratiqu\u00e9es et des canules sont ins\u00e9r\u00e9es pour l'\u00e9limination de la graisse. Les canules attirent les cellules graisseuses gr\u00e2ce \u00e0 l'effet de vide et \u00e9liminent la graisse ind\u00e9sirable du corps. La liposuccion ne cible que les d\u00e9p\u00f4ts de graisse dans des zones sp\u00e9cifiques, de sorte que les contours du corps deviennent plus lisses.<\/span><\/p><h2><span style=\"font-weight: 400;\">\u00c0 qui la liposuccion convient-elle ?<\/span><\/h2><p><span style=\"font-weight: 400;\">La liposuccion est une intervention chirurgicale qui convient aux personnes en bonne sant\u00e9. Toutefois, cette proc\u00e9dure ne convient pas aux personnes souffrant de probl\u00e8mes de surpoids. La liposuccion est id\u00e9ale pour les personnes dont l'indice de masse corporelle (IMC) est normal ou l\u00e9g\u00e8rement inf\u00e9rieur. En outre, la liposuccion est une solution plus appropri\u00e9e pour les personnes qui souhaitent se d\u00e9barrasser des d\u00e9p\u00f4ts de graisse r\u00e9gionaux et qui ne parviennent pas \u00e0 les \u00e9liminer par l'exercice physique et le r\u00e9gime alimentaire. Les personnes suivantes peuvent \u00eatre candidates \u00e0 la liposuccion :<\/span><\/p><ul><li><span style=\"font-weight: 400;\">Les personnes qui ont des d\u00e9p\u00f4ts de graisse dans certaines zones de leur corps,<\/span><\/li><li><span style=\"font-weight: 400;\">Les personnes dont la masse graisseuse globale est faible mais qui pr\u00e9sentent un exc\u00e8s de d\u00e9p\u00f4ts de graisse dans certaines zones,<\/span><\/li><li><span style=\"font-weight: 400;\">Les personnes ayant une bonne \u00e9lasticit\u00e9 de la peau et un bon \u00e9tat de sant\u00e9 g\u00e9n\u00e9ral.<\/span><\/li><\/ul><h2><span style=\"font-weight: 400;\">Dans quelles zones la liposuccion peut-elle \u00eatre pratiqu\u00e9e ?<\/span><\/h2><p><span style=\"font-weight: 400;\">La liposuccion peut s'appliquer \u00e0 presque toutes les parties du corps. Les zones d'application les plus courantes sont l'abdomen, les fesses, les jambes, la taille, les bras et le dessous du menton. La liposuccion peut \u00e9galement s'appliquer \u00e0 des zones plus fines telles que les d\u00e9p\u00f4ts de graisse dans le dos, la r\u00e9gion du cou, l'int\u00e9rieur des genoux et m\u00eame les bras. La liposuccion permet d'\u00e9liminer l'exc\u00e8s de graisse dans ces zones, ce qui rend les contours du corps plus pro\u00e9minents et donne une apparence plus esth\u00e9tique.<\/span><\/p><h2><span style=\"font-weight: 400;\">Quel est le processus de r\u00e9cup\u00e9ration apr\u00e8s une liposuccion ?<\/span><\/h2><p><span style=\"font-weight: 400;\">Le processus de gu\u00e9rison apr\u00e8s une liposuccion peut varier d'une personne \u00e0 l'autre. En g\u00e9n\u00e9ral, un l\u00e9ger gonflement, des ecchymoses et des douleurs peuvent \u00eatre ressentis pendant quelques jours apr\u00e8s l'intervention. Les premiers jours, les patients peuvent reprendre leurs activit\u00e9s normales, mais il est n\u00e9cessaire de se reposer pendant quelques semaines pour acc\u00e9l\u00e9rer le processus de gu\u00e9rison. Le gonflement et les ecchymoses diminueront et dispara\u00eetront au bout de quelques semaines. Le r\u00e9tablissement complet peut prendre entre 1 et 3 mois. La visibilit\u00e9 des cicatrices apr\u00e8s une liposuccion peut varier en fonction du type de peau et du processus de gu\u00e9rison. En outre, l'utilisation d'un corset ou d'un bandage recommand\u00e9 par le m\u00e9decin apr\u00e8s l'intervention peut contribuer \u00e0 acc\u00e9l\u00e9rer le processus de gu\u00e9rison.<\/span><\/p><h2><span style=\"font-weight: 400;\">Quels sont les d\u00e9p\u00f4ts de graisse dont on peut se d\u00e9barrasser par liposuccion ?<\/span><\/h2><p><span style=\"font-weight: 400;\">La liposuccion est une m\u00e9thode efficace pour se d\u00e9barrasser de l'exc\u00e8s de graisse accumul\u00e9 dans certaines parties du corps. Parmi les zones les plus couramment trait\u00e9es figurent l'abdomen, la taille, les hanches, les jambes, le dessous du menton, le dos et les bras. Les graisses accumul\u00e9es dans ces parties du corps ne peuvent parfois pas \u00eatre \u00e9limin\u00e9es par l'exercice et le r\u00e9gime. La liposuccion permet d'\u00e9liminer efficacement ces d\u00e9p\u00f4ts de graisse r\u00e9gionaux tout en donnant \u00e0 la peau un aspect plus lisse.<\/span><\/p><h2><span style=\"font-weight: 400;\">Pendant combien de temps peut-on s'abstenir de travailler apr\u00e8s une liposuccion ?<\/span><\/h2><p><span style=\"font-weight: 400;\">Le processus de r\u00e9tablissement apr\u00e8s une liposuccion peut varier en fonction de facteurs individuels. La plupart des patients peuvent reprendre leurs activit\u00e9s normales dans les 3 \u00e0 5 jours suivant l'intervention, mais il est recommand\u00e9 d'attendre environ 2 \u00e0 4 semaines pour les activit\u00e9s physiques telles que les travaux n\u00e9cessitant un effort excessif ou les sports. Le gonflement et les ecchymoses apr\u00e8s l'intervention peuvent prendre du temps \u00e0 se r\u00e9sorber, il est donc n\u00e9cessaire de prendre soin de se reposer pendant le processus de gu\u00e9rison.<\/span><\/p><h2><span style=\"font-weight: 400;\">La liposuccion donne-t-elle des r\u00e9sultats permanents ?<\/span><\/h2><p><span style=\"font-weight: 400;\">Les r\u00e9sultats obtenus apr\u00e8s une liposuccion sont g\u00e9n\u00e9ralement permanents. Cependant, il est tr\u00e8s important d'adopter un mode de vie sain pour maintenir la permanence du r\u00e9sultat obtenu. Faire de l'exercice r\u00e9guli\u00e8rement, avoir une alimentation \u00e9quilibr\u00e9e et \u00e9viter une prise de poids excessive sont les cl\u00e9s du maintien du r\u00e9sultat apr\u00e8s une liposuccion. La liposuccion est pratiqu\u00e9e pour \u00e9liminer les d\u00e9p\u00f4ts de graisse r\u00e9gionaux et modeler les contours du corps, mais le corps peut stocker \u00e0 nouveau de la graisse au fil du temps.<\/span><\/p><h2><span style=\"font-weight: 400;\">Quelles sont les diff\u00e9rences entre la liposuccion et l'amincissement ?<\/span><\/h2><p><span style=\"font-weight: 400;\">La liposuccion n'est pas une m\u00e9thode utilis\u00e9e pour perdre du poids. Alors que l'amaigrissement vise \u00e0 perdre de la graisse dans l'ensemble du corps, la liposuccion vise \u00e0 modeler les contours du corps en \u00e9liminant l'exc\u00e8s de graisse uniquement dans certaines zones. La liposuccion permet de remodeler le corps au lieu de perdre de la graisse. Par cons\u00e9quent, la liposuccion peut \u00eatre une solution id\u00e9ale pour les personnes qui souhaitent se d\u00e9barrasser des graisses r\u00e9gionales que l'exercice physique et les r\u00e9gimes alimentaires ne permettent pas d'obtenir.<\/span><\/p><h2><span style=\"font-weight: 400;\">Y a-t-il des douleurs apr\u00e8s une liposuccion ?<\/span><\/h2><p><span style=\"font-weight: 400;\">La liposuccion est indolore car elle est pratiqu\u00e9e sous anesth\u00e9sie locale. Lorsque l'anesth\u00e9sie dispara\u00eet, certains patients peuvent ressentir une l\u00e9g\u00e8re douleur, une g\u00eane ou une sensibilit\u00e9 au niveau du site de l'intervention. Toutefois, cette douleur est g\u00e9n\u00e9ralement l\u00e9g\u00e8re et peut \u00eatre contr\u00f4l\u00e9e par des analg\u00e9siques. La plupart des patients ressentent un soulagement quelques jours apr\u00e8s l'intervention. Les niveaux de douleur et d'inconfort peuvent varier en fonction de la tol\u00e9rance personnelle et de la zone trait\u00e9e.<\/span><\/p><h2><span style=\"font-weight: 400;\">La liposuccion est-elle pratiqu\u00e9e en cas de rel\u00e2chement ?<\/span><\/h2><p><span style=\"font-weight: 400;\">La liposuccion n'est pas pratiqu\u00e9e pour corriger le rel\u00e2chement de la peau. Cette proc\u00e9dure ne vise que le tissu adipeux. Toutefois, les personnes dont l'\u00e9lasticit\u00e9 de la peau est faible peuvent pr\u00e9senter un rel\u00e2chement cutan\u00e9 apr\u00e8s une liposuccion. Si vous avez un probl\u00e8me de rel\u00e2chement de la peau, en plus de la liposuccion, des options de traitement de resserrement de la peau ou d'autres applications chirurgicales esth\u00e9tiques (par exemple, la plastie abdominale) peuvent \u00eatre envisag\u00e9es.<\/span><\/p><h2><span style=\"font-weight: 400;\">Quelle quantit\u00e9 de graisse est retir\u00e9e lors d'une liposuccion ?<\/span><\/h2><p><span style=\"font-weight: 400;\">La quantit\u00e9 de graisse qui peut \u00eatre retir\u00e9e lors d'une liposuccion est g\u00e9n\u00e9ralement limit\u00e9e \u00e0 5 litres. Il s'agit de la quantit\u00e9 de graisse qui peut \u00eatre retir\u00e9e en toute s\u00e9curit\u00e9. Un apport plus important de graisse peut augmenter les risques de complications. La liposuccion est une solution efficace pour \u00e9liminer la graisse ind\u00e9sirable dans le corps, mais une consommation excessive de graisse peut \u00eatre dangereuse pour la sant\u00e9. La quantit\u00e9 de graisse retir\u00e9e au cours de l'intervention est d\u00e9termin\u00e9e en fonction des besoins du patient.<\/span><\/p><h2><span style=\"font-weight: 400;\">R\u00e9application sur des zones ayant d\u00e9j\u00e0 subi une liposuccion<\/span><\/h2><p><span style=\"font-weight: 400;\">Les zones ayant fait l'objet d'une liposuccion peuvent \u00eatre trait\u00e9es \u00e0 nouveau. Toutefois, en fonction de la quantit\u00e9 de graisse retir\u00e9e lors de l'intervention pr\u00e9c\u00e9dente et de l'\u00e9lasticit\u00e9 de la peau, une deuxi\u00e8me intervention peut s'av\u00e9rer plus compliqu\u00e9e. L'\u00e9tat du tissu cutan\u00e9 dans les zones apr\u00e8s la liposuccion est un facteur important pour une deuxi\u00e8me intervention. N\u00e9anmoins, une \u00e9valuation d\u00e9taill\u00e9e avec votre m\u00e9decin vous aidera \u00e0 d\u00e9terminer la mani\u00e8re la plus appropri\u00e9e de proc\u00e9der \u00e0 une seconde liposuccion.<\/span><\/p><h2><span style=\"font-weight: 400;\">Quels sont les risques apr\u00e8s une liposuccion ?<\/span><\/h2><p><span style=\"font-weight: 400;\">Bien que la liposuccion soit g\u00e9n\u00e9ralement une proc\u00e9dure s\u00fbre, elle comporte certains risques, comme toute intervention chirurgicale. Des risques tels que l'infection, le saignement, le gonflement excessif, les irr\u00e9gularit\u00e9s de la peau et les r\u00e9actions dues \u00e0 l'anesth\u00e9sie peuvent \u00eatre observ\u00e9s, bien que rarement. Il est donc tr\u00e8s important que la liposuccion soit pratiqu\u00e9e par un chirurgien exp\u00e9riment\u00e9 afin de minimiser les risques.<\/span><\/p><p>\u00a0<\/p>\t\t\t\t\t\t\t\t<\/div>\n\t\t\t\t<\/div>\n\t\t\t\t\t<\/div>\n\t\t\t\t<\/div>\n\t\t\t\t<\/div>","protected":false},"excerpt":{"rendered":"<p>Ortalama Kal\u0131\u015f S\u00fcresi 7 G\u00fcn Hastanede Yat\u0131\u015f S\u00fcresi 1 G\u00fcn Operasyon S\u00fcresi 2-4 Saat Anestezi T\u00fcr\u00fc Genel Anestezi \u0130yile\u015fme S\u00fcresi<\/p>","protected":false},"author":1,"featured_media":0,"parent":0,"menu_order":0,"comment_status":"closed","ping_status":"closed","template":"","meta":{"footnotes":""},"class_list":["post-27733","page","type-page","status-publish","hentry"],"_links":{"self":[{"href":"https:\/\/westestetik.com\/fr\/wp-json\/wp\/v2\/pages\/27733","targetHints":{"allow":["GET"]}}],"collection":[{"href":"https:\/\/westestetik.com\/fr\/wp-json\/wp\/v2\/pages"}],"about":[{"href":"https:\/\/westestetik.com\/fr\/wp-json\/wp\/v2\/types\/page"}],"author":[{"embeddable":true,"href":"https:\/\/westestetik.com\/fr\/wp-json\/wp\/v2\/users\/1"}],"replies":[{"embeddable":true,"href":"https:\/\/westestetik.com\/fr\/wp-json\/wp\/v2\/comments?post=27733"}],"version-history":[{"count":13,"href":"https:\/\/westestetik.com\/fr\/wp-json\/wp\/v2\/pages\/27733\/revisions"}],"predecessor-version":[{"id":28926,"href":"https:\/\/westestetik.com\/fr\/wp-json\/wp\/v2\/pages\/27733\/revisions\/28926"}],"wp:attachment":[{"href":"https:\/\/westestetik.com\/fr\/wp-json\/wp\/v2\/media?parent=27733"}],"curies":[{"name":"wp","href":"https:\/\/api.w.org\/{rel}","templated":true}]}}